{"id":3005,"date":"2020-09-25T13:40:04","date_gmt":"2020-09-25T13:40:04","guid":{"rendered":"http:\/\/www.livehealthylivehappy.com\/new\/?post_type=product&#038;p=3005"},"modified":"2023-08-21T12:01:18","modified_gmt":"2023-08-21T12:01:18","slug":"robust-roots-impotence","status":"publish","type":"product","link":"https:\/\/www.naturesgiftforlife.com\/fr\/shop\/robust-roots-impotence\/","title":{"rendered":"Racines Ng4l (impuissance)"},"content":{"rendered":"<div data-elementor-type=\"wp-post\" data-elementor-id=\"3005\" class=\"elementor elementor-3005\">\n\t\t\t\t\t\t<section class=\"elementor-section elementor-top-section elementor-element elementor-element-5a9df82 elementor-section-boxed elementor-section-height-default elementor-section-height-default\" data-id=\"5a9df82\" data-element_type=\"section\" data-e-type=\"section\">\n\t\t\t\t\t\t<div class=\"elementor-container elementor-column-gap-default\">\n\t\t\t\t\t<div class=\"elementor-column elementor-col-100 elementor-top-column elementor-element elementor-element-8a76225\" data-id=\"8a76225\" data-element_type=\"column\" data-e-type=\"column\">\n\t\t\t<div class=\"elementor-widget-wrap elementor-element-populated\">\n\t\t\t\t\t\t<div class=\"elementor-element elementor-element-256bff5 elementor-widget elementor-widget-html\" data-id=\"256bff5\" data-element_type=\"widget\" data-e-type=\"widget\" data-widget_type=\"html.default\">\n\t\t\t\t<div class=\"elementor-widget-container\">\n\t\t\t\t\t<a name=\"more\"><\/a>\t\t\t\t<\/div>\n\t\t\t\t<\/div>\n\t\t\t\t<div class=\"elementor-element elementor-element-f017c1c elementor-invisible elementor-widget elementor-widget-toggle\" data-id=\"f017c1c\" data-element_type=\"widget\" data-e-type=\"widget\" data-settings=\"{&quot;_animation&quot;:&quot;flash&quot;}\" data-widget_type=\"toggle.default\">\n\t\t\t\t<div class=\"elementor-widget-container\">\n\t\t\t\t\t\t\t<div class=\"elementor-toggle\">\n\t\t\t\t\t\t\t<div class=\"elementor-toggle-item\">\n\t\t\t\t\t<div id=\"elementor-tab-title-2511\" class=\"elementor-tab-title\" data-tab=\"1\" role=\"button\" aria-controls=\"elementor-tab-content-2511\" aria-expanded=\"false\">\n\t\t\t\t\t\t\t\t\t\t\t\t<span class=\"elementor-toggle-icon elementor-toggle-icon-left\" aria-hidden=\"true\">\n\t\t\t\t\t\t\t\t\t\t\t\t\t\t\t<span class=\"elementor-toggle-icon-closed\"><i class=\"far fa-caret-square-right\"><\/i><\/span>\n\t\t\t\t\t\t\t\t<span class=\"elementor-toggle-icon-opened\"><i class=\"elementor-toggle-icon-opened fas fa-caret-square-up\"><\/i><\/span>\n\t\t\t\t\t\t\t\t\t\t\t\t\t<\/span>\n\t\t\t\t\t\t\t\t\t\t\t\t<a class=\"elementor-toggle-title\" tabindex=\"0\">Avantages de ce produit pour l&#039;impuissance\/fait de suppl\u00e9ment <\/a>\n\t\t\t\t\t<\/div>\n\n\t\t\t\t\t<div id=\"elementor-tab-content-2511\" class=\"elementor-tab-content elementor-clearfix\" data-tab=\"1\" role=\"region\" aria-labelledby=\"elementor-tab-title-2511\"><p class=\"P1\"><span style=\"color: #000000;\"><span class=\"T6\">L&#039;impuissance des racines robustes est un <a href=\"https:\/\/www.naturesgiftforlife.com\/fr\/chronic-pain\/\">nutritionnel<\/a> suppl\u00e9ment con\u00e7u pour traiter<\/span><span class=\"T7\">\u200b\u200b\u00a0<\/span><span class=\"T8\">les causes de l&#039;impuissance masculine. Formul\u00e9<\/span><span class=\"T9\"><br \/>\u00e0 partir de 100% <a href=\"https:\/\/livehealthylivehappy.com\/category\/menshealth\/\" target=\"_blank\" rel=\"noopener\">Naturel<\/a> substances d\u00e9riv\u00e9es d&#039;un<\/span><span class=\"T10\">\u200b\u200b\u00a0<\/span><span class=\"T11\">vari\u00e9t\u00e9 de <a href=\"https:\/\/www.naturesgiftforlife.com\/fr\/chronic-fatigue\/\">herbes<\/a> bien connu depuis des si\u00e8cles pour<\/span><span class=\"T12\">\u200b\u200b\u00a0<\/span><span class=\"T13\">leur capacit\u00e9 \u00e0 traiter l&#039;impuissance masculine. Am\u00e9liore<\/span><span class=\"T14\">\u200b\u200b\u00a0<\/span><span class=\"T15\">sex drive, enhances erectile\u200b\u200b\u00a0<\/span><span class=\"T16\">capacit\u00e9<\/span><span class=\"T17\">, augmente<\/span><span class=\"T18\">\u200b\u200b\u00a0<\/span><span class=\"T19\">endurance sexuelle et endurance, am\u00e9liore<\/span><span class=\"T20\">\u200b\u200b\u00a0<\/span><span class=\"T21\">control over\u200b\u200b\u00a0<\/span><span class=\"T22\">e<\/span><span class=\"T23\">jaculation et am\u00e9liore l&#039;orgasme<\/span><span class=\"T24\">\u200b\u200b\u00a0<\/span><span class=\"T25\">et plaisir. Contient de l&#039;\u0153uf ferment\u00e9,<\/span><span class=\"T26\">\u200b\u200b\u00a0<\/span><span class=\"T27\">Radix\u200b\u200b\u00a0<\/span><span class=\"T28\">Ginseng <a href=\"http:\/\/livehealthylivehappy.com\" target=\"_blank\" rel=\"noopener\">am\u00e9ricain<\/a><\/span><span class=\"T29\">, cordyceps, soie m\u00e2le<\/span><span class=\"T30\">\u200b\u200b\u00a0<\/span><span class=\"T31\">papillon de nuit et autres ingr\u00e9dients naturels.<\/span><\/span><\/p><\/div>\n\t\t\t\t<\/div>\n\t\t\t\t\t\t\t<div class=\"elementor-toggle-item\">\n\t\t\t\t\t<div id=\"elementor-tab-title-2512\" class=\"elementor-tab-title\" data-tab=\"2\" role=\"button\" aria-controls=\"elementor-tab-content-2512\" aria-expanded=\"false\">\n\t\t\t\t\t\t\t\t\t\t\t\t<span class=\"elementor-toggle-icon elementor-toggle-icon-left\" aria-hidden=\"true\">\n\t\t\t\t\t\t\t\t\t\t\t\t\t\t\t<span class=\"elementor-toggle-icon-closed\"><i class=\"far fa-caret-square-right\"><\/i><\/span>\n\t\t\t\t\t\t\t\t<span class=\"elementor-toggle-icon-opened\"><i class=\"elementor-toggle-icon-opened fas fa-caret-square-up\"><\/i><\/span>\n\t\t\t\t\t\t\t\t\t\t\t\t\t<\/span>\n\t\t\t\t\t\t\t\t\t\t\t\t<a class=\"elementor-toggle-title\" tabindex=\"0\">..<\/a>\n\t\t\t\t\t<\/div>\n\n\t\t\t\t\t<div id=\"elementor-tab-content-2512\" class=\"elementor-tab-content elementor-clearfix\" data-tab=\"2\" role=\"region\" aria-labelledby=\"elementor-tab-title-2512\"><\/div>\n\t\t\t\t<\/div>\n\t\t\t\t\t\t\t\t<\/div>\n\t\t\t\t\t\t<\/div>\n\t\t\t\t<\/div>\n\t\t\t\t\t<\/div>\n\t\t<\/div>\n\t\t\t\t\t<\/div>\n\t\t<\/section>\n\t\t\t\t<\/div>","protected":false},"excerpt":{"rendered":"<p><a name=\"buy\"><\/a><\/p>\n<p><span style=\"text-decoration: underline; color: #3366ff;\"><strong>Avantages de ce produit pour l&#039;impuissance<\/strong><\/span><\/p>\n<ul>\n<li><strong><strong><span style=\"font-family: go;\"><span class=\"fontstyle0\">Un compl\u00e9ment nutritionnel con\u00e7u pour traiter les causes de l&#039;impuissance masculine <\/span><\/span><\/strong><\/strong><\/li>\n<li><strong><strong><span style=\"font-family: go;\"><span class=\"fontstyle0\">Am\u00e9liore la libido, am\u00e9liore la capacit\u00e9 \u00e9rectile, augmente l&#039;endurance sexuelle et l&#039;endurance, am\u00e9liore le contr\u00f4le de l&#039;\u00e9jaculation et am\u00e9liore l&#039;orgasme et le plaisir<\/span><\/span><\/strong><\/strong><\/li>\n<\/ul>\n<p><strong>\u00a0\u00a0\u00a0\u00a0\u00a0 &gt;&gt;&gt;<span style=\"font-family: go; font-size: 14pt;\"><a href=\"#more\"><span style=\"color: #0000ff;\">Lire la suite<\/span><\/a><\/span><\/strong><\/p>","protected":false},"featured_media":903,"comment_status":"open","ping_status":"closed","template":"","meta":{"nf_dc_page":"","_bbp_topic_count":0,"_bbp_reply_count":0,"_bbp_total_topic_count":0,"_bbp_total_reply_count":0,"_bbp_voice_count":0,"_bbp_anonymous_reply_count":0,"_bbp_topic_count_hidden":0,"_bbp_reply_count_hidden":0,"_bbp_forum_subforum_count":0},"product_brand":[],"product_cat":[127],"product_tag":[],"class_list":{"0":"post-3005","1":"product","2":"type-product","3":"status-publish","4":"has-post-thumbnail","6":"product_cat-impotence","8":"first","9":"instock","10":"sold-individually","11":"shipping-taxable","12":"purchasable","13":"product-type-bundle"},"bundled_by":[],"bundle_stock_status":"instock","bundle_stock_quantity":"","bundle_virtual":false,"bundle_layout":"default","bundle_add_to_cart_form_location":"default","bundle_editable_in_cart":false,"bundle_sold_individually_context":"product","bundle_item_grouping":"noindent","bundle_min_size":"","bundle_max_size":"","bundled_items":[{"bundled_item_id":5,"product_id":893,"menu_order":0,"quantity_min":1,"quantity_max":1,"quantity_default":1,"priced_individually":false,"shipped_individually":false,"override_title":false,"title":"","override_description":false,"description":"","optional":true,"hide_thumbnail":false,"discount":"","override_variations":false,"allowed_variations":[],"override_default_variation_attributes":false,"default_variation_attributes":[],"single_product_visibility":"hidden","cart_visibility":"hidden","order_visibility":"visible","single_product_price_visibility":"visible","cart_price_visibility":"visible","order_price_visibility":"visible","stock_status":"in_stock"}],"bundle_sell_ids":[],"_links":{"self":[{"href":"https:\/\/www.naturesgiftforlife.com\/fr\/wp-json\/wp\/v2\/product\/3005","targetHints":{"allow":["GET"]}}],"collection":[{"href":"https:\/\/www.naturesgiftforlife.com\/fr\/wp-json\/wp\/v2\/product"}],"about":[{"href":"https:\/\/www.naturesgiftforlife.com\/fr\/wp-json\/wp\/v2\/types\/product"}],"replies":[{"embeddable":true,"href":"https:\/\/www.naturesgiftforlife.com\/fr\/wp-json\/wp\/v2\/comments?post=3005"}],"version-history":[{"count":0,"href":"https:\/\/www.naturesgiftforlife.com\/fr\/wp-json\/wp\/v2\/product\/3005\/revisions"}],"wp:featuredmedia":[{"embeddable":true,"href":"https:\/\/www.naturesgiftforlife.com\/fr\/wp-json\/wp\/v2\/media\/903"}],"wp:attachment":[{"href":"https:\/\/www.naturesgiftforlife.com\/fr\/wp-json\/wp\/v2\/media?parent=3005"}],"wp:term":[{"taxonomy":"product_brand","embeddable":true,"href":"https:\/\/www.naturesgiftforlife.com\/fr\/wp-json\/wp\/v2\/product_brand?post=3005"},{"taxonomy":"product_cat","embeddable":true,"href":"https:\/\/www.naturesgiftforlife.com\/fr\/wp-json\/wp\/v2\/product_cat?post=3005"},{"taxonomy":"product_tag","embeddable":true,"href":"https:\/\/www.naturesgiftforlife.com\/fr\/wp-json\/wp\/v2\/product_tag?post=3005"}],"curies":[{"name":"wp","href":"https:\/\/api.w.org\/{rel}","templated":true}]}}