{"id":2994,"date":"2020-09-25T13:27:45","date_gmt":"2020-09-25T13:27:45","guid":{"rendered":"http:\/\/www.livehealthylivehappy.com\/new\/?post_type=product&#038;p=2994"},"modified":"2023-08-21T12:07:24","modified_gmt":"2023-08-21T12:07:24","slug":"mangosteen-juice-gastritis","status":"publish","type":"product","link":"https:\/\/www.naturesgiftforlife.com\/fr\/shop\/mangosteen-juice-gastritis\/","title":{"rendered":"Jus de mangoustan (gastrite)"},"content":{"rendered":"<div data-elementor-type=\"wp-post\" data-elementor-id=\"2994\" class=\"elementor elementor-2994\">\n\t\t\t\t\t\t<section class=\"elementor-section elementor-top-section elementor-element elementor-element-f3a6abf elementor-section-boxed elementor-section-height-default elementor-section-height-default\" data-id=\"f3a6abf\" data-element_type=\"section\" data-e-type=\"section\">\n\t\t\t\t\t\t<div class=\"elementor-container elementor-column-gap-default\">\n\t\t\t\t\t<div class=\"elementor-column elementor-col-100 elementor-top-column elementor-element elementor-element-3e77aa2\" data-id=\"3e77aa2\" data-element_type=\"column\" data-e-type=\"column\">\n\t\t\t<div class=\"elementor-widget-wrap elementor-element-populated\">\n\t\t\t\t\t\t<div class=\"elementor-element elementor-element-52f7a78 elementor-widget elementor-widget-html\" data-id=\"52f7a78\" data-element_type=\"widget\" data-e-type=\"widget\" data-widget_type=\"html.default\">\n\t\t\t\t<div class=\"elementor-widget-container\">\n\t\t\t\t\t<a name=\"more\"><\/a>\t\t\t\t<\/div>\n\t\t\t\t<\/div>\n\t\t\t\t<div class=\"elementor-element elementor-element-5b89f31 elementor-invisible elementor-widget elementor-widget-toggle\" data-id=\"5b89f31\" data-element_type=\"widget\" data-e-type=\"widget\" data-settings=\"{&quot;_animation&quot;:&quot;flash&quot;}\" data-widget_type=\"toggle.default\">\n\t\t\t\t<div class=\"elementor-widget-container\">\n\t\t\t\t\t\t\t<div class=\"elementor-toggle\">\n\t\t\t\t\t\t\t<div class=\"elementor-toggle-item\">\n\t\t\t\t\t<div id=\"elementor-tab-title-9591\" class=\"elementor-tab-title\" data-tab=\"1\" role=\"button\" aria-controls=\"elementor-tab-content-9591\" aria-expanded=\"false\">\n\t\t\t\t\t\t\t\t\t\t\t\t<span class=\"elementor-toggle-icon elementor-toggle-icon-left\" aria-hidden=\"true\">\n\t\t\t\t\t\t\t\t\t\t\t\t\t\t\t<span class=\"elementor-toggle-icon-closed\"><i class=\"far fa-caret-square-right\"><\/i><\/span>\n\t\t\t\t\t\t\t\t<span class=\"elementor-toggle-icon-opened\"><i class=\"elementor-toggle-icon-opened fas fa-caret-square-up\"><\/i><\/span>\n\t\t\t\t\t\t\t\t\t\t\t\t\t<\/span>\n\t\t\t\t\t\t\t\t\t\t\t\t<a class=\"elementor-toggle-title\" tabindex=\"0\">Description d\u00e9taill\u00e9e du produit \/ faits sur les suppl\u00e9ments<\/a>\n\t\t\t\t\t<\/div>\n\n\t\t\t\t\t<div id=\"elementor-tab-content-9591\" class=\"elementor-tab-content elementor-clearfix\" data-tab=\"1\" role=\"region\" aria-labelledby=\"elementor-tab-title-9591\"><p><span style=\"color: #000000; font-family: Arial, Helvetica, sans-serif;\"><strong>PRESENTATION NG4L JUS DE MANGOUSTE : <\/strong>Bouteille de 32 onces (946,4 ml)<\/span><\/p><table style=\"height: 864px;\" width=\"307\"><tbody><tr><td colspan=\"3\" width=\"595\"><p><span style=\"color: #000000; font-family: Arial, Helvetica, sans-serif;\"><strong>Portion : 1 once (30 ml) Portion par bo\u00eete : 32 onces<\/strong><strong><br \/><\/strong><strong>Calories : 10 Calories provenant des graisses : 0<\/strong><\/span><\/p><p>\u00a0<\/p><\/td><\/tr><tr><td width=\"330\"><p><span style=\"color: #000000; font-family: Arial, Helvetica, sans-serif;\">Ingr\u00e9dients chimiques<\/span><\/p><\/td><td width=\"97\"><p><span style=\"color: #000000; font-family: Arial, Helvetica, sans-serif;\">Les dosages<\/span><\/p><\/td><td width=\"169\"><p><span style=\"color: #000000; font-family: Arial, Helvetica, sans-serif;\">% valeurs quotidiennes<\/span><\/p><\/td><\/tr><tr><td width=\"330\"><p><span style=\"color: #000000; font-family: Arial, Helvetica, sans-serif;\">Graisse totale<\/span><br \/><span style=\"color: #000000; font-family: Arial, Helvetica, sans-serif;\">\u00b7 Saturated fats<\/span><br \/><span style=\"color: #000000; font-family: Arial, Helvetica, sans-serif;\">\u00b7 cholesterol<\/span><\/p><\/td><td width=\"97\"><p><span style=\"color: #000000; font-family: Arial, Helvetica, sans-serif;\">0<\/span><br \/><span style=\"color: #000000; font-family: Arial, Helvetica, sans-serif;\">0 mg<\/span><br \/><span style=\"color: #000000; font-family: Arial, Helvetica, sans-serif;\">0 mg<\/span><\/p><\/td><td width=\"169\"><p><span style=\"color: #000000; font-family: Arial, Helvetica, sans-serif;\">0%<\/span><br \/><span style=\"color: #000000; font-family: Arial, Helvetica, sans-serif;\">0%<\/span><br \/><span style=\"color: #000000; font-family: Arial, Helvetica, sans-serif;\">0%<\/span><\/p><\/td><\/tr><tr><td width=\"330\"><p><span style=\"color: #000000; font-family: Arial, Helvetica, sans-serif;\">Sodium<\/span><\/p><\/td><td width=\"97\"><p><span style=\"color: #000000; font-family: Arial, Helvetica, sans-serif;\">0 mg<\/span><\/p><\/td><td width=\"169\"><p><span style=\"color: #000000; font-family: Arial, Helvetica, sans-serif;\">0%<\/span><\/p><\/td><\/tr><tr><td width=\"330\"><p><span style=\"color: #000000; font-family: Arial, Helvetica, sans-serif;\">Glucides totaux<\/span><br \/><span style=\"color: #000000; font-family: Arial, Helvetica, sans-serif;\">\u00b7 Dietary fiber<\/span><br \/><span style=\"color: #000000; font-family: Arial, Helvetica, sans-serif;\">\u00b7 Sugars<\/span><\/p><\/td><td width=\"97\"><p><span style=\"color: #000000; font-family: Arial, Helvetica, sans-serif;\">3 grammes<\/span><br \/><span style=\"color: #000000; font-family: Arial, Helvetica, sans-serif;\">&lt; 1 g<\/span><br \/><span style=\"color: #000000; font-family: Arial, Helvetica, sans-serif;\">2 grammes<\/span><\/p><\/td><td width=\"169\"><p><span style=\"color: #000000; font-family: Arial, Helvetica, sans-serif;\">2%<\/span><br \/><span style=\"color: #000000; font-family: Arial, Helvetica, sans-serif;\">0%<\/span><br \/><span style=\"color: #000000; font-family: Arial, Helvetica, sans-serif;\">**<\/span><\/p><\/td><\/tr><tr><td width=\"330\"><p><span style=\"color: #000000; font-family: Arial, Helvetica, sans-serif;\">Prot\u00e9ine<\/span><\/p><\/td><td width=\"97\"><p><span style=\"color: #000000; font-family: Arial, Helvetica, sans-serif;\">0 g<\/span><\/p><\/td><td width=\"169\"><p><span style=\"color: #000000; font-family: Arial, Helvetica, sans-serif;\">0%<\/span><\/p><\/td><\/tr><tr><td width=\"330\"><p><span style=\"color: #000000; font-family: Arial, Helvetica, sans-serif;\">Potassium<\/span><\/p><\/td><td width=\"97\"><p><span style=\"color: #000000; font-family: Arial, Helvetica, sans-serif;\">35 mg<\/span><\/p><\/td><td width=\"169\"><p><span style=\"color: #000000; font-family: Arial, Helvetica, sans-serif;\">1%<\/span><\/p><\/td><\/tr><tr><td width=\"330\"><p><span style=\"color: #000000; font-family: Arial, Helvetica, sans-serif;\">Vitamine C<\/span><\/p><\/td><td width=\"97\"><p><span style=\"color: #000000; font-family: Arial, Helvetica, sans-serif;\">15 mg<\/span><\/p><\/td><td width=\"169\"><p><span style=\"color: #000000; font-family: Arial, Helvetica, sans-serif;\">25%<\/span><\/p><\/td><\/tr><tr><td colspan=\"3\" width=\"595\"><p><span style=\"color: #000000; font-family: Arial, Helvetica, sans-serif;\">* Valeurs bas\u00e9es sur une ration de 2000 calories<\/span><br \/><span style=\"color: #000000; font-family: Arial, Helvetica, sans-serif;\">** valeurs journali\u00e8res non \u00e9tablies<\/span><br \/><span style=\"color: #000000; font-family: Arial, Helvetica, sans-serif;\"><strong>Ingr\u00e9dients: <\/strong>Jus de Garcinia mangostana reconstitu\u00e9 \u00e0 partir de fruits entiers, jus concentr\u00e9 de cerise noire, canneberge, myrtille, framboise et grenade. Acide citrique, ar\u00f4me naturel.<\/span><\/p><\/td><\/tr><\/tbody><\/table><\/div>\n\t\t\t\t<\/div>\n\t\t\t\t\t\t\t<div class=\"elementor-toggle-item\">\n\t\t\t\t\t<div id=\"elementor-tab-title-9592\" class=\"elementor-tab-title\" data-tab=\"2\" role=\"button\" aria-controls=\"elementor-tab-content-9592\" aria-expanded=\"false\">\n\t\t\t\t\t\t\t\t\t\t\t\t<span class=\"elementor-toggle-icon elementor-toggle-icon-left\" aria-hidden=\"true\">\n\t\t\t\t\t\t\t\t\t\t\t\t\t\t\t<span class=\"elementor-toggle-icon-closed\"><i class=\"far fa-caret-square-right\"><\/i><\/span>\n\t\t\t\t\t\t\t\t<span class=\"elementor-toggle-icon-opened\"><i class=\"elementor-toggle-icon-opened fas fa-caret-square-up\"><\/i><\/span>\n\t\t\t\t\t\t\t\t\t\t\t\t\t<\/span>\n\t\t\t\t\t\t\t\t\t\t\t\t<a class=\"elementor-toggle-title\" tabindex=\"0\">..<\/a>\n\t\t\t\t\t<\/div>\n\n\t\t\t\t\t<div id=\"elementor-tab-content-9592\" class=\"elementor-tab-content elementor-clearfix\" data-tab=\"2\" role=\"region\" aria-labelledby=\"elementor-tab-title-9592\"><\/div>\n\t\t\t\t<\/div>\n\t\t\t\t\t\t\t\t<\/div>\n\t\t\t\t\t\t<\/div>\n\t\t\t\t<\/div>\n\t\t\t\t\t<\/div>\n\t\t<\/div>\n\t\t\t\t\t<\/div>\n\t\t<\/section>\n\t\t\t\t<\/div>","protected":false},"excerpt":{"rendered":"<p><a name=\"buy\"><\/a><\/p>\n<p><span style=\"text-decoration: underline; color: #3366ff;\"><strong>Benefits of thisMangosteen Juice for Gastritis<\/strong><\/span><\/p>\n<ul>\n<li>Jus de Mangoustan<\/li>\n<li><strong><strong><span style=\"font-family: go;\"><span class=\"fontstyle0\">Aide \u00e0 surmonter le reflux gastro-\u0153sophagien (RGO)<br \/>\n<\/span><\/span><\/strong><\/strong><\/li>\n<li><strong><strong><span style=\"font-family: go;\"><span class=\"fontstyle0\">Aide \u00e9galement \u00e0 supprimer l&#039;acide gastrique et \u00e0 gu\u00e9rir les ulc\u00e8res <\/span><\/span><\/strong><\/strong><\/li>\n<\/ul>\n<p><strong>\u00a0\u00a0\u00a0\u00a0\u00a0 &gt;&gt;&gt;<span style=\"font-family: go; font-size: 14pt;\"><a href=\"#more\"><span style=\"color: #0000ff;\">Lire la suite<\/span><\/a><\/span><\/strong><\/p>","protected":false},"featured_media":2998,"comment_status":"open","ping_status":"closed","template":"","meta":{"nf_dc_page":"","_bbp_topic_count":0,"_bbp_reply_count":0,"_bbp_total_topic_count":0,"_bbp_total_reply_count":0,"_bbp_voice_count":0,"_bbp_anonymous_reply_count":0,"_bbp_topic_count_hidden":0,"_bbp_reply_count_hidden":0,"_bbp_forum_subforum_count":0},"product_brand":[],"product_cat":[123],"product_tag":[],"class_list":{"0":"post-2994","1":"product","2":"type-product","3":"status-publish","4":"has-post-thumbnail","6":"product_cat-gastritis","8":"first","9":"instock","10":"shipping-taxable","11":"purchasable","12":"product-type-bundle"},"bundled_by":[],"bundle_stock_status":"instock","bundle_stock_quantity":"","bundle_virtual":false,"bundle_layout":"default","bundle_add_to_cart_form_location":"default","bundle_editable_in_cart":false,"bundle_sold_individually_context":"product","bundle_item_grouping":"noindent","bundle_min_size":"","bundle_max_size":"","bundled_items":[{"bundled_item_id":49,"product_id":4176,"menu_order":0,"quantity_min":1,"quantity_max":"","quantity_default":1,"priced_individually":false,"shipped_individually":false,"override_title":false,"title":"","override_description":false,"description":"","optional":true,"hide_thumbnail":false,"discount":"","override_variations":false,"allowed_variations":[],"override_default_variation_attributes":false,"default_variation_attributes":[],"single_product_visibility":"hidden","cart_visibility":"hidden","order_visibility":"visible","single_product_price_visibility":"visible","cart_price_visibility":"visible","order_price_visibility":"visible","stock_status":"in_stock"}],"bundle_sell_ids":[],"_links":{"self":[{"href":"https:\/\/www.naturesgiftforlife.com\/fr\/wp-json\/wp\/v2\/product\/2994","targetHints":{"allow":["GET"]}}],"collection":[{"href":"https:\/\/www.naturesgiftforlife.com\/fr\/wp-json\/wp\/v2\/product"}],"about":[{"href":"https:\/\/www.naturesgiftforlife.com\/fr\/wp-json\/wp\/v2\/types\/product"}],"replies":[{"embeddable":true,"href":"https:\/\/www.naturesgiftforlife.com\/fr\/wp-json\/wp\/v2\/comments?post=2994"}],"version-history":[{"count":0,"href":"https:\/\/www.naturesgiftforlife.com\/fr\/wp-json\/wp\/v2\/product\/2994\/revisions"}],"wp:featuredmedia":[{"embeddable":true,"href":"https:\/\/www.naturesgiftforlife.com\/fr\/wp-json\/wp\/v2\/media\/2998"}],"wp:attachment":[{"href":"https:\/\/www.naturesgiftforlife.com\/fr\/wp-json\/wp\/v2\/media?parent=2994"}],"wp:term":[{"taxonomy":"product_brand","embeddable":true,"href":"https:\/\/www.naturesgiftforlife.com\/fr\/wp-json\/wp\/v2\/product_brand?post=2994"},{"taxonomy":"product_cat","embeddable":true,"href":"https:\/\/www.naturesgiftforlife.com\/fr\/wp-json\/wp\/v2\/product_cat?post=2994"},{"taxonomy":"product_tag","embeddable":true,"href":"https:\/\/www.naturesgiftforlife.com\/fr\/wp-json\/wp\/v2\/product_tag?post=2994"}],"curies":[{"name":"wp","href":"https:\/\/api.w.org\/{rel}","templated":true}]}}