{"id":2981,"date":"2020-09-25T12:27:03","date_gmt":"2020-09-25T12:27:03","guid":{"rendered":"http:\/\/www.livehealthylivehappy.com\/new\/?post_type=product&#038;p=2981"},"modified":"2026-04-23T05:47:13","modified_gmt":"2026-04-23T05:47:13","slug":"aloe-vera-gastritis","status":"publish","type":"product","link":"https:\/\/www.naturesgiftforlife.com\/fr\/shop\/aloe-vera-gastritis\/","title":{"rendered":"Aloe Vera (Gastrite)"},"content":{"rendered":"<div data-elementor-type=\"wp-post\" data-elementor-id=\"2981\" class=\"elementor elementor-2981\">\n\t\t\t\t\t\t<section class=\"elementor-section elementor-top-section elementor-element elementor-element-17ab849 elementor-section-boxed elementor-section-height-default elementor-section-height-default\" data-id=\"17ab849\" data-element_type=\"section\" data-e-type=\"section\">\n\t\t\t\t\t\t<div class=\"elementor-container elementor-column-gap-default\">\n\t\t\t\t\t<div class=\"elementor-column elementor-col-100 elementor-top-column elementor-element elementor-element-8df836e\" data-id=\"8df836e\" data-element_type=\"column\" data-e-type=\"column\">\n\t\t\t<div class=\"elementor-widget-wrap elementor-element-populated\">\n\t\t\t\t\t\t<div class=\"elementor-element elementor-element-454e12b elementor-widget elementor-widget-html\" data-id=\"454e12b\" data-element_type=\"widget\" data-e-type=\"widget\" data-widget_type=\"html.default\">\n\t\t\t\t<div class=\"elementor-widget-container\">\n\t\t\t\t\t<a name=\"more\"><\/a>\t\t\t\t<\/div>\n\t\t\t\t<\/div>\n\t\t\t\t<div class=\"elementor-element elementor-element-33aeb63 elementor-invisible elementor-widget elementor-widget-toggle\" data-id=\"33aeb63\" data-element_type=\"widget\" data-e-type=\"widget\" data-settings=\"{&quot;_animation&quot;:&quot;flash&quot;}\" data-widget_type=\"toggle.default\">\n\t\t\t\t<div class=\"elementor-widget-container\">\n\t\t\t\t\t\t\t<div class=\"elementor-toggle\">\n\t\t\t\t\t\t\t<div class=\"elementor-toggle-item\">\n\t\t\t\t\t<div id=\"elementor-tab-title-5411\" class=\"elementor-tab-title\" data-tab=\"1\" role=\"button\" aria-controls=\"elementor-tab-content-5411\" aria-expanded=\"false\">\n\t\t\t\t\t\t\t\t\t\t\t\t<span class=\"elementor-toggle-icon elementor-toggle-icon-left\" aria-hidden=\"true\">\n\t\t\t\t\t\t\t\t\t\t\t\t\t\t\t<span class=\"elementor-toggle-icon-closed\"><i class=\"far fa-caret-square-right\"><\/i><\/span>\n\t\t\t\t\t\t\t\t<span class=\"elementor-toggle-icon-opened\"><i class=\"elementor-toggle-icon-opened fas fa-caret-square-up\"><\/i><\/span>\n\t\t\t\t\t\t\t\t\t\t\t\t\t<\/span>\n\t\t\t\t\t\t\t\t\t\t\t\t<a class=\"elementor-toggle-title\" tabindex=\"0\">Description d\u00e9taill\u00e9e du produit \/ faits sur les suppl\u00e9ments<\/a>\n\t\t\t\t\t<\/div>\n\n\t\t\t\t\t<div id=\"elementor-tab-content-5411\" class=\"elementor-tab-content elementor-clearfix\" data-tab=\"1\" role=\"region\" aria-labelledby=\"elementor-tab-title-5411\"><p class=\"P3\"><span style=\"color: #000000;\">Parfait pour les br\u00fblures d&#039;estomac et autres probl\u00e8mes gastro-intestinaux. L&#039;aloe vera contient de la gibberline et des polysaccharides, qui diminuent efficacement l&#039;inflammation et favorisent la gu\u00e9rison. L&#039;aloe vera est \u00e9galement un analg\u00e9sique efficace et contient du magn\u00e9sium, qui aide \u00e0 pr\u00e9venir les effets secondaires n\u00e9fastes des AINS.<\/span><\/p><table width=\"507\"><tbody><tr><td colspan=\"2\" width=\"507\"><p><span style=\"color: #000000;\"><strong>Faits sur les suppl\u00e9ments<\/strong><\/span><\/p><\/td><\/tr><tr><td colspan=\"2\" width=\"507\"><p><span style=\"color: #000000;\"><strong>Portion:<\/strong> Une (1) g\u00e9lule<\/span><\/p><\/td><\/tr><tr><td width=\"429\"><p><span style=\"color: #000000;\">Aloe Vera Gel (2000:1 extract)\u00a0 +\u00a0 25m5<\/span><\/p><\/td><td width=\"78\"><p><span style=\"color: #000000;\">*<\/span><\/p><\/td><\/tr><tr><td colspan=\"2\" width=\"507\"><p><span style=\"color: #000000;\">*Valeur quotidienne non \u00e9tablie<\/span><\/p><p><span style=\"color: #000000;\">+ \u00c9quivalent aux ingr\u00e9dients actifs en 5000 mg ou environ une cuill\u00e8re \u00e0 caf\u00e9 de 100% PURE Gel de feuilles int\u00e9rieures d&#039;Aloe Vera<\/span><\/p><\/td><\/tr><tr><td colspan=\"2\" width=\"507\"><p><span style=\"color: #000000;\"><strong>Autres ingr\u00e9dients: <\/strong>Huile de soja, g\u00e9latine, glyc\u00e9rine, huile de coton, cire d&#039;abeille blanche<\/span><\/p><\/td><\/tr><\/tbody><\/table><p><span style=\"color: #000000;\"><strong><em>Les directions: <\/em><\/strong><\/span><\/p><p><span style=\"color: #000000;\">Les ulc\u00e8res gastro-duod\u00e9naux et le syndrome du c\u00f4lon irritable peuvent \u00eatre soulag\u00e9s en prenant 1 g\u00e9lule trois fois par jour l pour aider \u00e0 d\u00e9toxifier l&#039;intestin et \u00e0 neutraliser l&#039;acidit\u00e9 de l&#039;estomac chez les personnes atteintes. On dit \u00e9galement que ce rem\u00e8de aide les ulc\u00e8res de la bouche.<\/span><\/p><p class=\"P4\">\u00a0<\/p><p class=\"Normal\">\u00a0<\/p><\/div>\n\t\t\t\t<\/div>\n\t\t\t\t\t\t\t<div class=\"elementor-toggle-item\">\n\t\t\t\t\t<div id=\"elementor-tab-title-5412\" class=\"elementor-tab-title\" data-tab=\"2\" role=\"button\" aria-controls=\"elementor-tab-content-5412\" aria-expanded=\"false\">\n\t\t\t\t\t\t\t\t\t\t\t\t<span class=\"elementor-toggle-icon elementor-toggle-icon-left\" aria-hidden=\"true\">\n\t\t\t\t\t\t\t\t\t\t\t\t\t\t\t<span class=\"elementor-toggle-icon-closed\"><i class=\"far fa-caret-square-right\"><\/i><\/span>\n\t\t\t\t\t\t\t\t<span class=\"elementor-toggle-icon-opened\"><i class=\"elementor-toggle-icon-opened fas fa-caret-square-up\"><\/i><\/span>\n\t\t\t\t\t\t\t\t\t\t\t\t\t<\/span>\n\t\t\t\t\t\t\t\t\t\t\t\t<a class=\"elementor-toggle-title\" tabindex=\"0\">..<\/a>\n\t\t\t\t\t<\/div>\n\n\t\t\t\t\t<div id=\"elementor-tab-content-5412\" class=\"elementor-tab-content elementor-clearfix\" data-tab=\"2\" role=\"region\" aria-labelledby=\"elementor-tab-title-5412\"><\/div>\n\t\t\t\t<\/div>\n\t\t\t\t\t\t\t\t<\/div>\n\t\t\t\t\t\t<\/div>\n\t\t\t\t<\/div>\n\t\t\t\t\t<\/div>\n\t\t<\/div>\n\t\t\t\t\t<\/div>\n\t\t<\/section>\n\t\t\t\t<\/div>","protected":false},"excerpt":{"rendered":"<p><a name=\"buy\"><\/a><\/p>\n<p><span style=\"text-decoration: underline; color: #3366ff;\"><strong>Avantages de ce produit pour la gastrite<\/strong><\/span><\/p>\n<ul>\n<li><strong><strong><span style=\"font-family: go;\"><span class=\"fontstyle0\">Parfait pour les br\u00fblures d&#039;estomac et autres probl\u00e8mes gastro-intestinaux<br \/>\n<\/span><\/span><\/strong><\/strong><\/li>\n<li><strong><strong><span style=\"font-family: go;\"><span class=\"fontstyle0\">Diminue l&#039;inflammation et favorise la gu\u00e9rison <\/span><\/span><\/strong><\/strong><strong><strong><span style=\"font-family: go;\"><span class=\"fontstyle0\"><br \/>\n<\/span><\/span><\/strong><\/strong><\/li>\n<\/ul>\n<p><strong>\u00a0\u00a0\u00a0\u00a0\u00a0 &gt;&gt;&gt;<span style=\"font-family: go; font-size: 14pt;\"><a href=\"#more\"><span style=\"color: #0000ff;\">Lire la suite<\/span><\/a><\/span><\/strong><\/p>","protected":false},"featured_media":1351,"comment_status":"open","ping_status":"closed","template":"","meta":{"nf_dc_page":"","_bbp_topic_count":0,"_bbp_reply_count":0,"_bbp_total_topic_count":0,"_bbp_total_reply_count":0,"_bbp_voice_count":0,"_bbp_anonymous_reply_count":0,"_bbp_topic_count_hidden":0,"_bbp_reply_count_hidden":0,"_bbp_forum_subforum_count":0},"product_brand":[],"product_cat":[123],"product_tag":[],"class_list":{"0":"post-2981","1":"product","2":"type-product","3":"status-publish","4":"has-post-thumbnail","6":"product_cat-gastritis","8":"first","9":"instock","10":"sold-individually","11":"shipping-taxable","12":"purchasable","13":"product-type-bundle"},"bundled_by":[],"bundle_stock_status":"instock","bundle_stock_quantity":"","bundle_virtual":false,"bundle_layout":"default","bundle_add_to_cart_form_location":"default","bundle_editable_in_cart":false,"bundle_sold_individually_context":"product","bundle_item_grouping":"noindent","bundle_min_size":"","bundle_max_size":"","bundled_items":[{"bundled_item_id":40,"product_id":10493,"menu_order":0,"quantity_min":1,"quantity_max":"","quantity_default":1,"priced_individually":false,"shipped_individually":false,"override_title":false,"title":"","override_description":false,"description":"","optional":true,"hide_thumbnail":false,"discount":"","override_variations":false,"allowed_variations":[],"override_default_variation_attributes":false,"default_variation_attributes":[],"single_product_visibility":"hidden","cart_visibility":"hidden","order_visibility":"visible","single_product_price_visibility":"visible","cart_price_visibility":"visible","order_price_visibility":"visible","stock_status":"out_of_stock"}],"bundle_sell_ids":[],"_links":{"self":[{"href":"https:\/\/www.naturesgiftforlife.com\/fr\/wp-json\/wp\/v2\/product\/2981","targetHints":{"allow":["GET"]}}],"collection":[{"href":"https:\/\/www.naturesgiftforlife.com\/fr\/wp-json\/wp\/v2\/product"}],"about":[{"href":"https:\/\/www.naturesgiftforlife.com\/fr\/wp-json\/wp\/v2\/types\/product"}],"replies":[{"embeddable":true,"href":"https:\/\/www.naturesgiftforlife.com\/fr\/wp-json\/wp\/v2\/comments?post=2981"}],"version-history":[{"count":0,"href":"https:\/\/www.naturesgiftforlife.com\/fr\/wp-json\/wp\/v2\/product\/2981\/revisions"}],"wp:featuredmedia":[{"embeddable":true,"href":"https:\/\/www.naturesgiftforlife.com\/fr\/wp-json\/wp\/v2\/media\/1351"}],"wp:attachment":[{"href":"https:\/\/www.naturesgiftforlife.com\/fr\/wp-json\/wp\/v2\/media?parent=2981"}],"wp:term":[{"taxonomy":"product_brand","embeddable":true,"href":"https:\/\/www.naturesgiftforlife.com\/fr\/wp-json\/wp\/v2\/product_brand?post=2981"},{"taxonomy":"product_cat","embeddable":true,"href":"https:\/\/www.naturesgiftforlife.com\/fr\/wp-json\/wp\/v2\/product_cat?post=2981"},{"taxonomy":"product_tag","embeddable":true,"href":"https:\/\/www.naturesgiftforlife.com\/fr\/wp-json\/wp\/v2\/product_tag?post=2981"}],"curies":[{"name":"wp","href":"https:\/\/api.w.org\/{rel}","templated":true}]}}