{"id":2975,"date":"2020-09-25T12:13:11","date_gmt":"2020-09-25T12:13:11","guid":{"rendered":"http:\/\/www.livehealthylivehappy.com\/new\/?post_type=product&#038;p=2975"},"modified":"2023-08-21T12:23:51","modified_gmt":"2023-08-21T12:23:51","slug":"evening-primrose-oil-2","status":"publish","type":"product","link":"https:\/\/www.naturesgiftforlife.com\/fr\/shop\/evening-primrose-oil-2\/","title":{"rendered":"Huile d&#039;onagre (infertilit\u00e9 f\u00e9minine)"},"content":{"rendered":"<div data-elementor-type=\"wp-post\" data-elementor-id=\"2975\" class=\"elementor elementor-2975\">\n\t\t\t\t\t\t<section class=\"elementor-section elementor-top-section elementor-element elementor-element-375e362 elementor-section-boxed elementor-section-height-default elementor-section-height-default\" data-id=\"375e362\" data-element_type=\"section\" data-e-type=\"section\">\n\t\t\t\t\t\t<div class=\"elementor-container elementor-column-gap-default\">\n\t\t\t\t\t<div class=\"elementor-column elementor-col-100 elementor-top-column elementor-element elementor-element-5f9093d\" data-id=\"5f9093d\" data-element_type=\"column\" data-e-type=\"column\">\n\t\t\t<div class=\"elementor-widget-wrap elementor-element-populated\">\n\t\t\t\t\t\t<div class=\"elementor-element elementor-element-1888ba4 elementor-widget elementor-widget-html\" data-id=\"1888ba4\" data-element_type=\"widget\" data-e-type=\"widget\" data-widget_type=\"html.default\">\n\t\t\t\t<div class=\"elementor-widget-container\">\n\t\t\t\t\t<a name=\"more\"><\/a>\t\t\t\t<\/div>\n\t\t\t\t<\/div>\n\t\t\t\t<div class=\"elementor-element elementor-element-0316cff elementor-invisible elementor-widget elementor-widget-toggle\" data-id=\"0316cff\" data-element_type=\"widget\" data-e-type=\"widget\" data-settings=\"{&quot;_animation&quot;:&quot;flash&quot;}\" data-widget_type=\"toggle.default\">\n\t\t\t\t<div class=\"elementor-widget-container\">\n\t\t\t\t\t\t\t<div class=\"elementor-toggle\">\n\t\t\t\t\t\t\t<div class=\"elementor-toggle-item\">\n\t\t\t\t\t<div id=\"elementor-tab-title-3231\" class=\"elementor-tab-title\" data-tab=\"1\" role=\"button\" aria-controls=\"elementor-tab-content-3231\" aria-expanded=\"false\">\n\t\t\t\t\t\t\t\t\t\t\t\t<span class=\"elementor-toggle-icon elementor-toggle-icon-left\" aria-hidden=\"true\">\n\t\t\t\t\t\t\t\t\t\t\t\t\t\t\t<span class=\"elementor-toggle-icon-closed\"><i class=\"far fa-caret-square-right\"><\/i><\/span>\n\t\t\t\t\t\t\t\t<span class=\"elementor-toggle-icon-opened\"><i class=\"elementor-toggle-icon-opened fas fa-caret-square-up\"><\/i><\/span>\n\t\t\t\t\t\t\t\t\t\t\t\t\t<\/span>\n\t\t\t\t\t\t\t\t\t\t\t\t<a class=\"elementor-toggle-title\" tabindex=\"0\">Description d\u00e9taill\u00e9e du produit \/ faits sur les suppl\u00e9ments<\/a>\n\t\t\t\t\t<\/div>\n\n\t\t\t\t\t<div id=\"elementor-tab-content-3231\" class=\"elementor-tab-content elementor-clearfix\" data-tab=\"1\" role=\"region\" aria-labelledby=\"elementor-tab-title-3231\"><p class=\"P1\"><span style=\"font-family: Arial, Helvetica, sans-serif; color: #000000;\">Evening Primrose Oil (or EPO) supports the production of more fertile quality cervical fluid also known as \u201cegg white cervical mucus\u201d. This type of cervical fluid is fertile, thin\u200b\u200b\u00a0clear, and stretchy. It aids the sperm to swim through the uterus, into the fallopian tube, and to the egg. It also helps the sperm to stay alive for up to five days inside the fallopian tube, thus enabling conception to happen even if the couple doesn\u2019t have intercourse again by the time ovulation occurs.<\/span><\/p><p>\u00a0<\/p><table width=\"596\"><tbody><tr><td colspan=\"3\" width=\"596\"><p><span style=\"font-family: Arial, Helvetica, sans-serif; color: #000000;\"><strong>Faits sur les suppl\u00e9ments<\/strong><\/span><\/p><\/td><\/tr><tr><td colspan=\"3\" width=\"596\"><p><span style=\"font-family: Arial, Helvetica, sans-serif; color: #000000;\">Portion : une (1) g\u00e9lule<\/span><\/p><p><span style=\"font-family: Arial, Helvetica, sans-serif; color: #000000;\">Portion par conteneur : 90<\/span><\/p><\/td><\/tr><tr><td width=\"199\">\u00a0<\/td><td width=\"199\"><p><span style=\"font-family: Arial, Helvetica, sans-serif; color: #000000;\"><strong>Quantit\u00e9 par portion<\/strong><\/span><\/p><\/td><td width=\"199\"><p><span style=\"font-family: Arial, Helvetica, sans-serif; color: #000000;\"><strong>Valeur quotidienne %<\/strong><\/span><\/p><\/td><\/tr><tr><td width=\"199\"><p><span style=\"font-family: Arial, Helvetica, sans-serif; color: #000000;\">Huile d&#039;onagre<\/span><\/p><\/td><td width=\"199\"><p><span style=\"font-family: Arial, Helvetica, sans-serif; color: #000000;\">500 mg<\/span><\/p><\/td><td width=\"199\"><p><span style=\"font-family: Arial, Helvetica, sans-serif; color: #000000;\">*<\/span><\/p><\/td><\/tr><tr><td colspan=\"3\" width=\"596\"><p><span style=\"font-family: Arial, Helvetica, sans-serif; color: #000000;\">*Valeur quotidienne non \u00e9tablie<\/span><\/p><\/td><\/tr><\/tbody><\/table><p><span style=\"font-family: Arial, Helvetica, sans-serif; color: #000000;\"><strong><u>DOSE:<\/u><\/strong> Gel mou deux \u00e0 trois fois par jour au cours des repas.<\/span><\/p><p class=\"P9\"><span style=\"font-family: Arial, Helvetica, sans-serif; color: #000000;\"><span class=\"T10\"><br \/><\/span><span class=\"T11\">Si le liquide cervical est \u00e9pais, brun ou manque, cela peut obstruer ou emp\u00eacher la f\u00e9condation. Certaines femmes sont tr\u00e8s s\u00e8ches et ont des probl\u00e8mes \u00e0 produire une quantit\u00e9 ad\u00e9quate de fertilisant<\/span><span class=\"T12\">e liquide cervical de qualit\u00e9. Boire beaucoup d&#039;eau et prendre de l&#039;EPO peut aider \u00e0 promouvoir la<\/span><span class=\"T13\"><br \/><\/span><span class=\"T14\">production de liquide cervical fertile. L&#039;EPO ne doit \u00eatre prise que de la menstruation \u00e0 l&#039;ovulation car elle peut provoquer des contractions ut\u00e9rines pendant la grossesse. Depuis indispensable<\/span><span class=\"T15\">\u200b\u200b\u00a0fatty acids are necessary during this time, Flax Seed Oil may be taken in place of EPO<\/span><span class=\"T16\"><br \/><\/span><span class=\"T17\">apr\u00e8s l&#039;ovulation. L&#039;huile de graines de lin peut \u00e9galement \u00eatre prise pendant la grossesse<\/span><\/span><\/p><\/div>\n\t\t\t\t<\/div>\n\t\t\t\t\t\t\t<div class=\"elementor-toggle-item\">\n\t\t\t\t\t<div id=\"elementor-tab-title-3232\" class=\"elementor-tab-title\" data-tab=\"2\" role=\"button\" aria-controls=\"elementor-tab-content-3232\" aria-expanded=\"false\">\n\t\t\t\t\t\t\t\t\t\t\t\t<span class=\"elementor-toggle-icon elementor-toggle-icon-left\" aria-hidden=\"true\">\n\t\t\t\t\t\t\t\t\t\t\t\t\t\t\t<span class=\"elementor-toggle-icon-closed\"><i class=\"far fa-caret-square-right\"><\/i><\/span>\n\t\t\t\t\t\t\t\t<span class=\"elementor-toggle-icon-opened\"><i class=\"elementor-toggle-icon-opened fas fa-caret-square-up\"><\/i><\/span>\n\t\t\t\t\t\t\t\t\t\t\t\t\t<\/span>\n\t\t\t\t\t\t\t\t\t\t\t\t<a class=\"elementor-toggle-title\" tabindex=\"0\">..<\/a>\n\t\t\t\t\t<\/div>\n\n\t\t\t\t\t<div id=\"elementor-tab-content-3232\" class=\"elementor-tab-content elementor-clearfix\" data-tab=\"2\" role=\"region\" aria-labelledby=\"elementor-tab-title-3232\"><\/div>\n\t\t\t\t<\/div>\n\t\t\t\t\t\t\t\t<\/div>\n\t\t\t\t\t\t<\/div>\n\t\t\t\t<\/div>\n\t\t\t\t\t<\/div>\n\t\t<\/div>\n\t\t\t\t\t<\/div>\n\t\t<\/section>\n\t\t\t\t<\/div>","protected":false},"excerpt":{"rendered":"<p><a name=\"buy\"><\/a><\/p>\n<p><span style=\"text-decoration: underline; color: #3366ff;\"><strong>Avantages de ce produit pour l&#039;infertilit\u00e9 f\u00e9minine<\/strong><\/span><\/p>\n<ul>\n<li><strong><strong><span style=\"font-family: go;\"><span class=\"fontstyle0\">Soutient la production de liquide cervical de qualit\u00e9 plus fertile \u00e9galement connu sous le nom de \u00abglaire cervicale de blanc d&#039;oeuf\u00bb.<br \/>\n<\/span><\/span><\/strong><\/strong><\/li>\n<li><strong><strong><span style=\"font-family: go;\"><span class=\"fontstyle0\">Il aide le sperme \u00e0 rester en vie jusqu&#039;\u00e0 cinq jours dans la trompe de Fallope, permettant ainsi \u00e0 la conception d&#039;avoir lieu<br \/>\n<\/span><\/span><\/strong><\/strong><\/li>\n<\/ul>\n<p><strong>\u00a0\u00a0\u00a0\u00a0\u00a0 &gt;&gt;&gt;<span style=\"font-family: go; font-size: 14pt;\"><a href=\"#more\"><span style=\"color: #0000ff;\">Lire la suite<\/span><\/a><\/span><\/strong><\/p>","protected":false},"featured_media":2978,"comment_status":"open","ping_status":"closed","template":"","meta":{"nf_dc_page":"","_bbp_topic_count":0,"_bbp_reply_count":0,"_bbp_total_topic_count":0,"_bbp_total_reply_count":0,"_bbp_voice_count":0,"_bbp_anonymous_reply_count":0,"_bbp_topic_count_hidden":0,"_bbp_reply_count_hidden":0,"_bbp_forum_subforum_count":0},"product_brand":[],"product_cat":[121],"product_tag":[],"class_list":{"0":"post-2975","1":"product","2":"type-product","3":"status-publish","4":"has-post-thumbnail","6":"product_cat-female-infertility","8":"first","9":"instock","10":"shipping-taxable","11":"purchasable","12":"product-type-bundle"},"bundled_by":[],"bundle_stock_status":"instock","bundle_stock_quantity":"","bundle_virtual":false,"bundle_layout":"default","bundle_add_to_cart_form_location":"default","bundle_editable_in_cart":false,"bundle_sold_individually_context":"product","bundle_item_grouping":"noindent","bundle_min_size":"","bundle_max_size":"","bundled_items":[{"bundled_item_id":45,"product_id":5565,"menu_order":0,"quantity_min":1,"quantity_max":"","quantity_default":1,"priced_individually":false,"shipped_individually":false,"override_title":false,"title":"","override_description":false,"description":"","optional":true,"hide_thumbnail":false,"discount":"","override_variations":false,"allowed_variations":[],"override_default_variation_attributes":false,"default_variation_attributes":[],"single_product_visibility":"hidden","cart_visibility":"hidden","order_visibility":"visible","single_product_price_visibility":"visible","cart_price_visibility":"visible","order_price_visibility":"visible","stock_status":"out_of_stock"}],"bundle_sell_ids":[],"_links":{"self":[{"href":"https:\/\/www.naturesgiftforlife.com\/fr\/wp-json\/wp\/v2\/product\/2975","targetHints":{"allow":["GET"]}}],"collection":[{"href":"https:\/\/www.naturesgiftforlife.com\/fr\/wp-json\/wp\/v2\/product"}],"about":[{"href":"https:\/\/www.naturesgiftforlife.com\/fr\/wp-json\/wp\/v2\/types\/product"}],"replies":[{"embeddable":true,"href":"https:\/\/www.naturesgiftforlife.com\/fr\/wp-json\/wp\/v2\/comments?post=2975"}],"version-history":[{"count":0,"href":"https:\/\/www.naturesgiftforlife.com\/fr\/wp-json\/wp\/v2\/product\/2975\/revisions"}],"wp:featuredmedia":[{"embeddable":true,"href":"https:\/\/www.naturesgiftforlife.com\/fr\/wp-json\/wp\/v2\/media\/2978"}],"wp:attachment":[{"href":"https:\/\/www.naturesgiftforlife.com\/fr\/wp-json\/wp\/v2\/media?parent=2975"}],"wp:term":[{"taxonomy":"product_brand","embeddable":true,"href":"https:\/\/www.naturesgiftforlife.com\/fr\/wp-json\/wp\/v2\/product_brand?post=2975"},{"taxonomy":"product_cat","embeddable":true,"href":"https:\/\/www.naturesgiftforlife.com\/fr\/wp-json\/wp\/v2\/product_cat?post=2975"},{"taxonomy":"product_tag","embeddable":true,"href":"https:\/\/www.naturesgiftforlife.com\/fr\/wp-json\/wp\/v2\/product_tag?post=2975"}],"curies":[{"name":"wp","href":"https:\/\/api.w.org\/{rel}","templated":true}]}}