{"id":2919,"date":"2020-09-24T16:54:00","date_gmt":"2020-09-24T16:54:00","guid":{"rendered":"http:\/\/www.livehealthylivehappy.com\/new\/?post_type=product&#038;p=2919"},"modified":"2021-11-29T14:32:56","modified_gmt":"2021-11-29T14:32:56","slug":"cordyceps-asthma","status":"publish","type":"product","link":"https:\/\/www.naturesgiftforlife.com\/fr\/shop\/cordyceps-asthma\/","title":{"rendered":"Cordyceps (asthme)"},"content":{"rendered":"<div data-elementor-type=\"wp-post\" data-elementor-id=\"2919\" class=\"elementor elementor-2919\">\n\t\t\t\t\t\t<section class=\"elementor-section elementor-top-section elementor-element elementor-element-079f186 elementor-section-boxed elementor-section-height-default elementor-section-height-default\" data-id=\"079f186\" data-element_type=\"section\" data-e-type=\"section\">\n\t\t\t\t\t\t<div class=\"elementor-container elementor-column-gap-default\">\n\t\t\t\t\t<div class=\"elementor-column elementor-col-100 elementor-top-column elementor-element elementor-element-0c84c7e\" data-id=\"0c84c7e\" data-element_type=\"column\" data-e-type=\"column\">\n\t\t\t<div class=\"elementor-widget-wrap elementor-element-populated\">\n\t\t\t\t\t\t<div class=\"elementor-element elementor-element-b887445 elementor-widget elementor-widget-html\" data-id=\"b887445\" data-element_type=\"widget\" data-e-type=\"widget\" data-widget_type=\"html.default\">\n\t\t\t\t<div class=\"elementor-widget-container\">\n\t\t\t\t\t<a name=\"more\"><\/a>\t\t\t\t<\/div>\n\t\t\t\t<\/div>\n\t\t\t\t<div class=\"elementor-element elementor-element-a3928c2 elementor-invisible elementor-widget elementor-widget-toggle\" data-id=\"a3928c2\" data-element_type=\"widget\" data-e-type=\"widget\" data-settings=\"{&quot;_animation&quot;:&quot;flash&quot;}\" data-widget_type=\"toggle.default\">\n\t\t\t\t<div class=\"elementor-widget-container\">\n\t\t\t\t\t\t\t<div class=\"elementor-toggle\">\n\t\t\t\t\t\t\t<div class=\"elementor-toggle-item\">\n\t\t\t\t\t<div id=\"elementor-tab-title-1711\" class=\"elementor-tab-title\" data-tab=\"1\" role=\"button\" aria-controls=\"elementor-tab-content-1711\" aria-expanded=\"false\">\n\t\t\t\t\t\t\t\t\t\t\t\t<span class=\"elementor-toggle-icon elementor-toggle-icon-left\" aria-hidden=\"true\">\n\t\t\t\t\t\t\t\t\t\t\t\t\t\t\t<span class=\"elementor-toggle-icon-closed\"><i class=\"far fa-caret-square-right\"><\/i><\/span>\n\t\t\t\t\t\t\t\t<span class=\"elementor-toggle-icon-opened\"><i class=\"elementor-toggle-icon-opened fas fa-caret-square-up\"><\/i><\/span>\n\t\t\t\t\t\t\t\t\t\t\t\t\t<\/span>\n\t\t\t\t\t\t\t\t\t\t\t\t<a class=\"elementor-toggle-title\" tabindex=\"0\">Description d\u00e9taill\u00e9e du produit \/ faits sur les suppl\u00e9ments<\/a>\n\t\t\t\t\t<\/div>\n\n\t\t\t\t\t<div id=\"elementor-tab-content-1711\" class=\"elementor-tab-content elementor-clearfix\" data-tab=\"1\" role=\"region\" aria-labelledby=\"elementor-tab-title-1711\"><p class=\"P1\"><span style=\"font-family: Arial, Helvetica, sans-serif; color: #000000;\"><span class=\"T6\">Medicinal mushrooms have potent anti-inflammatory and immune\u200b\u200b\u00a0<\/span><span class=\"T7\">propri\u00e9t\u00e9s modulatrices. Cordycep<\/span><span class=\"T8\">\u200b\u200b\u00a0is very useful for people suffering from asthma. The mech<\/span><span class=\"T9\">une<\/span><span class=\"T10\">nism is believed to be due to\u200b\u200b\u00a0<\/span><span class=\"T11\">sa capacit\u00e9 \u00e0 d\u00e9tendre les poumons et la trach\u00e9e. Au lieu de r\u00e9agir aux sympt\u00f4mes<\/span><span class=\"T12\">inhalateurs h, Cordycep<\/span><span class=\"T13\">\u200b\u200b\u00a0actually reduces the number of incidences where an inhaler is required and increases energy levels and dramatica<\/span><span class=\"T14\">l<\/span><span class=\"T15\">ly am\u00e9liore l&#039;endurance et l&#039;endurance.<\/span><\/span><\/p><p><span style=\"font-family: Arial, Helvetica, sans-serif; color: #000000;\"><strong><em>Asthme <\/em><\/strong>d\u00e9signe un trouble inflammatoire chronique des voies respiratoires, qui se traduit par leur r\u00e9tr\u00e9cissement. Une r\u00e9action allergique \u00e0 la poussi\u00e8re et au pollen, \u00e0 la fum\u00e9e, aux polluants et \u00e0 d&#039;autres stimuli peut provoquer le r\u00e9tr\u00e9cissement. La nature inflammatoire de l&#039;asthme se manifeste par des \u00e9pisodes r\u00e9currents de respiration sifflante, de toux, d&#039;oppression thoracique et d&#039;essoufflement. Le trouble est provoqu\u00e9 par diverses cellules du syst\u00e8me immunitaire qui semblent \u00eatre surmen\u00e9es et restent dans un \u00e9tat chroniquement activ\u00e9. Certains m\u00e9dicaments couramment utilis\u00e9s, tels que l&#039;aspirine et l&#039;ibuprof\u00e8ne, peuvent \u00e9galement exacerber les sympt\u00f4mes de l&#039;asthme.<\/span><\/p><p><span style=\"font-family: Arial, Helvetica, sans-serif; color: #000000;\">Dans une \u00e9tude clinique sur Cordyceps men\u00e9e par l&#039;Universit\u00e9 de m\u00e9decine de Beijing, Cordyceps s&#039;est av\u00e9r\u00e9 b\u00e9n\u00e9fique pour les patients asthmatiques. Tous les patients de cette \u00e9tude avaient \u00e9t\u00e9 trait\u00e9s sans succ\u00e8s avec des antibiotiques et d&#039;autres m\u00e9dicaments occidentaux. Il a \u00e9t\u00e9 rapport\u00e9 que le taux effectif total pour le groupe Cordyceps \u00e9tait de 81,3% mesur\u00e9 par les scores FEV1 dans une moyenne de 5 jours de traitement.<\/span><\/p><p><span style=\"font-family: Arial, Helvetica, sans-serif; color: #000000;\">\u00a0Researchers at Meiji Institute of Health Science in Japan in 1995 found that Cordyceps can inhibit tracheal muscle contractions and relax the airways of mice. This is particularly important to asthma patients as it allows for increased airflow to the lungs. Moreover, Cordyceps\u2019 anti-inflammatory properties bring further relief to asthma patients whose airways become obstructed, due to an allergic reaction resulting in swelling of the bronchial pathways.<\/span><\/p><p><span style=\"font-family: Arial, Helvetica, sans-serif; color: #000000;\">Cordyceps augmente les s\u00e9cr\u00e9tions respiratoires pour faciliter l&#039;expectoration, tout en calmant la toux. Plusieurs \u00e9tudes cliniques ont confirm\u00e9 ses effets b\u00e9n\u00e9fiques chez les patients atteints de bronchite chronique, d&#039;asthme bronchique et de c\u0153ur pulmonaire, avec une am\u00e9lioration de la fonction pulmonaire. Chez les patients pr\u00e9sentant une toux \u00e9quivalente \u00e0 l&#039;asthme, Cordyceps procurait un soulagement meilleur et plus rapide.<\/span><\/p><div class=\"dxoResponsiveTable\"><table class=\"Table16\"><colgroup><col class=\"TableColumn17\" data-colwidth=\"6.518\" data-colwidthunits=\"in\" \/><\/colgroup><tbody><tr class=\"TableRow18\"><td class=\"TableCell19\"><p class=\"P20\"><span style=\"font-family: Arial, Helvetica, sans-serif; color: #000000;\">Faits sur les suppl\u00e9ments<\/span><\/p><p class=\"P21\"><span style=\"font-family: Arial, Helvetica, sans-serif; color: #000000;\">Portion: une (1) capsule<\/span><\/p><\/td><\/tr><tr class=\"TableRow22\"><td class=\"TableCell23\"><p class=\"P24\"><span style=\"font-family: Arial, Helvetica, sans-serif; color: #000000;\">\u00a0\u200b\u200b\u00a0\u200b\u200b\u00a0\u200b\u200b\u00a0\u200b\u200b\u00a0\u200b\u200b\u00a0\u200b\u200b\u00a0\u200b\u200b\u00a0\u200b\u200b\u00a0\u200b\u200b\u00a0\u200b\u200b\u00a0\u200b\u200b\u00a0\u200b\u200b\u00a0\u200b\u200b\u00a0\u200b\u200b\u00a0\u200b\u200b\u00a0\u200b\u200b\u00a0\u200b\u200b\u00a0\u200b\u200b\u00a0\u200b\u200b\u00a0\u200b\u200b\u00a0\u200b\u200b\u00a0\u200b\u200b\u00a0\u200b\u200b\u00a0\u200b\u200b\u00a0\u200b\u200b\u00a0\u200b\u200b\u00a0\u200b\u200b\u00a0\u200b\u200b\u00a0\u200b\u200b\u00a0\u200b\u200b\u00a0\u200b\u200b\u00a0\u200b\u200b\u00a0\u200b\u200b\u00a0\u200b\u200b\u00a0\u200b\u200b\u00a0\u200b\u200b\u00a0\u200b\u200b\u00a0\u200b\u200b\u00a0\u200b\u200b\u00a0\u200b\u200b\u00a0\u200b\u200b\u00a0\u200b\u200b\u00a0\u200b\u200b\u00a0\u200b\u200b\u00a0\u200b\u200b\u00a0\u200b\u200b\u00a0\u200b\u200b\u00a0\u200b\u200b\u00a0\u200b\u200b\u00a0\u200b\u200b\u00a0\u200b\u200b\u00a0\u200b\u200b\u00a0\u200b\u200b\u00a0\u200b\u200b\u00a0\u200b\u200b\u00a0\u200b\u200b\u00a0\u200b\u200b\u00a0\u200b\u200b\u00a0\u200b\u200b\u00a0\u200b\u200b\u00a0\u200b\u200b\u00a0\u200b\u200b\u00a0\u200b\u200b\u00a0\u200b\u200b\u00a0\u200b\u200b\u00a0\u200b\u200b\u00a0\u200b\u200b\u00a0\u200b\u200b\u00a0\u200b\u200b\u00a0\u200b\u200b\u00a0\u200b\u200b\u00a0\u200b\u200b\u00a0\u200b\u200b\u00a0\u200b\u200b\u00a0\u200b\u200b\u00a0\u200b\u200b\u00a0\u200b\u200b\u00a0\u200b\u200b\u00a0\u200b\u200b\u200b\u200b\u00a0Amount Per Serving \u200b\u200b\u00a0%Daily Value<\/span><\/p><\/td><\/tr><tr class=\"TableRow25\"><td class=\"TableCell26\"><p class=\"P27\"><span style=\"font-family: Arial, Helvetica, sans-serif; color: #000000;\">Cordyceps Sinensis Powder \u00a0\u200b\u200b\u00a0\u200b\u200b\u00a0\u200b\u200b\u00a0\u200b\u200b\u00a0\u200b\u200b\u00a0\u200b\u200b\u00a0\u200b\u200b\u00a0\u200b\u200b\u00a0\u200b\u200b\u00a0\u200b\u200b\u00a0\u200b\u200b\u00a0\u200b\u200b\u00a0\u200b\u200b\u00a0\u200b\u200b\u00a0\u200b\u200b\u00a0\u200b\u200b\u00a0\u200b\u200b\u00a0\u200b\u200b\u00a0\u200b\u200b\u00a0\u200b\u200b\u00a0\u200b\u200b\u00a0\u200b\u200b\u00a0\u200b\u200b\u00a0\u200b\u200b\u00a0\u200b\u200b\u00a0\u200b\u200b\u00a0\u200b\u200b\u00a0\u200b\u200b\u00a0\u200b\u200b\u00a0\u200b\u200b\u00a0\u200b\u200b\u00a0\u200b\u200b\u00a0\u200b\u200b\u00a0\u200b\u200b\u00a0\u200b\u200b\u00a0\u200b\u200b\u00a0\u200b\u200b\u00a0\u200b\u200b\u00a0\u200b\u200b\u00a0\u200b\u200b\u00a0\u200b\u200b\u00a0\u200b\u200b\u00a0\u200b\u200b\u00a0\u200b\u200b\u00a0\u200b\u200b\u00a0\u200b\u200b\u00a0\u200b\u200b\u200b\u200b\u00a0500mg *\u200b\u200b\u00a0<\/span><\/p><\/td><\/tr><tr class=\"TableRow28\"><td class=\"TableCell29\"><p class=\"P30\"><span style=\"font-family: Arial, Helvetica, sans-serif; color: #000000;\">* Daily Value\u200b\u200b\u00a0not established<\/span><\/p><p class=\"P31\"><span style=\"font-family: Arial, Helvetica, sans-serif; color: #000000;\">Autres ingr\u00e9dients : G\u00e9latine. St\u00e9arate de magn\u00e9sium<\/span><\/p><\/td><\/tr><\/tbody><\/table><\/div><p class=\"P32\">\u00a0<\/p><\/div>\n\t\t\t\t<\/div>\n\t\t\t\t\t\t\t<div class=\"elementor-toggle-item\">\n\t\t\t\t\t<div id=\"elementor-tab-title-1712\" class=\"elementor-tab-title\" data-tab=\"2\" role=\"button\" aria-controls=\"elementor-tab-content-1712\" aria-expanded=\"false\">\n\t\t\t\t\t\t\t\t\t\t\t\t<span class=\"elementor-toggle-icon elementor-toggle-icon-left\" aria-hidden=\"true\">\n\t\t\t\t\t\t\t\t\t\t\t\t\t\t\t<span class=\"elementor-toggle-icon-closed\"><i class=\"far fa-caret-square-right\"><\/i><\/span>\n\t\t\t\t\t\t\t\t<span class=\"elementor-toggle-icon-opened\"><i class=\"elementor-toggle-icon-opened fas fa-caret-square-up\"><\/i><\/span>\n\t\t\t\t\t\t\t\t\t\t\t\t\t<\/span>\n\t\t\t\t\t\t\t\t\t\t\t\t<a class=\"elementor-toggle-title\" tabindex=\"0\">..<\/a>\n\t\t\t\t\t<\/div>\n\n\t\t\t\t\t<div id=\"elementor-tab-content-1712\" class=\"elementor-tab-content elementor-clearfix\" data-tab=\"2\" role=\"region\" aria-labelledby=\"elementor-tab-title-1712\"><\/div>\n\t\t\t\t<\/div>\n\t\t\t\t\t\t\t\t<\/div>\n\t\t\t\t\t\t<\/div>\n\t\t\t\t<\/div>\n\t\t\t\t\t<\/div>\n\t\t<\/div>\n\t\t\t\t\t<\/div>\n\t\t<\/section>\n\t\t\t\t<\/div>","protected":false},"excerpt":{"rendered":"<p><a name=\"buy\"><\/a><br \/>\n<span style=\"text-decoration: underline; color: #3366ff;\"><strong>Avantages de ce produit pour l&#039;asthme<\/strong><\/span><\/p>\n<ul>\n<li><strong><span style=\"font-family: go;\"><span class=\"fontstyle0\">Cordyceps r\u00e9duit en fait le nombre d&#039;incidences o\u00f9 un inhalateur est n\u00e9cessaire<\/span><br \/>\n<\/span><\/strong><\/li>\n<li><strong><span style=\"font-family: go;\"><span class=\"fontstyle0\">Poss\u00e8de de puissantes propri\u00e9t\u00e9s anti-inflammatoires et immunomodulatrices <\/span><\/span><\/strong><\/li>\n<\/ul>\n<p><strong>\u00a0\u00a0\u00a0\u00a0\u00a0 &gt;&gt;&gt;<span style=\"font-family: go; font-size: 14pt;\"><a href=\"#more\"><span style=\"color: #0000ff;\">Lire la suite<\/span><\/a><\/span><\/strong><\/p>","protected":false},"featured_media":1218,"comment_status":"open","ping_status":"closed","template":"","meta":{"nf_dc_page":"","_bbp_topic_count":0,"_bbp_reply_count":0,"_bbp_total_topic_count":0,"_bbp_total_reply_count":0,"_bbp_voice_count":0,"_bbp_anonymous_reply_count":0,"_bbp_topic_count_hidden":0,"_bbp_reply_count_hidden":0,"_bbp_forum_subforum_count":0},"product_brand":[],"product_cat":[114],"product_tag":[],"class_list":{"0":"post-2919","1":"product","2":"type-product","3":"status-publish","4":"has-post-thumbnail","6":"product_cat-asthma","8":"first","9":"instock","10":"featured","11":"shipping-taxable","12":"purchasable","13":"product-type-bundle"},"bundled_by":[],"bundle_stock_status":"instock","bundle_stock_quantity":"","bundle_virtual":false,"bundle_layout":"default","bundle_add_to_cart_form_location":"default","bundle_editable_in_cart":false,"bundle_sold_individually_context":"product","bundle_item_grouping":"noindent","bundle_min_size":"","bundle_max_size":"","bundled_items":[{"bundled_item_id":14,"product_id":593,"menu_order":0,"quantity_min":1,"quantity_max":"","quantity_default":1,"priced_individually":false,"shipped_individually":false,"override_title":false,"title":"","override_description":false,"description":"","optional":true,"hide_thumbnail":false,"discount":"","override_variations":false,"allowed_variations":[],"override_default_variation_attributes":false,"default_variation_attributes":[],"single_product_visibility":"hidden","cart_visibility":"hidden","order_visibility":"visible","single_product_price_visibility":"visible","cart_price_visibility":"visible","order_price_visibility":"visible","stock_status":"out_of_stock"}],"bundle_sell_ids":[],"_links":{"self":[{"href":"https:\/\/www.naturesgiftforlife.com\/fr\/wp-json\/wp\/v2\/product\/2919","targetHints":{"allow":["GET"]}}],"collection":[{"href":"https:\/\/www.naturesgiftforlife.com\/fr\/wp-json\/wp\/v2\/product"}],"about":[{"href":"https:\/\/www.naturesgiftforlife.com\/fr\/wp-json\/wp\/v2\/types\/product"}],"replies":[{"embeddable":true,"href":"https:\/\/www.naturesgiftforlife.com\/fr\/wp-json\/wp\/v2\/comments?post=2919"}],"version-history":[{"count":0,"href":"https:\/\/www.naturesgiftforlife.com\/fr\/wp-json\/wp\/v2\/product\/2919\/revisions"}],"wp:featuredmedia":[{"embeddable":true,"href":"https:\/\/www.naturesgiftforlife.com\/fr\/wp-json\/wp\/v2\/media\/1218"}],"wp:attachment":[{"href":"https:\/\/www.naturesgiftforlife.com\/fr\/wp-json\/wp\/v2\/media?parent=2919"}],"wp:term":[{"taxonomy":"product_brand","embeddable":true,"href":"https:\/\/www.naturesgiftforlife.com\/fr\/wp-json\/wp\/v2\/product_brand?post=2919"},{"taxonomy":"product_cat","embeddable":true,"href":"https:\/\/www.naturesgiftforlife.com\/fr\/wp-json\/wp\/v2\/product_cat?post=2919"},{"taxonomy":"product_tag","embeddable":true,"href":"https:\/\/www.naturesgiftforlife.com\/fr\/wp-json\/wp\/v2\/product_tag?post=2919"}],"curies":[{"name":"wp","href":"https:\/\/api.w.org\/{rel}","templated":true}]}}