{"id":2911,"date":"2020-09-24T16:43:30","date_gmt":"2020-09-24T16:43:30","guid":{"rendered":"http:\/\/www.livehealthylivehappy.com\/new\/?post_type=product&#038;p=2911"},"modified":"2023-08-21T12:46:39","modified_gmt":"2023-08-21T12:46:39","slug":"gingko-max-asthma","status":"publish","type":"product","link":"https:\/\/www.naturesgiftforlife.com\/fr\/shop\/gingko-max-asthma\/","title":{"rendered":"gingko max asthma"},"content":{"rendered":"<div data-elementor-type=\"wp-post\" data-elementor-id=\"2911\" class=\"elementor elementor-2911\">\n\t\t\t\t\t\t<section class=\"elementor-section elementor-top-section elementor-element elementor-element-6ae6e3a elementor-section-boxed elementor-section-height-default elementor-section-height-default\" data-id=\"6ae6e3a\" data-element_type=\"section\" data-e-type=\"section\">\n\t\t\t\t\t\t<div class=\"elementor-container elementor-column-gap-default\">\n\t\t\t\t\t<div class=\"elementor-column elementor-col-100 elementor-top-column elementor-element elementor-element-c46b5ed\" data-id=\"c46b5ed\" data-element_type=\"column\" data-e-type=\"column\">\n\t\t\t<div class=\"elementor-widget-wrap elementor-element-populated\">\n\t\t\t\t\t\t<div class=\"elementor-element elementor-element-aa89ca5 elementor-widget elementor-widget-html\" data-id=\"aa89ca5\" data-element_type=\"widget\" data-e-type=\"widget\" data-widget_type=\"html.default\">\n\t\t\t\t<div class=\"elementor-widget-container\">\n\t\t\t\t\t<a name=\"more\"><\/a>\t\t\t\t<\/div>\n\t\t\t\t<\/div>\n\t\t\t\t<div class=\"elementor-element elementor-element-4aa2407 elementor-invisible elementor-widget elementor-widget-toggle\" data-id=\"4aa2407\" data-element_type=\"widget\" data-e-type=\"widget\" data-settings=\"{&quot;_animation&quot;:&quot;flash&quot;}\" data-widget_type=\"toggle.default\">\n\t\t\t\t<div class=\"elementor-widget-container\">\n\t\t\t\t\t\t\t<div class=\"elementor-toggle\">\n\t\t\t\t\t\t\t<div class=\"elementor-toggle-item\">\n\t\t\t\t\t<div id=\"elementor-tab-title-7821\" class=\"elementor-tab-title\" data-tab=\"1\" role=\"button\" aria-controls=\"elementor-tab-content-7821\" aria-expanded=\"false\">\n\t\t\t\t\t\t\t\t\t\t\t\t<span class=\"elementor-toggle-icon elementor-toggle-icon-left\" aria-hidden=\"true\">\n\t\t\t\t\t\t\t\t\t\t\t\t\t\t\t<span class=\"elementor-toggle-icon-closed\"><i class=\"far fa-caret-square-right\"><\/i><\/span>\n\t\t\t\t\t\t\t\t<span class=\"elementor-toggle-icon-opened\"><i class=\"elementor-toggle-icon-opened fas fa-caret-square-up\"><\/i><\/span>\n\t\t\t\t\t\t\t\t\t\t\t\t\t<\/span>\n\t\t\t\t\t\t\t\t\t\t\t\t<a class=\"elementor-toggle-title\" tabindex=\"0\">Avantages de ce produit pour l&#039;asthme \/ Fait de suppl\u00e9ment<\/a>\n\t\t\t\t\t<\/div>\n\n\t\t\t\t\t<div id=\"elementor-tab-content-7821\" class=\"elementor-tab-content elementor-clearfix\" data-tab=\"1\" role=\"region\" aria-labelledby=\"elementor-tab-title-7821\"><p><span style=\"color: #000000; font-family: Arial, Helvetica, sans-serif;\">B\u00c9N\u00c9FICE DE GINGKO MAX POUR L&#039;ASTHME<\/span><\/p><p><span style=\"color: #000000; font-family: Arial, Helvetica, sans-serif;\">Gingko <a style=\"color: #000000;\" href=\"https:\/\/livehealthylivehappy.com\/category\/womenhealth\/\" target=\"_blank\" rel=\"noopener\">Biloba<\/a> increases the blood flow throughout the circulatory system as well as the brain. Vital nutrients and oxygen are circulated throughout the body\u2019s blood stream network. By improving the circulatory system the body will improve your overall health and help you live longer. <a style=\"color: #000000;\" href=\"https:\/\/www.naturesgiftforlife.com\/fr\/categorie-produit\/all-products\/\">Ginkgo<\/a> Biloba gardera \u00e9galement vos organes vitaux en meilleure sant\u00e9 et fonctionnera correctement.<\/span><br \/><span style=\"color: #000000; font-family: Arial, Helvetica, sans-serif;\">Le Ginkgo Biloba contient plusieurs ingr\u00e9dients actifs qui procurent une puissante action cicatrisante. Les extraits de Ginkgo Biloba contiennent : <em>Les flavono\u00efdes, les lactones terp\u00e9niques qui comprennent \u00e9galement les Ginkgolides A, B et C, le Bilobalide, la Querc\u00e9tine et enfin le Kamepf\u00e9rol.<\/em> Les Ginkgolides agissent comme anti-allerg\u00e8nes, anti-inflammatoires et traitent les affections respiratoires telles que l&#039;Asthme. Le pouvoir de gu\u00e9rison du Ginkgo Biloba tue \u00e9galement les radicaux libres \u00e0 l&#039;int\u00e9rieur du corps. Ces radicaux peuvent causer des dommages au corps en affligeant les cellules endommag\u00e9es et en provoquant diverses maladies.<\/span><\/p><table><tbody><tr><td colspan=\"3\" width=\"571\"><p><span style=\"color: #000000; font-family: Arial, Helvetica, sans-serif;\"><strong>Faits sur les suppl\u00e9ments<\/strong><\/span><\/p><\/td><\/tr><tr><td width=\"262\"><p><span style=\"color: #000000; font-family: Arial, Helvetica, sans-serif;\"><strong>Portion:<\/strong> Un (1) comprim\u00e9<\/span><\/p><\/td><td width=\"170\"><p><span style=\"color: #000000; font-family: Arial, Helvetica, sans-serif;\">Montant par portion<\/span><\/p><\/td><td width=\"139\"><p><span style=\"color: #000000; font-family: Arial, Helvetica, sans-serif;\">%Daily Value<\/span><\/p><\/td><\/tr><tr><td width=\"262\"><p><span style=\"color: #000000; font-family: Arial, Helvetica, sans-serif;\">Extrait de Ginkgo Bioloba (feuille)<\/span><\/p><\/td><td width=\"170\"><p><span style=\"color: #000000; font-family: Arial, Helvetica, sans-serif;\">60 mg<\/span><\/p><\/td><td width=\"139\"><p><span style=\"color: #000000; font-family: Arial, Helvetica, sans-serif;\">*<\/span><\/p><\/td><\/tr><tr><td width=\"262\"><p><span style=\"color: #000000; font-family: Arial, Helvetica, sans-serif;\">Valeur journali\u00e8re non \u00e9tablie<\/span><\/p><\/td><td width=\"170\">\u00a0<\/td><td width=\"139\">\u00a0<\/td><\/tr><tr><td colspan=\"3\" width=\"571\"><p><span style=\"color: #000000; font-family: Arial, Helvetica, sans-serif;\">Autres ingr\u00e9dients : Cellulose microcristalline de lactos\u00e9rum, st\u00e9arique, st\u00e9arate de magn\u00e9sium, dioxyde de silicium<\/span><\/p><\/td><\/tr><\/tbody><\/table><\/div>\n\t\t\t\t<\/div>\n\t\t\t\t\t\t\t<div class=\"elementor-toggle-item\">\n\t\t\t\t\t<div id=\"elementor-tab-title-7822\" class=\"elementor-tab-title\" data-tab=\"2\" role=\"button\" aria-controls=\"elementor-tab-content-7822\" aria-expanded=\"false\">\n\t\t\t\t\t\t\t\t\t\t\t\t<span class=\"elementor-toggle-icon elementor-toggle-icon-left\" aria-hidden=\"true\">\n\t\t\t\t\t\t\t\t\t\t\t\t\t\t\t<span class=\"elementor-toggle-icon-closed\"><i class=\"far fa-caret-square-right\"><\/i><\/span>\n\t\t\t\t\t\t\t\t<span class=\"elementor-toggle-icon-opened\"><i class=\"elementor-toggle-icon-opened fas fa-caret-square-up\"><\/i><\/span>\n\t\t\t\t\t\t\t\t\t\t\t\t\t<\/span>\n\t\t\t\t\t\t\t\t\t\t\t\t<a class=\"elementor-toggle-title\" tabindex=\"0\">..<\/a>\n\t\t\t\t\t<\/div>\n\n\t\t\t\t\t<div id=\"elementor-tab-content-7822\" class=\"elementor-tab-content elementor-clearfix\" data-tab=\"2\" role=\"region\" aria-labelledby=\"elementor-tab-title-7822\"><\/div>\n\t\t\t\t<\/div>\n\t\t\t\t\t\t\t\t<\/div>\n\t\t\t\t\t\t<\/div>\n\t\t\t\t<\/div>\n\t\t\t\t\t<\/div>\n\t\t<\/div>\n\t\t\t\t\t<\/div>\n\t\t<\/section>\n\t\t\t\t<\/div>","protected":false},"excerpt":{"rendered":"<p><a name=\"buy\"><\/a><br \/>\n<span style=\"text-decoration: underline; color: #3366ff;\"><strong>Avantages de ce produit pour l&#039;asthme<\/strong><\/span><\/p>\n<ul>\n<li><strong><span style=\"font-family: go;\"><span class=\"fontstyle0\">Bloque le facteur d&#039;activation plaquettaire (PAF) qui est impliqu\u00e9 dans la cascade qui entra\u00eene l&#039;anaphylaxie. Cela aide \u00e0 pr\u00e9venir les spasmes, ce qui facilite la respiration<\/span> <\/span><\/strong><\/li>\n<li><strong><span style=\"font-family: go;\">Diminue l&#039;inflammation g\u00e9n\u00e9rale, les allergies, l&#039;asthme et la dermatite allergique<\/span><\/strong><\/li>\n<\/ul>\n<p><strong>\u00a0\u00a0\u00a0\u00a0\u00a0 &gt;&gt;&gt;<span style=\"font-family: go; font-size: 14pt;\"><a href=\"#more\"><span style=\"color: #0000ff;\">Lire la suite<\/span><\/a><\/span><\/strong><\/p>","protected":false},"featured_media":421,"comment_status":"open","ping_status":"closed","template":"","meta":{"nf_dc_page":"","_bbp_topic_count":0,"_bbp_reply_count":0,"_bbp_total_topic_count":0,"_bbp_total_reply_count":0,"_bbp_voice_count":0,"_bbp_anonymous_reply_count":0,"_bbp_topic_count_hidden":0,"_bbp_reply_count_hidden":0,"_bbp_forum_subforum_count":0},"product_brand":[],"product_cat":[114],"product_tag":[],"class_list":{"0":"post-2911","1":"product","2":"type-product","3":"status-publish","4":"has-post-thumbnail","6":"product_cat-asthma","8":"first","9":"instock","10":"shipping-taxable","11":"purchasable","12":"product-type-bundle"},"bundled_by":[],"bundle_stock_status":"instock","bundle_stock_quantity":"","bundle_virtual":false,"bundle_layout":"default","bundle_add_to_cart_form_location":"default","bundle_editable_in_cart":false,"bundle_sold_individually_context":"product","bundle_item_grouping":"noindent","bundle_min_size":"","bundle_max_size":"","bundled_items":[{"bundled_item_id":25,"product_id":356,"menu_order":0,"quantity_min":1,"quantity_max":"","quantity_default":1,"priced_individually":false,"shipped_individually":false,"override_title":false,"title":"","override_description":false,"description":"","optional":true,"hide_thumbnail":false,"discount":"","override_variations":false,"allowed_variations":[],"override_default_variation_attributes":false,"default_variation_attributes":[],"single_product_visibility":"hidden","cart_visibility":"hidden","order_visibility":"visible","single_product_price_visibility":"visible","cart_price_visibility":"visible","order_price_visibility":"visible","stock_status":"in_stock"}],"bundle_sell_ids":[],"_links":{"self":[{"href":"https:\/\/www.naturesgiftforlife.com\/fr\/wp-json\/wp\/v2\/product\/2911","targetHints":{"allow":["GET"]}}],"collection":[{"href":"https:\/\/www.naturesgiftforlife.com\/fr\/wp-json\/wp\/v2\/product"}],"about":[{"href":"https:\/\/www.naturesgiftforlife.com\/fr\/wp-json\/wp\/v2\/types\/product"}],"replies":[{"embeddable":true,"href":"https:\/\/www.naturesgiftforlife.com\/fr\/wp-json\/wp\/v2\/comments?post=2911"}],"version-history":[{"count":0,"href":"https:\/\/www.naturesgiftforlife.com\/fr\/wp-json\/wp\/v2\/product\/2911\/revisions"}],"wp:featuredmedia":[{"embeddable":true,"href":"https:\/\/www.naturesgiftforlife.com\/fr\/wp-json\/wp\/v2\/media\/421"}],"wp:attachment":[{"href":"https:\/\/www.naturesgiftforlife.com\/fr\/wp-json\/wp\/v2\/media?parent=2911"}],"wp:term":[{"taxonomy":"product_brand","embeddable":true,"href":"https:\/\/www.naturesgiftforlife.com\/fr\/wp-json\/wp\/v2\/product_brand?post=2911"},{"taxonomy":"product_cat","embeddable":true,"href":"https:\/\/www.naturesgiftforlife.com\/fr\/wp-json\/wp\/v2\/product_cat?post=2911"},{"taxonomy":"product_tag","embeddable":true,"href":"https:\/\/www.naturesgiftforlife.com\/fr\/wp-json\/wp\/v2\/product_tag?post=2911"}],"curies":[{"name":"wp","href":"https:\/\/api.w.org\/{rel}","templated":true}]}}