{"id":2902,"date":"2020-09-24T16:32:13","date_gmt":"2020-09-24T16:32:13","guid":{"rendered":"http:\/\/www.livehealthylivehappy.com\/new\/?post_type=product&#038;p=2902"},"modified":"2023-08-21T10:35:54","modified_gmt":"2023-08-21T10:35:54","slug":"bromelaine-arthritis","status":"publish","type":"product","link":"https:\/\/www.naturesgiftforlife.com\/fr\/shop\/bromelaine-arthritis\/","title":{"rendered":"Bromelaine 2400GCU\/g (Arthritis)"},"content":{"rendered":"<div data-elementor-type=\"wp-post\" data-elementor-id=\"2902\" class=\"elementor elementor-2902\">\n\t\t\t\t\t\t<section class=\"elementor-section elementor-top-section elementor-element elementor-element-bcf88ef elementor-section-boxed elementor-section-height-default elementor-section-height-default\" data-id=\"bcf88ef\" data-element_type=\"section\" data-e-type=\"section\">\n\t\t\t\t\t\t<div class=\"elementor-container elementor-column-gap-default\">\n\t\t\t\t\t<div class=\"elementor-column elementor-col-100 elementor-top-column elementor-element elementor-element-96551a4\" data-id=\"96551a4\" data-element_type=\"column\" data-e-type=\"column\">\n\t\t\t<div class=\"elementor-widget-wrap elementor-element-populated\">\n\t\t\t\t\t\t<div class=\"elementor-element elementor-element-5fea4cc elementor-widget elementor-widget-html\" data-id=\"5fea4cc\" data-element_type=\"widget\" data-e-type=\"widget\" data-widget_type=\"html.default\">\n\t\t\t\t<div class=\"elementor-widget-container\">\n\t\t\t\t\t<a name=\"more\"><\/a>\t\t\t\t<\/div>\n\t\t\t\t<\/div>\n\t\t\t\t<div class=\"elementor-element elementor-element-650d646 elementor-invisible elementor-widget elementor-widget-toggle\" data-id=\"650d646\" data-element_type=\"widget\" data-e-type=\"widget\" data-settings=\"{&quot;_animation&quot;:&quot;flash&quot;}\" data-widget_type=\"toggle.default\">\n\t\t\t\t<div class=\"elementor-widget-container\">\n\t\t\t\t\t\t\t<div class=\"elementor-toggle\">\n\t\t\t\t\t\t\t<div class=\"elementor-toggle-item\">\n\t\t\t\t\t<div id=\"elementor-tab-title-1051\" class=\"elementor-tab-title\" data-tab=\"1\" role=\"button\" aria-controls=\"elementor-tab-content-1051\" aria-expanded=\"false\">\n\t\t\t\t\t\t\t\t\t\t\t\t<span class=\"elementor-toggle-icon elementor-toggle-icon-left\" aria-hidden=\"true\">\n\t\t\t\t\t\t\t\t\t\t\t\t\t\t\t<span class=\"elementor-toggle-icon-closed\"><i class=\"far fa-caret-square-right\"><\/i><\/span>\n\t\t\t\t\t\t\t\t<span class=\"elementor-toggle-icon-opened\"><i class=\"elementor-toggle-icon-opened fas fa-caret-square-up\"><\/i><\/span>\n\t\t\t\t\t\t\t\t\t\t\t\t\t<\/span>\n\t\t\t\t\t\t\t\t\t\t\t\t<a class=\"elementor-toggle-title\" tabindex=\"0\">Description d\u00e9taill\u00e9e du produit \/ faits sur les suppl\u00e9ments<\/a>\n\t\t\t\t\t<\/div>\n\n\t\t\t\t\t<div id=\"elementor-tab-content-1051\" class=\"elementor-tab-content elementor-clearfix\" data-tab=\"1\" role=\"region\" aria-labelledby=\"elementor-tab-title-1051\"><p><span class=\"T6\" style=\"color: #000000;\">La brom\u00e9la\u00efne favorise le soulagement de la douleur en bloquant la thromboxane synth\u00e9tase, emp\u00eachant ainsi l&#039;accumulation de prostano\u00efdes pro-inflammatoires.<\/span><\/p><p><span style=\"color: #000000;\"><strong>PR\u00c9SENTATION:<\/strong>bo\u00eete de 60 g\u00e9lules contenant chacune 500 mg de brom\u00e9la\u00efne.<\/span><\/p><table><tbody><tr><td width=\"403\"><p><span style=\"color: #000000;\">Taille de la portion : 1 portion par paquet : 60<\/span><\/p><\/td><td colspan=\"2\" width=\"300\"><p>\u00a0<\/p><\/td><\/tr><tr><td width=\"102\"><p><span style=\"color: #000000;\">Ingr\u00e9dients<\/span><\/p><\/td><td width=\"131\"><p><span style=\"color: #000000;\">Dose par portion<\/span><\/p><\/td><td width=\"169\"><p><span style=\"color: #000000;\">% valeurs quotidiennes<\/span><\/p><\/td><\/tr><tr><td width=\"102\"><p><span style=\"color: #000000;\">Brom\u00e9la\u00efne<\/span><\/p><\/td><td width=\"131\"><p><span style=\"color: #000000;\">500 mg<\/span><\/p><\/td><td width=\"169\"><p><span style=\"color: #000000;\">*<\/span><\/p><\/td><\/tr><tr><td width=\"403\"><p><span style=\"color: #000000;\">* valeurs journali\u00e8res non \u00e9tablies<\/span><br \/><span style=\"color: #000000;\">Autres ingr\u00e9dients : st\u00e9arate de magn\u00e9sium, farine.<\/span><\/p><\/td><td>\u00a0<\/td><td>\u00a0<\/td><\/tr><\/tbody><\/table><p><span style=\"color: #000000;\">Mode d&#039;action : La brom\u00e9la\u00efne a une action anti-d\u00e9mateuse et fibrinolytique en diminuant le taux sanguin de fibrinog\u00e8ne et de bradykinine, mais elle diminue \u00e9galement les taux de prostaglandines E2 et de thromboxane A2, ce qui lui conf\u00e8re son action analg\u00e9sique et anti-inflammatoire.<\/span><\/p><p><span style=\"color: #000000;\"><strong>LES INDICATIONS:<\/strong> Canal interne. Pour r\u00e9duire l&#039;inflammation caus\u00e9e par une intervention chirurgicale ou un traumatisme, pour soulager l&#039;arthrose, pour traiter la rhino-sinusite, pour faciliter la digestion, pour traiter les gonflements post-op\u00e9ratoires et post-traumatiques, notamment au niveau des sinus.<\/span><\/p><p><span style=\"color: #000000;\">Canal externe. D\u00e9brider l&#039;escarre caus\u00e9e par une br\u00fblure, acc\u00e9l\u00e9rer la cicatrisation des plaies.<\/span><\/p><p><span style=\"color: #000000;\"><strong>DOSAGE:<\/strong> La dose habituelle recommand\u00e9e chez l&#039;adulte est de deux (2) \u00e0 quatre (4) capsules par jour, divis\u00e9es en deux (2) ou trois (3) prises, prises sans repas, sauf dans les cas o\u00f9 la brom\u00e9la\u00efne NG4L est prise pour am\u00e9liorer la digestion. Dans ce cas pr\u00e9cis, le produit doit \u00eatre pris au milieu du repas.<\/span><\/p><\/div>\n\t\t\t\t<\/div>\n\t\t\t\t\t\t\t<div class=\"elementor-toggle-item\">\n\t\t\t\t\t<div id=\"elementor-tab-title-1052\" class=\"elementor-tab-title\" data-tab=\"2\" role=\"button\" aria-controls=\"elementor-tab-content-1052\" aria-expanded=\"false\">\n\t\t\t\t\t\t\t\t\t\t\t\t<span class=\"elementor-toggle-icon elementor-toggle-icon-left\" aria-hidden=\"true\">\n\t\t\t\t\t\t\t\t\t\t\t\t\t\t\t<span class=\"elementor-toggle-icon-closed\"><i class=\"far fa-caret-square-right\"><\/i><\/span>\n\t\t\t\t\t\t\t\t<span class=\"elementor-toggle-icon-opened\"><i class=\"elementor-toggle-icon-opened fas fa-caret-square-up\"><\/i><\/span>\n\t\t\t\t\t\t\t\t\t\t\t\t\t<\/span>\n\t\t\t\t\t\t\t\t\t\t\t\t<a class=\"elementor-toggle-title\" tabindex=\"0\">..<\/a>\n\t\t\t\t\t<\/div>\n\n\t\t\t\t\t<div id=\"elementor-tab-content-1052\" class=\"elementor-tab-content elementor-clearfix\" data-tab=\"2\" role=\"region\" aria-labelledby=\"elementor-tab-title-1052\"><\/div>\n\t\t\t\t<\/div>\n\t\t\t\t\t\t\t\t<\/div>\n\t\t\t\t\t\t<\/div>\n\t\t\t\t<\/div>\n\t\t\t\t\t<\/div>\n\t\t<\/div>\n\t\t\t\t\t<\/div>\n\t\t<\/section>\n\t\t\t\t<\/div>","protected":false},"excerpt":{"rendered":"<p><a name=\"buy\"><\/a><br \/>\n<span style=\"text-decoration: underline; color: #3366ff;\"><strong>Avantages de ce produit pour l&#039;arthrite\u00a0<\/strong><\/span><\/p>\n<ul>\n<li>Bromeliane<\/li>\n<li><strong><span style=\"font-family: go;\"><span style=\"font-size: medium;\"><span class=\"fontstyle0\">Favorise le soulagement de la douleur en\u00a0<\/span> <\/span><\/span><\/strong><\/li>\n<li><span style=\"font-family: go;\"><strong><span style=\"font-size: 12pt;\">Il inhibe la production de prostaglandines responsables de l&#039;inflammation<\/span><\/strong><\/span><\/li>\n<\/ul>\n<p><strong>\u00a0\u00a0\u00a0\u00a0\u00a0 &gt;&gt;&gt;<span style=\"font-family: go; font-size: 14pt;\"><a href=\"#more\"><span style=\"color: #0000ff;\">Lire la suite<\/span><\/a><\/span><\/strong><\/p>","protected":false},"featured_media":2906,"comment_status":"open","ping_status":"closed","template":"","meta":{"nf_dc_page":"","_bbp_topic_count":0,"_bbp_reply_count":0,"_bbp_total_topic_count":0,"_bbp_total_reply_count":0,"_bbp_voice_count":0,"_bbp_anonymous_reply_count":0,"_bbp_topic_count_hidden":0,"_bbp_reply_count_hidden":0,"_bbp_forum_subforum_count":0},"product_brand":[],"product_cat":[113],"product_tag":[],"class_list":{"0":"post-2902","1":"product","2":"type-product","3":"status-publish","4":"has-post-thumbnail","6":"product_cat-arthritis","8":"first","9":"instock","10":"featured","11":"shipping-taxable","12":"purchasable","13":"product-type-bundle"},"bundled_by":[],"bundle_stock_status":"instock","bundle_stock_quantity":"","bundle_virtual":false,"bundle_layout":"default","bundle_add_to_cart_form_location":"default","bundle_editable_in_cart":false,"bundle_sold_individually_context":"product","bundle_item_grouping":"noindent","bundle_min_size":"","bundle_max_size":"","bundled_items":[{"bundled_item_id":17,"product_id":4162,"menu_order":0,"quantity_min":1,"quantity_max":"","quantity_default":1,"priced_individually":false,"shipped_individually":false,"override_title":false,"title":"","override_description":false,"description":"","optional":true,"hide_thumbnail":false,"discount":"","override_variations":false,"allowed_variations":[],"override_default_variation_attributes":false,"default_variation_attributes":[],"single_product_visibility":"hidden","cart_visibility":"hidden","order_visibility":"visible","single_product_price_visibility":"visible","cart_price_visibility":"visible","order_price_visibility":"visible","stock_status":"in_stock"}],"bundle_sell_ids":[],"_links":{"self":[{"href":"https:\/\/www.naturesgiftforlife.com\/fr\/wp-json\/wp\/v2\/product\/2902","targetHints":{"allow":["GET"]}}],"collection":[{"href":"https:\/\/www.naturesgiftforlife.com\/fr\/wp-json\/wp\/v2\/product"}],"about":[{"href":"https:\/\/www.naturesgiftforlife.com\/fr\/wp-json\/wp\/v2\/types\/product"}],"replies":[{"embeddable":true,"href":"https:\/\/www.naturesgiftforlife.com\/fr\/wp-json\/wp\/v2\/comments?post=2902"}],"version-history":[{"count":0,"href":"https:\/\/www.naturesgiftforlife.com\/fr\/wp-json\/wp\/v2\/product\/2902\/revisions"}],"wp:featuredmedia":[{"embeddable":true,"href":"https:\/\/www.naturesgiftforlife.com\/fr\/wp-json\/wp\/v2\/media\/2906"}],"wp:attachment":[{"href":"https:\/\/www.naturesgiftforlife.com\/fr\/wp-json\/wp\/v2\/media?parent=2902"}],"wp:term":[{"taxonomy":"product_brand","embeddable":true,"href":"https:\/\/www.naturesgiftforlife.com\/fr\/wp-json\/wp\/v2\/product_brand?post=2902"},{"taxonomy":"product_cat","embeddable":true,"href":"https:\/\/www.naturesgiftforlife.com\/fr\/wp-json\/wp\/v2\/product_cat?post=2902"},{"taxonomy":"product_tag","embeddable":true,"href":"https:\/\/www.naturesgiftforlife.com\/fr\/wp-json\/wp\/v2\/product_tag?post=2902"}],"curies":[{"name":"wp","href":"https:\/\/api.w.org\/{rel}","templated":true}]}}