{"id":2898,"date":"2020-09-24T16:28:17","date_gmt":"2020-09-24T16:28:17","guid":{"rendered":"http:\/\/www.livehealthylivehappy.com\/new\/?post_type=product&#038;p=2898"},"modified":"2023-08-21T10:39:06","modified_gmt":"2023-08-21T10:39:06","slug":"serra-fibro-arthritis","status":"publish","type":"product","link":"https:\/\/www.naturesgiftforlife.com\/fr\/shop\/serra-fibro-arthritis\/","title":{"rendered":"NG4l Serra Fibro (Arthritis)"},"content":{"rendered":"<div data-elementor-type=\"wp-post\" data-elementor-id=\"2898\" class=\"elementor elementor-2898\">\n\t\t\t\t\t\t<section class=\"elementor-section elementor-top-section elementor-element elementor-element-8bcdc3b elementor-section-boxed elementor-section-height-default elementor-section-height-default\" data-id=\"8bcdc3b\" data-element_type=\"section\" data-e-type=\"section\">\n\t\t\t\t\t\t<div class=\"elementor-container elementor-column-gap-default\">\n\t\t\t\t\t<div class=\"elementor-column elementor-col-100 elementor-top-column elementor-element elementor-element-ea1549a\" data-id=\"ea1549a\" data-element_type=\"column\" data-e-type=\"column\">\n\t\t\t<div class=\"elementor-widget-wrap elementor-element-populated\">\n\t\t\t\t\t\t<div class=\"elementor-element elementor-element-3f98de9 elementor-widget elementor-widget-html\" data-id=\"3f98de9\" data-element_type=\"widget\" data-e-type=\"widget\" data-widget_type=\"html.default\">\n\t\t\t\t<div class=\"elementor-widget-container\">\n\t\t\t\t\t<a name=\"more\"><\/a>\t\t\t\t<\/div>\n\t\t\t\t<\/div>\n\t\t\t\t<div class=\"elementor-element elementor-element-0351dbd elementor-invisible elementor-widget elementor-widget-toggle\" data-id=\"0351dbd\" data-element_type=\"widget\" data-e-type=\"widget\" data-settings=\"{&quot;_animation&quot;:&quot;flash&quot;}\" data-widget_type=\"toggle.default\">\n\t\t\t\t<div class=\"elementor-widget-container\">\n\t\t\t\t\t\t\t<div class=\"elementor-toggle\">\n\t\t\t\t\t\t\t<div class=\"elementor-toggle-item\">\n\t\t\t\t\t<div id=\"elementor-tab-title-3481\" class=\"elementor-tab-title\" data-tab=\"1\" role=\"button\" aria-controls=\"elementor-tab-content-3481\" aria-expanded=\"false\">\n\t\t\t\t\t\t\t\t\t\t\t\t<span class=\"elementor-toggle-icon elementor-toggle-icon-left\" aria-hidden=\"true\">\n\t\t\t\t\t\t\t\t\t\t\t\t\t\t\t<span class=\"elementor-toggle-icon-closed\"><i class=\"far fa-caret-square-right\"><\/i><\/span>\n\t\t\t\t\t\t\t\t<span class=\"elementor-toggle-icon-opened\"><i class=\"elementor-toggle-icon-opened fas fa-caret-square-up\"><\/i><\/span>\n\t\t\t\t\t\t\t\t\t\t\t\t\t<\/span>\n\t\t\t\t\t\t\t\t\t\t\t\t<a class=\"elementor-toggle-title\" tabindex=\"0\">Description d\u00e9taill\u00e9e du produit \/ faits sur les suppl\u00e9ments<\/a>\n\t\t\t\t\t<\/div>\n\n\t\t\t\t\t<div id=\"elementor-tab-content-3481\" class=\"elementor-tab-content elementor-clearfix\" data-tab=\"1\" role=\"region\" aria-labelledby=\"elementor-tab-title-3481\"><p><span style=\"color: #000000;\"><strong><em>Serrapeptase \u2013 a systemic proteolytic, fibrinolytic and anti-oxidative enzyme inflammatory<\/em><\/strong><\/span><\/p><p><span style=\"color: #000000;\"><strong>\u00a0<\/strong><strong>Avantages <\/strong><\/span><\/p><ul><li><span style=\"color: #000000;\">R\u00e9duit l&#039;inflammation et la douleur chronique<\/span><\/li><li><span style=\"color: #000000;\">Amincit le sang et facilite la circulation sanguine<\/span><\/li><li><span style=\"color: #000000;\">R\u00e9duit la s\u00e9cr\u00e9tion excessive de mucus<\/span><\/li><\/ul><p style=\"text-align: center;\"><span style=\"color: #000000;\"><a class=\"buy\" style=\"color: #000000;\" href=\"https:\/\/www.naturesgiftforlife.com\/fr\/shop\/serra-fibro\/#buy\"><strong>ALLER ACHETER MAINTENANT<\/strong><\/a><\/span><\/p><p><span style=\"color: #000000;\"><a style=\"color: #000000;\" href=\"https:\/\/www.naturesgiftforlife.com\/fr\/shop\/pre-and-postnatal-formula\/\">Serrapeptase<\/a> is a proteolytic enzyme derived from the Serratia bacterium that lives in the gut of the silkworm. This enzyme has the ability to dissolve lifeless tissue while exerting no detrimental action on the host\u2019s living cells. Serrapeptase dissolves the protective cocoon of the silkworm and allows it to emerge and take flight. When this enzyme has been isolated, it has been shown to act as an anti-inflammatory and pain reliever in a manner quite similar to the action of <a style=\"color: #000000;\" href=\"https:\/\/www.rmbibow.com\/skincare\/body\/edible-massage-body-oil\/\" target=\"_blank\" rel=\"noopener\">aspirine<\/a>, ibuprofen or other non-steroidal anti-inflammatory drugs (NSAIDs). Clinical studies indicate that serrapeptase induces fibrinolytic, anti-inflammatory, and anti-dematous activity in many patients\u2019 tissues, and that its anti-inflammatory effects are superior to those of other proteolytic enzymes. In Germany and a number of other European countries, serrapeptase is recognized as a standard treatment for inflammation and traumatic swelling.<\/span><\/p><p><span style=\"color: #000000;\"><strong>LA DESCRIPTION:<\/strong> Our formula NG4L Serra \u2013 Fibro, is serrapeptase of 100% natural origin, developed from the serratia bacteria, to ensure the recognized beneficial principles of this enzyme in its natural form. Moreover, it is important to specify that about 50% of the enzyme can be destroyed in the stomach and therefore its effectiveness may seem almost nil. Our Formula NG4L Serra \u2013 Fibro benefits from a bio-enteric coating and therefore is not degraded by gastric juice. Many people lose their money or become demotivated by not buying the best.<\/span><\/p><p><span style=\"color: #000000;\">NG4L Serra \u2013 Fibro acts with great effectiveness by ensuring bioavailability of its active ingredient, serrapeptase, to reduce inflammation and chronic pain. Moreover, thanks to its remarkable ability to degrade fibrin, it thins the blood and facilitates blood circulation, which is of great importance.<\/span><\/p><p>PR\u00c9SENTATION: bo\u00eete de 60 g\u00e9lules<\/p><table><tbody><tr><td width=\"384\"><p>Portion Dose Par Bo\u00eete: 60<\/p><\/td><td colspan=\"2\" width=\"252\">\u00a0<\/td><\/tr><tr><td width=\"130\"><p>Ingr\u00e9dients<\/p><\/td><td width=\"75\"><p>Dosage<\/p><\/td><td width=\"177\"><p>% valeurs quotidiennes<\/p><\/td><\/tr><tr><td width=\"130\"><p>Serratiopeptidase<\/p><\/td><td width=\"75\"><p>500 mg<\/p><\/td><td width=\"177\"><p>*<\/p><\/td><\/tr><tr><td width=\"384\"><p>Autres ingr\u00e9dients:<br \/>* Valeurs journali\u00e8res % non \u00e9tablies<\/p><\/td><td>\u00a0<\/td><td>\u00a0<\/td><\/tr><\/tbody><\/table><\/div>\n\t\t\t\t<\/div>\n\t\t\t\t\t\t\t<div class=\"elementor-toggle-item\">\n\t\t\t\t\t<div id=\"elementor-tab-title-3482\" class=\"elementor-tab-title\" data-tab=\"2\" role=\"button\" aria-controls=\"elementor-tab-content-3482\" aria-expanded=\"false\">\n\t\t\t\t\t\t\t\t\t\t\t\t<span class=\"elementor-toggle-icon elementor-toggle-icon-left\" aria-hidden=\"true\">\n\t\t\t\t\t\t\t\t\t\t\t\t\t\t\t<span class=\"elementor-toggle-icon-closed\"><i class=\"far fa-caret-square-right\"><\/i><\/span>\n\t\t\t\t\t\t\t\t<span class=\"elementor-toggle-icon-opened\"><i class=\"elementor-toggle-icon-opened fas fa-caret-square-up\"><\/i><\/span>\n\t\t\t\t\t\t\t\t\t\t\t\t\t<\/span>\n\t\t\t\t\t\t\t\t\t\t\t\t<a class=\"elementor-toggle-title\" tabindex=\"0\">..<\/a>\n\t\t\t\t\t<\/div>\n\n\t\t\t\t\t<div id=\"elementor-tab-content-3482\" class=\"elementor-tab-content elementor-clearfix\" data-tab=\"2\" role=\"region\" aria-labelledby=\"elementor-tab-title-3482\"><\/div>\n\t\t\t\t<\/div>\n\t\t\t\t\t\t\t\t<\/div>\n\t\t\t\t\t\t<\/div>\n\t\t\t\t<\/div>\n\t\t\t\t\t<\/div>\n\t\t<\/div>\n\t\t\t\t\t<\/div>\n\t\t<\/section>\n\t\t\t\t<\/div>","protected":false},"excerpt":{"rendered":"<p><a name=\"buy\"><\/a><br \/>\n<span style=\"text-decoration: underline; color: #3366ff;\"><strong>Avantages de ce produit pour l&#039;arthrite\u00a0<\/strong><\/span><\/p>\n<ul>\n<li><strong><span style=\"font-family: go;\"><span style=\"font-size: medium;\"><span class=\"fontstyle0\">Combat l&#039;inflammation et r\u00e9duit consid\u00e9rablement la douleur en bloquant la lib\u00e9ration d&#039;amines douloureuses par les tissus enflamm\u00e9s.<\/span><br \/>\n<\/span><\/span><\/strong><\/li>\n<\/ul>\n<p><strong>\u00a0\u00a0\u00a0\u00a0\u00a0 &gt;&gt;&gt;<span style=\"font-family: go; font-size: 14pt;\"><a href=\"#more\"><span style=\"color: #0000ff;\">Lire la suite<\/span><\/a><\/span><\/strong><\/p>","protected":false},"featured_media":2900,"comment_status":"open","ping_status":"closed","template":"","meta":{"nf_dc_page":"","_bbp_topic_count":0,"_bbp_reply_count":0,"_bbp_total_topic_count":0,"_bbp_total_reply_count":0,"_bbp_voice_count":0,"_bbp_anonymous_reply_count":0,"_bbp_topic_count_hidden":0,"_bbp_reply_count_hidden":0,"_bbp_forum_subforum_count":0},"product_brand":[],"product_cat":[113],"product_tag":[],"class_list":{"0":"post-2898","1":"product","2":"type-product","3":"status-publish","4":"has-post-thumbnail","6":"product_cat-arthritis","8":"first","9":"instock","10":"featured","11":"shipping-taxable","12":"purchasable","13":"product-type-bundle"},"bundled_by":[],"bundle_stock_status":"instock","bundle_stock_quantity":"","bundle_virtual":false,"bundle_layout":"default","bundle_add_to_cart_form_location":"default","bundle_editable_in_cart":false,"bundle_sold_individually_context":"product","bundle_item_grouping":"noindent","bundle_min_size":"","bundle_max_size":"","bundled_items":[{"bundled_item_id":19,"product_id":10572,"menu_order":0,"quantity_min":1,"quantity_max":"","quantity_default":1,"priced_individually":false,"shipped_individually":false,"override_title":false,"title":"","override_description":false,"description":"","optional":true,"hide_thumbnail":false,"discount":"","override_variations":false,"allowed_variations":[],"override_default_variation_attributes":false,"default_variation_attributes":[],"single_product_visibility":"hidden","cart_visibility":"hidden","order_visibility":"visible","single_product_price_visibility":"visible","cart_price_visibility":"visible","order_price_visibility":"visible","stock_status":"in_stock"}],"bundle_sell_ids":[],"_links":{"self":[{"href":"https:\/\/www.naturesgiftforlife.com\/fr\/wp-json\/wp\/v2\/product\/2898","targetHints":{"allow":["GET"]}}],"collection":[{"href":"https:\/\/www.naturesgiftforlife.com\/fr\/wp-json\/wp\/v2\/product"}],"about":[{"href":"https:\/\/www.naturesgiftforlife.com\/fr\/wp-json\/wp\/v2\/types\/product"}],"replies":[{"embeddable":true,"href":"https:\/\/www.naturesgiftforlife.com\/fr\/wp-json\/wp\/v2\/comments?post=2898"}],"version-history":[{"count":0,"href":"https:\/\/www.naturesgiftforlife.com\/fr\/wp-json\/wp\/v2\/product\/2898\/revisions"}],"wp:featuredmedia":[{"embeddable":true,"href":"https:\/\/www.naturesgiftforlife.com\/fr\/wp-json\/wp\/v2\/media\/2900"}],"wp:attachment":[{"href":"https:\/\/www.naturesgiftforlife.com\/fr\/wp-json\/wp\/v2\/media?parent=2898"}],"wp:term":[{"taxonomy":"product_brand","embeddable":true,"href":"https:\/\/www.naturesgiftforlife.com\/fr\/wp-json\/wp\/v2\/product_brand?post=2898"},{"taxonomy":"product_cat","embeddable":true,"href":"https:\/\/www.naturesgiftforlife.com\/fr\/wp-json\/wp\/v2\/product_cat?post=2898"},{"taxonomy":"product_tag","embeddable":true,"href":"https:\/\/www.naturesgiftforlife.com\/fr\/wp-json\/wp\/v2\/product_tag?post=2898"}],"curies":[{"name":"wp","href":"https:\/\/api.w.org\/{rel}","templated":true}]}}