{"id":2861,"date":"2020-09-24T10:58:47","date_gmt":"2020-09-24T10:58:47","guid":{"rendered":"http:\/\/www.livehealthylivehappy.com\/new\/?post_type=product&#038;p=2861"},"modified":"2023-08-21T10:49:24","modified_gmt":"2023-08-21T10:49:24","slug":"cordyceps-chronic-fatigue","status":"publish","type":"product","link":"https:\/\/www.naturesgiftforlife.com\/fr\/shop\/cordyceps-chronic-fatigue\/","title":{"rendered":"Cordyceps (fatigue chronique)"},"content":{"rendered":"<div data-elementor-type=\"wp-post\" data-elementor-id=\"2861\" class=\"elementor elementor-2861\">\n\t\t\t\t\t\t<section class=\"elementor-section elementor-top-section elementor-element elementor-element-5f3a700 elementor-section-boxed elementor-section-height-default elementor-section-height-default\" data-id=\"5f3a700\" data-element_type=\"section\" data-e-type=\"section\">\n\t\t\t\t\t\t<div class=\"elementor-container elementor-column-gap-default\">\n\t\t\t\t\t<div class=\"elementor-column elementor-col-100 elementor-top-column elementor-element elementor-element-3de110f\" data-id=\"3de110f\" data-element_type=\"column\" data-e-type=\"column\">\n\t\t\t<div class=\"elementor-widget-wrap elementor-element-populated\">\n\t\t\t\t\t\t<div class=\"elementor-element elementor-element-e03d76e elementor-widget elementor-widget-html\" data-id=\"e03d76e\" data-element_type=\"widget\" data-e-type=\"widget\" data-widget_type=\"html.default\">\n\t\t\t\t<div class=\"elementor-widget-container\">\n\t\t\t\t\t<a name=\"more\"><\/a>\t\t\t\t<\/div>\n\t\t\t\t<\/div>\n\t\t\t\t<div class=\"elementor-element elementor-element-2702d7f elementor-invisible elementor-widget elementor-widget-toggle\" data-id=\"2702d7f\" data-element_type=\"widget\" data-e-type=\"widget\" data-settings=\"{&quot;_animation&quot;:&quot;flash&quot;}\" data-widget_type=\"toggle.default\">\n\t\t\t\t<div class=\"elementor-widget-container\">\n\t\t\t\t\t\t\t<div class=\"elementor-toggle\">\n\t\t\t\t\t\t\t<div class=\"elementor-toggle-item\">\n\t\t\t\t\t<div id=\"elementor-tab-title-4091\" class=\"elementor-tab-title\" data-tab=\"1\" role=\"button\" aria-controls=\"elementor-tab-content-4091\" aria-expanded=\"false\">\n\t\t\t\t\t\t\t\t\t\t\t\t<span class=\"elementor-toggle-icon elementor-toggle-icon-left\" aria-hidden=\"true\">\n\t\t\t\t\t\t\t\t\t\t\t\t\t\t\t<span class=\"elementor-toggle-icon-closed\"><i class=\"far fa-caret-square-right\"><\/i><\/span>\n\t\t\t\t\t\t\t\t<span class=\"elementor-toggle-icon-opened\"><i class=\"elementor-toggle-icon-opened fas fa-caret-square-up\"><\/i><\/span>\n\t\t\t\t\t\t\t\t\t\t\t\t\t<\/span>\n\t\t\t\t\t\t\t\t\t\t\t\t<a class=\"elementor-toggle-title\" tabindex=\"0\">Description d\u00e9taill\u00e9e du produit \/ faits sur les suppl\u00e9ments<\/a>\n\t\t\t\t\t<\/div>\n\n\t\t\t\t\t<div id=\"elementor-tab-content-4091\" class=\"elementor-tab-content elementor-clearfix\" data-tab=\"1\" role=\"region\" aria-labelledby=\"elementor-tab-title-4091\"><p class=\"P1\"><span style=\"font-family: Arial, Helvetica, sans-serif; color: #000000;\">Excellent adaptogenic and immune boosting herbs that have immune modulating and cleansing capabilities. These tonic energy boosters also enhance the function of natural killer cells\u200b\u200b\u00a0and helper T-cells.<\/span><\/p><p><span style=\"font-family: Arial, Helvetica, sans-serif; color: #000000;\"><strong><em>Fatigue chronique<\/em><\/strong><\/span><\/p><p><span style=\"font-family: Arial, Helvetica, sans-serif; color: #000000;\">Un bon indicateur de l&#039;efficacit\u00e9 du Cordyceps dans le traitement de la fatigue chronique est son utilisation par les athl\u00e8tes chinois comme suppl\u00e9ment sportif \u00e0 des fins de r\u00e9cup\u00e9ration post-exercice. En fait, c&#039;est un compl\u00e9ment sportif courant pour les athl\u00e8tes aux \u00c9tats-Unis. C&#039;est \u00e9galement une plante commune pour les personnes vivant dans les hautes montagnes car elle leur donne de l&#039;\u00e9nergie et gu\u00e9rit les sympt\u00f4mes du mal de l&#039;altitude. La plupart des alpinistes de haute altitude utilisent \u00e9galement du Cordyceps r\u00e9guli\u00e8rement.<\/span><\/p><p><span style=\"font-family: Arial, Helvetica, sans-serif; color: #000000;\">Dans une \u00e9tude clinique contr\u00f4l\u00e9e versus placebo chez des patients \u00e2g\u00e9s souffrant de fatigue chronique, le r\u00e9sultat a indiqu\u00e9 que les patients ont pr\u00e9sent\u00e9 une am\u00e9lioration clinique significative dans les domaines de la fatigue, de l&#039;intol\u00e9rance au froid, des \u00e9tourdissements, des nycturies fr\u00e9quentes, des acouph\u00e8nes, de l&#039;hyposexualit\u00e9 et de l&#039;amn\u00e9sie. Une autre \u00e9tude similaire a montr\u00e9 que Cordyceps avait une augmentation significative de la production d&#039;\u00e9nergie et de la capacit\u00e9 en oxyg\u00e8ne apr\u00e8s 6 semaines sur Cordyceps.<\/span><\/p><p><span style=\"font-family: Arial, Helvetica, sans-serif; color: #000000;\">La recherche a indiqu\u00e9 que les patients souffrant de fatigue chronique ont une forme inhabituelle d&#039;insuffisance surr\u00e9nalienne et des niveaux \u00e9lev\u00e9s d&#039;hormones m\u00e2les. L&#039;insuffisance surr\u00e9nalienne peut entra\u00eener des anomalies neuropsychologiques et un dysfonctionnement musculaire. Cordyceps peut en effet aider \u00e0 am\u00e9liorer la fonction du cortex surr\u00e9nalien et \u00e0 mod\u00e9rer un dysfonctionnement des performances musculaires respiratoires.<\/span><\/p><p><span style=\"font-family: Arial, Helvetica, sans-serif; color: #000000;\">D&#039;autres recherches ont rapport\u00e9 que l&#039;effet cl\u00e9 du Cordyceps sur la fatigue est d&#039;aider les patients \u00e0 augmenter l&#039;utilisation de l&#039;oxyg\u00e8ne et la production d&#039;ATP ainsi qu&#039;\u00e0 stabiliser le m\u00e9tabolisme de la glyc\u00e9mie.<\/span><\/p><div class=\"dxoResponsiveTable\"><table class=\"Table6\" style=\"height: 309px;\" width=\"384\"><colgroup><col class=\"TableColumn7\" data-colwidth=\"6.518\" data-colwidthunits=\"in\" \/><\/colgroup><tbody><tr class=\"TableRow8\"><td class=\"TableCell9\"><p class=\"P10\"><span style=\"font-family: Arial, Helvetica, sans-serif; color: #000000;\">Faits sur les suppl\u00e9ments<\/span><\/p><p class=\"P11\"><span style=\"font-family: Arial, Helvetica, sans-serif; color: #000000;\">Portion: une (1) capsule<\/span><\/p><\/td><\/tr><tr class=\"TableRow12\"><td class=\"TableCell13\"><p class=\"P14\"><span style=\"font-family: Arial, Helvetica, sans-serif; color: #000000;\">\u00a0\u200b\u200b\u00a0\u200b\u200b\u00a0\u200b\u200b\u00a0\u200b\u200b\u00a0\u200b\u200b\u00a0\u200b\u200b\u00a0\u200b\u200b\u00a0\u200b\u200b\u00a0\u200b\u200b\u00a0\u200b\u200b\u00a0\u200b\u200b\u00a0\u200b\u200b\u00a0\u200b\u200b\u00a0\u200b\u200b\u00a0\u200b\u200b\u00a0\u200b\u200b\u00a0\u200b\u200b\u00a0\u200b\u200b\u00a0\u200b\u200b\u00a0\u200b\u200b\u00a0\u200b\u200b\u00a0\u200b\u200b\u00a0\u200b\u200b\u00a0\u200b\u200b\u00a0\u200b\u200b\u00a0\u200b\u200b\u00a0\u200b\u200b\u00a0\u200b\u200b\u00a0\u200b\u200b\u00a0\u200b\u200b\u00a0\u200b\u200b\u00a0\u200b\u200b\u00a0\u200b\u200b\u00a0\u200b\u200b\u00a0\u200b\u200b\u00a0\u200b\u200b\u00a0\u200b\u200b\u00a0\u200b\u200b\u00a0\u200b\u200b\u00a0\u200b\u200b\u00a0\u200b\u200b\u00a0\u200b\u200b\u00a0\u200b\u200b\u00a0\u200b\u200b\u00a0\u200b\u200b\u00a0\u200b\u200b\u00a0\u200b\u200b\u00a0\u200b\u200b\u00a0\u200b\u200b\u00a0\u200b\u200b\u00a0\u200b\u200b\u00a0\u200b\u200b\u00a0\u200b\u200b\u00a0\u200b\u200b\u00a0\u200b\u200b\u00a0\u200b\u200b\u00a0\u200b\u200b\u00a0\u200b\u200b\u00a0\u200b\u200b\u00a0\u200b\u200b\u00a0\u200b\u200b\u00a0\u200b\u200b\u00a0\u200b\u200b\u00a0\u200b\u200b\u00a0\u200b\u200b\u00a0\u200b\u200b\u00a0\u200b\u200b\u00a0\u200b\u200b\u00a0\u200b\u200b\u00a0\u200b\u200b\u00a0\u200b\u200b\u00a0\u200b\u200b\u00a0\u200b\u200b\u00a0\u200b\u200b\u00a0\u200b\u200b\u00a0\u200b\u200b\u00a0\u200b\u200b\u00a0\u200b\u200b\u00a0\u200b\u200b\u200b\u200b\u00a0Amount Per Serving \u200b\u200b\u00a0%Daily Value<\/span><\/p><\/td><\/tr><tr class=\"TableRow15\"><td class=\"TableCell16\"><p class=\"P17\"><span style=\"font-family: Arial, Helvetica, sans-serif; color: #000000;\">Cordyceps Sinensis Powder \u00a0\u200b\u200b\u00a0\u200b\u200b\u00a0\u200b\u200b\u00a0\u200b\u200b\u00a0\u200b\u200b\u00a0\u200b\u200b\u00a0\u200b\u200b\u00a0\u200b\u200b\u00a0\u200b\u200b\u00a0\u200b\u200b\u00a0\u200b\u200b\u00a0\u200b\u200b\u00a0\u200b\u200b\u00a0\u200b\u200b\u00a0\u200b\u200b\u00a0\u200b\u200b\u00a0\u200b\u200b\u00a0\u200b\u200b\u00a0\u200b\u200b\u00a0\u200b\u200b\u00a0\u200b\u200b\u00a0\u200b\u200b\u00a0\u200b\u200b\u00a0\u200b\u200b\u00a0\u200b\u200b\u00a0\u200b\u200b\u00a0\u200b\u200b\u00a0\u200b\u200b\u00a0\u200b\u200b\u00a0\u200b\u200b\u00a0\u200b\u200b\u00a0\u200b\u200b\u00a0\u200b\u200b\u00a0\u200b\u200b\u00a0\u200b\u200b\u00a0\u200b\u200b\u00a0\u200b\u200b\u00a0\u200b\u200b\u00a0\u200b\u200b\u00a0\u200b\u200b\u00a0\u200b\u200b\u00a0\u200b\u200b\u00a0\u200b\u200b\u00a0\u200b\u200b\u00a0\u200b\u200b\u00a0\u200b\u200b\u00a0\u200b\u200b\u200b\u200b\u00a0500mg *\u200b\u200b\u00a0<\/span><\/p><\/td><\/tr><tr class=\"TableRow18\"><td class=\"TableCell19\"><p class=\"P20\"><span style=\"font-family: Arial, Helvetica, sans-serif; color: #000000;\">* Valeur quotidienne non \u00e9tablie<\/span><\/p><p class=\"P21\"><span style=\"font-family: Arial, Helvetica, sans-serif; color: #000000;\">Autres ingr\u00e9dients : G\u00e9latine. St\u00e9arate de magn\u00e9sium<\/span><\/p><\/td><\/tr><\/tbody><\/table><\/div><p class=\"P22\">\u00a0<\/p><\/div>\n\t\t\t\t<\/div>\n\t\t\t\t\t\t\t<div class=\"elementor-toggle-item\">\n\t\t\t\t\t<div id=\"elementor-tab-title-4092\" class=\"elementor-tab-title\" data-tab=\"2\" role=\"button\" aria-controls=\"elementor-tab-content-4092\" aria-expanded=\"false\">\n\t\t\t\t\t\t\t\t\t\t\t\t<span class=\"elementor-toggle-icon elementor-toggle-icon-left\" aria-hidden=\"true\">\n\t\t\t\t\t\t\t\t\t\t\t\t\t\t\t<span class=\"elementor-toggle-icon-closed\"><i class=\"far fa-caret-square-right\"><\/i><\/span>\n\t\t\t\t\t\t\t\t<span class=\"elementor-toggle-icon-opened\"><i class=\"elementor-toggle-icon-opened fas fa-caret-square-up\"><\/i><\/span>\n\t\t\t\t\t\t\t\t\t\t\t\t\t<\/span>\n\t\t\t\t\t\t\t\t\t\t\t\t<a class=\"elementor-toggle-title\" tabindex=\"0\">..<\/a>\n\t\t\t\t\t<\/div>\n\n\t\t\t\t\t<div id=\"elementor-tab-content-4092\" class=\"elementor-tab-content elementor-clearfix\" data-tab=\"2\" role=\"region\" aria-labelledby=\"elementor-tab-title-4092\"><\/div>\n\t\t\t\t<\/div>\n\t\t\t\t\t\t\t\t<\/div>\n\t\t\t\t\t\t<\/div>\n\t\t\t\t<\/div>\n\t\t\t\t\t<\/div>\n\t\t<\/div>\n\t\t\t\t\t<\/div>\n\t\t<\/section>\n\t\t\t\t<\/div>","protected":false},"excerpt":{"rendered":"<p><a name=\"buy\"><\/a><br \/>\n<span style=\"text-decoration: underline; color: #3366ff;\"><b style=\"color: #3366ff;\">Avantages de ce produit pour les chroniques <\/b><span style=\"color: #3366ff;\"><b><u>Fatigue<\/u><\/b><\/span><b style=\"color: #3366ff;\">\u00a0<\/b><\/span><\/p>\n<ul>\n<li><span style=\"font-family: go;\"><span class=\"fontstyle0\"><span style=\"font-family: go;\"><b style=\"font-family: go;\">Contient d&#039;excellents <\/b><span style=\"font-family: go;\"><b>apoptog\u00e8ne<\/b><\/span><b style=\"font-family: go;\"> et herbes stimulantes immunitaires qui ont des capacit\u00e9s de modulation et de nettoyage immunitaires <\/b><\/span><br \/>\n<\/span><\/span><\/li>\n<\/ul>\n<p><strong>\u00a0\u00a0\u00a0\u00a0\u00a0 &gt;&gt;&gt;<span style=\"font-family: go; font-size: 14pt;\"><a href=\"#more\"><span style=\"color: #0000ff;\">Lire la suite<\/span><\/a><\/span><\/strong><\/p>","protected":false},"featured_media":1218,"comment_status":"open","ping_status":"closed","template":"","meta":{"nf_dc_page":"","_bbp_topic_count":0,"_bbp_reply_count":0,"_bbp_total_topic_count":0,"_bbp_total_reply_count":0,"_bbp_voice_count":0,"_bbp_anonymous_reply_count":0,"_bbp_topic_count_hidden":0,"_bbp_reply_count_hidden":0,"_bbp_forum_subforum_count":0},"product_brand":[],"product_cat":[133],"product_tag":[],"class_list":{"0":"post-2861","1":"product","2":"type-product","3":"status-publish","4":"has-post-thumbnail","6":"product_cat-chronic-fatigue","8":"first","9":"instock","10":"shipping-taxable","11":"purchasable","12":"product-type-bundle"},"bundled_by":[],"bundle_stock_status":"instock","bundle_stock_quantity":"","bundle_virtual":false,"bundle_layout":"default","bundle_add_to_cart_form_location":"default","bundle_editable_in_cart":false,"bundle_sold_individually_context":"product","bundle_item_grouping":"noindent","bundle_min_size":"","bundle_max_size":"","bundled_items":[{"bundled_item_id":13,"product_id":593,"menu_order":0,"quantity_min":1,"quantity_max":"","quantity_default":1,"priced_individually":false,"shipped_individually":false,"override_title":false,"title":"","override_description":false,"description":"","optional":true,"hide_thumbnail":false,"discount":"","override_variations":false,"allowed_variations":[],"override_default_variation_attributes":false,"default_variation_attributes":[],"single_product_visibility":"hidden","cart_visibility":"hidden","order_visibility":"visible","single_product_price_visibility":"visible","cart_price_visibility":"visible","order_price_visibility":"visible","stock_status":"out_of_stock"}],"bundle_sell_ids":[],"_links":{"self":[{"href":"https:\/\/www.naturesgiftforlife.com\/fr\/wp-json\/wp\/v2\/product\/2861","targetHints":{"allow":["GET"]}}],"collection":[{"href":"https:\/\/www.naturesgiftforlife.com\/fr\/wp-json\/wp\/v2\/product"}],"about":[{"href":"https:\/\/www.naturesgiftforlife.com\/fr\/wp-json\/wp\/v2\/types\/product"}],"replies":[{"embeddable":true,"href":"https:\/\/www.naturesgiftforlife.com\/fr\/wp-json\/wp\/v2\/comments?post=2861"}],"version-history":[{"count":0,"href":"https:\/\/www.naturesgiftforlife.com\/fr\/wp-json\/wp\/v2\/product\/2861\/revisions"}],"wp:featuredmedia":[{"embeddable":true,"href":"https:\/\/www.naturesgiftforlife.com\/fr\/wp-json\/wp\/v2\/media\/1218"}],"wp:attachment":[{"href":"https:\/\/www.naturesgiftforlife.com\/fr\/wp-json\/wp\/v2\/media?parent=2861"}],"wp:term":[{"taxonomy":"product_brand","embeddable":true,"href":"https:\/\/www.naturesgiftforlife.com\/fr\/wp-json\/wp\/v2\/product_brand?post=2861"},{"taxonomy":"product_cat","embeddable":true,"href":"https:\/\/www.naturesgiftforlife.com\/fr\/wp-json\/wp\/v2\/product_cat?post=2861"},{"taxonomy":"product_tag","embeddable":true,"href":"https:\/\/www.naturesgiftforlife.com\/fr\/wp-json\/wp\/v2\/product_tag?post=2861"}],"curies":[{"name":"wp","href":"https:\/\/api.w.org\/{rel}","templated":true}]}}