{"id":2839,"date":"2020-09-24T10:30:56","date_gmt":"2020-09-24T10:30:56","guid":{"rendered":"http:\/\/www.livehealthylivehappy.com\/new\/?post_type=product&#038;p=2839"},"modified":"2023-08-21T10:54:11","modified_gmt":"2023-08-21T10:54:11","slug":"i3c-broccoli-extract-cancer","status":"publish","type":"product","link":"https:\/\/www.naturesgiftforlife.com\/fr\/shop\/i3c-broccoli-extract-cancer\/","title":{"rendered":"Extrait de brocoli I3C (cancer)"},"content":{"rendered":"<div data-elementor-type=\"wp-post\" data-elementor-id=\"2839\" class=\"elementor elementor-2839\">\n\t\t\t\t\t\t<section class=\"elementor-section elementor-top-section elementor-element elementor-element-bac5a7e elementor-section-boxed elementor-section-height-default elementor-section-height-default\" data-id=\"bac5a7e\" data-element_type=\"section\" data-e-type=\"section\">\n\t\t\t\t\t\t<div class=\"elementor-container elementor-column-gap-default\">\n\t\t\t\t\t<div class=\"elementor-column elementor-col-100 elementor-top-column elementor-element elementor-element-ca0d9b7\" data-id=\"ca0d9b7\" data-element_type=\"column\" data-e-type=\"column\">\n\t\t\t<div class=\"elementor-widget-wrap elementor-element-populated\">\n\t\t\t\t\t\t<div class=\"elementor-element elementor-element-ff91cd5 elementor-widget elementor-widget-html\" data-id=\"ff91cd5\" data-element_type=\"widget\" data-e-type=\"widget\" data-widget_type=\"html.default\">\n\t\t\t\t<div class=\"elementor-widget-container\">\n\t\t\t\t\t<a name=\"more\"><\/a>\t\t\t\t<\/div>\n\t\t\t\t<\/div>\n\t\t\t\t<div class=\"elementor-element elementor-element-79a4d85 elementor-invisible elementor-widget elementor-widget-toggle\" data-id=\"79a4d85\" data-element_type=\"widget\" data-e-type=\"widget\" data-settings=\"{&quot;_animation&quot;:&quot;flash&quot;}\" data-widget_type=\"toggle.default\">\n\t\t\t\t<div class=\"elementor-widget-container\">\n\t\t\t\t\t\t\t<div class=\"elementor-toggle\">\n\t\t\t\t\t\t\t<div class=\"elementor-toggle-item\">\n\t\t\t\t\t<div id=\"elementor-tab-title-1271\" class=\"elementor-tab-title\" data-tab=\"1\" role=\"button\" aria-controls=\"elementor-tab-content-1271\" aria-expanded=\"false\">\n\t\t\t\t\t\t\t\t\t\t\t\t<span class=\"elementor-toggle-icon elementor-toggle-icon-left\" aria-hidden=\"true\">\n\t\t\t\t\t\t\t\t\t\t\t\t\t\t\t<span class=\"elementor-toggle-icon-closed\"><i class=\"far fa-caret-square-right\"><\/i><\/span>\n\t\t\t\t\t\t\t\t<span class=\"elementor-toggle-icon-opened\"><i class=\"elementor-toggle-icon-opened fas fa-caret-square-up\"><\/i><\/span>\n\t\t\t\t\t\t\t\t\t\t\t\t\t<\/span>\n\t\t\t\t\t\t\t\t\t\t\t\t<a class=\"elementor-toggle-title\" tabindex=\"0\">Description d\u00e9taill\u00e9e du produit \/ faits sur les suppl\u00e9ments<\/a>\n\t\t\t\t\t<\/div>\n\n\t\t\t\t\t<div id=\"elementor-tab-content-1271\" class=\"elementor-tab-content elementor-clearfix\" data-tab=\"1\" role=\"region\" aria-labelledby=\"elementor-tab-title-1271\"><p class=\"P1\"><span style=\"font-family: Arial, Helvetica, sans-serif; color: #000000;\">L&#039;indole-3-carbinol (I3C) influence le cycle cellulaire, le processus par lequel les cellules se divisent.<\/span><\/p><p class=\"P6\"><span style=\"font-family: Arial, Helvetica, sans-serif; color: #000000;\">Des \u00e9tudes r\u00e9centes continuent de confirmer cet effet, montrant que l&#039;I3C inhibe la croissance des cellules canc\u00e9reuses et emp\u00eache la division des cellules canc\u00e9reuses en bloquant la duplication de l&#039;ADN. De plus, dans les cellules canc\u00e9reuses, il d\u00e9clenche l&#039;apoptose (mort cellulaire). Efficace pour le cancer du sein, du col de l&#039;ut\u00e9rus, du c\u00f4lon et de la prostate<\/span><\/p><p class=\"P7\"><span style=\"font-family: Arial, Helvetica, sans-serif; color: #000000;\"><strong>Cancer:<\/strong> Plusieurs \u00e9tudes ont montr\u00e9 qu&#039;une consommation r\u00e9guli\u00e8re de l\u00e9gumes de la famille des crucif\u00e8res (ex : brocoli, chou-fleur, chou, choux de Bruxelles) pouvait pr\u00e9venir certains cancers, comme ceux du poumon, des ovaires, de la prostate et des reins. En particulier, le brocoli, consomm\u00e9 au moins quelques fois par semaine, peut \u00eatre associ\u00e9 \u00e0 un risque moindre de cancer colorectal, de l&#039;estomac, du poumon, de la prostate et du sein chez les femmes pr\u00e9-m\u00e9nopaus\u00e9es. Une \u00e9tude r\u00e9cente a r\u00e9v\u00e9l\u00e9 que la consommation r\u00e9guli\u00e8re de brocoli peut augmenter les chances de survie pour le cancer de la vessie. Des \u00e9tudes \u00e9pid\u00e9miologiques indiquent que les l\u00e9gumes crucif\u00e8res, dont le brocoli, offrent plus de protection contre plusieurs types de cancer que les fruits et l\u00e9gumes en g\u00e9n\u00e9ral. Plusieurs \u00e9tudes montrent que la consommation de 3 \u00e0 5 portions de l\u00e9gumes crucif\u00e8res par semaine offre une protection significative contre le cancer.<\/span><\/p><p class=\"P8\"><span style=\"font-family: Arial, Helvetica, sans-serif; color: #000000;\"><span class=\"T9\"><strong>PR\u00c9SENTATION<\/strong>:<\/span><span class=\"T10\">\u200b\u200b\u00a0box of 60 capsules<\/span><\/span><\/p><div class=\"dxoResponsiveTable\"><table class=\"Table11\"><colgroup> <col class=\"TableColumn12\" data-colwidth=\"2.443\" data-colwidthunits=\"in\" \/> <col class=\"TableColumn13\" data-colwidth=\"1.4833\" data-colwidthunits=\"in\" \/> <col class=\"TableColumn14\" data-colwidth=\"1.6173\" data-colwidthunits=\"in\" \/><\/colgroup><tbody><tr class=\"TableRow15\"><td class=\"TableCell16\" colspan=\"3\"><p class=\"P17\"><span style=\"font-family: Arial, Helvetica, sans-serif; color: #000000;\"><span class=\"T18\">Taille d&#039;une portion: 1<\/span><span class=\"T19\">\u2003Dose<\/span><span class=\"T20\">\u200b\u200b\u00a0<\/span><span class=\"T21\">par bo\u00eete: 60<\/span><\/span><\/p><\/td><\/tr><tr class=\"TableRow22\"><td class=\"TableCell23\"><p class=\"P24\"><span style=\"font-family: Arial, Helvetica, sans-serif; color: #000000;\">Ingr\u00e9dients<\/span><\/p><\/td><td class=\"TableCell25\"><p class=\"P26\"><span style=\"font-family: Arial, Helvetica, sans-serif; color: #000000;\">Quantit\u00e9 par dose<\/span><\/p><\/td><td class=\"TableCell27\"><p class=\"P28\"><span style=\"font-family: Arial, Helvetica, sans-serif; color: #000000;\">% valeurs quotidiennes<\/span><\/p><\/td><\/tr><tr class=\"TableRow29\"><td class=\"TableCell30\"><p class=\"P31\"><span style=\"font-family: Arial, Helvetica, sans-serif; color: #000000;\">Indole-3-carbinol<\/span><\/p><\/td><td class=\"TableCell32\"><p class=\"P33\"><span class=\"T34\" style=\"font-family: Arial, Helvetica, sans-serif; color: #000000;\">200 mg<\/span><\/p><\/td><td class=\"TableCell35\"><p class=\"P36\"><span class=\"T37\" style=\"font-family: Arial, Helvetica, sans-serif; color: #000000;\">*<\/span><\/p><\/td><\/tr><tr class=\"TableRow38\"><td class=\"TableCell39\"><p class=\"P40\"><span class=\"T41\" style=\"font-family: Arial, Helvetica, sans-serif; color: #000000;\">Extrait de brocoli (std 0.5%sulforaphane)<\/span><\/p><\/td><td class=\"TableCell42\"><p class=\"P43\"><span class=\"T44\" style=\"font-family: Arial, Helvetica, sans-serif; color: #000000;\">150 mg<\/span><\/p><\/td><td class=\"TableCell45\"><p class=\"P46\"><span class=\"T47\" style=\"font-family: Arial, Helvetica, sans-serif; color: #000000;\">*<\/span><\/p><\/td><\/tr><tr class=\"TableRow48\"><td class=\"TableCell49\" colspan=\"3\"><p class=\"P50\"><span style=\"font-family: Arial, Helvetica, sans-serif; color: #000000;\"><span class=\"T51\">\u200b\u200b\u00a0Other ingredients: gelatin, magnesium stearate, silicone dioxide<\/span><span class=\"T52\">\u2003<\/span><\/span><\/p><\/td><\/tr><\/tbody><\/table><\/div><\/div>\n\t\t\t\t<\/div>\n\t\t\t\t\t\t\t<div class=\"elementor-toggle-item\">\n\t\t\t\t\t<div id=\"elementor-tab-title-1272\" class=\"elementor-tab-title\" data-tab=\"2\" role=\"button\" aria-controls=\"elementor-tab-content-1272\" aria-expanded=\"false\">\n\t\t\t\t\t\t\t\t\t\t\t\t<span class=\"elementor-toggle-icon elementor-toggle-icon-left\" aria-hidden=\"true\">\n\t\t\t\t\t\t\t\t\t\t\t\t\t\t\t<span class=\"elementor-toggle-icon-closed\"><i class=\"far fa-caret-square-right\"><\/i><\/span>\n\t\t\t\t\t\t\t\t<span class=\"elementor-toggle-icon-opened\"><i class=\"elementor-toggle-icon-opened fas fa-caret-square-up\"><\/i><\/span>\n\t\t\t\t\t\t\t\t\t\t\t\t\t<\/span>\n\t\t\t\t\t\t\t\t\t\t\t\t<a class=\"elementor-toggle-title\" tabindex=\"0\">..<\/a>\n\t\t\t\t\t<\/div>\n\n\t\t\t\t\t<div id=\"elementor-tab-content-1272\" class=\"elementor-tab-content elementor-clearfix\" data-tab=\"2\" role=\"region\" aria-labelledby=\"elementor-tab-title-1272\"><\/div>\n\t\t\t\t<\/div>\n\t\t\t\t\t\t\t\t<\/div>\n\t\t\t\t\t\t<\/div>\n\t\t\t\t<\/div>\n\t\t\t\t\t<\/div>\n\t\t<\/div>\n\t\t\t\t\t<\/div>\n\t\t<\/section>\n\t\t\t\t<\/div>","protected":false},"excerpt":{"rendered":"<p><a name=\"buy\"><\/a><\/p>\n<p><span style=\"text-decoration: underline; color: #3366ff;\"><strong>Avantages de ce produit pour le cancer<\/strong><\/span><\/p>\n<ul>\n<li>Extrait de brocoli I3C (cancer)<\/li>\n<li><span style=\"font-family: go;\"><strong>Pr\u00e9vient tous les types de cancer<\/strong><\/span><\/li>\n<li><span style=\"font-family: go;\"><strong>Pr\u00e9vient le cancer du sein chez les femmes pr\u00e9m\u00e9nopaus\u00e9es<\/strong><\/span><\/li>\n<li><span style=\"font-family: go;\"><strong>Combat le cancer de la vessie<\/strong><\/span><\/li>\n<li><span style=\"font-family: go;\"><strong>R\u00e9duit le risque de maladies cardiovasculaires<\/strong><\/span><\/li>\n<\/ul>\n<p><strong>\u00a0\u00a0\u00a0\u00a0\u00a0 &gt;&gt;&gt;<span style=\"font-family: go; font-size: 14pt;\"><a href=\"#more\"><span style=\"color: #0000ff;\">Lire la suite<\/span><\/a><\/span><\/strong><\/p>","protected":false},"featured_media":3208,"comment_status":"open","ping_status":"closed","template":"","meta":{"nf_dc_page":"","_bbp_topic_count":0,"_bbp_reply_count":0,"_bbp_total_topic_count":0,"_bbp_total_reply_count":0,"_bbp_voice_count":0,"_bbp_anonymous_reply_count":0,"_bbp_topic_count_hidden":0,"_bbp_reply_count_hidden":0,"_bbp_forum_subforum_count":0},"product_brand":[],"product_cat":[115],"product_tag":[],"class_list":{"0":"post-2839","1":"product","2":"type-product","3":"status-publish","4":"has-post-thumbnail","6":"product_cat-cancer","8":"first","9":"instock","10":"shipping-taxable","11":"purchasable","12":"product-type-bundle"},"bundled_by":[],"bundle_stock_status":"instock","bundle_stock_quantity":"","bundle_virtual":false,"bundle_layout":"default","bundle_add_to_cart_form_location":"default","bundle_editable_in_cart":false,"bundle_sold_individually_context":"product","bundle_item_grouping":"noindent","bundle_min_size":"","bundle_max_size":"","bundled_items":[{"bundled_item_id":29,"product_id":4070,"menu_order":0,"quantity_min":1,"quantity_max":"","quantity_default":1,"priced_individually":false,"shipped_individually":false,"override_title":false,"title":"","override_description":false,"description":"","optional":true,"hide_thumbnail":false,"discount":"","override_variations":false,"allowed_variations":[],"override_default_variation_attributes":false,"default_variation_attributes":[],"single_product_visibility":"hidden","cart_visibility":"hidden","order_visibility":"visible","single_product_price_visibility":"visible","cart_price_visibility":"visible","order_price_visibility":"visible","stock_status":"in_stock"}],"bundle_sell_ids":[],"_links":{"self":[{"href":"https:\/\/www.naturesgiftforlife.com\/fr\/wp-json\/wp\/v2\/product\/2839","targetHints":{"allow":["GET"]}}],"collection":[{"href":"https:\/\/www.naturesgiftforlife.com\/fr\/wp-json\/wp\/v2\/product"}],"about":[{"href":"https:\/\/www.naturesgiftforlife.com\/fr\/wp-json\/wp\/v2\/types\/product"}],"replies":[{"embeddable":true,"href":"https:\/\/www.naturesgiftforlife.com\/fr\/wp-json\/wp\/v2\/comments?post=2839"}],"version-history":[{"count":0,"href":"https:\/\/www.naturesgiftforlife.com\/fr\/wp-json\/wp\/v2\/product\/2839\/revisions"}],"wp:featuredmedia":[{"embeddable":true,"href":"https:\/\/www.naturesgiftforlife.com\/fr\/wp-json\/wp\/v2\/media\/3208"}],"wp:attachment":[{"href":"https:\/\/www.naturesgiftforlife.com\/fr\/wp-json\/wp\/v2\/media?parent=2839"}],"wp:term":[{"taxonomy":"product_brand","embeddable":true,"href":"https:\/\/www.naturesgiftforlife.com\/fr\/wp-json\/wp\/v2\/product_brand?post=2839"},{"taxonomy":"product_cat","embeddable":true,"href":"https:\/\/www.naturesgiftforlife.com\/fr\/wp-json\/wp\/v2\/product_cat?post=2839"},{"taxonomy":"product_tag","embeddable":true,"href":"https:\/\/www.naturesgiftforlife.com\/fr\/wp-json\/wp\/v2\/product_tag?post=2839"}],"curies":[{"name":"wp","href":"https:\/\/api.w.org\/{rel}","templated":true}]}}