{"id":2834,"date":"2020-09-24T10:26:29","date_gmt":"2020-09-24T10:26:29","guid":{"rendered":"http:\/\/www.livehealthylivehappy.com\/new\/?post_type=product&#038;p=2834"},"modified":"2023-08-21T10:56:28","modified_gmt":"2023-08-21T10:56:28","slug":"noni-juice-cancer","status":"publish","type":"product","link":"https:\/\/www.naturesgiftforlife.com\/fr\/shop\/noni-juice-cancer\/","title":{"rendered":"Jus de Noni (Cancer)"},"content":{"rendered":"<div data-elementor-type=\"wp-post\" data-elementor-id=\"2834\" class=\"elementor elementor-2834\">\n\t\t\t\t\t\t<section class=\"elementor-section elementor-top-section elementor-element elementor-element-77e92fd elementor-section-boxed elementor-section-height-default elementor-section-height-default\" data-id=\"77e92fd\" data-element_type=\"section\" data-e-type=\"section\">\n\t\t\t\t\t\t<div class=\"elementor-container elementor-column-gap-default\">\n\t\t\t\t\t<div class=\"elementor-column elementor-col-100 elementor-top-column elementor-element elementor-element-13d9fe8\" data-id=\"13d9fe8\" data-element_type=\"column\" data-e-type=\"column\">\n\t\t\t<div class=\"elementor-widget-wrap elementor-element-populated\">\n\t\t\t\t\t\t<div class=\"elementor-element elementor-element-cd313d0 elementor-widget elementor-widget-html\" data-id=\"cd313d0\" data-element_type=\"widget\" data-e-type=\"widget\" data-widget_type=\"html.default\">\n\t\t\t\t<div class=\"elementor-widget-container\">\n\t\t\t\t\t<a name=\"more\"><\/a>\t\t\t\t<\/div>\n\t\t\t\t<\/div>\n\t\t\t\t<div class=\"elementor-element elementor-element-0d9f975 elementor-invisible elementor-widget elementor-widget-toggle\" data-id=\"0d9f975\" data-element_type=\"widget\" data-e-type=\"widget\" data-settings=\"{&quot;_animation&quot;:&quot;flash&quot;}\" data-widget_type=\"toggle.default\">\n\t\t\t\t<div class=\"elementor-widget-container\">\n\t\t\t\t\t\t\t<div class=\"elementor-toggle\">\n\t\t\t\t\t\t\t<div class=\"elementor-toggle-item\">\n\t\t\t\t\t<div id=\"elementor-tab-title-1421\" class=\"elementor-tab-title\" data-tab=\"1\" role=\"button\" aria-controls=\"elementor-tab-content-1421\" aria-expanded=\"false\">\n\t\t\t\t\t\t\t\t\t\t\t\t<span class=\"elementor-toggle-icon elementor-toggle-icon-left\" aria-hidden=\"true\">\n\t\t\t\t\t\t\t\t\t\t\t\t\t\t\t<span class=\"elementor-toggle-icon-closed\"><i class=\"far fa-caret-square-right\"><\/i><\/span>\n\t\t\t\t\t\t\t\t<span class=\"elementor-toggle-icon-opened\"><i class=\"elementor-toggle-icon-opened fas fa-caret-square-up\"><\/i><\/span>\n\t\t\t\t\t\t\t\t\t\t\t\t\t<\/span>\n\t\t\t\t\t\t\t\t\t\t\t\t<a class=\"elementor-toggle-title\" tabindex=\"0\">Description d\u00e9taill\u00e9e du produit \/ faits sur les suppl\u00e9ments<\/a>\n\t\t\t\t\t<\/div>\n\n\t\t\t\t\t<div id=\"elementor-tab-content-1421\" class=\"elementor-tab-content elementor-clearfix\" data-tab=\"1\" role=\"region\" aria-labelledby=\"elementor-tab-title-1421\"><p class=\"P1\"><span style=\"font-family: Arial, Helvetica, sans-serif; color: #000000;\">Noni contains many cancer fighting nutrients: Damnacanthol, an anthraquinone with both antiseptic and antibacterial effects that activate the cancer killing cells (T-cells) as an immune response to\u200b\u200b\u00a0cancer; Glycosides that prevent cancer growth and act as free radical scavengers; Limonene with an anticancer property; Nitric oxide that fortifies the immune system; Antioxidant phytonutrients that nourish the cells and tissues and strengthen the immune system; Polysaccharides that can control the progress of cancer cells by stimulating the immune system to fight them; and fiber which acts as a blood cleansing agent, lowers cholesterol, uses good fats for body metabolism, regulates glucose levels and prevents cancer. Noni juice contains other substances that are important in improving the health of patients newly diagnosed with cancer. Noni juice has nine essential amino acids, which are the building blocks \u200b\u200b\u00a0for protein; Essential fatty acids that help promote good mood, keep our skin healthy, including all the nerve cells, cardiac tissues and blood vessels; Selenium, an antioxidant; Scopoletin, which helps maintain a feeling of wellness; and Terpenes that help restore body cells and eliminate body toxins.<\/span><\/p><p class=\"P7\"><strong><span style=\"font-family: Arial, Helvetica, sans-serif; color: #000000;\">Supplement Fact\u200b\u200b\u00a0<\/span><\/strong><\/p><div class=\"dxoResponsiveTable\"><table class=\"Table8\" style=\"height: 798px;\" width=\"254\"><colgroup> <col class=\"TableColumn9\" data-colwidth=\"2.0604\" data-colwidthunits=\"in\" \/> <col class=\"TableColumn10\" data-colwidth=\"2.0638\" data-colwidthunits=\"in\" \/> <col class=\"TableColumn11\" data-colwidth=\"2.0361\" data-colwidthunits=\"in\" \/> <col class=\"TableColumn12\" data-colwidth=\"0.0138\" data-colwidthunits=\"in\" \/> <col class=\"TableColumn13\" data-colwidth=\"0.609\" data-colwidthunits=\"in\" \/><\/colgroup><tbody><tr class=\"TableRow14\"><td class=\"TableCell15\" colspan=\"2\"><p class=\"P16\"><span class=\"T17\" style=\"font-family: Arial, Helvetica, sans-serif; color: #000000;\">Taille d&#039;une portion: 30 ml<\/span><\/p><\/td><td class=\"TableCell18\"><p class=\"P19\"><span class=\"T20\" style=\"font-family: Arial, Helvetica, sans-serif; color: #000000;\">Dose par bo\u00eete: 32<\/span><\/p><\/td><td class=\"TableCell21\" colspan=\"2\"><p class=\"P22\">\u00a0<\/p><\/td><\/tr><tr class=\"TableRow23\"><td class=\"TableCell24\"><p class=\"P25\"><span class=\"T26\" style=\"font-family: Arial, Helvetica, sans-serif; color: #000000;\">Ingr\u00e9dients<\/span><\/p><\/td><td class=\"TableCell27\"><p class=\"P28\"><span class=\"T29\" style=\"font-family: Arial, Helvetica, sans-serif; color: #000000;\">\u00a0<\/span><\/p><p class=\"P30\"><span class=\"T31\" style=\"font-family: Arial, Helvetica, sans-serif; color: #000000;\">Dose par portion<\/span><\/p><\/td><td class=\"TableCell32\"><p class=\"P33\"><span class=\"T34\" style=\"font-family: Arial, Helvetica, sans-serif; color: #000000;\">% valeurs quotidiennes<\/span><\/p><\/td><td class=\"TableCell35\" colspan=\"2\"><p class=\"P36\">\u00a0<\/p><\/td><\/tr><tr class=\"TableRow37\"><td class=\"TableCell38\"><p class=\"P39\"><span class=\"T40\" style=\"font-family: Arial, Helvetica, sans-serif; color: #000000;\">Morinda Citrifolia<\/span><\/p><\/td><td class=\"TableCell41\"><p class=\"P42\"><span class=\"T43\" style=\"font-family: Arial, Helvetica, sans-serif; color: #000000;\">\u00a0<\/span><\/p><p class=\"P44\"><span class=\"T45\" style=\"font-family: Arial, Helvetica, sans-serif; color: #000000;\">12 000 mg<\/span><\/p><\/td><td class=\"TableCell46\"><p class=\"P47\"><span class=\"T48\" style=\"font-family: Arial, Helvetica, sans-serif; color: #000000;\">*<\/span><\/p><\/td><td class=\"TableCell49\" colspan=\"2\"><p class=\"P50\">\u00a0<\/p><\/td><\/tr><tr class=\"TableRow51\"><td class=\"TableCell52\"><p class=\"P53\"><span class=\"T54\" style=\"font-family: Arial, Helvetica, sans-serif; color: #000000;\">Calories<\/span><\/p><\/td><td class=\"TableCell55\"><p class=\"P56\"><span class=\"T57\" style=\"font-family: Arial, Helvetica, sans-serif; color: #000000;\">14<\/span><\/p><\/td><td class=\"TableCell58\"><p class=\"P59\"><span class=\"T60\" style=\"font-family: Arial, Helvetica, sans-serif; color: #000000;\">*<\/span><\/p><\/td><td class=\"TableCell61\" colspan=\"2\"><p class=\"P62\">\u00a0<\/p><\/td><\/tr><tr class=\"TableRow63\"><td class=\"TableCell64\"><p class=\"P65\"><span class=\"T66\" style=\"font-family: Arial, Helvetica, sans-serif; color: #000000;\">Graisse totale<\/span><\/p><\/td><td class=\"TableCell67\"><p class=\"P68\"><span class=\"T69\" style=\"font-family: Arial, Helvetica, sans-serif; color: #000000;\">0<\/span><\/p><\/td><td class=\"TableCell70\"><p class=\"P71\"><span class=\"T72\" style=\"font-family: Arial, Helvetica, sans-serif; color: #000000;\">0%<\/span><\/p><\/td><td class=\"TableCell73\" colspan=\"2\"><p class=\"P74\">\u00a0<\/p><\/td><\/tr><tr class=\"TableRow75\"><td class=\"TableCell76\"><p class=\"P77\"><span class=\"T78\" style=\"font-family: Arial, Helvetica, sans-serif; color: #000000;\">Graisses satur\u00e9es<\/span><\/p><\/td><td class=\"TableCell79\"><p class=\"P80\"><span class=\"T81\" style=\"font-family: Arial, Helvetica, sans-serif; color: #000000;\">0<\/span><\/p><\/td><td class=\"TableCell82\"><p class=\"P83\"><span class=\"T84\" style=\"font-family: Arial, Helvetica, sans-serif; color: #000000;\">0%<\/span><\/p><\/td><td class=\"TableCell85\" colspan=\"2\"><p class=\"P86\">\u00a0<\/p><\/td><\/tr><tr class=\"TableRow87\"><td class=\"TableCell88\"><p class=\"P89\"><span class=\"T90\" style=\"font-family: Arial, Helvetica, sans-serif; color: #000000;\">Cholest\u00e9rol<\/span><\/p><\/td><td class=\"TableCell91\"><p class=\"P92\"><span class=\"T93\" style=\"font-family: Arial, Helvetica, sans-serif; color: #000000;\">0 mg<\/span><\/p><\/td><td class=\"TableCell94\" colspan=\"2\"><p class=\"P95\"><span class=\"T96\" style=\"font-family: Arial, Helvetica, sans-serif; color: #000000;\">0%<\/span><\/p><\/td><td class=\"TableCell97\"><p class=\"P98\">\u00a0<\/p><\/td><\/tr><tr class=\"TableRow99\"><td class=\"TableCell100\"><p class=\"P101\"><span class=\"T102\" style=\"font-family: Arial, Helvetica, sans-serif; color: #000000;\">Glucides totaux<\/span><\/p><\/td><td class=\"TableCell103\"><p class=\"P104\"><span class=\"T105\" style=\"font-family: Arial, Helvetica, sans-serif; color: #000000;\">4 mg<\/span><\/p><\/td><td class=\"TableCell106\"><p class=\"P107\"><span class=\"T108\" style=\"font-family: Arial, Helvetica, sans-serif; color: #000000;\">1%<\/span><\/p><\/td><td class=\"TableCell109\" colspan=\"2\"><p class=\"P110\">\u00a0<\/p><\/td><\/tr><tr class=\"TableRow111\"><td class=\"TableCell112\"><p class=\"P113\"><span class=\"T114\" style=\"font-family: Arial, Helvetica, sans-serif; color: #000000;\">Fibre alimentaire<\/span><\/p><\/td><td class=\"TableCell115\"><p class=\"P116\"><span class=\"T117\" style=\"font-family: Arial, Helvetica, sans-serif; color: #000000;\">1 000 mg<\/span><\/p><\/td><td class=\"TableCell118\"><p class=\"P119\"><span class=\"T120\" style=\"font-family: Arial, Helvetica, sans-serif; color: #000000;\">2%<\/span><\/p><\/td><td class=\"TableCell121\" colspan=\"2\"><p class=\"P122\">\u00a0<\/p><\/td><\/tr><tr class=\"TableRow123\"><td class=\"TableCell124\"><p class=\"P125\"><span class=\"T126\" style=\"font-family: Arial, Helvetica, sans-serif; color: #000000;\">Sucres<\/span><\/p><\/td><td class=\"TableCell127\"><p class=\"P128\"><span class=\"T129\" style=\"font-family: Arial, Helvetica, sans-serif; color: #000000;\">1 000 mg<\/span><\/p><\/td><td class=\"TableCell130\"><p class=\"P131\"><span class=\"T132\" style=\"font-family: Arial, Helvetica, sans-serif; color: #000000;\">*<\/span><\/p><\/td><td class=\"TableCell133\" colspan=\"2\"><p class=\"P134\">\u00a0<\/p><\/td><\/tr><tr class=\"TableRow135\"><td class=\"TableCell136\"><p class=\"P137\"><span class=\"T138\" style=\"font-family: Arial, Helvetica, sans-serif; color: #000000;\">Prot\u00e9ine<\/span><\/p><\/td><td class=\"TableCell139\"><p class=\"P140\"><span class=\"T141\" style=\"font-family: Arial, Helvetica, sans-serif; color: #000000;\">0 mg<\/span><\/p><\/td><td class=\"TableCell142\"><p class=\"P143\"><span class=\"T144\" style=\"font-family: Arial, Helvetica, sans-serif; color: #000000;\">*<\/span><\/p><\/td><td class=\"TableCell145\" colspan=\"2\"><p class=\"P146\">\u00a0<\/p><\/td><\/tr><tr class=\"TableRow147\"><td class=\"TableCell148\"><p class=\"P149\"><span class=\"T150\" style=\"font-family: Arial, Helvetica, sans-serif; color: #000000;\">Vitamine A<\/span><\/p><\/td><td class=\"TableCell151\"><p class=\"P152\"><span class=\"T153\" style=\"font-family: Arial, Helvetica, sans-serif; color: #000000;\">0 mg<\/span><\/p><\/td><td class=\"TableCell154\"><p class=\"P155\"><span class=\"T156\" style=\"font-family: Arial, Helvetica, sans-serif; color: #000000;\">0%<\/span><\/p><\/td><td class=\"TableCell157\" colspan=\"2\"><p class=\"P158\">\u00a0<\/p><\/td><\/tr><\/tbody><\/table><\/div><p class=\"P159\">\u00a0<\/p><\/div>\n\t\t\t\t<\/div>\n\t\t\t\t\t\t\t<div class=\"elementor-toggle-item\">\n\t\t\t\t\t<div id=\"elementor-tab-title-1422\" class=\"elementor-tab-title\" data-tab=\"2\" role=\"button\" aria-controls=\"elementor-tab-content-1422\" aria-expanded=\"false\">\n\t\t\t\t\t\t\t\t\t\t\t\t<span class=\"elementor-toggle-icon elementor-toggle-icon-left\" aria-hidden=\"true\">\n\t\t\t\t\t\t\t\t\t\t\t\t\t\t\t<span class=\"elementor-toggle-icon-closed\"><i class=\"far fa-caret-square-right\"><\/i><\/span>\n\t\t\t\t\t\t\t\t<span class=\"elementor-toggle-icon-opened\"><i class=\"elementor-toggle-icon-opened fas fa-caret-square-up\"><\/i><\/span>\n\t\t\t\t\t\t\t\t\t\t\t\t\t<\/span>\n\t\t\t\t\t\t\t\t\t\t\t\t<a class=\"elementor-toggle-title\" tabindex=\"0\">..<\/a>\n\t\t\t\t\t<\/div>\n\n\t\t\t\t\t<div id=\"elementor-tab-content-1422\" class=\"elementor-tab-content elementor-clearfix\" data-tab=\"2\" role=\"region\" aria-labelledby=\"elementor-tab-title-1422\"><\/div>\n\t\t\t\t<\/div>\n\t\t\t\t\t\t\t\t<\/div>\n\t\t\t\t\t\t<\/div>\n\t\t\t\t<\/div>\n\t\t\t\t\t<\/div>\n\t\t<\/div>\n\t\t\t\t\t<\/div>\n\t\t<\/section>\n\t\t\t\t<\/div>","protected":false},"excerpt":{"rendered":"<p><a name=\"buy\"><\/a><\/p>\n<p><span style=\"text-decoration: underline; color: #3366ff;\"><strong>Avantages de ce produit pour le cancer<\/strong><\/span><\/p>\n<ul>\n<li><strong><span style=\"font-family: go;\"><span class=\"fontstyle0\">Noni contient de nombreux composants anticanc\u00e9reux<\/span><\/span><\/strong><\/li>\n<li><strong><span style=\"font-family: go;\">Contient de l&#039;oxyde nitrique qui fortifie le syst\u00e8me immunitaire<\/span><\/strong><\/li>\n<li><strong><span style=\"font-family: go;\">Le jus de noni contient d&#039;autres substances importantes pour am\u00e9liorer la sant\u00e9 des patients nouvellement diagnostiqu\u00e9s avec un cancer<\/span><\/strong><\/li>\n<\/ul>\n<p><strong>\u00a0\u00a0\u00a0\u00a0\u00a0 &gt;&gt;&gt;<span style=\"font-family: go; font-size: 14pt;\"><a href=\"#more\"><span style=\"color: #0000ff;\">Lire la suite<\/span><\/a><\/span><\/strong><\/p>","protected":false},"featured_media":1294,"comment_status":"open","ping_status":"closed","template":"","meta":{"nf_dc_page":"","_bbp_topic_count":0,"_bbp_reply_count":0,"_bbp_total_topic_count":0,"_bbp_total_reply_count":0,"_bbp_voice_count":0,"_bbp_anonymous_reply_count":0,"_bbp_topic_count_hidden":0,"_bbp_reply_count_hidden":0,"_bbp_forum_subforum_count":0},"product_brand":[],"product_cat":[115],"product_tag":[],"class_list":{"0":"post-2834","1":"product","2":"type-product","3":"status-publish","4":"has-post-thumbnail","6":"product_cat-cancer","8":"first","9":"instock","10":"shipping-taxable","11":"purchasable","12":"product-type-bundle"},"bundled_by":[],"bundle_stock_status":"instock","bundle_stock_quantity":"","bundle_virtual":false,"bundle_layout":"default","bundle_add_to_cart_form_location":"default","bundle_editable_in_cart":false,"bundle_sold_individually_context":"product","bundle_item_grouping":"noindent","bundle_min_size":"","bundle_max_size":"","bundled_items":[{"bundled_item_id":27,"product_id":1200,"menu_order":0,"quantity_min":1,"quantity_max":"","quantity_default":1,"priced_individually":false,"shipped_individually":false,"override_title":false,"title":"","override_description":false,"description":"","optional":true,"hide_thumbnail":false,"discount":"","override_variations":false,"allowed_variations":[],"override_default_variation_attributes":false,"default_variation_attributes":[],"single_product_visibility":"hidden","cart_visibility":"hidden","order_visibility":"visible","single_product_price_visibility":"visible","cart_price_visibility":"visible","order_price_visibility":"visible","stock_status":"in_stock"}],"bundle_sell_ids":[],"_links":{"self":[{"href":"https:\/\/www.naturesgiftforlife.com\/fr\/wp-json\/wp\/v2\/product\/2834","targetHints":{"allow":["GET"]}}],"collection":[{"href":"https:\/\/www.naturesgiftforlife.com\/fr\/wp-json\/wp\/v2\/product"}],"about":[{"href":"https:\/\/www.naturesgiftforlife.com\/fr\/wp-json\/wp\/v2\/types\/product"}],"replies":[{"embeddable":true,"href":"https:\/\/www.naturesgiftforlife.com\/fr\/wp-json\/wp\/v2\/comments?post=2834"}],"version-history":[{"count":0,"href":"https:\/\/www.naturesgiftforlife.com\/fr\/wp-json\/wp\/v2\/product\/2834\/revisions"}],"wp:featuredmedia":[{"embeddable":true,"href":"https:\/\/www.naturesgiftforlife.com\/fr\/wp-json\/wp\/v2\/media\/1294"}],"wp:attachment":[{"href":"https:\/\/www.naturesgiftforlife.com\/fr\/wp-json\/wp\/v2\/media?parent=2834"}],"wp:term":[{"taxonomy":"product_brand","embeddable":true,"href":"https:\/\/www.naturesgiftforlife.com\/fr\/wp-json\/wp\/v2\/product_brand?post=2834"},{"taxonomy":"product_cat","embeddable":true,"href":"https:\/\/www.naturesgiftforlife.com\/fr\/wp-json\/wp\/v2\/product_cat?post=2834"},{"taxonomy":"product_tag","embeddable":true,"href":"https:\/\/www.naturesgiftforlife.com\/fr\/wp-json\/wp\/v2\/product_tag?post=2834"}],"curies":[{"name":"wp","href":"https:\/\/api.w.org\/{rel}","templated":true}]}}