{"id":2777,"date":"2020-09-23T15:41:05","date_gmt":"2020-09-23T15:41:05","guid":{"rendered":"http:\/\/www.livehealthylivehappy.com\/new\/?post_type=product&#038;p=2777"},"modified":"2023-08-21T11:09:04","modified_gmt":"2023-08-21T11:09:04","slug":"goji-juice-allergies","status":"publish","type":"product","link":"https:\/\/www.naturesgiftforlife.com\/fr\/shop\/goji-juice-allergies\/","title":{"rendered":"Jus de Goji (Allergies)"},"content":{"rendered":"<div data-elementor-type=\"wp-post\" data-elementor-id=\"2777\" class=\"elementor elementor-2777\">\n\t\t\t\t\t\t<section class=\"elementor-section elementor-top-section elementor-element elementor-element-50f78e7 elementor-section-boxed elementor-section-height-default elementor-section-height-default\" data-id=\"50f78e7\" data-element_type=\"section\" data-e-type=\"section\">\n\t\t\t\t\t\t<div class=\"elementor-container elementor-column-gap-default\">\n\t\t\t\t\t<div class=\"elementor-column elementor-col-100 elementor-top-column elementor-element elementor-element-7472c1e\" data-id=\"7472c1e\" data-element_type=\"column\" data-e-type=\"column\">\n\t\t\t<div class=\"elementor-widget-wrap elementor-element-populated\">\n\t\t\t\t\t\t<div class=\"elementor-element elementor-element-e632250 elementor-widget elementor-widget-html\" data-id=\"e632250\" data-element_type=\"widget\" data-e-type=\"widget\" data-widget_type=\"html.default\">\n\t\t\t\t<div class=\"elementor-widget-container\">\n\t\t\t\t\t<a name=\"more\"><\/a>\t\t\t\t<\/div>\n\t\t\t\t<\/div>\n\t\t\t\t<div class=\"elementor-element elementor-element-c3c8e95 elementor-invisible elementor-widget elementor-widget-toggle\" data-id=\"c3c8e95\" data-element_type=\"widget\" data-e-type=\"widget\" data-settings=\"{&quot;_animation&quot;:&quot;flash&quot;}\" data-widget_type=\"toggle.default\">\n\t\t\t\t<div class=\"elementor-widget-container\">\n\t\t\t\t\t\t\t<div class=\"elementor-toggle\">\n\t\t\t\t\t\t\t<div class=\"elementor-toggle-item\">\n\t\t\t\t\t<div id=\"elementor-tab-title-2051\" class=\"elementor-tab-title\" data-tab=\"1\" role=\"button\" aria-controls=\"elementor-tab-content-2051\" aria-expanded=\"false\">\n\t\t\t\t\t\t\t\t\t\t\t\t<span class=\"elementor-toggle-icon elementor-toggle-icon-left\" aria-hidden=\"true\">\n\t\t\t\t\t\t\t\t\t\t\t\t\t\t\t<span class=\"elementor-toggle-icon-closed\"><i class=\"far fa-caret-square-right\"><\/i><\/span>\n\t\t\t\t\t\t\t\t<span class=\"elementor-toggle-icon-opened\"><i class=\"elementor-toggle-icon-opened fas fa-caret-square-up\"><\/i><\/span>\n\t\t\t\t\t\t\t\t\t\t\t\t\t<\/span>\n\t\t\t\t\t\t\t\t\t\t\t\t<a class=\"elementor-toggle-title\" tabindex=\"0\">Avantages de ce produit pour les allergies \/ faits sur les suppl\u00e9ments<\/a>\n\t\t\t\t\t<\/div>\n\n\t\t\t\t\t<div id=\"elementor-tab-content-2051\" class=\"elementor-tab-content elementor-clearfix\" data-tab=\"1\" role=\"region\" aria-labelledby=\"elementor-tab-title-2051\"><p class=\"P1\"><span style=\"color: #000000;\">Allergies occur as a result of some type of malfunction in the immune system and can be triggered by many different substances in the environment, including food ingredients. In Asian\u200b\u200b\u00a0medicine, allergies are traditionally treated with remedies designed to balance the immune system, rather than suppress symptoms.<\/span><br \/><span style=\"color: #000000;\">Goji berries have been used as a primary therapy for allergies for centuries. Goji is an immune modulator \u2013 an enhancing substance that can balance and normalize abnormal immune response. The net effect is a restoration of healthy immune function. Goji reduces the antibodies associated with allergic reactions, likely through promoting CD8 (+) T-cells and regulating cytokines. In\u200b\u200b\u00a0addition, goji contains germanium, which\u200b\u200b\u00a0stimulates various aspects of the immune system thereby alleviating allergies.<\/span><\/p><p><span style=\"color: #000000;\"><strong>PR\u00c9SENTATION: <\/strong>Flacon de 32 onces liquides, soit 946,4 ml.<\/span><\/p><table><tbody><tr><td colspan=\"3\" width=\"632\"><p><span style=\"color: #000000;\"><strong>Portion : 1 once (30 ml) Portion par bo\u00eete : environ 32<\/strong><\/span><\/p><\/td><\/tr><tr><td width=\"335\"><p><span style=\"color: #000000;\">Calories 20 Calories \u00e0 partir de 0 mati\u00e8res grasses<\/span><\/p><\/td><td colspan=\"2\" width=\"297\">\u00a0<\/td><\/tr><tr><td width=\"335\"><p><span style=\"color: #000000;\">Ingr\u00e9dients<\/span><\/p><\/td><td width=\"120\"><p><span style=\"color: #000000;\">Quantit\u00e9 par<\/span><br \/><span style=\"color: #000000;\">portion<\/span><\/p><\/td><td width=\"177\"><p><span style=\"color: #000000;\">Valeur quotidienne %<\/span><\/p><\/td><\/tr><tr><td width=\"335\"><p><span style=\"color: #000000;\">Fruit de Goji (Lycium barbarum)<\/span><\/p><\/td><td width=\"120\"><p><span style=\"color: #000000;\">5500 mg<\/span><\/p><\/td><td width=\"177\"><p><span style=\"color: #000000;\">*<\/span><\/p><\/td><\/tr><tr><td width=\"335\"><p><span style=\"color: #000000;\">Graisse totale<\/span><\/p><\/td><td width=\"120\"><p><span style=\"color: #000000;\">0 g<\/span><\/p><\/td><td width=\"177\"><p><span style=\"color: #000000;\">0%<\/span><\/p><\/td><\/tr><tr><td width=\"335\"><p><span style=\"color: #000000;\">Graisses satur\u00e9es<\/span><\/p><\/td><td width=\"120\"><p><span style=\"color: #000000;\">0 g<\/span><\/p><\/td><td width=\"177\"><p><span style=\"color: #000000;\">0%<\/span><\/p><\/td><\/tr><tr><td width=\"335\"><p><span style=\"color: #000000;\">Cholest\u00e9rol<\/span><\/p><\/td><td width=\"120\"><p><span style=\"color: #000000;\">0 mg<\/span><\/p><\/td><td width=\"177\"><p><span style=\"color: #000000;\">0%<\/span><\/p><\/td><\/tr><tr><td width=\"335\"><p><span style=\"color: #000000;\">Sodium<\/span><\/p><\/td><td width=\"120\"><p><span style=\"color: #000000;\">0 mg<\/span><\/p><\/td><td width=\"177\"><p><span style=\"color: #000000;\">0%<\/span><\/p><\/td><\/tr><tr><td width=\"335\"><p><span style=\"color: #000000;\">Glucides totaux<\/span><\/p><\/td><td width=\"120\"><p><span style=\"color: #000000;\">5 grammes<\/span><\/p><\/td><td width=\"177\"><p><span style=\"color: #000000;\">2%<\/span><\/p><\/td><\/tr><tr><td width=\"335\"><p><span style=\"color: #000000;\">Fibre alimentaire<\/span><\/p><\/td><td width=\"120\"><p><span style=\"color: #000000;\">&lt;1g<\/span><\/p><\/td><td width=\"177\"><p><span style=\"color: #000000;\">0%<\/span><\/p><\/td><\/tr><tr><td width=\"335\"><p><span style=\"color: #000000;\">Sucres<\/span><\/p><\/td><td width=\"120\"><p><span style=\"color: #000000;\">4 grammes<\/span><\/p><\/td><td width=\"177\"><p><span style=\"color: #000000;\">+<\/span><\/p><\/td><\/tr><tr><td width=\"335\"><p><span style=\"color: #000000;\">Prot\u00e9ine<\/span><\/p><\/td><td width=\"120\"><p><span style=\"color: #000000;\">1 g<\/span><\/p><\/td><td>\u00a0<\/td><\/tr><tr><td width=\"335\"><p><span style=\"color: #000000;\">Potassium<\/span><\/p><\/td><td width=\"120\"><p><span style=\"color: #000000;\">35 mg<\/span><\/p><\/td><td width=\"177\"><p><span style=\"color: #000000;\">1%<\/span><\/p><\/td><\/tr><tr><td colspan=\"3\" width=\"632\"><p><span style=\"color: #000000;\">*Valeurs quotidiennes en pourcentage bas\u00e9es sur un r\u00e9gime de 2000 calories<\/span><br \/><span style=\"color: #000000;\">+ Valeurs journali\u00e8res non \u00e9tablies<\/span><br \/><span style=\"color: #000000;\">Autres ingr\u00e9dients : concentr\u00e9 de jus de cerise noire, poire, concentr\u00e9 de jus de pomme, ar\u00f4mes naturels, acide citrique, sorbate de potassium (ajout\u00e9 pour maintenir la fra\u00eecheur)<\/span><\/p><\/td><\/tr><\/tbody><\/table><p>\u00a0<\/p><\/div>\n\t\t\t\t<\/div>\n\t\t\t\t\t\t\t<div class=\"elementor-toggle-item\">\n\t\t\t\t\t<div id=\"elementor-tab-title-2052\" class=\"elementor-tab-title\" data-tab=\"2\" role=\"button\" aria-controls=\"elementor-tab-content-2052\" aria-expanded=\"false\">\n\t\t\t\t\t\t\t\t\t\t\t\t<span class=\"elementor-toggle-icon elementor-toggle-icon-left\" aria-hidden=\"true\">\n\t\t\t\t\t\t\t\t\t\t\t\t\t\t\t<span class=\"elementor-toggle-icon-closed\"><i class=\"far fa-caret-square-right\"><\/i><\/span>\n\t\t\t\t\t\t\t\t<span class=\"elementor-toggle-icon-opened\"><i class=\"elementor-toggle-icon-opened fas fa-caret-square-up\"><\/i><\/span>\n\t\t\t\t\t\t\t\t\t\t\t\t\t<\/span>\n\t\t\t\t\t\t\t\t\t\t\t\t<a class=\"elementor-toggle-title\" tabindex=\"0\">..<\/a>\n\t\t\t\t\t<\/div>\n\n\t\t\t\t\t<div id=\"elementor-tab-content-2052\" class=\"elementor-tab-content elementor-clearfix\" data-tab=\"2\" role=\"region\" aria-labelledby=\"elementor-tab-title-2052\"><\/div>\n\t\t\t\t<\/div>\n\t\t\t\t\t\t\t\t<\/div>\n\t\t\t\t\t\t<\/div>\n\t\t\t\t<\/div>\n\t\t\t\t\t<\/div>\n\t\t<\/div>\n\t\t\t\t\t<\/div>\n\t\t<\/section>\n\t\t\t\t<\/div>","protected":false},"excerpt":{"rendered":"<p><a name=\"buy\"><\/a><br \/>\n<span style=\"text-decoration: underline; color: #3366ff;\"><strong>Avantages de ce produit pour les allergies <\/strong><\/span><\/p>\n<ul>\n<li><strong><span style=\"font-family: go;\"><span class=\"fontstyle0\">\u00c9quilibrer et normaliser la r\u00e9ponse immunitaire anormale <\/span> <\/span><\/strong><\/li>\n<li><strong><span style=\"font-family: go;\"><span class=\"fontstyle0\">R\u00e9duit les anticorps associ\u00e9s aux allergies<\/span> <\/span><\/strong><\/li>\n<\/ul>\n<p><strong>\u00a0\u00a0\u00a0\u00a0\u00a0 &gt;&gt;&gt;<span style=\"font-family: go; font-size: 14pt;\"><a href=\"#more\"><span style=\"color: #0000ff;\">Lire la suite<\/span><\/a><\/span><\/strong><\/p>","protected":false},"featured_media":2779,"comment_status":"open","ping_status":"closed","template":"","meta":{"_bbp_topic_count":0,"_bbp_reply_count":0,"_bbp_total_topic_count":0,"_bbp_total_reply_count":0,"_bbp_voice_count":0,"_bbp_anonymous_reply_count":0,"_bbp_topic_count_hidden":0,"_bbp_reply_count_hidden":0,"_bbp_forum_subforum_count":0},"product_brand":[],"product_cat":[111],"product_tag":[],"class_list":{"0":"post-2777","1":"product","2":"type-product","3":"status-publish","4":"has-post-thumbnail","6":"product_cat-allergies","8":"first","9":"instock","10":"shipping-taxable","11":"purchasable","12":"product-type-bundle"},"bundled_by":[],"bundle_stock_status":"instock","bundle_stock_quantity":"","bundle_virtual":false,"bundle_layout":"default","bundle_add_to_cart_form_location":"default","bundle_editable_in_cart":false,"bundle_sold_individually_context":"product","bundle_item_grouping":"noindent","bundle_min_size":"","bundle_max_size":"","bundled_items":[{"bundled_item_id":10,"product_id":5711,"menu_order":0,"quantity_min":1,"quantity_max":"","quantity_default":1,"priced_individually":false,"shipped_individually":false,"override_title":false,"title":"","override_description":false,"description":"","optional":true,"hide_thumbnail":false,"discount":"","override_variations":false,"allowed_variations":[],"override_default_variation_attributes":false,"default_variation_attributes":[],"single_product_visibility":"hidden","cart_visibility":"hidden","order_visibility":"visible","single_product_price_visibility":"visible","cart_price_visibility":"visible","order_price_visibility":"visible","stock_status":"in_stock"}],"bundle_sell_ids":[],"_links":{"self":[{"href":"https:\/\/www.naturesgiftforlife.com\/fr\/wp-json\/wp\/v2\/product\/2777","targetHints":{"allow":["GET"]}}],"collection":[{"href":"https:\/\/www.naturesgiftforlife.com\/fr\/wp-json\/wp\/v2\/product"}],"about":[{"href":"https:\/\/www.naturesgiftforlife.com\/fr\/wp-json\/wp\/v2\/types\/product"}],"replies":[{"embeddable":true,"href":"https:\/\/www.naturesgiftforlife.com\/fr\/wp-json\/wp\/v2\/comments?post=2777"}],"version-history":[{"count":0,"href":"https:\/\/www.naturesgiftforlife.com\/fr\/wp-json\/wp\/v2\/product\/2777\/revisions"}],"wp:featuredmedia":[{"embeddable":true,"href":"https:\/\/www.naturesgiftforlife.com\/fr\/wp-json\/wp\/v2\/media\/2779"}],"wp:attachment":[{"href":"https:\/\/www.naturesgiftforlife.com\/fr\/wp-json\/wp\/v2\/media?parent=2777"}],"wp:term":[{"taxonomy":"product_brand","embeddable":true,"href":"https:\/\/www.naturesgiftforlife.com\/fr\/wp-json\/wp\/v2\/product_brand?post=2777"},{"taxonomy":"product_cat","embeddable":true,"href":"https:\/\/www.naturesgiftforlife.com\/fr\/wp-json\/wp\/v2\/product_cat?post=2777"},{"taxonomy":"product_tag","embeddable":true,"href":"https:\/\/www.naturesgiftforlife.com\/fr\/wp-json\/wp\/v2\/product_tag?post=2777"}],"curies":[{"name":"wp","href":"https:\/\/api.w.org\/{rel}","templated":true}]}}