{"id":2769,"date":"2020-09-23T15:32:55","date_gmt":"2020-09-23T15:32:55","guid":{"rendered":"http:\/\/www.livehealthylivehappy.com\/new\/?post_type=product&#038;p=2769"},"modified":"2024-09-18T21:09:34","modified_gmt":"2024-09-18T21:09:34","slug":"anti-stress-zincallergies","status":"publish","type":"product","link":"https:\/\/www.naturesgiftforlife.com\/fr\/shop\/anti-stress-zincallergies\/","title":{"rendered":"Anti-Stress with Zinc (Allergies)"},"content":{"rendered":"<div data-elementor-type=\"wp-post\" data-elementor-id=\"2769\" class=\"elementor elementor-2769\">\n\t\t\t\t\t\t<section class=\"elementor-section elementor-top-section elementor-element elementor-element-3ed6791 elementor-section-boxed elementor-section-height-default elementor-section-height-default\" data-id=\"3ed6791\" data-element_type=\"section\" data-e-type=\"section\">\n\t\t\t\t\t\t<div class=\"elementor-container elementor-column-gap-default\">\n\t\t\t\t\t<div class=\"elementor-column elementor-col-100 elementor-top-column elementor-element elementor-element-cce0aa1\" data-id=\"cce0aa1\" data-element_type=\"column\" data-e-type=\"column\">\n\t\t\t<div class=\"elementor-widget-wrap elementor-element-populated\">\n\t\t\t\t\t\t<div class=\"elementor-element elementor-element-1bc2929 elementor-widget elementor-widget-html\" data-id=\"1bc2929\" data-element_type=\"widget\" data-e-type=\"widget\" data-widget_type=\"html.default\">\n\t\t\t\t<div class=\"elementor-widget-container\">\n\t\t\t\t\t<a name=\"more\"><\/a>\t\t\t\t<\/div>\n\t\t\t\t<\/div>\n\t\t\t\t<div class=\"elementor-element elementor-element-37d70e8 elementor-invisible elementor-widget elementor-widget-toggle\" data-id=\"37d70e8\" data-element_type=\"widget\" data-e-type=\"widget\" data-settings=\"{&quot;_animation&quot;:&quot;flash&quot;}\" data-widget_type=\"toggle.default\">\n\t\t\t\t<div class=\"elementor-widget-container\">\n\t\t\t\t\t\t\t<div class=\"elementor-toggle\">\n\t\t\t\t\t\t\t<div class=\"elementor-toggle-item\">\n\t\t\t\t\t<div id=\"elementor-tab-title-5851\" class=\"elementor-tab-title\" data-tab=\"1\" role=\"button\" aria-controls=\"elementor-tab-content-5851\" aria-expanded=\"false\">\n\t\t\t\t\t\t\t\t\t\t\t\t<span class=\"elementor-toggle-icon elementor-toggle-icon-left\" aria-hidden=\"true\">\n\t\t\t\t\t\t\t\t\t\t\t\t\t\t\t<span class=\"elementor-toggle-icon-closed\"><i class=\"far fa-caret-square-right\"><\/i><\/span>\n\t\t\t\t\t\t\t\t<span class=\"elementor-toggle-icon-opened\"><i class=\"elementor-toggle-icon-opened fas fa-caret-square-up\"><\/i><\/span>\n\t\t\t\t\t\t\t\t\t\t\t\t\t<\/span>\n\t\t\t\t\t\t\t\t\t\t\t\t<a class=\"elementor-toggle-title\" tabindex=\"0\">Description d\u00e9taill\u00e9e du produit \/ faits sur les suppl\u00e9ments<\/a>\n\t\t\t\t\t<\/div>\n\n\t\t\t\t\t<div id=\"elementor-tab-content-5851\" class=\"elementor-tab-content elementor-clearfix\" data-tab=\"1\" role=\"region\" aria-labelledby=\"elementor-tab-title-5851\"><header><div class=\"Mfr1\" data-anchor-type=\"paragraph\"><p class=\"P5\"><span style=\"color: #000000;\">Les vitamines B sont connues pour aider \u00e0 \u00e9quilibrer la r\u00e9ponse au stress qui peut \u00eatre un facteur de r\u00e9actions allergiques. La vitamine B6 neutralise les allergies en augmentant la capacit\u00e9 du syst\u00e8me immunitaire \u00e0 \u00abcombattre\u00bb les antig\u00e8nes (allerg\u00e8nes) qui causent les allergies. La vitamine B6 aide \u00e9galement \u00e0 r\u00e9duire les niveaux d&#039;histamine chez les personnes allergiques, car elle est un cofacteur de l&#039;enzyme qui d\u00e9grade l&#039;histamine en exc\u00e8s.<\/span><\/p><p><span style=\"color: #000000;\"><strong>PR\u00c9SENTATION<\/strong>: 60 comprim\u00e9s<\/span><\/p><table width=\"414\"><tbody><tr><td width=\"474\"><p><span style=\"color: #000000;\"><strong>Portion: <\/strong>: <strong>1 dose par paquet : 60<\/strong><\/span><\/p><\/td><td colspan=\"2\" width=\"266\">\u00a0<\/td><\/tr><tr><td width=\"207\"><p><span style=\"color: #000000;\"><strong>Ingr\u00e9dients <\/strong><\/span><\/p><\/td><td width=\"133\"><p><span style=\"color: #000000;\"><strong>Quantit\u00e9 par dose <\/strong><\/span><\/p><\/td><td width=\"133\"><p><span style=\"color: #000000;\"><strong>Dose quotidienne %<\/strong><\/span><\/p><\/td><\/tr><tr><td width=\"207\"><p><span style=\"color: #000000;\">Thiamine (chlorhydrate de thiamine)<\/span><\/p><\/td><td width=\"133\"><p><span style=\"color: #000000;\">4,5 mg<\/span><\/p><\/td><td width=\"133\"><p><span style=\"color: #000000;\">300 %<\/span><\/p><\/td><\/tr><tr><td width=\"207\"><p><span style=\"color: #000000;\"><a style=\"color: #000000;\" href=\"https:\/\/www.rmbibow.com\/makeup\/lips\/\" target=\"_blank\" rel=\"noopener\">Vitamine<\/a> B2 (riboflavine)<\/span><\/p><\/td><td width=\"133\"><p><span style=\"color: #000000;\">60 mg<\/span><\/p><\/td><td width=\"133\"><p><span style=\"color: #000000;\">300 %<\/span><\/p><\/td><\/tr><tr><td width=\"207\"><p><span style=\"color: #000000;\">Vitamine B3 (niacine)<\/span><\/p><\/td><td width=\"133\"><p><span style=\"color: #000000;\">0,6 g;<\/span><\/p><\/td><td width=\"133\"><p><span style=\"color: #000000;\">300 %<\/span><\/p><\/td><\/tr><tr><td width=\"207\"><p><span style=\"color: #000000;\">Vitamine B12 (cyanocobalamine)<\/span><\/p><\/td><td width=\"133\"><p><span style=\"color: #000000;\">18 mcg<\/span><\/p><\/td><td width=\"133\"><p><span style=\"color: #000000;\">300 %,<\/span><\/p><\/td><\/tr><tr><td width=\"207\"><p><span style=\"color: #000000;\">Vitamine B5 (acide pantoth\u00e9nique)<\/span><\/p><\/td><td width=\"133\"><p><span style=\"color: #000000;\">30 mg<\/span><\/p><\/td><td width=\"133\"><p><span style=\"color: #000000;\">300 %,<\/span><\/p><\/td><\/tr><tr><td width=\"207\"><p><span style=\"color: #000000;\">Calcium (phosphate dicalcique)<\/span><\/p><\/td><td width=\"133\"><p><span style=\"color: #000000;\">62mg<\/span><\/p><\/td><td width=\"133\"><p><span style=\"color: #000000;\">6%<\/span><\/p><\/td><\/tr><tr><td width=\"207\"><p><span style=\"color: #000000;\">Phosphore (phosphate dicalcique)<\/span><\/p><\/td><td width=\"133\"><p><span style=\"color: #000000;\">48mg<\/span><\/p><\/td><td width=\"133\"><p><span style=\"color: #000000;\">5%<\/span><\/p><\/td><\/tr><tr><td width=\"207\"><p><span style=\"color: #000000;\">Zinc (oxyde de zinc)<\/span><\/p><\/td><td width=\"133\"><p><span style=\"color: #000000;\">25 mg<\/span><\/p><\/td><td width=\"133\"><p><span style=\"color: #000000;\">167%,<\/span><\/p><\/td><\/tr><tr><td width=\"207\"><p><span style=\"color: #000000;\">Cuivre (ch\u00e9late d&#039;acides amin\u00e9s de cuivre)<\/span><\/p><\/td><td width=\"133\"><p><span style=\"color: #000000;\">3mg<\/span><\/p><\/td><td width=\"133\"><p><span style=\"color: #000000;\">150%,<\/span><\/p><\/td><\/tr><tr><td width=\"474\"><p><span style=\"color: #000000;\">Autres ingr\u00e9dients : diphosphate de calcium, croscarmellose sodique, cellulose<\/span><br \/><span style=\"color: #000000;\">microcristallin, acide st\u00e9arique, st\u00e9arate de magn\u00e9sium<\/span><\/p><\/td><td>\u00a0<\/td><td>\u00a0<\/td><\/tr><\/tbody><\/table><\/div><\/header><\/div>\n\t\t\t\t<\/div>\n\t\t\t\t\t\t\t<div class=\"elementor-toggle-item\">\n\t\t\t\t\t<div id=\"elementor-tab-title-5852\" class=\"elementor-tab-title\" data-tab=\"2\" role=\"button\" aria-controls=\"elementor-tab-content-5852\" aria-expanded=\"false\">\n\t\t\t\t\t\t\t\t\t\t\t\t<span class=\"elementor-toggle-icon elementor-toggle-icon-left\" aria-hidden=\"true\">\n\t\t\t\t\t\t\t\t\t\t\t\t\t\t\t<span class=\"elementor-toggle-icon-closed\"><i class=\"far fa-caret-square-right\"><\/i><\/span>\n\t\t\t\t\t\t\t\t<span class=\"elementor-toggle-icon-opened\"><i class=\"elementor-toggle-icon-opened fas fa-caret-square-up\"><\/i><\/span>\n\t\t\t\t\t\t\t\t\t\t\t\t\t<\/span>\n\t\t\t\t\t\t\t\t\t\t\t\t<a class=\"elementor-toggle-title\" tabindex=\"0\">..<\/a>\n\t\t\t\t\t<\/div>\n\n\t\t\t\t\t<div id=\"elementor-tab-content-5852\" class=\"elementor-tab-content elementor-clearfix\" data-tab=\"2\" role=\"region\" aria-labelledby=\"elementor-tab-title-5852\"><\/div>\n\t\t\t\t<\/div>\n\t\t\t\t\t\t\t\t<\/div>\n\t\t\t\t\t\t<\/div>\n\t\t\t\t<\/div>\n\t\t\t\t\t<\/div>\n\t\t<\/div>\n\t\t\t\t\t<\/div>\n\t\t<\/section>\n\t\t\t\t<\/div>","protected":false},"excerpt":{"rendered":"<p><a name=\"buy\"><\/a><br \/>\n<span style=\"text-decoration: underline; color: #3366ff;\"><strong>Avantages de ce produit pour les allergies\u00a0<\/strong><\/span><\/p>\n<ul>\n<li><strong><span style=\"font-family: go;\"><span class=\"fontstyle0\">Augmente la capacit\u00e9 du syst\u00e8me immunitaire \u00e0 \u00abcombattre\u00bb les antig\u00e8nes <\/span> <\/span><\/strong><\/li>\n<li><strong><span class=\"fontstyle0\" style=\"font-family: go;\"><span class=\"fontstyle0\">Aide \u00e0 r\u00e9duire les niveaux d&#039;histamine pour les personnes allergiques<\/span> <\/span><\/strong><\/li>\n<\/ul>\n<p><strong>\u00a0\u00a0\u00a0\u00a0\u00a0 &gt;&gt;&gt;<span style=\"font-family: go; font-size: 14pt;\"><a href=\"#more\"><span style=\"color: #0000ff;\">Lire la suite<\/span><\/a><\/span><\/strong><\/p>","protected":false},"featured_media":2773,"comment_status":"open","ping_status":"closed","template":"","meta":{"nf_dc_page":"","_bbp_topic_count":0,"_bbp_reply_count":0,"_bbp_total_topic_count":0,"_bbp_total_reply_count":0,"_bbp_voice_count":0,"_bbp_anonymous_reply_count":0,"_bbp_topic_count_hidden":0,"_bbp_reply_count_hidden":0,"_bbp_forum_subforum_count":0},"product_brand":[],"product_cat":[111],"product_tag":[],"class_list":{"0":"post-2769","1":"product","2":"type-product","3":"status-publish","4":"has-post-thumbnail","6":"product_cat-allergies","8":"first","9":"instock","10":"shipping-taxable","11":"purchasable","12":"product-type-bundle"},"bundled_by":[],"bundle_stock_status":"instock","bundle_stock_quantity":"","bundle_virtual":false,"bundle_layout":"default","bundle_add_to_cart_form_location":"default","bundle_editable_in_cart":false,"bundle_sold_individually_context":"product","bundle_item_grouping":"noindent","bundle_min_size":"","bundle_max_size":"","bundled_items":[{"bundled_item_id":11,"product_id":590,"menu_order":0,"quantity_min":1,"quantity_max":"","quantity_default":1,"priced_individually":false,"shipped_individually":false,"override_title":false,"title":"","override_description":false,"description":"","optional":true,"hide_thumbnail":false,"discount":"","override_variations":false,"allowed_variations":[],"override_default_variation_attributes":false,"default_variation_attributes":[],"single_product_visibility":"hidden","cart_visibility":"hidden","order_visibility":"visible","single_product_price_visibility":"visible","cart_price_visibility":"visible","order_price_visibility":"visible","stock_status":"out_of_stock"}],"bundle_sell_ids":[],"_links":{"self":[{"href":"https:\/\/www.naturesgiftforlife.com\/fr\/wp-json\/wp\/v2\/product\/2769","targetHints":{"allow":["GET"]}}],"collection":[{"href":"https:\/\/www.naturesgiftforlife.com\/fr\/wp-json\/wp\/v2\/product"}],"about":[{"href":"https:\/\/www.naturesgiftforlife.com\/fr\/wp-json\/wp\/v2\/types\/product"}],"replies":[{"embeddable":true,"href":"https:\/\/www.naturesgiftforlife.com\/fr\/wp-json\/wp\/v2\/comments?post=2769"}],"version-history":[{"count":0,"href":"https:\/\/www.naturesgiftforlife.com\/fr\/wp-json\/wp\/v2\/product\/2769\/revisions"}],"wp:featuredmedia":[{"embeddable":true,"href":"https:\/\/www.naturesgiftforlife.com\/fr\/wp-json\/wp\/v2\/media\/2773"}],"wp:attachment":[{"href":"https:\/\/www.naturesgiftforlife.com\/fr\/wp-json\/wp\/v2\/media?parent=2769"}],"wp:term":[{"taxonomy":"product_brand","embeddable":true,"href":"https:\/\/www.naturesgiftforlife.com\/fr\/wp-json\/wp\/v2\/product_brand?post=2769"},{"taxonomy":"product_cat","embeddable":true,"href":"https:\/\/www.naturesgiftforlife.com\/fr\/wp-json\/wp\/v2\/product_cat?post=2769"},{"taxonomy":"product_tag","embeddable":true,"href":"https:\/\/www.naturesgiftforlife.com\/fr\/wp-json\/wp\/v2\/product_tag?post=2769"}],"curies":[{"name":"wp","href":"https:\/\/api.w.org\/{rel}","templated":true}]}}