{"id":2747,"date":"2020-09-23T14:36:42","date_gmt":"2020-09-23T14:36:42","guid":{"rendered":"http:\/\/www.livehealthylivehappy.com\/new\/?post_type=product&#038;p=2747"},"modified":"2023-08-21T11:11:55","modified_gmt":"2023-08-21T11:11:55","slug":"ultra-coral-calcium-2","status":"publish","type":"product","link":"https:\/\/www.naturesgiftforlife.com\/fr\/shop\/ultra-coral-calcium-2\/","title":{"rendered":"Calcium ultra corallien (Andropause)"},"content":{"rendered":"<div data-elementor-type=\"wp-post\" data-elementor-id=\"2747\" class=\"elementor elementor-2747\">\n\t\t\t\t\t\t<section class=\"elementor-section elementor-top-section elementor-element elementor-element-d0c0f0d elementor-section-boxed elementor-section-height-default elementor-section-height-default\" data-id=\"d0c0f0d\" data-element_type=\"section\" data-e-type=\"section\">\n\t\t\t\t\t\t<div class=\"elementor-container elementor-column-gap-default\">\n\t\t\t\t\t<div class=\"elementor-column elementor-col-100 elementor-top-column elementor-element elementor-element-f118168\" data-id=\"f118168\" data-element_type=\"column\" data-e-type=\"column\">\n\t\t\t<div class=\"elementor-widget-wrap elementor-element-populated\">\n\t\t\t\t\t\t<div class=\"elementor-element elementor-element-789112f elementor-widget elementor-widget-html\" data-id=\"789112f\" data-element_type=\"widget\" data-e-type=\"widget\" data-widget_type=\"html.default\">\n\t\t\t\t<div class=\"elementor-widget-container\">\n\t\t\t\t\t<a name=\"more\"><\/a>\t\t\t\t<\/div>\n\t\t\t\t<\/div>\n\t\t\t\t<div class=\"elementor-element elementor-element-41a2f5b elementor-invisible elementor-widget elementor-widget-toggle\" data-id=\"41a2f5b\" data-element_type=\"widget\" data-e-type=\"widget\" data-settings=\"{&quot;_animation&quot;:&quot;flash&quot;}\" data-widget_type=\"toggle.default\">\n\t\t\t\t<div class=\"elementor-widget-container\">\n\t\t\t\t\t\t\t<div class=\"elementor-toggle\">\n\t\t\t\t\t\t\t<div class=\"elementor-toggle-item\">\n\t\t\t\t\t<div id=\"elementor-tab-title-6881\" class=\"elementor-tab-title\" data-tab=\"1\" role=\"button\" aria-controls=\"elementor-tab-content-6881\" aria-expanded=\"false\">\n\t\t\t\t\t\t\t\t\t\t\t\t<span class=\"elementor-toggle-icon elementor-toggle-icon-left\" aria-hidden=\"true\">\n\t\t\t\t\t\t\t\t\t\t\t\t\t\t\t<span class=\"elementor-toggle-icon-closed\"><i class=\"far fa-caret-square-right\"><\/i><\/span>\n\t\t\t\t\t\t\t\t<span class=\"elementor-toggle-icon-opened\"><i class=\"elementor-toggle-icon-opened fas fa-caret-square-up\"><\/i><\/span>\n\t\t\t\t\t\t\t\t\t\t\t\t\t<\/span>\n\t\t\t\t\t\t\t\t\t\t\t\t<a class=\"elementor-toggle-title\" tabindex=\"0\">Description d\u00e9taill\u00e9e du produit \/ faits sur les suppl\u00e9ments<\/a>\n\t\t\t\t\t<\/div>\n\n\t\t\t\t\t<div id=\"elementor-tab-content-6881\" class=\"elementor-tab-content elementor-clearfix\" data-tab=\"1\" role=\"region\" aria-labelledby=\"elementor-tab-title-6881\"><p class=\"P1\"><span style=\"color: #000000;\"><span class=\"T6\">Le zinc min\u00e9ral est important \u00e0 bien des \u00e9gards et joue un r\u00f4le important dans l&#039;andropause. Il inhibe<\/span><span class=\"T7\">\u200b\u200b\u00a0<\/span><span class=\"T8\">l&#039;aromatase, l&#039;enzyme qui convertit la testost\u00e9rone en estradiol. Une carence en zinc est associ\u00e9e<\/span><span class=\"T9\">\u200b\u200b\u00a0<\/span><span class=\"T10\">avec une activit\u00e9 accrue du syst\u00e8me aromatase qui se traduit par un taux plus \u00e9lev\u00e9 d&#039;estradiol et un<\/span><span class=\"T11\">\u200b\u200b\u00a0<\/span><span class=\"T12\">niveau inf\u00e9rieur de testost\u00e9rone.<\/span><\/span><\/p><p><span style=\"color: #000000;\"><strong>Qu&#039;est-ce que le calcium de corail exactement? <\/strong><\/span><\/p><p><span style=\"color: #000000;\">Le Calcium de Corail est un compl\u00e9ment alimentaire issu du corail marin. Le calcium de corail est vendu sous forme de comprim\u00e9s, de poudre, de sachets de th\u00e9 et de capsules. Si vous avez d\u00e9j\u00e0 fait de la plong\u00e9e avec tuba ou de la plong\u00e9e sous-marine, vous avez vu les r\u00e9cifs coralliens de pr\u00e8s et en personne. Le corail est un organisme vivant qui contient des concentrations \u00e9lev\u00e9es de calcium, de magn\u00e9sium et de nombreux autres min\u00e9raux<\/span><\/p><p><span style=\"color: #000000;\"><strong>Qu&#039;est-ce que le corail ionis\u00e9? <\/strong><\/span><\/p><p><span style=\"color: #000000;\">Minerals that are ionised (have a positive charge) tend to be easier for us humans to absorb into our bloodstream. So, with ionised coral calcium it is easier for the body to absorb the calcium than let\u2019s say the calcium in milk. How do you know which coral calcium is ionised? All coral calcium is ionised. When comparing coral calcium supplements you don\u2019t need to worry about what is ionised, since they are all ionised.<\/span><\/p><p><span style=\"color: #000000;\">Coral Calcium est le compl\u00e9ment nutritionnel le plus vendu de l&#039;histoire!<\/span><\/p><p><span style=\"color: #000000;\">Le calcium de corail NG4L est diff\u00e9rent des suppl\u00e9ments de calcium ordinaires. La plupart des suppl\u00e9ments de calcium, comme le citrate de calcium, doivent \u00eatre d\u00e9compos\u00e9s par l&#039;acide gastrique. Le calcium de corail NG4L est pr\u00e9-dig\u00e9r\u00e9, il est donc d\u00e9j\u00e0 d\u00e9compos\u00e9 pour votre corps. Il y a 75 macro et oligo-\u00e9l\u00e9ments diff\u00e9rents trouv\u00e9s dans le calcium de corail NG4L en parfait \u00e9quilibre comme on le trouve dans la nature.<\/span><\/p><p><span style=\"color: #000000;\"><strong>Supplement Facts Ultra Coral Calcium Supreme<\/strong><\/span><\/p><p><span style=\"color: #000000;\"><strong>\u00a0<\/strong>Serving Size: Three (3) Capsules\u00a0\u00a0\u00a0 Number of Servings: 30<\/span><\/p><table style=\"height: 1700px;\" width=\"169\"><tbody><tr><td colspan=\"4\" width=\"548\">\u00a0<\/td><\/tr><tr><td width=\"329\"><span style=\"color: #000000; font-size: 10pt;\">Quantit\u00e9 par portion<\/span><\/td><td width=\"73\"><span style=\"color: #000000; font-size: 10pt;\">Qt\u00e9<\/span><\/td><td width=\"67\"><span style=\"color: #000000; font-size: 10pt;\">Unit\u00e9<\/span><\/td><td width=\"79\"><span style=\"color: #000000; font-size: 10pt;\">Valeur quotidienne %<\/span><\/td><\/tr><tr><td width=\"329\"><span style=\"color: #000000; font-size: 10pt;\">Vitamine A (100% sous forme de b\u00eata-carot\u00e8ne)<\/span><\/td><td width=\"73\"><span style=\"color: #000000; font-size: 10pt;\">5000<\/span><\/td><td width=\"67\"><span style=\"color: #000000; font-size: 10pt;\">UI<\/span><\/td><td width=\"79\"><span style=\"color: #000000; font-size: 10pt;\">100%<\/span><\/td><\/tr><tr><td width=\"329\"><span style=\"color: #000000; font-size: 10pt;\">Vitamine B1 (sous forme de thiamine HCL)<\/span><\/td><td width=\"73\"><span style=\"color: #000000; font-size: 10pt;\">1.5<\/span><\/td><td width=\"67\"><span style=\"color: #000000; font-size: 10pt;\">mg<\/span><\/td><td width=\"79\"><span style=\"color: #000000; font-size: 10pt;\">100%<\/span><\/td><\/tr><tr><td width=\"329\"><span style=\"color: #000000; font-size: 10pt;\">Vitamine B2 (sous forme de riboflavine)<\/span><\/td><td width=\"73\"><span style=\"color: #000000; font-size: 10pt;\">1.7<\/span><\/td><td width=\"67\"><span style=\"color: #000000; font-size: 10pt;\">mg<\/span><\/td><td width=\"79\"><span style=\"color: #000000; font-size: 10pt;\">100%<\/span><\/td><\/tr><tr><td width=\"329\"><span style=\"color: #000000; font-size: 10pt;\">Vitamine B3 (sous forme de Niacinamide)<\/span><\/td><td width=\"73\"><span style=\"color: #000000; font-size: 10pt;\">20<\/span><\/td><td width=\"67\"><span style=\"color: #000000; font-size: 10pt;\">mg<\/span><\/td><td width=\"79\"><span style=\"color: #000000; font-size: 10pt;\">100%<\/span><\/td><\/tr><tr><td width=\"329\"><span style=\"color: #000000; font-size: 10pt;\">Vitamine B5 (pantoth\u00e9nate de calcium)<\/span><\/td><td width=\"73\"><span style=\"color: #000000; font-size: 10pt;\">10<\/span><\/td><td width=\"67\"><span style=\"color: #000000; font-size: 10pt;\">mg<\/span><\/td><td width=\"79\"><span style=\"color: #000000; font-size: 10pt;\">100%<\/span><\/td><\/tr><tr><td width=\"329\"><span style=\"color: #000000; font-size: 10pt;\">Vitamine B6 (sous forme de pyrodoxine HCL)<\/span><\/td><td width=\"73\"><span style=\"color: #000000; font-size: 10pt;\">2<\/span><\/td><td width=\"67\"><span style=\"color: #000000; font-size: 10pt;\">mg<\/span><\/td><td width=\"79\"><span style=\"color: #000000; font-size: 10pt;\">100%<\/span><\/td><\/tr><tr><td width=\"329\"><span style=\"color: #000000; font-size: 10pt;\">Vitamine B12 (sous forme de cyanocobalamine)<\/span><\/td><td width=\"73\"><span style=\"color: #000000; font-size: 10pt;\">6<\/span><\/td><td width=\"67\"><span style=\"color: #000000; font-size: 10pt;\">mcg<\/span><\/td><td width=\"79\"><span style=\"color: #000000; font-size: 10pt;\">100%<\/span><\/td><\/tr><tr><td width=\"329\"><span style=\"color: #000000; font-size: 10pt;\">Vitamine C (sous forme d&#039;acide ascorbique)<\/span><\/td><td width=\"73\"><span style=\"color: #000000; font-size: 10pt;\">60<\/span><\/td><td width=\"67\"><span style=\"color: #000000; font-size: 10pt;\">mg<\/span><\/td><td width=\"79\"><span style=\"color: #000000; font-size: 10pt;\">100%<\/span><\/td><\/tr><tr><td width=\"329\"><span style=\"color: #000000; font-size: 10pt;\">Vitamine D (sous forme de chol\u00e9calcif\u00e9rol)<\/span><\/td><td width=\"73\"><span style=\"color: #000000; font-size: 10pt;\">800<\/span><\/td><td width=\"67\"><span style=\"color: #000000; font-size: 10pt;\">UI<\/span><\/td><td width=\"79\"><span style=\"color: #000000; font-size: 10pt;\">200%<\/span><\/td><\/tr><tr><td width=\"329\"><span style=\"color: #000000; font-size: 10pt;\">Vitamine E (comme D-Alpha Tocopheryl)<\/span><\/td><td width=\"73\"><span style=\"color: #000000; font-size: 10pt;\">30<\/span><\/td><td width=\"67\"><span style=\"color: #000000; font-size: 10pt;\">UI<\/span><\/td><td width=\"79\"><span style=\"color: #000000; font-size: 10pt;\">100%<\/span><\/td><\/tr><tr><td width=\"329\"><span style=\"color: #000000; font-size: 10pt;\">Acide folique<\/span><\/td><td width=\"73\"><span style=\"color: #000000; font-size: 10pt;\">800<\/span><\/td><td width=\"67\"><span style=\"color: #000000; font-size: 10pt;\">mcg<\/span><\/td><td width=\"79\"><span style=\"color: #000000; font-size: 10pt;\">200%<\/span><\/td><\/tr><tr><td width=\"329\"><span style=\"color: #000000; font-size: 10pt;\">Calcium (provenant du calcium de corail)<\/span><\/td><td width=\"73\"><span style=\"color: #000000; font-size: 10pt;\">740<\/span><\/td><td width=\"67\"><span style=\"color: #000000; font-size: 10pt;\">mg<\/span><\/td><td width=\"79\"><span style=\"color: #000000; font-size: 10pt;\">75%<\/span><\/td><\/tr><tr><td width=\"329\"><span style=\"color: #000000; font-size: 10pt;\">Calcium (d&#039;Aquarnin)<\/span><\/td><td width=\"73\"><span style=\"color: #000000; font-size: 10pt;\">95<\/span><\/td><td width=\"67\"><span style=\"color: #000000; font-size: 10pt;\">mg<\/span><\/td><td width=\"79\"><span style=\"color: #000000; font-size: 10pt;\">10%<\/span><\/td><\/tr><tr><td width=\"329\"><span style=\"color: #000000; font-size: 10pt;\">Fer (sous forme de ch\u00e9late d&#039;acide amin\u00e9)<\/span><\/td><td width=\"73\"><span style=\"color: #000000; font-size: 10pt;\">18<\/span><\/td><td width=\"67\"><span style=\"color: #000000; font-size: 10pt;\">mg<\/span><\/td><td width=\"79\"><span style=\"color: #000000; font-size: 10pt;\">100%<\/span><\/td><\/tr><tr><td width=\"329\"><span style=\"color: #000000; font-size: 10pt;\">Iode (sous forme de varech)<\/span><\/td><td width=\"73\"><span style=\"color: #000000; font-size: 10pt;\">150<\/span><\/td><td width=\"67\"><span style=\"color: #000000; font-size: 10pt;\">mcg<\/span><\/td><td width=\"79\"><span style=\"color: #000000; font-size: 10pt;\">100%<\/span><\/td><\/tr><tr><td width=\"329\"><span style=\"color: #000000; font-size: 10pt;\">Magn\u00e9sium (provenant du calcium de corail)<\/span><\/td><td width=\"73\"><span style=\"color: #000000; font-size: 10pt;\">250<\/span><\/td><td width=\"67\"><span style=\"color: #000000; font-size: 10pt;\">mg<\/span><\/td><td width=\"79\"><span style=\"color: #000000; font-size: 10pt;\">63%<\/span><\/td><\/tr><tr><td width=\"329\"><span style=\"color: #000000; font-size: 10pt;\">Magn\u00e9sium (\u00e0 partir de citrate)<\/span><\/td><td width=\"73\"><span style=\"color: #000000; font-size: 10pt;\">58<\/span><\/td><td width=\"67\"><span style=\"color: #000000; font-size: 10pt;\">mg<\/span><\/td><td width=\"79\">\u00a0<\/td><\/tr><tr><td width=\"329\"><span style=\"color: #000000; font-size: 10pt;\">Magn\u00e9sium (d&#039;Aquamin)<\/span><\/td><td width=\"73\"><span style=\"color: #000000; font-size: 10pt;\">7<\/span><\/td><td width=\"67\"><span style=\"color: #000000; font-size: 10pt;\">mg<\/span><\/td><td width=\"79\">\u00a0<\/td><\/tr><tr><td width=\"329\"><span style=\"color: #000000; font-size: 10pt;\">Zinc (sous forme de ch\u00e9late d&#039;acide amin\u00e9)<\/span><\/td><td width=\"73\"><span style=\"color: #000000; font-size: 10pt;\">15<\/span><\/td><td width=\"67\"><span style=\"color: #000000; font-size: 10pt;\">mg<\/span><\/td><td width=\"79\"><span style=\"color: #000000; font-size: 10pt;\">100%<\/span><\/td><\/tr><tr><td width=\"329\"><span style=\"color: #000000; font-size: 10pt;\">S\u00e9l\u00e9nium (sous forme de ch\u00e9late d&#039;acide amin\u00e9)<\/span><\/td><td width=\"73\"><span style=\"color: #000000; font-size: 10pt;\">70<\/span><\/td><td width=\"67\"><span style=\"color: #000000; font-size: 10pt;\">mcg<\/span><\/td><td width=\"79\"><span style=\"color: #000000; font-size: 10pt;\">100%<\/span><\/td><\/tr><tr><td width=\"329\"><span style=\"color: #000000; font-size: 10pt;\">Cuivre (sous forme de ch\u00e9late d&#039;acide amin\u00e9)<\/span><\/td><td width=\"73\"><span style=\"color: #000000; font-size: 10pt;\">2<\/span><\/td><td width=\"67\"><span style=\"color: #000000; font-size: 10pt;\">mg<\/span><\/td><td width=\"79\"><span style=\"color: #000000; font-size: 10pt;\">100%<\/span><\/td><\/tr><tr><td width=\"329\"><span style=\"color: #000000; font-size: 10pt;\">Mangan\u00e8se (sous forme de ch\u00e9late d&#039;acide amin\u00e9)<\/span><\/td><td width=\"73\"><span style=\"color: #000000; font-size: 10pt;\">2<\/span><\/td><td width=\"67\"><span style=\"color: #000000; font-size: 10pt;\">mg<\/span><\/td><td width=\"79\"><span style=\"color: #000000; font-size: 10pt;\">100%<\/span><\/td><\/tr><tr><td width=\"329\"><span style=\"color: #000000; font-size: 10pt;\">Chrome (sous forme de ch\u00e9late d&#039;acides amin\u00e9s)<\/span><\/td><td width=\"73\"><span style=\"color: #000000; font-size: 10pt;\">120<\/span><\/td><td width=\"67\"><span style=\"color: #000000; font-size: 10pt;\">mcg<\/span><\/td><td width=\"79\"><span style=\"color: #000000; font-size: 10pt;\">100%<\/span><\/td><\/tr><tr><td width=\"329\"><span style=\"color: #000000; font-size: 10pt;\">Calcium de corail<\/span><\/td><td width=\"73\"><span style=\"color: #000000; font-size: 10pt;\">2000<\/span><\/td><td width=\"67\"><span style=\"color: #000000; font-size: 10pt;\">mg<\/span><\/td><td width=\"79\"><span style=\"color: #000000; font-size: 10pt;\">*<\/span><\/td><\/tr><tr><td width=\"329\"><span style=\"color: #000000; font-size: 10pt;\">Biop\u00e9rine<\/span><\/td><td width=\"73\"><span style=\"color: #000000; font-size: 10pt;\">5<\/span><\/td><td width=\"67\"><span style=\"color: #000000; font-size: 10pt;\">mg<\/span><\/td><td width=\"79\"><span style=\"color: #000000; font-size: 10pt;\">*<\/span><\/td><\/tr><tr><td width=\"329\"><span style=\"color: #000000; font-size: 10pt;\">C\u00e9sium (sous forme de chlorure)<\/span><\/td><td width=\"73\"><span style=\"color: #000000; font-size: 10pt;\">3<\/span><\/td><td width=\"67\"><span style=\"color: #000000; font-size: 10pt;\">mg<\/span><\/td><td width=\"79\"><span style=\"color: #000000; font-size: 10pt;\">*<\/span><\/td><\/tr><tr><td width=\"329\"><span style=\"color: #000000; font-size: 10pt;\">Bore (sous forme de ch\u00e9late d&#039;acide amin\u00e9)<\/span><\/td><td width=\"73\"><span style=\"color: #000000; font-size: 10pt;\">1000<\/span><\/td><td width=\"67\"><span style=\"color: #000000; font-size: 10pt;\">mcg<\/span><\/td><td width=\"79\"><span style=\"color: #000000; font-size: 10pt;\">*<\/span><\/td><\/tr><tr><td width=\"329\"><span style=\"color: #000000; font-size: 10pt;\">* Valeur quotidienne non \u00e9tablie<\/span><\/td><td width=\"73\">\u00a0<\/td><td width=\"67\">\u00a0<\/td><td width=\"79\">\u00a0<\/td><\/tr><\/tbody><\/table><\/div>\n\t\t\t\t<\/div>\n\t\t\t\t\t\t\t<div class=\"elementor-toggle-item\">\n\t\t\t\t\t<div id=\"elementor-tab-title-6882\" class=\"elementor-tab-title\" data-tab=\"2\" role=\"button\" aria-controls=\"elementor-tab-content-6882\" aria-expanded=\"false\">\n\t\t\t\t\t\t\t\t\t\t\t\t<span class=\"elementor-toggle-icon elementor-toggle-icon-left\" aria-hidden=\"true\">\n\t\t\t\t\t\t\t\t\t\t\t\t\t\t\t<span class=\"elementor-toggle-icon-closed\"><i class=\"far fa-caret-square-right\"><\/i><\/span>\n\t\t\t\t\t\t\t\t<span class=\"elementor-toggle-icon-opened\"><i class=\"elementor-toggle-icon-opened fas fa-caret-square-up\"><\/i><\/span>\n\t\t\t\t\t\t\t\t\t\t\t\t\t<\/span>\n\t\t\t\t\t\t\t\t\t\t\t\t<a class=\"elementor-toggle-title\" tabindex=\"0\">..<\/a>\n\t\t\t\t\t<\/div>\n\n\t\t\t\t\t<div id=\"elementor-tab-content-6882\" class=\"elementor-tab-content elementor-clearfix\" data-tab=\"2\" role=\"region\" aria-labelledby=\"elementor-tab-title-6882\"><\/div>\n\t\t\t\t<\/div>\n\t\t\t\t\t\t\t\t<\/div>\n\t\t\t\t\t\t<\/div>\n\t\t\t\t<\/div>\n\t\t\t\t\t<\/div>\n\t\t<\/div>\n\t\t\t\t\t<\/div>\n\t\t<\/section>\n\t\t\t\t<\/div>","protected":false},"excerpt":{"rendered":"<p><a name=\"buy\"><\/a><br \/>\n<span style=\"text-decoration: underline; color: #3366ff;\"><strong>Avantages de ce produit pour l&#039;Andropause<\/strong><\/span><\/p>\n<ul>\n<li><strong><span style=\"font-family: go;\"><span style=\"font-size: medium;\"><span style=\"color: #000000;\">Il inhibe l&#039;aromatase, l&#039;enzyme qui convertit la testost\u00e9rone en estradiol.<\/span><\/span><\/span><\/strong><\/li>\n<li><a href=\"#more\"><strong>Lire la suite<\/strong><\/a><\/li>\n<\/ul>","protected":false},"featured_media":2749,"comment_status":"open","ping_status":"closed","template":"","meta":{"nf_dc_page":"","_bbp_topic_count":0,"_bbp_reply_count":0,"_bbp_total_topic_count":0,"_bbp_total_reply_count":0,"_bbp_voice_count":0,"_bbp_anonymous_reply_count":0,"_bbp_topic_count_hidden":0,"_bbp_reply_count_hidden":0,"_bbp_forum_subforum_count":0},"product_brand":[],"product_cat":[112],"product_tag":[],"class_list":{"0":"post-2747","1":"product","2":"type-product","3":"status-publish","4":"has-post-thumbnail","6":"product_cat-andropause","8":"first","9":"instock","10":"featured","11":"shipping-taxable","12":"purchasable","13":"product-type-bundle"},"bundled_by":[],"bundle_stock_status":"instock","bundle_stock_quantity":"","bundle_virtual":false,"bundle_layout":"default","bundle_add_to_cart_form_location":"default","bundle_editable_in_cart":false,"bundle_sold_individually_context":"product","bundle_item_grouping":"noindent","bundle_min_size":"","bundle_max_size":"","bundled_items":[{"bundled_item_id":15,"product_id":1224,"menu_order":0,"quantity_min":1,"quantity_max":"","quantity_default":1,"priced_individually":false,"shipped_individually":false,"override_title":false,"title":"","override_description":false,"description":"","optional":true,"hide_thumbnail":false,"discount":"","override_variations":false,"allowed_variations":[],"override_default_variation_attributes":false,"default_variation_attributes":[],"single_product_visibility":"hidden","cart_visibility":"hidden","order_visibility":"visible","single_product_price_visibility":"visible","cart_price_visibility":"visible","order_price_visibility":"visible","stock_status":"in_stock"}],"bundle_sell_ids":[],"_links":{"self":[{"href":"https:\/\/www.naturesgiftforlife.com\/fr\/wp-json\/wp\/v2\/product\/2747","targetHints":{"allow":["GET"]}}],"collection":[{"href":"https:\/\/www.naturesgiftforlife.com\/fr\/wp-json\/wp\/v2\/product"}],"about":[{"href":"https:\/\/www.naturesgiftforlife.com\/fr\/wp-json\/wp\/v2\/types\/product"}],"replies":[{"embeddable":true,"href":"https:\/\/www.naturesgiftforlife.com\/fr\/wp-json\/wp\/v2\/comments?post=2747"}],"version-history":[{"count":0,"href":"https:\/\/www.naturesgiftforlife.com\/fr\/wp-json\/wp\/v2\/product\/2747\/revisions"}],"wp:featuredmedia":[{"embeddable":true,"href":"https:\/\/www.naturesgiftforlife.com\/fr\/wp-json\/wp\/v2\/media\/2749"}],"wp:attachment":[{"href":"https:\/\/www.naturesgiftforlife.com\/fr\/wp-json\/wp\/v2\/media?parent=2747"}],"wp:term":[{"taxonomy":"product_brand","embeddable":true,"href":"https:\/\/www.naturesgiftforlife.com\/fr\/wp-json\/wp\/v2\/product_brand?post=2747"},{"taxonomy":"product_cat","embeddable":true,"href":"https:\/\/www.naturesgiftforlife.com\/fr\/wp-json\/wp\/v2\/product_cat?post=2747"},{"taxonomy":"product_tag","embeddable":true,"href":"https:\/\/www.naturesgiftforlife.com\/fr\/wp-json\/wp\/v2\/product_tag?post=2747"}],"curies":[{"name":"wp","href":"https:\/\/api.w.org\/{rel}","templated":true}]}}