{"id":2584,"date":"2020-09-22T12:37:39","date_gmt":"2020-09-22T12:37:39","guid":{"rendered":"http:\/\/www.livehealthylivehappy.com\/new\/?post_type=product&#038;p=2584"},"modified":"2025-10-07T16:39:08","modified_gmt":"2025-10-07T16:39:08","slug":"triple-strength-arthritis-joint-formula","status":"publish","type":"product","link":"https:\/\/www.naturesgiftforlife.com\/fr\/shop\/triple-strength-arthritis-joint-formula\/","title":{"rendered":"Formule articulaire triple force pour l&#039;arthrite"},"content":{"rendered":"<div data-elementor-type=\"wp-post\" data-elementor-id=\"2584\" class=\"elementor elementor-2584\">\n\t\t\t\t\t\t<section class=\"elementor-section elementor-top-section elementor-element elementor-element-4cf4695 elementor-section-boxed elementor-section-height-default elementor-section-height-default\" data-id=\"4cf4695\" data-element_type=\"section\" data-e-type=\"section\">\n\t\t\t\t\t\t<div class=\"elementor-container elementor-column-gap-default\">\n\t\t\t\t\t<div class=\"elementor-column elementor-col-100 elementor-top-column elementor-element elementor-element-799998d\" data-id=\"799998d\" data-element_type=\"column\" data-e-type=\"column\">\n\t\t\t<div class=\"elementor-widget-wrap elementor-element-populated\">\n\t\t\t\t\t\t<div class=\"elementor-element elementor-element-7668c94 elementor-widget elementor-widget-html\" data-id=\"7668c94\" data-element_type=\"widget\" data-e-type=\"widget\" data-widget_type=\"html.default\">\n\t\t\t\t<div class=\"elementor-widget-container\">\n\t\t\t\t\t<a name=\"more\"><\/a>\t\t\t\t<\/div>\n\t\t\t\t<\/div>\n\t\t\t\t<div class=\"elementor-element elementor-element-9050df2 elementor-invisible elementor-widget elementor-widget-toggle\" data-id=\"9050df2\" data-element_type=\"widget\" data-e-type=\"widget\" data-settings=\"{&quot;_animation&quot;:&quot;flash&quot;}\" data-widget_type=\"toggle.default\">\n\t\t\t\t<div class=\"elementor-widget-container\">\n\t\t\t\t\t\t\t<div class=\"elementor-toggle\">\n\t\t\t\t\t\t\t<div class=\"elementor-toggle-item\">\n\t\t\t\t\t<div id=\"elementor-tab-title-1511\" class=\"elementor-tab-title\" data-tab=\"1\" role=\"button\" aria-controls=\"elementor-tab-content-1511\" aria-expanded=\"false\">\n\t\t\t\t\t\t\t\t\t\t\t\t<span class=\"elementor-toggle-icon elementor-toggle-icon-left\" aria-hidden=\"true\">\n\t\t\t\t\t\t\t\t\t\t\t\t\t\t\t<span class=\"elementor-toggle-icon-closed\"><i class=\"far fa-caret-square-right\"><\/i><\/span>\n\t\t\t\t\t\t\t\t<span class=\"elementor-toggle-icon-opened\"><i class=\"elementor-toggle-icon-opened fas fa-caret-square-up\"><\/i><\/span>\n\t\t\t\t\t\t\t\t\t\t\t\t\t<\/span>\n\t\t\t\t\t\t\t\t\t\t\t\t<a class=\"elementor-toggle-title\" tabindex=\"0\">Description d\u00e9taill\u00e9e du produit \/ faits sur les suppl\u00e9ments<\/a>\n\t\t\t\t\t<\/div>\n\n\t\t\t\t\t<div id=\"elementor-tab-content-1511\" class=\"elementor-tab-content elementor-clearfix\" data-tab=\"1\" role=\"region\" aria-labelledby=\"elementor-tab-title-1511\"><p style=\"text-align: center;\"><span style=\"color: #000000;\"><strong><em>TRIPLE FORCE <\/em><em><span style=\"color: #000000;\"><a style=\"color: #000000; text-decoration: underline;\" href=\"https:\/\/livehealthylivehappy.com\/category\/fibroids\/\" target=\"_blank\" rel=\"noopener\">ARTHRITE<\/a> <\/span><\/em><em>FORMULE COMMUNE<\/em><\/strong><\/span><\/p><p><span style=\"color: #000000;\"><strong><em>Avantages<\/em><\/strong><\/span><\/p><ul><li><span style=\"color: #000000;\">Aide le corps \u00e0 r\u00e9parer le cartilage \u00e9rod\u00e9 et endommag\u00e9<\/span><\/li><li><span style=\"color: #000000;\">Am\u00e9liore et favorise la sant\u00e9 des articulations et la fonction normale.<\/span><\/li><li><span style=\"color: #000000;\">Fournit aux tissus mous une absorption accrue des chocs dans le <a href=\"https:\/\/www.rmbibow.com\/compact-mineral-powder\/\" target=\"_blank\" rel=\"noopener\">les articulations<\/a>.<\/span><\/li><li><span style=\"color: #000000;\">Aide \u00e0 r\u00e9duire la douleur de ceux qui souffrent de <a href=\"https:\/\/www.naturesgiftforlife.com\/fr\/shop\/chitosan-plus-complex-constipation\/\">arthrose<\/a><\/span><\/li><li><span style=\"color: #000000;\">Agit comme un agent cicatrisant, anti-inflammatoire et modificateur de la maladie<\/span><\/li><li><span style=\"color: #000000;\">Aide \u00e0 lubrifier les articulations et am\u00e9liore la flexibilit\u00e9 et la mobilit\u00e9.<\/span><\/li><li><span style=\"color: #000000;\">Avantages des plaies et des calculs r\u00e9naux.<\/span><\/li><li><span style=\"color: #000000;\">Propri\u00e9t\u00e9s antivirales contre le VIH<\/span><\/li><li><span style=\"color: #000000;\">R\u00e9duit les douleurs musculaires, la raideur, l&#039;enflure, la fissuration ou le cliquetis des articulations<em>. <\/em><\/span><\/li><\/ul><p style=\"text-align: center;\"><a class=\"buy\" href=\"#buy\"><strong>ALLER ACHETER MAINTENANT<\/strong><\/a><\/p><p><span style=\"color: #000000;\"><strong><em>Avantages suppl\u00e9mentaires pour MSM<\/em><\/strong><\/span><\/p><ul><li><span style=\"color: #000000;\">Aide \u00e0 assurer le bon fonctionnement des divers processus corporels<\/span><\/li><li><span style=\"color: #000000;\">Aide \u00e0 maintenir la fonction et la restauration des articulations<\/span><\/li><\/ul><ul><li><span style=\"color: #000000;\">Diminue les douleurs musculaires<\/span><\/li><li><span style=\"color: #000000;\">Aide \u00e0 se d\u00e9barrasser des parasites<\/span><\/li><li><span style=\"color: #000000;\">Maintient la flexibilit\u00e9 et la perm\u00e9abilit\u00e9 de la membrane cellulaire<\/span><\/li><li><span style=\"color: #000000;\">Chiffres sur la production d&#039;\u00e9nergie, en tant que composant de l&#039;insuline et condition pr\u00e9alable au m\u00e9tabolisme normal des glucides<\/span><\/li><li><span style=\"color: #000000;\">Aide \u00e0 pr\u00e9venir les allergies<\/span><\/li><\/ul><p style=\"text-align: center;\"><span style=\"color: #000000;\"><strong><a class=\"buy\" href=\"#buy\">ALLER ACHETER MAINTENANT<\/a>\u00a0<\/strong><\/span><\/p><p><span style=\"color: #000000;\"><strong>Pr\u00e9sentation du produit<\/strong><\/span><\/p><p><span style=\"color: #000000;\"><strong>GLUCOSAMINE, CHONDROITIN AND MSM &#8211; <\/strong>This is a serious issue! Over 40 million Americans are thought to suffer from pain and loss of mobility due to a painful degenerative disease called osteoarthritis. Osteoarthritis (OA) is a condition that refers to the start of what eventually may become rheumatoid arthritis over time. It (OA) is a disease where the cartilage that covers the bones in our joints is slowly destroyed allowing the bones to rub against each other. The result of this action is extreme pain, and it&#8217;s that pain that most modern arthritis treatments try to alleviate (with limited success).<\/span><\/p><p><span style=\"color: #000000;\">C&#039;est l\u00e0 qu&#039;intervient la glucosamine (en tant que suppl\u00e9ment). <strong><em>Glucosamine<\/em><\/strong> se trouve dans le corps en grande partie dans le cartilage, c&#039;est le mat\u00e9riau discut\u00e9 ci-dessus qui recouvre et prot\u00e8ge les articulations. \u00c0 mesure que nous vieillissons et que les abus sur nos articulations commencent \u00e0 faire des ravages, cela peut entra\u00eener un amincissement du cartilage protecteur et une d\u00e9gradation de l&#039;articulation elle-m\u00eame, ce qui peut \u00eatre tr\u00e8s douloureux. Bon nombre des m\u00e9dicaments actuellement offerts sur le march\u00e9 n&#039;offrent pas de v\u00e9ritable soulagement. Ils ne font que masquer la douleur. Mais il a \u00e9t\u00e9 d\u00e9montr\u00e9 que la glucosamine, associ\u00e9e \u00e0 d&#039;autres nutriments synergiques, aide \u00e0 reconstruire le tissu articulaire et \u00e0 soulager la douleur caus\u00e9e par la perte de cartilage.<\/span><\/p><p style=\"text-align: center;\"><a class=\"buy\" href=\"#buy\"><strong>ALLER ACHETER MAINTENANT<\/strong><\/a><\/p><p><span style=\"color: #000000;\">L&#039;utilisation r\u00e9guli\u00e8re de glucosamine est tr\u00e8s importante pour que le produit fonctionne.<\/span><\/p><p><span style=\"color: #000000;\">Si vous regardez combien de temps il vous a fallu pour d\u00e9composer le tissu, vous devez comprendre qu&#039;il faudra un peu de temps pour le reconstruire. Cela demande de la pers\u00e9v\u00e9rance et de la patience ; et comme il est s\u00fbr \u00e0 prendre selon la recherche, la glucosamine peut \u00eatre prise sur de longues p\u00e9riodes sans probl\u00e8me. Certaines des \u00e9tudes les plus r\u00e9centes r\u00e9v\u00e8lent que la glucosamine d&#039;un point de vue scientifique, peut \u00eatre la cl\u00e9 de la gu\u00e9rison et de la repousse de ce tissu protecteur. La glucosamine se pr\u00e9sente sous plusieurs formes et agit pour stimuler la fonction et la r\u00e9paration des articulations. Comme indiqu\u00e9, il s&#039;est av\u00e9r\u00e9 b\u00e9n\u00e9fique dans le traitement de l&#039;arthrose, mais ce qui rend ce produit tr\u00e8s int\u00e9ressant, c&#039;est le nombre d&#039;\u00e9tudes r\u00e9alis\u00e9es au cours des 20 derni\u00e8res ann\u00e9es qui l&#039;ont montr\u00e9. <\/span><\/p><p><span style=\"color: #000000;\">For example, there are clinical studies that compared the usage of the NSAID ibuprofen with glucosamine sulfate, for osteoarthritis of the knee. During the first two weeks, the use of ibuprofen decreased the user\u2019s pain faster, but by the fourth week the glucosamine group was well ahead in pain relief. The overall results showed that 44% of the glucosamine group had pain relief compared to 15% for ibuprofen. This is very significant! <\/span><\/p><p><span style=\"color: #000000;\">So, are all Glucosamine products the same? Glucosamine is sold in the Hydrochloride (HCL) form as well as a Sulphate format. What 100% of the public doesn&#8217;t know is that the type of Sulphate used to make Glucoseamine Sulphate is a form called potassium sulphate. In an effort to keep this description brief, suffice it to say that this is not good. It has a tendency to be an irritant and is not well utilized.<\/span><\/p><p style=\"text-align: center;\"><span style=\"color: #000000;\"><strong><a class=\"buy\" href=\"#buy\">ALLER ACHETER MAINTENANT<\/a><\/strong><\/span><\/p><p><span style=\"color: #000000;\">Un meilleur choix d&#039;ingr\u00e9dients est celui qui am\u00e9liore tout produit commun, et c&#039;est l&#039;utilisation de <strong><em>MSM (m\u00e9thylsulfonylm\u00e9thane)<\/em><\/strong> in the formula. MSM is a source of organic sulfur, a naturally occurring compound in the human body &#8211; the kind your body can absorb and use. Sulfur is the fourth most plentiful mineral in the body. One of the most significant applications of organic sulfur is its ability to <strong>soulager la douleur<\/strong> associ\u00e9e \u00e0 des troubles inflammatoires syst\u00e9miques, tels que l&#039;arthrite. Le soufre est un \u00e9l\u00e9ment structurel important du tissu conjonctif qui relie le muscle \u00e0 l&#039;os. <\/span><\/p><p><span style=\"color: #000000;\">It&#8217;s found in every cell of every animal and plant. It is most abundant in eggs and red peppers and can also be found in significant quantities in grains, legumes, animal proteins, onions, garlic, asparagus, cabbage, Brussels, sprouts, and broccoli. Modern food processing, packaging and preparation have robbed our food of the sulfur we need.<\/span><\/p><p><span style=\"color: #000000;\">L&#039;effet b\u00e9n\u00e9fique est d\u00fb en partie \u00e0 la capacit\u00e9 du MSM \u00e0 permettre aux substances nocives de s&#039;\u00e9couler hors de la cellule tout en permettant aux nutriments de s&#039;\u00e9couler dans la cellule. Cela emp\u00eache l&#039;accumulation de pression dans les cellules, ce qui provoque une inflammation des articulations et des muscles, ce qui se traduit par de la douleur.<\/span><\/p><p style=\"text-align: center;\"><a class=\"buy\" href=\"#buy\"><strong>ALLER ACHETER MAINTENANT<\/strong><\/a><\/p><p><span style=\"color: #000000;\">In its purified form, it&#8217;s an odorless white crystal with a slightly bitter taste. At moderate levels, it helps to ensure the proper functioning of various bodily processes, including maintaining healthy skin, nails and hair. At a higher level of intake, it can function as a pharmaceutically active agent for a variety of uses, including treatment for allergies and asthma, parasites, digestive disorders, arthritis, muscle soreness and cramps. Other research hints at the use of MSM in diabetes, mood disorders and other applications. MSM is derived from DMSO (dimethylsulfoxide) and related to DMS (dimethylsulfide), which are sources of nearly all of the sulfur in humans, plants and animals.<\/span><\/p><p><span style=\"color: #000000;\"><strong><em>Sulfate de chondro\u00eftine<\/em><\/strong> est un \u00e9l\u00e9ment important dans la cr\u00e9ation du cartilage, le tissu conjonctif r\u00e9sistant mais flexible pr\u00e9sent dans les articulations, o\u00f9 il agit comme un coussin, et dans d&#039;autres parties du corps, telles que le bout du nez et l&#039;oreille externe. <strong>Chondro\u00eftine<\/strong> le sulfate attire les fluides et attire les nutriments dans le cartilage, rendant le cartilage plus absorbant les chocs. \u00c7a aussi <strong>favorise la croissance et la g\u00e9n\u00e9ration normale de tissus<\/strong> et maintient l&#039;\u00e9quilibre des enzymes. La prise de sulfate de chondro\u00eftine s&#039;est av\u00e9r\u00e9e utile dans le traitement de l&#039;arthrose.<\/span><\/p><p><span style=\"color: #000000;\">Prends ton <strong>Formule articulaire triple force pour l&#039;arthrite<\/strong> chaque jour pour reconstruire le tissu qui vous fera vous sentir jeune !<\/span><\/p><p><span style=\"color: #000000;\"><strong>Applications g\u00e9n\u00e9rales<\/strong><\/span><\/p><p><span style=\"color: #000000;\">L&#039;arthrite (en particulier l&#039;arthrose), les l\u00e9sions du cartilage, les maladies du tissu conjonctif, les douleurs articulaires, etc.<\/span><\/p><p style=\"text-align: center;\"><span style=\"color: #000000;\"><a class=\"buy\" href=\"#buy\"><strong>ALLER ACHETER MAINTENANT<\/strong><\/a><\/span><\/p><p><span style=\"color: #000000;\"><strong>Avantage NG4L<\/strong><\/span><\/p><p><span style=\"color: #000000;\">Nous offrons la meilleure qualit\u00e9 pharmaceutique USP de glucosamine chondro\u00eftine et de MSM que le march\u00e9 a \u00e0 offrir, nous recherchons dans le monde entier pour trouver des fournisseurs qui peuvent fournir un produit de haute qualit\u00e9, afin que vous puissiez le prendre \u00e0 l&#039;aise et en confiance. Lorsque vous achetez un produit NG4L, vous achetez <strong>qualit\u00e9.<\/strong><\/span><\/p><table><tbody><tr><td colspan=\"3\" width=\"638\"><p><span style=\"font-size: 14pt; color: #000000;\"><strong>Faits sur les suppl\u00e9ments<\/strong><\/span><\/p><\/td><\/tr><tr><td colspan=\"3\" width=\"638\"><p><span style=\"font-size: 10pt; color: #000000;\"><strong>Taille de la portion : une (1) table<\/strong><\/span><\/p><\/td><\/tr><tr><td width=\"310\"><p><strong>\u00a0<\/strong><\/p><\/td><td width=\"180\"><p><span style=\"color: #000000;\">Quantit\u00e9 par portion<\/span><\/p><\/td><td width=\"149\"><p><span style=\"color: #000000;\">%Daily Value<\/span><\/p><\/td><\/tr><tr><td width=\"310\"><p><span style=\"font-size: 10pt; color: #000000;\"><strong>Sulfate de glucosamine 2 kcl<\/strong><\/span><\/p><\/td><td width=\"180\"><p><span style=\"color: #000000;\">500 mg<\/span><\/p><\/td><td width=\"149\"><p>*<\/p><\/td><\/tr><tr><td width=\"310\"><p><span style=\"font-size: 10pt; color: #000000;\"><strong>Poudre de sulfate de chondro\u00eftine<\/strong><\/span><\/p><\/td><td width=\"180\"><p><span style=\"color: #000000;\">400 mg<\/span><\/p><\/td><td width=\"149\"><p>*<\/p><\/td><\/tr><tr><td width=\"310\"><p><span style=\"font-size: 10pt; color: #000000;\"><strong>Poudre de MSM<\/strong><\/span><\/p><\/td><td width=\"180\"><p><span style=\"color: #000000;\">250 mg<\/span><\/p><\/td><td width=\"149\"><p>*<\/p><\/td><\/tr><tr><td width=\"310\"><p><span style=\"font-size: 10pt; color: #000000;\"><strong>*Valeur quotidienne non \u00e9tablie<\/strong><\/span><\/p><\/td><td width=\"180\">\u00a0<\/td><td width=\"149\">\u00a0<\/td><\/tr><\/tbody><\/table><p><span style=\"color: #000000;\"><strong>instructions<\/strong><\/span><\/p><p><span style=\"color: #000000;\">Prendre un (1) comprim\u00e9 trois fois par jour<\/span><\/p><p><span style=\"color: #000000;\"><strong><em>avertissement <\/em><\/strong>Consultez un m\u00e9decin avant d&#039;utiliser ce produit ou tout autre produit, si vous \u00eates enceinte ou si vous allaitez, ou si vous avez un probl\u00e8me de sant\u00e9. Ne prenez pas de sulfate de chondro\u00eftine si vous prenez des anticoagulants.<\/span><\/p><p><span style=\"color: #000000;\"><strong>\u00a0<\/strong><\/span><\/p><\/div>\n\t\t\t\t<\/div>\n\t\t\t\t\t\t\t<div class=\"elementor-toggle-item\">\n\t\t\t\t\t<div id=\"elementor-tab-title-1512\" class=\"elementor-tab-title\" data-tab=\"2\" role=\"button\" aria-controls=\"elementor-tab-content-1512\" aria-expanded=\"false\">\n\t\t\t\t\t\t\t\t\t\t\t\t<span class=\"elementor-toggle-icon elementor-toggle-icon-left\" aria-hidden=\"true\">\n\t\t\t\t\t\t\t\t\t\t\t\t\t\t\t<span class=\"elementor-toggle-icon-closed\"><i class=\"far fa-caret-square-right\"><\/i><\/span>\n\t\t\t\t\t\t\t\t<span class=\"elementor-toggle-icon-opened\"><i class=\"elementor-toggle-icon-opened fas fa-caret-square-up\"><\/i><\/span>\n\t\t\t\t\t\t\t\t\t\t\t\t\t<\/span>\n\t\t\t\t\t\t\t\t\t\t\t\t<a class=\"elementor-toggle-title\" tabindex=\"0\">..<\/a>\n\t\t\t\t\t<\/div>\n\n\t\t\t\t\t<div id=\"elementor-tab-content-1512\" class=\"elementor-tab-content elementor-clearfix\" data-tab=\"2\" role=\"region\" aria-labelledby=\"elementor-tab-title-1512\"><\/div>\n\t\t\t\t<\/div>\n\t\t\t\t\t\t\t\t<\/div>\n\t\t\t\t\t\t<\/div>\n\t\t\t\t<\/div>\n\t\t\t\t\t<\/div>\n\t\t<\/div>\n\t\t\t\t\t<\/div>\n\t\t<\/section>\n\t\t\t\t<\/div>","protected":false},"excerpt":{"rendered":"<p><a name=\"buy\"><\/a><\/p>\n<ul>\n<li>Formule articulaire triple force pour l&#039;arthrite<\/li>\n<li><strong><span style=\"font-family: go;\">Agit comme un anti-inflammatoire (contr\u00f4le de l&#039;inflammation) et aide \u00e0 r\u00e9duire la douleur des personnes souffrant d&#039;arthrite<\/span><\/strong><\/li>\n<li><strong><span style=\"font-family: go;\">Aide \u00e0 la r\u00e9paration du cartilage<\/span><\/strong><\/li>\n<li><strong><span style=\"font-family: go;\">Am\u00e9liore et favorise la sant\u00e9 et la fonction des articulations<\/span><\/strong><\/li>\n<\/ul>\n<p><strong>\u00a0\u00a0\u00a0\u00a0\u00a0 &gt;&gt;&gt;<span style=\"font-family: go; font-size: 14pt;\"><a href=\"#more\"><span style=\"color: #0000ff;\">Lire la suite<\/span><\/a><\/span><\/strong><\/p>","protected":false},"featured_media":1555,"comment_status":"open","ping_status":"closed","template":"","meta":{"nf_dc_page":"","_bbp_topic_count":0,"_bbp_reply_count":0,"_bbp_total_topic_count":0,"_bbp_total_reply_count":0,"_bbp_voice_count":0,"_bbp_anonymous_reply_count":0,"_bbp_topic_count_hidden":0,"_bbp_reply_count_hidden":0,"_bbp_forum_subforum_count":0},"product_brand":[],"product_cat":[33,32],"product_tag":[444,445],"class_list":{"0":"post-2584","1":"product","2":"type-product","3":"status-publish","4":"has-post-thumbnail","6":"product_cat-all-products","7":"product_cat-special-products","8":"product_tag-arthritis-joint","9":"product_tag-triple-strength-arthritis-joint-formula","11":"first","12":"instock","13":"featured","14":"shipping-taxable","15":"purchasable","16":"product-type-simple"},"bundled_by":["1554"],"bundle_stock_status":"instock","bundle_stock_quantity":1,"bundle_virtual":false,"bundle_layout":"","bundle_add_to_cart_form_location":"","bundle_editable_in_cart":false,"bundle_sold_individually_context":"","bundle_item_grouping":"","bundle_min_size":"","bundle_max_size":"","bundled_items":[],"bundle_sell_ids":[],"_links":{"self":[{"href":"https:\/\/www.naturesgiftforlife.com\/fr\/wp-json\/wp\/v2\/product\/2584","targetHints":{"allow":["GET"]}}],"collection":[{"href":"https:\/\/www.naturesgiftforlife.com\/fr\/wp-json\/wp\/v2\/product"}],"about":[{"href":"https:\/\/www.naturesgiftforlife.com\/fr\/wp-json\/wp\/v2\/types\/product"}],"replies":[{"embeddable":true,"href":"https:\/\/www.naturesgiftforlife.com\/fr\/wp-json\/wp\/v2\/comments?post=2584"}],"version-history":[{"count":0,"href":"https:\/\/www.naturesgiftforlife.com\/fr\/wp-json\/wp\/v2\/product\/2584\/revisions"}],"wp:featuredmedia":[{"embeddable":true,"href":"https:\/\/www.naturesgiftforlife.com\/fr\/wp-json\/wp\/v2\/media\/1555"}],"wp:attachment":[{"href":"https:\/\/www.naturesgiftforlife.com\/fr\/wp-json\/wp\/v2\/media?parent=2584"}],"wp:term":[{"taxonomy":"product_brand","embeddable":true,"href":"https:\/\/www.naturesgiftforlife.com\/fr\/wp-json\/wp\/v2\/product_brand?post=2584"},{"taxonomy":"product_cat","embeddable":true,"href":"https:\/\/www.naturesgiftforlife.com\/fr\/wp-json\/wp\/v2\/product_cat?post=2584"},{"taxonomy":"product_tag","embeddable":true,"href":"https:\/\/www.naturesgiftforlife.com\/fr\/wp-json\/wp\/v2\/product_tag?post=2584"}],"curies":[{"name":"wp","href":"https:\/\/api.w.org\/{rel}","templated":true}]}}