{"id":2563,"date":"2020-09-22T10:51:33","date_gmt":"2020-09-22T10:51:33","guid":{"rendered":"http:\/\/www.livehealthylivehappy.com\/new\/?post_type=product&#038;p=2563"},"modified":"2023-08-21T11:20:40","modified_gmt":"2023-08-21T11:20:40","slug":"vitamin-c-rose-hips-asthma","status":"publish","type":"product","link":"https:\/\/www.naturesgiftforlife.com\/fr\/shop\/vitamin-c-rose-hips-asthma\/","title":{"rendered":"Vitamine C Rose Hips (Asthme)"},"content":{"rendered":"<div data-elementor-type=\"wp-post\" data-elementor-id=\"2563\" class=\"elementor elementor-2563\">\n\t\t\t\t\t\t<section class=\"elementor-section elementor-top-section elementor-element elementor-element-727fa2a elementor-section-boxed elementor-section-height-default elementor-section-height-default\" data-id=\"727fa2a\" data-element_type=\"section\" data-e-type=\"section\">\n\t\t\t\t\t\t<div class=\"elementor-container elementor-column-gap-default\">\n\t\t\t\t\t<div class=\"elementor-column elementor-col-100 elementor-top-column elementor-element elementor-element-7967c8e\" data-id=\"7967c8e\" data-element_type=\"column\" data-e-type=\"column\">\n\t\t\t<div class=\"elementor-widget-wrap elementor-element-populated\">\n\t\t\t\t\t\t<div class=\"elementor-element elementor-element-b5f0df2 elementor-widget elementor-widget-html\" data-id=\"b5f0df2\" data-element_type=\"widget\" data-e-type=\"widget\" data-widget_type=\"html.default\">\n\t\t\t\t<div class=\"elementor-widget-container\">\n\t\t\t\t\t<a name=\"more\"><\/a>\t\t\t\t<\/div>\n\t\t\t\t<\/div>\n\t\t\t\t<div class=\"elementor-element elementor-element-c7206b6 elementor-invisible elementor-widget elementor-widget-toggle\" data-id=\"c7206b6\" data-element_type=\"widget\" data-e-type=\"widget\" data-settings=\"{&quot;_animation&quot;:&quot;flash&quot;}\" data-widget_type=\"toggle.default\">\n\t\t\t\t<div class=\"elementor-widget-container\">\n\t\t\t\t\t\t\t<div class=\"elementor-toggle\">\n\t\t\t\t\t\t\t<div class=\"elementor-toggle-item\">\n\t\t\t\t\t<div id=\"elementor-tab-title-2081\" class=\"elementor-tab-title\" data-tab=\"1\" role=\"button\" aria-controls=\"elementor-tab-content-2081\" aria-expanded=\"false\">\n\t\t\t\t\t\t\t\t\t\t\t\t<span class=\"elementor-toggle-icon elementor-toggle-icon-left\" aria-hidden=\"true\">\n\t\t\t\t\t\t\t\t\t\t\t\t\t\t\t<span class=\"elementor-toggle-icon-closed\"><i class=\"far fa-caret-square-right\"><\/i><\/span>\n\t\t\t\t\t\t\t\t<span class=\"elementor-toggle-icon-opened\"><i class=\"elementor-toggle-icon-opened fas fa-caret-square-up\"><\/i><\/span>\n\t\t\t\t\t\t\t\t\t\t\t\t\t<\/span>\n\t\t\t\t\t\t\t\t\t\t\t\t<a class=\"elementor-toggle-title\" tabindex=\"0\">Description d\u00e9taill\u00e9e du produit \/ faits sur les suppl\u00e9ments<\/a>\n\t\t\t\t\t<\/div>\n\n\t\t\t\t\t<div id=\"elementor-tab-content-2081\" class=\"elementor-tab-content elementor-clearfix\" data-tab=\"1\" role=\"region\" aria-labelledby=\"elementor-tab-title-2081\"><p class=\"P1\"><span style=\"color: #000000; font-family: Arial, Helvetica, sans-serif;\">Vitamin C\u2019s antioxidant effects benefit asthma patients.\u200b\u200b\u00a0Asthma patients have higher generation\u200b\u200b\u00a0of free radicals in their lungs compared\u200b\u200b\u00a0with normal, healthy persons, and\u200b\u200b\u00a0vitamin C helps to reduce this excessive\u200b\u200b\u00a0generation of free radicals. Vitamin C is\u200b\u200b\u00a0vital to promote healthy lung tissue, support healthy\u200b\u200b\u00a0air flow, and help combat infection and inflammation.<\/span><\/p><p class=\"P2\"><span style=\"color: #000000; font-family: Arial, Helvetica, sans-serif;\">These effects work together to reduce the severity\u200b\u200b\u00a0and frequency of asthma attacks and help prevent\u200b\u200b\u00a0exercise-induced asthma.\u200b\u200b\u00a0Also containsQuercetin, which exerts\u200b\u200b\u00a0anti-inflammatory and anti-allergic activity. It inhibits\u200b\u200b\u00a0histamine and leukotrienes,\u200b\u200b\u00a0which are responsible for\u200b\u200b\u00a0vasoconstriction and bronchoconstriction during\u200b\u200b\u00a0asthma attacks.<\/span><\/p><table width=\"477\"><tbody><tr><td width=\"252\"><p><span style=\"color: #000000; font-family: Arial, Helvetica, sans-serif;\"><strong>Portion: 1 comprim\u00e9<\/strong><\/span><\/p><\/td><td width=\"113\"><p><span style=\"color: #000000; font-family: Arial, Helvetica, sans-serif;\"><strong>\u00a0<\/strong><\/span><\/p><\/td><td width=\"112\"><p><span style=\"color: #000000; font-family: Arial, Helvetica, sans-serif;\"><strong>\u00a0<\/strong><\/span><\/p><\/td><\/tr><tr><td width=\"252\"><p><span style=\"color: #000000; font-family: Arial, Helvetica, sans-serif;\"><strong>\u00a0<\/strong><\/span><\/p><\/td><td width=\"113\"><p><span style=\"color: #000000; font-family: Arial, Helvetica, sans-serif;\"><strong>Quantit\u00e9 par portion<\/strong><\/span><\/p><\/td><td width=\"112\"><p><span style=\"color: #000000; font-family: Arial, Helvetica, sans-serif;\"><strong>% Valeur journali\u00e8re<\/strong><\/span><\/p><\/td><\/tr><tr><td width=\"252\"><p><span style=\"color: #000000; font-family: Arial, Helvetica, sans-serif;\">Vitamine C (sous forme d&#039;acide ascorbique)<\/span><\/p><\/td><td width=\"113\"><p><span style=\"color: #000000; font-family: Arial, Helvetica, sans-serif;\">500 mg<\/span><\/p><\/td><td width=\"112\"><p><span style=\"color: #000000; font-family: Arial, Helvetica, sans-serif;\">833%<\/span><\/p><\/td><\/tr><tr><td width=\"252\"><p><span style=\"color: #000000; font-family: Arial, Helvetica, sans-serif;\">Cynorrhodon (Rose cania)(fruit)<\/span><\/p><\/td><td width=\"113\"><p><span style=\"color: #000000; font-family: Arial, Helvetica, sans-serif;\">25 mg<\/span><\/p><\/td><td width=\"112\"><p><span style=\"color: #000000; font-family: Arial, Helvetica, sans-serif;\">*<\/span><\/p><\/td><\/tr><tr><td width=\"252\"><p><span style=\"color: #000000; font-family: Arial, Helvetica, sans-serif;\">*Valeur quotidienne non \u00e9tablie<\/span><\/p><\/td><td width=\"113\">\u00a0<\/td><td width=\"112\">\u00a0<\/td><\/tr><tr><td width=\"252\">\u00a0<\/td><td width=\"113\">\u00a0<\/td><td width=\"112\">\u00a0<\/td><\/tr><tr><td colspan=\"3\" width=\"477\"><p><span style=\"color: #000000; font-family: Arial, Helvetica, sans-serif;\">Autres ingr\u00e9dients\u00a0: lactos\u00e9rum, acide st\u00e9arique, st\u00e9arate de magn\u00e9sium, croscamellose sodique, dioxyde de silicium, gla\u00e7age pharmaceutique<\/span><\/p><\/td><\/tr><\/tbody><\/table><p><span style=\"color: #000000; font-family: Arial, Helvetica, sans-serif;\"><strong>\u00a0<\/strong><\/span><\/p><\/div>\n\t\t\t\t<\/div>\n\t\t\t\t\t\t\t<div class=\"elementor-toggle-item\">\n\t\t\t\t\t<div id=\"elementor-tab-title-2082\" class=\"elementor-tab-title\" data-tab=\"2\" role=\"button\" aria-controls=\"elementor-tab-content-2082\" aria-expanded=\"false\">\n\t\t\t\t\t\t\t\t\t\t\t\t<span class=\"elementor-toggle-icon elementor-toggle-icon-left\" aria-hidden=\"true\">\n\t\t\t\t\t\t\t\t\t\t\t\t\t\t\t<span class=\"elementor-toggle-icon-closed\"><i class=\"far fa-caret-square-right\"><\/i><\/span>\n\t\t\t\t\t\t\t\t<span class=\"elementor-toggle-icon-opened\"><i class=\"elementor-toggle-icon-opened fas fa-caret-square-up\"><\/i><\/span>\n\t\t\t\t\t\t\t\t\t\t\t\t\t<\/span>\n\t\t\t\t\t\t\t\t\t\t\t\t<a class=\"elementor-toggle-title\" tabindex=\"0\">..<\/a>\n\t\t\t\t\t<\/div>\n\n\t\t\t\t\t<div id=\"elementor-tab-content-2082\" class=\"elementor-tab-content elementor-clearfix\" data-tab=\"2\" role=\"region\" aria-labelledby=\"elementor-tab-title-2082\"><\/div>\n\t\t\t\t<\/div>\n\t\t\t\t\t\t\t\t<\/div>\n\t\t\t\t\t\t<\/div>\n\t\t\t\t<\/div>\n\t\t\t\t\t<\/div>\n\t\t<\/div>\n\t\t\t\t\t<\/div>\n\t\t<\/section>\n\t\t\t\t<\/div>","protected":false},"excerpt":{"rendered":"<p><a name=\"buy\"><\/a><br \/>\n<span style=\"text-decoration: underline; color: #3366ff;\"><strong>Avantages de ce produit pour l&#039;asthme<\/strong><\/span><\/p>\n<ul>\n<li><strong><span style=\"font-family: go;\">Aide \u00e0 pr\u00e9venir l&#039;asthme induit par l&#039;exercice<\/span><\/strong><\/li>\n<li><strong><span style=\"font-family: go;\">Aide \u00e0 r\u00e9duire cette g\u00e9n\u00e9ration excessive de radicaux libres<\/span><\/strong><\/li>\n<li><strong><span style=\"font-family: go;\">Promouvoir un tissu pulmonaire sain<\/span><\/strong><\/li>\n<\/ul>\n<p><strong>\u00a0\u00a0\u00a0\u00a0\u00a0 &gt;&gt;&gt;<span style=\"font-family: go; font-size: 14pt;\"><a href=\"#more\"><span style=\"color: #0000ff;\">Lire la suite<\/span><\/a><\/span><\/strong><\/p>","protected":false},"featured_media":505,"comment_status":"open","ping_status":"closed","template":"","meta":{"nf_dc_page":"","_bbp_topic_count":0,"_bbp_reply_count":0,"_bbp_total_topic_count":0,"_bbp_total_reply_count":0,"_bbp_voice_count":0,"_bbp_anonymous_reply_count":0,"_bbp_topic_count_hidden":0,"_bbp_reply_count_hidden":0,"_bbp_forum_subforum_count":0},"product_brand":[],"product_cat":[114],"product_tag":[],"class_list":{"0":"post-2563","1":"product","2":"type-product","3":"status-publish","4":"has-post-thumbnail","6":"product_cat-asthma","8":"first","9":"instock","10":"featured","11":"shipping-taxable","12":"purchasable","13":"product-type-bundle"},"bundled_by":[],"bundle_stock_status":"instock","bundle_stock_quantity":"","bundle_virtual":false,"bundle_layout":"default","bundle_add_to_cart_form_location":"default","bundle_editable_in_cart":true,"bundle_sold_individually_context":"product","bundle_item_grouping":"noindent","bundle_min_size":"","bundle_max_size":"","bundled_items":[{"bundled_item_id":7,"product_id":358,"menu_order":0,"quantity_min":1,"quantity_max":"","quantity_default":1,"priced_individually":false,"shipped_individually":false,"override_title":false,"title":"","override_description":false,"description":"","optional":true,"hide_thumbnail":false,"discount":"","override_variations":false,"allowed_variations":[],"override_default_variation_attributes":false,"default_variation_attributes":[],"single_product_visibility":"hidden","cart_visibility":"hidden","order_visibility":"visible","single_product_price_visibility":"visible","cart_price_visibility":"visible","order_price_visibility":"visible","stock_status":"out_of_stock"}],"bundle_sell_ids":[],"_links":{"self":[{"href":"https:\/\/www.naturesgiftforlife.com\/fr\/wp-json\/wp\/v2\/product\/2563","targetHints":{"allow":["GET"]}}],"collection":[{"href":"https:\/\/www.naturesgiftforlife.com\/fr\/wp-json\/wp\/v2\/product"}],"about":[{"href":"https:\/\/www.naturesgiftforlife.com\/fr\/wp-json\/wp\/v2\/types\/product"}],"replies":[{"embeddable":true,"href":"https:\/\/www.naturesgiftforlife.com\/fr\/wp-json\/wp\/v2\/comments?post=2563"}],"version-history":[{"count":0,"href":"https:\/\/www.naturesgiftforlife.com\/fr\/wp-json\/wp\/v2\/product\/2563\/revisions"}],"wp:featuredmedia":[{"embeddable":true,"href":"https:\/\/www.naturesgiftforlife.com\/fr\/wp-json\/wp\/v2\/media\/505"}],"wp:attachment":[{"href":"https:\/\/www.naturesgiftforlife.com\/fr\/wp-json\/wp\/v2\/media?parent=2563"}],"wp:term":[{"taxonomy":"product_brand","embeddable":true,"href":"https:\/\/www.naturesgiftforlife.com\/fr\/wp-json\/wp\/v2\/product_brand?post=2563"},{"taxonomy":"product_cat","embeddable":true,"href":"https:\/\/www.naturesgiftforlife.com\/fr\/wp-json\/wp\/v2\/product_cat?post=2563"},{"taxonomy":"product_tag","embeddable":true,"href":"https:\/\/www.naturesgiftforlife.com\/fr\/wp-json\/wp\/v2\/product_tag?post=2563"}],"curies":[{"name":"wp","href":"https:\/\/api.w.org\/{rel}","templated":true}]}}