{"id":2517,"date":"2020-09-21T16:23:31","date_gmt":"2020-09-21T16:23:31","guid":{"rendered":"http:\/\/www.livehealthylivehappy.com\/new\/?post_type=product&#038;p=2517"},"modified":"2023-08-21T11:28:39","modified_gmt":"2023-08-21T11:28:39","slug":"prosttate-plus-x-andropause","status":"publish","type":"product","link":"https:\/\/www.naturesgiftforlife.com\/fr\/shop\/prosttate-plus-x-andropause\/","title":{"rendered":"Prostate Plus X (Andropause)"},"content":{"rendered":"<div data-elementor-type=\"wp-post\" data-elementor-id=\"2517\" class=\"elementor elementor-2517\">\n\t\t\t\t\t\t<section class=\"elementor-section elementor-top-section elementor-element elementor-element-b974d00 elementor-section-boxed elementor-section-height-default elementor-section-height-default\" data-id=\"b974d00\" data-element_type=\"section\" data-e-type=\"section\">\n\t\t\t\t\t\t<div class=\"elementor-container elementor-column-gap-default\">\n\t\t\t\t\t<div class=\"elementor-column elementor-col-100 elementor-top-column elementor-element elementor-element-f3b171c\" data-id=\"f3b171c\" data-element_type=\"column\" data-e-type=\"column\">\n\t\t\t<div class=\"elementor-widget-wrap elementor-element-populated\">\n\t\t\t\t\t\t<div class=\"elementor-element elementor-element-34b9771 elementor-widget elementor-widget-html\" data-id=\"34b9771\" data-element_type=\"widget\" data-e-type=\"widget\" data-widget_type=\"html.default\">\n\t\t\t\t<div class=\"elementor-widget-container\">\n\t\t\t\t\t<a name=\"more\"><\/a>\t\t\t\t<\/div>\n\t\t\t\t<\/div>\n\t\t\t\t<div class=\"elementor-element elementor-element-26bcc74 elementor-invisible elementor-widget elementor-widget-toggle\" data-id=\"26bcc74\" data-element_type=\"widget\" data-e-type=\"widget\" data-settings=\"{&quot;_animation&quot;:&quot;flash&quot;}\" data-widget_type=\"toggle.default\">\n\t\t\t\t<div class=\"elementor-widget-container\">\n\t\t\t\t\t\t\t<div class=\"elementor-toggle\">\n\t\t\t\t\t\t\t<div class=\"elementor-toggle-item\">\n\t\t\t\t\t<div id=\"elementor-tab-title-4061\" class=\"elementor-tab-title\" data-tab=\"1\" role=\"button\" aria-controls=\"elementor-tab-content-4061\" aria-expanded=\"false\">\n\t\t\t\t\t\t\t\t\t\t\t\t<span class=\"elementor-toggle-icon elementor-toggle-icon-left\" aria-hidden=\"true\">\n\t\t\t\t\t\t\t\t\t\t\t\t\t\t\t<span class=\"elementor-toggle-icon-closed\"><i class=\"far fa-caret-square-right\"><\/i><\/span>\n\t\t\t\t\t\t\t\t<span class=\"elementor-toggle-icon-opened\"><i class=\"elementor-toggle-icon-opened fas fa-caret-square-up\"><\/i><\/span>\n\t\t\t\t\t\t\t\t\t\t\t\t\t<\/span>\n\t\t\t\t\t\t\t\t\t\t\t\t<a class=\"elementor-toggle-title\" tabindex=\"0\">Description d\u00e9taill\u00e9e du produit \/ faits sur les suppl\u00e9ments<\/a>\n\t\t\t\t\t<\/div>\n\n\t\t\t\t\t<div id=\"elementor-tab-content-4061\" class=\"elementor-tab-content elementor-clearfix\" data-tab=\"1\" role=\"region\" aria-labelledby=\"elementor-tab-title-4061\"><p class=\"P4\"><span style=\"color: #000000; font-family: Arial, Helvetica, sans-serif;\">Tout compl\u00e9ment alimentaire \u00e0 base de plantes naturelles et une solution naturelle con\u00e7ue pour soutenir la taille normale de la prostate, une fonction prostatique saine et un \u00e9coulement urinaire libre. Contient du palmier nain, du pygeum, de l&#039;africanum, de la poudre de graines de citrouille, du zinc. Vitamine E et magn\u00e9sium.<\/span><\/p><p><span style=\"color: #000000; font-family: Arial, Helvetica, sans-serif;\"><strong>Autres applications du palmier nain<\/strong>: Diur\u00e9tique doux, s\u00e9datif, anti-inflammatoire, antiseptique, augmente la taille des seins, am\u00e9liore la vigueur sexuelle, aphrodisiaque, stimule la croissance des cheveux, utilis\u00e9 pour traiter le rhume, la toux, les muqueuses irrit\u00e9es et les maux de gorge.<\/span><\/p><p><span style=\"color: #000000; font-family: Arial, Helvetica, sans-serif;\"><strong>PR\u00c9SENTATION:<\/strong> boite de 60 G\u00e9lules<\/span><\/p><table><tbody><tr><td width=\"481\"><span style=\"color: #000000; font-family: Arial, Helvetica, sans-serif;\">Taille de la portion : 1 portion par paquet : 60<\/span><\/td><td colspan=\"2\" width=\"217\">\u00a0<\/td><\/tr><tr><td width=\"263\"><span style=\"color: #000000; font-family: Arial, Helvetica, sans-serif;\">Ingr\u00e9dients<\/span><\/td><td width=\"67\"><span style=\"color: #000000; font-family: Arial, Helvetica, sans-serif;\">Les dosages<\/span><\/td><td width=\"150\"><span style=\"color: #000000; font-family: Arial, Helvetica, sans-serif;\">% valeurs quotidiennes<\/span><\/td><\/tr><tr><td width=\"263\"><span style=\"color: #000000; font-family: Arial, Helvetica, sans-serif;\">Vitamine E (di-alpha tocoph\u00e9rol)<\/span><\/td><td width=\"67\"><span style=\"color: #000000; font-family: Arial, Helvetica, sans-serif;\">50 UI<\/span><\/td><td width=\"150\"><span style=\"color: #000000; font-family: Arial, Helvetica, sans-serif;\">1 66<\/span><\/td><\/tr><tr><td width=\"263\"><span style=\"color: #000000; font-family: Arial, Helvetica, sans-serif;\">Magn\u00e9sium (oxyde de magn\u00e9sium)<\/span><\/td><td width=\"67\"><span style=\"color: #000000; font-family: Arial, Helvetica, sans-serif;\">50 mg<\/span><\/td><td width=\"150\"><span style=\"color: #000000; font-family: Arial, Helvetica, sans-serif;\">1 3<\/span><\/td><\/tr><tr><td width=\"263\"><span style=\"color: #000000; font-family: Arial, Helvetica, sans-serif;\">Zinc (oxyde de zinc)<\/span><\/td><td width=\"67\"><span style=\"color: #000000; font-family: Arial, Helvetica, sans-serif;\">25 mg<\/span><\/td><td width=\"150\"><span style=\"color: #000000; font-family: Arial, Helvetica, sans-serif;\">1 66<\/span><\/td><\/tr><tr><td width=\"263\"><span style=\"color: #000000; font-family: Arial, Helvetica, sans-serif;\">Prunier africain (Prunus africana)<\/span><\/td><td width=\"67\"><span style=\"color: #000000; font-family: Arial, Helvetica, sans-serif;\">200 mg<\/span><\/td><td>\u00a0<\/td><\/tr><tr><td width=\"263\"><span style=\"color: #000000; font-family: Arial, Helvetica, sans-serif;\">Extrait de palmier nain (sereona repens)<\/span><\/td><td width=\"67\"><span style=\"color: #000000; font-family: Arial, Helvetica, sans-serif;\">200 mg<\/span><\/td><td>\u00a0<\/td><\/tr><\/tbody><\/table><p><span style=\"color: #000000; font-family: Arial, Helvetica, sans-serif;\"><strong>Autres applications de la graine de citrouille<\/strong>: Combat les parasites intestinaux, y compris les vers et l&#039;infertilit\u00e9 masculine.<\/span><\/p><p><span style=\"color: #000000;\"><strong>Les directions: <\/strong>Hommes adultes, prendre une (1) capsule par jour comme suppl\u00e9ment di\u00e9t\u00e9tique<\/span><\/p><\/div>\n\t\t\t\t<\/div>\n\t\t\t\t\t\t\t<div class=\"elementor-toggle-item\">\n\t\t\t\t\t<div id=\"elementor-tab-title-4062\" class=\"elementor-tab-title\" data-tab=\"2\" role=\"button\" aria-controls=\"elementor-tab-content-4062\" aria-expanded=\"false\">\n\t\t\t\t\t\t\t\t\t\t\t\t<span class=\"elementor-toggle-icon elementor-toggle-icon-left\" aria-hidden=\"true\">\n\t\t\t\t\t\t\t\t\t\t\t\t\t\t\t<span class=\"elementor-toggle-icon-closed\"><i class=\"far fa-caret-square-right\"><\/i><\/span>\n\t\t\t\t\t\t\t\t<span class=\"elementor-toggle-icon-opened\"><i class=\"elementor-toggle-icon-opened fas fa-caret-square-up\"><\/i><\/span>\n\t\t\t\t\t\t\t\t\t\t\t\t\t<\/span>\n\t\t\t\t\t\t\t\t\t\t\t\t<a class=\"elementor-toggle-title\" tabindex=\"0\">..<\/a>\n\t\t\t\t\t<\/div>\n\n\t\t\t\t\t<div id=\"elementor-tab-content-4062\" class=\"elementor-tab-content elementor-clearfix\" data-tab=\"2\" role=\"region\" aria-labelledby=\"elementor-tab-title-4062\"><\/div>\n\t\t\t\t<\/div>\n\t\t\t\t\t\t\t\t<\/div>\n\t\t\t\t\t\t<\/div>\n\t\t\t\t<\/div>\n\t\t\t\t\t<\/div>\n\t\t<\/div>\n\t\t\t\t\t<\/div>\n\t\t<\/section>\n\t\t\t\t<\/div>","protected":false},"excerpt":{"rendered":"<p><a name=\"buy\"><\/a><\/p>\n<p><span style=\"text-decoration: underline; color: #3366ff;\"><strong>Avantages de ce produit pour l&#039;Andropause<\/strong><\/span><\/p>\n<ul>\n<li><strong><span style=\"font-family: go;\"><span class=\"fontstyle0\">Soutenir la taille normale de la prostate<\/span><\/span><\/strong><\/li>\n<li><strong><span class=\"fontstyle0\" style=\"font-family: go;\">Soutient une fonction prostatique saine\u00a0<\/span><\/strong><\/li>\n<li><strong><span style=\"font-family: go;\">Soutient une vessie saine et gratuite<span class=\"fontstyle0\">\u00a0\u00e9coulement urinaire<\/span>\u00a0<\/span><\/strong><\/li>\n<\/ul>\n<p><strong>\u00a0\u00a0\u00a0\u00a0\u00a0 &gt;&gt;&gt;<span style=\"font-family: go; font-size: 14pt;\"><a href=\"#more\"><span style=\"color: #0000ff;\">Lire la suite<\/span><\/a><\/span><\/strong><\/p>","protected":false},"featured_media":427,"comment_status":"open","ping_status":"closed","template":"","meta":{"nf_dc_page":"","_bbp_topic_count":0,"_bbp_reply_count":0,"_bbp_total_topic_count":0,"_bbp_total_reply_count":0,"_bbp_voice_count":0,"_bbp_anonymous_reply_count":0,"_bbp_topic_count_hidden":0,"_bbp_reply_count_hidden":0,"_bbp_forum_subforum_count":0},"product_brand":[],"product_cat":[112],"product_tag":[],"class_list":{"0":"post-2517","1":"product","2":"type-product","3":"status-publish","4":"has-post-thumbnail","6":"product_cat-andropause","8":"first","9":"instock","10":"featured","11":"shipping-taxable","12":"purchasable","13":"product-type-bundle"},"bundled_by":[],"bundle_stock_status":"insufficientstock","bundle_stock_quantity":0,"bundle_virtual":false,"bundle_layout":"default","bundle_add_to_cart_form_location":"default","bundle_editable_in_cart":false,"bundle_sold_individually_context":"product","bundle_item_grouping":"noindent","bundle_min_size":"","bundle_max_size":"","bundled_items":[{"bundled_item_id":77,"product_id":10715,"menu_order":0,"quantity_min":1,"quantity_max":"","quantity_default":1,"priced_individually":false,"shipped_individually":false,"override_title":false,"title":"","override_description":false,"description":"","optional":false,"hide_thumbnail":false,"discount":"","override_variations":false,"allowed_variations":[],"override_default_variation_attributes":false,"default_variation_attributes":[],"single_product_visibility":"hidden","cart_visibility":"hidden","order_visibility":"visible","single_product_price_visibility":"visible","cart_price_visibility":"visible","order_price_visibility":"visible","stock_status":"out_of_stock"}],"bundle_sell_ids":[],"_links":{"self":[{"href":"https:\/\/www.naturesgiftforlife.com\/fr\/wp-json\/wp\/v2\/product\/2517","targetHints":{"allow":["GET"]}}],"collection":[{"href":"https:\/\/www.naturesgiftforlife.com\/fr\/wp-json\/wp\/v2\/product"}],"about":[{"href":"https:\/\/www.naturesgiftforlife.com\/fr\/wp-json\/wp\/v2\/types\/product"}],"replies":[{"embeddable":true,"href":"https:\/\/www.naturesgiftforlife.com\/fr\/wp-json\/wp\/v2\/comments?post=2517"}],"version-history":[{"count":0,"href":"https:\/\/www.naturesgiftforlife.com\/fr\/wp-json\/wp\/v2\/product\/2517\/revisions"}],"wp:featuredmedia":[{"embeddable":true,"href":"https:\/\/www.naturesgiftforlife.com\/fr\/wp-json\/wp\/v2\/media\/427"}],"wp:attachment":[{"href":"https:\/\/www.naturesgiftforlife.com\/fr\/wp-json\/wp\/v2\/media?parent=2517"}],"wp:term":[{"taxonomy":"product_brand","embeddable":true,"href":"https:\/\/www.naturesgiftforlife.com\/fr\/wp-json\/wp\/v2\/product_brand?post=2517"},{"taxonomy":"product_cat","embeddable":true,"href":"https:\/\/www.naturesgiftforlife.com\/fr\/wp-json\/wp\/v2\/product_cat?post=2517"},{"taxonomy":"product_tag","embeddable":true,"href":"https:\/\/www.naturesgiftforlife.com\/fr\/wp-json\/wp\/v2\/product_tag?post=2517"}],"curies":[{"name":"wp","href":"https:\/\/api.w.org\/{rel}","templated":true}]}}