{"id":2497,"date":"2020-09-21T15:36:56","date_gmt":"2020-09-21T15:36:56","guid":{"rendered":"http:\/\/www.livehealthylivehappy.com\/new\/?post_type=product&#038;p=2497"},"modified":"2023-08-09T17:09:39","modified_gmt":"2023-08-09T17:09:39","slug":"ultra-man-andropause","status":"publish","type":"product","link":"https:\/\/www.naturesgiftforlife.com\/fr\/shop\/ultra-man-andropause\/","title":{"rendered":"Ultra Man (Andropause)"},"content":{"rendered":"<div data-elementor-type=\"wp-post\" data-elementor-id=\"2497\" class=\"elementor elementor-2497\">\n\t\t\t\t\t\t<section class=\"elementor-section elementor-top-section elementor-element elementor-element-d290570 elementor-section-boxed elementor-section-height-default elementor-section-height-default\" data-id=\"d290570\" data-element_type=\"section\" data-e-type=\"section\">\n\t\t\t\t\t\t<div class=\"elementor-container elementor-column-gap-default\">\n\t\t\t\t\t<div class=\"elementor-column elementor-col-100 elementor-top-column elementor-element elementor-element-2a9b981\" data-id=\"2a9b981\" data-element_type=\"column\" data-e-type=\"column\">\n\t\t\t<div class=\"elementor-widget-wrap elementor-element-populated\">\n\t\t\t\t\t\t<div class=\"elementor-element elementor-element-bfc491f elementor-widget elementor-widget-html\" data-id=\"bfc491f\" data-element_type=\"widget\" data-e-type=\"widget\" data-widget_type=\"html.default\">\n\t\t\t\t<div class=\"elementor-widget-container\">\n\t\t\t\t\t<a name=\"more\"><\/a>\t\t\t\t<\/div>\n\t\t\t\t<\/div>\n\t\t\t\t<div class=\"elementor-element elementor-element-888dfc0 elementor-invisible elementor-widget elementor-widget-toggle\" data-id=\"888dfc0\" data-element_type=\"widget\" data-e-type=\"widget\" data-settings=\"{&quot;_animation&quot;:&quot;flash&quot;}\" data-widget_type=\"toggle.default\">\n\t\t\t\t<div class=\"elementor-widget-container\">\n\t\t\t\t\t\t\t<div class=\"elementor-toggle\">\n\t\t\t\t\t\t\t<div class=\"elementor-toggle-item\">\n\t\t\t\t\t<div id=\"elementor-tab-title-1431\" class=\"elementor-tab-title\" data-tab=\"1\" role=\"button\" aria-controls=\"elementor-tab-content-1431\" aria-expanded=\"false\">\n\t\t\t\t\t\t\t\t\t\t\t\t<span class=\"elementor-toggle-icon elementor-toggle-icon-left\" aria-hidden=\"true\">\n\t\t\t\t\t\t\t\t\t\t\t\t\t\t\t<span class=\"elementor-toggle-icon-closed\"><i class=\"far fa-caret-square-right\"><\/i><\/span>\n\t\t\t\t\t\t\t\t<span class=\"elementor-toggle-icon-opened\"><i class=\"elementor-toggle-icon-opened fas fa-caret-square-up\"><\/i><\/span>\n\t\t\t\t\t\t\t\t\t\t\t\t\t<\/span>\n\t\t\t\t\t\t\t\t\t\t\t\t<a class=\"elementor-toggle-title\" tabindex=\"0\">Description d\u00e9taill\u00e9e du produit \/ faits sur les suppl\u00e9ments<\/a>\n\t\t\t\t\t<\/div>\n\n\t\t\t\t\t<div id=\"elementor-tab-content-1431\" class=\"elementor-tab-content elementor-clearfix\" data-tab=\"1\" role=\"region\" aria-labelledby=\"elementor-tab-title-1431\"><p class=\"P6\"><span class=\"T4\" style=\"font-family: Arial, Helvetica, sans-serif; color: #000000;\">Compl\u00e9ment nutritionnel de haute puissance sp\u00e9cialement con\u00e7u pour un homme pour aider le corps \u00e0 faire face aux pollutions actuelles et \u00e0 la faible teneur en nutriments des aliments. Contient tous les min\u00e9raux et vitamines essentiels pour stimuler l&#039;\u00e9nergie et soutenir une fonction sexuelle saine pour les hommes. Contient du palmier nain qui r\u00e9duit les sympt\u00f4mes de l&#039;hyperplasie b\u00e9nigne de la prostate en bloquant la DHT, en inhibant la production de l&#039;enzyme li\u00e9e \u00e0 l&#039;\u00e9largissement de la prostate et en interf\u00e9rant avec d&#039;autres facteurs de croissance de la prostate. Contient \u00e9galement du lycop\u00e8ne, du s\u00e9l\u00e9nium et de la vitamine E pour la sant\u00e9 de la prostate; zinc et cuivre pour aider \u00e0 r\u00e9guler la fonction cellulaire; Vitamines B et ginseng pour l&#039;\u00e9nergie; et du calcium, du magn\u00e9sium, du potassium et de la vitamine C pour aider \u00e0 maintenir une tension art\u00e9rielle saine.<\/span><\/p><p><span style=\"color: #000000;\"><strong><span class=\"fontstyle2\">PR\u00c9SENTATION\u00a0<\/span><\/strong><span class=\"fontstyle0\"><strong>:<\/strong>\u00a060 comprim\u00e9s dos\u00e9s \u00e0 500 mg<br \/><\/span><\/span><\/p><table class=\"NormalTable\"><tbody><tr><td width=\"530\"><span style=\"color: #000000;\"><span class=\"fontstyle2\">Portion:\u00a0<\/span><span class=\"fontstyle0\">2\u00a0<\/span><span class=\"fontstyle2\">Doses par bo\u00eete\u00a0:\u00a0<\/span><span class=\"fontstyle0\">30<\/span><\/span><\/td><\/tr><tr><td width=\"255\"><span class=\"fontstyle2\" style=\"color: #000000;\">Ingr\u00e9dients<\/span><\/td><td width=\"127\"><span class=\"fontstyle2\" style=\"color: #000000;\">Quantit\u00e9 par dose<\/span><\/td><td width=\"147\"><span class=\"fontstyle2\" style=\"color: #000000;\">Dose quotidienne %<\/span><\/td><\/tr><tr><td width=\"255\"><span class=\"fontstyle0\" style=\"color: #000000;\">Vitamine A (ac\u00e9tate de vitamine A)<br \/>Vitamine C (acide ascorbique)<br \/>Calcium (citrate de calcium)<br \/>Vitamine D3 (chol\u00e9calcif\u00e9rol)<br \/>Vitamine E (ac\u00e9tate de di-alpha tocoph\u00e9ryle<br \/>Vitamine B1 (mono-nitrate de thiamine)<br \/>Vitamine B2 (riboflavine)<br \/>Vitamine B6 (chlorure de pyridoxine)<br \/>Vitamine B9 (acide folique)<br \/>Vitamine B3 (niacinamide)<br \/>Vitamine B12 (Cyanocobalamine)<br \/>Vitamine B5 (acide pantoth\u00e9nique)<br \/>Vitamine B8 (biotine)<br \/>Iode (iodure de potassium)<br \/>Magn\u00e9sium (oxyde de magn\u00e9sium)<br \/>Zinc (oxyde de zinc)<br \/>S\u00e9l\u00e9nium ( s\u00e9l\u00e9nium<br \/>amino acid chelate\u00a0)\u00a0Copper (copper amino acid chelate)<br \/>Mangan\u00e8se (ch\u00e9late d&#039;acides amin\u00e9s de mangan\u00e8se)<\/span><\/td><td width=\"127\"><span class=\"fontstyle0\" style=\"color: #000000;\">10 000 UI<br \/>300 mg<br \/>200 mg<br \/>200 UI<br \/>400 UI<br \/>50 mg<br \/>50 mg<br \/>50 mg<br \/>400 mcg<br \/>50 mg<br \/>300 mcg<br \/>30 mg<br \/>250 mcg<br \/>150 mcg<br \/>100 mg<br \/>25 mg<br \/>100 mcg<br \/>2 mg<br \/>5 mg<\/span><\/td><td width=\"147\"><span class=\"fontstyle0\" style=\"color: #000000;\">200<br \/>500<br \/>20<br \/>50<br \/>1333<br \/>3333<br \/>2941<br \/>2500<br \/>100<br \/>250<br \/>5000<br \/>300<br \/>83<br \/>100<br \/>25<br \/>167<br \/>143<br \/>100<br \/>250<\/span><\/td><\/tr><\/tbody><\/table><p><span style=\"color: #000000;\"><strong><span class=\"fontstyle3\">Multivitamins and minerals NG4L\u2013 NG4L Ultra Man<\/span><\/strong><\/span><br \/><span class=\"fontstyle4\" style=\"color: #000000;\"><strong>30<\/strong><br \/><\/span><\/p><table class=\"NormalTable\" style=\"height: 735px;\" width=\"173\"><tbody><tr><td width=\"255\"><span class=\"fontstyle0\" style=\"color: #000000;\">Chrome (ch\u00e9late de chrome d&#039;acide amin\u00e9)<br \/>Fruit du palmier nain<br \/>Feuilles de Damiana<br \/>Bitartrate de choline<br \/>Inositol<br \/>acide para-aminobenzo\u00efque<br \/>Acide alpha-lipo\u00efque<br \/>Lut\u00e9ine 5%<br \/>Lycop\u00e8ne 5%<\/span><\/td><td width=\"127\"><span class=\"fontstyle0\" style=\"color: #000000;\">100 mcg<br \/>100 mg<br \/>70 mg<br \/>10 mg<br \/>10 mg<br \/>10 mg<br \/>5 mg<br \/>25 mg<br \/>25 mcg<\/span><\/td><td width=\"147\"><span class=\"fontstyle0\" style=\"color: #000000;\">83<br \/>*<br \/>*<br \/>*<br \/>*<br \/>*<br \/>*<br \/>*<br \/>*<\/span><\/td><\/tr><tr><td width=\"530\"><span class=\"fontstyle0\" style=\"color: #000000;\">* Valeur quotidienne non \u00e9tablie<\/span><\/td><\/tr><tr><td width=\"530\"><span class=\"fontstyle0\" style=\"color: #000000;\">Autres ingr\u00e9dients : croscarmellose sodique, cellulose microcristalline,<br \/>hydroxypropylcellulose, acide st\u00e9arique, st\u00e9arate de magn\u00e9sium, dioxyde de silice,<br \/>Titanium\u00a0Dioxide\u00a0, FD&amp;C Blue # 1 Lake, Edible Triacetin.<\/span><\/td><\/tr><\/tbody><\/table><p class=\"P5\"><span style=\"font-family: Arial, Helvetica, sans-serif; color: #000000;\"><span class=\"Default_20_Paragraph_20_Font\"><span class=\"Default_20_Paragraph_20_Font T7\">\u00a0<\/span><\/span><\/span><\/p><\/div>\n\t\t\t\t<\/div>\n\t\t\t\t\t\t\t<div class=\"elementor-toggle-item\">\n\t\t\t\t\t<div id=\"elementor-tab-title-1432\" class=\"elementor-tab-title\" data-tab=\"2\" role=\"button\" aria-controls=\"elementor-tab-content-1432\" aria-expanded=\"false\">\n\t\t\t\t\t\t\t\t\t\t\t\t<span class=\"elementor-toggle-icon elementor-toggle-icon-left\" aria-hidden=\"true\">\n\t\t\t\t\t\t\t\t\t\t\t\t\t\t\t<span class=\"elementor-toggle-icon-closed\"><i class=\"far fa-caret-square-right\"><\/i><\/span>\n\t\t\t\t\t\t\t\t<span class=\"elementor-toggle-icon-opened\"><i class=\"elementor-toggle-icon-opened fas fa-caret-square-up\"><\/i><\/span>\n\t\t\t\t\t\t\t\t\t\t\t\t\t<\/span>\n\t\t\t\t\t\t\t\t\t\t\t\t<a class=\"elementor-toggle-title\" tabindex=\"0\">..<\/a>\n\t\t\t\t\t<\/div>\n\n\t\t\t\t\t<div id=\"elementor-tab-content-1432\" class=\"elementor-tab-content elementor-clearfix\" data-tab=\"2\" role=\"region\" aria-labelledby=\"elementor-tab-title-1432\"><\/div>\n\t\t\t\t<\/div>\n\t\t\t\t\t\t\t\t<\/div>\n\t\t\t\t\t\t<\/div>\n\t\t\t\t<\/div>\n\t\t\t\t\t<\/div>\n\t\t<\/div>\n\t\t\t\t\t<\/div>\n\t\t<\/section>\n\t\t\t\t<\/div>","protected":false},"excerpt":{"rendered":"<p><a name=\"buy\"><\/a><\/p>\n<p><span style=\"text-decoration: underline; color: #3366ff;\"><strong>Avantages de ce produit pour l&#039;Andropause\u00a0<\/strong><\/span><\/p>\n<ul>\n<li><strong><span style=\"font-family: go;\">Aide \u00e0 prolonger une bonne sant\u00e9 pendant vos ann\u00e9es de retraite.<\/span><\/strong><\/li>\n<li><strong><span style=\"font-family: go;\"><span class=\"fontstyle0\">Inhibe la production de l&#039;enzyme li\u00e9e \u00e0 l&#039;\u00e9largissement de la prostate<\/span><\/span><\/strong><\/li>\n<\/ul>\n<p><strong>\u00a0\u00a0\u00a0\u00a0\u00a0 &gt;&gt;&gt;<span style=\"font-family: go; font-size: 14pt;\"><a href=\"#more\"><span style=\"color: #0000ff;\">Lire la suite<\/span><\/a><\/span><\/strong><\/p>","protected":false},"featured_media":11108,"comment_status":"open","ping_status":"closed","template":"","meta":{"nf_dc_page":"","_bbp_topic_count":0,"_bbp_reply_count":0,"_bbp_total_topic_count":0,"_bbp_total_reply_count":0,"_bbp_voice_count":0,"_bbp_anonymous_reply_count":0,"_bbp_topic_count_hidden":0,"_bbp_reply_count_hidden":0,"_bbp_forum_subforum_count":0},"product_brand":[],"product_cat":[112],"product_tag":[],"class_list":{"0":"post-2497","1":"product","2":"type-product","3":"status-publish","4":"has-post-thumbnail","6":"product_cat-andropause","8":"first","9":"instock","10":"shipping-taxable","11":"purchasable","12":"product-type-bundle"},"bundled_by":[],"bundle_stock_status":"instock","bundle_stock_quantity":"","bundle_virtual":false,"bundle_layout":"default","bundle_add_to_cart_form_location":"default","bundle_editable_in_cart":false,"bundle_sold_individually_context":"product","bundle_item_grouping":"noindent","bundle_min_size":"","bundle_max_size":"","bundled_items":[{"bundled_item_id":16,"product_id":1167,"menu_order":0,"quantity_min":1,"quantity_max":"","quantity_default":1,"priced_individually":false,"shipped_individually":false,"override_title":false,"title":"","override_description":false,"description":"","optional":true,"hide_thumbnail":false,"discount":"","override_variations":false,"allowed_variations":[],"override_default_variation_attributes":false,"default_variation_attributes":[],"single_product_visibility":"hidden","cart_visibility":"hidden","order_visibility":"visible","single_product_price_visibility":"visible","cart_price_visibility":"visible","order_price_visibility":"visible","stock_status":"out_of_stock"}],"bundle_sell_ids":[],"_links":{"self":[{"href":"https:\/\/www.naturesgiftforlife.com\/fr\/wp-json\/wp\/v2\/product\/2497","targetHints":{"allow":["GET"]}}],"collection":[{"href":"https:\/\/www.naturesgiftforlife.com\/fr\/wp-json\/wp\/v2\/product"}],"about":[{"href":"https:\/\/www.naturesgiftforlife.com\/fr\/wp-json\/wp\/v2\/types\/product"}],"replies":[{"embeddable":true,"href":"https:\/\/www.naturesgiftforlife.com\/fr\/wp-json\/wp\/v2\/comments?post=2497"}],"version-history":[{"count":0,"href":"https:\/\/www.naturesgiftforlife.com\/fr\/wp-json\/wp\/v2\/product\/2497\/revisions"}],"wp:featuredmedia":[{"embeddable":true,"href":"https:\/\/www.naturesgiftforlife.com\/fr\/wp-json\/wp\/v2\/media\/11108"}],"wp:attachment":[{"href":"https:\/\/www.naturesgiftforlife.com\/fr\/wp-json\/wp\/v2\/media?parent=2497"}],"wp:term":[{"taxonomy":"product_brand","embeddable":true,"href":"https:\/\/www.naturesgiftforlife.com\/fr\/wp-json\/wp\/v2\/product_brand?post=2497"},{"taxonomy":"product_cat","embeddable":true,"href":"https:\/\/www.naturesgiftforlife.com\/fr\/wp-json\/wp\/v2\/product_cat?post=2497"},{"taxonomy":"product_tag","embeddable":true,"href":"https:\/\/www.naturesgiftforlife.com\/fr\/wp-json\/wp\/v2\/product_tag?post=2497"}],"curies":[{"name":"wp","href":"https:\/\/api.w.org\/{rel}","templated":true}]}}