{"id":2490,"date":"2020-09-21T15:17:53","date_gmt":"2020-09-21T15:17:53","guid":{"rendered":"http:\/\/www.livehealthylivehappy.com\/new\/?post_type=product&#038;p=2490"},"modified":"2023-08-14T21:02:29","modified_gmt":"2023-08-14T21:02:29","slug":"robust-roots-andropause","status":"publish","type":"product","link":"https:\/\/www.naturesgiftforlife.com\/fr\/shop\/robust-roots-andropause\/","title":{"rendered":"Racines NG4L (Andropause)"},"content":{"rendered":"<div data-elementor-type=\"wp-post\" data-elementor-id=\"2490\" class=\"elementor elementor-2490\">\n\t\t\t\t\t\t<section class=\"elementor-section elementor-top-section elementor-element elementor-element-40b8a7b elementor-section-boxed elementor-section-height-default elementor-section-height-default\" data-id=\"40b8a7b\" data-element_type=\"section\" data-e-type=\"section\">\n\t\t\t\t\t\t<div class=\"elementor-container elementor-column-gap-default\">\n\t\t\t\t\t<div class=\"elementor-column elementor-col-100 elementor-top-column elementor-element elementor-element-ecddef8\" data-id=\"ecddef8\" data-element_type=\"column\" data-e-type=\"column\">\n\t\t\t<div class=\"elementor-widget-wrap elementor-element-populated\">\n\t\t\t\t\t\t<div class=\"elementor-element elementor-element-7988203 elementor-widget elementor-widget-html\" data-id=\"7988203\" data-element_type=\"widget\" data-e-type=\"widget\" data-widget_type=\"html.default\">\n\t\t\t\t<div class=\"elementor-widget-container\">\n\t\t\t\t\t<a name=\"more\"><\/a>\t\t\t\t<\/div>\n\t\t\t\t<\/div>\n\t\t\t\t<div class=\"elementor-element elementor-element-d646554 elementor-invisible elementor-widget elementor-widget-toggle\" data-id=\"d646554\" data-element_type=\"widget\" data-e-type=\"widget\" data-settings=\"{&quot;_animation&quot;:&quot;flash&quot;}\" data-widget_type=\"toggle.default\">\n\t\t\t\t<div class=\"elementor-widget-container\">\n\t\t\t\t\t\t\t<div class=\"elementor-toggle\">\n\t\t\t\t\t\t\t<div class=\"elementor-toggle-item\">\n\t\t\t\t\t<div id=\"elementor-tab-title-2241\" class=\"elementor-tab-title\" data-tab=\"1\" role=\"button\" aria-controls=\"elementor-tab-content-2241\" aria-expanded=\"false\">\n\t\t\t\t\t\t\t\t\t\t\t\t<span class=\"elementor-toggle-icon elementor-toggle-icon-left\" aria-hidden=\"true\">\n\t\t\t\t\t\t\t\t\t\t\t\t\t\t\t<span class=\"elementor-toggle-icon-closed\"><i class=\"far fa-caret-square-right\"><\/i><\/span>\n\t\t\t\t\t\t\t\t<span class=\"elementor-toggle-icon-opened\"><i class=\"elementor-toggle-icon-opened fas fa-caret-square-up\"><\/i><\/span>\n\t\t\t\t\t\t\t\t\t\t\t\t\t<\/span>\n\t\t\t\t\t\t\t\t\t\t\t\t<a class=\"elementor-toggle-title\" tabindex=\"0\">Description d\u00e9taill\u00e9e du produit \/ Faits suppl\u00e9mentaires<\/a>\n\t\t\t\t\t<\/div>\n\n\t\t\t\t\t<div id=\"elementor-tab-content-2241\" class=\"elementor-tab-content elementor-clearfix\" data-tab=\"1\" role=\"region\" aria-labelledby=\"elementor-tab-title-2241\"><p><span style=\"color: #000000;\">Augmente les niveaux d&#039;hormones, augmente les niveaux d&#039;\u00e9nergie et est un stimulant sexuel efficace efficace dans le traitement de la faible libido et de la dysfonction sexuelle associ\u00e9e \u00e0 l&#039;andropause.<\/span><\/p><p><span style=\"color: #000000;\"><strong>Pr\u00e9sentation<\/strong>: 12 g\u00e9lules \/ bo\u00eete, chaque g\u00e9lule est \u00e9gale \u00e0 3,6 g de m\u00e9dicaments bruts.<\/span><\/p><p><span style=\"color: #000000;\"><strong>instructions<\/strong>: 3-4 g\u00e9lules, 2-3 fois par jour il fait effet en une journ\u00e9e pour la maladie b\u00e9nigne, et pas plus de 3 jours pour la maladie grave. Renouveler apr\u00e8s une semaine si besoin. Ne pas prendre plus de 2-3 jours par semaine.<\/span><\/p><p><span style=\"color: #000000;\"><strong><em>Ingr\u00e9dients actifs<\/em><\/strong>: La racine NG4L contient des \u0153ufs ferment\u00e9s, du Radix Ginseng Americana, du Cordyceps, de la teigne de la soie m\u00e2le, etc.<\/span><\/p><p><span style=\"color: #000000;\"><strong><em>Papillon de soie m\u00e2le<\/em><\/strong>: L&#039;extrait de teigne de la soie m\u00e2le est utilis\u00e9 depuis longtemps en Chine comme tonique sexuel masculin. Riche en c\u00e9phaline, prot\u00e9ines uniques et hormones m\u00e2les, la teigne de la soie m\u00e2le est propice \u00e0 la croissance normale du corps, ainsi qu&#039;\u00e0 la formation et \u00e0 l&#039;\u00e9volution des organes reproducteurs m\u00e2les. Il est utilis\u00e9 pour nourrir le Rein, acc\u00e9l\u00e9rer la croissance des spermatozo\u00efdes et de la moelle et stimuler le syst\u00e8me nerveux. La teigne de la soie m\u00e2le est consid\u00e9r\u00e9e en Asie comme un stimulant et un tonique sexuel masculin extr\u00eamement puissant. C&#039;est tr\u00e8s Yang.<\/span><\/p><p><span style=\"color: #000000;\">Even though silkworms are abundant in China; the moth that can be used for this tonic is rare. The male silk moths must be separated one by one from the females. Only the male silk moths can be used as an \u201cherb\u201d because it is the male sex hormones that are desired. Within minutes of escaping from the cocoon, the male silk moths are separated from the females. This must be done before the moths have an opportunity to copulate because once the male moth has copulated; it is no longer useful as a sex hormone donor. The male moth is then dried or preserved in alcohol and later extracted by a special process to isolate the active substances.<\/span><\/p><p><span style=\"color: #000000;\">Les formulations de toniques m\u00e2les contre la teigne de la soie sont invariablement tr\u00e8s puissantes, surtout lorsque de puissants toniques comme le Cordyceps et le Morinda et le Ginseng sont ajout\u00e9s.<\/span><\/p><\/div>\n\t\t\t\t<\/div>\n\t\t\t\t\t\t\t<div class=\"elementor-toggle-item\">\n\t\t\t\t\t<div id=\"elementor-tab-title-2242\" class=\"elementor-tab-title\" data-tab=\"2\" role=\"button\" aria-controls=\"elementor-tab-content-2242\" aria-expanded=\"false\">\n\t\t\t\t\t\t\t\t\t\t\t\t<span class=\"elementor-toggle-icon elementor-toggle-icon-left\" aria-hidden=\"true\">\n\t\t\t\t\t\t\t\t\t\t\t\t\t\t\t<span class=\"elementor-toggle-icon-closed\"><i class=\"far fa-caret-square-right\"><\/i><\/span>\n\t\t\t\t\t\t\t\t<span class=\"elementor-toggle-icon-opened\"><i class=\"elementor-toggle-icon-opened fas fa-caret-square-up\"><\/i><\/span>\n\t\t\t\t\t\t\t\t\t\t\t\t\t<\/span>\n\t\t\t\t\t\t\t\t\t\t\t\t<a class=\"elementor-toggle-title\" tabindex=\"0\">..<\/a>\n\t\t\t\t\t<\/div>\n\n\t\t\t\t\t<div id=\"elementor-tab-content-2242\" class=\"elementor-tab-content elementor-clearfix\" data-tab=\"2\" role=\"region\" aria-labelledby=\"elementor-tab-title-2242\"><\/div>\n\t\t\t\t<\/div>\n\t\t\t\t\t\t\t\t<\/div>\n\t\t\t\t\t\t<\/div>\n\t\t\t\t<\/div>\n\t\t\t\t\t<\/div>\n\t\t<\/div>\n\t\t\t\t\t<\/div>\n\t\t<\/section>\n\t\t\t\t<\/div>","protected":false},"excerpt":{"rendered":"<p><a name=\"buy\"><\/a><\/p>\n<p><span style=\"text-decoration: underline; color: #3366ff;\"><strong>Avantages de ce produit pour l&#039;Andropause<\/strong><\/span><\/p>\n<ul>\n<li><span style=\"font-family: go;\"><strong>Corriger la dysfonction \u00e9rectile en augmentant la capacit\u00e9 d&#039;avoir et de maintenir une bonne \u00e9rection pendant les actes sexuels<\/strong><\/span><\/li>\n<li><span style=\"font-family: go;\"><strong>Augmente consid\u00e9rablement le d\u00e9sir sexuel sans effets secondaires ni d\u00e9pendances<\/strong><\/span><\/li>\n<\/ul>\n<p><strong>\u00a0\u00a0\u00a0\u00a0\u00a0 &gt;&gt;&gt;<span style=\"font-family: go; font-size: 14pt;\"><a href=\"#more\"><span style=\"color: #0000ff;\">Lire la suite<\/span><\/a><\/span><\/strong><\/p>","protected":false},"featured_media":903,"comment_status":"open","ping_status":"closed","template":"","meta":{"nf_dc_page":"","_bbp_topic_count":0,"_bbp_reply_count":0,"_bbp_total_topic_count":0,"_bbp_total_reply_count":0,"_bbp_voice_count":0,"_bbp_anonymous_reply_count":0,"_bbp_topic_count_hidden":0,"_bbp_reply_count_hidden":0,"_bbp_forum_subforum_count":0},"product_brand":[],"product_cat":[112],"product_tag":[],"class_list":{"0":"post-2490","1":"product","2":"type-product","3":"status-publish","4":"has-post-thumbnail","6":"product_cat-andropause","8":"first","9":"instock","10":"shipping-taxable","11":"purchasable","12":"product-type-bundle"},"bundled_by":[],"bundle_stock_status":"instock","bundle_stock_quantity":"","bundle_virtual":false,"bundle_layout":"default","bundle_add_to_cart_form_location":"default","bundle_editable_in_cart":false,"bundle_sold_individually_context":"product","bundle_item_grouping":"noindent","bundle_min_size":"","bundle_max_size":"","bundled_items":[{"bundled_item_id":6,"product_id":893,"menu_order":0,"quantity_min":1,"quantity_max":1,"quantity_default":1,"priced_individually":false,"shipped_individually":false,"override_title":false,"title":"","override_description":false,"description":"","optional":true,"hide_thumbnail":false,"discount":"","override_variations":false,"allowed_variations":[],"override_default_variation_attributes":false,"default_variation_attributes":[],"single_product_visibility":"hidden","cart_visibility":"hidden","order_visibility":"visible","single_product_price_visibility":"visible","cart_price_visibility":"visible","order_price_visibility":"visible","stock_status":"in_stock"}],"bundle_sell_ids":[],"_links":{"self":[{"href":"https:\/\/www.naturesgiftforlife.com\/fr\/wp-json\/wp\/v2\/product\/2490","targetHints":{"allow":["GET"]}}],"collection":[{"href":"https:\/\/www.naturesgiftforlife.com\/fr\/wp-json\/wp\/v2\/product"}],"about":[{"href":"https:\/\/www.naturesgiftforlife.com\/fr\/wp-json\/wp\/v2\/types\/product"}],"replies":[{"embeddable":true,"href":"https:\/\/www.naturesgiftforlife.com\/fr\/wp-json\/wp\/v2\/comments?post=2490"}],"version-history":[{"count":0,"href":"https:\/\/www.naturesgiftforlife.com\/fr\/wp-json\/wp\/v2\/product\/2490\/revisions"}],"wp:featuredmedia":[{"embeddable":true,"href":"https:\/\/www.naturesgiftforlife.com\/fr\/wp-json\/wp\/v2\/media\/903"}],"wp:attachment":[{"href":"https:\/\/www.naturesgiftforlife.com\/fr\/wp-json\/wp\/v2\/media?parent=2490"}],"wp:term":[{"taxonomy":"product_brand","embeddable":true,"href":"https:\/\/www.naturesgiftforlife.com\/fr\/wp-json\/wp\/v2\/product_brand?post=2490"},{"taxonomy":"product_cat","embeddable":true,"href":"https:\/\/www.naturesgiftforlife.com\/fr\/wp-json\/wp\/v2\/product_cat?post=2490"},{"taxonomy":"product_tag","embeddable":true,"href":"https:\/\/www.naturesgiftforlife.com\/fr\/wp-json\/wp\/v2\/product_tag?post=2490"}],"curies":[{"name":"wp","href":"https:\/\/api.w.org\/{rel}","templated":true}]}}