{"id":2485,"date":"2020-09-21T15:07:46","date_gmt":"2020-09-21T15:07:46","guid":{"rendered":"http:\/\/www.livehealthylivehappy.com\/new\/?post_type=product&#038;p=2485"},"modified":"2023-08-14T21:05:18","modified_gmt":"2023-08-14T21:05:18","slug":"grapeseed-extract-90-cap","status":"publish","type":"product","link":"https:\/\/www.naturesgiftforlife.com\/fr\/shop\/grapeseed-extract-90-cap\/","title":{"rendered":"Grapeseed Extract &#8211; 90caps"},"content":{"rendered":"<div data-elementor-type=\"wp-post\" data-elementor-id=\"2485\" class=\"elementor elementor-2485\">\n\t\t\t\t\t\t<section class=\"elementor-section elementor-top-section elementor-element elementor-element-5f24900 elementor-section-boxed elementor-section-height-default elementor-section-height-default\" data-id=\"5f24900\" data-element_type=\"section\" data-e-type=\"section\">\n\t\t\t\t\t\t<div class=\"elementor-container elementor-column-gap-default\">\n\t\t\t\t\t<div class=\"elementor-column elementor-col-100 elementor-top-column elementor-element elementor-element-bdbd37c\" data-id=\"bdbd37c\" data-element_type=\"column\" data-e-type=\"column\">\n\t\t\t<div class=\"elementor-widget-wrap elementor-element-populated\">\n\t\t\t\t\t\t<div class=\"elementor-element elementor-element-5fe66a2 elementor-widget elementor-widget-html\" data-id=\"5fe66a2\" data-element_type=\"widget\" data-e-type=\"widget\" data-widget_type=\"html.default\">\n\t\t\t\t<div class=\"elementor-widget-container\">\n\t\t\t\t\t<a name=\"more\"><\/a>\t\t\t\t<\/div>\n\t\t\t\t<\/div>\n\t\t\t\t<div class=\"elementor-element elementor-element-7f1b909 elementor-invisible elementor-widget elementor-widget-toggle\" data-id=\"7f1b909\" data-element_type=\"widget\" data-e-type=\"widget\" data-settings=\"{&quot;_animation&quot;:&quot;flash&quot;}\" data-widget_type=\"toggle.default\">\n\t\t\t\t<div class=\"elementor-widget-container\">\n\t\t\t\t\t\t\t<div class=\"elementor-toggle\">\n\t\t\t\t\t\t\t<div class=\"elementor-toggle-item\">\n\t\t\t\t\t<div id=\"elementor-tab-title-1331\" class=\"elementor-tab-title\" data-tab=\"1\" role=\"button\" aria-controls=\"elementor-tab-content-1331\" aria-expanded=\"false\">\n\t\t\t\t\t\t\t\t\t\t\t\t<span class=\"elementor-toggle-icon elementor-toggle-icon-left\" aria-hidden=\"true\">\n\t\t\t\t\t\t\t\t\t\t\t\t\t\t\t<span class=\"elementor-toggle-icon-closed\"><i class=\"far fa-caret-square-right\"><\/i><\/span>\n\t\t\t\t\t\t\t\t<span class=\"elementor-toggle-icon-opened\"><i class=\"elementor-toggle-icon-opened fas fa-caret-square-up\"><\/i><\/span>\n\t\t\t\t\t\t\t\t\t\t\t\t\t<\/span>\n\t\t\t\t\t\t\t\t\t\t\t\t<a class=\"elementor-toggle-title\" tabindex=\"0\">Description d\u00e9taill\u00e9e du produit \/ faits sur les suppl\u00e9ments<\/a>\n\t\t\t\t\t<\/div>\n\n\t\t\t\t\t<div id=\"elementor-tab-content-1331\" class=\"elementor-tab-content elementor-clearfix\" data-tab=\"1\" role=\"region\" aria-labelledby=\"elementor-tab-title-1331\"><p><span style=\"color: #000000;\"><strong>Avantages<\/strong><\/span><\/p><ul><li><span style=\"color: #000000;\">Aide \u00e0 maintenir l&#039;\u00e9lasticit\u00e9 de la peau<\/span><\/li><li><span style=\"color: #000000;\">Am\u00e9liore la circulation sanguine et aide \u00e0 renforcer <a href=\"https:\/\/www.naturesgiftforlife.com\/fr\/shop\/hypertension-tea\/\">du sang<\/a> navires<\/span><\/li><\/ul><p><span style=\"color: #000000;\">Qu&#039;est-ce que le P\u00c9PIN DE RAISIN\u00a0? Comme son nom l&#039;indique, <a href=\"http:\/\/livehealthylivehappy.com\/category\/womenhealth\/\" target=\"_blank\" rel=\"noopener\">P\u00e9pin de raisin<\/a> extract is derived from the small seeds (and occasionally the skins) of red grapes&#8211;the same kind that are pressed to make wine. Used extensively in Europe, grapeseed extract is rich in flavonoids, phytochemicals that have antioxidant properties some consider even greater than the old standbys vitamin C and vitamin E. Antioxidants are believed to prevent and control numerous ailments by safeguarding cells against the ravages of unstable oxygen molecules called free radicals.<\/span><\/p><p style=\"text-align: center;\"><a class=\"buy\" href=\"#buy\"><strong>ALLER ACHETER MAINTENANT<\/strong><\/a><\/p><p><span style=\"color: #000000;\">Les flavono\u00efdes les plus pr\u00e9cieux dans l&#039;extrait de p\u00e9pins de raisin sont les oligom\u00e8res procyanidoliques (\u00e9galement appel\u00e9s proanthocyanidines), commun\u00e9ment appel\u00e9s PCO. Au-del\u00e0 de leurs pouvoirs antioxydants, les OPC sont cens\u00e9s am\u00e9liorer la circulation sanguine et aider \u00e0 renforcer les vaisseaux sanguins. Ces actions profitent aux personnes atteintes de maladies cardiaques et de cancer.<\/span><\/p><p><span style=\"color: #000000;\">Une source alternative pour les PCO est Pycnogenol (pik-NODGE-en-all), le nom de marque pour un PCO d\u00e9riv\u00e9 de l&#039;\u00e9corce du pin maritime. Les experts comparent ses bienfaits pour la sant\u00e9 \u00e0 ceux de l&#039;extrait de p\u00e9pins de raisin. Il est plus cher que l&#039;extrait de p\u00e9pins de raisin.<\/span><\/p><p style=\"text-align: center;\"><a class=\"buy\" href=\"#buy\"><strong>ALLER ACHETER MAINTENANT<\/strong><\/a><\/p><p><span style=\"color: #000000;\"><strong>Avantages pour la sant\u00e9<\/strong><\/span><\/p><p><span style=\"color: #000000;\">European doctors prescribe PCO-containing drugs for various vascular (vessel) disorders that are likely to benefit from increased blood flow, such as diabetes, leg cramps, varicose veins, arm and leg numbness or tingling and even impotence. Macular degeneration and cataracts&#8211;vision-robbers of the elderly&#8211;may also improve by means of the extract&#8217;s effects on circulation.<\/span><\/p><p><span style=\"color: #000000;\">Disorders such as endometriosis, which are affected by the release of hormone-like substances called prostaglandins, may benefit from the extract&#8217;s ability to block the release of this pain- and inflammation-causing chemical. Grapeseed extract effectively penetrates cell membranes throughout the body with its antioxidant properties. It can even cross into the brain (traversing the blood-brain barrier) to protect brain cells from free-radical damage.<\/span><\/p><p><span style=\"color: #000000;\">En tant qu&#039;ingr\u00e9dient dans les cr\u00e8mes pour le visage, l&#039;extrait peut aider \u00e0 maintenir l&#039;\u00e9lasticit\u00e9 de la peau ; de nombreuses cr\u00e8mes pour la peau europ\u00e9ennes contiennent de l&#039;extrait de p\u00e9pins de raisin \u00e0 cet effet.<\/span><\/p><p style=\"text-align: center;\"><a class=\"buy\" href=\"#buy\"><strong>ALLER ACHETER MAINTENANT<\/strong><\/a><\/p><p><strong><span style=\"color: #000000;\">Plus pr\u00e9cis\u00e9ment, l&#039;extrait de p\u00e9pins de raisin peut aider \u00e0 :<\/span><\/strong><\/p><ul><li><span style=\"color: #000000;\"><strong> Pr\u00e9vention des maladies cardiaques : <\/strong>The risk for heart attack and stroke may be reduced with this potent antioxidant, which is believed to prevent the plaque development that can clog arteries. A recent study of 38 smokers indicates that PCOs may function as effectively as aspirin in keeping blood cells from sticking together and forming blood clots (called an anticoagulant effect). And the PCOs posed no risk of the gastrointestinal irritation or bleeding generally associated with aspirin. Interestingly, another preliminary study using grape seed oil (which is related to grapeseed extract) indicates that using 2 tablespoons a day to replace other oils in cooking could increase HDL (&#8220;good&#8221;) cholesterol by 14% and reduce triglycerides by 15% in just four weeks.<\/span><\/li><li><span style=\"color: #000000;\"><strong>Minimiser les dommages de la fibromylagie\u00a0: <\/strong>La fibromyalgie est un trouble insaisissable associ\u00e9 \u00e0 des douleurs et raideurs musculaires chroniques. Le pouvoir antioxydant de l&#039;extrait de p\u00e9pins de raisin peut aider en prot\u00e9geant les cellules musculaires assi\u00e9g\u00e9es des dommages.<\/span><\/li><\/ul><p style=\"text-align: center;\"><a class=\"buy\" href=\"#buy\"><strong>ALLER ACHETER MAINTENANT<\/strong><\/a><\/p><ul><li><span style=\"color: #000000;\"><strong>Cancer:<\/strong> Les antioxydants contenus dans l&#039;extrait de p\u00e9pins de raisin travaillent dur pour aider \u00e0 contr\u00f4ler les dommages cellulaires, en traquant et en neutralisant r\u00e9guli\u00e8rement les mutations dans le mat\u00e9riel g\u00e9n\u00e9tique des cellules qui pourraient conduire \u00e0 la formation de tumeurs. Le d\u00e9veloppement et la progression des cancers du poumon, du sein, de l&#039;estomac, de la prostate, du c\u00f4lon, de la peau et d&#039;autres parties du corps peuvent ainsi \u00eatre bloqu\u00e9s.<\/span><\/li><li><span style=\"color: #000000;\"><strong>Combat les maladies de la peau telles que le psoriasis et l&#039;ecz\u00e9ma.<\/strong> Certain components within the skin&#8211;collagen, elastin and hyaluronic acid&#8211;participate in keeping it healthy. PCOs help keep these substances in good shape by blocking enzymes that might disrupt their chemical structure. In this way, grape seed extract may be useful in treating inflammatory skin conditions such as psoriasis. Its flavonoids also inhibit allergic reactions that can generate such skin problems as eczema.<\/span><\/li><li><span style=\"color: #000000;\"><strong>Ralentit la progression de la d\u00e9g\u00e9n\u00e9rescence maculaire et des cataractes\u00a0:<\/strong> Grape seed extract improves blood flow in the eye&#8217;s tiny vessels, where certain eye diseases can cause blockages and impairments that result in vision damage. Cataracts are an example. The extract&#8217;s antioxidant powers are of particular value in warding off the free-radical damage so frequently cited as the leading cause of macular degeneration.<\/span><\/li><li><span style=\"color: #000000;\"><strong>Diminuer les sympt\u00f4mes d&#039;allergie<\/strong>: As a natural antihistamine, grape seed extract may help to control the sneezing, congestion and other hallmarks of an allergic reaction. The extract also inhibits the release of chemicals called prostaglandins that can generate inflammation during an allergic response. Working in concert, the nutrient&#8217;s antihistamine and anti-inflammatory actions can help to keep at bay such allergic responses as hives, hay fever and eczema.<\/span><\/li><li><span style=\"color: #000000;\"><strong>Soulage la fatigue oculaire :<\/strong> Les personnes qui regardent les \u00e9crans d&#039;ordinateur pendant de longues p\u00e9riodes peuvent b\u00e9n\u00e9ficier de l&#039;extrait de p\u00e9pins de raisin. Les r\u00e9sultats d&#039;une \u00e9tude r\u00e9cente indiquent que 300 mg, pris quotidiennement, soulageront la fatigue oculaire et am\u00e9lioreront la perception du contraste apr\u00e8s seulement 60 jours.<\/span><\/li><\/ul><p style=\"text-align: center;\"><a class=\"buy\" href=\"#buy\"><strong>ALLER ACHETER MAINTENANT<\/strong><\/a><\/p><p><span style=\"color: #000000;\"><strong>Maladies-Dosage<\/strong><\/span><\/p><p><span style=\"color: #000000;\">Vieillissement : 100 mg une fois par jour<\/span><\/p><p><span style=\"color: #000000;\"><strong>Pr\u00e9vention du cancer\u00a0:<\/strong> 100 mg chaque matin\u00a0; peut \u00eatre partiellement couvert par un complexe antioxydant quotidien<\/span><\/p><p><span style=\"color: #000000;\"><strong>Cataractes\u00a0:<\/strong> 100 mg une fois par jour<\/span><\/p><p><span style=\"color: #000000;\"><strong>Ecz\u00e9ma:<\/strong> 100 mg deux fois par jour\u00a0; peut \u00eatre partiellement couvert par votre complexe antioxydant quotidien<\/span><\/p><p><span style=\"color: #000000;\"><strong>Probl\u00e8mes de cheveux :<\/strong> 100 mg deux fois par jour\u00a0; peut \u00eatre partiellement recouvert par un complexe antioxydant<\/span><\/p><p><span style=\"color: #000000;\"><strong>Pr\u00e9vention des maladies cardiaques<\/strong>: 100 mg deux fois par jour ; peut \u00eatre partiellement couvert par votre complexe antioxydant quotidien<\/span><\/p><p><span style=\"color: #000000;\"><strong>Lupus:<\/strong> 100 mg deux fois par jour<\/span><\/p><p><span style=\"color: #000000;\">D\u00e9g\u00e9n\u00e9rescence maculaire : 100 mg deux fois par jour<\/span><\/p><p><span style=\"color: #000000;\"><strong>Psoriasis:<\/strong> 100 mg deux fois par jour<\/span><\/p><p style=\"text-align: center;\"><a class=\"buy\" href=\"#buy\"><strong>ALLER ACHETER MAINTENANT<\/strong><\/a><\/p><table width=\"623\"><tbody><tr><td width=\"623\"><p><span style=\"color: #000000;\"><strong>Faits sur les suppl\u00e9ments<\/strong><\/span><\/p><p><span style=\"color: #000000;\">Serving Size: One (1) Capsule\u00a0\u00a0\u00a0\u00a0\u00a0\u00a0\u00a0\u00a0\u00a0\u00a0\u00a0\u00a0\u00a0\u00a0\u00a0\u00a0\u00a0\u00a0\u00a0\u00a0\u00a0\u00a0\u00a0\u00a0\u00a0\u00a0\u00a0\u00a0\u00a0 Serving per Container100<\/span><\/p><\/td><\/tr><tr><td width=\"623\"><p><span style=\"color: #000000;\"><strong>\u00a0\u00a0\u00a0\u00a0\u00a0\u00a0\u00a0\u00a0\u00a0\u00a0\u00a0\u00a0\u00a0\u00a0\u00a0\u00a0\u00a0\u00a0\u00a0\u00a0\u00a0\u00a0\u00a0\u00a0\u00a0\u00a0\u00a0\u00a0\u00a0\u00a0\u00a0\u00a0\u00a0\u00a0\u00a0\u00a0\u00a0\u00a0\u00a0\u00a0\u00a0\u00a0\u00a0\u00a0\u00a0\u00a0\u00a0\u00a0\u00a0\u00a0\u00a0\u00a0\u00a0\u00a0\u00a0\u00a0\u00a0\u00a0\u00a0\u00a0 <\/strong>\u00a0\u00a0\u00a0\u00a0\u00a0\u00a0\u00a0\u00a0 Montant par portion % Valeur quotidienne<\/span><\/p><\/td><\/tr><tr><td width=\"623\"><p><span style=\"color: #000000;\">Grape Seed Extract\u00a0\u00a0\u00a0\u00a0\u00a0\u00a0\u00a0\u00a0\u00a0\u00a0\u00a0\u00a0\u00a0\u00a0\u00a0\u00a0\u00a0\u00a0\u00a0\u00a0\u00a0\u00a0\u00a0\u00a0\u00a0\u00a0\u00a0\u00a0\u00a0\u00a0\u00a0\u00a0\u00a0\u00a0\u00a0\u00a0\u00a0\u00a0\u00a0\u00a0\u00a0\u00a0\u00a0\u00a0\u00a0\u00a0\u00a0 100mg<\/span><\/p><p><span style=\"color: #000000;\">(standard \u00e0 90% Polyph\u00e9nols totaux)(Vitis vinifer) (graine)<\/span><\/p><\/td><\/tr><tr><td width=\"623\"><p><span style=\"color: #000000;\">*Valeur quotidienne non \u00e9tablie<\/span><\/p><\/td><\/tr><tr><td width=\"623\"><p><span style=\"color: #000000;\"><strong>Autres ingr\u00e9dients:<\/strong> Farine de riz, g\u00e9latine<\/span><\/p><\/td><\/tr><\/tbody><\/table><\/div>\n\t\t\t\t<\/div>\n\t\t\t\t\t\t\t<div class=\"elementor-toggle-item\">\n\t\t\t\t\t<div id=\"elementor-tab-title-1332\" class=\"elementor-tab-title\" data-tab=\"2\" role=\"button\" aria-controls=\"elementor-tab-content-1332\" aria-expanded=\"false\">\n\t\t\t\t\t\t\t\t\t\t\t\t<span class=\"elementor-toggle-icon elementor-toggle-icon-left\" aria-hidden=\"true\">\n\t\t\t\t\t\t\t\t\t\t\t\t\t\t\t<span class=\"elementor-toggle-icon-closed\"><i class=\"far fa-caret-square-right\"><\/i><\/span>\n\t\t\t\t\t\t\t\t<span class=\"elementor-toggle-icon-opened\"><i class=\"elementor-toggle-icon-opened fas fa-caret-square-up\"><\/i><\/span>\n\t\t\t\t\t\t\t\t\t\t\t\t\t<\/span>\n\t\t\t\t\t\t\t\t\t\t\t\t<a class=\"elementor-toggle-title\" tabindex=\"0\">..<\/a>\n\t\t\t\t\t<\/div>\n\n\t\t\t\t\t<div id=\"elementor-tab-content-1332\" class=\"elementor-tab-content elementor-clearfix\" data-tab=\"2\" role=\"region\" aria-labelledby=\"elementor-tab-title-1332\"><\/div>\n\t\t\t\t<\/div>\n\t\t\t\t\t\t\t\t<\/div>\n\t\t\t\t\t\t<\/div>\n\t\t\t\t<\/div>\n\t\t\t\t\t<\/div>\n\t\t<\/div>\n\t\t\t\t\t<\/div>\n\t\t<\/section>\n\t\t\t\t<\/div>","protected":false},"excerpt":{"rendered":"<p><a name=\"buy\"><\/a><\/p>\n<ul>\n<li><span style=\"color: #333333;\"><strong><span class=\"fontstyle0\" style=\"font-family: go; font-size: 12pt;\">R\u00e9duit la r\u00e9action des mastocytes en pr\u00e9sence de prot\u00e9ines \u00e9trang\u00e8res (antig\u00e8nes) pouvant provoquer des allergies<\/span><\/strong><\/span><\/li>\n<li><span style=\"color: #333333;\"><strong><span class=\"fontstyle0\" style=\"font-family: go; font-size: 12pt;\">Stabilise les mastocytes<\/span><\/strong><\/span><\/li>\n<\/ul>\n<p><strong>\u00a0\u00a0\u00a0\u00a0\u00a0 &gt;&gt;&gt;<span style=\"font-family: go; font-size: 14pt;\"><a href=\"#more\"><span style=\"color: #0000ff;\">Lire la suite<\/span><\/a><\/span><\/strong><\/p>","protected":false},"featured_media":1192,"comment_status":"open","ping_status":"closed","template":"","meta":{"nf_dc_page":"","_bbp_topic_count":0,"_bbp_reply_count":0,"_bbp_total_topic_count":0,"_bbp_total_reply_count":0,"_bbp_voice_count":0,"_bbp_anonymous_reply_count":0,"_bbp_topic_count_hidden":0,"_bbp_reply_count_hidden":0,"_bbp_forum_subforum_count":0},"product_brand":[],"product_cat":[33,22],"product_tag":[],"class_list":{"0":"post-2485","1":"product","2":"type-product","3":"status-publish","4":"has-post-thumbnail","6":"product_cat-all-products","7":"product_cat-anti-oxidants","9":"first","10":"instock","11":"shipping-taxable","12":"purchasable","13":"product-type-simple"},"bundled_by":[],"bundle_stock_status":"instock","bundle_stock_quantity":1,"bundle_virtual":false,"bundle_layout":"","bundle_add_to_cart_form_location":"","bundle_editable_in_cart":false,"bundle_sold_individually_context":"","bundle_item_grouping":"","bundle_min_size":"","bundle_max_size":"","bundled_items":[],"bundle_sell_ids":[],"_links":{"self":[{"href":"https:\/\/www.naturesgiftforlife.com\/fr\/wp-json\/wp\/v2\/product\/2485","targetHints":{"allow":["GET"]}}],"collection":[{"href":"https:\/\/www.naturesgiftforlife.com\/fr\/wp-json\/wp\/v2\/product"}],"about":[{"href":"https:\/\/www.naturesgiftforlife.com\/fr\/wp-json\/wp\/v2\/types\/product"}],"replies":[{"embeddable":true,"href":"https:\/\/www.naturesgiftforlife.com\/fr\/wp-json\/wp\/v2\/comments?post=2485"}],"version-history":[{"count":0,"href":"https:\/\/www.naturesgiftforlife.com\/fr\/wp-json\/wp\/v2\/product\/2485\/revisions"}],"wp:featuredmedia":[{"embeddable":true,"href":"https:\/\/www.naturesgiftforlife.com\/fr\/wp-json\/wp\/v2\/media\/1192"}],"wp:attachment":[{"href":"https:\/\/www.naturesgiftforlife.com\/fr\/wp-json\/wp\/v2\/media?parent=2485"}],"wp:term":[{"taxonomy":"product_brand","embeddable":true,"href":"https:\/\/www.naturesgiftforlife.com\/fr\/wp-json\/wp\/v2\/product_brand?post=2485"},{"taxonomy":"product_cat","embeddable":true,"href":"https:\/\/www.naturesgiftforlife.com\/fr\/wp-json\/wp\/v2\/product_cat?post=2485"},{"taxonomy":"product_tag","embeddable":true,"href":"https:\/\/www.naturesgiftforlife.com\/fr\/wp-json\/wp\/v2\/product_tag?post=2485"}],"curies":[{"name":"wp","href":"https:\/\/api.w.org\/{rel}","templated":true}]}}