{"id":2136,"date":"2020-09-15T11:41:05","date_gmt":"2020-09-15T11:41:05","guid":{"rendered":"http:\/\/www.livehealthylivehappy.com\/new\/?post_type=product&#038;p=2136"},"modified":"2026-04-23T17:20:20","modified_gmt":"2026-04-23T17:20:20","slug":"vitamin-c-rose-hips-allergies","status":"publish","type":"product","link":"https:\/\/www.naturesgiftforlife.com\/fr\/shop\/vitamin-c-rose-hips-allergies\/","title":{"rendered":"Vitamine C Rose Hips (Allergies)"},"content":{"rendered":"<div data-elementor-type=\"wp-post\" data-elementor-id=\"2136\" class=\"elementor elementor-2136\">\n\t\t\t\t\t\t<section class=\"elementor-section elementor-top-section elementor-element elementor-element-a90e337 elementor-section-boxed elementor-section-height-default elementor-section-height-default\" data-id=\"a90e337\" data-element_type=\"section\" data-e-type=\"section\">\n\t\t\t\t\t\t<div class=\"elementor-container elementor-column-gap-default\">\n\t\t\t\t\t<div class=\"elementor-column elementor-col-100 elementor-top-column elementor-element elementor-element-ca77620\" data-id=\"ca77620\" data-element_type=\"column\" data-e-type=\"column\">\n\t\t\t<div class=\"elementor-widget-wrap elementor-element-populated\">\n\t\t\t\t\t\t<div class=\"elementor-element elementor-element-7b6afc6 elementor-widget elementor-widget-html\" data-id=\"7b6afc6\" data-element_type=\"widget\" data-e-type=\"widget\" data-widget_type=\"html.default\">\n\t\t\t\t<div class=\"elementor-widget-container\">\n\t\t\t\t\t<a name=\"more\"><\/a>\t\t\t\t<\/div>\n\t\t\t\t<\/div>\n\t\t\t\t<div class=\"elementor-element elementor-element-b9577cb elementor-invisible elementor-widget elementor-widget-toggle\" data-id=\"b9577cb\" data-element_type=\"widget\" data-e-type=\"widget\" data-settings=\"{&quot;_animation&quot;:&quot;flash&quot;}\" data-widget_type=\"toggle.default\">\n\t\t\t\t<div class=\"elementor-widget-container\">\n\t\t\t\t\t\t\t<div class=\"elementor-toggle\">\n\t\t\t\t\t\t\t<div class=\"elementor-toggle-item\">\n\t\t\t\t\t<div id=\"elementor-tab-title-1941\" class=\"elementor-tab-title\" data-tab=\"1\" role=\"button\" aria-controls=\"elementor-tab-content-1941\" aria-expanded=\"false\">\n\t\t\t\t\t\t\t\t\t\t\t\t<span class=\"elementor-toggle-icon elementor-toggle-icon-left\" aria-hidden=\"true\">\n\t\t\t\t\t\t\t\t\t\t\t\t\t\t\t<span class=\"elementor-toggle-icon-closed\"><i class=\"far fa-caret-square-right\"><\/i><\/span>\n\t\t\t\t\t\t\t\t<span class=\"elementor-toggle-icon-opened\"><i class=\"elementor-toggle-icon-opened fas fa-caret-square-up\"><\/i><\/span>\n\t\t\t\t\t\t\t\t\t\t\t\t\t<\/span>\n\t\t\t\t\t\t\t\t\t\t\t\t<a class=\"elementor-toggle-title\" tabindex=\"0\">Description d\u00e9taill\u00e9e du produit \/ faits sur les suppl\u00e9ments<\/a>\n\t\t\t\t\t<\/div>\n\n\t\t\t\t\t<div id=\"elementor-tab-content-1941\" class=\"elementor-tab-content elementor-clearfix\" data-tab=\"1\" role=\"region\" aria-labelledby=\"elementor-tab-title-1941\"><p class=\"P6\"><span style=\"color: #000000;\"><span class=\"fontstyle01\"><span class=\"fontstyle01 T6\">Vitamin C exerts antihistamine activity which helps directly in the treatment of allergies. Vitamin C increases the function of many immune cells including T cells and phagocytes (which destroy invader cells). As an antioxidant, ascorbic acid can protect cells from reactive oxygen species known to cause tissue damage and \u00a0\u200b\u200b\u200b\u200b\u00a0disease. \u200b\u200b\u00a0<\/span><\/span><span class=\"Default_20_Paragraph_20_Font\"><span class=\"Default_20_Paragraph_20_Font T3\"><br \/><\/span><\/span><span class=\"fontstyle01\"><span class=\"fontstyle01 T6\">La querc\u00e9tine, trouv\u00e9e dans les cynorrhodons, fournit le plus haut degr\u00e9 d&#039;activit\u00e9 anti-allergique de tous les bioflavono\u00efdes. La querc\u00e9tine stabilise les mastocytes, qui r\u00e9gissent la gravit\u00e9 des r\u00e9actions allergiques. La querc\u00e9tine rend les mastocytes moins r\u00e9actifs aux allerg\u00e8nes, ce qui entra\u00eene une r\u00e9duction de la lib\u00e9ration d&#039;histamine en pr\u00e9sence d&#039;un allerg\u00e8ne et une r\u00e9duction cons\u00e9quente des sympt\u00f4mes d&#039;allergies. Il exerce des effets anti-inflammatoires qui retardent le gonflement des poumons, des yeux et des voies nasales, et il exerce des effets anti-histaminiques qui aident \u00e0 pr\u00e9venir l&#039;\u00e9coulement nasal et le larmoiement.<\/span><\/span><\/span><\/p><p class=\"P5\"><span class=\"Default_20_Paragraph_20_Font\"><span class=\"Default_20_Paragraph_20_Font T4\">\u00a0<\/span><\/span><\/p><p>\u00a0<\/p><table width=\"477\"><tbody><tr><td width=\"252\"><p><span style=\"color: #000000;\"><strong>Portion: 1 comprim\u00e9<\/strong><\/span><\/p><\/td><td width=\"113\"><p><span style=\"color: #000000;\"><strong>\u00a0<\/strong><\/span><\/p><\/td><td width=\"112\"><p><span style=\"color: #000000;\"><strong>\u00a0<\/strong><\/span><\/p><\/td><\/tr><tr><td width=\"252\"><p><span style=\"color: #000000;\"><strong>\u00a0<\/strong><\/span><\/p><\/td><td width=\"113\"><p><span style=\"color: #000000;\"><strong>Quantit\u00e9 par portion<\/strong><\/span><\/p><\/td><td width=\"112\"><p><span style=\"color: #000000;\"><strong>% Valeur journali\u00e8re<\/strong><\/span><\/p><\/td><\/tr><tr><td width=\"252\"><p><span style=\"color: #000000;\">Vitamine C (sous forme d&#039;acide ascorbique)<\/span><\/p><\/td><td width=\"113\"><p><span style=\"color: #000000;\">500 mg<\/span><\/p><\/td><td width=\"112\"><p><span style=\"color: #000000;\">833%<\/span><\/p><\/td><\/tr><tr><td width=\"252\"><p><span style=\"color: #000000;\">Cynorrhodon (Rose cania)(fruit)<\/span><\/p><\/td><td width=\"113\"><p><span style=\"color: #000000;\">25 mg<\/span><\/p><\/td><td width=\"112\"><p><span style=\"color: #000000;\">*<\/span><\/p><\/td><\/tr><tr><td width=\"252\"><p><span style=\"color: #000000;\">*Valeur quotidienne non \u00e9tablie<\/span><\/p><\/td><td width=\"113\">\u00a0<\/td><td width=\"112\">\u00a0<\/td><\/tr><tr><td width=\"252\">\u00a0<\/td><td width=\"113\">\u00a0<\/td><td width=\"112\">\u00a0<\/td><\/tr><tr><td colspan=\"3\" width=\"477\"><p><span style=\"color: #000000;\">Autres ingr\u00e9dients\u00a0: lactos\u00e9rum, acide st\u00e9arique, st\u00e9arate de magn\u00e9sium, croscamellose sodique, dioxyde de silicium, gla\u00e7age pharmaceutique<\/span><\/p><\/td><\/tr><\/tbody><\/table><\/div>\n\t\t\t\t<\/div>\n\t\t\t\t\t\t\t<div class=\"elementor-toggle-item\">\n\t\t\t\t\t<div id=\"elementor-tab-title-1942\" class=\"elementor-tab-title\" data-tab=\"2\" role=\"button\" aria-controls=\"elementor-tab-content-1942\" aria-expanded=\"false\">\n\t\t\t\t\t\t\t\t\t\t\t\t<span class=\"elementor-toggle-icon elementor-toggle-icon-left\" aria-hidden=\"true\">\n\t\t\t\t\t\t\t\t\t\t\t\t\t\t\t<span class=\"elementor-toggle-icon-closed\"><i class=\"far fa-caret-square-right\"><\/i><\/span>\n\t\t\t\t\t\t\t\t<span class=\"elementor-toggle-icon-opened\"><i class=\"elementor-toggle-icon-opened fas fa-caret-square-up\"><\/i><\/span>\n\t\t\t\t\t\t\t\t\t\t\t\t\t<\/span>\n\t\t\t\t\t\t\t\t\t\t\t\t<a class=\"elementor-toggle-title\" tabindex=\"0\">..<\/a>\n\t\t\t\t\t<\/div>\n\n\t\t\t\t\t<div id=\"elementor-tab-content-1942\" class=\"elementor-tab-content elementor-clearfix\" data-tab=\"2\" role=\"region\" aria-labelledby=\"elementor-tab-title-1942\"><\/div>\n\t\t\t\t<\/div>\n\t\t\t\t\t\t\t\t<\/div>\n\t\t\t\t\t\t<\/div>\n\t\t\t\t<\/div>\n\t\t\t\t\t<\/div>\n\t\t<\/div>\n\t\t\t\t\t<\/div>\n\t\t<\/section>\n\t\t\t\t<\/div>","protected":false},"excerpt":{"rendered":"<p><a href=\"https:\/\/www.naturesgiftforlife.com\/fr\/shop\/\">https:\/\/www.naturesgiftforlife.com\/shop<\/a><a name=\"buy\"><\/a><\/p>\n<p><span style=\"text-decoration: underline; color: #3366ff;\"><strong>Avantages de ce produit pour les allergies\u00a0<\/strong><\/span><\/p>\n<ul>\n<li><strong><span style=\"font-family: go;\"> Vitamine C Rose Hips (Allergies)<\/span><\/strong><\/li>\n<li><strong><span style=\"font-family: go;\">E<span class=\"fontstyle0\">xert l&#039;activit\u00e9 antihistaminique qui aide directement dans le traitement des allergies<\/span><\/span><\/strong><\/li>\n<li><strong><span class=\"fontstyle0\" style=\"font-family: go;\">Contient de la querc\u00e9tine qui stabilise les mastocytes qui r\u00e9gissent la gravit\u00e9 de la r\u00e9action allergique<\/span><\/strong><\/li>\n<\/ul>\n<p><strong>\u00a0\u00a0\u00a0\u00a0\u00a0 &gt;&gt;&gt;<span style=\"font-family: go; font-size: 14pt;\"><a href=\"#more\"><span style=\"color: #0000ff;\">Lire la suite<\/span><\/a><\/span><\/strong><\/p>","protected":false},"featured_media":505,"comment_status":"open","ping_status":"closed","template":"","meta":{"nf_dc_page":"","_bbp_topic_count":0,"_bbp_reply_count":0,"_bbp_total_topic_count":0,"_bbp_total_reply_count":0,"_bbp_voice_count":0,"_bbp_anonymous_reply_count":0,"_bbp_topic_count_hidden":0,"_bbp_reply_count_hidden":0,"_bbp_forum_subforum_count":0},"product_brand":[],"product_cat":[111],"product_tag":[],"class_list":{"0":"post-2136","1":"product","2":"type-product","3":"status-publish","4":"has-post-thumbnail","6":"product_cat-allergies","8":"first","9":"instock","10":"shipping-taxable","11":"purchasable","12":"product-type-bundle"},"bundled_by":[],"bundle_stock_status":"instock","bundle_stock_quantity":"","bundle_virtual":false,"bundle_layout":"default","bundle_add_to_cart_form_location":"default","bundle_editable_in_cart":false,"bundle_sold_individually_context":"product","bundle_item_grouping":"noindent","bundle_min_size":"","bundle_max_size":"","bundled_items":[{"bundled_item_id":8,"product_id":358,"menu_order":0,"quantity_min":1,"quantity_max":"","quantity_default":1,"priced_individually":false,"shipped_individually":false,"override_title":false,"title":"","override_description":false,"description":"","optional":true,"hide_thumbnail":false,"discount":"","override_variations":false,"allowed_variations":[],"override_default_variation_attributes":false,"default_variation_attributes":[],"single_product_visibility":"hidden","cart_visibility":"hidden","order_visibility":"visible","single_product_price_visibility":"visible","cart_price_visibility":"visible","order_price_visibility":"visible","stock_status":"out_of_stock"}],"bundle_sell_ids":[],"_links":{"self":[{"href":"https:\/\/www.naturesgiftforlife.com\/fr\/wp-json\/wp\/v2\/product\/2136","targetHints":{"allow":["GET"]}}],"collection":[{"href":"https:\/\/www.naturesgiftforlife.com\/fr\/wp-json\/wp\/v2\/product"}],"about":[{"href":"https:\/\/www.naturesgiftforlife.com\/fr\/wp-json\/wp\/v2\/types\/product"}],"replies":[{"embeddable":true,"href":"https:\/\/www.naturesgiftforlife.com\/fr\/wp-json\/wp\/v2\/comments?post=2136"}],"version-history":[{"count":0,"href":"https:\/\/www.naturesgiftforlife.com\/fr\/wp-json\/wp\/v2\/product\/2136\/revisions"}],"wp:featuredmedia":[{"embeddable":true,"href":"https:\/\/www.naturesgiftforlife.com\/fr\/wp-json\/wp\/v2\/media\/505"}],"wp:attachment":[{"href":"https:\/\/www.naturesgiftforlife.com\/fr\/wp-json\/wp\/v2\/media?parent=2136"}],"wp:term":[{"taxonomy":"product_brand","embeddable":true,"href":"https:\/\/www.naturesgiftforlife.com\/fr\/wp-json\/wp\/v2\/product_brand?post=2136"},{"taxonomy":"product_cat","embeddable":true,"href":"https:\/\/www.naturesgiftforlife.com\/fr\/wp-json\/wp\/v2\/product_cat?post=2136"},{"taxonomy":"product_tag","embeddable":true,"href":"https:\/\/www.naturesgiftforlife.com\/fr\/wp-json\/wp\/v2\/product_tag?post=2136"}],"curies":[{"name":"wp","href":"https:\/\/api.w.org\/{rel}","templated":true}]}}