{"id":20131,"date":"2022-08-12T10:15:38","date_gmt":"2022-08-12T10:15:38","guid":{"rendered":"https:\/\/www.naturesgiftforlife.com\/?post_type=product&#038;p=20131"},"modified":"2023-08-08T14:55:37","modified_gmt":"2023-08-08T14:55:37","slug":"collagen-peptide","status":"publish","type":"product","link":"https:\/\/www.naturesgiftforlife.com\/fr\/shop\/collagen-peptide\/","title":{"rendered":"Collagen Peptides 1000MG"},"content":{"rendered":"<div data-elementor-type=\"wp-post\" data-elementor-id=\"20131\" class=\"elementor elementor-20131\">\n\t\t\t\t\t\t<section class=\"elementor-section elementor-top-section elementor-element elementor-element-cc27698 elementor-section-boxed elementor-section-height-default elementor-section-height-default\" data-id=\"cc27698\" data-element_type=\"section\" data-e-type=\"section\">\n\t\t\t\t\t\t<div class=\"elementor-container elementor-column-gap-default\">\n\t\t\t\t\t<div class=\"elementor-column elementor-col-100 elementor-top-column elementor-element elementor-element-3f9a6dd\" data-id=\"3f9a6dd\" data-element_type=\"column\" data-e-type=\"column\">\n\t\t\t<div class=\"elementor-widget-wrap elementor-element-populated\">\n\t\t\t\t\t\t<div class=\"elementor-element elementor-element-2d595ae elementor-widget elementor-widget-html\" data-id=\"2d595ae\" data-element_type=\"widget\" data-e-type=\"widget\" data-widget_type=\"html.default\">\n\t\t\t\t<div class=\"elementor-widget-container\">\n\t\t\t\t\t<a name=\"more\"><\/a>\t\t\t\t<\/div>\n\t\t\t\t<\/div>\n\t\t\t\t<div class=\"elementor-element elementor-element-245bc20 elementor-invisible elementor-widget elementor-widget-toggle\" data-id=\"245bc20\" data-element_type=\"widget\" data-e-type=\"widget\" data-settings=\"{&quot;_animation&quot;:&quot;flash&quot;}\" data-widget_type=\"toggle.default\">\n\t\t\t\t<div class=\"elementor-widget-container\">\n\t\t\t\t\t\t\t<div class=\"elementor-toggle\">\n\t\t\t\t\t\t\t<div class=\"elementor-toggle-item\">\n\t\t\t\t\t<div id=\"elementor-tab-title-3811\" class=\"elementor-tab-title\" data-tab=\"1\" role=\"button\" aria-controls=\"elementor-tab-content-3811\" aria-expanded=\"false\">\n\t\t\t\t\t\t\t\t\t\t\t\t<span class=\"elementor-toggle-icon elementor-toggle-icon-left\" aria-hidden=\"true\">\n\t\t\t\t\t\t\t\t\t\t\t\t\t\t\t<span class=\"elementor-toggle-icon-closed\"><i class=\"far fa-caret-square-right\"><\/i><\/span>\n\t\t\t\t\t\t\t\t<span class=\"elementor-toggle-icon-opened\"><i class=\"elementor-toggle-icon-opened fas fa-caret-square-up\"><\/i><\/span>\n\t\t\t\t\t\t\t\t\t\t\t\t\t<\/span>\n\t\t\t\t\t\t\t\t\t\t\t\t<a class=\"elementor-toggle-title\" tabindex=\"0\">Description d\u00e9taill\u00e9e du produit \/ faits sur les suppl\u00e9ments<\/a>\n\t\t\t\t\t<\/div>\n\n\t\t\t\t\t<div id=\"elementor-tab-content-3811\" class=\"elementor-tab-content elementor-clearfix\" data-tab=\"1\" role=\"region\" aria-labelledby=\"elementor-tab-title-3811\"><p><span style=\"color: #000000;\"><strong>Collagen Peptide Benefits<\/strong><\/span><\/p><ul><li>It promotes heart health, prevent the development of atherosclerosis,\u00a0and can improve general health and function of the arteries.<\/li><li>Some studies show that it reduces hyperpigmentation and improve skin barrier function.<\/li><li>Because of its anti-inflammatory properties, it help heal wounds by attracting new skin cells to the wound site and provides a platform for new tissue growth.<\/li><li>Has a positive effects on tendon flexibility, ligaments stability.\u00a0<\/li><\/ul><p style=\"text-align: center;\"><a class=\"buy\" href=\"#buy\"><strong>ALLER ACHETER MAINTENANT<\/strong><\/a><\/p><p><span style=\"font-size: 18pt; color: #333333;\">La description <\/span><\/p><p><span style=\"color: #000000;\">Collagen Peptides are characterized by their particular molecular weight distribution profile and high bioavailability. They are pure sources of collagen protein amino acids that are rapidly digested and fully utilized by the body. Collagen Peptides are also non-allergenic. Due to their unique functionality Collagen Peptides are ideal protein solutions for a variety of food and health &amp; nutrition applications.<\/span><\/p><p style=\"text-align: center;\"><a class=\"buy\" href=\"#buy\"><strong>ALLER ACHETER MAINTENANT<\/strong><\/a><\/p><p><span style=\"color: #000000;\">Collagen is a major component of the human body making up about 30 % of our total body protein. Collagen is crucial for mobile joints, stable bones, healthy muscles, strong ligaments and tendons, smooth skin, glossy hair and healthy finger nails. It is one of the primary structural proteins of connective tissues and also abundant in blood vessels, intervertebral discs, the blood brain barrier, the cornea, dentin and the intestinal wall a vital component of our whole body.<\/span><\/p><p><span style=\"color: #000000;\">The body requires a balance of different amino acids to maintain optimal function, structure and health. A well-balanced, high quality protein diet can meet the basic needs for all the essential amino acids. But, as people today live a dynamic and more active lifestyle, also aspiring to live longer and in good health, extra demands are put on the body, notably on the structure of the connective tissue.<\/span><\/p><p style=\"text-align: center;\"><a class=\"buy\" href=\"#buy\"><strong>ALLER ACHETER MAINTENANT<\/strong><\/a><\/p><p><span style=\"color: #000000;\">These extra demands may increase the needs for collagen amino acids to amounts that are above the normal intakes through today\u2019s diets, and beyond the body\u2019s capacity to produce such conditionally essential amino acids at the rates required<\/span><\/p><p><span style=\"color: #000000;\">However, people are increasingly adopting a diet that is low in collagen. For example, collagen can be completely absent from the diet of vegetarians and vegans, or significantly reduced in diets that allow only for the lean cuts of meat, creating a real need for alternative ways to consume collagen amino acids naturally, such as in high protein bars, shakes or drinks.<\/span><\/p><p style=\"text-align: center;\"><a class=\"buy\" href=\"#buy\"><strong>ALLER ACHETER MAINTENANT<\/strong><\/a><\/p><p><span style=\"font-size: 18pt; color: #000000;\"><strong>Pr\u00e9sentation<\/strong>: Flacon de 90 g\u00e9lules\u00a0<\/span><\/p><table><tbody><tr><td colspan=\"3\" width=\"779\"><p><span style=\"color: #000000;\"><strong>Serving size 2\u00a0\u00a0\u00a0\u00a0\u00a0\u00a0\u00a0\u00a0\u00a0\u00a0\u00a0\u00a0\u00a0\u00a0\u00a0\u00a0\u00a0\u00a0\u00a0\u00a0\u00a0\u00a0\u00a0\u00a0\u00a0\u00a0\u00a0\u00a0\u00a0\u00a0 \u00a0\u00a0\u00a0\u00a0\u00a0\u00a0\u00a0\u00a0\u00a0\u00a0\u00a0\u00a0\u00a0\u00a0\u00a0\u00a0\u00a0\u00a0\u00a0\u00a0\u00a0\u00a0\u00a0\u00a0\u00a0\u00a0\u00a0\u00a0\u00a0\u00a0\u00a0\u00a0\u00a0\u00a0\u00a0\u00a0\u00a0\u00a0\u00a0\u00a0\u00a0\u00a0\u00a0\u00a0\u00a0serving per container 45<\/strong><\/span><\/p><\/td><\/tr><tr><td width=\"390\"><p><span style=\"color: #000000;\"><strong>Ingr\u00e9dients <\/strong><\/span><\/p><\/td><td width=\"210\"><p><span style=\"color: #000000;\"><strong>Quantit\u00e9 par portion <\/strong><\/span><\/p><\/td><td width=\"180\"><p><span style=\"color: #000000;\"><strong>% valeurs quotidiennes <\/strong><\/span><\/p><\/td><\/tr><tr><td width=\"390\"><p><span style=\"color: #000000;\">Collagen peptides (hydrolyzed (bovine))<\/span><\/p><\/td><td width=\"210\"><p><span style=\"color: #000000;\">1000mg<\/span><\/p><\/td><td width=\"180\"><p><span style=\"color: #000000;\">*<\/span><\/p><\/td><\/tr><tr><td colspan=\"3\" width=\"779\"><p><span style=\"color: #000000;\">*daily values not established.<\/span><\/p><p><span style=\"color: #000000;\"><strong>Autres ingr\u00e9dients<\/strong>: g\u00e9latine et poudre de riz, contient : Sans ar\u00f4me artificiel, conservateurs, levure, ma\u00efs, d\u00e9riv\u00e9s du lait, sucre, gluten, sel, sodium, lactose, amidon<\/span><\/p><\/td><\/tr><\/tbody><\/table><p><span style=\"color: #000000;\"><strong>Posology:<\/strong> Adults take 1 to 4 capsules a day as a dietary supplement.\u00a0<\/span><\/p><p><span style=\"color: #000000;\"><strong>Indication:<\/strong> Aging skin\u00a0osteoarthritis, osteoporosis,\u00a0brittle nails, muscle strength, hair strength, wrinkled skin, dry skin, acne, dark spots, hyperpigmentation, fine lines and inflammation.<\/span><\/p><p><span style=\"color: #000000;\"><strong>SUBSTITUDES: <\/strong>Ng4l Super collagen, Ng4l Glow skin,<\/span><\/p><p style=\"text-align: center;\"><a class=\"buy\" href=\"#buy\"><strong>ALLER ACHETER MAINTENANT<\/strong><\/a><\/p><p><span style=\"color: #000000; font-size: 14pt;\"><strong>People Who Take This Also Take<\/strong><\/span><\/p><p><span style=\"color: #000000;\"><strong>Hair Skin and Nail:<\/strong> Ng4l Hair Skin Nails, Ng4l Hair Pus, Ng4l Spirulina, Ng4l calcium supreme, Ng4l calmagzn,<\/span><\/p><p><span style=\"color: #000000;\">For Arthritis:<strong> Ng4l Shark Cartilage<\/strong>, Ng4l Arthritis Joint Formula, Ng4l Turmeric Curcumin, Ng4l Alpha Lipoic Acid.<\/span><\/p><p><span style=\"color: #000000;\"><strong>Anti-inflammatory:<\/strong> Ng4l Bromelain, Ng4l Turmeric Curcumin, Ng4l Serra Fibro, <strong>Ng4l Ns Fibrin<\/strong>, ng4l Pain Relief.<\/span><\/p><p style=\"text-align: center;\"><a class=\"buy\" href=\"#buy\"><strong>ALLER ACHETER MAINTENANT<\/strong><\/a><\/p><\/div>\n\t\t\t\t<\/div>\n\t\t\t\t\t\t\t<div class=\"elementor-toggle-item\">\n\t\t\t\t\t<div id=\"elementor-tab-title-3812\" class=\"elementor-tab-title\" data-tab=\"2\" role=\"button\" aria-controls=\"elementor-tab-content-3812\" aria-expanded=\"false\">\n\t\t\t\t\t\t\t\t\t\t\t\t<span class=\"elementor-toggle-icon elementor-toggle-icon-left\" aria-hidden=\"true\">\n\t\t\t\t\t\t\t\t\t\t\t\t\t\t\t<span class=\"elementor-toggle-icon-closed\"><i class=\"far fa-caret-square-right\"><\/i><\/span>\n\t\t\t\t\t\t\t\t<span class=\"elementor-toggle-icon-opened\"><i class=\"elementor-toggle-icon-opened fas fa-caret-square-up\"><\/i><\/span>\n\t\t\t\t\t\t\t\t\t\t\t\t\t<\/span>\n\t\t\t\t\t\t\t\t\t\t\t\t<a class=\"elementor-toggle-title\" tabindex=\"0\">..<\/a>\n\t\t\t\t\t<\/div>\n\n\t\t\t\t\t<div id=\"elementor-tab-content-3812\" class=\"elementor-tab-content elementor-clearfix\" data-tab=\"2\" role=\"region\" aria-labelledby=\"elementor-tab-title-3812\"><\/div>\n\t\t\t\t<\/div>\n\t\t\t\t\t\t\t\t<\/div>\n\t\t\t\t\t\t<\/div>\n\t\t\t\t<\/div>\n\t\t\t\t\t<\/div>\n\t\t<\/div>\n\t\t\t\t\t<\/div>\n\t\t<\/section>\n\t\t\t\t<\/div>","protected":false},"excerpt":{"rendered":"<p><a name=\"buy\"><\/a>\u00a0<strong>Collagen peptide.<\/strong><\/p>\n<ul>\n<li>It is a safe and effective way to reduce visible signs of aging like age spots, wrinkles, sun damage, and fine lines.<\/li>\n<li>Improvement or maintenance of bone integrity metabolism.<\/li>\n<li>Keeps the muscles strong and functioning properly. It\u00a0boost muscle integrity in people with sarcopenia; the loss of muscle mass that happens with age.<\/li>\n<li>Richly supplied with powerful antioxidant that offers the skin protection from the sun\u2019s UV rays and helps eliminate free radicals<\/li>\n<li>Help maintain hydrated skin.<\/li>\n<li>Some studies show that it reduces hyperpigmentation and improve skin barrier function.<\/li>\n<\/ul>\n<p><strong>\u00a0\u00a0\u00a0\u00a0\u00a0\u00a0 &gt;&gt;&gt;<span style=\"font-family: go; font-size: 14pt;\"><a href=\"#more\"><span style=\"color: #0000ff;\">Lire la suite<\/span><\/a><\/span><\/strong><\/p>","protected":false},"featured_media":20136,"comment_status":"open","ping_status":"closed","template":"","meta":{"nf_dc_page":"","_bbp_topic_count":0,"_bbp_reply_count":0,"_bbp_total_topic_count":0,"_bbp_total_reply_count":0,"_bbp_voice_count":0,"_bbp_anonymous_reply_count":0,"_bbp_topic_count_hidden":0,"_bbp_reply_count_hidden":0,"_bbp_forum_subforum_count":0},"product_brand":[],"product_cat":[33,32],"product_tag":[],"class_list":{"0":"post-20131","1":"product","2":"type-product","3":"status-publish","4":"has-post-thumbnail","6":"product_cat-all-products","7":"product_cat-special-products","9":"first","10":"instock","11":"shipping-taxable","12":"purchasable","13":"product-type-simple"},"bundled_by":[],"bundle_stock_status":"instock","bundle_stock_quantity":null,"bundle_virtual":false,"bundle_layout":"","bundle_add_to_cart_form_location":"","bundle_editable_in_cart":false,"bundle_sold_individually_context":"","bundle_item_grouping":"","bundle_min_size":"","bundle_max_size":"","bundled_items":[],"bundle_sell_ids":[],"_links":{"self":[{"href":"https:\/\/www.naturesgiftforlife.com\/fr\/wp-json\/wp\/v2\/product\/20131","targetHints":{"allow":["GET"]}}],"collection":[{"href":"https:\/\/www.naturesgiftforlife.com\/fr\/wp-json\/wp\/v2\/product"}],"about":[{"href":"https:\/\/www.naturesgiftforlife.com\/fr\/wp-json\/wp\/v2\/types\/product"}],"replies":[{"embeddable":true,"href":"https:\/\/www.naturesgiftforlife.com\/fr\/wp-json\/wp\/v2\/comments?post=20131"}],"version-history":[{"count":0,"href":"https:\/\/www.naturesgiftforlife.com\/fr\/wp-json\/wp\/v2\/product\/20131\/revisions"}],"wp:featuredmedia":[{"embeddable":true,"href":"https:\/\/www.naturesgiftforlife.com\/fr\/wp-json\/wp\/v2\/media\/20136"}],"wp:attachment":[{"href":"https:\/\/www.naturesgiftforlife.com\/fr\/wp-json\/wp\/v2\/media?parent=20131"}],"wp:term":[{"taxonomy":"product_brand","embeddable":true,"href":"https:\/\/www.naturesgiftforlife.com\/fr\/wp-json\/wp\/v2\/product_brand?post=20131"},{"taxonomy":"product_cat","embeddable":true,"href":"https:\/\/www.naturesgiftforlife.com\/fr\/wp-json\/wp\/v2\/product_cat?post=20131"},{"taxonomy":"product_tag","embeddable":true,"href":"https:\/\/www.naturesgiftforlife.com\/fr\/wp-json\/wp\/v2\/product_tag?post=20131"}],"curies":[{"name":"wp","href":"https:\/\/api.w.org\/{rel}","templated":true}]}}