{"id":20077,"date":"2022-06-21T13:44:45","date_gmt":"2022-06-21T13:44:45","guid":{"rendered":"https:\/\/www.naturesgiftforlife.com\/?post_type=product&#038;p=20077"},"modified":"2023-08-08T15:04:16","modified_gmt":"2023-08-08T15:04:16","slug":"super-moringa","status":"publish","type":"product","link":"https:\/\/www.naturesgiftforlife.com\/fr\/shop\/super-moringa\/","title":{"rendered":"Super Moringa Extract"},"content":{"rendered":"<div data-elementor-type=\"wp-post\" data-elementor-id=\"20077\" class=\"elementor elementor-20077\">\n\t\t\t\t\t\t<section class=\"elementor-section elementor-top-section elementor-element elementor-element-cc27698 elementor-section-boxed elementor-section-height-default elementor-section-height-default\" data-id=\"cc27698\" data-element_type=\"section\" data-e-type=\"section\">\n\t\t\t\t\t\t<div class=\"elementor-container elementor-column-gap-default\">\n\t\t\t\t\t<div class=\"elementor-column elementor-col-100 elementor-top-column elementor-element elementor-element-3f9a6dd\" data-id=\"3f9a6dd\" data-element_type=\"column\" data-e-type=\"column\">\n\t\t\t<div class=\"elementor-widget-wrap elementor-element-populated\">\n\t\t\t\t\t\t<div class=\"elementor-element elementor-element-2d595ae elementor-widget elementor-widget-html\" data-id=\"2d595ae\" data-element_type=\"widget\" data-e-type=\"widget\" data-widget_type=\"html.default\">\n\t\t\t\t<div class=\"elementor-widget-container\">\n\t\t\t\t\t<a name=\"more\"><\/a>\t\t\t\t<\/div>\n\t\t\t\t<\/div>\n\t\t\t\t<div class=\"elementor-element elementor-element-245bc20 elementor-invisible elementor-widget elementor-widget-toggle\" data-id=\"245bc20\" data-element_type=\"widget\" data-e-type=\"widget\" data-settings=\"{&quot;_animation&quot;:&quot;flash&quot;}\" data-widget_type=\"toggle.default\">\n\t\t\t\t<div class=\"elementor-widget-container\">\n\t\t\t\t\t\t\t<div class=\"elementor-toggle\">\n\t\t\t\t\t\t\t<div class=\"elementor-toggle-item\">\n\t\t\t\t\t<div id=\"elementor-tab-title-3811\" class=\"elementor-tab-title\" data-tab=\"1\" role=\"button\" aria-controls=\"elementor-tab-content-3811\" aria-expanded=\"false\">\n\t\t\t\t\t\t\t\t\t\t\t\t<span class=\"elementor-toggle-icon elementor-toggle-icon-left\" aria-hidden=\"true\">\n\t\t\t\t\t\t\t\t\t\t\t\t\t\t\t<span class=\"elementor-toggle-icon-closed\"><i class=\"far fa-caret-square-right\"><\/i><\/span>\n\t\t\t\t\t\t\t\t<span class=\"elementor-toggle-icon-opened\"><i class=\"elementor-toggle-icon-opened fas fa-caret-square-up\"><\/i><\/span>\n\t\t\t\t\t\t\t\t\t\t\t\t\t<\/span>\n\t\t\t\t\t\t\t\t\t\t\t\t<a class=\"elementor-toggle-title\" tabindex=\"0\">Description d\u00e9taill\u00e9e du produit \/ faits sur les suppl\u00e9ments<\/a>\n\t\t\t\t\t<\/div>\n\n\t\t\t\t\t<div id=\"elementor-tab-content-3811\" class=\"elementor-tab-content elementor-clearfix\" data-tab=\"1\" role=\"region\" aria-labelledby=\"elementor-tab-title-3811\"><p><span style=\"color: #000000;\"><strong>Avantages<\/strong><\/span><\/p><ul><li>Promotes proper digestion<\/li><li>Acts as an antioxidant<\/li><li>Takes care of the immune system of the body<\/li><li>Promotes healthy circulatory system<\/li><li>It is an anti-inflammatory<\/li><li>Gives a feeling of general wellness<\/li><li>Supports the normal sugar levels of the body.<\/li><\/ul><p style=\"text-align: center;\"><a class=\"buy\" href=\"#buy\"><strong>ALLER ACHETER MAINTENANT<\/strong><\/a><\/p><p><strong>Amino acids are the building blocks of protein.<\/strong> Just as different letters of the alphabet are used to form different words, so are different amino acids used to build different proteins.<\/p><p>The human body is capable of manufacturing only 12 of the 20 different amino acids needed to build proteins used to grow, repair, and maintain cells.\u00a0 The other eight are known as\u00a0<strong>essential amino acids<\/strong> because since the body cannot manufacture them, they<strong>must come from a person\u2019s diet, <\/strong>usually red meat or dairy products.<\/p><p>This is not as simple as it sounds since\u00a0<strong>frequently the full range of amino acids a body needs to be healthy are lacking in our food.<\/strong> As one pharmacist noted, \u201cI see a lot of overweight people, but they\u2019re all malnourished.\u201d<\/p><p>Car <strong>Moringa Tea, is naturally packed with 18 of the 20 amino acids<\/strong> which are highly absorbable and absolutely crucial to good health.\u00a0 According to clinical pharmacologist, Dr. Monica G. Marcu,\u00a0<strong>\u201cAmino acids are best absorbed from a complex, naturally occurring food or plant source.\u201d<\/strong> Ann Hirsch, PhD, Professor of Botany at University of California, Los Angeles, concurs saying,<strong> \u201cOne of the things that impresses me most about Moringa is the fact that it has the full complement of the essential amino acids that humans beings need; there are eight of them that we cannot synthesize, so we have to get them from our food.\u201d <\/strong>Moringa is one of very few plants that contain all eight essential amino acids;<\/p><p style=\"text-align: center;\"><a class=\"buy\" href=\"#buy\"><strong>ALLER ACHETER MAINTENANT<\/strong><\/a><\/p><p><strong>Phytonutrients <\/strong><\/p><p>Le terme <em>\u201cphyto\u201d<\/em> originated from a Greek word meaning plant.\u00a0 Phytonutrients are certain organic components of plants, and these components are thought to promote human health.\u00a0 Fruits, vegetables, grains, legumes, nuts, and teas are rich sources of phytonutrients.\u00a0 Unlike the traditional nutrients (protein, fat, vitamins, minerals), phytonutrients are not \u201cessential\u201d for life, so some people prefer the term \u201cphytochemical.\u201d<\/p><p>Rui Hai Liu, M.D., Ph.D., Associate Professor of Food Science at Cornell University, has examined antioxidant activity in various fruits. \u00a0 Dr. Liu estimates there are probably thousands of phytonutrinets in plant foods, and that each one works with others to perform many protective functions.\u00a0 These include stimulating the immune system, warding off damage from free radicals and putting the brakes on cell growth.<\/p><p style=\"text-align: center;\"><a class=\"buy\" href=\"#buy\"><strong>ALLER ACHETER MAINTENANT<\/strong><\/a><\/p><p><strong>Sant\u00e9 de la peau<\/strong><\/p><p>In 2004, consumers spent $44.6 billion on anti-aging products and services, with that amount expected to nearly double by 2009.\u00a0 Skin care products dominate the anti-aging retail market, controlling 52% of retail sales.\u00a0 The force behind this anti-aging boom is the routine of applying and reapplying topical agents.\u00a0 However, these topical remedies for sagging skin are not permanent as the skin regenerates itself every 28 days, requiring continued use of topical agents to maintain their effectiveness.<\/p><p>The cellular turnover cycle that was 28 days in your youth expands to close to 35 days by your 40s.\u00a0 With new skin equaling younger-looking skin, the goal is to speed things up.<\/p><p>A more natural way to support skin health by regenerating new skin cells without the dermabrasion and chemical peels of topical agents is with Cytokinins.\u00a0 <strong>Cytokinins are plant hormones that promote cellular growth and delay the aging process.<\/strong> Cytokinins stimulate cell division, delay the aging and destruction of tissues, protect against cell oxidation, and postpone cell death.\u00a0 Studies are now showing that the potent, protective, anti-aging effects of Cytokinins work the same way in human skin. <strong>When the diet includes these plant nutrients, the body as a whole can fight aging, starting at the cellular level.<\/strong> le <strong>most potent Cytokinin is Zeatin.<\/strong><\/p><p>A study conducted the University of Aarhus, Denmark, in 2004 evaluated the effects of Zeatin on cultured human skin fibroblasts over their life span in lab culture.\u00a0 The results showed that not only does Zeatin not interfere to with the genetic control of cellular life span of a cell, but that it also helps promote small cell size, a key component to more youthful skin. \u00a0 Zeatin also helps with the structural and functional integrity of the cell, and prevents accumulation of macromolecular damage in the cell.\u00a0 The study also found that <strong>Zeatin increases the activity of some antioxidant enzymes counteracting the free radical-induced oxidative damage incurred during cell aging.<\/strong> By preventing damage, antioxidants allow your skin to focus on building new collagen and other tasks (such as getting rid of old skin cells) that keep it looking young.<\/p><p>Dr. Monica Marcu, Pharm. PhD, concurs, \u201cCytokinins have proven to delay biochemical modifications associated with aging in culture human cells.\u00a0 Zeatin protects the skin. When human skin cells are nourished with Zeatin, they retain their functions longer and are more resistant to environmental stresses.\u201d<\/p><p>\u00a0<\/p><p style=\"text-align: center;\"><a class=\"buy\" href=\"#buy\"><strong>ALLER ACHETER MAINTENANT<\/strong><\/a><\/p><p><span style=\"color: #000000;\"><strong><u>Informations nutritionnelles et recommandations\u00a0:<\/u><\/strong><\/span><\/p><ul><li><strong>Nutrient deficiency<\/strong> &#8211; Most people eat too much cooked, processed and nutrient deficient food.\u00a0 In fact, we <strong>Americans are the most overfed and under-nourished people in the world!<\/strong> According to one pharmacist, \u201cI see a lot of overweight people who are all malnourished\u201d.<strong> When you eat nutrient-deficient food,<\/strong> your stomach may be full, but <strong>your body continues to send out the \u2018I\u2019m hungry\u2019 signal. <\/strong>This leads to overeating and weight gain.<\/li><li><strong>Changes in body composition<\/strong> &#8211; As people age, they gradually lose lean muscle mass and develop more fat, a process known as sarcopenia. <strong>Poor food choices and lack of exercise <\/strong>can <strong>accelerate this condition. <\/strong>This is significant because it takes between 25 and 50 calories per day to maintain a pound of lean muscle, whereas it only takes whereas it only takes <strong>2 calories per day to maintain a pound of fat.<\/strong> Over time, this means that the body processes fewer and fewer calories, which in turn leads to weight gain.<\/li><\/ul><p style=\"text-align: center;\"><a class=\"buy\" href=\"#buy\"><strong>ALLER ACHETER MAINTENANT<\/strong><\/a><\/p><p><span style=\"color: #000000;\"><strong>PR\u00c9SENTATION:<\/strong> bo\u00eete de 60 g\u00e9lules<\/span><\/p><table style=\"height: 483px;\" width=\"230\"><tbody><tr><td width=\"507\"><span style=\"color: #000000;\">Taille de la portion : 1 portion par paquet : 60<\/span><\/td><td colspan=\"2\" width=\"280\">\u00a0<\/td><\/tr><tr><td width=\"226\"><span style=\"color: #000000;\">Ingr\u00e9dients<\/span><\/td><td width=\"110\"><span style=\"color: #000000;\">Les dosages<\/span><\/td><td width=\"170\"><span style=\"color: #000000;\">% valeurs quotidiennes<\/span><\/td><\/tr><tr><td width=\"226\"><span style=\"color: #000000;\">Vitamine A (b\u00eata-carot\u00e8ne)<\/span><\/td><td width=\"110\"><span style=\"color: #000000;\">25000 UI<\/span><\/td><td width=\"170\"><span style=\"color: #000000;\">500<\/span><\/td><\/tr><tr><td width=\"226\"><span style=\"color: #000000;\">Vitamine C (acide ascorbique)<\/span><\/td><td width=\"110\"><span style=\"color: #000000;\">500 mg<\/span><\/td><td width=\"170\"><span style=\"color: #000000;\">833<\/span><\/td><\/tr><tr><td width=\"226\"><span style=\"color: #000000;\">Vitamine E (ac\u00e9tate de di-alpha<\/span><br \/><span style=\"color: #000000;\">tocoph\u00e9rol)<\/span><\/td><td width=\"110\"><span style=\"color: #000000;\">400 mg<\/span><\/td><td width=\"170\"><span style=\"color: #000000;\">1 333<\/span><\/td><\/tr><tr><td width=\"226\"><span style=\"color: #000000;\">Vitamine B2 (riboflavine)<\/span><\/td><td width=\"110\"><span style=\"color: #000000;\">50 mg<\/span><\/td><td width=\"170\"><span style=\"color: #000000;\">2941<\/span><\/td><\/tr><tr><td width=\"226\"><span style=\"color: #000000;\">Vitamine B3 (niacine)<\/span><\/td><td width=\"110\"><span style=\"color: #000000;\">250 mg<\/span><\/td><td width=\"170\"><span style=\"color: #000000;\">50<\/span><\/td><\/tr><tr><td width=\"226\"><span style=\"color: #000000;\">Zinc<\/span><\/td><td width=\"110\"><span style=\"color: #000000;\">80mg<\/span><\/td><td width=\"170\"><span style=\"color: #000000;\">533<\/span><\/td><\/tr><tr><td width=\"226\"><span style=\"color: #000000;\">S\u00e9l\u00e9nium<\/span><\/td><td width=\"110\"><span style=\"color: #000000;\">100 mcg<\/span><\/td><td width=\"170\"><span style=\"color: #000000;\">1 43<\/span><\/td><\/tr><tr><td width=\"226\"><span style=\"color: #000000;\">Cuivre<\/span><\/td><td width=\"110\"><span style=\"color: #000000;\">1 mg<\/span><\/td><td width=\"170\"><span style=\"color: #000000;\">50<\/span><\/td><\/tr><tr><td width=\"226\"><span style=\"color: #000000;\">acide alpha-lipo\u00efque<\/span><\/td><td width=\"110\"><span style=\"color: #000000;\">1 50mg<\/span><\/td><td>\u00a0<\/td><\/tr><tr><td width=\"226\"><span style=\"color: #000000;\">Querc\u00e9tine<\/span><\/td><td width=\"110\"><span style=\"color: #000000;\">100 mg<\/span><\/td><td>\u00a0<\/td><\/tr><tr><td width=\"226\"><span style=\"color: #000000;\">Lut\u00e9ine<\/span><\/td><td width=\"110\"><span style=\"color: #000000;\">1 0mg<\/span><\/td><td>\u00a0<\/td><\/tr><tr><td width=\"226\"><span style=\"color: #000000;\">Extrait de myrtille (std \u00e0 25% anthocyanosides) %<\/span><\/td><td width=\"110\"><span style=\"color: #000000;\">1 0 mg<\/span><\/td><td width=\"170\"><span style=\"color: #000000;\">25<\/span><\/td><\/tr><tr><td width=\"507\"><span style=\"color: #000000;\">Autres ingr\u00e9dients : g\u00e9latine, dioxyde de silicone, st\u00e9arate de magn\u00e9sium<\/span><\/td><td>\u00a0<\/td><td>\u00a0<\/td><\/tr><\/tbody><\/table><p><strong>\u00a0<\/strong><\/p><\/div>\n\t\t\t\t<\/div>\n\t\t\t\t\t\t\t<div class=\"elementor-toggle-item\">\n\t\t\t\t\t<div id=\"elementor-tab-title-3812\" class=\"elementor-tab-title\" data-tab=\"2\" role=\"button\" aria-controls=\"elementor-tab-content-3812\" aria-expanded=\"false\">\n\t\t\t\t\t\t\t\t\t\t\t\t<span class=\"elementor-toggle-icon elementor-toggle-icon-left\" aria-hidden=\"true\">\n\t\t\t\t\t\t\t\t\t\t\t\t\t\t\t<span class=\"elementor-toggle-icon-closed\"><i class=\"far fa-caret-square-right\"><\/i><\/span>\n\t\t\t\t\t\t\t\t<span class=\"elementor-toggle-icon-opened\"><i class=\"elementor-toggle-icon-opened fas fa-caret-square-up\"><\/i><\/span>\n\t\t\t\t\t\t\t\t\t\t\t\t\t<\/span>\n\t\t\t\t\t\t\t\t\t\t\t\t<a class=\"elementor-toggle-title\" tabindex=\"0\">..<\/a>\n\t\t\t\t\t<\/div>\n\n\t\t\t\t\t<div id=\"elementor-tab-content-3812\" class=\"elementor-tab-content elementor-clearfix\" data-tab=\"2\" role=\"region\" aria-labelledby=\"elementor-tab-title-3812\"><\/div>\n\t\t\t\t<\/div>\n\t\t\t\t\t\t\t\t<\/div>\n\t\t\t\t\t\t<\/div>\n\t\t\t\t<\/div>\n\t\t\t\t\t<\/div>\n\t\t<\/div>\n\t\t\t\t\t<\/div>\n\t\t<\/section>\n\t\t\t\t<\/div>","protected":false},"excerpt":{"rendered":"<p><a name=\"buy\"><\/a><\/p>\n<ul>\n<li>super moringa\u00a0 Increases the Natural Defenses of the body<\/li>\n<li>Provides nourishment to the eyes and the brain.<\/li>\n<li>Promotes metabolism with bio-available ingredients<\/li>\n<li>Promotes the Cell structure of the body<\/li>\n<li>Promotes natural Serum cholesterol.<\/li>\n<li>Lowers the appearance of wrinkles and fine lines.<\/li>\n<li>Promotes the normal functioning of the liver and the kidney.<\/li>\n<li>Beautifies the skin<\/li>\n<li>Promotes energy<\/li>\n<li>Promotes proper digestion<\/li>\n<li>Acts as an antioxidant<\/li>\n<li>Takes care of the immune system of the body<\/li>\n<\/ul>\n<p><strong>\u00a0\u00a0\u00a0\u00a0\u00a0\u00a0 &gt;&gt;&gt;<span style=\"font-family: go; font-size: 14pt;\"><a href=\"#more\"><span style=\"color: #0000ff;\">Lire la suite<\/span><\/a><\/span><\/strong><\/p>","protected":false},"featured_media":20078,"comment_status":"open","ping_status":"closed","template":"","meta":{"nf_dc_page":"","_bbp_topic_count":0,"_bbp_reply_count":0,"_bbp_total_topic_count":0,"_bbp_total_reply_count":0,"_bbp_voice_count":0,"_bbp_anonymous_reply_count":0,"_bbp_topic_count_hidden":0,"_bbp_reply_count_hidden":0,"_bbp_forum_subforum_count":0},"product_brand":[],"product_cat":[33,32],"product_tag":[],"class_list":{"0":"post-20077","1":"product","2":"type-product","3":"status-publish","4":"has-post-thumbnail","6":"product_cat-all-products","7":"product_cat-special-products","9":"first","10":"instock","11":"shipping-taxable","12":"purchasable","13":"product-type-simple"},"bundled_by":[],"bundle_stock_status":"instock","bundle_stock_quantity":null,"bundle_virtual":false,"bundle_layout":"","bundle_add_to_cart_form_location":"","bundle_editable_in_cart":false,"bundle_sold_individually_context":"","bundle_item_grouping":"","bundle_min_size":"","bundle_max_size":"","bundled_items":[],"bundle_sell_ids":[],"_links":{"self":[{"href":"https:\/\/www.naturesgiftforlife.com\/fr\/wp-json\/wp\/v2\/product\/20077","targetHints":{"allow":["GET"]}}],"collection":[{"href":"https:\/\/www.naturesgiftforlife.com\/fr\/wp-json\/wp\/v2\/product"}],"about":[{"href":"https:\/\/www.naturesgiftforlife.com\/fr\/wp-json\/wp\/v2\/types\/product"}],"replies":[{"embeddable":true,"href":"https:\/\/www.naturesgiftforlife.com\/fr\/wp-json\/wp\/v2\/comments?post=20077"}],"version-history":[{"count":0,"href":"https:\/\/www.naturesgiftforlife.com\/fr\/wp-json\/wp\/v2\/product\/20077\/revisions"}],"wp:featuredmedia":[{"embeddable":true,"href":"https:\/\/www.naturesgiftforlife.com\/fr\/wp-json\/wp\/v2\/media\/20078"}],"wp:attachment":[{"href":"https:\/\/www.naturesgiftforlife.com\/fr\/wp-json\/wp\/v2\/media?parent=20077"}],"wp:term":[{"taxonomy":"product_brand","embeddable":true,"href":"https:\/\/www.naturesgiftforlife.com\/fr\/wp-json\/wp\/v2\/product_brand?post=20077"},{"taxonomy":"product_cat","embeddable":true,"href":"https:\/\/www.naturesgiftforlife.com\/fr\/wp-json\/wp\/v2\/product_cat?post=20077"},{"taxonomy":"product_tag","embeddable":true,"href":"https:\/\/www.naturesgiftforlife.com\/fr\/wp-json\/wp\/v2\/product_tag?post=20077"}],"curies":[{"name":"wp","href":"https:\/\/api.w.org\/{rel}","templated":true}]}}