{"id":19376,"date":"2022-02-14T14:38:32","date_gmt":"2022-02-14T14:38:32","guid":{"rendered":"https:\/\/www.naturesgiftforlife.com\/?post_type=product&#038;p=19376"},"modified":"2023-08-08T15:26:23","modified_gmt":"2023-08-08T15:26:23","slug":"vitamin-d3","status":"publish","type":"product","link":"https:\/\/www.naturesgiftforlife.com\/fr\/shop\/vitamin-d3\/","title":{"rendered":"Vitamin D3 5000IU"},"content":{"rendered":"<div data-elementor-type=\"wp-post\" data-elementor-id=\"19376\" class=\"elementor elementor-19376\">\n\t\t\t\t\t\t<section class=\"elementor-section elementor-top-section elementor-element elementor-element-3c73264 elementor-section-boxed elementor-section-height-default elementor-section-height-default\" data-id=\"3c73264\" data-element_type=\"section\" data-e-type=\"section\">\n\t\t\t\t\t\t<div class=\"elementor-container elementor-column-gap-default\">\n\t\t\t\t\t<div class=\"elementor-column elementor-col-100 elementor-top-column elementor-element elementor-element-d3429f8\" data-id=\"d3429f8\" data-element_type=\"column\" data-e-type=\"column\">\n\t\t\t<div class=\"elementor-widget-wrap elementor-element-populated\">\n\t\t\t\t\t\t<div class=\"elementor-element elementor-element-b6835fb elementor-widget elementor-widget-html\" data-id=\"b6835fb\" data-element_type=\"widget\" data-e-type=\"widget\" data-widget_type=\"html.default\">\n\t\t\t\t<div class=\"elementor-widget-container\">\n\t\t\t\t\t<a name=\"more\"><\/a>\t\t\t\t<\/div>\n\t\t\t\t<\/div>\n\t\t\t\t<div class=\"elementor-element elementor-element-a1887a7 elementor-invisible elementor-widget elementor-widget-toggle\" data-id=\"a1887a7\" data-element_type=\"widget\" data-e-type=\"widget\" data-settings=\"{&quot;_animation&quot;:&quot;flash&quot;}\" data-widget_type=\"toggle.default\">\n\t\t\t\t<div class=\"elementor-widget-container\">\n\t\t\t\t\t\t\t<div class=\"elementor-toggle\">\n\t\t\t\t\t\t\t<div class=\"elementor-toggle-item\">\n\t\t\t\t\t<div id=\"elementor-tab-title-1691\" class=\"elementor-tab-title\" data-tab=\"1\" role=\"button\" aria-controls=\"elementor-tab-content-1691\" aria-expanded=\"false\">\n\t\t\t\t\t\t\t\t\t\t\t\t<span class=\"elementor-toggle-icon elementor-toggle-icon-left\" aria-hidden=\"true\">\n\t\t\t\t\t\t\t\t\t\t\t\t\t\t\t<span class=\"elementor-toggle-icon-closed\"><i class=\"far fa-caret-square-right\"><\/i><\/span>\n\t\t\t\t\t\t\t\t<span class=\"elementor-toggle-icon-opened\"><i class=\"elementor-toggle-icon-opened fas fa-caret-square-up\"><\/i><\/span>\n\t\t\t\t\t\t\t\t\t\t\t\t\t<\/span>\n\t\t\t\t\t\t\t\t\t\t\t\t<a class=\"elementor-toggle-title\" tabindex=\"0\">Description d\u00e9taill\u00e9e du produit \/ faits sur les suppl\u00e9ments<\/a>\n\t\t\t\t\t<\/div>\n\n\t\t\t\t\t<div id=\"elementor-tab-content-1691\" class=\"elementor-tab-content elementor-clearfix\" data-tab=\"1\" role=\"region\" aria-labelledby=\"elementor-tab-title-1691\"><p><span style=\"color: #000000;\"><strong>\u00a0<\/strong><strong>Avantages:<\/strong><\/span><\/p><ul><li><span style=\"color: #000000;\"><strong>Bone health<\/strong><\/span><\/li><\/ul><p><span style=\"color: #000000;\">Strong bones are a result of good vitamin D3 intake because it helps regulate and control the body\u2019s ability to absorb phosphorus and calcium two compounds that provide density and strength to the skeletal system and teeth.<\/span><\/p><ul><li><span style=\"color: #000000;\"><strong>Immune booster<\/strong><\/span><\/li><\/ul><p><span style=\"color: #000000;\">As the vitamin D receptor is expressed on immune cells (B cells, T cells and antigen presenting cells) and these immunologic cells are all are capable of synthesizing the active vitamin D metabolite, vitamin D has the capability of acting in an autocrine manner in a local immunologic milieu. Vitamin D can modulate the innate and adaptive immune responses. Deficiency in vitamin D is associated with increased autoimmunity as well as an increased susceptibility to infection.<\/span><\/p><ul><li><span style=\"color: #000000;\"><strong>Insulin control<\/strong><\/span><\/li><\/ul><p><span style=\"color: #000000;\">Vitamin D3 stimulates the pancreas and triggers the process to make insulin. This is key for managing blood sugar levels more effectively and can help diabetics better control the disease.<\/span><\/p><ul><li><span style=\"color: #000000;\"><strong>Pr\u00e9vention du cancer<\/strong><\/span><\/li><\/ul><p><span style=\"color: #000000;\">Studies have shown that the increased vitamin D3 can help prevent the development of certain cancers, while other reports show promise that combining the nutrient with more fiber can reduce the risk of developing polyps that could lead to colon cancer.<\/span><\/p><ul><li><span style=\"color: #000000;\"><strong>Lower blood pressure<\/strong><\/span><\/li><\/ul><p><span style=\"color: #000000;\">A study from Boston University found that those with high blood pressure experienced a drop in numbers when vitamin D levels were increased. D3 actively reduces the concentration of renin, an enzyme secreted by the kidney that has an effect on blood vessels.<\/span><\/p><ul><li><span style=\"color: #000000;\"><strong>Hearth health<\/strong><\/span><\/li><\/ul><p><span style=\"color: #000000;\">Heart function can also be impacted by the presence of vitamin D. In two studies, low levels of vitamin D were correlated to an increased likelihood of a heart attack. Though there isn\u2019t a clear reason why, some researchers believe that vitamin D acts as a \u201cheart tranquilizer,\u201d improving cardiovascular endurance and keeping heart muscle cells from growing too large. This in turn prevents thickening of the walls of the ventricles, which can block blood flow and cause a heart attack.<\/span><\/p><ul><li><span style=\"color: #000000;\"><strong>Mood<\/strong><\/span><\/li><\/ul><p><span style=\"color: #000000;\">One of the most significant benefits to vitamin D3 though is its impact on mood. Many people suffer from seasonal affective disorder and generally feel happier when the sun is shining because of the synthesis of the vitamin that happens with direct exposure to UVB rays. Increasing levels of vitamin D is not only a pick-me-up but could effectively help to reduce the symptoms of clinical depression. Other treatments may be needed as well, but first ensuring proper absorption of the vitamin is critical.<\/span><\/p><ul><li><span style=\"color: #000000;\"><strong>Anti-inflammation<\/strong><\/span><\/li><\/ul><p><span style=\"color: #000000;\">vitamin D has recently been found to play an important role in the modulation of the immune\/inflammation system via regulating the production of inflammatory cytokines and inhibiting the proliferation of proinflammatory cells, both of which are crucial for the pathogenesis of inflammatory diseases.<\/span><\/p><ul><li><span style=\"color: #000000;\"><strong>The brain and cognition<\/strong><\/span><\/li><\/ul><p><span style=\"color: #000000;\">Vitamin D is neuroprotective, It is involved with regulating many genes important for brain function. Although\u00a0vitamin D\u00a0is thought of as a vitamin, it acts as a neurosteroid and plays important roles in the brain.<\/span><\/p><p style=\"text-align: center;\"><strong>\u00a0<\/strong><a class=\"buy\" href=\"#buy\"><strong>ALLER ACHETER MAINTENANT<\/strong><\/a><\/p><p><span style=\"color: #000000;\"><strong>CHOLECALCIFEROL<\/strong><\/span><\/p><p><span style=\"color: #000000;\">Vitamin D is a fat-soluble vitamin. It has 2 main forms: D2 (ergocalciferol) and D3 (cholecalciferol) (The naturally occurring form and the form used for supplementation. Vitamin D deficiency is common worldwide. It is a common cause of rickets and osteomalacia, but these disorders may also result from other conditions, such as chronic kidney disease, various renal tubular disorders, familial hypophosphatemic (vitamin D\u2013resistant) rickets, chronic metabolic acidosis, hyperparathyroidism, hypoparathyroidism, inadequate dietary calcium, and disorders or drugs that impair the mineralization of bone matrix.<\/span><\/p><p><span style=\"color: #000000;\">Vitamin D deficiency causes hypocalcemia, which stimulates production of parathyroid hormone (PTH), causing hyperparathyroidism. Hyperparathyroidism increases absorption, bone mobilization, and renal conservation of calcium but increases excretion of phosphate. As a result, the serum level of calcium may be normal, but because of hypophosphatemia, bone mineralization is impaired.<\/span><\/p><p><span style=\"color: #000000;\">Vitamin D3 is synthesized in skin by exposure to direct sunlight (ultraviolet B radiation) and obtained in the diet chiefly in fish liver oils and salt water fish (see table Sources, Functions, and Effects of Vitamins). In some developed countries, milk and other foods are fortified with vitamin D. Human breast milk is low in vitamin D, containing an average of only 10% of the amount in fortified cow\u2019s milk.<\/span><\/p><p style=\"text-align: center;\"><strong>\u00a0<\/strong><a class=\"buy\" href=\"#buy\"><strong>ALLER ACHETER MAINTENANT<\/strong><\/a><\/p><p><span style=\"color: #000000;\">Vitamin D levels may decrease with age because skin synthesis declines. Sunscreen use and dark skin pigmentation also reduce skin synthesis of vitamin D.<\/span><\/p><p><span style=\"color: #000000;\">Vitamin D is a prohormone with several active metabolites that act as hormones. Vitamin D is metabolized by the liver to 25(OH)D (calcifediol, calcidiol, 25-hydroxycholecalciferol, or 25-hydroxyvitamin D), which is then converted by the kidneys to 1,25-dihydroxyvitamin D (1,25-dihydroxycholecalciferol, calcitriol, or active vitamin D hormone). 25(OH)D, the major circulating form, has some metabolic activity, but 1,25-dihydroxyvitamin D is the most metabolically active. The conversion to 1,25-dihydroxyvitamin D is regulated by its own concentration, parathyroid hormone (PTH), and serum concentrations of calcium and phosphate.<\/span><\/p><p style=\"text-align: center;\"><strong>\u00a0<\/strong><a class=\"buy\" href=\"#buy\"><strong>ALLER ACHETER MAINTENANT<\/strong><\/a><\/p><p><span style=\"color: #000000;\">Vitamin D affects many organ systems but mainly it increases calcium and phosphate absorption from the intestine and promotes normal bone formation and mineralization.<\/span><\/p><p><span style=\"color: #000000;\">Vitamin D deficiency may result from the following:<\/span><\/p><ul><li><span style=\"color: #000000;\">Inadequate exposure to sunlight<\/span><\/li><li><span style=\"color: #000000;\">Inadequate intake of vitamin D<\/span><\/li><li><span style=\"color: #000000;\">Reduced absorption of vitamin D<\/span><\/li><li><span style=\"color: #000000;\">Abnormal metabolism of vitamin D<\/span><\/li><li><span style=\"color: #000000;\">Resistance to the effects of vitamin D<\/span><\/li><\/ul><p><span style=\"color: #000000;\">The deficiency can cause muscle aches and weakness, bone pain, and osteomalacia, weakened immune system.<\/span><\/p><p><span style=\"color: #000000;\"><strong>PR\u00c9SENTATION:<\/strong> 100 capsules per bottle<\/span><\/p><table><tbody><tr><td colspan=\"3\" width=\"623\"><p><span style=\"color: #000000;\"><strong>Serving size 2 capsules\u00a0\u00a0\u00a0\u00a0\u00a0\u00a0\u00a0\u00a0\u00a0\u00a0\u00a0\u00a0\u00a0\u00a0\u00a0\u00a0\u00a0\u00a0\u00a0\u00a0\u00a0\u00a0\u00a0\u00a0\u00a0\u00a0\u00a0\u00a0\u00a0\u00a0\u00a0\u00a0\u00a0\u00a0\u00a0\u00a0\u00a0\u00a0\u00a0 serving per containing 100<\/strong><\/span><\/p><\/td><\/tr><tr><td width=\"208\"><p><span style=\"color: #000000;\"><strong>Ingr\u00e9dients <\/strong><\/span><\/p><\/td><td width=\"208\"><p><span style=\"color: #000000;\"><strong>Quantit\u00e9 par portion <\/strong><\/span><\/p><\/td><td width=\"208\"><p><span style=\"color: #000000;\"><strong>Valeur quotidienne % <\/strong><\/span><\/p><\/td><\/tr><tr><td width=\"208\"><p><span style=\"color: #000000;\">Vitamine D3<\/span><\/p><\/td><td width=\"208\"><p><span style=\"color: #000000;\">125mg (10000IU)<\/span><\/p><\/td><td width=\"208\"><p><span style=\"color: #000000;\">625%<\/span><\/p><\/td><\/tr><\/tbody><\/table><p><span style=\"color: #000000;\">\u00a0Other ingredients: Gelatin, Rice powder<\/span><\/p><p style=\"text-align: center;\"><strong>\u00a0<\/strong><a class=\"buy\" href=\"#buy\"><strong>ALLER ACHETER MAINTENANT<\/strong><\/a><\/p><p><span style=\"color: #000000;\"><strong>INDICATION<\/strong><\/span><\/p><p><span style=\"color: #000000;\">Osteoporosis, Seasonal affective disorder (SAD), Psoriasis, Dementia or other cognitive disorders, Older adults, Breastfed babies, People with darker skin, Obese individuals (or those who\u2019ve had gastric bypass surgery),People with conditions such as cystic fibrosis, Crohn\u2019s disease, or liver disease, some respiratory illnesses, inflammatory disease.<\/span><\/p><p><span style=\"color: #000000;\"><strong>POSOLOGIE<\/strong><\/span><\/p><p><span style=\"color: #000000;\">Adults take two capsules per day with food<\/span><\/p><p><span style=\"color: #000000;\"><strong>SUBSTITUTS: <\/strong>Ng4l vitamin A &amp; D. Ng4l cal mag Zn, Ng4l ultraman\/ woman, Ng4l cod liver oil, Ng4l ultra coral calcium supreme.<\/span><\/p><p><span style=\"color: #000000;\"><strong><em>Note: <\/em><\/strong><em>vitamin D is a fat soluble vitamin and should be taken alongside a meal<strong>.<\/strong><\/em>v<\/span><\/p><\/div>\n\t\t\t\t<\/div>\n\t\t\t\t\t\t\t<div class=\"elementor-toggle-item\">\n\t\t\t\t\t<div id=\"elementor-tab-title-1692\" class=\"elementor-tab-title\" data-tab=\"2\" role=\"button\" aria-controls=\"elementor-tab-content-1692\" aria-expanded=\"false\">\n\t\t\t\t\t\t\t\t\t\t\t\t<span class=\"elementor-toggle-icon elementor-toggle-icon-left\" aria-hidden=\"true\">\n\t\t\t\t\t\t\t\t\t\t\t\t\t\t\t<span class=\"elementor-toggle-icon-closed\"><i class=\"far fa-caret-square-right\"><\/i><\/span>\n\t\t\t\t\t\t\t\t<span class=\"elementor-toggle-icon-opened\"><i class=\"elementor-toggle-icon-opened fas fa-caret-square-up\"><\/i><\/span>\n\t\t\t\t\t\t\t\t\t\t\t\t\t<\/span>\n\t\t\t\t\t\t\t\t\t\t\t\t<a class=\"elementor-toggle-title\" tabindex=\"0\">..<\/a>\n\t\t\t\t\t<\/div>\n\n\t\t\t\t\t<div id=\"elementor-tab-content-1692\" class=\"elementor-tab-content elementor-clearfix\" data-tab=\"2\" role=\"region\" aria-labelledby=\"elementor-tab-title-1692\"><\/div>\n\t\t\t\t<\/div>\n\t\t\t\t\t\t\t\t<\/div>\n\t\t\t\t\t\t<\/div>\n\t\t\t\t<\/div>\n\t\t\t\t\t<\/div>\n\t\t<\/div>\n\t\t\t\t\t<\/div>\n\t\t<\/section>\n\t\t\t\t<\/div>","protected":false},"excerpt":{"rendered":"<p><a name=\"buy\"><\/a><\/p>\n<ul>\n<li>Efficace pour prot\u00e9ger les yeux<\/li>\n<li>Diminuer la probabilit\u00e9 de d\u00e9velopper des cataractes<\/li>\n<li>Aide les yeux \u00e0 mieux s&#039;adapter \u00e0 un \u00e9clairage clair et faible<\/li>\n<li>R\u00e9duit le risque de d\u00e9velopper une d\u00e9g\u00e9n\u00e9rescence maculaire de nombreux probl\u00e8mes oculaires<\/li>\n<\/ul>\n<p><strong>\u00a0\u00a0\u00a0\u00a0\u00a0\u00a0 &gt;&gt;&gt;<span style=\"font-family: go; font-size: 14pt;\"><a href=\"#more\"><span style=\"color: #0000ff;\">Lire la suite<\/span><\/a><\/span><\/strong><\/p>","protected":false},"featured_media":19381,"comment_status":"open","ping_status":"closed","template":"","meta":{"nf_dc_page":"","_bbp_topic_count":0,"_bbp_reply_count":0,"_bbp_total_topic_count":0,"_bbp_total_reply_count":0,"_bbp_voice_count":0,"_bbp_anonymous_reply_count":0,"_bbp_topic_count_hidden":0,"_bbp_reply_count_hidden":0,"_bbp_forum_subforum_count":0},"product_brand":[],"product_cat":[33,32],"product_tag":[],"class_list":{"0":"post-19376","1":"product","2":"type-product","3":"status-publish","4":"has-post-thumbnail","6":"product_cat-all-products","7":"product_cat-special-products","9":"first","10":"instock","11":"shipping-taxable","12":"purchasable","13":"product-type-simple"},"bundled_by":[],"bundle_stock_status":"instock","bundle_stock_quantity":2,"bundle_virtual":false,"bundle_layout":"","bundle_add_to_cart_form_location":"","bundle_editable_in_cart":false,"bundle_sold_individually_context":"","bundle_item_grouping":"","bundle_min_size":"","bundle_max_size":"","bundled_items":[],"bundle_sell_ids":[],"_links":{"self":[{"href":"https:\/\/www.naturesgiftforlife.com\/fr\/wp-json\/wp\/v2\/product\/19376","targetHints":{"allow":["GET"]}}],"collection":[{"href":"https:\/\/www.naturesgiftforlife.com\/fr\/wp-json\/wp\/v2\/product"}],"about":[{"href":"https:\/\/www.naturesgiftforlife.com\/fr\/wp-json\/wp\/v2\/types\/product"}],"replies":[{"embeddable":true,"href":"https:\/\/www.naturesgiftforlife.com\/fr\/wp-json\/wp\/v2\/comments?post=19376"}],"version-history":[{"count":0,"href":"https:\/\/www.naturesgiftforlife.com\/fr\/wp-json\/wp\/v2\/product\/19376\/revisions"}],"wp:featuredmedia":[{"embeddable":true,"href":"https:\/\/www.naturesgiftforlife.com\/fr\/wp-json\/wp\/v2\/media\/19381"}],"wp:attachment":[{"href":"https:\/\/www.naturesgiftforlife.com\/fr\/wp-json\/wp\/v2\/media?parent=19376"}],"wp:term":[{"taxonomy":"product_brand","embeddable":true,"href":"https:\/\/www.naturesgiftforlife.com\/fr\/wp-json\/wp\/v2\/product_brand?post=19376"},{"taxonomy":"product_cat","embeddable":true,"href":"https:\/\/www.naturesgiftforlife.com\/fr\/wp-json\/wp\/v2\/product_cat?post=19376"},{"taxonomy":"product_tag","embeddable":true,"href":"https:\/\/www.naturesgiftforlife.com\/fr\/wp-json\/wp\/v2\/product_tag?post=19376"}],"curies":[{"name":"wp","href":"https:\/\/api.w.org\/{rel}","templated":true}]}}