{"id":19346,"date":"2022-02-10T11:08:45","date_gmt":"2022-02-10T11:08:45","guid":{"rendered":"https:\/\/www.naturesgiftforlife.com\/?post_type=product&#038;p=19346"},"modified":"2023-08-08T15:30:24","modified_gmt":"2023-08-08T15:30:24","slug":"forskolin-extract","status":"publish","type":"product","link":"https:\/\/www.naturesgiftforlife.com\/fr\/shop\/forskolin-extract\/","title":{"rendered":"Forskohlii Extract 2000mg"},"content":{"rendered":"<div data-elementor-type=\"wp-post\" data-elementor-id=\"19346\" class=\"elementor elementor-19346\">\n\t\t\t\t\t\t<section class=\"elementor-section elementor-top-section elementor-element elementor-element-cc27698 elementor-section-boxed elementor-section-height-default elementor-section-height-default\" data-id=\"cc27698\" data-element_type=\"section\" data-e-type=\"section\">\n\t\t\t\t\t\t<div class=\"elementor-container elementor-column-gap-default\">\n\t\t\t\t\t<div class=\"elementor-column elementor-col-100 elementor-top-column elementor-element elementor-element-3f9a6dd\" data-id=\"3f9a6dd\" data-element_type=\"column\" data-e-type=\"column\">\n\t\t\t<div class=\"elementor-widget-wrap elementor-element-populated\">\n\t\t\t\t\t\t<div class=\"elementor-element elementor-element-2d595ae elementor-widget elementor-widget-html\" data-id=\"2d595ae\" data-element_type=\"widget\" data-e-type=\"widget\" data-widget_type=\"html.default\">\n\t\t\t\t<div class=\"elementor-widget-container\">\n\t\t\t\t\t<a name=\"more\"><\/a>\t\t\t\t<\/div>\n\t\t\t\t<\/div>\n\t\t\t\t<div class=\"elementor-element elementor-element-245bc20 elementor-invisible elementor-widget elementor-widget-toggle\" data-id=\"245bc20\" data-element_type=\"widget\" data-e-type=\"widget\" data-settings=\"{&quot;_animation&quot;:&quot;flash&quot;}\" data-widget_type=\"toggle.default\">\n\t\t\t\t<div class=\"elementor-widget-container\">\n\t\t\t\t\t\t\t<div class=\"elementor-toggle\">\n\t\t\t\t\t\t\t<div class=\"elementor-toggle-item\">\n\t\t\t\t\t<div id=\"elementor-tab-title-3811\" class=\"elementor-tab-title\" data-tab=\"1\" role=\"button\" aria-controls=\"elementor-tab-content-3811\" aria-expanded=\"false\">\n\t\t\t\t\t\t\t\t\t\t\t\t<span class=\"elementor-toggle-icon elementor-toggle-icon-left\" aria-hidden=\"true\">\n\t\t\t\t\t\t\t\t\t\t\t\t\t\t\t<span class=\"elementor-toggle-icon-closed\"><i class=\"far fa-caret-square-right\"><\/i><\/span>\n\t\t\t\t\t\t\t\t<span class=\"elementor-toggle-icon-opened\"><i class=\"elementor-toggle-icon-opened fas fa-caret-square-up\"><\/i><\/span>\n\t\t\t\t\t\t\t\t\t\t\t\t\t<\/span>\n\t\t\t\t\t\t\t\t\t\t\t\t<a class=\"elementor-toggle-title\" tabindex=\"0\">Description d\u00e9taill\u00e9e du produit \/ faits sur les suppl\u00e9ments<\/a>\n\t\t\t\t\t<\/div>\n\n\t\t\t\t\t<div id=\"elementor-tab-content-3811\" class=\"elementor-tab-content elementor-clearfix\" data-tab=\"1\" role=\"region\" aria-labelledby=\"elementor-tab-title-3811\"><p><span style=\"color: #000000;\"><strong>Avantages:<\/strong><\/span><\/p><ul><li><span style=\"color: #000000;\">Forskolin increases cellular levels of a molecule called cyclic adenosine monophosphate (cAMP). Elevated cAMP levels are associated with increased rates of fat loss, and can improve the effects of other fat burning compounds;<\/span><\/li><li><span style=\"color: #000000;\">Increases levels of testosterone\u00a0;<\/span><\/li><li><span style=\"color: #000000;\">Improves brain function and memory by boosting cAMP activities the brain ;<\/span><\/li><li><span style=\"color: #000000;\">Increases cerebral circulation as it has the ability to dilate blood vessels ;<\/span><\/li><li><span style=\"color: #000000;\">Increases levels of Metabolism and efficiency ;<\/span><\/li><li><span style=\"color: #000000;\">Coleus Forskohlii is well absorbed in the gastrointestinal tract after oral administration and can be absorbed in all areas of the intestines and colon although the duodenum seems to have highest uptake ;<\/span><\/li><li><span style=\"color: #000000;\">Increases thyroid hormone production in mild hypothyroidism ;<\/span><\/li><li><span style=\"color: #000000;\">It helps the body become less insulin resistant, so it is very beneficial for people who suffer from type II diabetes ;<\/span><\/li><li><span style=\"color: #000000;\">Improves significantly ocular pressure.<\/span><\/li><\/ul><p style=\"text-align: center;\"><a class=\"buy\" href=\"#buy\"><strong>ALLER ACHETER MAINTENANT<\/strong><\/a><\/p><p><span style=\"color: #000000;\"><strong>NG4L FORSKOHLII EXTRACT<\/strong><\/span><\/p><p><span style=\"color: #000000;\">Forskolin has been used since ancient times and it is an important cultural and medicinal plant throughout the world. Traditionally, forskolin and the coleus plant were used to promote general health and wellness. In its natural habitat, local people boiled the root of the coleus to make tea to drink and to promote wellness. \u00a0<\/span><\/p><p><span style=\"color: #000000;\">Forskolin is a chemical compound found in the coleus Forskohlii plant a member of the mint family which grows as a <em>perennial plant<\/em> in the planes of India, Thailand, Nepal etc. Forskolin has been traditionally used like treating allergies, skin conditions such as eczema and psoriasis, obesity, painful menstrual periods, irritable bowel syndrome, bladder infections, cancer, blood clots, body stiffness, sexual problems, digestive disorders, insomnia, convulsions, rheumatism, asthma, glaucoma etc.<\/span><\/p><p style=\"text-align: center;\"><a class=\"buy\" href=\"#buy\"><strong>ALLER ACHETER MAINTENANT<\/strong><\/a><\/p><p><span style=\"color: #000000;\">Forskolin is the only known supplement to naturally boost cAMP (cyclic adenosine monophosphate) in your brain. As a secondary messenger in neurons, cAMP produces proteins needed for neuron and synapse growth. This process is called Long-Term Potentiation (LTP). Which is critical for encoding long-term memory. As a nootropic, Forskolin also helps to enhance cerebral circulation and stimulates the Tropomysin receptor kinase B (TrKB) which helps potentiate brain derived neurotrophic factor (BDNF). Together, cAMP and BDNF can activate mitogen-activated protein kinase (MAPK\/ERK) which also plays a role in long-term potentiation (LTP).<\/span><\/p><p><span style=\"color: #000000;\"><strong>LA DESCRIPTION<\/strong>:<\/span><\/p><p><span style=\"color: #000000;\">Ng4l forskolii extract is a small plant belonging to the mint family that is extracted naturally with no coloring and preservatives\u00a0\u00a0\u00a0<\/span><\/p><p><span style=\"color: #000000;\"><strong>PR\u00c9SENTATION<\/strong>: bottle of 90 capsule<\/span><\/p><table><tbody><tr><td colspan=\"3\" width=\"604\"><p><span style=\"color: #000000;\"><strong>Serving size 1\u00a0\u00a0\u00a0\u00a0\u00a0\u00a0\u00a0\u00a0\u00a0\u00a0\u00a0\u00a0\u00a0\u00a0\u00a0\u00a0\u00a0\u00a0\u00a0\u00a0\u00a0\u00a0\u00a0\u00a0\u00a0\u00a0\u00a0\u00a0\u00a0\u00a0\u00a0\u00a0\u00a0\u00a0\u00a0\u00a0\u00a0\u00a0\u00a0\u00a0\u00a0\u00a0\u00a0\u00a0\u00a0\u00a0\u00a0\u00a0\u00a0\u00a0\u00a0\u00a0\u00a0\u00a0\u00a0\u00a0\u00a0\u00a0\u00a0\u00a0\u00a0\u00a0\u00a0\u00a0\u00a0\u00a0\u00a0\u00a0\u00a0\u00a0\u00a0\u00a0\u00a0\u00a0\u00a0\u00a0\u00a0\u00a0\u00a0\u00a0\u00a0\u00a0\u00a0 \u00a0\u00a0\u00a0\u00a0\u00a0\u00a0\u00a0serving per container 90<\/strong><\/span><\/p><\/td><\/tr><tr><td width=\"255\"><p><span style=\"color: #000000;\"><strong>Ingr\u00e9dient<\/strong><\/span><\/p><\/td><td width=\"148\"><p><span style=\"color: #000000;\"><strong>Quantit\u00e9 par portion<\/strong><\/span><\/p><\/td><td width=\"201\"><p><span style=\"color: #000000;\"><strong>Valeur quotidienne<\/strong><\/span><\/p><\/td><\/tr><tr><td width=\"255\"><p><span style=\"color: #000000;\">Forskohlii extract (coleus Forskohlii) (root)<\/span><\/p><\/td><td width=\"148\"><p><span style=\"color: #000000;\">2000mg<\/span><\/p><\/td><td width=\"201\"><p><span style=\"color: #000000;\">*<\/span><\/p><\/td><\/tr><tr><td width=\"255\"><p>\u00a0<\/p><\/td><td width=\"148\"><p>\u00a0<\/p><\/td><td width=\"201\"><p>\u00a0<\/p><\/td><\/tr><tr><td colspan=\"3\" width=\"604\"><p><span style=\"color: #000000;\">Other ingredients: gelatin, silicon dioxide and magnesium stearate<\/span><\/p><\/td><\/tr><\/tbody><\/table><p style=\"text-align: center;\"><a class=\"buy\" href=\"#buy\"><strong>ALLER ACHETER MAINTENANT<\/strong><\/a><\/p><p><span style=\"color: #000000;\"><strong>FORSKOHLII AND WEIGHT LOSS<\/strong><\/span><\/p><p><span style=\"color: #000000;\">Forskolin supports weight loss by helping create enzymes called lipase and adenylate cyclase. These two enzymes free fatty acids from the body&#8217;s cells. When the fatty acids are free, they can be burned as fuel. When the body burns fatty acids, it reduces fat without affecting lean muscle mass, also increase <a style=\"color: #000000;\" href=\"https:\/\/www.medicalnewstoday.com\/articles\/276013.php\" target=\"_blank\" rel=\"noopener\">testost\u00e9rone<\/a> levels are linked with lower weight and sustained weight loss. Calorie intake must be less than that burned.\u00a0<\/span><\/p><p><span style=\"color: #000000;\"><strong>FORSKOHLII AND ASTHMA<\/strong><\/span><\/p><p><span style=\"color: #000000;\">Forskolin appears to work in a way similar to certain types of conventional asthma drugs, by boosting the levels of a compound called cyclic AMP. This helps relax the muscles around the bronchial tubes to make breathing easier.<\/span><\/p><p><span style=\"color: #000000;\"><strong>FORSKOHLII and THYROID<\/strong><\/span><\/p><p><span style=\"color: #000000;\">Forskolin supplementation has been shown to increase secretions of the thyroid hormones naturally, it supports maturation of the thyroid gland in general and assist healthy thyroids function.<\/span><\/p><p><span style=\"color: #000000;\"><strong>FORSKOHLII AND HIGH BLOOD PRESSURE \/HEART HEALTH<\/strong><\/span><\/p><p><span style=\"color: #000000;\">It relaxes blood vessels muscles and also the heart thereby lowering blood pressure, and being cardio protective; preventing heart attacks, stroke (as it is shown to have anti clothing factors).\u00a0<\/span><\/p><p><span style=\"color: #000000;\"><strong>INDICATION<\/strong><\/span><\/p><p><span style=\"color: #000000;\">Cancer, <a style=\"color: #000000;\" href=\"https:\/\/www.rxlist.com\/script\/main\/art.asp?articlekey=4607\" target=\"_blank\" rel=\"noopener\">obesity<\/a>, <a style=\"color: #000000;\" href=\"https:\/\/www.rxlist.com\/script\/main\/art.asp?articlekey=3596\" target=\"_blank\" rel=\"noopener\">glaucoma<\/a>, allergies and <a style=\"color: #000000;\" href=\"https:\/\/www.rxlist.com\/script\/main\/art.asp?articlekey=2373\" target=\"_blank\" rel=\"noopener\">asthme<\/a>, <a style=\"color: #000000;\" href=\"https:\/\/www.rxlist.com\/script\/main\/art.asp?articlekey=3672\" target=\"_blank\" rel=\"noopener\">heart failure<\/a>, intestinal spasms, painful cramps during your period (dysmenorrhea), <a style=\"color: #000000;\" href=\"https:\/\/www.rxlist.com\/script\/main\/art.asp?articlekey=4051\" target=\"_blank\" rel=\"noopener\">irritable bowel syndrome<\/a>, urinary tract infection, high blood pressure (<a style=\"color: #000000;\" href=\"https:\/\/www.rxlist.com\/script\/main\/art.asp?articlekey=3846\" target=\"_blank\" rel=\"noopener\">hypertension<\/a>), chest pain (<a style=\"color: #000000;\" href=\"https:\/\/www.rxlist.com\/script\/main\/art.asp?articlekey=6594\" target=\"_blank\" rel=\"noopener\">angina<\/a>), difficulty falling asleep (insomnia) and convulsions.<\/span><\/p><p><span style=\"color: #000000;\"><strong>POSOLOGIE<\/strong>: 1cp 2x\/Jr<\/span><\/p><p>\u00a0<\/p><\/div>\n\t\t\t\t<\/div>\n\t\t\t\t\t\t\t<div class=\"elementor-toggle-item\">\n\t\t\t\t\t<div id=\"elementor-tab-title-3812\" class=\"elementor-tab-title\" data-tab=\"2\" role=\"button\" aria-controls=\"elementor-tab-content-3812\" aria-expanded=\"false\">\n\t\t\t\t\t\t\t\t\t\t\t\t<span class=\"elementor-toggle-icon elementor-toggle-icon-left\" aria-hidden=\"true\">\n\t\t\t\t\t\t\t\t\t\t\t\t\t\t\t<span class=\"elementor-toggle-icon-closed\"><i class=\"far fa-caret-square-right\"><\/i><\/span>\n\t\t\t\t\t\t\t\t<span class=\"elementor-toggle-icon-opened\"><i class=\"elementor-toggle-icon-opened fas fa-caret-square-up\"><\/i><\/span>\n\t\t\t\t\t\t\t\t\t\t\t\t\t<\/span>\n\t\t\t\t\t\t\t\t\t\t\t\t<a class=\"elementor-toggle-title\" tabindex=\"0\">..<\/a>\n\t\t\t\t\t<\/div>\n\n\t\t\t\t\t<div id=\"elementor-tab-content-3812\" class=\"elementor-tab-content elementor-clearfix\" data-tab=\"2\" role=\"region\" aria-labelledby=\"elementor-tab-title-3812\"><\/div>\n\t\t\t\t<\/div>\n\t\t\t\t\t\t\t\t<\/div>\n\t\t\t\t\t\t<\/div>\n\t\t\t\t<\/div>\n\t\t\t\t\t<\/div>\n\t\t<\/div>\n\t\t\t\t\t<\/div>\n\t\t<\/section>\n\t\t\t\t<\/div>","protected":false},"excerpt":{"rendered":"<p><a name=\"buy\"><\/a><\/p>\n<ul>\n<li><strong><span style=\"font-family: go;\">Stimule le syst\u00e8me immunitaire et aide \u00e0 combattre les infections. <\/span><\/strong><\/li>\n<li><strong><span style=\"font-family: go;\">Action antibiotique naturelle, favorise la cicatrisation.<\/span><\/strong><\/li>\n<li><strong><span style=\"font-family: go;\">Soulage et pr\u00e9vient l&#039;arthrose, la polyarthrite rhumato\u00efde et la goutte.<\/span><\/strong><\/li>\n<li><strong><span style=\"font-family: go;\">R\u00e9gule et \u00e9quilibre les hormones, r\u00e9duisant ainsi les sympt\u00f4mes de la m\u00e9nopause, le syndrome pr\u00e9menstruel et les troubles du cycle<\/span><\/strong><\/li>\n<li><strong><span style=\"font-family: go;\">Am\u00e9liore la fertilit\u00e9 (augmente la qualit\u00e9 du sperme et des ovules)<\/span><\/strong><\/li>\n<li><strong><span style=\"font-family: go;\">Abaisse le taux de cholest\u00e9rol et pr\u00e9vient ainsi les varices, la thromboembolie et am\u00e9liore la circulation sanguine\u00a0;<\/span><\/strong><\/li>\n<\/ul>\n<p><strong>\u00a0\u00a0\u00a0\u00a0\u00a0\u00a0 &gt;&gt;&gt;<span style=\"font-family: go; font-size: 14pt;\"><a href=\"#more\"><span style=\"color: #0000ff;\">Lire la suite<\/span><\/a><\/span><\/strong><\/p>","protected":false},"featured_media":19358,"comment_status":"open","ping_status":"closed","template":"","meta":{"nf_dc_page":"","_bbp_topic_count":0,"_bbp_reply_count":0,"_bbp_total_topic_count":0,"_bbp_total_reply_count":0,"_bbp_voice_count":0,"_bbp_anonymous_reply_count":0,"_bbp_topic_count_hidden":0,"_bbp_reply_count_hidden":0,"_bbp_forum_subforum_count":0},"product_brand":[],"product_cat":[33,32],"product_tag":[],"class_list":{"0":"post-19346","1":"product","2":"type-product","3":"status-publish","4":"has-post-thumbnail","6":"product_cat-all-products","7":"product_cat-special-products","9":"first","10":"instock","11":"shipping-taxable","12":"purchasable","13":"product-type-simple"},"bundled_by":[],"bundle_stock_status":"instock","bundle_stock_quantity":2,"bundle_virtual":false,"bundle_layout":"","bundle_add_to_cart_form_location":"","bundle_editable_in_cart":false,"bundle_sold_individually_context":"","bundle_item_grouping":"","bundle_min_size":"","bundle_max_size":"","bundled_items":[],"bundle_sell_ids":[],"_links":{"self":[{"href":"https:\/\/www.naturesgiftforlife.com\/fr\/wp-json\/wp\/v2\/product\/19346","targetHints":{"allow":["GET"]}}],"collection":[{"href":"https:\/\/www.naturesgiftforlife.com\/fr\/wp-json\/wp\/v2\/product"}],"about":[{"href":"https:\/\/www.naturesgiftforlife.com\/fr\/wp-json\/wp\/v2\/types\/product"}],"replies":[{"embeddable":true,"href":"https:\/\/www.naturesgiftforlife.com\/fr\/wp-json\/wp\/v2\/comments?post=19346"}],"version-history":[{"count":0,"href":"https:\/\/www.naturesgiftforlife.com\/fr\/wp-json\/wp\/v2\/product\/19346\/revisions"}],"wp:featuredmedia":[{"embeddable":true,"href":"https:\/\/www.naturesgiftforlife.com\/fr\/wp-json\/wp\/v2\/media\/19358"}],"wp:attachment":[{"href":"https:\/\/www.naturesgiftforlife.com\/fr\/wp-json\/wp\/v2\/media?parent=19346"}],"wp:term":[{"taxonomy":"product_brand","embeddable":true,"href":"https:\/\/www.naturesgiftforlife.com\/fr\/wp-json\/wp\/v2\/product_brand?post=19346"},{"taxonomy":"product_cat","embeddable":true,"href":"https:\/\/www.naturesgiftforlife.com\/fr\/wp-json\/wp\/v2\/product_cat?post=19346"},{"taxonomy":"product_tag","embeddable":true,"href":"https:\/\/www.naturesgiftforlife.com\/fr\/wp-json\/wp\/v2\/product_tag?post=19346"}],"curies":[{"name":"wp","href":"https:\/\/api.w.org\/{rel}","templated":true}]}}