{"id":19317,"date":"2022-02-09T11:27:30","date_gmt":"2022-02-09T11:27:30","guid":{"rendered":"https:\/\/www.naturesgiftforlife.com\/?post_type=product&#038;p=19317"},"modified":"2023-08-08T15:41:47","modified_gmt":"2023-08-08T15:41:47","slug":"thyroid-regulator","status":"publish","type":"product","link":"https:\/\/www.naturesgiftforlife.com\/fr\/shop\/thyroid-regulator\/","title":{"rendered":"R\u00e9gulateur de la thyro\u00efde"},"content":{"rendered":"<div data-elementor-type=\"wp-post\" data-elementor-id=\"19317\" class=\"elementor elementor-19317\">\n\t\t\t\t\t\t<section class=\"elementor-section elementor-top-section elementor-element elementor-element-cc27698 elementor-section-boxed elementor-section-height-default elementor-section-height-default\" data-id=\"cc27698\" data-element_type=\"section\" data-e-type=\"section\">\n\t\t\t\t\t\t<div class=\"elementor-container elementor-column-gap-default\">\n\t\t\t\t\t<div class=\"elementor-column elementor-col-100 elementor-top-column elementor-element elementor-element-3f9a6dd\" data-id=\"3f9a6dd\" data-element_type=\"column\" data-e-type=\"column\">\n\t\t\t<div class=\"elementor-widget-wrap elementor-element-populated\">\n\t\t\t\t\t\t<div class=\"elementor-element elementor-element-2d595ae elementor-widget elementor-widget-html\" data-id=\"2d595ae\" data-element_type=\"widget\" data-e-type=\"widget\" data-widget_type=\"html.default\">\n\t\t\t\t<div class=\"elementor-widget-container\">\n\t\t\t\t\t<a name=\"more\"><\/a>\t\t\t\t<\/div>\n\t\t\t\t<\/div>\n\t\t\t\t<div class=\"elementor-element elementor-element-245bc20 elementor-invisible elementor-widget elementor-widget-toggle\" data-id=\"245bc20\" data-element_type=\"widget\" data-e-type=\"widget\" data-settings=\"{&quot;_animation&quot;:&quot;flash&quot;}\" data-widget_type=\"toggle.default\">\n\t\t\t\t<div class=\"elementor-widget-container\">\n\t\t\t\t\t\t\t<div class=\"elementor-toggle\">\n\t\t\t\t\t\t\t<div class=\"elementor-toggle-item\">\n\t\t\t\t\t<div id=\"elementor-tab-title-3811\" class=\"elementor-tab-title\" data-tab=\"1\" role=\"button\" aria-controls=\"elementor-tab-content-3811\" aria-expanded=\"false\">\n\t\t\t\t\t\t\t\t\t\t\t\t<span class=\"elementor-toggle-icon elementor-toggle-icon-left\" aria-hidden=\"true\">\n\t\t\t\t\t\t\t\t\t\t\t\t\t\t\t<span class=\"elementor-toggle-icon-closed\"><i class=\"far fa-caret-square-right\"><\/i><\/span>\n\t\t\t\t\t\t\t\t<span class=\"elementor-toggle-icon-opened\"><i class=\"elementor-toggle-icon-opened fas fa-caret-square-up\"><\/i><\/span>\n\t\t\t\t\t\t\t\t\t\t\t\t\t<\/span>\n\t\t\t\t\t\t\t\t\t\t\t\t<a class=\"elementor-toggle-title\" tabindex=\"0\">Description d\u00e9taill\u00e9e du produit \/ faits sur les suppl\u00e9ments<\/a>\n\t\t\t\t\t<\/div>\n\n\t\t\t\t\t<div id=\"elementor-tab-content-3811\" class=\"elementor-tab-content elementor-clearfix\" data-tab=\"1\" role=\"region\" aria-labelledby=\"elementor-tab-title-3811\"><p><strong><span style=\"color: #000000;\">Avantages<\/span><\/strong><\/p><ul><li><span style=\"color: #000000;\">Soutenir la fonction saine des hormones thyro\u00efdiennes\u00a0; s&#039;assurer que l&#039;hormone thyro\u00efdienne reste \u00e0 un niveau optimal.<\/span><\/li><li><span style=\"color: #000000;\">\u00c9quilibre les niveaux d&#039;hormones dans le corps.<\/span><\/li><li><span style=\"color: #000000;\">R\u00e9gule le m\u00e9tabolisme et soutient une croissance et un d\u00e9veloppement neurologique appropri\u00e9s.<\/span><\/li><li><span style=\"color: #000000;\">Increase energy levels &#8211; A healthy thyroid is a happy thyroid, which means you will wake up more rested &amp; have more energy throughout the day<\/span><\/li><li><span style=\"color: #000000;\">Boost focus &amp; clarity &#8211; Improving thyroid function is shown to boost concentration and improve your memory mood &amp; finally clear out the &#8216;brain fog&#8217;<\/span><\/li><li><span style=\"color: #000000;\">Helps with healthy nutrition.<\/span><\/li><li><span style=\"color: #000000;\">Has many minerals and vitamins which<\/span><\/li><li><span style=\"color: #000000;\">Rich in\u00a0antioxidants, such as phlorotannins, fucoxanthin.<\/span><\/li><li><span style=\"color: #000000;\">Gives the body the feeling of youthfulness<\/span><\/li><\/ul><p style=\"text-align: center;\"><a class=\"buy\" href=\"#buy\"><strong>ALLER ACHETER MAINTENANT<\/strong><\/a><\/p><p><span style=\"color: #000000;\"><strong>NG4L THYROID REGULATOR<\/strong><\/span><\/p><p><span style=\"color: #000000;\"><strong>The Optimal Thyroid Stimulant<\/strong><\/span><\/p><p><span style=\"color: #000000;\">The thyroid is a butterfly-shaped gland that sits low on the front of the neck. Your thyroid lies below the Adam\u2019s apple, along the front of the windpipe. The thyroid has two side lobes, connected by a bridge (isthmus) in the middle. When the thyroid is its normal size, you can\u2019t feel it. Brownish-red in color, the thyroid is rich with blood vessels. <\/span><\/p><p><span style=\"color: #000000;\">Nerves important for voice quality also pass through the thyroid. The thyroid secretes several hormones, collectively called thyroxine (T4) and triiodothyronine (T3). These hormones are necessary for all the cells in the body to work normally. Thyroid hormones act throughout the body, influencing metabolism, growth and development, and body temperature. During infancy and childhood, adequate thyroid hormone is crucial for brain development.<\/span><\/p><p style=\"text-align: center;\"><a class=\"buy\" href=\"#buy\"><strong>ALLER ACHETER MAINTENANT<\/strong><\/a><\/p><p><span style=\"color: #000000;\">In the cells and tissues of the body the T4 is converted to T3. It is the T3, derived from T4 or secreted as T3 from the thyroid gland, which is biologically active and influences the activity of all the cells and tissues of your body.<\/span><\/p><p><span style=\"color: #000000;\">The T3 secreted directly by the thyroid gland influences the metabolism of the body cells. In other words, it regulates the speed with which the body cells work. If too much of the thyroid hormones are secreted, the body cells work faster than normal, and you have hyperthyroidism, which may lead to, for example, a quickening of the heart rate or increased intestinal activities etc. <\/span><\/p><p><span style=\"color: #000000;\">On the other hand if too little of the thyroid hormones are produced (known as hypothyroidism), the cells and organs of the body slows down, heart rate, for example, may be slower than normal and your intestinal activity also become sluggish. Hypothyroidism is the most common disorder.<\/span><\/p><p><span style=\"color: #000000;\">Symptoms of thyroid disease may include;<\/span><\/p><p><span style=\"color: #000000;\">Hypothyroidism: tiredness, feeling cold, weight gain, poor concentration, depression.<\/span><br \/><span style=\"color: #000000;\">Hyperthyroidism: weight loss, heat intolerance, anxiety, and, sometimes, sore and gritty eyes.<\/span><br \/><span style=\"color: #000000;\">Sometimes there are very few symptoms. A blood test will confirm whether or not you have a thyroid disorder.<\/span><\/p><p style=\"text-align: center;\"><a class=\"buy\" href=\"#buy\"><strong>ALLER ACHETER MAINTENANT<\/strong><\/a><\/p><p><span style=\"color: #000000;\">Not giving our bodies the nutrients that are important for healthy thyroid support also slow your thyroid down. Since the body does not make iodine, it relies on the diet to get enough. We can easily maintain adequate iodine through our diets by using table salt because it\u2019s fortified with iodine, but most of us need to restrict or limit our sodium causing iodine deficiencies to show up, some medications also slow down the thyroid and also cause iodine deficiency.<\/span><\/p><p><span style=\"color: #000000;\"><strong>LA DESCRIPTION: <\/strong>Ng4l thyroid support is a blend of ingredients which contains many antioxidants vitamins, minerals and herbal extracts to support optimal thyroid gland function. Ng4l thyroid support helps maintain healthy thyroid metabolism and thyroid hormone function.<\/span><\/p><p><span style=\"color: #000000;\"><strong>PR\u00c9SENTATION:<\/strong> Bottle 90 capsules<\/span><\/p><table><tbody><tr><td colspan=\"3\" width=\"604\"><p><span style=\"color: #000000;\"><strong>Serving size 2\u00a0\u00a0\u00a0\u00a0\u00a0\u00a0\u00a0\u00a0\u00a0\u00a0\u00a0\u00a0\u00a0\u00a0\u00a0\u00a0\u00a0\u00a0\u00a0\u00a0\u00a0\u00a0\u00a0\u00a0\u00a0\u00a0\u00a0\u00a0\u00a0\u00a0\u00a0 \u00a0\u00a0\u00a0\u00a0\u00a0\u00a0\u00a0\u00a0\u00a0\u00a0\u00a0\u00a0\u00a0\u00a0\u00a0\u00a0\u00a0\u00a0\u00a0\u00a0\u00a0\u00a0\u00a0\u00a0\u00a0\u00a0\u00a0\u00a0\u00a0\u00a0\u00a0\u00a0\u00a0\u00a0\u00a0\u00a0\u00a0\u00a0\u00a0\u00a0\u00a0\u00a0\u00a0\u00a0\u00a0\u00a0\u00a0\u00a0\u00a0\u00a0\u00a0\u00a0\u00a0\u00a0\u00a0\u00a0\u00a0\u00a0\u00a0\u00a0serving per container 45<\/strong><\/span><\/p><\/td><\/tr><tr><td width=\"302\"><p><span style=\"color: #000000;\"><strong>Ingr\u00e9dient<\/strong><\/span><\/p><\/td><td width=\"161\"><p><span style=\"color: #000000;\"><strong>Quantit\u00e9 par portion<\/strong><\/span><\/p><\/td><td width=\"141\"><p><span style=\"color: #000000;\"><strong>Valeur quotidienne<\/strong><\/span><\/p><\/td><\/tr><tr><td width=\"302\"><p><span style=\"color: #000000;\"><strong>Kelp (Laminaris spp) (whole)<\/strong><\/span><\/p><\/td><td width=\"161\"><p><span style=\"color: #000000;\">220mg<\/span><\/p><\/td><td width=\"141\"><p><span style=\"color: #000000;\">*<\/span><\/p><\/td><\/tr><tr><td width=\"302\"><p><span style=\"color: #000000;\"><strong>Bladderwrack (Focus <\/strong><em>vesiculosus<\/em><strong>)(whole)<\/strong><\/span><\/p><\/td><td width=\"161\"><p><span style=\"color: #000000;\">200 mg<\/span><\/p><\/td><td width=\"141\"><p><span style=\"color: #000000;\">*<\/span><\/p><\/td><\/tr><tr><td width=\"302\"><p><span style=\"color: #000000;\"><strong>Dulse (Palmaris palmetta)(seaweed)<\/strong><\/span><\/p><\/td><td width=\"161\"><p><span style=\"color: #000000;\">150 mg<\/span><\/p><\/td><td width=\"141\"><p><span style=\"color: #000000;\">*<\/span><\/p><\/td><\/tr><tr><td width=\"302\"><p><span style=\"color: #000000;\"><strong>Clubmoss (huperzia serata)(leaf)<\/strong><\/span><\/p><\/td><td width=\"161\"><p><span style=\"color: #000000;\">120mg<\/span><\/p><\/td><td width=\"141\"><p><span style=\"color: #000000;\">*<\/span><\/p><\/td><\/tr><tr><td width=\"302\"><p><span style=\"color: #000000;\"><strong>Irishmoss (Chrondus\u00a0 crispus)(moss)<\/strong><\/span><\/p><\/td><td width=\"161\"><p><span style=\"color: #000000;\">110mg<\/span><\/p><\/td><td width=\"141\"><p><span style=\"color: #000000;\">*<\/span><\/p><\/td><\/tr><tr><td width=\"302\"><p><span style=\"color: #000000;\"><strong>Gentian(Gentiana lutea)(root)<\/strong><\/span><\/p><\/td><td width=\"161\"><p><span style=\"color: #000000;\">50 mg<\/span><\/p><\/td><td width=\"141\"><p><span style=\"color: #000000;\">*<\/span><\/p><\/td><\/tr><tr><td width=\"302\"><p><span style=\"color: #000000;\"><strong>L-tyrosine (free form)<\/strong><\/span><\/p><\/td><td width=\"161\"><p><span style=\"color: #000000;\">50 mg<\/span><\/p><\/td><td width=\"141\"><p><span style=\"color: #000000;\">*<\/span><\/p><\/td><\/tr><tr><td colspan=\"3\" width=\"604\"><p><span style=\"color: #000000;\">*Daily value not Established\u00a0<\/span><\/p><\/td><\/tr><tr><td colspan=\"3\" width=\"604\"><p><span style=\"color: #000000;\"><strong>Other ingredients: gelatin and rice powder, contains: No artificial coloring, artificial flavor, preservatives, yeast, corn, milk derivatives, sugar, gluten, salt, sodium, lactose, starch<\/strong><\/span><\/p><\/td><\/tr><\/tbody><\/table><p style=\"text-align: center;\"><a class=\"buy\" href=\"#buy\"><strong>ALLER ACHETER MAINTENANT<\/strong><\/a><\/p><p><span style=\"color: #000000;\"><strong>POSOLOGIE<\/strong>: Adults take 1 to 2 capsules preferably with meals. \u00a0<\/span><\/p><p><span style=\"color: #000000;\"><strong>INDICATION:<\/strong><\/span><\/p><p><span style=\"color: #000000;\">low T3 and T4 levels, obesity, aging skin, digestive issues, thyroid\u00a0 dysfunction,\u00a0 hyperthyroidism, hypothyroidism, and goiter development, skin health, Thyroid Cancer,<\/span><\/p><p><span style=\"color: #000000;\"><strong>PEOPLE WHO TAKE THIS PRODUCT ALSO ASSOCIATE<\/strong><\/span><\/p><p><span style=\"color: #000000;\"><strong>WEIGHT LOSS:<\/strong> NG4L DIET PRODUCTS (NG4L\u00a0 SUPPER SLIM MAX, NG4L CHITOSAN PLUS, NG4L BRAZILIAN DIET, NG4L POUNDS AWAY, NG4L HOODIA PLUS GREEN TEA, NG4L SLIM BEAUTY TEA OR NG4L SLIM AND BEAUTIFUL, NG4L PERFECT SLIM AFRICAN BUSH MANGO).<\/span><\/p><p><span style=\"color: #000000;\">CONSTIPATION: NG4L CONSTIPATION TEA, NG4L SPIRULINA, NG4L MAGNESIUM<\/span><br \/><span style=\"color: #000000;\">CITRATE, NG4L ACAI.<strong>\u00a0 <\/strong><\/span><\/p><p style=\"text-align: center;\"><a class=\"buy\" href=\"#buy\"><strong>ALLER ACHETER MAINTENANT<\/strong><\/a><\/p><p><span style=\"color: #000000;\"><strong>CARDIOVASCULAR HEALTH: <\/strong>NG4L NATTOHEART, NG4L HEART RELIEF, NG4L NATTOFIBRO OU NG4L NS FIBRIN, NG4L COENZYME Q10, NG4L RED YEAST POLICONASOL, NG4L HYPERTENSION TEA, NG4L GARLIC, NG4L GINGKO MAX, NG4L ACAI, NG4L OMEGA 3 EPA.<\/span><\/p><p><span style=\"color: #000000;\"><strong>FATIGUE: <\/strong>NG4L STEAZ ENERGY DRINK, NG4L XENADVANTRA, NG4L WHEY PROTEIN SHAKE, NG4L EVENING PRIMROSE OIL, NG4L CORDYCEPS, NG4L ULTRA MAN\/WOMAN + NG4L CAL MAG ZN+D, NG4L MAGNESIUM CITRATE, NG4L SPERM BOOSTER, NG4L HEALTHY LIVER, NG4L ROYAL JELLY, NG4L HEALTHY LIVER OR MILK THISTLE, NG4L KOREAN GINSENG.<\/span><\/p><p><span style=\"color: #000000;\"><strong>*CAUSING: <\/strong>Consult a doctor before taking or adding any other products to this product.<\/span><\/p><\/div>\n\t\t\t\t<\/div>\n\t\t\t\t\t\t\t<div class=\"elementor-toggle-item\">\n\t\t\t\t\t<div id=\"elementor-tab-title-3812\" class=\"elementor-tab-title\" data-tab=\"2\" role=\"button\" aria-controls=\"elementor-tab-content-3812\" aria-expanded=\"false\">\n\t\t\t\t\t\t\t\t\t\t\t\t<span class=\"elementor-toggle-icon elementor-toggle-icon-left\" aria-hidden=\"true\">\n\t\t\t\t\t\t\t\t\t\t\t\t\t\t\t<span class=\"elementor-toggle-icon-closed\"><i class=\"far fa-caret-square-right\"><\/i><\/span>\n\t\t\t\t\t\t\t\t<span class=\"elementor-toggle-icon-opened\"><i class=\"elementor-toggle-icon-opened fas fa-caret-square-up\"><\/i><\/span>\n\t\t\t\t\t\t\t\t\t\t\t\t\t<\/span>\n\t\t\t\t\t\t\t\t\t\t\t\t<a class=\"elementor-toggle-title\" tabindex=\"0\">..<\/a>\n\t\t\t\t\t<\/div>\n\n\t\t\t\t\t<div id=\"elementor-tab-content-3812\" class=\"elementor-tab-content elementor-clearfix\" data-tab=\"2\" role=\"region\" aria-labelledby=\"elementor-tab-title-3812\"><\/div>\n\t\t\t\t<\/div>\n\t\t\t\t\t\t\t\t<\/div>\n\t\t\t\t\t\t<\/div>\n\t\t\t\t<\/div>\n\t\t\t\t\t<\/div>\n\t\t<\/div>\n\t\t\t\t\t<\/div>\n\t\t<\/section>\n\t\t\t\t<\/div>","protected":false},"excerpt":{"rendered":"<p><a name=\"buy\"><\/a><\/p>\n<ul>\n<li>\n<h2 class=\"woocommerce-loop-product__title\" data-no-translation=\"\">Thyroid Regulator<\/h2>\n<p><strong><span style=\"font-family: go;\">Soutenir la fonction saine des hormones thyro\u00efdiennes\u00a0; s&#039;assurer que l&#039;hormone thyro\u00efdienne reste \u00e0 un niveau optimal.<\/span><\/strong><\/li>\n<li><strong><span style=\"font-family: go;\">\u00c9quilibre les niveaux d&#039;hormones dans le corps.<\/span><\/strong><\/li>\n<li><strong><span style=\"font-family: go;\">R\u00e9gule le m\u00e9tabolisme et soutient une croissance et un d\u00e9veloppement neurologique appropri\u00e9s.<\/span><\/strong><\/li>\n<li><strong><span style=\"font-family: go;\">Increase energy levels &#8211; A healthy thyroid is a happy thyroid, which means you will wake up more rested &amp; have more energy throughout the day.<\/span><\/strong><\/li>\n<\/ul>\n<p><strong>\u00a0\u00a0\u00a0\u00a0\u00a0\u00a0 &gt;&gt;&gt;<span style=\"font-family: go; font-size: 14pt;\"><a href=\"#more\"><span style=\"color: #0000ff;\">Lire la suite<\/span><\/a><\/span><\/strong><\/p>","protected":false},"featured_media":19323,"comment_status":"open","ping_status":"closed","template":"","meta":{"nf_dc_page":"","_bbp_topic_count":0,"_bbp_reply_count":0,"_bbp_total_topic_count":0,"_bbp_total_reply_count":0,"_bbp_voice_count":0,"_bbp_anonymous_reply_count":0,"_bbp_topic_count_hidden":0,"_bbp_reply_count_hidden":0,"_bbp_forum_subforum_count":0},"product_brand":[],"product_cat":[33,32],"product_tag":[],"class_list":{"0":"post-19317","1":"product","2":"type-product","3":"status-publish","4":"has-post-thumbnail","6":"product_cat-all-products","7":"product_cat-special-products","9":"first","10":"instock","11":"shipping-taxable","12":"purchasable","13":"product-type-simple"},"bundled_by":[],"bundle_stock_status":"instock","bundle_stock_quantity":2,"bundle_virtual":false,"bundle_layout":"","bundle_add_to_cart_form_location":"","bundle_editable_in_cart":false,"bundle_sold_individually_context":"","bundle_item_grouping":"","bundle_min_size":"","bundle_max_size":"","bundled_items":[],"bundle_sell_ids":[],"_links":{"self":[{"href":"https:\/\/www.naturesgiftforlife.com\/fr\/wp-json\/wp\/v2\/product\/19317","targetHints":{"allow":["GET"]}}],"collection":[{"href":"https:\/\/www.naturesgiftforlife.com\/fr\/wp-json\/wp\/v2\/product"}],"about":[{"href":"https:\/\/www.naturesgiftforlife.com\/fr\/wp-json\/wp\/v2\/types\/product"}],"replies":[{"embeddable":true,"href":"https:\/\/www.naturesgiftforlife.com\/fr\/wp-json\/wp\/v2\/comments?post=19317"}],"version-history":[{"count":0,"href":"https:\/\/www.naturesgiftforlife.com\/fr\/wp-json\/wp\/v2\/product\/19317\/revisions"}],"wp:featuredmedia":[{"embeddable":true,"href":"https:\/\/www.naturesgiftforlife.com\/fr\/wp-json\/wp\/v2\/media\/19323"}],"wp:attachment":[{"href":"https:\/\/www.naturesgiftforlife.com\/fr\/wp-json\/wp\/v2\/media?parent=19317"}],"wp:term":[{"taxonomy":"product_brand","embeddable":true,"href":"https:\/\/www.naturesgiftforlife.com\/fr\/wp-json\/wp\/v2\/product_brand?post=19317"},{"taxonomy":"product_cat","embeddable":true,"href":"https:\/\/www.naturesgiftforlife.com\/fr\/wp-json\/wp\/v2\/product_cat?post=19317"},{"taxonomy":"product_tag","embeddable":true,"href":"https:\/\/www.naturesgiftforlife.com\/fr\/wp-json\/wp\/v2\/product_tag?post=19317"}],"curies":[{"name":"wp","href":"https:\/\/api.w.org\/{rel}","templated":true}]}}