{"id":19287,"date":"2022-02-08T12:19:08","date_gmt":"2022-02-08T12:19:08","guid":{"rendered":"https:\/\/www.naturesgiftforlife.com\/?post_type=product&#038;p=19287"},"modified":"2023-08-08T16:10:49","modified_gmt":"2023-08-08T16:10:49","slug":"ultra-pancreas-formula","status":"publish","type":"product","link":"https:\/\/www.naturesgiftforlife.com\/fr\/shop\/ultra-pancreas-formula\/","title":{"rendered":"Formule Ultra Pancr\u00e9as"},"content":{"rendered":"<div data-elementor-type=\"wp-post\" data-elementor-id=\"19287\" class=\"elementor elementor-19287\">\n\t\t\t\t\t\t<section class=\"elementor-section elementor-top-section elementor-element elementor-element-cc27698 elementor-section-boxed elementor-section-height-default elementor-section-height-default\" data-id=\"cc27698\" data-element_type=\"section\" data-e-type=\"section\">\n\t\t\t\t\t\t<div class=\"elementor-container elementor-column-gap-default\">\n\t\t\t\t\t<div class=\"elementor-column elementor-col-100 elementor-top-column elementor-element elementor-element-3f9a6dd\" data-id=\"3f9a6dd\" data-element_type=\"column\" data-e-type=\"column\">\n\t\t\t<div class=\"elementor-widget-wrap elementor-element-populated\">\n\t\t\t\t\t\t<div class=\"elementor-element elementor-element-2d595ae elementor-widget elementor-widget-html\" data-id=\"2d595ae\" data-element_type=\"widget\" data-e-type=\"widget\" data-widget_type=\"html.default\">\n\t\t\t\t<div class=\"elementor-widget-container\">\n\t\t\t\t\t<a name=\"more\"><\/a>\t\t\t\t<\/div>\n\t\t\t\t<\/div>\n\t\t\t\t<div class=\"elementor-element elementor-element-245bc20 elementor-invisible elementor-widget elementor-widget-toggle\" data-id=\"245bc20\" data-element_type=\"widget\" data-e-type=\"widget\" data-settings=\"{&quot;_animation&quot;:&quot;flash&quot;}\" data-widget_type=\"toggle.default\">\n\t\t\t\t<div class=\"elementor-widget-container\">\n\t\t\t\t\t\t\t<div class=\"elementor-toggle\">\n\t\t\t\t\t\t\t<div class=\"elementor-toggle-item\">\n\t\t\t\t\t<div id=\"elementor-tab-title-3811\" class=\"elementor-tab-title\" data-tab=\"1\" role=\"button\" aria-controls=\"elementor-tab-content-3811\" aria-expanded=\"false\">\n\t\t\t\t\t\t\t\t\t\t\t\t<span class=\"elementor-toggle-icon elementor-toggle-icon-left\" aria-hidden=\"true\">\n\t\t\t\t\t\t\t\t\t\t\t\t\t\t\t<span class=\"elementor-toggle-icon-closed\"><i class=\"far fa-caret-square-right\"><\/i><\/span>\n\t\t\t\t\t\t\t\t<span class=\"elementor-toggle-icon-opened\"><i class=\"elementor-toggle-icon-opened fas fa-caret-square-up\"><\/i><\/span>\n\t\t\t\t\t\t\t\t\t\t\t\t\t<\/span>\n\t\t\t\t\t\t\t\t\t\t\t\t<a class=\"elementor-toggle-title\" tabindex=\"0\">Description d\u00e9taill\u00e9e du produit \/ faits sur les suppl\u00e9ments<\/a>\n\t\t\t\t\t<\/div>\n\n\t\t\t\t\t<div id=\"elementor-tab-content-3811\" class=\"elementor-tab-content elementor-clearfix\" data-tab=\"1\" role=\"region\" aria-labelledby=\"elementor-tab-title-3811\"><p><span style=\"color: #000000;\"><strong>Avantages:<\/strong><\/span><\/p><ul><li><span style=\"color: #000000;\">Excellent moyen de nettoyer et de fortifier cet organe surmen\u00e9, en particulier pendant et apr\u00e8s tout traitement contre le cancer\u00a0;<\/span><\/li><li><span style=\"color: #000000;\">Soutient le pancr\u00e9as dans sa production d&#039;enzymes et d&#039;hormones pour le m\u00e9tabolisme ;<\/span><\/li><li><span style=\"color: #000000;\">Favorise une digestion optimale des aliments et l&#039;absorption des nutriments\u00a0;<\/span><\/li><li><span style=\"color: #000000;\">Contient de puissants antioxydants essentiels \u00e0 la pr\u00e9vention des maladies d\u00e9g\u00e9n\u00e9ratives du pancr\u00e9as ;<\/span><\/li><li><span style=\"color: #000000;\">Aide \u00e0 la r\u00e9g\u00e9n\u00e9ration des tissus pancr\u00e9atiques;<\/span><\/li><li><span style=\"color: #000000;\">Renforce le syst\u00e8me immunitaire;<\/span><\/li><li><span style=\"color: #000000;\">A des propri\u00e9t\u00e9s anti-inflammatoires;<\/span><\/li><li><span style=\"color: #000000;\">Help to increase energy level;<\/span><\/li><li><span style=\"color: #000000;\">Has a broad spectrum support over pancreas and the affiliated glands;<\/span><\/li><li><span style=\"color: #000000;\">Aids in the regulation of blood sugar levels and enhances digestion &amp; encourages glandular health;<\/span><\/li><li><span style=\"color: #000000;\">Abaisse le cholest\u00e9rol;<\/span><\/li><\/ul><p style=\"text-align: center;\"><a class=\"buy\" href=\"#buy\"><strong>ALLER ACHETER MAINTENANT<\/strong><\/a><\/p><p><span style=\"color: #000000;\"><strong>NG4L ULTRA PANCREAS FORMULA<\/strong><\/span><\/p><p><span style=\"color: #000000;\"><strong>THE<\/strong> <strong>OPTIMAL SUPPORT FOR PANCREATIC HEALTH <\/strong><\/span><\/p><p><span style=\"color: #000000;\">le <strong>pancr\u00e9as<\/strong> is an organ located in the abdomen. It plays an essential role in converting the food we eat into fuel for the body&#8217;s cells. The pancreas has two main functions: an exocrine and an <strong>endocrine<\/strong> function;<\/span><\/p><p><span style=\"color: #000000;\"><strong>Exocrine Function<\/strong>: The pancreas contains an exocrine glands that produce enzymes important to digestion. These enzymes include trypsin and chymotrypsin to digest proteins; amylase for the digestion of carbohydrates; and lipase to break down fats. When food enters the stomach, these pancreatic juices are released into a system of ducts that culminate in the main pancreatic duct. The pancreatic duct joins the common bile duct to form the ampulla of Vater which is located at the first portion of the small intestine, called the duodenum. The common bile duct originates in the liver and the gallbladder and produces another important digestive juice called bile. The pancreatic juices and bile that are released into the duodenum, help the body to digest fats, carbohydrates, and proteins.<\/span><\/p><p style=\"text-align: center;\"><a class=\"buy\" href=\"#buy\"><strong>ALLER ACHETER MAINTENANT<\/strong><\/a><\/p><p><span style=\"color: #000000;\"><strong>Endocrine Function<\/strong>: The endocrine component of the pancreas consists of islet cells (islets of Langerhans) that create and release important hormones directly into the bloodstream. Two of the main pancreatic hormones are insulin, which acts to lower blood sugar, and glucagon, which acts to raise blood sugar. Maintaining proper blood sugar levels is crucial to the functioning of key organs including the brain, liver, and kidneys.<\/span><\/p><p><span style=\"color: #000000;\">When\u00a0the pancreas is healthy it is self-regulating, working day\u00a0and night for our entire life. A healthy pancreas is able to produce the right chemicals at the right times in the right quantities in order to properly digest the food we eat. Today&#8217;s average diet lacks many essential nutrients that are needed to support normal immunity, blood sugar levels, digestion\u00a0and glandular function. Not eating a sensible, healthy diet can damage\u00a0the pancreas\u00a0and lead to many health problems.<\/span><\/p><p style=\"text-align: center;\"><a class=\"buy\" href=\"#buy\"><strong>ALLER ACHETER MAINTENANT<\/strong><\/a><\/p><p><span style=\"color: #000000;\"><strong>LA DESCRIPTION<\/strong><\/span><\/p><p><span style=\"color: #000000;\">Ng4l Ultra Pancreas Formula\u00a0is a\u00a0synergistic blend of herbs, designed to support pancreatic function. Ng4l Ultra Pancreas Formula contains black walnut, red clover, chickweed, yellow dock, that aids the pancreas to function in its optimal state. \u00a0\u00a0\u00a0\u00a0\u00a0<\/span><\/p><p><span style=\"color: #000000;\"><strong>PR\u00c9SENTATION<\/strong>: Flacon de 90 g\u00e9lules<\/span><\/p><table style=\"height: 606px;\" width=\"392\"><tbody><tr><td colspan=\"3\" width=\"604\"><p><span style=\"color: #000000;\"><strong>Serving size 2\u00a0\u00a0\u00a0\u00a0\u00a0\u00a0\u00a0\u00a0\u00a0\u00a0\u00a0\u00a0\u00a0\u00a0\u00a0\u00a0\u00a0\u00a0\u00a0\u00a0\u00a0\u00a0\u00a0\u00a0\u00a0\u00a0\u00a0\u00a0\u00a0\u00a0\u00a0\u00a0\u00a0\u00a0\u00a0\u00a0\u00a0\u00a0\u00a0\u00a0\u00a0\u00a0\u00a0\u00a0\u00a0\u00a0\u00a0\u00a0\u00a0\u00a0\u00a0\u00a0\u00a0\u00a0 \u00a0\u00a0\u00a0\u00a0\u00a0\u00a0\u00a0\u00a0\u00a0\u00a0\u00a0\u00a0\u00a0\u00a0\u00a0\u00a0\u00a0\u00a0\u00a0\u00a0\u00a0\u00a0\u00a0\u00a0\u00a0\u00a0\u00a0\u00a0\u00a0\u00a0\u00a0\u00a0\u00a0\u00a0\u00a0\u00a0\u00a0\u00a0\u00a0serving per container 45<\/strong><\/span><\/p><\/td><\/tr><tr><td width=\"293\"><p><span style=\"color: #000000;\"><strong>Ingr\u00e9dients<\/strong><\/span><\/p><\/td><td width=\"161\"><p><span style=\"color: #000000;\"><strong>Quantit\u00e9 par portion<\/strong><\/span><\/p><\/td><td width=\"151\"><p><span style=\"color: #000000;\"><strong>Valeur quotidienne<\/strong><\/span><\/p><\/td><\/tr><tr><td width=\"293\"><p><span style=\"color: #000000;\">Black Walnut (juglans nigra)(hull)<\/span><\/p><\/td><td width=\"161\"><p><span style=\"color: #000000;\">260mg<\/span><\/p><\/td><td width=\"151\"><p><span style=\"color: #000000;\">75%<\/span><\/p><\/td><\/tr><tr><td width=\"293\"><p><span style=\"color: #000000;\">Red Clover (trifollium pratense)(blossoms)<\/span><\/p><\/td><td width=\"161\"><p><span style=\"color: #000000;\">235mg<\/span><\/p><\/td><td width=\"151\"><p><span style=\"color: #000000;\">*<\/span><\/p><\/td><\/tr><tr><td width=\"293\"><p><span style=\"color: #000000;\">Chickweed (stellaria media)(aerial)<\/span><\/p><\/td><td width=\"161\"><p><span style=\"color: #000000;\">175 mg<\/span><\/p><\/td><td width=\"151\"><p><span style=\"color: #000000;\">*<\/span><\/p><\/td><\/tr><tr><td width=\"293\"><p><span style=\"color: #000000;\">Yellow Dock (Rumex crispus)(root)<\/span><\/p><\/td><td width=\"161\"><p><span style=\"color: #000000;\">130mg<\/span><\/p><\/td><td width=\"151\"><p><span style=\"color: #000000;\">*<\/span><\/p><\/td><\/tr><tr><td width=\"293\"><p><span style=\"color: #000000;\">Licorice (Glycyrrhiza glabra)(root)<\/span><\/p><\/td><td width=\"161\"><p><span style=\"color: #000000;\">100 mg<\/span><\/p><\/td><td width=\"151\"><p><span style=\"color: #000000;\">*<\/span><\/p><\/td><\/tr><tr><td colspan=\"3\" width=\"604\"><p><span style=\"color: #000000;\"><strong>Autres ingr\u00e9dients<\/strong>: g\u00e9latine et poudre de riz, contient : Sans ar\u00f4me artificiel, conservateurs, levure, ma\u00efs, d\u00e9riv\u00e9s du lait, sucre, gluten, sel, sodium, lactose, amidon<\/span><\/p><\/td><\/tr><\/tbody><\/table><p style=\"text-align: center;\"><a class=\"buy\" href=\"#buy\"><strong>ALLER ACHETER MAINTENANT<\/strong><\/a><\/p><p><span style=\"color: #000000;\"><strong>INDICATION<\/strong><\/span><\/p><p><span style=\"color: #000000;\">Acute\/chronic pancreatitis, hereditary pancreatitis, Low\/Hypoglycemia, Diabetes, tumors of the stomach and liver, chronic hepatitis, early stages of liver cirrhosis, acute and chronic cholecystitis, \u00a0and pancreatic cancer.<\/span><\/p><p><span style=\"color: #000000;\"><strong>POSOLOGIE: <\/strong>As a dietary supplement take 1 capsules 3 times a day or as directed by your health care professional.<\/span><\/p><p><span style=\"color: #000000;\"><strong>Les personnes qui utilisent ce produit combinent :<\/strong><\/span><\/p><p><span style=\"color: #000000;\"><strong>Diabetes:<\/strong> NG4L Diabetes Formula, NG4L Diabetic tea, NG4L Slim Sweet, NG4L Biberry, NG4L Chromium, Ng4l l-Glutathione, Ng4l Multi Enzyme Complex .<\/span><\/p><p><span style=\"color: #000000;\"><strong>Hypercholest\u00e9rol\u00e9mie\u00a0: <\/strong>NG4L Red Yeast policosanol, NG4L Green Tea Extract, NG4L Garlic, NG4L Ginkgo Max.<\/span><\/p><p><span style=\"color: #000000;\"><strong>NG4L Products For diabetic feet: <\/strong>NG4L Aloe Vera, NG4L Colloidal Silver, NG4L Tea Tree Oil, NG4L Ginkgo Max, NG4L Vitamine E, NG4L Garlic, NG4L Mangosteen, NG4L Bilberry, NG4L Grapeseed Extract, NG4L Omega 3 EPA\/DHA, NG4L Goji, NG4L Acai.<\/span><\/p><p>\u00a0<\/p><\/div>\n\t\t\t\t<\/div>\n\t\t\t\t\t\t\t<div class=\"elementor-toggle-item\">\n\t\t\t\t\t<div id=\"elementor-tab-title-3812\" class=\"elementor-tab-title\" data-tab=\"2\" role=\"button\" aria-controls=\"elementor-tab-content-3812\" aria-expanded=\"false\">\n\t\t\t\t\t\t\t\t\t\t\t\t<span class=\"elementor-toggle-icon elementor-toggle-icon-left\" aria-hidden=\"true\">\n\t\t\t\t\t\t\t\t\t\t\t\t\t\t\t<span class=\"elementor-toggle-icon-closed\"><i class=\"far fa-caret-square-right\"><\/i><\/span>\n\t\t\t\t\t\t\t\t<span class=\"elementor-toggle-icon-opened\"><i class=\"elementor-toggle-icon-opened fas fa-caret-square-up\"><\/i><\/span>\n\t\t\t\t\t\t\t\t\t\t\t\t\t<\/span>\n\t\t\t\t\t\t\t\t\t\t\t\t<a class=\"elementor-toggle-title\" tabindex=\"0\">..<\/a>\n\t\t\t\t\t<\/div>\n\n\t\t\t\t\t<div id=\"elementor-tab-content-3812\" class=\"elementor-tab-content elementor-clearfix\" data-tab=\"2\" role=\"region\" aria-labelledby=\"elementor-tab-title-3812\"><\/div>\n\t\t\t\t<\/div>\n\t\t\t\t\t\t\t\t<\/div>\n\t\t\t\t\t\t<\/div>\n\t\t\t\t<\/div>\n\t\t\t\t\t<\/div>\n\t\t<\/div>\n\t\t\t\t\t<\/div>\n\t\t<\/section>\n\t\t\t\t<\/div>","protected":false},"excerpt":{"rendered":"<p><a name=\"buy\"><\/a><\/p>\n<ul>\n<li>Formule Ultra Pancr\u00e9as<\/li>\n<li><strong><span style=\"font-family: go;\">Excellent moyen de nettoyer et de fortifier cet organe surmen\u00e9, en particulier pendant et apr\u00e8s tout traitement contre le cancer\u00a0;<\/span><\/strong><\/li>\n<li><strong><span style=\"font-family: go;\">Soutient le pancr\u00e9as dans sa production d&#039;enzymes et d&#039;hormones pour le m\u00e9tabolisme ;<\/span><\/strong><\/li>\n<li><strong><span style=\"font-family: go;\">Favorise une digestion optimale des aliments et l&#039;absorption des nutriments\u00a0;<\/span><\/strong><\/li>\n<li><strong><span style=\"font-family: go;\">Contient de puissants antioxydants essentiels \u00e0 la pr\u00e9vention des maladies d\u00e9g\u00e9n\u00e9ratives du pancr\u00e9as ;<\/span><\/strong><\/li>\n<li><strong><span style=\"font-family: go;\">Aide \u00e0 la r\u00e9g\u00e9n\u00e9ration des tissus pancr\u00e9atiques;<\/span><\/strong><\/li>\n<li><strong><span style=\"font-family: go;\">Renforce le syst\u00e8me immunitaire;<\/span><\/strong><\/li>\n<\/ul>\n<p><strong>\u00a0\u00a0\u00a0\u00a0\u00a0\u00a0 &gt;&gt;&gt;<span style=\"font-family: go; font-size: 14pt;\"><a href=\"#more\"><span style=\"color: #0000ff;\">Lire la suite<\/span><\/a><\/span><\/strong><\/p>","protected":false},"featured_media":598,"comment_status":"open","ping_status":"closed","template":"","meta":{"nf_dc_page":"","_bbp_topic_count":0,"_bbp_reply_count":0,"_bbp_total_topic_count":0,"_bbp_total_reply_count":0,"_bbp_voice_count":0,"_bbp_anonymous_reply_count":0,"_bbp_topic_count_hidden":0,"_bbp_reply_count_hidden":0,"_bbp_forum_subforum_count":0},"product_brand":[],"product_cat":[33,436],"product_tag":[],"class_list":{"0":"post-19287","1":"product","2":"type-product","3":"status-publish","4":"has-post-thumbnail","6":"product_cat-all-products","7":"product_cat-herbs","9":"first","10":"instock","11":"shipping-taxable","12":"purchasable","13":"product-type-simple"},"bundled_by":[],"bundle_stock_status":"instock","bundle_stock_quantity":null,"bundle_virtual":false,"bundle_layout":"","bundle_add_to_cart_form_location":"","bundle_editable_in_cart":false,"bundle_sold_individually_context":"","bundle_item_grouping":"","bundle_min_size":"","bundle_max_size":"","bundled_items":[],"bundle_sell_ids":[],"_links":{"self":[{"href":"https:\/\/www.naturesgiftforlife.com\/fr\/wp-json\/wp\/v2\/product\/19287","targetHints":{"allow":["GET"]}}],"collection":[{"href":"https:\/\/www.naturesgiftforlife.com\/fr\/wp-json\/wp\/v2\/product"}],"about":[{"href":"https:\/\/www.naturesgiftforlife.com\/fr\/wp-json\/wp\/v2\/types\/product"}],"replies":[{"embeddable":true,"href":"https:\/\/www.naturesgiftforlife.com\/fr\/wp-json\/wp\/v2\/comments?post=19287"}],"version-history":[{"count":0,"href":"https:\/\/www.naturesgiftforlife.com\/fr\/wp-json\/wp\/v2\/product\/19287\/revisions"}],"wp:featuredmedia":[{"embeddable":true,"href":"https:\/\/www.naturesgiftforlife.com\/fr\/wp-json\/wp\/v2\/media\/598"}],"wp:attachment":[{"href":"https:\/\/www.naturesgiftforlife.com\/fr\/wp-json\/wp\/v2\/media?parent=19287"}],"wp:term":[{"taxonomy":"product_brand","embeddable":true,"href":"https:\/\/www.naturesgiftforlife.com\/fr\/wp-json\/wp\/v2\/product_brand?post=19287"},{"taxonomy":"product_cat","embeddable":true,"href":"https:\/\/www.naturesgiftforlife.com\/fr\/wp-json\/wp\/v2\/product_cat?post=19287"},{"taxonomy":"product_tag","embeddable":true,"href":"https:\/\/www.naturesgiftforlife.com\/fr\/wp-json\/wp\/v2\/product_tag?post=19287"}],"curies":[{"name":"wp","href":"https:\/\/api.w.org\/{rel}","templated":true}]}}