{"id":19248,"date":"2022-02-07T13:01:19","date_gmt":"2022-02-07T13:01:19","guid":{"rendered":"https:\/\/www.naturesgiftforlife.com\/?post_type=product&#038;p=19248"},"modified":"2023-08-08T16:25:52","modified_gmt":"2023-08-08T16:25:52","slug":"vitex-agnus-castus","status":"publish","type":"product","link":"https:\/\/www.naturesgiftforlife.com\/fr\/shop\/vitex-agnus-castus\/","title":{"rendered":"Vitex Agnus Castus"},"content":{"rendered":"<div data-elementor-type=\"wp-post\" data-elementor-id=\"19248\" class=\"elementor elementor-19248\">\n\t\t\t\t\t\t<section class=\"elementor-section elementor-top-section elementor-element elementor-element-cc27698 elementor-section-boxed elementor-section-height-default elementor-section-height-default\" data-id=\"cc27698\" data-element_type=\"section\" data-e-type=\"section\">\n\t\t\t\t\t\t<div class=\"elementor-container elementor-column-gap-default\">\n\t\t\t\t\t<div class=\"elementor-column elementor-col-100 elementor-top-column elementor-element elementor-element-3f9a6dd\" data-id=\"3f9a6dd\" data-element_type=\"column\" data-e-type=\"column\">\n\t\t\t<div class=\"elementor-widget-wrap elementor-element-populated\">\n\t\t\t\t\t\t<div class=\"elementor-element elementor-element-2d595ae elementor-widget elementor-widget-html\" data-id=\"2d595ae\" data-element_type=\"widget\" data-e-type=\"widget\" data-widget_type=\"html.default\">\n\t\t\t\t<div class=\"elementor-widget-container\">\n\t\t\t\t\t<a name=\"more\"><\/a>\t\t\t\t<\/div>\n\t\t\t\t<\/div>\n\t\t\t\t<div class=\"elementor-element elementor-element-245bc20 elementor-invisible elementor-widget elementor-widget-toggle\" data-id=\"245bc20\" data-element_type=\"widget\" data-e-type=\"widget\" data-settings=\"{&quot;_animation&quot;:&quot;flash&quot;}\" data-widget_type=\"toggle.default\">\n\t\t\t\t<div class=\"elementor-widget-container\">\n\t\t\t\t\t\t\t<div class=\"elementor-toggle\">\n\t\t\t\t\t\t\t<div class=\"elementor-toggle-item\">\n\t\t\t\t\t<div id=\"elementor-tab-title-3811\" class=\"elementor-tab-title\" data-tab=\"1\" role=\"button\" aria-controls=\"elementor-tab-content-3811\" aria-expanded=\"false\">\n\t\t\t\t\t\t\t\t\t\t\t\t<span class=\"elementor-toggle-icon elementor-toggle-icon-left\" aria-hidden=\"true\">\n\t\t\t\t\t\t\t\t\t\t\t\t\t\t\t<span class=\"elementor-toggle-icon-closed\"><i class=\"far fa-caret-square-right\"><\/i><\/span>\n\t\t\t\t\t\t\t\t<span class=\"elementor-toggle-icon-opened\"><i class=\"elementor-toggle-icon-opened fas fa-caret-square-up\"><\/i><\/span>\n\t\t\t\t\t\t\t\t\t\t\t\t\t<\/span>\n\t\t\t\t\t\t\t\t\t\t\t\t<a class=\"elementor-toggle-title\" tabindex=\"0\">Description d\u00e9taill\u00e9e du produit \/ faits sur les suppl\u00e9ments<\/a>\n\t\t\t\t\t<\/div>\n\n\t\t\t\t\t<div id=\"elementor-tab-content-3811\" class=\"elementor-tab-content elementor-clearfix\" data-tab=\"1\" role=\"region\" aria-labelledby=\"elementor-tab-title-3811\"><p><span style=\"color: #000000;\"><strong>Avantages:<\/strong><\/span><\/p><ul><li><span style=\"color: #000000;\">Relieves and decreases the symptoms of premenstrual syndrome (breast pain,\u00a0 water retention etc.) ;<\/span><\/li><li><span style=\"color: #000000;\">Treats irregularities and disorders of the menstrual cycle, absence of menstruation and bleeding\u00a0 uterine;<\/span><\/li><li><span style=\"color: #000000;\">Traite les autres formes de mastalgie (douleurs mammaires);<\/span><\/li><li><span style=\"color: #000000;\">Promotes female fertility due to low progesterone levels and may even limit\u00a0 risk of miscarriage; \u00b7 Treats hyperprolactinmia and increases fertility;<\/span><\/li><li><span style=\"color: #000000;\">Relieves menstrual cramps&#8217;<\/span><\/li><li><span style=\"color: #000000;\">Decreases certain types of acne (by androgenic modulation).<\/span><\/li><li><span style=\"color: #000000;\">For breastfeeding women, taking chaste tree may increase lactation.<\/span><\/li><li><span style=\"color: #000000;\">In pre-menopausal women, it decreases hot flashes, irritability,\u00a0 breast tension and other symptoms of menopause<\/span><\/li><li><span style=\"color: #000000;\">Has anaphrodisiac properties (decreased sexual desire) in men.<\/span><\/li><\/ul><p style=\"text-align: center;\"><a class=\"buy\" href=\"#buy\"><strong>ALLER ACHETER MAINTENANT<\/strong><\/a><\/p><p><span style=\"color: #000000;\"><strong>THE PLANT OF WOMEN<\/strong><\/span><\/p><p><span style=\"color: #000000;\">T<strong>he natural solution to cyclic hormonal disorders in women<\/strong><\/span><\/p><p><span style=\"color: #000000;\"><strong>Female well-being \u2013 premenstrual syndrome \u2013 Menopause \u2013 Infertility \u2013\u00a0 Cycle disorders \u2013 Estrogen dominance<\/strong><\/span><\/p><p><span style=\"color: #000000;\">From its botanical name Vitex Agnus Castus, chaste tree is a shrub native to Greece and Italy,\u00a0 widespread in the Mediterranean regions and Central Asia. It usually prefers banks\u00a0 rivers and streams and the slopes leading to them. Both by its form and by its aroma,\u00a0 the berry, which ripens at the end of summer, is reminiscent of peppercorn, hence its common name of tree\u00a0 with pepper. The medicinal virtues of chaste tree berry have been known for more than 2,000 years.\u00a0<\/span><\/p><p><span style=\"color: #000000;\">Dioscorides, illustrious physician of ancient Greece, mentions that it was done with the seeds present\u00a0 in the bay, a drink intended to calm the libido. It is said that in the Middle Ages, the monks of the south of\u00a0 Europe consumed the berries in order to be able to better withstand the pangs of celibacy. Hence its\u00a0 popular name of &#8220;pepper of the monks&#8221;.<\/span><\/p><p style=\"text-align: center;\"><a class=\"buy\" href=\"#buy\"><strong>ALLER ACHETER MAINTENANT<\/strong><\/a><\/p><p><span style=\"color: #000000;\">This property which, by the way, has not been\u00a0 scientifically demonstrated, seems to have determined the name of the shrub: agnus castus means &#8221;\u00a0 chaste lamb&#8221;. As for the word Vitex, it comes from vitilium which means &#8220;braiding&#8221;, because we\u00a0 used the soft and resistant branches of the various shrubs of this botanical genus to\u00a0 make fences in clayonnage.<\/span><\/p><p><span style=\"color: #000000;\">In reality, chaste tree has many other virtues\u00a0 acting mainly on disorders resulting from hormonal dysregulation caused by the cycle\u00a0 menstrual. Depending on the part of the shrub exploited, the effects will be varied; thus the roots,\u00a0 the leaves or fruits will each have different virtues. Fruits, for example, have\u00a0 cephalic and emmenagogue properties while the roots are, for their part, tonic,\u00a0 expectorants and diuretics.<\/span><\/p><p><span style=\"color: #000000;\">In 1943, a German firm was developing an extract of\u00a0 chaste tree standardized to agnuside, one of the characteristic compounds of Vitex. In the 1950s,\u00a0 this extract was adopted in Europe for the treatment of mastalgia.\u00a0 Clinical trials have been conducted in recent decades on chaste tree. From 1943 to 1997,\u00a0 the German firm that produced the first standardized extract of chaste berries (content\u00a0 standardized in agnuside) had conducted a series of more than 30 studies on the effects of the plant.<\/span><\/p><p style=\"text-align: center;\"><a class=\"buy\" href=\"#buy\"><strong>ALLER ACHETER MAINTENANT<\/strong><\/a><\/p><p><span style=\"color: #000000;\">The virtues of chaste tree are then more and more recognized, including its ability to relieve\u00a0 symptoms associated with premenstrual syndrome. Chaste tree is used nowadays for its\u00a0 properties to intervene effectively on the disorders observed during the menstrual cycle,\u00a0 or on more serious problems such as infertility. Thus, in some infertile women,\u00a0 the chaste tree will allow, after a time of use of about three to six months, to become fertile.\u00a0 On the other hand, for chaste tree to be effective, sterility must come from an imbalance between\u00a0 too high a prolactin level compared to a progesterone level that is too low.<\/span><\/p><p><span style=\"color: #000000;\"><strong>COMPOSITION:<\/strong> Vitex agnus contains several bioactive principles, the most essential of which are\u00a0 are estrogens, epitestione, androstenedione, glycosides of iridoids (aucubin,\u00a0 agnoside or agnuside, eurostoside), alkaloids (viticin), flavonoids (casticin, luteolin,\u00a0 artemetin, isorhamnetin), terpenes (1,8-cineol, alpha-pinenes and beta-pinenes), oils\u00a0 essential and fatty acids. It also contains specific compounds directly\u00a0 involved in its endocrine effects: casticin and agnuside.<\/span><\/p><p style=\"text-align: center;\"><a class=\"buy\" href=\"#buy\"><strong>ALLER ACHETER MAINTENANT<\/strong><\/a><\/p><p><span style=\"color: #000000;\"><strong>ACTIONS AND PHARMACOLOGY<\/strong> :The mechanism of action of the chaste tree is not yet fully known. On the other hand, we know that he\u00a0 inhibits the production of prolactin, the milk-producing hormone, probably by an action\u00a0 on dopamine receptors in the pituitary gland.<\/span><\/p><p><span style=\"color: #000000;\">This results in a\u00a0 stimulation of the corpus luteum, thereby increasing the secretion of progesterone. This has the effect of\u00a0 normalize the estrogen\/progesterone ratio in the 2nd half of the menstrual cycle.<\/span><\/p><p><span style=\"color: #000000;\">These 2\u00a0 Combined effects (inhibition of prolactin and increased secretion of progesterone) make\u00a0 vitex an interesting therapeutic tool to relieve the symptoms of the syndrome. It should be noted, however, that the effect can take up to 3 months to appear.<\/span><\/p><p><span style=\"color: #000000;\"><strong>LA DESCRIPTION:<\/strong> PR\u00c9SENTATION: bo\u00eete de 90 g\u00e9lules<\/span><\/p><table><tbody><tr><td width=\"424\"><p><span style=\"color: #000000;\"><strong>Portion : 1 dose par bo\u00eete : 90<\/strong><\/span><\/p><\/td><td colspan=\"2\" width=\"278\">\u00a0<\/td><\/tr><tr><td width=\"144\"><p><span style=\"color: #000000;\">Ingr\u00e9dients<\/span><\/p><\/td><td width=\"92\"><p><span style=\"color: #000000;\">Les dosages<\/span><\/p><\/td><td width=\"186\"><p><span style=\"color: #000000;\">Percentage daily value<\/span><\/p><\/td><\/tr><tr><td width=\"144\"><p><span style=\"color: #000000;\">Chasteberry (Vitex<\/span><br \/><span style=\"color: #000000;\">agnus castus)<\/span><\/p><\/td><td width=\"92\"><p><span style=\"color: #000000;\">400 mg<\/span><\/p><\/td><td width=\"186\"><p><span style=\"color: #000000;\">*<\/span><\/p><\/td><\/tr><tr><td width=\"424\"><p><span style=\"color: #000000;\">* valeurs journali\u00e8res non \u00e9tablies<\/span><br \/><span style=\"color: #000000;\"><strong>Autres ingr\u00e9dients: <\/strong>gelatins, rice flour, silicone dioxide,<\/span><br \/><span style=\"color: #000000;\">magnesium stearate.<\/span><\/p><\/td><td>\u00a0<\/td><td>\u00a0<\/td><\/tr><\/tbody><\/table><p style=\"text-align: center;\"><a class=\"buy\" href=\"#buy\"><strong>ALLER ACHETER MAINTENANT<\/strong><\/a><\/p><p><strong>\u00a0<span style=\"color: #000000;\">APPLICATIONS<\/span><\/strong><\/p><p><span style=\"color: #000000;\"><strong>Premenstrual syndrome:<\/strong> Do you feel like you&#8217;re bloated before menstruation with sometimes\u00a0 slight weight gain due to water retention? Are your breasts larger, tighter and\u00a0 \/ or painful 4-5 days before menstruation? Are you in a sullen mood, the slightest annoyance\u00a0 makes you cry, or become irritable or depressed? Moreover, is it enough that they arrive so that\u00a0 did you already feel better? All these signs correspond to a temporary imbalance of\u00a0 ovarian hormones, linked to partial progesterone deficiency leading to overload in\u00a0 estrogen and is called premenstrual syndrome (PMS).\u00a0<\/span><\/p><p><span style=\"color: #000000;\">Manifestations related to the female cycle concern a large number of women, and discomfort\u00a0 Feeling before and during menstruation is a reality. 70% of women experience each\u00a0 month of troublesome with the approach of menstruation. The most common symptoms are\u00a0 pain, breast tension, weight gain, mood disorders, &#8220;irritability&#8221; type or\u00a0 &#8220;depression&#8221;, water retention, Chaste tree is not a magic remedy but it contributes to\u00a0 improve all these passenger inconveniences that have an impact on the comfort of life.\u00a0<\/span><\/p><p><span style=\"color: #000000;\">The chaste tree is useful for pmS.\u00a0 In the 1990s, placebo-free clinical studies concluded that\u00a0 chaste tree to relieve the symptoms of premenstrual syndrome. Since then, several trials\u00a0 placebo clinics performed with standardized extracts confirmed that daily intake\u00a0 Chaste tree for 3 menstrual cycles could reduce symptoms of the syndrome\u00a0 premenstrual. If the chaste tree does not benefit the male libido, its fruit, on the other hand, acts\u00a0 favorably on the female cycle.<\/span><\/p><p style=\"text-align: center;\"><a class=\"buy\" href=\"#buy\"><strong>ALLER ACHETER MAINTENANT<\/strong><\/a><\/p><p><span style=\"color: #000000;\">Indeed, the vitex agnus-castus influences the activity of\u00a0 the pituitary gland by increasing the secretion of progesterone at the expense of estrogen. This\u00a0 Property balances a woman&#8217;s metabolism, especially during the premenstrual period and\u00a0 thus avoids recurrent mental and physical disorders. The berries of the chaste tree contain\u00a0 including casticin and agnuside, the substances probably responsible for these\u00a0 hormonal regulations.<\/span><\/p><p><span style=\"color: #000000;\">They mainly influence the production of prolactin, knowing\u00a0 that this hormone evolves with the corpus luteum which, together, define the ovarian cycle. In\u00a0 Normal conditions, menstruation occurs if the egg is not fertilized after the fourteenth\u00a0 day after natural secretion of progesterone. Before these events, most women\u00a0 of childbearing age develop PMS symptoms.<\/span><\/p><p><span style=\"color: #000000;\">The main action of substances\u00a0 contained in the chaste tree helps to significantly attenuate these unpleasant sensations and\u00a0 prevents any type of complication during the menstrual cycle thanks to a stable production of\u00a0 progesterone. Given its actions on lactation, the chaste tree can combine its effect with that of the\u00a0 dopamine and this partly explains its anaphrodisiac character for men.<\/span><\/p><p style=\"text-align: center;\"><a class=\"buy\" href=\"#buy\"><strong>ALLER ACHETER MAINTENANT<\/strong><\/a><\/p><p><span style=\"color: #000000;\"><strong>Estrogen dominance syndrome:<\/strong> It is at the level of the pituitary gland that the chaste tree goes\u00a0 mainly act, in the same way as dopamine during the secretion of prolactins. In\u00a0 limiting the production of the latter, the chaste tree makes it possible to maintain the activity of the corpus luteum\u00a0 in the ovary, which produces progesterone. Thus, the level of progesterone will increase to\u00a0 new and the progesterone\/estrogen balance will be rebalanced. The Chaste tree is very positive\u00a0 in women with endometriosis, uterine fibroids or breast or ovarian cysts. The progestin effect of Vitex Agnus-castus acts favorably on these problems and the lesions occur\u00a0 Retract.<\/span><\/p><p><span style=\"color: #000000;\"><strong> Mastalgia.<\/strong> In 3 double-blind, placebo-controlled clinical trials conducted by laboratories\u00a0 Different, the same extract of chasteberry berries helped reduce the associated breast pain\u00a0 premenstrual syndrome.<\/span><\/p><p><span style=\"color: #000000;\"><strong>Menopause.<\/strong> During the twentieth century, the use of chaste tree gradually spread to the\u00a0 treatment of disorders accompanying menopause.<\/span><\/p><p style=\"text-align: center;\"><strong><a class=\"buy\" href=\"#buy\">ALLER ACHETER MAINTENANT<\/a><\/strong><\/p><p><span style=\"color: #000000;\"><strong>Menstrual disorders:<\/strong> Commission E and the World Health Organization (WHO)\u00a0 recognize the use of chaste tree to treat irregularities in the menstrual cycle, to relieve\u00a0 premenstrual syndrome and mastalgia. In general, the chaste tree will act on the disorders\u00a0 female hormonal. This is why it is said that it has an anti-androgenic function. These are\u00a0 the disturbances caused by the onset of the menstrual cycle that benefit most from the effects of\u00a0 chaste tree. Also, the main disturbances in the pre-monthly period are relieved by the\u00a0 consumption of chaste tree.<\/span><\/p><p><span style=\"color: #000000;\">The most common symptoms such as pain, tension\u00a0 breast or psychic disorders such as mood disorders are therefore\u00a0 attenuated thanks to chaste tree. The imbalance of ovarian hormones being at the origin of these various\u00a0 Disorders, chaste tree has a rebalancing effect on the entire female menstrual cycle. It is very useful\u00a0 for women with irregular cycles or absence of menstruation following prolonged intake of a\u00a0 contraceptive pill after stopping the latter. These syndromes can impair fertility.\u00a0 Acting as a hormonal regulator, chaste tree will allow to have regular cycles and will regulate\u00a0 so also ovulation.<\/span><\/p><p><span style=\"color: #000000;\"><strong>Female infertility<\/strong>. In 1998, German researchers concluded that the chaste tree could help\u00a0 women with fertility problems due to secondary amenorrhea or\u00a0 luteal insufficiency (progesterone deficiency). They recommended a treatment of a duration\u00a0 from 3 to 6 months. Prolactin is a hormone that promotes lactation and also plays a role\u00a0 important in the mechanism of ovulation. Indeed at high doses, prolactin inhibits\u00a0 ovulation.<\/span><\/p><p><span style=\"color: #000000;\">Thanks to its ability to stimulate the production of progesterone, chaste tree blocks by\u00a0 retro-control the production of prolactin and therefore makes it possible to stem the effects of this hormone on\u00a0 ovulation.\u00a0 Chaste tree is to be avoided at the end of pregnancy because it could stimulate the uterus. On the other hand the plug\u00a0 of Chasteberry in the first trimester of pregnancy in women with a lack of\u00a0 progesterone will allow reduce the risk of miscarriage, progesterone allowing\u00a0 the uterus to prepare well to promote the implantation of the embryo and its development.<\/span><\/p><p style=\"text-align: center;\"><a class=\"buy\" href=\"#buy\"><strong>ALLER ACHETER MAINTENANT<\/strong><\/a><\/p><p><span style=\"color: #000000;\"><strong>Helps with weight loss:<\/strong> In the premenstrual period, the woman can gain a few pounds and\u00a0 keep them if it does not take medium-term measures. Taking the chaste tree, it is possible for him\u00a0 to prevent this weight gain. However, the process is really effective after consecutive cycles. Thus, during a menstrual cycle, she will have to take 20 to 40 mg of this extract\u00a0 daily and for the 15 days preceding the end of the cycle.<\/span><\/p><p><span style=\"color: #000000;\">In this way, it will be able to\u00a0 be quiet during the coming months without having to suffer his usual disturbances. In a register\u00a0 Different, chaste tree contains a high level of flavonoid which is a promoting substance\u00a0 the elimination of fat in favor of energy production. Thus, the chaste tree lends itself as much to the\u00a0 weight loss only at muscle mass gain if ingested during exercise periods\u00a0 Intense. In addition, chaste lamb, another charming appellation, contains essential oil.\u00a0 which helps burn excess fat and prevent its accumulation in the body. Brief\u00a0 chaste tree can serve as a dietary supplement during a period of bodybuilding.<\/span><\/p><p><span style=\"color: #000000;\"><strong>Anaphrodisiac in humans.<\/strong> The vitex agnus-castus is also called\u00a0 monks because they used it to help them assume their vow of chastity. Indeed the\u00a0 Chaste tree helps to reduce sexual desire in men.<\/span><\/p><p style=\"text-align: center;\"><a class=\"buy\" href=\"#buy\"><strong>ALLER ACHETER MAINTENANT<\/strong><\/a><\/p><p><span style=\"color: #000000;\"><strong>Lactation.<\/strong> Today there is no reliable study to say that the Chaste tree has an effect\u00a0 beneficial on lactation. Animal experiments have shown that it would harm the\u00a0 rise of milk. But the opinions are controversial.<\/span><\/p><p><span style=\"color: #000000;\"><strong>DIRECTIONS :<\/strong> Chaste tree is advised for women: in cases of breast pain\u00a0 (mastodynia); amenorrhea, irregular or insufficient menstruation; acne in young women;\u00a0 menopausal disorders (hot flashes, etc.); infertility (some cases related to\u00a0 hormonal imbalances); to stimulate lactation and to limit miscarriages.<\/span><\/p><p><span style=\"color: #000000;\">It is\u00a0 also indicated for the spremenstrual yndrome, menstrual cramps, associated therapy for\u00a0 weight loss, water overload, to reduce excess sexual appetite in men, the\u00a0 estrogen dominance syndrome (has the genese of ovarian and mammary cysts,\u00a0 endomtriosis and fibroids), infertility associated with hyperprolactinemia. In addition it is useful in case of\u00a0 cervical dyplasia and prevention of cancers of women, endome<\/span><\/p><p><span style=\"color: #000000;\"><strong>DOSAGE:<\/strong> adult, take 1 capsule twice daily<\/span><\/p><\/div>\n\t\t\t\t<\/div>\n\t\t\t\t\t\t\t<div class=\"elementor-toggle-item\">\n\t\t\t\t\t<div id=\"elementor-tab-title-3812\" class=\"elementor-tab-title\" data-tab=\"2\" role=\"button\" aria-controls=\"elementor-tab-content-3812\" aria-expanded=\"false\">\n\t\t\t\t\t\t\t\t\t\t\t\t<span class=\"elementor-toggle-icon elementor-toggle-icon-left\" aria-hidden=\"true\">\n\t\t\t\t\t\t\t\t\t\t\t\t\t\t\t<span class=\"elementor-toggle-icon-closed\"><i class=\"far fa-caret-square-right\"><\/i><\/span>\n\t\t\t\t\t\t\t\t<span class=\"elementor-toggle-icon-opened\"><i class=\"elementor-toggle-icon-opened fas fa-caret-square-up\"><\/i><\/span>\n\t\t\t\t\t\t\t\t\t\t\t\t\t<\/span>\n\t\t\t\t\t\t\t\t\t\t\t\t<a class=\"elementor-toggle-title\" tabindex=\"0\">..<\/a>\n\t\t\t\t\t<\/div>\n\n\t\t\t\t\t<div id=\"elementor-tab-content-3812\" class=\"elementor-tab-content elementor-clearfix\" data-tab=\"2\" role=\"region\" aria-labelledby=\"elementor-tab-title-3812\"><\/div>\n\t\t\t\t<\/div>\n\t\t\t\t\t\t\t\t<\/div>\n\t\t\t\t\t\t<\/div>\n\t\t\t\t<\/div>\n\t\t\t\t\t<\/div>\n\t\t<\/div>\n\t\t\t\t\t<\/div>\n\t\t<\/section>\n\t\t\t\t<\/div>","protected":false},"excerpt":{"rendered":"<p><a name=\"buy\"><\/a><\/p>\n<ul>\n<li>VITEX AGNUS CASTUS<\/li>\n<li><strong><span style=\"font-family: go;\">Relieves and decreases the symptoms of premenstrual syndrome (breast pain,\u00a0 water retention etc.) ;<\/span><\/strong><\/li>\n<li><strong><span style=\"font-family: go;\">Treats irregularities and disorders of the menstrual cycle, absence of menstruation and bleeding\u00a0 uterine;<\/span><\/strong><\/li>\n<li><strong><span style=\"font-family: go;\">Traite les autres formes de mastalgie (douleurs mammaires);<\/span><\/strong><\/li>\n<li><strong><span style=\"font-family: go;\">Promotes female fertility due to low progesterone levels and may even limit\u00a0 risk of miscarriage; \u00b7 Treats hyperprolactinmia and increases fertility;<\/span><\/strong><\/li>\n<li><strong><span style=\"font-family: go;\">Relieves menstrual cramps&#8217;<\/span><\/strong><\/li>\n<\/ul>\n<p><strong>\u00a0\u00a0\u00a0\u00a0\u00a0\u00a0 &gt;&gt;&gt;<span style=\"font-family: go; font-size: 14pt;\"><a href=\"#more\"><span style=\"color: #0000ff;\">Lire la suite<\/span><\/a><\/span><\/strong><\/p>","protected":false},"featured_media":1336,"comment_status":"open","ping_status":"closed","template":"","meta":{"_bbp_topic_count":0,"_bbp_reply_count":0,"_bbp_total_topic_count":0,"_bbp_total_reply_count":0,"_bbp_voice_count":0,"_bbp_anonymous_reply_count":0,"_bbp_topic_count_hidden":0,"_bbp_reply_count_hidden":0,"_bbp_forum_subforum_count":0},"product_brand":[],"product_cat":[33,436],"product_tag":[],"class_list":{"0":"post-19248","1":"product","2":"type-product","3":"status-publish","4":"has-post-thumbnail","6":"product_cat-all-products","7":"product_cat-herbs","9":"first","10":"instock","11":"shipping-taxable","12":"purchasable","13":"product-type-simple"},"bundled_by":[],"bundle_stock_status":"instock","bundle_stock_quantity":2,"bundle_virtual":false,"bundle_layout":"","bundle_add_to_cart_form_location":"","bundle_editable_in_cart":false,"bundle_sold_individually_context":"","bundle_item_grouping":"","bundle_min_size":"","bundle_max_size":"","bundled_items":[],"bundle_sell_ids":[],"_links":{"self":[{"href":"https:\/\/www.naturesgiftforlife.com\/fr\/wp-json\/wp\/v2\/product\/19248","targetHints":{"allow":["GET"]}}],"collection":[{"href":"https:\/\/www.naturesgiftforlife.com\/fr\/wp-json\/wp\/v2\/product"}],"about":[{"href":"https:\/\/www.naturesgiftforlife.com\/fr\/wp-json\/wp\/v2\/types\/product"}],"replies":[{"embeddable":true,"href":"https:\/\/www.naturesgiftforlife.com\/fr\/wp-json\/wp\/v2\/comments?post=19248"}],"version-history":[{"count":0,"href":"https:\/\/www.naturesgiftforlife.com\/fr\/wp-json\/wp\/v2\/product\/19248\/revisions"}],"wp:featuredmedia":[{"embeddable":true,"href":"https:\/\/www.naturesgiftforlife.com\/fr\/wp-json\/wp\/v2\/media\/1336"}],"wp:attachment":[{"href":"https:\/\/www.naturesgiftforlife.com\/fr\/wp-json\/wp\/v2\/media?parent=19248"}],"wp:term":[{"taxonomy":"product_brand","embeddable":true,"href":"https:\/\/www.naturesgiftforlife.com\/fr\/wp-json\/wp\/v2\/product_brand?post=19248"},{"taxonomy":"product_cat","embeddable":true,"href":"https:\/\/www.naturesgiftforlife.com\/fr\/wp-json\/wp\/v2\/product_cat?post=19248"},{"taxonomy":"product_tag","embeddable":true,"href":"https:\/\/www.naturesgiftforlife.com\/fr\/wp-json\/wp\/v2\/product_tag?post=19248"}],"curies":[{"name":"wp","href":"https:\/\/api.w.org\/{rel}","templated":true}]}}