{"id":19230,"date":"2022-02-04T09:36:37","date_gmt":"2022-02-04T09:36:37","guid":{"rendered":"https:\/\/www.naturesgiftforlife.com\/?post_type=product&#038;p=19230"},"modified":"2023-08-08T16:26:52","modified_gmt":"2023-08-08T16:26:52","slug":"pounds-away","status":"publish","type":"product","link":"https:\/\/www.naturesgiftforlife.com\/fr\/shop\/pounds-away\/","title":{"rendered":"Livres loin avec Hoodia"},"content":{"rendered":"<div data-elementor-type=\"wp-post\" data-elementor-id=\"19230\" class=\"elementor elementor-19230\">\n\t\t\t\t\t\t<section class=\"elementor-section elementor-top-section elementor-element elementor-element-cc27698 elementor-section-boxed elementor-section-height-default elementor-section-height-default\" data-id=\"cc27698\" data-element_type=\"section\" data-e-type=\"section\">\n\t\t\t\t\t\t<div class=\"elementor-container elementor-column-gap-default\">\n\t\t\t\t\t<div class=\"elementor-column elementor-col-100 elementor-top-column elementor-element elementor-element-3f9a6dd\" data-id=\"3f9a6dd\" data-element_type=\"column\" data-e-type=\"column\">\n\t\t\t<div class=\"elementor-widget-wrap elementor-element-populated\">\n\t\t\t\t\t\t<div class=\"elementor-element elementor-element-2d595ae elementor-widget elementor-widget-html\" data-id=\"2d595ae\" data-element_type=\"widget\" data-e-type=\"widget\" data-widget_type=\"html.default\">\n\t\t\t\t<div class=\"elementor-widget-container\">\n\t\t\t\t\t<a name=\"more\"><\/a>\t\t\t\t<\/div>\n\t\t\t\t<\/div>\n\t\t\t\t<div class=\"elementor-element elementor-element-245bc20 elementor-invisible elementor-widget elementor-widget-toggle\" data-id=\"245bc20\" data-element_type=\"widget\" data-e-type=\"widget\" data-settings=\"{&quot;_animation&quot;:&quot;flash&quot;}\" data-widget_type=\"toggle.default\">\n\t\t\t\t<div class=\"elementor-widget-container\">\n\t\t\t\t\t\t\t<div class=\"elementor-toggle\">\n\t\t\t\t\t\t\t<div class=\"elementor-toggle-item\">\n\t\t\t\t\t<div id=\"elementor-tab-title-3811\" class=\"elementor-tab-title\" data-tab=\"1\" role=\"button\" aria-controls=\"elementor-tab-content-3811\" aria-expanded=\"false\">\n\t\t\t\t\t\t\t\t\t\t\t\t<span class=\"elementor-toggle-icon elementor-toggle-icon-left\" aria-hidden=\"true\">\n\t\t\t\t\t\t\t\t\t\t\t\t\t\t\t<span class=\"elementor-toggle-icon-closed\"><i class=\"far fa-caret-square-right\"><\/i><\/span>\n\t\t\t\t\t\t\t\t<span class=\"elementor-toggle-icon-opened\"><i class=\"elementor-toggle-icon-opened fas fa-caret-square-up\"><\/i><\/span>\n\t\t\t\t\t\t\t\t\t\t\t\t\t<\/span>\n\t\t\t\t\t\t\t\t\t\t\t\t<a class=\"elementor-toggle-title\" tabindex=\"0\">Description d\u00e9taill\u00e9e du produit \/ faits sur les suppl\u00e9ments<\/a>\n\t\t\t\t\t<\/div>\n\n\t\t\t\t\t<div id=\"elementor-tab-content-3811\" class=\"elementor-tab-content elementor-clearfix\" data-tab=\"1\" role=\"region\" aria-labelledby=\"elementor-tab-title-3811\"><p><span style=\"color: #000000;\"><strong>Avantages<\/strong><\/span><\/p><ul><li><span style=\"color: #000000;\">Powerful fat burner;<\/span><\/li><li><span style=\"color: #000000;\">Increases energy levels and improves sports execution;<\/span><\/li><li><span style=\"color: #000000;\">Powerful appetite suppressant;<\/span><\/li><li><span style=\"color: #000000;\">Prevents water retention <strong>;<\/strong><\/span><\/li><li><span style=\"color: #000000;\">Increases muscle mass;<\/span><\/li><li><span style=\"color: #000000;\">Drains, purifies and regenerates tissues;<\/span><\/li><li><span style=\"color: #000000;\">Lowers cholesterol and triglyceride levels;<\/span><\/li><li><span style=\"color: #000000;\">Powerful antioxidant;<\/span><\/li><li><span style=\"color: #000000;\">Stimulates brain activities.<\/span><\/li><\/ul><p style=\"text-align: center;\"><a class=\"buy\" href=\"#buy\"><strong>ALLER ACHETER MAINTENANT<\/strong><\/a><\/p><p><span style=\"color: #000000;\"><strong>HOODIA \u2013 CHA DE BURGRE \u2013 EXTRACT FROM THE VERT \u2013 MANGOSTEEN JUICE \u2013 L-CARNITINE \u2013 GUARANE<\/strong> <\/span><\/p><p><span style=\"color: #000000;\">Achieving and maintaining a healthy weight can lead to longer lives and help prevent the onset of overweight-related diseases such as diabetes, cancer and problems Heart. To effectively lose fat mass without jeopardizing your mass muscle, there is a simple but effective solution. <\/span><\/p><p><span style=\"color: #000000;\">The use of fat burners thermogenic. These are dietary supplements that work to help your body get get rid of superfluous body fat. The idea behind these types of burner supplements fats, is that they help to move fat from the storage tanks, thus allowing the body transform them into energy during the day. Increasing your metabolism, also makes increase your body temperature and for this you need fuel. <\/span><\/p><p><span style=\"color: #000000;\">Body fat Excessive is the fuel your body needs to maintain its metabolism. Thereafter it is the loss of superfluous fat through two mechanisms. The first is the increase apparent metabolic rate that helps burn excess fat. The second, the increase energy that leads to increased physical activity or multiple intense workouts, allow more fat to be burned.<\/span><\/p><p style=\"text-align: center;\"><a class=\"buy\" href=\"#buy\"><strong>ALLER ACHETER MAINTENANT<\/strong><\/a><\/p><p><span style=\"color: #000000;\">One of the most powerful thermogenic fat burners is ephedrine (Ma Huang). Ephedrine is very controversial in recent years, because of its potentially dangerous adverse effects such as palpitations, hypertension, insomnia, dizziness, headache, tremors , nausea, nervous and psychiatric disorders (neuropathies, nervousness, memory impairment, convulsions, psychosis, anxiety, agitation), myopathies (muscle disturbances) hyperperspiration (excessive sweating), general weakness and difficulty breathing. Ephedrine stimulates internal body systems and can increase blood pressure and heart rate. <\/span><\/p><p><span style=\"color: #000000;\">It has been associated with heart attacks and cardiac arrests. Following these effects secondary ephedrine, the FDA or the U.S. Federal Food Agency and drug from the United States, banned the sale of ephedrine supplements in 2003. This has led many manufacturers to effectively replace ephedrine with thermogenic natural, plant-based, but not having these dangerous effects. <\/span><\/p><p><span style=\"color: #000000;\">NG4L Pounds Away With Hoodia is a formula that combines thermogenic plants in order to facilitate the loss of weight. Another big challenge in weight loss is appetite control. It&#8217;s a step essential to prevent excessive consumption of food and lose weight effectively.<\/span><\/p><p style=\"text-align: center;\"><a class=\"buy\" href=\"#buy\"><strong>ALLER ACHETER MAINTENANT<\/strong><\/a><\/p><p><span style=\"color: #000000;\">In the past, amphetamine derivatives formed the basis of appetite suppressants, but their effects secondary led to their prohibition. Today, natural appetite suppressants have taken their place and are common ingredients in dietary supplements. In addition to being effective, they also have the advantage of not putting your health at risk. NG4L Pounds Away With Hoodia included powerful appetite suppressants in its formula (Hoodia gordonii, Guarana, Cha de Bugre) to allow the appetite control. <\/span><\/p><p><span style=\"color: #000000;\"><strong>LA DESCRIPTION<\/strong><strong><br \/><\/strong>NG4L Pounds Away With Hoodia is a fast weight loss purifying juice, based on a formula unique. It is a combination of six powerful thermogenic ingredients (Hoodia, Cha de Burgre, Green Tea Extract, Mangosteen Juice, L-Carnitine and Guarana) which in addition to pushing the body to lose excess weight, controls appetite and provides the vitamins and minerals it has need during weight loss.<\/span><\/p><p style=\"text-align: center;\"><a class=\"buy\" href=\"#buy\"><strong>ALLER ACHETER MAINTENANT<\/strong><\/a><\/p><p><span style=\"color: #000000;\"><strong>PR\u00c9SENTATION: <\/strong>Juice, bottle 32 fluid ounces (946.4 ml).<\/span><\/p><table style=\"height: 1486px;\" width=\"488\"><tbody><tr><td width=\"370\"><p><span style=\"color: #000000;\"><strong>Portion<\/strong>: 1 fluid ounce = 30 ml <\/span><\/p><p><span style=\"color: #000000;\"><strong>Doses per box<\/strong>: 32<\/span><\/p><\/td><td colspan=\"4\" width=\"261\">\u00a0<\/td><td width=\"1\">\u00a0<\/td><\/tr><tr><td width=\"370\"><p><span style=\"color: #000000;\"><strong>Ingr\u00e9dients <\/strong><\/span><\/p><\/td><td colspan=\"2\" width=\"119\"><p><span style=\"color: #000000;\"><strong>Quantit\u00e9 par dose <\/strong><\/span><\/p><\/td><td colspan=\"2\" width=\"142\"><p><span style=\"color: #000000;\"><strong>Dose quotidienne %<\/strong><\/span><\/p><\/td><td width=\"1\">\u00a0<\/td><\/tr><tr><td colspan=\"2\" width=\"374\"><p><span style=\"color: #000000;\">Calories<\/span><\/p><\/td><td colspan=\"2\" width=\"117\"><p><span style=\"color: #000000;\">10<\/span><\/p><\/td><td colspan=\"2\" width=\"141\">\u00a0<\/td><\/tr><tr><td colspan=\"2\" width=\"374\"><p><span style=\"color: #000000;\">Calories from<\/span><br \/><span style=\"color: #000000;\">Gros<\/span><\/p><\/td><td colspan=\"2\" width=\"117\"><p><span style=\"color: #000000;\">0<\/span><\/p><\/td><td colspan=\"2\" width=\"141\">\u00a0<\/td><\/tr><tr><td colspan=\"2\" width=\"374\"><p><span style=\"color: #000000;\">Graisse totale<\/span><\/p><\/td><td colspan=\"2\" width=\"117\"><p><span style=\"color: #000000;\">0 g<\/span><\/p><\/td><td colspan=\"2\" width=\"141\"><p><span style=\"color: #000000;\">0<\/span><\/p><\/td><\/tr><tr><td colspan=\"2\" width=\"374\"><p><span style=\"color: #000000;\">Saturated fat<\/span><\/p><\/td><td colspan=\"2\" width=\"117\"><p><span style=\"color: #000000;\">0.3 g<\/span><\/p><\/td><td colspan=\"2\" width=\"141\"><p><span style=\"color: #000000;\">3<\/span><\/p><\/td><\/tr><tr><td colspan=\"2\" width=\"374\"><p><span style=\"color: #000000;\">Cholest\u00e9rol<\/span><\/p><\/td><td colspan=\"2\" width=\"117\"><p><span style=\"color: #000000;\">0 mg<\/span><\/p><\/td><td colspan=\"2\" width=\"141\"><p><span style=\"color: #000000;\">0<\/span><\/p><\/td><\/tr><tr><td colspan=\"2\" width=\"374\"><p><span style=\"color: #000000;\">Sodium<\/span><\/p><\/td><td colspan=\"2\" width=\"117\"><p><span style=\"color: #000000;\">0 mg<\/span><\/p><\/td><td colspan=\"2\" width=\"141\"><p><span style=\"color: #000000;\">0<\/span><\/p><\/td><\/tr><tr><td colspan=\"2\" width=\"374\"><p><span style=\"color: #000000;\">Glucides totaux<\/span><\/p><\/td><td colspan=\"2\" width=\"117\"><p><span style=\"color: #000000;\">3 grammes<\/span><\/p><\/td><td colspan=\"2\" width=\"141\"><p><span style=\"color: #000000;\">2<\/span><\/p><\/td><\/tr><tr><td colspan=\"2\" width=\"374\"><p><span style=\"color: #000000;\">Fibre alimentaire<\/span><\/p><\/td><td colspan=\"2\" width=\"117\"><p><span style=\"color: #000000;\">&lt; 1 g<\/span><\/p><\/td><td colspan=\"2\" width=\"141\"><p><span style=\"color: #000000;\">0<\/span><\/p><\/td><\/tr><tr><td colspan=\"2\" width=\"374\"><p><span style=\"color: #000000;\">Insoluble fiber<\/span><\/p><\/td><td colspan=\"2\" width=\"117\"><p><span style=\"color: #000000;\">2 g+<\/span><\/p><\/td><td colspan=\"2\" width=\"141\"><p><span style=\"color: #000000;\">*<\/span><\/p><\/td><\/tr><tr><td colspan=\"2\" width=\"374\"><p><span style=\"color: #000000;\">Sucres<\/span><\/p><\/td><td colspan=\"2\" width=\"117\"><p><span style=\"color: #000000;\">2 g+<\/span><\/p><\/td><td colspan=\"2\" width=\"141\"><p><span style=\"color: #000000;\">*<\/span><\/p><\/td><\/tr><tr><td colspan=\"2\" width=\"374\"><p><span style=\"color: #000000;\">Prot\u00e9ine<\/span><\/p><\/td><td colspan=\"2\" width=\"117\"><p><span style=\"color: #000000;\">0 g<\/span><\/p><\/td><td colspan=\"2\" width=\"141\"><p><span style=\"color: #000000;\">*<\/span><\/p><\/td><\/tr><tr><td colspan=\"2\" width=\"374\"><p><span style=\"color: #000000;\">Potassium<\/span><\/p><\/td><td colspan=\"2\" width=\"117\"><p><span style=\"color: #000000;\">35 mg<\/span><\/p><\/td><td colspan=\"2\" width=\"141\"><p><span style=\"color: #000000;\">10<\/span><\/p><\/td><\/tr><tr><td colspan=\"2\" width=\"374\"><p><span style=\"color: #000000;\">Vitamine C<\/span><\/p><\/td><td colspan=\"2\" width=\"117\"><p><span style=\"color: #000000;\">15 mg<\/span><\/p><\/td><td colspan=\"2\" width=\"141\"><p><span style=\"color: #000000;\">25<\/span><\/p><\/td><\/tr><tr><td colspan=\"2\" width=\"374\"><p><span style=\"color: #000000;\">Hoodia Gordonii<\/span><\/p><\/td><td colspan=\"2\" width=\"117\"><p><span style=\"color: #000000;\">400 mg+<\/span><\/p><\/td><td colspan=\"2\" width=\"141\"><p><span style=\"color: #000000;\">*<\/span><\/p><\/td><\/tr><tr><td colspan=\"2\" width=\"374\"><p><span style=\"color: #000000;\">L-carnitine<\/span><\/p><\/td><td colspan=\"2\" width=\"117\"><p><span style=\"color: #000000;\">250 mg+<\/span><\/p><\/td><td colspan=\"2\" width=\"141\"><p><span style=\"color: #000000;\">*<\/span><\/p><\/td><\/tr><tr><td colspan=\"2\" width=\"374\"><p><span style=\"color: #000000;\">Green tea extract<\/span><\/p><\/td><td colspan=\"2\" width=\"117\"><p><span style=\"color: #000000;\">100 mg+<\/span><\/p><\/td><td colspan=\"2\" width=\"141\"><p><span style=\"color: #000000;\">*<\/span><\/p><\/td><\/tr><tr><td colspan=\"2\" width=\"374\"><p><span style=\"color: #000000;\">Guarana<\/span><\/p><\/td><td colspan=\"2\" width=\"117\"><p><span style=\"color: #000000;\">15 mg+<\/span><\/p><\/td><td colspan=\"2\" width=\"141\"><p><span style=\"color: #000000;\">*<\/span><\/p><\/td><\/tr><tr><td colspan=\"2\" width=\"374\"><p><span style=\"color: #000000;\">*Percentages of daily values are based on a 2000 ration <\/span><span style=\"color: #000000;\">Calories.<\/span><\/p><\/td><td colspan=\"2\">\u00a0<\/td><td colspan=\"2\">\u00a0<\/td><\/tr><tr><td colspan=\"2\" width=\"374\"><p><span style=\"color: #000000;\">Other ingredients: Mangosteen juice (replenish from whole fruits), filtered waters, citric acid, natural flavor, potassium sorbate (inhibitor oxidation).<\/span><\/p><\/td><td colspan=\"2\">\u00a0<\/td><td colspan=\"2\">\u00a0<\/td><\/tr><\/tbody><\/table><p><span style=\"color: #000000;\"><strong>DOSAGE: <\/strong>Adults take 30ml (1 fluid ounce) in the morning on an empty stomach or before breakfast<\/span><\/p><p style=\"text-align: center;\"><a class=\"buy\" href=\"#buy\"><strong>ALLER ACHETER MAINTENANT<\/strong><\/a><\/p><p><span style=\"color: #000000;\"><strong>THE INGREDIENTS OF NG4L POUNDS AWAY<\/strong><\/span><\/p><p><span style=\"color: #000000;\"><strong> Garcinia Mangostana juice:<\/strong> A fruit with a delicious taste from Southeast Asia, which is locally known as &#8220;the Queen of Fruits&#8221;. It contains powerful antioxidants called Xanthones, which strengthen and maintain blood circulation, increase energy, help prevent dehydration and reduce the loss of essential foods. L-Carnitine is a derivative of the amino acids lysine and methionine. <\/span><\/p><p><span style=\"color: #000000;\"><strong>L-carnitine<\/strong> is found especially in tissues that use fatty acids as the main food fuel such as than skeletal and cardiac muscles. It helps burn excess fat by oxidizing it to produce energy for the muscles. Some of the traditionally recognized benefits of L-carnitine include: Boosting energy levels, brain supply In energy, improving mental performance and reducing the signs of aging. Lcarnitine helps build muscle mass and promotes weight loss<\/span><\/p><p style=\"text-align: center;\"><a class=\"buy\" href=\"#buy\"><strong>ALLER ACHETER MAINTENANT<\/strong><\/a><\/p><p><span style=\"color: #000000;\"><strong>Extrait de th\u00e9 vert<\/strong> is concentrated in polyphenols, antioxidants and caffeine that give it an anti-aging, diuretic and slimming action burns fat. Two capsules of NG4L Hoodia with Green Tea contain 100 mg of polyphenols equivalent to what 10 cups of tea contain green. Green tea does two things that make it a weight loss superstar. First of all The active ingredients in green tea cause a thermogenesis effect. <\/span><\/p><p><span style=\"color: #000000;\">This means that the body burns the preserved fat. This process turns the stored calories (fat) into energy. Caffeine and EGCG (epigallocatechin gallate) are responsible. Caffeine increases the ability to use fatty acids and EGCG increases fat oxidation. Secondly, green tea blocks the assimilation of carbohydrates and fats by inhibiting certain Dietary Products \u2013 NG4L Pounds Away with Hoodia 128 digestive enzymes. In addition to stimulating weight loss, green tea has other virtues. He prevents cancer, increases the body&#8217;s energy, lowers cholesterol and traps free radicals.<\/span><\/p><p style=\"text-align: center;\"><a class=\"buy\" href=\"#buy\"><strong>ALLER ACHETER MAINTENANT<\/strong><\/a><\/p><p><span style=\"color: #000000;\"> <strong>Le Guarana (Paullinia Cupana)<\/strong> is a shrub of the sapindaceae family, also called guaranine or Brazilian cocoa. It is a woody liana native to the Amazon rainforest that climbs trees and produces seeds rich in caffeine, theobromine, xanthine, theophylline, trace elements (calcium, magnesium, iron, potassium and phosphorus) and vitamins of Group B. <\/span><\/p><p><span style=\"color: #000000;\">Guarana has been consumed since pre-Columbian times by the Guarani Indians. for the preparation of fortifying drinks. Guarana is especially popular in Brazil and the Venezuela where it is drunk like coffee. It is the richest seed in caffeine, it contains more than coffee. Guarana seeds contain between 3% and 7% caffeine, which is 2 to 3.5% more than coffee beans. The assimilation of its caffeine in the body is slow and gradual (6 to 8 hours), thus providing a feeling of well-being and wakefulness, and not a &#8220;boost&#8221;. This is thanks to that which Guarana allows you to enjoy the benefits of caffeine without its disadvantages. <\/span><\/p><p><span style=\"color: #000000;\">It is estimated that its prolonged action lasts about 4h00. Guarana is also gentler on the system digestive than many other forms of caffeine and is preferred by many people as an alternative to coffee. Guarana is beneficial for fighting weight and cellulite. By eliminating or soliciting more the use of fat masses, the body loses faster body fat. In addition since caffeine promotes intestinal transit and slightly increases the basal metabolism, acts as a diuretic and appetite suppressant. Guarana is a neuromuscular tonic that owes its stimulating power on the nervous system sympathetic to its richness in xanthines.<\/span><\/p><p style=\"text-align: center;\"><a class=\"buy\" href=\"#buy\"><strong>ALLER ACHETER MAINTENANT<\/strong><\/a><\/p><p><span style=\"color: #000000;\">The tannins of guarana have an astringent action and vasoconstrictor on small superficial vessels. Guarana also has anti-stress properties, anti-diarrheal, anti-influenza, analgesic and antimigraine.<\/span><\/p><p><span style=\"color: #000000;\"><strong> Cha de Bugre (Cordia Ecalyculata):<\/strong> The natives of Brazil have maintained this ingredient in secret for centuries and have consumed it to cut hunger, increase metabolism, energy and as a diuretic. Cha de Bugre has a greater thermogenic effect than ephedrine (but without the side effects of it) and a potency twice as great as that of Hoodia Gordonii to cut hunger. In Brazil, it is commonly referred to as &#8220;coffee on Mato&#8221; or wood coffee because of its effects similar to the powerful stimulant. The Cha de Bugre promotes weight loss by suppressing appetite, increasing metabolism and energy body and decreasing fluid retention. It also stimulates brain activities<\/span><\/p><p><span style=\"color: #000000;\"><strong> Hoodia gordonii<\/strong> is a thorny and succulent plant that grows wild in the Kalahari Desert, northern province of South Africa. <\/span><\/p><p><span style=\"color: #000000;\">It has been used since time prehistoric by the San tribes, some 1000 km from Johannesburg, who chew it for quench thirst and appetite during their long hunting expeditions. Indeed, a single drop of the whitish and very bitter sap of this cactus cancels hunger and thirst for several hours and restores energy. The appetite suppressant action of Hoodia is due to the P57 molecule (steroidal glycoside) which was discovered in 1996. It is highly active and acts directly on the part of the brain controlling satiety, as does glucose.<\/span><\/p><p style=\"text-align: center;\"><a class=\"buy\" href=\"#buy\"><strong>ALLER ACHETER MAINTENANT<\/strong><\/a><\/p><p><span style=\"color: #000000;\">This is the hypothalamus of which one of the Essential roles is the analysis of the concentration of certain nutrients, and in particular of the glucose, in order to create or inhibit the feeling of &#8220;hunger&#8221;. The P57 molecule acts as the glucose but developing an activity about 10,000 times higher, but does not bring any calorie. In fact, it deceives the brain and the body by letting it believe that we have just eaten. People ingesting Hoodia see an immediate improvement in their mood, followed by a feeling of satiety. <\/span><\/p><p><span style=\"color: #000000;\">They simply don&#8217;t want to eat anymore and even at the time of the meals they no longer feel the need to chew or swallow their food. At the same time as this feeling of satiety, they notice an improvement in their mood.\u00a0 Hoodia Gordonii therefore offers the immense advantage of allowing to eat less without particular effort, without effect secondary, without frustration and without loss of vitality. Numerous laboratory tests demonstrate the ability of Hoodia Gordonii to reduce calorie intake as well as mass Body. Hoodia is able to reduce calorie intake by 30-40%.<\/span><\/p><p style=\"text-align: center;\"><a class=\"buy\" href=\"#buy\"><strong>ALLER ACHETER MAINTENANT<\/strong><\/a><\/p><p><span style=\"color: #000000;\"><strong>Advantages of NG4L Pounds Away With Hoodia<\/strong><\/span><\/p><ul><li><span style=\"color: #000000;\">\u00a0Rich in vitamin B group and trace elements (Calcium, Magnesium, Iron, Potassium, Phosphorus); <\/span><\/li><li><span style=\"color: #000000;\">Rich in tannins that tighten the tissues of the body important during weight loss because what these have an astringent and vasoconstrictor role on small vessels superficial; <\/span><\/li><li><span style=\"color: #000000;\">Hoodia, guarana and Cha de Bugre offer a huge advantage as they allow you to eat less, without special effort, without frustration and without loss of vitality. They have none side effect unlike other appetite suppressants; <\/span><\/li><li><span style=\"color: #000000;\">Guarana contains natural caffeine and acts as a stimulant of physical activities and cerebral. Its natural caffeine does not have the usual negative effects of caffeine intake (tremors, insomnia, nausea&#8230;);<\/span><\/li><li><span style=\"color: #000000;\">Juice with a delicious taste easier to swallow than capsules and tablets;<\/span><\/li><li><span style=\"color: #000000;\">Has a high ORAC** rate thanks to mangosteen; <\/span><\/li><li><span style=\"color: #000000;\">Boosts immunity and fights against aging; <\/span><\/li><li><span style=\"color: #000000;\">A single bottle is enough for one month; <\/span><\/li><li><span style=\"color: #000000;\">Only one dose per day; <\/span><\/li><li><span style=\"color: #000000;\">Easily assimilated by the body; <\/span><\/li><li><span style=\"color: #000000;\">Is a natural source of elagic acid and fiber.<\/span><\/li><\/ul><\/div>\n\t\t\t\t<\/div>\n\t\t\t\t\t\t\t<div class=\"elementor-toggle-item\">\n\t\t\t\t\t<div id=\"elementor-tab-title-3812\" class=\"elementor-tab-title\" data-tab=\"2\" role=\"button\" aria-controls=\"elementor-tab-content-3812\" aria-expanded=\"false\">\n\t\t\t\t\t\t\t\t\t\t\t\t<span class=\"elementor-toggle-icon elementor-toggle-icon-left\" aria-hidden=\"true\">\n\t\t\t\t\t\t\t\t\t\t\t\t\t\t\t<span class=\"elementor-toggle-icon-closed\"><i class=\"far fa-caret-square-right\"><\/i><\/span>\n\t\t\t\t\t\t\t\t<span class=\"elementor-toggle-icon-opened\"><i class=\"elementor-toggle-icon-opened fas fa-caret-square-up\"><\/i><\/span>\n\t\t\t\t\t\t\t\t\t\t\t\t\t<\/span>\n\t\t\t\t\t\t\t\t\t\t\t\t<a class=\"elementor-toggle-title\" tabindex=\"0\">..<\/a>\n\t\t\t\t\t<\/div>\n\n\t\t\t\t\t<div id=\"elementor-tab-content-3812\" class=\"elementor-tab-content elementor-clearfix\" data-tab=\"2\" role=\"region\" aria-labelledby=\"elementor-tab-title-3812\"><\/div>\n\t\t\t\t<\/div>\n\t\t\t\t\t\t\t\t<\/div>\n\t\t\t\t\t\t<\/div>\n\t\t\t\t<\/div>\n\t\t\t\t\t<\/div>\n\t\t<\/div>\n\t\t\t\t\t<\/div>\n\t\t<\/section>\n\t\t\t\t<\/div>","protected":false},"excerpt":{"rendered":"<p><a name=\"buy\"><\/a><\/p>\n<ul>\n<li>Livres loin avec Hoodia<\/li>\n<li>Efficace pour prot\u00e9ger les yeux<\/li>\n<li>Diminuer la probabilit\u00e9 de d\u00e9velopper des cataractes<\/li>\n<li>Aide les yeux \u00e0 mieux s&#039;adapter \u00e0 un \u00e9clairage clair et faible<\/li>\n<li>R\u00e9duit le risque de d\u00e9velopper une d\u00e9g\u00e9n\u00e9rescence maculaire de nombreux probl\u00e8mes oculaires<\/li>\n<\/ul>\n<p><strong>\u00a0\u00a0\u00a0\u00a0\u00a0\u00a0 &gt;&gt;&gt;<span style=\"font-family: go; font-size: 14pt;\"><a href=\"#more\"><span style=\"color: #0000ff;\">Lire la suite<\/span><\/a><\/span><\/strong><\/p>","protected":false},"featured_media":19234,"comment_status":"open","ping_status":"closed","template":"","meta":{"nf_dc_page":"","_bbp_topic_count":0,"_bbp_reply_count":0,"_bbp_total_topic_count":0,"_bbp_total_reply_count":0,"_bbp_voice_count":0,"_bbp_anonymous_reply_count":0,"_bbp_topic_count_hidden":0,"_bbp_reply_count_hidden":0,"_bbp_forum_subforum_count":0},"product_brand":[],"product_cat":[33,23],"product_tag":[],"class_list":{"0":"post-19230","1":"product","2":"type-product","3":"status-publish","4":"has-post-thumbnail","6":"product_cat-all-products","7":"product_cat-diet","9":"first","10":"instock","11":"shipping-taxable","12":"purchasable","13":"product-type-simple"},"bundled_by":[],"bundle_stock_status":"instock","bundle_stock_quantity":2,"bundle_virtual":false,"bundle_layout":"","bundle_add_to_cart_form_location":"","bundle_editable_in_cart":false,"bundle_sold_individually_context":"","bundle_item_grouping":"","bundle_min_size":"","bundle_max_size":"","bundled_items":[],"bundle_sell_ids":[],"_links":{"self":[{"href":"https:\/\/www.naturesgiftforlife.com\/fr\/wp-json\/wp\/v2\/product\/19230","targetHints":{"allow":["GET"]}}],"collection":[{"href":"https:\/\/www.naturesgiftforlife.com\/fr\/wp-json\/wp\/v2\/product"}],"about":[{"href":"https:\/\/www.naturesgiftforlife.com\/fr\/wp-json\/wp\/v2\/types\/product"}],"replies":[{"embeddable":true,"href":"https:\/\/www.naturesgiftforlife.com\/fr\/wp-json\/wp\/v2\/comments?post=19230"}],"version-history":[{"count":0,"href":"https:\/\/www.naturesgiftforlife.com\/fr\/wp-json\/wp\/v2\/product\/19230\/revisions"}],"wp:featuredmedia":[{"embeddable":true,"href":"https:\/\/www.naturesgiftforlife.com\/fr\/wp-json\/wp\/v2\/media\/19234"}],"wp:attachment":[{"href":"https:\/\/www.naturesgiftforlife.com\/fr\/wp-json\/wp\/v2\/media?parent=19230"}],"wp:term":[{"taxonomy":"product_brand","embeddable":true,"href":"https:\/\/www.naturesgiftforlife.com\/fr\/wp-json\/wp\/v2\/product_brand?post=19230"},{"taxonomy":"product_cat","embeddable":true,"href":"https:\/\/www.naturesgiftforlife.com\/fr\/wp-json\/wp\/v2\/product_cat?post=19230"},{"taxonomy":"product_tag","embeddable":true,"href":"https:\/\/www.naturesgiftforlife.com\/fr\/wp-json\/wp\/v2\/product_tag?post=19230"}],"curies":[{"name":"wp","href":"https:\/\/api.w.org\/{rel}","templated":true}]}}