{"id":19218,"date":"2022-02-03T15:22:24","date_gmt":"2022-02-03T15:22:24","guid":{"rendered":"https:\/\/www.naturesgiftforlife.com\/?post_type=product&#038;p=19218"},"modified":"2024-08-04T09:41:59","modified_gmt":"2024-08-04T09:41:59","slug":"perfect-slim-african-bush-mango","status":"publish","type":"product","link":"https:\/\/www.naturesgiftforlife.com\/fr\/shop\/perfect-slim-african-bush-mango\/","title":{"rendered":"Perfect Slim African Bush Mango Capsules"},"content":{"rendered":"<div data-elementor-type=\"wp-post\" data-elementor-id=\"19218\" class=\"elementor elementor-19218\">\n\t\t\t\t\t\t<section class=\"elementor-section elementor-top-section elementor-element elementor-element-cc27698 elementor-section-boxed elementor-section-height-default elementor-section-height-default\" data-id=\"cc27698\" data-element_type=\"section\" data-e-type=\"section\">\n\t\t\t\t\t\t<div class=\"elementor-container elementor-column-gap-default\">\n\t\t\t\t\t<div class=\"elementor-column elementor-col-100 elementor-top-column elementor-element elementor-element-3f9a6dd\" data-id=\"3f9a6dd\" data-element_type=\"column\" data-e-type=\"column\">\n\t\t\t<div class=\"elementor-widget-wrap elementor-element-populated\">\n\t\t\t\t\t\t<div class=\"elementor-element elementor-element-2d595ae elementor-widget elementor-widget-html\" data-id=\"2d595ae\" data-element_type=\"widget\" data-e-type=\"widget\" data-widget_type=\"html.default\">\n\t\t\t\t<div class=\"elementor-widget-container\">\n\t\t\t\t\t<a name=\"more\"><\/a>\t\t\t\t<\/div>\n\t\t\t\t<\/div>\n\t\t\t\t<div class=\"elementor-element elementor-element-245bc20 elementor-invisible elementor-widget elementor-widget-toggle\" data-id=\"245bc20\" data-element_type=\"widget\" data-e-type=\"widget\" data-settings=\"{&quot;_animation&quot;:&quot;flash&quot;}\" data-widget_type=\"toggle.default\">\n\t\t\t\t<div class=\"elementor-widget-container\">\n\t\t\t\t\t\t\t<div class=\"elementor-toggle\">\n\t\t\t\t\t\t\t<div class=\"elementor-toggle-item\">\n\t\t\t\t\t<div id=\"elementor-tab-title-3811\" class=\"elementor-tab-title\" data-tab=\"1\" role=\"button\" aria-controls=\"elementor-tab-content-3811\" aria-expanded=\"false\">\n\t\t\t\t\t\t\t\t\t\t\t\t<span class=\"elementor-toggle-icon elementor-toggle-icon-left\" aria-hidden=\"true\">\n\t\t\t\t\t\t\t\t\t\t\t\t\t\t\t<span class=\"elementor-toggle-icon-closed\"><i class=\"far fa-caret-square-right\"><\/i><\/span>\n\t\t\t\t\t\t\t\t<span class=\"elementor-toggle-icon-opened\"><i class=\"elementor-toggle-icon-opened fas fa-caret-square-up\"><\/i><\/span>\n\t\t\t\t\t\t\t\t\t\t\t\t\t<\/span>\n\t\t\t\t\t\t\t\t\t\t\t\t<a class=\"elementor-toggle-title\" tabindex=\"0\">Description d\u00e9taill\u00e9e du produit \/ faits sur les suppl\u00e9ments<\/a>\n\t\t\t\t\t<\/div>\n\n\t\t\t\t\t<div id=\"elementor-tab-content-3811\" class=\"elementor-tab-content elementor-clearfix\" data-tab=\"1\" role=\"region\" aria-labelledby=\"elementor-tab-title-3811\"><ul><li><strong>Avantages:<\/strong><\/li><li>Support for rapid and healthy weight loss (up to 5.5 kg per month);<\/li><li>Helps maintain normal cholesterol levels;<\/li><li>Help maintain weight management goals;<\/li><li>Supports healthy blood sugar;<\/li><li>Promotes cardiovascular health;<\/li><li>Increases metabolism and burns excess body fat;<\/li><li>Increases energy levels, allowing for a better active life;<\/li><li>Reduces appetite and cravings for snacking;<\/li><li>100% natural and safe for long term use;<\/li><li>promotes digestion and the elimination of toxins;<\/li><li>It&#8217;s a unique, easy-to-use formula that has everything you need for easy weight loss.<\/li><li>It helps control cravings, increases energy, suppresses appetite, boosts metabolism and thereby promotes fat breakdown.<\/li><li>It is 100% natural, without danger or side effects.<\/li><li><span style=\"color: #000000;\">It allows a loss of fat mass without affecting muscle mass.<\/span><\/li><\/ul><p><span style=\"color: #000000;\">Its effectiveness does not require a weight loss diet or physical exercise. However, a balanced diet rich in fruits and vegetables and physical exercise are recommended to ensure optimal results.<\/span><\/p><p style=\"text-align: center;\"><a class=\"buy\" href=\"#buy\"><strong>ALLER ACHETER MAINTENANT<\/strong><\/a><\/p><h5><span style=\"color: #000000;\">Opt for your Ng4l perfect Slim African Bush Mango and lose the weight<\/span><\/h5><p><span style=\"color: #000000;\">NG4L Perfect Slim African Bush Mango Capsules is a unique fat burning formula that contains Irvinga Gabonensis, White Kidney Bean Extract (Phaseolamin), Green Tea Extract, Baobab Extract and Konjac Glucomannan Root. This formula facilitates weight loss by increasing metabolism and appetite control. Its high fiber content increases satiety and provides the vitamins, minerals and amino acids needed during weight loss. It is a natural source of fiber that not only helps lower bad cholesterol while increasing good cholesterol, but also improves fat regulation and acts as a mild laxative. These fibers help delay the gastric emptying process, thus prolonging the feeling of satiety and causing you to eat less. They also help improve digestion and eliminate toxins from the body to which they bind in the colon. NG4L Perfect Slim African Bush Mango Capsules can be taken by men and women between the ages of 18 and 80 to stimulate weight loss and increase energy levels.<\/span><\/p><p style=\"text-align: center;\"><a class=\"buy\" href=\"#buy\"><strong>ALLER ACHETER MAINTENANT<\/strong><\/a><\/p><p><span style=\"color: #000000;\"><strong>PR\u00c9SENTATION: <\/strong>box of 60 vegetable capsules<\/span><\/p><table style=\"height: 670px;\" width=\"486\"><tbody><tr><td width=\"397\"><p><span style=\"color: #000000;\">Serving size 1 capsule dose per box: 60<\/span><\/p><\/td><td colspan=\"2\" width=\"229\">\u00a0<\/td><\/tr><tr><td width=\"397\"><p><span style=\"color: #000000;\">Ingr\u00e9dients<\/span><\/p><\/td><td width=\"114\"><p><span style=\"color: #000000;\">Quantit\u00e9 par dose<\/span><\/p><\/td><td width=\"113\"><p><span style=\"color: #000000;\">Valeur quotidienne %<\/span><\/p><\/td><\/tr><tr><td width=\"397\"><p><span style=\"color: #000000;\">Complex mixture of:<\/span><br \/><span style=\"color: #000000;\">wild African mango extract<\/span><br \/><span style=\"color: #000000;\">4:1 (Irvinga gabonensis) and Irvingia<\/span><br \/><span style=\"color: #000000;\">IGOB131<\/span><\/p><\/td><td width=\"114\"><p><span style=\"color: #000000;\">300 mg<\/span><\/p><\/td><td width=\"113\"><p><span style=\"color: #000000;\">*<\/span><\/p><\/td><\/tr><tr><td width=\"397\"><p><span style=\"color: #000000;\">Konjac root fibers<\/span><br \/><span style=\"color: #000000;\">(Glucomannan)<\/span><\/p><\/td><td width=\"114\"><p><span style=\"color: #000000;\">200 mg<\/span><\/p><\/td><td width=\"113\"><p><span style=\"color: #000000;\">*<\/span><\/p><\/td><\/tr><tr><td width=\"397\"><p><span style=\"color: #000000;\">White bean extract 4:1<\/span><\/p><\/td><td width=\"114\"><p><span style=\"color: #000000;\">100 mg<\/span><\/p><\/td><td width=\"113\"><p><span style=\"color: #000000;\">*<\/span><\/p><\/td><\/tr><tr><td width=\"397\"><p><span style=\"color: #000000;\">Green tea extract (18% EGCG)<\/span><\/p><\/td><td width=\"114\"><p><span style=\"color: #000000;\">50 mg<\/span><\/p><\/td><td width=\"113\"><p><span style=\"color: #000000;\">*<\/span><\/p><\/td><\/tr><tr><td width=\"397\"><p><span style=\"color: #000000;\">Baobab extract 4:1<\/span><\/p><\/td><td width=\"114\"><p><span style=\"color: #000000;\">50 mg<\/span><\/p><\/td><td width=\"113\"><p><span style=\"color: #000000;\">*<\/span><\/p><\/td><\/tr><tr><td colspan=\"3\" width=\"627\"><p><span style=\"color: #000000;\">Other ingredients: vegetable stearate, vegetable cellulose (capsule) and silica.<\/span><br \/><span style=\"color: #000000;\">*% recommended daily value not established.<\/span><\/p><\/td><\/tr><\/tbody><\/table><p style=\"text-align: center;\"><a class=\"buy\" href=\"#buy\"><strong>ALLER ACHETER MAINTENANT<\/strong><\/a><\/p><p><span style=\"color: #000000;\"><strong>DIRECTIONS:<\/strong> overweight and obesity, reduction of localized fatty deposits (aesthetic cellulite, lipoma, etc.), polyphagia (increased appetite), constipation, hypercholesterolemia (raised blood cholesterol level), diabetes, hepatic steatosis.<\/span><\/p><p><span style=\"color: #000000;\"><strong>DOSAGE:<\/strong> adults, take 1 capsule twice a day with a large glass of water, preferably before meals.<\/span><\/p><div class=\"notranslate\" style=\"all: initial;\">\u00a0<\/div><\/div>\n\t\t\t\t<\/div>\n\t\t\t\t\t\t\t<div class=\"elementor-toggle-item\">\n\t\t\t\t\t<div id=\"elementor-tab-title-3812\" class=\"elementor-tab-title\" data-tab=\"2\" role=\"button\" aria-controls=\"elementor-tab-content-3812\" aria-expanded=\"false\">\n\t\t\t\t\t\t\t\t\t\t\t\t<span class=\"elementor-toggle-icon elementor-toggle-icon-left\" aria-hidden=\"true\">\n\t\t\t\t\t\t\t\t\t\t\t\t\t\t\t<span class=\"elementor-toggle-icon-closed\"><i class=\"far fa-caret-square-right\"><\/i><\/span>\n\t\t\t\t\t\t\t\t<span class=\"elementor-toggle-icon-opened\"><i class=\"elementor-toggle-icon-opened fas fa-caret-square-up\"><\/i><\/span>\n\t\t\t\t\t\t\t\t\t\t\t\t\t<\/span>\n\t\t\t\t\t\t\t\t\t\t\t\t<a class=\"elementor-toggle-title\" tabindex=\"0\">..<\/a>\n\t\t\t\t\t<\/div>\n\n\t\t\t\t\t<div id=\"elementor-tab-content-3812\" class=\"elementor-tab-content elementor-clearfix\" data-tab=\"2\" role=\"region\" aria-labelledby=\"elementor-tab-title-3812\"><\/div>\n\t\t\t\t<\/div>\n\t\t\t\t\t\t\t\t<\/div>\n\t\t\t\t\t\t<\/div>\n\t\t\t\t<\/div>\n\t\t\t\t\t<\/div>\n\t\t<\/div>\n\t\t\t\t\t<\/div>\n\t\t<\/section>\n\t\t\t\t<\/div>","protected":false},"excerpt":{"rendered":"<p><a name=\"buy\"><\/a>Mangue de brousse africaine parfaite et mince<\/p>\n<ul>\n<li>Perfect Slim African Bush Mango is very Effective in protecting the eyes<\/li>\n<li>Diminuer la probabilit\u00e9 de d\u00e9velopper des cataractes<\/li>\n<li>Aide les yeux \u00e0 mieux s&#039;adapter \u00e0 un \u00e9clairage clair et faible<\/li>\n<li>R\u00e9duit le risque de d\u00e9velopper une d\u00e9g\u00e9n\u00e9rescence maculaire de nombreux probl\u00e8mes oculaires<\/li>\n<\/ul>\n<p><strong>\u00a0\u00a0\u00a0\u00a0\u00a0\u00a0 &gt;&gt;&gt;<span style=\"font-family: go; font-size: 14pt;\"><a href=\"#more\"><span style=\"color: #0000ff;\">Lire la suite<\/span><\/a><\/span><\/strong><\/p>","protected":false},"featured_media":19223,"comment_status":"open","ping_status":"closed","template":"","meta":{"nf_dc_page":"","_bbp_topic_count":0,"_bbp_reply_count":0,"_bbp_total_topic_count":0,"_bbp_total_reply_count":0,"_bbp_voice_count":0,"_bbp_anonymous_reply_count":0,"_bbp_topic_count_hidden":0,"_bbp_reply_count_hidden":0,"_bbp_forum_subforum_count":0},"product_brand":[],"product_cat":[33,23,32],"product_tag":[],"class_list":{"0":"post-19218","1":"product","2":"type-product","3":"status-publish","4":"has-post-thumbnail","6":"product_cat-all-products","7":"product_cat-diet","8":"product_cat-special-products","10":"first","11":"instock","12":"shipping-taxable","13":"purchasable","14":"product-type-simple"},"bundled_by":[],"bundle_stock_status":"instock","bundle_stock_quantity":2,"bundle_virtual":false,"bundle_layout":"","bundle_add_to_cart_form_location":"","bundle_editable_in_cart":false,"bundle_sold_individually_context":"","bundle_item_grouping":"","bundle_min_size":"","bundle_max_size":"","bundled_items":[],"bundle_sell_ids":[],"_links":{"self":[{"href":"https:\/\/www.naturesgiftforlife.com\/fr\/wp-json\/wp\/v2\/product\/19218","targetHints":{"allow":["GET"]}}],"collection":[{"href":"https:\/\/www.naturesgiftforlife.com\/fr\/wp-json\/wp\/v2\/product"}],"about":[{"href":"https:\/\/www.naturesgiftforlife.com\/fr\/wp-json\/wp\/v2\/types\/product"}],"replies":[{"embeddable":true,"href":"https:\/\/www.naturesgiftforlife.com\/fr\/wp-json\/wp\/v2\/comments?post=19218"}],"version-history":[{"count":0,"href":"https:\/\/www.naturesgiftforlife.com\/fr\/wp-json\/wp\/v2\/product\/19218\/revisions"}],"wp:featuredmedia":[{"embeddable":true,"href":"https:\/\/www.naturesgiftforlife.com\/fr\/wp-json\/wp\/v2\/media\/19223"}],"wp:attachment":[{"href":"https:\/\/www.naturesgiftforlife.com\/fr\/wp-json\/wp\/v2\/media?parent=19218"}],"wp:term":[{"taxonomy":"product_brand","embeddable":true,"href":"https:\/\/www.naturesgiftforlife.com\/fr\/wp-json\/wp\/v2\/product_brand?post=19218"},{"taxonomy":"product_cat","embeddable":true,"href":"https:\/\/www.naturesgiftforlife.com\/fr\/wp-json\/wp\/v2\/product_cat?post=19218"},{"taxonomy":"product_tag","embeddable":true,"href":"https:\/\/www.naturesgiftforlife.com\/fr\/wp-json\/wp\/v2\/product_tag?post=19218"}],"curies":[{"name":"wp","href":"https:\/\/api.w.org\/{rel}","templated":true}]}}