{"id":19120,"date":"2022-02-02T14:06:01","date_gmt":"2022-02-02T14:06:01","guid":{"rendered":"https:\/\/www.naturesgiftforlife.com\/?post_type=product&#038;p=19120"},"modified":"2023-08-08T16:29:01","modified_gmt":"2023-08-08T16:29:01","slug":"cod-liver-oil","status":"publish","type":"product","link":"https:\/\/www.naturesgiftforlife.com\/fr\/shop\/cod-liver-oil\/","title":{"rendered":"Cod Liver Oil"},"content":{"rendered":"<div data-elementor-type=\"wp-post\" data-elementor-id=\"19120\" class=\"elementor elementor-19120\">\n\t\t\t\t\t\t<section class=\"elementor-section elementor-top-section elementor-element elementor-element-cc27698 elementor-section-boxed elementor-section-height-default elementor-section-height-default\" data-id=\"cc27698\" data-element_type=\"section\" data-e-type=\"section\">\n\t\t\t\t\t\t<div class=\"elementor-container elementor-column-gap-default\">\n\t\t\t\t\t<div class=\"elementor-column elementor-col-100 elementor-top-column elementor-element elementor-element-3f9a6dd\" data-id=\"3f9a6dd\" data-element_type=\"column\" data-e-type=\"column\">\n\t\t\t<div class=\"elementor-widget-wrap elementor-element-populated\">\n\t\t\t\t\t\t<div class=\"elementor-element elementor-element-2d595ae elementor-widget elementor-widget-html\" data-id=\"2d595ae\" data-element_type=\"widget\" data-e-type=\"widget\" data-widget_type=\"html.default\">\n\t\t\t\t<div class=\"elementor-widget-container\">\n\t\t\t\t\t<a name=\"more\"><\/a>\t\t\t\t<\/div>\n\t\t\t\t<\/div>\n\t\t\t\t<div class=\"elementor-element elementor-element-245bc20 elementor-invisible elementor-widget elementor-widget-toggle\" data-id=\"245bc20\" data-element_type=\"widget\" data-e-type=\"widget\" data-settings=\"{&quot;_animation&quot;:&quot;flash&quot;}\" data-widget_type=\"toggle.default\">\n\t\t\t\t<div class=\"elementor-widget-container\">\n\t\t\t\t\t\t\t<div class=\"elementor-toggle\">\n\t\t\t\t\t\t\t<div class=\"elementor-toggle-item\">\n\t\t\t\t\t<div id=\"elementor-tab-title-3811\" class=\"elementor-tab-title\" data-tab=\"1\" role=\"button\" aria-controls=\"elementor-tab-content-3811\" aria-expanded=\"false\">\n\t\t\t\t\t\t\t\t\t\t\t\t<span class=\"elementor-toggle-icon elementor-toggle-icon-left\" aria-hidden=\"true\">\n\t\t\t\t\t\t\t\t\t\t\t\t\t\t\t<span class=\"elementor-toggle-icon-closed\"><i class=\"far fa-caret-square-right\"><\/i><\/span>\n\t\t\t\t\t\t\t\t<span class=\"elementor-toggle-icon-opened\"><i class=\"elementor-toggle-icon-opened fas fa-caret-square-up\"><\/i><\/span>\n\t\t\t\t\t\t\t\t\t\t\t\t\t<\/span>\n\t\t\t\t\t\t\t\t\t\t\t\t<a class=\"elementor-toggle-title\" tabindex=\"0\">Description d\u00e9taill\u00e9e du produit \/ faits sur les suppl\u00e9ments<\/a>\n\t\t\t\t\t<\/div>\n\n\t\t\t\t\t<div id=\"elementor-tab-content-3811\" class=\"elementor-tab-content elementor-clearfix\" data-tab=\"1\" role=\"region\" aria-labelledby=\"elementor-tab-title-3811\"><p><span style=\"color: #000000;\"><strong>Avantages:<\/strong><\/span><\/p><ul><li>Diminue le risque d&#039;arythmies, qui peuvent entra\u00eener une mort cardiaque subite<\/li><li>Helps prevent cancer, and Alzheimer&#8217;s.<\/li><li>Helps in the treatment of diabetes, ulcerative colitis, Raynaud&#8217;s disease<\/li><li>Aide \u00e0 am\u00e9liorer la fonction endocrinienne<\/li><li>Diminue les taux de triglyc\u00e9rides et de mauvais cholest\u00e9rol<\/li><li>Diminue le taux de croissance de la plaque ath\u00e9roscl\u00e9reuse<\/li><li>Peut abaisser l\u00e9g\u00e8rement la tension art\u00e9rielle<\/li><li>Aide \u00e0 prot\u00e9ger contre les maladies cardiaques<\/li><li>Am\u00e9liore la sant\u00e9 globale en aidant \u00e0 soutenir nutritionnellement le contr\u00f4le naturel des lipides sanguins, tels que le cholest\u00e9rol.<\/li><li>Cod liver Oil might even delay or even reverse the destruction of joint cartilage and the inflammatory pain associated with arthritic disease.<\/li><li>Cod liver Oil can help fight and prevent heart disease, cancer, depression, Alzheimer&#8217;s, arthritis, diabetes, ulcers and hyperactivity.<\/li><li>Cod liver Oil can increase your energy level and ability to concentrate.<\/li><li>Cod liver Oil provides greater resistance to common illnesses such as flu and cold.<\/li><li>Cod liver Oil can help pregnant women avoid premature births, low birth weight and other complications.<\/li><li>Cod liver Oil can improve bipolar syndrome and manic-depression<\/li><\/ul><p><span style=\"color: #000000;\"><strong>\u00a0<\/strong><\/span><\/p><p style=\"text-align: center;\"><a href=\"#buy\"><strong>ALLER ACHETER MAINTENANT<\/strong><\/a><\/p><h5><span style=\"color: #000000;\"><strong>Food supplement based on cod liver oil Natural source of vitamins A and D<\/strong><\/span><\/h5><h5><span style=\"color: #000000;\"><strong>Excellent nutritional supplement for growing children!<\/strong><\/span><\/h5><p><span style=\"color: #000000;\">In the past, cod liver oil came in the form of a yellow oil with a taste. really horrible. Fortunately, today it is consumed in capsule or capsule form. odorless and whose taste is completely neutral. Cod liver is the liver of fish most rich in vitamin A and vitamin D according to that of the halibut. Cod liver oil is mostly known to contribute to bone health, prevent and reverse rickets in children and osteomalacia in adults. And before the discovery of cod liver oil as a Source of vitamin D, many children have suffered greatly from bone deformities.<\/span><\/p><p><span style=\"color: #000000;\">Even today, osteoporosis is a major health problem, and it has been shown to responds favorably to the vitamin D contained in cod liver oil. The fact that Cod liver contains sufficient amounts of omega-3 helps replenish and maintain strong bones. Studies have shown that in women, high levels of vitamin D in General (such as that found in cod liver oil) improved bone mineral density.<\/span><\/p><p style=\"text-align: center;\"><a href=\"#buy\"><strong>ALLER ACHETER MAINTENANT<\/strong><\/a><\/p><p><span style=\"color: #000000;\">Researchers say that taking this supplement helps delay or even reverse destruction of articular cartilage and inflammatory pain associated with arthritic diseases. Cod liver oil has been shown to inhibit the enzymes that are responsible for destruction of articular cartilage and that ultimately leads to arthritis.<\/span><\/p><p><span style=\"color: #000000;\"><strong>COMPOSITION AND PROPERTIES<\/strong><\/span><\/p><p><span style=\"color: #000000;\"> <strong>Vitamine A<\/strong>: Vitamin A is essential for the immune system, bone growth, vision at night, cell growth, testicular, ovarian, skin and Mucous membranes. <\/span><\/p><p><span style=\"color: #000000;\"><strong>Vitamin d:<\/strong> Vitamin D is essential for the absorption and use of calcium and potassium, which are necessary for the growth of the skeleton. When deciding on which product to take, remember that there is a distinction between regular fish and cod liver oil, in that cod liver oil contains levels high vitamin A and D. What&#8217;s so amazing about cod liver oil is that it contains more vitamin A and vitamin D per unit weight than any other food common. <\/span><\/p><p><span style=\"color: #000000;\">One hundred grams of regular cod liver oil provides 100,000 IU of vitamin Aeither almost three times more than beef liver! It goes without saying that cod liver oil must be consumed in small quantities, because as little as three teaspoons provides much more of the intake recommended daily for these two nutrients. <\/span><\/p><p style=\"text-align: center;\"><a href=\"#buy\"><strong>ALLER ACHETER MAINTENANT<\/strong><\/a><\/p><p><span style=\"color: #000000;\"><strong>EPA and DHA, omega 3 fatty acids:<\/strong> EPA is the precursor of prostaglandins, which are Important hormones that help the body during the inflammatory process. The D-HA east extremely important for the development and functioning of the brain and system nervous. The use of cod liver oil has also been directly linked to relief symptoms associated with syndrome X (blood sugar problems, such as diabetes) These include obesity, hypertension, insulin resistance, adult diabetes and stroke. <\/span><\/p><p><span style=\"color: #000000;\">Evidence Accumulate that most of the diseases that are prevalent in our &#8220;civilized&#8221; society can be the result of high levels of omega-6 fatty acids (in processed foods) and low levels Levels of omega-3 fatty acids, fatty acids that are typical of our diet today. Cod liver oil has so many benefits, and its healing effects are so great that it It&#8217;s amazing to notice that it took all this time for science to start spreading the word. <\/span><\/p><p style=\"text-align: center;\"><a href=\"#buy\"><strong>ALLER ACHETER MAINTENANT<\/strong><\/a><\/p><p><span style=\"color: #000000;\"><strong>LA DESCRIPTION:<\/strong> NG4L Cod Liver Oil is natural cod liver oil containing for a only soft jellies in addition to essential fatty acids, 25% recommended daily allowance of vitamin A and 34% recommended daily allowance of vitamin D. <\/span><\/p><p><span style=\"color: #000000;\"><strong>PR\u00c9SENTATION:<\/strong> box of 60 jellies <\/span><\/p><table style=\"height: 432px;\" width=\"387\"><tbody><tr><td width=\"550\"><p><span style=\"color: #000000;\"><strong>Taille de la portion : 1 portion par paquet : 60<\/strong><\/span><\/p><\/td><td colspan=\"2\" width=\"293\">\u00a0<\/td><\/tr><tr><td width=\"264\"><p><span style=\"color: #000000;\">Ingr\u00e9dients<\/span><\/p><\/td><td width=\"129\"><p><span style=\"color: #000000;\">Dose\/ingredients<\/span><\/p><\/td><td width=\"164\"><p><span style=\"color: #000000;\">% valeurs quotidiennes<\/span><\/p><\/td><\/tr><tr><td width=\"264\"><p><span style=\"color: #000000;\">Cod liver oil (EPA\/DHA)<\/span><\/p><\/td><td width=\"129\"><p><span style=\"color: #000000;\">1 000 mg<\/span><\/p><\/td><td width=\"164\"><p><span style=\"color: #000000;\">*<\/span><\/p><\/td><\/tr><tr><td width=\"264\"><p><span style=\"color: #000000;\">Vitamine A<\/span><\/p><\/td><td width=\"129\"><p><span style=\"color: #000000;\">1250 IU<\/span><\/p><\/td><td width=\"164\"><p><span style=\"color: #000000;\">25% RDA<\/span><\/p><\/td><\/tr><tr><td width=\"264\"><p><span style=\"color: #000000;\">Vitamin d<\/span><\/p><\/td><td width=\"129\"><p><span style=\"color: #000000;\">136 IU<\/span><\/p><\/td><td width=\"164\"><p><span style=\"color: #000000;\">34% RDA<\/span><\/p><\/td><\/tr><tr><td width=\"550\"><p><span style=\"color: #000000;\"><strong>Autres ingr\u00e9dients:<\/strong> gelatin, glycerin<\/span><br \/><span style=\"color: #000000;\">* % daily values not established.<\/span><\/p><\/td><\/tr><\/tbody><\/table><p><span style=\"color: #000000;\"><strong>DOSAGE<\/strong> In adults, the recommended dosage is 1-2 frosts per day with meals. In all in this case, this conform to the dosage recommended by your healthcare professional.<\/span><\/p><div style=\"all: initial;\">\u00a0<\/div><\/div>\n\t\t\t\t<\/div>\n\t\t\t\t\t\t\t<div class=\"elementor-toggle-item\">\n\t\t\t\t\t<div id=\"elementor-tab-title-3812\" class=\"elementor-tab-title\" data-tab=\"2\" role=\"button\" aria-controls=\"elementor-tab-content-3812\" aria-expanded=\"false\">\n\t\t\t\t\t\t\t\t\t\t\t\t<span class=\"elementor-toggle-icon elementor-toggle-icon-left\" aria-hidden=\"true\">\n\t\t\t\t\t\t\t\t\t\t\t\t\t\t\t<span class=\"elementor-toggle-icon-closed\"><i class=\"far fa-caret-square-right\"><\/i><\/span>\n\t\t\t\t\t\t\t\t<span class=\"elementor-toggle-icon-opened\"><i class=\"elementor-toggle-icon-opened fas fa-caret-square-up\"><\/i><\/span>\n\t\t\t\t\t\t\t\t\t\t\t\t\t<\/span>\n\t\t\t\t\t\t\t\t\t\t\t\t<a class=\"elementor-toggle-title\" tabindex=\"0\">..<\/a>\n\t\t\t\t\t<\/div>\n\n\t\t\t\t\t<div id=\"elementor-tab-content-3812\" class=\"elementor-tab-content elementor-clearfix\" data-tab=\"2\" role=\"region\" aria-labelledby=\"elementor-tab-title-3812\"><\/div>\n\t\t\t\t<\/div>\n\t\t\t\t\t\t\t\t<\/div>\n\t\t\t\t\t\t<\/div>\n\t\t\t\t<\/div>\n\t\t\t\t\t<\/div>\n\t\t<\/div>\n\t\t\t\t\t<\/div>\n\t\t<\/section>\n\t\t\t\t<\/div>","protected":false},"excerpt":{"rendered":"<p><a name=\"buy\"><\/a><\/p>\n<ul>\n<li>Cod Liver oil Helps prevent cancer, and Alzheimer&#8217;s.<\/li>\n<li>Helps in the treatment of diabetes, ulcerative colitis, Raynaud&#8217;s disease<\/li>\n<li>Aide \u00e0 am\u00e9liorer la fonction endocrinienne<\/li>\n<li>Diminue les taux de triglyc\u00e9rides et de mauvais cholest\u00e9rol<\/li>\n<li>Diminue le taux de croissance de la plaque ath\u00e9roscl\u00e9reuse<\/li>\n<li>Peut abaisser l\u00e9g\u00e8rement la tension art\u00e9rielle<\/li>\n<li>Aide \u00e0 prot\u00e9ger contre les maladies cardiaques<\/li>\n<li>Am\u00e9liore la sant\u00e9 globale en aidant \u00e0 soutenir nutritionnellement le contr\u00f4le naturel des lipides sanguins, tels que le cholest\u00e9rol.<\/li>\n<\/ul>\n<p><strong>\u00a0\u00a0\u00a0\u00a0\u00a0\u00a0 &gt;&gt;&gt;<span style=\"font-family: go; font-size: 14pt;\"><a href=\"#more\"><span style=\"color: #0000ff;\">Lire la suite<\/span><\/a><\/span><\/strong><\/p>","protected":false},"featured_media":19913,"comment_status":"open","ping_status":"closed","template":"","meta":{"nf_dc_page":"","_bbp_topic_count":0,"_bbp_reply_count":0,"_bbp_total_topic_count":0,"_bbp_total_reply_count":0,"_bbp_voice_count":0,"_bbp_anonymous_reply_count":0,"_bbp_topic_count_hidden":0,"_bbp_reply_count_hidden":0,"_bbp_forum_subforum_count":0},"product_brand":[],"product_cat":[33,24,32],"product_tag":[],"class_list":{"0":"post-19120","1":"product","2":"type-product","3":"status-publish","4":"has-post-thumbnail","6":"product_cat-all-products","7":"product_cat-natural-supplements","8":"product_cat-special-products","10":"first","11":"instock","12":"shipping-taxable","13":"purchasable","14":"product-type-simple"},"bundled_by":[],"bundle_stock_status":"instock","bundle_stock_quantity":null,"bundle_virtual":false,"bundle_layout":"","bundle_add_to_cart_form_location":"","bundle_editable_in_cart":false,"bundle_sold_individually_context":"","bundle_item_grouping":"","bundle_min_size":"","bundle_max_size":"","bundled_items":[],"bundle_sell_ids":[],"_links":{"self":[{"href":"https:\/\/www.naturesgiftforlife.com\/fr\/wp-json\/wp\/v2\/product\/19120","targetHints":{"allow":["GET"]}}],"collection":[{"href":"https:\/\/www.naturesgiftforlife.com\/fr\/wp-json\/wp\/v2\/product"}],"about":[{"href":"https:\/\/www.naturesgiftforlife.com\/fr\/wp-json\/wp\/v2\/types\/product"}],"replies":[{"embeddable":true,"href":"https:\/\/www.naturesgiftforlife.com\/fr\/wp-json\/wp\/v2\/comments?post=19120"}],"version-history":[{"count":0,"href":"https:\/\/www.naturesgiftforlife.com\/fr\/wp-json\/wp\/v2\/product\/19120\/revisions"}],"wp:featuredmedia":[{"embeddable":true,"href":"https:\/\/www.naturesgiftforlife.com\/fr\/wp-json\/wp\/v2\/media\/19913"}],"wp:attachment":[{"href":"https:\/\/www.naturesgiftforlife.com\/fr\/wp-json\/wp\/v2\/media?parent=19120"}],"wp:term":[{"taxonomy":"product_brand","embeddable":true,"href":"https:\/\/www.naturesgiftforlife.com\/fr\/wp-json\/wp\/v2\/product_brand?post=19120"},{"taxonomy":"product_cat","embeddable":true,"href":"https:\/\/www.naturesgiftforlife.com\/fr\/wp-json\/wp\/v2\/product_cat?post=19120"},{"taxonomy":"product_tag","embeddable":true,"href":"https:\/\/www.naturesgiftforlife.com\/fr\/wp-json\/wp\/v2\/product_tag?post=19120"}],"curies":[{"name":"wp","href":"https:\/\/api.w.org\/{rel}","templated":true}]}}