{"id":19089,"date":"2022-02-01T15:28:30","date_gmt":"2022-02-01T15:28:30","guid":{"rendered":"https:\/\/www.naturesgiftforlife.com\/?post_type=product&#038;p=19089"},"modified":"2025-05-06T20:37:41","modified_gmt":"2025-05-06T20:37:41","slug":"magnesium-citrate","status":"publish","type":"product","link":"https:\/\/www.naturesgiftforlife.com\/fr\/shop\/magnesium-citrate\/","title":{"rendered":"Magnesium Citrate 60caps"},"content":{"rendered":"<div data-elementor-type=\"wp-post\" data-elementor-id=\"19089\" class=\"elementor elementor-19089\">\n\t\t\t\t\t\t<section class=\"elementor-section elementor-top-section elementor-element elementor-element-cc27698 elementor-section-boxed elementor-section-height-default elementor-section-height-default\" data-id=\"cc27698\" data-element_type=\"section\" data-e-type=\"section\">\n\t\t\t\t\t\t<div class=\"elementor-container elementor-column-gap-default\">\n\t\t\t\t\t<div class=\"elementor-column elementor-col-100 elementor-top-column elementor-element elementor-element-3f9a6dd\" data-id=\"3f9a6dd\" data-element_type=\"column\" data-e-type=\"column\">\n\t\t\t<div class=\"elementor-widget-wrap elementor-element-populated\">\n\t\t\t\t\t\t<div class=\"elementor-element elementor-element-2d595ae elementor-widget elementor-widget-html\" data-id=\"2d595ae\" data-element_type=\"widget\" data-e-type=\"widget\" data-widget_type=\"html.default\">\n\t\t\t\t<div class=\"elementor-widget-container\">\n\t\t\t\t\t<a name=\"more\"><\/a>\t\t\t\t<\/div>\n\t\t\t\t<\/div>\n\t\t\t\t<div class=\"elementor-element elementor-element-245bc20 elementor-invisible elementor-widget elementor-widget-toggle\" data-id=\"245bc20\" data-element_type=\"widget\" data-e-type=\"widget\" data-settings=\"{&quot;_animation&quot;:&quot;flash&quot;}\" data-widget_type=\"toggle.default\">\n\t\t\t\t<div class=\"elementor-widget-container\">\n\t\t\t\t\t\t\t<div class=\"elementor-toggle\">\n\t\t\t\t\t\t\t<div class=\"elementor-toggle-item\">\n\t\t\t\t\t<div id=\"elementor-tab-title-3811\" class=\"elementor-tab-title\" data-tab=\"1\" role=\"button\" aria-controls=\"elementor-tab-content-3811\" aria-expanded=\"false\">\n\t\t\t\t\t\t\t\t\t\t\t\t<span class=\"elementor-toggle-icon elementor-toggle-icon-left\" aria-hidden=\"true\">\n\t\t\t\t\t\t\t\t\t\t\t\t\t\t\t<span class=\"elementor-toggle-icon-closed\"><i class=\"far fa-caret-square-right\"><\/i><\/span>\n\t\t\t\t\t\t\t\t<span class=\"elementor-toggle-icon-opened\"><i class=\"elementor-toggle-icon-opened fas fa-caret-square-up\"><\/i><\/span>\n\t\t\t\t\t\t\t\t\t\t\t\t\t<\/span>\n\t\t\t\t\t\t\t\t\t\t\t\t<a class=\"elementor-toggle-title\" tabindex=\"0\">Description d\u00e9taill\u00e9e du produit \/ faits sur les suppl\u00e9ments<\/a>\n\t\t\t\t\t<\/div>\n\n\t\t\t\t\t<div id=\"elementor-tab-content-3811\" class=\"elementor-tab-content elementor-clearfix\" data-tab=\"1\" role=\"region\" aria-labelledby=\"elementor-tab-title-3811\"><p><span style=\"color: #000000;\"><strong>AN ESSENTIAL MINERAL THAT FIGHTS STRESS, DEPRESSION, FATIGUE AND CRAMPS<\/strong>! <\/span><\/p><p><span style=\"color: #000000;\"><strong>Avantages:<\/strong><\/span><\/p><ul><li><span style=\"color: #000000;\">Prot\u00e8ge le syst\u00e8me cardiovasculaire (l\u00e9ger hypotenseur, hypocholest\u00e9rol\u00e9miant, antiarythmique, antiscl\u00e9rosant) ;\u00a0<\/span><\/li><li><span style=\"color: #000000;\">Pr\u00e9vient le diab\u00e8te de type 2 et ses complications;s<\/span><\/li><li><span style=\"color: #000000;\">Relieves symptoms of premenstrual syndrome; Minerals NG4L\u2013 NG4L Ultra Magnesium Citrate 65<\/span><\/li><li><span style=\"color: #000000;\">Aide au traitement des fibromes calcifi\u00e9s;<\/span><\/li><li><span style=\"color: #000000;\">Soulage la douleur migraineuse;<\/span><\/li><li><span style=\"color: #000000;\">Pr\u00e9vient les calculs r\u00e9naux;<\/span><\/li><li><span style=\"color: #000000;\">Improves sports performance and relieves muscle cramps;<\/span><\/li><li><span style=\"color: #000000;\">Promotes the formation of bones, teeth and contributes to the prevention of osteoporosis;<\/span><\/li><li><span style=\"color: #000000;\">Indirectly promotes the secretion of bile, favorable against constipation;<\/span><\/li><li><span style=\"color: #000000;\">Neutralizes acids in the stomach that cause gastric genes and indigestion;<\/span><\/li><li><span style=\"color: #000000;\">Treats attention deficit hyperactivity disorder (ADHD).<\/span><\/li><li><span style=\"color: #000000;\">Prevents acidity through the maintenance of a balanced systemic ph;<\/span><\/li><li><span style=\"color: #000000;\">Participates in the regulation of body temperature;<\/span><\/li><li><span style=\"color: #000000;\">Antidepressant, it has natural tranquilizing and euphoric properties on the entire central nervous system;<\/span><\/li><li><span style=\"color: #000000;\">It also exerts an anti-inflammatory effect on tissues.<\/span><\/li><li><span style=\"color: #000000;\">It acts extremely beneficially on stress and is known to have an effect on stress muscle relaxation and increases concentration and alertness. Magnesium helps us to feel serene and soothed.<\/span><\/li><\/ul><p style=\"text-align: center;\"><a class=\"buy\" href=\"#buy\"><strong>ALLER ACHETER MAINTENANT<\/strong><\/a><\/p><p><span style=\"color: #000000;\">Magnesium is a mineral whose role is crucial for the energy transformation of food that we eat because it activates the enzymes necessary for the metabolism of carbohydrates, proteins and lipids. About half of the body&#8217;s magnesium is found in bones and teeth along with calcium and phosphorus, while the rest is in the muscles, liver and other soft tissues. It is eliminated by the kidneys. It acts in close association with sodium, potassium and calcium, with which it must remain in balance in the body. <\/span><\/p><p><span style=\"color: #000000;\">Magnesium is an essential nutrient for Bone mineralization and helps maintain strong bones and healthy teeth. Magnesium is essential for the proper functioning of the body since it is involved in more than 300 enzymatic reactions necessary for our body! Among the systems catalyzed by these enzymes include fatty acid synthesis, proteosynthesis and metabolism of glucose.<\/span><\/p><p style=\"text-align: center;\"><a class=\"buy\" href=\"#buy\"><strong>ALLER ACHETER MAINTENANT<\/strong><\/a><\/p><p><span style=\"color: #000000;\"> Indeed it plays a role in the release of insulin, and thus promotes the regulation of sugar blood by increasing its use by cells. Part of its role in the activity enzymatic concerns the transmission of nerve impulses and muscle relaxation after contraction, which is vital for heart function. It is essential to maintain a rhythm regular cardiac, and lipid metabolism. Indeed, a magnesium deficiency exposes to overweight; the cells can no longer use it as it should, the sugar is transformed into fats that are stored in fatty tissues instead of being used. <\/span><\/p><p><span style=\"color: #000000;\">In terms of the regime, the magnesium is the most important mineral in the weight loss process because it allows to fight against fat overloads. Its mild hypotensive effect is used to prevent hypertension. Magnesium protects the circulatory system by fighting atherosclerosis, prevents calcium deposits and potassium loss. <\/span><\/p><p><span style=\"color: #000000;\">A long magnesium deficiency leads to damage to the vessels and heart. By its relaxing action on smooth muscles, dilating on the vessels and normalizing on the nerve conduction, magnesium in particular, can play a role in relieving migraine pain and those associated with premenstrual syndrome and menstruation. <\/span><\/p><p style=\"text-align: center;\"><a class=\"buy\" href=\"#buy\"><strong>ALLER ACHETER MAINTENANT<\/strong><\/a><\/p><p><span style=\"color: #000000;\">The magnesium is involved in calcium metabolism, thus avoiding overloads calcium cells likely to settle on the arterial walls (atherosclerosis, coronary lesions and myocardial), joints (rheumatism) and settle in fibrous bodies, causing thus their calcification (calcified fibroids). In the treatment of fibroids using enzymes fibrinolytic taking magnesium helps decalcify uterine fibroids, increasing speed of their dissolution. <\/span><\/p><p><span style=\"color: #000000;\">It is essential for the formation of new cells and promotes absorption and metabolism of other minerals such as phosphorus, sodium and potassium. It also exerts a favorable action on the use of vitamins of group B, vitamin C and vitamin E. <\/span><\/p><p><span style=\"color: #000000;\"><strong>LA DESCRIPTION<\/strong> NG4L Magnesium Citrate is a supplement that contains 300 mg of Magnesium citrate per capsule. Magnesium citrate is an extremely bioavailable form of magnesium allowing better absorption by the body. Magnesium is a mineral whose role is crucial for energy production, muscle contraction, impulse transmission nerve and bone mineralization.<\/span><\/p><p style=\"text-align: center;\"><a class=\"buy\" href=\"#buy\"><strong>ALLER ACHETER MAINTENANT<\/strong><\/a><\/p><p><span style=\"color: #000000;\"><strong> DIRECTIONS<\/strong> Magnesium is recommended in the following cases: fatigue and weakness, stress, physical exertion intense (sporting or professional), muscle cramps or spasms, migraines, depression, osteoporosis, frequent use of laxatives and alcohol, calcified fibroids, deficit disorder attention with hyperactivity (ADHD), premenstrual syndrome, type II diabetes, kidney stones, uterine cramps, constipation, dyspepsias. It is also used as a natural tranquilizer and for prevention of soft tissue calcification (atherosclerosis, coronary lesions and myocardial, rheumatism). <\/span><\/p><p><span style=\"color: #000000;\"><strong>SYMPTOMS OF MAGNESIUM DEFICIENCY<\/strong> The consequences of a deficiency are multiple and often grouped under the term spasmophilia. These include involuntary muscle contractions (muscle spasms or cramps), tremors, convulsions, tingling sensations in the extremities or still some behavioral disorders and perceptual abnormalities. <\/span><\/p><p><span style=\"color: #000000;\">Other symptoms are following: palpitations, stress tendency, dizziness, nervousness, anxiety, fatigue, insomnia, nails fragile, frequent caries, hyperresponsiveness, hyperactivity, constipation or diarrhea, depressive states, loss of appetite, nausea, vomiting, numbness, and heart rhythm disturbances. In case of severe deficiencies, disorders of the cardiovascular system can be observed. Weak Magnesium levels have also been linked to psychiatric problems such as depression and schizophrenia. Calcium deficiency increases the risk of the appearance of renal lithiasis.<\/span><\/p><p style=\"text-align: center;\"><a class=\"buy\" href=\"#buy\"><strong>ALLER ACHETER MAINTENANT<\/strong><\/a><\/p><p><span style=\"color: #000000;\"> In Magnesium effect increases the solubility of calcium and phosphorus in the urine and thus helps to prevent the appearance of kidney stones. Older people are particularly prone to magnesium deficiencies. In case of stress and severe diarrhea or in people using diuretics for a long time, it is observed often magnesium deficiency. In alcoholics the level of magnesium in the blood and muscle is usually very low. A treatment based on this mineral helps the body to better retain it and helps control delirium tremens. <\/span><\/p><p><span style=\"color: #000000;\"><strong>NG4L BENEFITS<\/strong> \u00b7 NG4L Magnesium citrate contains a relatively high level of elemental magnesium (300 mg); \u00b7 In case of difficult digestion (for the elderly or stressed), magnesium under Citrate form is better assimilated; \u00b7 Quick result to relax. <\/span><\/p><p><span style=\"color: #000000;\"><strong>PR\u00c9SENTATION<\/strong>: box of 90 Tablets Minerals <strong><em><br \/><\/em><\/strong><\/span><\/p><table style=\"height: 358px;\" width=\"454\"><tbody><tr><td width=\"475\"><p><span style=\"color: #000000;\"><strong>Serving Size: 3 Doses Per Box: <\/strong>30<\/span><\/p><\/td><td colspan=\"2\" width=\"264\"><p>\u00a0<\/p><\/td><\/tr><tr><td width=\"211\"><p><span style=\"color: #000000;\"><strong>Ingr\u00e9dients <\/strong><\/span><\/p><\/td><td width=\"128\"><p><span style=\"color: #000000;\"><strong>Quantit\u00e9 par dose <\/strong><\/span><\/p><\/td><td width=\"136\"><p><span style=\"color: #000000;\"><strong>%Daily Dose<\/strong><\/span><\/p><\/td><\/tr><tr><td width=\"211\"><p><span style=\"color: #000000;\">Magnesium (magnesium citrate)<\/span><\/p><\/td><td width=\"128\"><p><span style=\"color: #000000;\">300 mg<\/span><\/p><\/td><td width=\"136\"><p><span style=\"color: #000000;\">75<\/span><\/p><\/td><\/tr><tr><td width=\"475\"><p><span style=\"color: #000000;\">Other ingredients: Gelatin, calcium diphosphate, croscarmellose sodium, microcrystalline cellulose, stearic acid, magnesium stearate, glaze pharmaceutical.<\/span><\/p><\/td><td>\u00a0<\/td><td>\u00a0<\/td><\/tr><\/tbody><\/table><p><span style=\"color: #000000;\"><strong>DOSAGE: <\/strong>adults; take one tablet three times a day, preferably with a meal.<\/span><\/p><\/div>\n\t\t\t\t<\/div>\n\t\t\t\t\t\t\t<div class=\"elementor-toggle-item\">\n\t\t\t\t\t<div id=\"elementor-tab-title-3812\" class=\"elementor-tab-title\" data-tab=\"2\" role=\"button\" aria-controls=\"elementor-tab-content-3812\" aria-expanded=\"false\">\n\t\t\t\t\t\t\t\t\t\t\t\t<span class=\"elementor-toggle-icon elementor-toggle-icon-left\" aria-hidden=\"true\">\n\t\t\t\t\t\t\t\t\t\t\t\t\t\t\t<span class=\"elementor-toggle-icon-closed\"><i class=\"far fa-caret-square-right\"><\/i><\/span>\n\t\t\t\t\t\t\t\t<span class=\"elementor-toggle-icon-opened\"><i class=\"elementor-toggle-icon-opened fas fa-caret-square-up\"><\/i><\/span>\n\t\t\t\t\t\t\t\t\t\t\t\t\t<\/span>\n\t\t\t\t\t\t\t\t\t\t\t\t<a class=\"elementor-toggle-title\" tabindex=\"0\">..<\/a>\n\t\t\t\t\t<\/div>\n\n\t\t\t\t\t<div id=\"elementor-tab-content-3812\" class=\"elementor-tab-content elementor-clearfix\" data-tab=\"2\" role=\"region\" aria-labelledby=\"elementor-tab-title-3812\"><\/div>\n\t\t\t\t<\/div>\n\t\t\t\t\t\t\t\t<\/div>\n\t\t\t\t\t\t<\/div>\n\t\t\t\t<\/div>\n\t\t\t\t\t<\/div>\n\t\t<\/div>\n\t\t\t\t\t<\/div>\n\t\t<\/section>\n\t\t\t\t<\/div>","protected":false},"excerpt":{"rendered":"<p><a name=\"buy\"><\/a><\/p>\n<ul>\n<li>Le citrate de magn\u00e9sium<\/li>\n<li>Prot\u00e8ge le syst\u00e8me cardiovasculaire (l\u00e9ger hypotenseur, hypocholest\u00e9rol\u00e9miant, antiarythmique, antiscl\u00e9rosant) ;<\/li>\n<li>Pr\u00e9vient le diab\u00e8te de type 2 et ses complications;s<\/li>\n<li>Soulage les sympt\u00f4mes du syndrome pr\u00e9menstruel;<\/li>\n<li>Aide au traitement des fibromes calcifi\u00e9s;<\/li>\n<li>Soulage la douleur migraineuse;<\/li>\n<li>Pr\u00e9vient les calculs r\u00e9naux;<\/li>\n<\/ul>\n<p><strong>\u00a0\u00a0\u00a0\u00a0\u00a0\u00a0 &gt;&gt;&gt;<span style=\"font-family: go; font-size: 14pt;\"><a href=\"#more\"><span style=\"color: #0000ff;\">Lire la suite<\/span><\/a><\/span><\/strong><\/p>","protected":false},"featured_media":10739,"comment_status":"open","ping_status":"closed","template":"","meta":{"nf_dc_page":"","_bbp_topic_count":0,"_bbp_reply_count":0,"_bbp_total_topic_count":0,"_bbp_total_reply_count":0,"_bbp_voice_count":0,"_bbp_anonymous_reply_count":0,"_bbp_topic_count_hidden":0,"_bbp_reply_count_hidden":0,"_bbp_forum_subforum_count":0},"product_brand":[],"product_cat":[33,19,32],"product_tag":[],"class_list":{"0":"post-19089","1":"product","2":"type-product","3":"status-publish","4":"has-post-thumbnail","6":"product_cat-all-products","7":"product_cat-mineral-supplements","8":"product_cat-special-products","10":"first","11":"instock","12":"shipping-taxable","13":"purchasable","14":"product-type-simple"},"bundled_by":[],"bundle_stock_status":"instock","bundle_stock_quantity":2,"bundle_virtual":false,"bundle_layout":"","bundle_add_to_cart_form_location":"","bundle_editable_in_cart":false,"bundle_sold_individually_context":"","bundle_item_grouping":"","bundle_min_size":"","bundle_max_size":"","bundled_items":[],"bundle_sell_ids":[],"_links":{"self":[{"href":"https:\/\/www.naturesgiftforlife.com\/fr\/wp-json\/wp\/v2\/product\/19089","targetHints":{"allow":["GET"]}}],"collection":[{"href":"https:\/\/www.naturesgiftforlife.com\/fr\/wp-json\/wp\/v2\/product"}],"about":[{"href":"https:\/\/www.naturesgiftforlife.com\/fr\/wp-json\/wp\/v2\/types\/product"}],"replies":[{"embeddable":true,"href":"https:\/\/www.naturesgiftforlife.com\/fr\/wp-json\/wp\/v2\/comments?post=19089"}],"version-history":[{"count":0,"href":"https:\/\/www.naturesgiftforlife.com\/fr\/wp-json\/wp\/v2\/product\/19089\/revisions"}],"wp:featuredmedia":[{"embeddable":true,"href":"https:\/\/www.naturesgiftforlife.com\/fr\/wp-json\/wp\/v2\/media\/10739"}],"wp:attachment":[{"href":"https:\/\/www.naturesgiftforlife.com\/fr\/wp-json\/wp\/v2\/media?parent=19089"}],"wp:term":[{"taxonomy":"product_brand","embeddable":true,"href":"https:\/\/www.naturesgiftforlife.com\/fr\/wp-json\/wp\/v2\/product_brand?post=19089"},{"taxonomy":"product_cat","embeddable":true,"href":"https:\/\/www.naturesgiftforlife.com\/fr\/wp-json\/wp\/v2\/product_cat?post=19089"},{"taxonomy":"product_tag","embeddable":true,"href":"https:\/\/www.naturesgiftforlife.com\/fr\/wp-json\/wp\/v2\/product_tag?post=19089"}],"curies":[{"name":"wp","href":"https:\/\/api.w.org\/{rel}","templated":true}]}}