{"id":18697,"date":"2022-01-13T12:19:38","date_gmt":"2022-01-13T12:19:38","guid":{"rendered":"https:\/\/www.naturesgiftforlife.com\/?post_type=product&#038;p=18697"},"modified":"2023-08-09T18:19:34","modified_gmt":"2023-08-09T18:19:34","slug":"serenity-panic-attack-relief","status":"publish","type":"product","link":"https:\/\/www.naturesgiftforlife.com\/fr\/shop\/serenity-panic-attack-relief\/","title":{"rendered":"Serenity Panic Attack Relief"},"content":{"rendered":"<div data-elementor-type=\"wp-post\" data-elementor-id=\"18697\" class=\"elementor elementor-18697\">\n\t\t\t\t\t\t<section class=\"elementor-section elementor-top-section elementor-element elementor-element-defb54c elementor-section-boxed elementor-section-height-default elementor-section-height-default\" data-id=\"defb54c\" data-element_type=\"section\" data-e-type=\"section\">\n\t\t\t\t\t\t<div class=\"elementor-container elementor-column-gap-default\">\n\t\t\t\t\t<div class=\"elementor-column elementor-col-100 elementor-top-column elementor-element elementor-element-a819261\" data-id=\"a819261\" data-element_type=\"column\" data-e-type=\"column\">\n\t\t\t<div class=\"elementor-widget-wrap elementor-element-populated\">\n\t\t\t\t\t\t<div class=\"elementor-element elementor-element-e6d655e elementor-widget elementor-widget-html\" data-id=\"e6d655e\" data-element_type=\"widget\" data-e-type=\"widget\" data-widget_type=\"html.default\">\n\t\t\t\t<div class=\"elementor-widget-container\">\n\t\t\t\t\t<a name=\"more\"><\/a>\t\t\t\t<\/div>\n\t\t\t\t<\/div>\n\t\t\t\t<div class=\"elementor-element elementor-element-06779b9 elementor-invisible elementor-widget elementor-widget-toggle\" data-id=\"06779b9\" data-element_type=\"widget\" data-e-type=\"widget\" data-settings=\"{&quot;_animation&quot;:&quot;flash&quot;}\" data-widget_type=\"toggle.default\">\n\t\t\t\t<div class=\"elementor-widget-container\">\n\t\t\t\t\t\t\t<div class=\"elementor-toggle\">\n\t\t\t\t\t\t\t<div class=\"elementor-toggle-item\">\n\t\t\t\t\t<div id=\"elementor-tab-title-6781\" class=\"elementor-tab-title\" data-tab=\"1\" role=\"button\" aria-controls=\"elementor-tab-content-6781\" aria-expanded=\"false\">\n\t\t\t\t\t\t\t\t\t\t\t\t<span class=\"elementor-toggle-icon elementor-toggle-icon-left\" aria-hidden=\"true\">\n\t\t\t\t\t\t\t\t\t\t\t\t\t\t\t<span class=\"elementor-toggle-icon-closed\"><i class=\"far fa-caret-square-right\"><\/i><\/span>\n\t\t\t\t\t\t\t\t<span class=\"elementor-toggle-icon-opened\"><i class=\"elementor-toggle-icon-opened fas fa-caret-square-up\"><\/i><\/span>\n\t\t\t\t\t\t\t\t\t\t\t\t\t<\/span>\n\t\t\t\t\t\t\t\t\t\t\t\t<a class=\"elementor-toggle-title\" tabindex=\"0\">Description d\u00e9taill\u00e9e du produit \/ faits sur les suppl\u00e9ments<\/a>\n\t\t\t\t\t<\/div>\n\n\t\t\t\t\t<div id=\"elementor-tab-content-6781\" class=\"elementor-tab-content elementor-clearfix\" data-tab=\"1\" role=\"region\" aria-labelledby=\"elementor-tab-title-6781\"><p><strong>Calm-Me <\/strong><strong>Optimal Support for Mental Health<\/strong><\/p><p><strong>Avantages:<\/strong><\/p><ul><li>It blocks the activity of more stimulating neurotransmitters and binds to calming receptors, resulting in a more peaceful, resting state.<\/li><li>It helps to regulate the release of stress hormones like cortisol, acting as the brake on the body\u2019s nervous system.<\/li><li>Relief from restlessness and other anxiety disorder symptoms<\/li><li>Makes serotonin receptions tobe more actives thus helping to destress the body and maintaining a calm state.<\/li><li>translate into GABA or gamma-aminobutyric acid. GABA is a neurotransmitter in the central nervous system that is responsible for regulating and specifically for inhibiting the activity of the brain&#8217;s neurons.<\/li><li>Regulates mood.<\/li><li>Better sleep quality relief from restlessness and other anxiety disorder symptoms<\/li><li>Specifically to support your brain health to help you feel calm, balanced, and recharged.<\/li><\/ul><p style=\"text-align: center;\"><a class=\"buy\" href=\"#buy\"><strong>ALLER ACHETER MAINTENANT<\/strong><\/a><\/p><p>Mental health includes an emotional, psychological, and social well-being. It affects how we think, feel, and act. It also helps determine how we handle stress, relate to others, and make choices. Mental health is important at every stage of life, from childhood and adolescence through adulthood.<\/p><p>There is no known single causative agent for mental illnesses. Mental illnesses are caused by one or more of the following factors.<\/p><ul><li>Genetic factors such as abnormalities in chromosomes may cause mental illness. Children from mentally ill parents are more likely to develop mental illnesses than children of healthy parents.<\/li><li>Organic factors like cerebrovascular diseases, nervous system diseases, endocrine diseases and chronic illnesses such as epilepsy are associated with mental illnesses.<\/li><li>Social and environmental crises like poverty, tension, emotional stress, occupational and financial difficulties, unhappy marriage, broken homes, abuse and neglect, population mobility, frustration, changes in life due to environmental factors like earthquakes, flood and epidemics are associated with mental illness. Environmental factors other than the psychosocial ones capable of producing abnormal human behavior include toxic substances such as carbon disulfide and monoxide, mercury, manganese, tin, lead compounds, etc.<\/li><li>Psychological factors like early childhood experiences of abuse and other psychological trauma during childhood play an important role in the development of mental illness in adult life.<\/li><li>Behavioral factors like indulging in drugs, alcohol and substances like khat are associated with mental illness.<\/li><li>Other factors associated with mental illness include nutritional deficiency; infections before and after delivery and birth trauma; road, occupational and other accidents; and radiation accidents. The nervous system is most sensitive to radiation during the period of neural development.<\/li><\/ul><p style=\"text-align: center;\"><a class=\"buy\" href=\"#buy\"><strong>ALLER ACHETER MAINTENANT<\/strong><\/a><\/p><p>The WHO stress that mental health is \u201cmore than just the absence of mental disorders or disabilities.\u201d Peak mental health is about not only avoiding active conditions but also looking after ongoing wellness and happiness.<\/p><p>A panic attack causes sudden, brief feelings of fear and strong physical reactions in response to ordinary, nonthreatening situations. When you\u2019re having a panic attack, you may sweat a lot, have difficulty breathing and feel like your heart is racing. Many people experience at least one panic attack at some point, but people with panic disorder experience recurrent attacks.<\/p><p>The symptoms typically arise in early adulthood, around the ages of 18-25 years, but panic disorder can develop in children. It is twice as likely\u00a0to occur in females as males. Genetic and biological factors may increase the likelihood of having panic disorder, but scientists have yet to identify a link with any specific gene or chemical. The disorder may develop when a person with certain genetic features faces environmental stresses.<\/p><p style=\"text-align: center;\"><a class=\"buy\" href=\"#buy\"><strong>ALLER ACHETER MAINTENANT<\/strong><\/a><\/p><p>These include major life changes, such as having a first baby or leaving home. A history of physical or sexual abuse may also increase the risk. Panic disorder may develop when a person who has experienced several panic attacks becomes afraid of having another one. This fear can cause them to withdraw from friends and family and refrain from going outside or visiting places where a panic attack may occur. Panic disorder can severely limit a person\u2019s quality of life, but effective treatments are available.<\/p><p><strong>LA DESCRIPTION<\/strong><\/p><p>Ng4l Serenity Panic Attack Relief is a unique super blend of nutrients to support your mental health. It is designed to naturally remove you from a panic state\/attack and relieve symptoms associated to it.<\/p><p style=\"text-align: center;\"><a class=\"buy\" href=\"#buy\"><strong>ALLER ACHETER MAINTENANT<\/strong><\/a><\/p><p><strong>PR\u00c9SENTATION: <\/strong>Bottle of 90 capsules<\/p><table width=\"635\"><tbody><tr><td colspan=\"3\" width=\"635\"><p><strong>Serving size : 2\u00a0\u00a0\u00a0\u00a0\u00a0\u00a0\u00a0\u00a0\u00a0\u00a0\u00a0\u00a0\u00a0\u00a0\u00a0\u00a0\u00a0\u00a0\u00a0\u00a0\u00a0\u00a0\u00a0\u00a0\u00a0\u00a0\u00a0\u00a0\u00a0\u00a0\u00a0\u00a0\u00a0 \u00a0\u00a0\u00a0\u00a0\u00a0\u00a0\u00a0\u00a0\u00a0\u00a0\u00a0\u00a0\u00a0\u00a0\u00a0\u00a0\u00a0\u00a0\u00a0\u00a0\u00a0\u00a0\u00a0\u00a0\u00a0\u00a0\u00a0\u00a0\u00a0\u00a0\u00a0\u00a0\u00a0\u00a0\u00a0\u00a0\u00a0\u00a0\u00a0\u00a0\u00a0\u00a0\u00a0\u00a0\u00a0\u00a0\u00a0\u00a0\u00a0\u00a0\u00a0\u00a0\u00a0\u00a0\u00a0\u00a0\u00a0\u00a0\u00a0\u00a0\u00a0\u00a0\u00a0\u00a0\u00a0\u00a0\u00a0\u00a0\u00a0serving per bottle : 45 <\/strong><\/p><\/td><\/tr><tr><td width=\"353\"><p><strong>Ingr\u00e9dients <\/strong><\/p><\/td><td width=\"150\"><p><strong>Dose\/ingredient <\/strong><\/p><\/td><td width=\"132\"><p><strong>% valeurs quotidiennes <\/strong><\/p><\/td><\/tr><tr><td width=\"353\"><p>Magnesium (from magnesium citrate)<\/p><\/td><td width=\"150\"><p>5oo mg<\/p><\/td><td width=\"132\"><p>125<\/p><\/td><\/tr><tr><td width=\"353\"><p>Valerian (Valerain officinalis) (root)<\/p><\/td><td width=\"150\"><p>150 mg<\/p><\/td><td width=\"132\"><p>*<\/p><\/td><\/tr><tr><td width=\"353\"><p>5-http (-Hydroxytrptophan)<\/p><\/td><td width=\"150\"><p>150 mg<\/p><\/td><td width=\"132\"><p>*<\/p><\/td><\/tr><tr><td width=\"353\"><p>Hops (plycopentalum olacoides) (aerial)<\/p><\/td><td width=\"150\"><p>50 mg<\/p><\/td><td width=\"132\"><p>*<\/p><\/td><\/tr><tr><td width=\"353\"><p>Cleavers (Galium aparine)(whole)<\/p><\/td><td width=\"150\"><p>50 mg<\/p><\/td><td width=\"132\"><p>*<\/p><\/td><\/tr><tr><td width=\"353\"><p>Scullcap (Scutellaria laterifolia) (aerial)<\/p><\/td><td width=\"150\"><p>50 mg<\/p><\/td><td width=\"132\"><p>*<\/p><\/td><\/tr><tr><td colspan=\"3\" width=\"635\"><p><strong>Autres ingr\u00e9dients:<\/strong> g\u00e9latine et poudre de riz, contient : Sans ar\u00f4me artificiel, conservateurs, levure, ma\u00efs, d\u00e9riv\u00e9s du lait, sucre, gluten, sel, sodium, lactose, amidon<\/p><p>*Daily dose not established<\/p><\/td><\/tr><\/tbody><\/table><p><strong>POSOLOGIE<\/strong>: Take two (2) capsules three times per day, preferably with meals.<\/p><p style=\"text-align: center;\"><a class=\"buy\" href=\"#buy\"><strong>ALLER ACHETER MAINTENANT<\/strong><\/a><\/p><p><strong>People who take this product associate <\/strong><\/p><p><strong>Cal Mag NG4L Zn + D: The association of c<\/strong>alcium and magnesium are crucial for the healthy functioning of the nervous system, sleep and heart. Zinc is an indispensable trace element involved in 200 enzyme reactions (antioxidant, hepatic, cardiac and pancreatic)<\/p><p><strong>Citrate de magn\u00e9sium NG4L\u00a0:<\/strong> Magnesium is an exceptional anti-stress mineral and all types of stress can cause urinary loss of magnesium. Magnesium deficiency increases stress sensitivity.<\/p><p><strong>NG4L Adaptogens (Reishi NG4L, NG4L Korean Ginseng, NG4L Cordyceps, NG4L Gingko, NG4L Maitake, Shiitake NG4L, NG4L Noni, NG4L Goji<\/strong>: Adaptogens are natural substances found in some rare plants. The word adaptogen was coined in 1947 by a Russian scientist and used to describe the unique effect possessed by some plants to increase the body&#8217;s natural resistance to human physical and emotional stress, fatigue, depression and illness. Adaptogens help balance the body when under the influence of stress.<\/p><p><strong>NG4L Valerian Passion<\/strong> contains the passiflora and the valerian root, plants known to have calming and relaxing effects on the body, which improves the quality of sleep, decreases stress, nervousness, anxiety and anguish. Passiflora is used to relieve the light symptoms of mental stress and to facilitate sleep.\u00a0\u00a0\u00a0\u00a0\u00a0\u00a0\u00a0\u00a0\u00a0\u00a0\u00a0\u00a0\u00a0\u00a0\u00a0\u00a0\u00a0\u00a0\u00a0\u00a0\u00a0\u00a0\u00a0\u00a0\u00a0\u00a0\u00a0\u00a0\u00a0\u00a0\u00a0\u00a0\u00a0\u00a0\u00a0\u00a0\u00a0\u00a0\u00a0\u00a0\u00a0\u00a0\u00a0\u00a0\u00a0 \u00a0\u00a0\u00a0\u00a0\u00a0\u00a0\u00a0\u00a0\u00a0\u00a0\u00a0\u00a0\u00a0\u00a0\u00a0\u00a0\u00a0\u00a0\u00a0<\/p><p><strong>M\u00e9latonine NG4L\u00a0: <\/strong>To help promote sleep.\u00a0\u00a0\u00a0\u00a0\u00a0\u00a0\u00a0\u00a0\u00a0\u00a0\u00a0\u00a0\u00a0\u00a0\u00a0\u00a0\u00a0\u00a0\u00a0\u00a0\u00a0\u00a0\u00a0\u00a0\u00a0\u00a0\u00a0\u00a0\u00a0\u00a0\u00a0\u00a0\u00a0\u00a0\u00a0\u00a0\u00a0\u00a0\u00a0\u00a0\u00a0<\/p><p><strong>Boisson \u00e9nergisante Steaz\u00a0:<\/strong> A 100% natural energy drink, an excellent energy drink that causes no jitters.\u00a0\u00a0\u00a0\u00a0\u00a0\u00a0\u00a0\u00a0\u00a0\u00a0\u00a0\u00a0\u00a0\u00a0\u00a0\u00a0\u00a0\u00a0\u00a0\u00a0\u00a0<\/p><p><strong>Xenadvantra:<\/strong> Increases metabolism and energy.<\/p><p><strong>Causion:<\/strong> do not take\u00a0 if you are on selective serotonin reuptake inhibitors (SSRIs) without concent from your Doctor or medical personnel.<\/p><\/div>\n\t\t\t\t<\/div>\n\t\t\t\t\t\t\t<div class=\"elementor-toggle-item\">\n\t\t\t\t\t<div id=\"elementor-tab-title-6782\" class=\"elementor-tab-title\" data-tab=\"2\" role=\"button\" aria-controls=\"elementor-tab-content-6782\" aria-expanded=\"false\">\n\t\t\t\t\t\t\t\t\t\t\t\t<span class=\"elementor-toggle-icon elementor-toggle-icon-left\" aria-hidden=\"true\">\n\t\t\t\t\t\t\t\t\t\t\t\t\t\t\t<span class=\"elementor-toggle-icon-closed\"><i class=\"far fa-caret-square-right\"><\/i><\/span>\n\t\t\t\t\t\t\t\t<span class=\"elementor-toggle-icon-opened\"><i class=\"elementor-toggle-icon-opened fas fa-caret-square-up\"><\/i><\/span>\n\t\t\t\t\t\t\t\t\t\t\t\t\t<\/span>\n\t\t\t\t\t\t\t\t\t\t\t\t<a class=\"elementor-toggle-title\" tabindex=\"0\">..<\/a>\n\t\t\t\t\t<\/div>\n\n\t\t\t\t\t<div id=\"elementor-tab-content-6782\" class=\"elementor-tab-content elementor-clearfix\" data-tab=\"2\" role=\"region\" aria-labelledby=\"elementor-tab-title-6782\"><\/div>\n\t\t\t\t<\/div>\n\t\t\t\t\t\t\t\t<\/div>\n\t\t\t\t\t\t<\/div>\n\t\t\t\t<\/div>\n\t\t\t\t\t<\/div>\n\t\t<\/div>\n\t\t\t\t\t<\/div>\n\t\t<\/section>\n\t\t\t\t<\/div>","protected":false},"excerpt":{"rendered":"<p>&nbsp;<\/p>\n<ul>\n<li>SERENITY PANIC ATTACK RELIEF<\/li>\n<\/ul>\n<ul>\n<li><span style=\"font-family: Arial, Helvetica, sans-serif;\">La combinaison de prot\u00e9ines de lactos\u00e9rum avec votre alimentation favorise la perte de poids<\/span><\/li>\n<li><span style=\"font-family: Arial, Helvetica, sans-serif;\">Sant\u00e9 cardiovasculaire : la prot\u00e9ine de lactos\u00e9rum abaisse l&#039;hypertension art\u00e9rielle en inhibant l&#039;activit\u00e9 de l&#039;enzyme de conversion de l&#039;angiotensine<\/span><\/li>\n<li><span style=\"font-family: Arial, Helvetica, sans-serif;\">Cancer : la prot\u00e9ine de lactos\u00e9rum peut augmenter l&#039;action des enzymes qui fournissent un soutien anti-inflammatoire et une activit\u00e9 anti-tumorale<\/span><\/li>\n<li><span style=\"font-family: Arial, Helvetica, sans-serif;\">Diab\u00e8te\u00a0: les prot\u00e9ines de lactos\u00e9rum sont faibles en glucides et en graisses et contiennent plus de prot\u00e9ines de qualit\u00e9 que les autres sources de prot\u00e9ines<\/span><\/li>\n<li>SERENITY PANIC ATTACK RELIEF<\/li>\n<li><span style=\"font-family: Arial, Helvetica, sans-serif;\">favorise la formation et l&#039;entretien des muscles et peut aider \u00e0 maintenir des os solides et sains.<\/span><\/li>\n<li><span style=\"font-family: Arial, Helvetica, sans-serif;\">VIH\/SIDA et immunit\u00e9 : L&#039;ajout d&#039;un compl\u00e9ment alimentaire en acides amin\u00e9s peut \u00eatre b\u00e9n\u00e9fique si la digestion est compromise. C&#039;est un m\u00e9lange de prot\u00e9ines tr\u00e8s facile \u00e0 utiliser par les personnes vivant avec le VIH\/SIDA.<\/span><\/li>\n<\/ul>\n<p><span style=\"font-family: Arial, Helvetica, sans-serif; color: #000000;\"><strong><span style=\"color: #0000ff;\"> &gt;&gt;&gt;<\/span><span style=\"font-size: 14pt;\"><a style=\"color: #000000;\" href=\"#more\"><span style=\"color: #0000ff;\">Lire la suite<\/span><\/a><\/span><\/strong><\/span><\/p>","protected":false},"featured_media":19905,"comment_status":"open","ping_status":"closed","template":"","meta":{"nf_dc_page":"","_bbp_topic_count":0,"_bbp_reply_count":0,"_bbp_total_topic_count":0,"_bbp_total_reply_count":0,"_bbp_voice_count":0,"_bbp_anonymous_reply_count":0,"_bbp_topic_count_hidden":0,"_bbp_reply_count_hidden":0,"_bbp_forum_subforum_count":0},"product_brand":[],"product_cat":[33,32],"product_tag":[],"class_list":{"0":"post-18697","1":"product","2":"type-product","3":"status-publish","4":"has-post-thumbnail","6":"product_cat-all-products","7":"product_cat-special-products","9":"first","10":"instock","11":"shipping-taxable","12":"purchasable","13":"product-type-simple"},"bundled_by":[],"bundle_stock_status":"instock","bundle_stock_quantity":null,"bundle_virtual":false,"bundle_layout":"","bundle_add_to_cart_form_location":"","bundle_editable_in_cart":false,"bundle_sold_individually_context":"","bundle_item_grouping":"","bundle_min_size":"","bundle_max_size":"","bundled_items":[],"bundle_sell_ids":[],"_links":{"self":[{"href":"https:\/\/www.naturesgiftforlife.com\/fr\/wp-json\/wp\/v2\/product\/18697","targetHints":{"allow":["GET"]}}],"collection":[{"href":"https:\/\/www.naturesgiftforlife.com\/fr\/wp-json\/wp\/v2\/product"}],"about":[{"href":"https:\/\/www.naturesgiftforlife.com\/fr\/wp-json\/wp\/v2\/types\/product"}],"replies":[{"embeddable":true,"href":"https:\/\/www.naturesgiftforlife.com\/fr\/wp-json\/wp\/v2\/comments?post=18697"}],"version-history":[{"count":0,"href":"https:\/\/www.naturesgiftforlife.com\/fr\/wp-json\/wp\/v2\/product\/18697\/revisions"}],"wp:featuredmedia":[{"embeddable":true,"href":"https:\/\/www.naturesgiftforlife.com\/fr\/wp-json\/wp\/v2\/media\/19905"}],"wp:attachment":[{"href":"https:\/\/www.naturesgiftforlife.com\/fr\/wp-json\/wp\/v2\/media?parent=18697"}],"wp:term":[{"taxonomy":"product_brand","embeddable":true,"href":"https:\/\/www.naturesgiftforlife.com\/fr\/wp-json\/wp\/v2\/product_brand?post=18697"},{"taxonomy":"product_cat","embeddable":true,"href":"https:\/\/www.naturesgiftforlife.com\/fr\/wp-json\/wp\/v2\/product_cat?post=18697"},{"taxonomy":"product_tag","embeddable":true,"href":"https:\/\/www.naturesgiftforlife.com\/fr\/wp-json\/wp\/v2\/product_tag?post=18697"}],"curies":[{"name":"wp","href":"https:\/\/api.w.org\/{rel}","templated":true}]}}