{"id":18666,"date":"2022-01-12T15:10:03","date_gmt":"2022-01-12T15:10:03","guid":{"rendered":"https:\/\/www.naturesgiftforlife.com\/?post_type=product&#038;p=18666"},"modified":"2023-08-24T09:13:36","modified_gmt":"2023-08-24T09:13:36","slug":"whey-protein-shake-copy","status":"publish","type":"product","link":"https:\/\/www.naturesgiftforlife.com\/fr\/shop\/whey-protein-shake-copy\/","title":{"rendered":"L-Glutathione Amino Acid 250mg"},"content":{"rendered":"<div data-elementor-type=\"wp-post\" data-elementor-id=\"18666\" class=\"elementor elementor-18666\">\n\t\t\t\t\t\t<section class=\"elementor-section elementor-top-section elementor-element elementor-element-defb54c elementor-section-boxed elementor-section-height-default elementor-section-height-default\" data-id=\"defb54c\" data-element_type=\"section\" data-e-type=\"section\">\n\t\t\t\t\t\t<div class=\"elementor-container elementor-column-gap-default\">\n\t\t\t\t\t<div class=\"elementor-column elementor-col-100 elementor-top-column elementor-element elementor-element-a819261\" data-id=\"a819261\" data-element_type=\"column\" data-e-type=\"column\">\n\t\t\t<div class=\"elementor-widget-wrap elementor-element-populated\">\n\t\t\t\t\t\t<div class=\"elementor-element elementor-element-e6d655e elementor-widget elementor-widget-html\" data-id=\"e6d655e\" data-element_type=\"widget\" data-e-type=\"widget\" data-widget_type=\"html.default\">\n\t\t\t\t<div class=\"elementor-widget-container\">\n\t\t\t\t\t<a name=\"more\"><\/a>\t\t\t\t<\/div>\n\t\t\t\t<\/div>\n\t\t\t\t<div class=\"elementor-element elementor-element-06779b9 elementor-invisible elementor-widget elementor-widget-toggle\" data-id=\"06779b9\" data-element_type=\"widget\" data-e-type=\"widget\" data-settings=\"{&quot;_animation&quot;:&quot;flash&quot;}\" data-widget_type=\"toggle.default\">\n\t\t\t\t<div class=\"elementor-widget-container\">\n\t\t\t\t\t\t\t<div class=\"elementor-toggle\">\n\t\t\t\t\t\t\t<div class=\"elementor-toggle-item\">\n\t\t\t\t\t<div id=\"elementor-tab-title-6781\" class=\"elementor-tab-title\" data-tab=\"1\" role=\"button\" aria-controls=\"elementor-tab-content-6781\" aria-expanded=\"false\">\n\t\t\t\t\t\t\t\t\t\t\t\t<span class=\"elementor-toggle-icon elementor-toggle-icon-left\" aria-hidden=\"true\">\n\t\t\t\t\t\t\t\t\t\t\t\t\t\t\t<span class=\"elementor-toggle-icon-closed\"><i class=\"far fa-caret-square-right\"><\/i><\/span>\n\t\t\t\t\t\t\t\t<span class=\"elementor-toggle-icon-opened\"><i class=\"elementor-toggle-icon-opened fas fa-caret-square-up\"><\/i><\/span>\n\t\t\t\t\t\t\t\t\t\t\t\t\t<\/span>\n\t\t\t\t\t\t\t\t\t\t\t\t<a class=\"elementor-toggle-title\" tabindex=\"0\">Description d\u00e9taill\u00e9e du produit \/ faits sur les suppl\u00e9ments<\/a>\n\t\t\t\t\t<\/div>\n\n\t\t\t\t\t<div id=\"elementor-tab-content-6781\" class=\"elementor-tab-content elementor-clearfix\" data-tab=\"1\" role=\"region\" aria-labelledby=\"elementor-tab-title-6781\"><p style=\"text-align: center;\"><span style=\"color: #000000;\"><strong>(AMINOACID)<\/strong><\/span><\/p><p style=\"text-align: center;\"><span style=\"color: #000000;\"><strong>THE MOTHER OF ALL ANTIOXIDANTS<\/strong><\/span><\/p><p><strong>Avantages<\/strong><\/p><ul><li>Significantly decreases free radicals; which are involved the degenerative process and break down of the body ;<\/li><li>Reduces inflammation at cellular levels as inflammatory process is the root cause of disease ;<\/li><li>It\u2019s a good chelator; helps to bind some of the heavy metals people suffer from and helps pull them from the body such as lead, mercury etc ;<\/li><li>Detoxification of the body ;<\/li><li>Glutathione is also critical in helpin<span style=\"color: #000000;\">g the <a style=\"color: #000000;\" href=\"http:\/\/www.ultrawellness.com\/blog\/ultrawellness-key-3\" target=\"_blank\" rel=\"noopener\">syst\u00e8me immunitaire<\/a> do its job of fighting infections and preventing diseases ;<\/span><\/li><li>It recycle<span style=\"color: #000000;\">s <a style=\"color: #000000;\" href=\"http:\/\/www.ultrawellness.com\/blog\/ultrawellness-key-6\" target=\"_blank\" rel=\"noopener\">antioxidants<\/a> :<\/span><\/li><li>Has very good anti-aging properties ;<\/li><li>Reduces cell damage in liver (nonalcoholic fatty liver);<\/li><li>Improves insulin resistance in older individuals ;<\/li><li>Vital to mitochondrial function and maintenance of mitochondrial DNA (mtDNA) thereby increasing mental and physical function <strong>;<\/strong><\/li><li>Improves the skin ;<\/li><\/ul><p style=\"text-align: center;\"><a class=\"buy\" href=\"#buy\"><strong>ALLER ACHETER MAINTENANT<\/strong><\/a><\/p><p><span style=\"color: #000000;\">Glutathione is a very molecule that is produced naturally all the time in your body. It is a combination of three simple building blocks of protein or amino acids; cysteine, glycine and glutamine. The molecule is found in the food supply and in the human body where it acts as an antioxidant. The &#8216;glutathione system&#8217; comprises the enzymes that synthesize glutathione within a cell as well as dedicated enzymes that use glutathione as the means to exert antioxidant effects. Supplementation of glutathione supports this pool of glutathione in a cell and thus maintain the efficacy of the entire glutathione system.<\/span><\/p><p><span style=\"color: #000000;\">Glutathione being naturally produced by the body could have levels depleted by <a style=\"color: #000000; text-decoration: underline;\" href=\"http:\/\/www.ultrawellness.com\/blog\/ultrawellness-key-1\" target=\"_blank\" rel=\"noopener\">p<span>oor diet<\/span><\/a><span style=\"text-decoration: underline;\">, <a style=\"color: #000000; text-decoration: underline;\" href=\"http:\/\/www.ultrawellness.com\/blog\/ultrawellness-key-5\" target=\"_blank\" rel=\"noopener\">pollution<\/a>, <a style=\"color: #000000; text-decoration: underline;\" href=\"http:\/\/www.ultrawellness.com\/blog\/ultrawellness-key-5\" target=\"_blank\" rel=\"noopener\">toxins<\/a>,<\/span> medications, <a style=\"color: #000000; text-decoration: underline;\" href=\"http:\/\/www.ultrawellness.com\/blog\/ultrawellness-key-7\" target=\"_blank\" rel=\"noopener\">stress<\/a>, trauma, aging, infections, decreased sulfur intake and radiation.<\/span><\/p><p><span style=\"color: #000000;\">To maintain the levels of this natural and critical molecule in the body; consume glutathione boosting foods, exercise and glutathione supplements (ng4l glutathione).<\/span><\/p><p style=\"text-align: center;\"><a class=\"buy\" href=\"#buy\"><strong>ALLER ACHETER MAINTENANT<\/strong><\/a><\/p><p><span style=\"color: #000000;\"><strong>\u00a0LA DESCRIPTION<\/strong><\/span><\/p><p><span style=\"color: #000000;\">Ng4l l-glutathione is a 100% natural product, dosage at 250mg. Glutathione is involved in many processes in the body, including tissue building and repair, making chemicals and proteins needed in the body, and for the immune system. Taking ng4l glutathione resolves and prevents lots of diseases related to its depletion.\u00a0<\/span><\/p><p><span style=\"color: #000000;\"><strong>PR\u00c9SENTATION<\/strong>: bottle of 90 capsules<\/span><\/p><table><tbody><tr><td colspan=\"3\" width=\"604\"><p><span style=\"color: #000000;\"><strong>Serving size 1\u00a0\u00a0\u00a0\u00a0\u00a0\u00a0\u00a0\u00a0\u00a0\u00a0\u00a0\u00a0\u00a0\u00a0\u00a0\u00a0\u00a0\u00a0\u00a0\u00a0\u00a0\u00a0\u00a0\u00a0\u00a0\u00a0\u00a0\u00a0\u00a0\u00a0\u00a0\u00a0\u00a0\u00a0\u00a0\u00a0\u00a0\u00a0\u00a0\u00a0\u00a0\u00a0\u00a0\u00a0\u00a0\u00a0\u00a0\u00a0\u00a0\u00a0\u00a0\u00a0\u00a0\u00a0\u00a0\u00a0\u00a0\u00a0\u00a0\u00a0\u00a0\u00a0\u00a0\u00a0\u00a0\u00a0\u00a0\u00a0\u00a0\u00a0\u00a0\u00a0\u00a0\u00a0\u00a0\u00a0\u00a0\u00a0\u00a0\u00a0\u00a0\u00a0\u00a0\u00a0\u00a0\u00a0\u00a0\u00a0\u00a0\u00a0\u00a0\u00a0\u00a0\u00a0\u00a0\u00a0\u00a0\u00a0\u00a0\u00a0\u00a0\u00a0 serving per container 100<\/strong><\/span><\/p><\/td><\/tr><tr><td width=\"255\"><p><span style=\"color: #000000;\"><strong>Ingr\u00e9dient<\/strong><\/span><\/p><\/td><td width=\"148\"><p><span style=\"color: #000000;\"><strong>Quantit\u00e9 par portion<\/strong><\/span><\/p><\/td><td width=\"201\"><p><span style=\"color: #000000;\"><strong>Valeur quotidienne<\/strong><\/span><\/p><\/td><\/tr><tr><td width=\"255\"><p><span style=\"color: #000000;\">L-Glutathione (free form)(reduced)<\/span><\/p><\/td><td width=\"148\"><p><span style=\"color: #000000;\">250 mg<\/span><\/p><\/td><td width=\"201\"><p><span style=\"color: #000000;\">*<\/span><\/p><\/td><\/tr><tr><td colspan=\"3\" width=\"604\"><p><span style=\"color: #000000;\">Other ingredients: gelatin, microcrystalline cellulose (plant fiber), silica, magnesium stearate.<\/span><\/p><\/td><\/tr><\/tbody><\/table><p><span style=\"color: #000000;\"><strong>ADVANTAGES OF NG4L GLUTATHIONE <\/strong><\/span><\/p><ul><li><span style=\"color: #000000;\">It can be absorbed intact into the blood stream.<\/span><\/li><li><span style=\"color: #000000;\">Gives the body a youthful feeling as it help to detoxify, the body and work as an anti-inflammatory there by preventing many related diseases.<\/span><\/li><li><span style=\"color: #000000;\">It is produced from natural sources and has no recorded side effects.<\/span><\/li><\/ul><p style=\"text-align: center;\"><a class=\"buy\" href=\"#buy\"><strong>ALLER ACHETER MAINTENANT<\/strong><\/a><\/p><p><span style=\"color: #000000;\"><strong>INDICATION <\/strong><\/span><\/p><p><span style=\"color: #000000;\">chronic fatigue syndrome, heart disease, <a style=\"color: #000000; text-decoration: underline;\" href=\"http:\/\/www.ultrawellness.com\/blog\/reducing-breast-cancer-risk\" target=\"_blank\" rel=\"noopener\">cancer<\/a>, chronic infections, <a style=\"color: #000000; text-decoration: underline;\" href=\"http:\/\/www.ultrawellness.com\/blog\/type-2-diabetes\" target=\"_blank\" rel=\"noopener\">Diab\u00e8te<\/a>, <a style=\"color: #000000; text-decoration: underline;\" href=\"http:\/\/www.ultrawellness.com\/blog\/current-thinking-about-autism\" target=\"_blank\" rel=\"noopener\">autism<\/a>, <a style=\"color: #000000; text-decoration: underline;\" href=\"http:\/\/www.ultrawellness.com\/blog\/autoimmune-disease\" target=\"_blank\" rel=\"noopener\">autoimmune disease<\/a>, <a style=\"color: #000000; text-decoration: underline;\" href=\"http:\/\/www.ultrawellness.com\/blog\/9-steps-to-reverse-dementia\" target=\"_blank\" rel=\"noopener\">Alzheimer&#8217;s disease<\/a>, Parkinson&#8217;s disease, <a style=\"color: #000000; text-decoration: underline;\" href=\"http:\/\/www.ultrawellness.com\/blog\/9-simple-steps\" target=\"_blank\" rel=\"noopener\">arthrite<\/a>, <a style=\"color: #000000; text-decoration: underline;\" href=\"http:\/\/www.ultrawellness.com\/blog\/9-simple-steps\" target=\"_blank\" rel=\"noopener\">asthme<\/a>, kidney problems, liver disease, AIDS, Chronic age-related diseases (cataracts, macular degeneration, hearing impairment, and glaucoma), psoriasis, improving blood flow and decreasing clotting in individuals with \u201chardening of the <a style=\"color: #000000; text-decoration: underline;\" href=\"https:\/\/www.webmd.com\/heart\/picture-of-the-arteries\" target=\"_blank\" rel=\"noopener\">arteries<\/a>\u201d (<a style=\"color: #000000; text-decoration: underline;\" href=\"https:\/\/www.webmd.com\/heart-disease\/video\/atherosclerosis\" target=\"_blank\" rel=\"noopener\">atherosclerosis<\/a>), <a style=\"color: #000000; text-decoration: underline;\" href=\"https:\/\/www.webmd.com\/cancer\/tips-for-managing-chemotherapy-side-effects\" target=\"_blank\" rel=\"noopener\">side effects of chemotherapy<\/a>, macular degeneration .<\/span><\/p><p>\u00a0<\/p><\/div>\n\t\t\t\t<\/div>\n\t\t\t\t\t\t\t<div class=\"elementor-toggle-item\">\n\t\t\t\t\t<div id=\"elementor-tab-title-6782\" class=\"elementor-tab-title\" data-tab=\"2\" role=\"button\" aria-controls=\"elementor-tab-content-6782\" aria-expanded=\"false\">\n\t\t\t\t\t\t\t\t\t\t\t\t<span class=\"elementor-toggle-icon elementor-toggle-icon-left\" aria-hidden=\"true\">\n\t\t\t\t\t\t\t\t\t\t\t\t\t\t\t<span class=\"elementor-toggle-icon-closed\"><i class=\"far fa-caret-square-right\"><\/i><\/span>\n\t\t\t\t\t\t\t\t<span class=\"elementor-toggle-icon-opened\"><i class=\"elementor-toggle-icon-opened fas fa-caret-square-up\"><\/i><\/span>\n\t\t\t\t\t\t\t\t\t\t\t\t\t<\/span>\n\t\t\t\t\t\t\t\t\t\t\t\t<a class=\"elementor-toggle-title\" tabindex=\"0\">..<\/a>\n\t\t\t\t\t<\/div>\n\n\t\t\t\t\t<div id=\"elementor-tab-content-6782\" class=\"elementor-tab-content elementor-clearfix\" data-tab=\"2\" role=\"region\" aria-labelledby=\"elementor-tab-title-6782\"><\/div>\n\t\t\t\t<\/div>\n\t\t\t\t\t\t\t\t<\/div>\n\t\t\t\t\t\t<\/div>\n\t\t\t\t<\/div>\n\t\t\t\t\t<\/div>\n\t\t<\/div>\n\t\t\t\t\t<\/div>\n\t\t<\/section>\n\t\t\t\t<\/div>","protected":false},"excerpt":{"rendered":"<p><a name=\"buy\"><\/a><\/p>\n<ul>\n<li><span style=\"font-family: Arial, Helvetica, sans-serif;\">La combinaison de prot\u00e9ines de lactos\u00e9rum avec votre alimentation favorise la perte de poids<\/span><\/li>\n<li><span style=\"font-family: Arial, Helvetica, sans-serif;\">Sant\u00e9 cardiovasculaire : la prot\u00e9ine de lactos\u00e9rum abaisse l&#039;hypertension art\u00e9rielle en inhibant l&#039;activit\u00e9 de l&#039;enzyme de conversion de l&#039;angiotensine<\/span><\/li>\n<li><span style=\"font-family: Arial, Helvetica, sans-serif;\">Cancer : la prot\u00e9ine de lactos\u00e9rum peut augmenter l&#039;action des enzymes qui fournissent un soutien anti-inflammatoire et une activit\u00e9 anti-tumorale<\/span><\/li>\n<li><span style=\"font-family: Arial, Helvetica, sans-serif;\">Diab\u00e8te\u00a0: les prot\u00e9ines de lactos\u00e9rum sont faibles en glucides et en graisses et contiennent plus de prot\u00e9ines de qualit\u00e9 que les autres sources de prot\u00e9ines<\/span><\/li>\n<li><span style=\"font-family: Arial, Helvetica, sans-serif;\">favorise la formation et l&#039;entretien des muscles et peut aider \u00e0 maintenir des os solides et sains.<\/span><\/li>\n<li><span style=\"font-family: Arial, Helvetica, sans-serif;\">VIH\/SIDA et immunit\u00e9 : L&#039;ajout d&#039;un compl\u00e9ment alimentaire en acides amin\u00e9s peut \u00eatre b\u00e9n\u00e9fique si la digestion est compromise. C&#039;est un m\u00e9lange de prot\u00e9ines tr\u00e8s facile \u00e0 utiliser par les personnes vivant avec le VIH\/SIDA.<\/span><\/li>\n<\/ul>\n<p><span style=\"font-family: Arial, Helvetica, sans-serif; color: #000000;\"><strong><span style=\"color: #0000ff;\"> &gt;&gt;&gt;<\/span><span style=\"font-size: 14pt;\"><a style=\"color: #000000;\" href=\"#more\"><span style=\"color: #0000ff;\">Lire la suite<\/span><\/a><\/span><\/strong><\/span><\/p>","protected":false},"featured_media":0,"comment_status":"open","ping_status":"closed","template":"","meta":{"nf_dc_page":"","_bbp_topic_count":0,"_bbp_reply_count":0,"_bbp_total_topic_count":0,"_bbp_total_reply_count":0,"_bbp_voice_count":0,"_bbp_anonymous_reply_count":0,"_bbp_topic_count_hidden":0,"_bbp_reply_count_hidden":0,"_bbp_forum_subforum_count":0},"product_brand":[],"product_cat":[33,32],"product_tag":[],"class_list":{"0":"post-18666","1":"product","2":"type-product","3":"status-publish","5":"product_cat-all-products","6":"product_cat-special-products","8":"first","9":"instock","10":"shipping-taxable","11":"purchasable","12":"product-type-simple"},"bundled_by":[],"bundle_stock_status":"instock","bundle_stock_quantity":null,"bundle_virtual":false,"bundle_layout":"","bundle_add_to_cart_form_location":"","bundle_editable_in_cart":false,"bundle_sold_individually_context":"","bundle_item_grouping":"","bundle_min_size":"","bundle_max_size":"","bundled_items":[],"bundle_sell_ids":[],"_links":{"self":[{"href":"https:\/\/www.naturesgiftforlife.com\/fr\/wp-json\/wp\/v2\/product\/18666","targetHints":{"allow":["GET"]}}],"collection":[{"href":"https:\/\/www.naturesgiftforlife.com\/fr\/wp-json\/wp\/v2\/product"}],"about":[{"href":"https:\/\/www.naturesgiftforlife.com\/fr\/wp-json\/wp\/v2\/types\/product"}],"replies":[{"embeddable":true,"href":"https:\/\/www.naturesgiftforlife.com\/fr\/wp-json\/wp\/v2\/comments?post=18666"}],"version-history":[{"count":0,"href":"https:\/\/www.naturesgiftforlife.com\/fr\/wp-json\/wp\/v2\/product\/18666\/revisions"}],"wp:attachment":[{"href":"https:\/\/www.naturesgiftforlife.com\/fr\/wp-json\/wp\/v2\/media?parent=18666"}],"wp:term":[{"taxonomy":"product_brand","embeddable":true,"href":"https:\/\/www.naturesgiftforlife.com\/fr\/wp-json\/wp\/v2\/product_brand?post=18666"},{"taxonomy":"product_cat","embeddable":true,"href":"https:\/\/www.naturesgiftforlife.com\/fr\/wp-json\/wp\/v2\/product_cat?post=18666"},{"taxonomy":"product_tag","embeddable":true,"href":"https:\/\/www.naturesgiftforlife.com\/fr\/wp-json\/wp\/v2\/product_tag?post=18666"}],"curies":[{"name":"wp","href":"https:\/\/api.w.org\/{rel}","templated":true}]}}