{"id":18531,"date":"2022-01-10T10:43:44","date_gmt":"2022-01-10T10:43:44","guid":{"rendered":"https:\/\/www.naturesgiftforlife.com\/?post_type=product&#038;p=18531"},"modified":"2023-08-14T20:16:54","modified_gmt":"2023-08-14T20:16:54","slug":"vitamin-b-15","status":"publish","type":"product","link":"https:\/\/www.naturesgiftforlife.com\/fr\/shop\/vitamin-b-15\/","title":{"rendered":"Vitamine B-15"},"content":{"rendered":"<div data-elementor-type=\"wp-post\" data-elementor-id=\"18531\" class=\"elementor elementor-18531\">\n\t\t\t\t\t\t<section class=\"elementor-section elementor-top-section elementor-element elementor-element-defb54c elementor-section-boxed elementor-section-height-default elementor-section-height-default\" data-id=\"defb54c\" data-element_type=\"section\" data-e-type=\"section\">\n\t\t\t\t\t\t<div class=\"elementor-container elementor-column-gap-default\">\n\t\t\t\t\t<div class=\"elementor-column elementor-col-100 elementor-top-column elementor-element elementor-element-a819261\" data-id=\"a819261\" data-element_type=\"column\" data-e-type=\"column\">\n\t\t\t<div class=\"elementor-widget-wrap elementor-element-populated\">\n\t\t\t\t\t\t<div class=\"elementor-element elementor-element-e6d655e elementor-widget elementor-widget-html\" data-id=\"e6d655e\" data-element_type=\"widget\" data-e-type=\"widget\" data-widget_type=\"html.default\">\n\t\t\t\t<div class=\"elementor-widget-container\">\n\t\t\t\t\t<a name=\"more\"><\/a>\t\t\t\t<\/div>\n\t\t\t\t<\/div>\n\t\t\t\t<div class=\"elementor-element elementor-element-06779b9 elementor-invisible elementor-widget elementor-widget-toggle\" data-id=\"06779b9\" data-element_type=\"widget\" data-e-type=\"widget\" data-settings=\"{&quot;_animation&quot;:&quot;flash&quot;}\" data-widget_type=\"toggle.default\">\n\t\t\t\t<div class=\"elementor-widget-container\">\n\t\t\t\t\t\t\t<div class=\"elementor-toggle\">\n\t\t\t\t\t\t\t<div class=\"elementor-toggle-item\">\n\t\t\t\t\t<div id=\"elementor-tab-title-6781\" class=\"elementor-tab-title\" data-tab=\"1\" role=\"button\" aria-controls=\"elementor-tab-content-6781\" aria-expanded=\"false\">\n\t\t\t\t\t\t\t\t\t\t\t\t<span class=\"elementor-toggle-icon elementor-toggle-icon-left\" aria-hidden=\"true\">\n\t\t\t\t\t\t\t\t\t\t\t\t\t\t\t<span class=\"elementor-toggle-icon-closed\"><i class=\"far fa-caret-square-right\"><\/i><\/span>\n\t\t\t\t\t\t\t\t<span class=\"elementor-toggle-icon-opened\"><i class=\"elementor-toggle-icon-opened fas fa-caret-square-up\"><\/i><\/span>\n\t\t\t\t\t\t\t\t\t\t\t\t\t<\/span>\n\t\t\t\t\t\t\t\t\t\t\t\t<a class=\"elementor-toggle-title\" tabindex=\"0\">Description d\u00e9taill\u00e9e du produit \/ faits sur les suppl\u00e9ments<\/a>\n\t\t\t\t\t<\/div>\n\n\t\t\t\t\t<div id=\"elementor-tab-content-6781\" class=\"elementor-tab-content elementor-clearfix\" data-tab=\"1\" role=\"region\" aria-labelledby=\"elementor-tab-title-6781\"><p><span style=\"color: #000000;\"><strong>Avantages:<\/strong><\/span><\/p><p><span style=\"color: #000000;\">Traite et pr\u00e9vient tous les types de cancers.<\/span><br \/><span style=\"color: #000000;\">Helps reduce pain associated with arthritis .<\/span><br \/><span style=\"color: #000000;\">R\u00e9duit l&#039;hypertension art\u00e9rielle.<\/span><br \/><span style=\"color: #000000;\">Maintient la sant\u00e9 et le bien-\u00eatre des individus.<\/span><br \/><span style=\"color: #000000;\">Strengthens the body&#8217;s ability to resist infections like colds and flu.<\/span><br \/><span style=\"color: #000000;\">Vitamin B17, also called amygdaloside or amygdalin, was first discovered in France in the early nineteenth century. Present in an extremely concentrated way in the kernels of apricots as well as other bitter fruits and almonds, vitamin B17 would be one of the best natural allies to fight against cancer cells.<\/span><\/p><p><span style=\"color: #000000;\"><strong>DESCRIPTION AND MODE OF ACTION:<\/strong><\/span><\/p><p><span style=\"color: #000000;\">NG4L vitamin B-17 is a formula that breaks down into three interrelated elements: glucose, benzaldehyde and hydrogen cyanide. NG4L vitamin B-17 is particularly known for its action on cancer cells. Indeed, cancer cells contain in large quantities an enzyme called beta-glucosidase. The latter acts on cancer cells according to the following process: it first releases hydrogen cyanide and benzaldehyde, the two molecules will then act together to destroy the cancer cell(s).<\/span><\/p><p><span style=\"color: #000000;\"><strong>PR\u00c9SENTATION:<\/strong><\/span><\/p><p><span style=\"color: #000000;\">Box of 100 capsules of 500mg to swallow with a glass of water.<\/span><\/p><p><span style=\"color: #000000;\">Dosage:<\/span><\/p><p><span style=\"color: #000000;\">1capsulex2\/d<\/span><\/p><\/div>\n\t\t\t\t<\/div>\n\t\t\t\t\t\t\t<div class=\"elementor-toggle-item\">\n\t\t\t\t\t<div id=\"elementor-tab-title-6782\" class=\"elementor-tab-title\" data-tab=\"2\" role=\"button\" aria-controls=\"elementor-tab-content-6782\" aria-expanded=\"false\">\n\t\t\t\t\t\t\t\t\t\t\t\t<span class=\"elementor-toggle-icon elementor-toggle-icon-left\" aria-hidden=\"true\">\n\t\t\t\t\t\t\t\t\t\t\t\t\t\t\t<span class=\"elementor-toggle-icon-closed\"><i class=\"far fa-caret-square-right\"><\/i><\/span>\n\t\t\t\t\t\t\t\t<span class=\"elementor-toggle-icon-opened\"><i class=\"elementor-toggle-icon-opened fas fa-caret-square-up\"><\/i><\/span>\n\t\t\t\t\t\t\t\t\t\t\t\t\t<\/span>\n\t\t\t\t\t\t\t\t\t\t\t\t<a class=\"elementor-toggle-title\" tabindex=\"0\">..<\/a>\n\t\t\t\t\t<\/div>\n\n\t\t\t\t\t<div id=\"elementor-tab-content-6782\" class=\"elementor-tab-content elementor-clearfix\" data-tab=\"2\" role=\"region\" aria-labelledby=\"elementor-tab-title-6782\"><\/div>\n\t\t\t\t<\/div>\n\t\t\t\t\t\t\t\t<\/div>\n\t\t\t\t\t\t<\/div>\n\t\t\t\t<\/div>\n\t\t\t\t\t<\/div>\n\t\t<\/div>\n\t\t\t\t\t<\/div>\n\t\t<\/section>\n\t\t\t\t<\/div>","protected":false},"excerpt":{"rendered":"<p><a name=\"buy\"><\/a>Vitamine B-15<\/p>\n<ul>\n<li><span style=\"font-family: Arial, Helvetica, sans-serif;\">Traite et pr\u00e9vient tous les types de cancers.<\/span><\/li>\n<li><span style=\"font-family: Arial, Helvetica, sans-serif;\">Aide \u00e0 r\u00e9duire la douleur associ\u00e9e \u00e0 <a href=\"http:\/\/ventre-plat-tip.blogspot.com\/2010\/08\/quels-sont-les-symptomes-darthrite.html\"> arthrite <\/a>.<\/span><\/li>\n<li><span style=\"font-family: Arial, Helvetica, sans-serif;\">R\u00e9duit l&#039;hypertension art\u00e9rielle.<\/span><\/li>\n<li><span style=\"font-family: Arial, Helvetica, sans-serif;\">Maintient la sant\u00e9 et le bien-\u00eatre des individus.<\/span><\/li>\n<li><span style=\"font-family: Arial, Helvetica, sans-serif;\">Strengthens the body&#8217;s ability to resist infections like colds and <strong>grippe<\/strong>.<\/span><\/li>\n<li style=\"list-style-type: none;\"><\/li>\n<\/ul>\n<p><span style=\"font-family: Arial, Helvetica, sans-serif;\"><strong> &gt;&gt;&gt;<span style=\"font-size: 14pt;\"><a href=\"#more\"><span style=\"color: #0000ff;\">Lire la suite<\/span><\/a><\/span><\/strong><\/span><\/p>","protected":false},"featured_media":19915,"comment_status":"open","ping_status":"closed","template":"","meta":{"nf_dc_page":"","_bbp_topic_count":0,"_bbp_reply_count":0,"_bbp_total_topic_count":0,"_bbp_total_reply_count":0,"_bbp_voice_count":0,"_bbp_anonymous_reply_count":0,"_bbp_topic_count_hidden":0,"_bbp_reply_count_hidden":0,"_bbp_forum_subforum_count":0},"product_brand":[],"product_cat":[33,32],"product_tag":[],"class_list":{"0":"post-18531","1":"product","2":"type-product","3":"status-publish","4":"has-post-thumbnail","6":"product_cat-all-products","7":"product_cat-special-products","9":"first","10":"instock","11":"shipping-taxable","12":"purchasable","13":"product-type-simple"},"bundled_by":[],"bundle_stock_status":"instock","bundle_stock_quantity":null,"bundle_virtual":false,"bundle_layout":"","bundle_add_to_cart_form_location":"","bundle_editable_in_cart":false,"bundle_sold_individually_context":"","bundle_item_grouping":"","bundle_min_size":"","bundle_max_size":"","bundled_items":[],"bundle_sell_ids":[],"_links":{"self":[{"href":"https:\/\/www.naturesgiftforlife.com\/fr\/wp-json\/wp\/v2\/product\/18531","targetHints":{"allow":["GET"]}}],"collection":[{"href":"https:\/\/www.naturesgiftforlife.com\/fr\/wp-json\/wp\/v2\/product"}],"about":[{"href":"https:\/\/www.naturesgiftforlife.com\/fr\/wp-json\/wp\/v2\/types\/product"}],"replies":[{"embeddable":true,"href":"https:\/\/www.naturesgiftforlife.com\/fr\/wp-json\/wp\/v2\/comments?post=18531"}],"version-history":[{"count":0,"href":"https:\/\/www.naturesgiftforlife.com\/fr\/wp-json\/wp\/v2\/product\/18531\/revisions"}],"wp:featuredmedia":[{"embeddable":true,"href":"https:\/\/www.naturesgiftforlife.com\/fr\/wp-json\/wp\/v2\/media\/19915"}],"wp:attachment":[{"href":"https:\/\/www.naturesgiftforlife.com\/fr\/wp-json\/wp\/v2\/media?parent=18531"}],"wp:term":[{"taxonomy":"product_brand","embeddable":true,"href":"https:\/\/www.naturesgiftforlife.com\/fr\/wp-json\/wp\/v2\/product_brand?post=18531"},{"taxonomy":"product_cat","embeddable":true,"href":"https:\/\/www.naturesgiftforlife.com\/fr\/wp-json\/wp\/v2\/product_cat?post=18531"},{"taxonomy":"product_tag","embeddable":true,"href":"https:\/\/www.naturesgiftforlife.com\/fr\/wp-json\/wp\/v2\/product_tag?post=18531"}],"curies":[{"name":"wp","href":"https:\/\/api.w.org\/{rel}","templated":true}]}}