{"id":18422,"date":"2022-01-05T14:46:40","date_gmt":"2022-01-05T14:46:40","guid":{"rendered":"https:\/\/www.naturesgiftforlife.com\/?post_type=product&#038;p=18422"},"modified":"2023-08-24T09:27:36","modified_gmt":"2023-08-24T09:27:36","slug":"elementor-18422","status":"publish","type":"product","link":"https:\/\/www.naturesgiftforlife.com\/fr\/shop\/elementor-18422\/","title":{"rendered":"Slim &#038; Diabetic Sweetener"},"content":{"rendered":"<div data-elementor-type=\"wp-post\" data-elementor-id=\"18422\" class=\"elementor elementor-18422\">\n\t\t\t\t\t\t<section class=\"elementor-section elementor-top-section elementor-element elementor-element-defb54c elementor-section-boxed elementor-section-height-default elementor-section-height-default\" data-id=\"defb54c\" data-element_type=\"section\" data-e-type=\"section\">\n\t\t\t\t\t\t<div class=\"elementor-container elementor-column-gap-default\">\n\t\t\t\t\t<div class=\"elementor-column elementor-col-100 elementor-top-column elementor-element elementor-element-a819261\" data-id=\"a819261\" data-element_type=\"column\" data-e-type=\"column\">\n\t\t\t<div class=\"elementor-widget-wrap elementor-element-populated\">\n\t\t\t\t\t\t<div class=\"elementor-element elementor-element-e6d655e elementor-widget elementor-widget-html\" data-id=\"e6d655e\" data-element_type=\"widget\" data-e-type=\"widget\" data-widget_type=\"html.default\">\n\t\t\t\t<div class=\"elementor-widget-container\">\n\t\t\t\t\t<a name=\"more\"><\/a>\t\t\t\t<\/div>\n\t\t\t\t<\/div>\n\t\t\t\t<div class=\"elementor-element elementor-element-06779b9 elementor-invisible elementor-widget elementor-widget-toggle\" data-id=\"06779b9\" data-element_type=\"widget\" data-e-type=\"widget\" data-settings=\"{&quot;_animation&quot;:&quot;flash&quot;}\" data-widget_type=\"toggle.default\">\n\t\t\t\t<div class=\"elementor-widget-container\">\n\t\t\t\t\t\t\t<div class=\"elementor-toggle\">\n\t\t\t\t\t\t\t<div class=\"elementor-toggle-item\">\n\t\t\t\t\t<div id=\"elementor-tab-title-6781\" class=\"elementor-tab-title\" data-tab=\"1\" role=\"button\" aria-controls=\"elementor-tab-content-6781\" aria-expanded=\"false\">\n\t\t\t\t\t\t\t\t\t\t\t\t<span class=\"elementor-toggle-icon elementor-toggle-icon-left\" aria-hidden=\"true\">\n\t\t\t\t\t\t\t\t\t\t\t\t\t\t\t<span class=\"elementor-toggle-icon-closed\"><i class=\"far fa-caret-square-right\"><\/i><\/span>\n\t\t\t\t\t\t\t\t<span class=\"elementor-toggle-icon-opened\"><i class=\"elementor-toggle-icon-opened fas fa-caret-square-up\"><\/i><\/span>\n\t\t\t\t\t\t\t\t\t\t\t\t\t<\/span>\n\t\t\t\t\t\t\t\t\t\t\t\t<a class=\"elementor-toggle-title\" tabindex=\"0\">Description d\u00e9taill\u00e9e du produit \/ faits sur les suppl\u00e9ments<\/a>\n\t\t\t\t\t<\/div>\n\n\t\t\t\t\t<div id=\"elementor-tab-content-6781\" class=\"elementor-tab-content elementor-clearfix\" data-tab=\"1\" role=\"region\" aria-labelledby=\"elementor-tab-title-6781\"><h3 style=\"text-align: center;\"><span style=\"color: #000000;\"><strong>\u00c9DULCORANT MINCE &amp; DIAB\u00c9TIQUE <\/strong><\/span><br \/><span style=\"color: #000000;\"><strong>Du sucre <\/strong><\/span><br \/><span style=\"color: #000000;\"><strong>gratuit et s\u00fbr ! <\/strong><\/span><br \/><span style=\"color: #000000;\"><strong>\u00c9dulcorant naturel<\/strong><\/span><\/h3><p><span style=\"color: #000000;\"><strong>AVANTAGES<br \/><\/strong><\/span><br \/><span style=\"color: #000000;\">&#8211; Obesity and Overweight<\/span><br \/><span style=\"color: #000000;\">&#8211; Well-being and longevity<\/span><br \/><span style=\"color: #000000;\">&#8211; Doesnot increase blood sugar or insulin levels (recommended for diabetics)<\/span><br \/><span style=\"color: #000000;\">-Ne favorise pas le stockage des graisses, mais au contraire br\u00fble les graisses<\/span><br \/><span style=\"color: #000000;\">-Ne contient aucune calorie par dose, id\u00e9al pour les r\u00e9gimes pour ceux qui souhaitent perdre du poids<\/span><br \/><span style=\"color: #000000;\">&#8211; Does not increase cholesterol and triglyceride levels<\/span><br \/><span style=\"color: #000000;\">&#8211; Non-cariogenic (does not cause tooth decay)<\/span><br \/><span style=\"color: #000000;\">&#8211; Contains no saccharin, no aspartame and no chemical additives<\/span><br \/><span style=\"color: #000000;\">&#8211; Has a pleasant taste (no aftertaste) <\/span><br \/><span style=\"color: #000000;\">&#8211; Does not cause digestive intolerance problems<\/span><br \/><span style=\"color: #000000;\">&#8211; 100% natural<\/span><br \/><span style=\"color: #000000;\">&#8211; 15 times sweeter than sugar.<\/span><\/p><p><span style=\"color: #000000;\"><strong><br \/><\/strong>La consommation de sucre n&#039;a cess\u00e9 d&#039;augmenter depuis le d\u00e9but du XIXe si\u00e8cle.<\/span><br \/><span style=\"color: #000000;\">Sugar-based products provide real taste pleasure, but excess sugar can have an impact\u00a0 on our health. Sugar is our engine, it allows us to live and to make our brain work. It is important to take sugar in our food, but not in excess.\u00a0 Over-consumption of sugar causes weight gain. Since our sedentary lifestyle does not require all the energy provided by a diet too rich in sugars, we store it in our fat cells, which leads us to gain weight.<\/span><br \/><span style=\"color: #000000;\">The excess of refined sugars leads to a certain dependency, which is sometimes even comparable to that of a drug.\u00a0 The excess of refined sugars also disturbs the bacterial flora, which is responsible for a good part of\u00a0 our immunity. In addition, sugar tends to lead to a deficiency of copper, a trace anti-infectious element.<\/span><\/p><p><span style=\"color: #000000;\">The more sugar we absorb, the less the white blood cells are able to neutralize the microbes. Indeed, bacteria, intestinal fungi and cancer cells grow thanks to sugar. Excess sugar increases the level of\u00a0 triglycerides and cholesterol, which would promote cardiovascular disease.<\/span><br \/><span style=\"color: #000000;\">L&#039;exc\u00e8s de sucre peut provoquer des troubles oculaires comme la cataracte. Pour g\u00e9rer les trop riches en sucre de notre alimentation, le pancr\u00e9as, responsable de la production d&#039;insuline, s&#039;\u00e9puise, se sature et le sucre n&#039;est plus assimil\u00e9. A long terme, le diab\u00e8te s&#039;installe et acc\u00e9l\u00e8re \u00e9galement le vieillissement de nos organes.<\/span><span style=\"color: #000000;\"> <br \/><\/span><\/p><p><span style=\"color: #000000;\">Le sucre est \u00e9galement responsable de l&#039;apparition de cancers (estomac, pancr\u00e9as, colon ou endom\u00e8tre). Ce qui peut \u00eatre fait? Doit-on se passer du go\u00fbt du sucre ? La bonne nouvelle est qu&#039;il existe des produits appel\u00e9s <\/span><span style=\"color: #000000;\">\u00e9dulcorants. Ce sont des produits qui ont la capacit\u00e9 de produire une saveur sucr\u00e9e sans ajouter de calories, ou qui donnent une saveur sucr\u00e9e avec moins de calories que le sucre. Les \u00e9dulcorants peuvent remplacer le sucre de table comme le sucre blanc raffin\u00e9 ou m\u00eame le sucre roux. <\/span><\/p><p><span style=\"color: #000000;\">Il existe plusieurs cat\u00e9gories d&#039;\u00e9dulcorants dont les plus connus sont les \u00e9dulcorants de synth\u00e8se issus de l&#039;industrie comme l&#039;aspartame, l&#039;ac\u00e9sulfame et la lasaccharine. Les \u00e9dulcorants artificiels peuvent \u00eatre canc\u00e9rig\u00e8nes et provoquer des maladies comme le diab\u00e8te ou l&#039;ob\u00e9sit\u00e9. Comme nous sommes de plus en plus soucieux de notre sant\u00e9, les \u00e9dulcorants naturels sont de plus en plus pr\u00e9f\u00e9r\u00e9s.<\/span><\/p><p><span style=\"color: #000000;\">L&#039;un des meilleurs \u00e9dulcorants naturels est Luo Hang Guo, une plante qui ressemble \u00e0 un petit melon vert et qui est environ 300 fois plus sucr\u00e9e que le sucre. Appel\u00e9 Momordica grosvenori, Luo HanGuo est un membre de la famille des cucurbitac\u00e9es qui pousse dans les petites fermes des for\u00eats des montagnes du sud-ouest de la Chine. Sa surface externe est ronde et lisse, jaune-brun ou brun-vert. Le fruit est recouvert d&#039;une coquille dure mais mince. L&#039;int\u00e9rieur contient une substance molle, ainsi qu&#039;un grand nombre de graines. <\/span><\/p><p><span style=\"color: #000000;\">Toutes les parties ont un bon go\u00fbt sucr\u00e9. Cette plante est commun\u00e9ment consid\u00e9r\u00e9e comme la plante de la long\u00e9vit\u00e9 car elle pr\u00e9sente de nombreux bienfaits pour la sant\u00e9. Il est int\u00e9ressant de noter que de nombreuses personnes vivant \u00e0 proximit\u00e9 des cultures vivent plus de 100 ans. Il est utilis\u00e9 pour soulager les coups de soleil, humidifie les poumons, \u00e9limine le mucus, arr\u00eate la toux, favorise le transit intestinal et traite les maux de gorge, la fi\u00e8vre, le rhume et la pneumonie. Son pouvoir sucrant provient du mogroside 5, une substance qui poss\u00e8de \u00e9galement des propri\u00e9t\u00e9s antioxydantes et anticanc\u00e9reuses. Le lien n&#039;a pas \u00e9t\u00e9 prouv\u00e9, mais de nombreuses \u00e9tudes sont en cours pour tenter d&#039;en savoir plus sur ce fruit prometteur.<\/span><\/p><p><span style=\"color: #000000;\"><strong>LA DESCRIPTION<br \/><\/strong>Slim Sweet est un \u00e9dulcorant \u00e0 base de Luo han Guo. Le Slim Sweet est utilis\u00e9 pour sucrer des aliments ou des boissons. Slim Sweet est 15 fois plus sucr\u00e9 que le sucre et peut \u00eatre consomm\u00e9 sans <strong><em>Dietetic Products &#8211; NG4L Slim &amp; Diabetic Sweetener125moderation <\/em><\/strong><\/span><br \/><span style=\"color: #000000;\">et sans se soucier de sa sant\u00e9, car il ne contient aucun additif chimique. Il est<\/span><br \/><span style=\"color: #000000;\">recommand\u00e9 pour les diab\u00e9tiques, les personnes qui veulent perdre du poids et celles qui veulent<\/span><br \/><span style=\"color: #000000;\">r\u00e9duire leur consommation de sucre.<\/span><br \/><span style=\"color: #000000;\"><strong>PR\u00c9SENTATION: <\/strong>paquet de 50 sachets<\/span><\/p><table><tbody><tr><td width=\"361\"><span style=\"color: #000000;\">Portion : 1 Doses par bo\u00eete : 50<\/span><\/td><td colspan=\"2\" width=\"236\">\u00a0<\/td><\/tr><tr><td width=\"124\"><span style=\"color: #000000;\">Ingr\u00e9dients<\/span><\/td><td width=\"112\"><span style=\"color: #000000;\">Quantit\u00e9 par dose<\/span><\/td><td width=\"124\"><span style=\"color: #000000;\">Dose quotidienne<\/span><\/td><\/tr><tr><td width=\"124\"><span style=\"color: #000000;\">Calories<\/span><\/td><td width=\"112\"><span style=\"color: #000000;\">0<\/span><\/td><td>\u00a0<\/td><\/tr><tr><td width=\"124\"><span style=\"color: #000000;\">Graisse totale<\/span><\/td><td width=\"112\"><span style=\"color: #000000;\">0 g<\/span><\/td><td width=\"124\"><span style=\"color: #000000;\">0 %<\/span><\/td><\/tr><tr><td width=\"124\"><span style=\"color: #000000;\">Sodium<\/span><\/td><td width=\"112\"><span style=\"color: #000000;\">0 mg<\/span><\/td><td width=\"124\"><span style=\"color: #000000;\">0 %<\/span><\/td><\/tr><tr><td width=\"124\"><span style=\"color: #000000;\">Potassium<\/span><\/td><td width=\"112\"><span style=\"color: #000000;\">0 mg<\/span><\/td><td width=\"124\"><span style=\"color: #000000;\">0 %<\/span><\/td><\/tr><tr><td width=\"124\"><span style=\"color: #000000;\">Glucides totaux<\/span><\/td><td width=\"112\"><span style=\"color: #000000;\">&lt; 1 g<\/span><\/td><td width=\"124\"><span style=\"color: #000000;\">0 %<\/span><\/td><\/tr><tr><td width=\"124\"><span style=\"color: #000000;\">Sucres<\/span><\/td><td width=\"112\"><span style=\"color: #000000;\">&lt; 1 g<\/span><\/td><td width=\"124\"><span style=\"color: #000000;\">0 %<\/span><\/td><\/tr><tr><td width=\"124\"><span style=\"color: #000000;\">Prot\u00e9ine<\/span><\/td><td width=\"112\"><span style=\"color: #000000;\">0 g<\/span><\/td><td width=\"124\"><span style=\"color: #000000;\">0 %<\/span><\/td><\/tr><tr><td width=\"361\">\u00a0<\/td><td>\u00a0<\/td><td>\u00a0<\/td><\/tr><\/tbody><\/table><table style=\"height: 140px;\" width=\"364\"><tbody><tr><td width=\"361\">Autres ingr\u00e9dients : fructose cristallin, fibres alimentaires, Luo han (marmodica grosvenori), gomme de guar, gomme de xanthane.<\/td><td>\u00a0<\/td><\/tr><\/tbody><\/table><p><span style=\"color: #000000;\"><strong>DOSAGE<br \/><\/strong>La boite de 50 sachets a \u00e9t\u00e9 con\u00e7ue pour vous apporter une utilisation quotidienne simple et efficace.<\/span><br \/><span style=\"color: #000000;\">1 sachet (1g) peut \u00eatre vers\u00e9 dans un yaourt, un caf\u00e9, un jus de fruit ou dans une pr\u00e9paration culinaire<\/span><br \/><span style=\"color: #000000;\">.<\/span><\/p><\/div>\n\t\t\t\t<\/div>\n\t\t\t\t\t\t\t<div class=\"elementor-toggle-item\">\n\t\t\t\t\t<div id=\"elementor-tab-title-6782\" class=\"elementor-tab-title\" data-tab=\"2\" role=\"button\" aria-controls=\"elementor-tab-content-6782\" aria-expanded=\"false\">\n\t\t\t\t\t\t\t\t\t\t\t\t<span class=\"elementor-toggle-icon elementor-toggle-icon-left\" aria-hidden=\"true\">\n\t\t\t\t\t\t\t\t\t\t\t\t\t\t\t<span class=\"elementor-toggle-icon-closed\"><i class=\"far fa-caret-square-right\"><\/i><\/span>\n\t\t\t\t\t\t\t\t<span class=\"elementor-toggle-icon-opened\"><i class=\"elementor-toggle-icon-opened fas fa-caret-square-up\"><\/i><\/span>\n\t\t\t\t\t\t\t\t\t\t\t\t\t<\/span>\n\t\t\t\t\t\t\t\t\t\t\t\t<a class=\"elementor-toggle-title\" tabindex=\"0\">..<\/a>\n\t\t\t\t\t<\/div>\n\n\t\t\t\t\t<div id=\"elementor-tab-content-6782\" class=\"elementor-tab-content elementor-clearfix\" data-tab=\"2\" role=\"region\" aria-labelledby=\"elementor-tab-title-6782\"><\/div>\n\t\t\t\t<\/div>\n\t\t\t\t\t\t\t\t<\/div>\n\t\t\t\t\t\t<\/div>\n\t\t\t\t<\/div>\n\t\t\t\t\t<\/div>\n\t\t<\/div>\n\t\t\t\t\t<\/div>\n\t\t<\/section>\n\t\t\t\t<\/div>","protected":false},"excerpt":{"rendered":"<p><a name=\"buy\"><\/a><\/p>\n<ul>\n<li>Ob\u00e9sit\u00e9 et surpoids<\/li>\n<li>Bien-\u00eatre et long\u00e9vit\u00e9<\/li>\n<li>N&#039;augmente pas le taux de sucre dans le sang ou d&#039;insuline (recommand\u00e9 pour les diab\u00e9tiques)<\/li>\n<li>Ne favorise pas le stockage des graisses, mais au contraire br\u00fble les graisses<\/li>\n<li>Ne contient aucune calorie par dose, id\u00e9al pour les r\u00e9gimes pour ceux qui souhaitent perdre du poids<\/li>\n<li>N&#039;augmente pas les taux de cholest\u00e9rol et de triglyc\u00e9rides<\/li>\n<li>Non cariog\u00e8ne (ne provoque pas de carie dentaire)<\/li>\n<li>Ne contient pas de saccharine, pas d&#039;aspartame et pas d&#039;additifs chimiques<\/li>\n<li>A un go\u00fbt agr\u00e9able (pas d&#039;arri\u00e8re-go\u00fbt)<\/li>\n<li>Ne cause pas de probl\u00e8mes d&#039;intol\u00e9rance digestive<\/li>\n<\/ul>\n<p><strong> &gt;&gt;&gt;<span style=\"font-family: go; font-size: 14pt;\"><a href=\"#more\"><span style=\"color: #0000ff;\">Lire la suite<\/span><\/a><\/span><\/strong><\/p>","protected":false},"featured_media":18455,"comment_status":"open","ping_status":"closed","template":"","meta":{"nf_dc_page":"","_bbp_topic_count":0,"_bbp_reply_count":0,"_bbp_total_topic_count":0,"_bbp_total_reply_count":0,"_bbp_voice_count":0,"_bbp_anonymous_reply_count":0,"_bbp_topic_count_hidden":0,"_bbp_reply_count_hidden":0,"_bbp_forum_subforum_count":0},"product_brand":[],"product_cat":[33],"product_tag":[],"class_list":{"0":"post-18422","1":"product","2":"type-product","3":"status-publish","4":"has-post-thumbnail","6":"product_cat-all-products","8":"first","9":"instock","10":"shipping-taxable","11":"purchasable","12":"product-type-simple"},"bundled_by":[],"bundle_stock_status":"instock","bundle_stock_quantity":null,"bundle_virtual":false,"bundle_layout":"","bundle_add_to_cart_form_location":"","bundle_editable_in_cart":false,"bundle_sold_individually_context":"","bundle_item_grouping":"","bundle_min_size":"","bundle_max_size":"","bundled_items":[],"bundle_sell_ids":[],"_links":{"self":[{"href":"https:\/\/www.naturesgiftforlife.com\/fr\/wp-json\/wp\/v2\/product\/18422","targetHints":{"allow":["GET"]}}],"collection":[{"href":"https:\/\/www.naturesgiftforlife.com\/fr\/wp-json\/wp\/v2\/product"}],"about":[{"href":"https:\/\/www.naturesgiftforlife.com\/fr\/wp-json\/wp\/v2\/types\/product"}],"replies":[{"embeddable":true,"href":"https:\/\/www.naturesgiftforlife.com\/fr\/wp-json\/wp\/v2\/comments?post=18422"}],"version-history":[{"count":0,"href":"https:\/\/www.naturesgiftforlife.com\/fr\/wp-json\/wp\/v2\/product\/18422\/revisions"}],"wp:featuredmedia":[{"embeddable":true,"href":"https:\/\/www.naturesgiftforlife.com\/fr\/wp-json\/wp\/v2\/media\/18455"}],"wp:attachment":[{"href":"https:\/\/www.naturesgiftforlife.com\/fr\/wp-json\/wp\/v2\/media?parent=18422"}],"wp:term":[{"taxonomy":"product_brand","embeddable":true,"href":"https:\/\/www.naturesgiftforlife.com\/fr\/wp-json\/wp\/v2\/product_brand?post=18422"},{"taxonomy":"product_cat","embeddable":true,"href":"https:\/\/www.naturesgiftforlife.com\/fr\/wp-json\/wp\/v2\/product_cat?post=18422"},{"taxonomy":"product_tag","embeddable":true,"href":"https:\/\/www.naturesgiftforlife.com\/fr\/wp-json\/wp\/v2\/product_tag?post=18422"}],"curies":[{"name":"wp","href":"https:\/\/api.w.org\/{rel}","templated":true}]}}