{"id":1554,"date":"2020-09-04T07:39:56","date_gmt":"2020-09-04T07:39:56","guid":{"rendered":"http:\/\/www.livehealthylivehappy.com\/new\/?post_type=product&#038;p=1554"},"modified":"2023-08-14T21:13:03","modified_gmt":"2023-08-14T21:13:03","slug":"arthritis-joint-formula","status":"publish","type":"product","link":"https:\/\/www.naturesgiftforlife.com\/fr\/shop\/arthritis-joint-formula\/","title":{"rendered":"Triple Strength Arthritis\/Joint Formula"},"content":{"rendered":"<div data-elementor-type=\"wp-post\" data-elementor-id=\"1554\" class=\"elementor elementor-1554\">\n\t\t\t\t\t\t<section class=\"elementor-section elementor-top-section elementor-element elementor-element-44a1577 elementor-section-boxed elementor-section-height-default elementor-section-height-default\" data-id=\"44a1577\" data-element_type=\"section\" data-e-type=\"section\">\n\t\t\t\t\t\t<div class=\"elementor-container elementor-column-gap-default\">\n\t\t\t\t\t<div class=\"elementor-column elementor-col-100 elementor-top-column elementor-element elementor-element-ced2a6d\" data-id=\"ced2a6d\" data-element_type=\"column\" data-e-type=\"column\">\n\t\t\t<div class=\"elementor-widget-wrap elementor-element-populated\">\n\t\t\t\t\t\t<div class=\"elementor-element elementor-element-4650785 elementor-widget elementor-widget-html\" data-id=\"4650785\" data-element_type=\"widget\" data-e-type=\"widget\" data-widget_type=\"html.default\">\n\t\t\t\t<div class=\"elementor-widget-container\">\n\t\t\t\t\t<a name=\"more\"><\/a>\t\t\t\t<\/div>\n\t\t\t\t<\/div>\n\t\t\t\t<div class=\"elementor-element elementor-element-11af04e elementor-invisible elementor-widget elementor-widget-toggle\" data-id=\"11af04e\" data-element_type=\"widget\" data-e-type=\"widget\" data-settings=\"{&quot;_animation&quot;:&quot;flash&quot;}\" data-widget_type=\"toggle.default\">\n\t\t\t\t<div class=\"elementor-widget-container\">\n\t\t\t\t\t\t\t<div class=\"elementor-toggle\">\n\t\t\t\t\t\t\t<div class=\"elementor-toggle-item\">\n\t\t\t\t\t<div id=\"elementor-tab-title-1851\" class=\"elementor-tab-title\" data-tab=\"1\" role=\"button\" aria-controls=\"elementor-tab-content-1851\" aria-expanded=\"false\">\n\t\t\t\t\t\t\t\t\t\t\t\t<span class=\"elementor-toggle-icon elementor-toggle-icon-left\" aria-hidden=\"true\">\n\t\t\t\t\t\t\t\t\t\t\t\t\t\t\t<span class=\"elementor-toggle-icon-closed\"><i class=\"far fa-caret-square-right\"><\/i><\/span>\n\t\t\t\t\t\t\t\t<span class=\"elementor-toggle-icon-opened\"><i class=\"elementor-toggle-icon-opened fas fa-caret-square-up\"><\/i><\/span>\n\t\t\t\t\t\t\t\t\t\t\t\t\t<\/span>\n\t\t\t\t\t\t\t\t\t\t\t\t<a class=\"elementor-toggle-title\" tabindex=\"0\">Description d\u00e9taill\u00e9e du produit \/ faits sur les suppl\u00e9ments<\/a>\n\t\t\t\t\t<\/div>\n\n\t\t\t\t\t<div id=\"elementor-tab-content-1851\" class=\"elementor-tab-content elementor-clearfix\" data-tab=\"1\" role=\"region\" aria-labelledby=\"elementor-tab-title-1851\"><p><span style=\"color: #000000;\"><strong><em>Avantages<\/em><\/strong><\/span><\/p><ul><li><span style=\"color: #000000;\">Aide le corps \u00e0 r\u00e9parer le cartilage \u00e9rod\u00e9 et endommag\u00e9<\/span><\/li><li><span style=\"color: #000000;\">Am\u00e9liore et favorise la sant\u00e9 des articulations et la fonction normale.<\/span><\/li><li><span style=\"color: #000000;\">Fournit aux tissus mous une absorption accrue des chocs dans le <a style=\"color: #000000;\" href=\"https:\/\/www.rmbibow.com\/compact-mineral-powder\/\" target=\"_blank\" rel=\"noopener\">les articulations<\/a>.<\/span><\/li><li><span style=\"color: #000000;\">Aide \u00e0 r\u00e9duire la douleur de ceux qui souffrent de <a style=\"color: #000000;\" href=\"https:\/\/www.naturesgiftforlife.com\/fr\/shop\/chitosan-plus-complex-constipation\/\">arthrose<\/a><\/span><\/li><li><span style=\"color: #000000;\">Agit comme un agent cicatrisant, anti-inflammatoire et modificateur de la maladie<\/span><\/li><li><span style=\"color: #000000;\">Aide \u00e0 lubrifier les articulations et am\u00e9liore la flexibilit\u00e9 et la mobilit\u00e9.<\/span><\/li><li><span style=\"color: #000000;\">Avantages des plaies et des calculs r\u00e9naux.<\/span><\/li><li><span style=\"color: #000000;\">Propri\u00e9t\u00e9s antivirales contre le VIH<\/span><\/li><li><span style=\"color: #000000;\">R\u00e9duit les douleurs musculaires, la raideur, l&#039;enflure, la fissuration ou le cliquetis des articulations<em>. <\/em><\/span><\/li><\/ul><p><span style=\"color: #000000;\">Contient de la glucosamine, de la chondro\u00eftine et du MSM, qui favorisent la sant\u00e9 des articulations, r\u00e9duisent la douleur et l&#039;inflammation et semblent stimuler la production de cartilage.<\/span><\/p><p><span style=\"color: #000000;\">C&#039;est l\u00e0 qu&#039;intervient la glucosamine (en tant que suppl\u00e9ment). <strong><em>Glucosamine<\/em><\/strong> se trouve dans le corps en grande partie dans le cartilage, c&#039;est le mat\u00e9riau discut\u00e9 ci-dessus qui recouvre et prot\u00e8ge les articulations. \u00c0 mesure que nous vieillissons et que les abus sur nos articulations commencent \u00e0 faire des ravages, cela peut entra\u00eener un amincissement du cartilage protecteur et une d\u00e9gradation de l&#039;articulation elle-m\u00eame, ce qui peut \u00eatre tr\u00e8s douloureux. Bon nombre des m\u00e9dicaments actuellement offerts sur le march\u00e9 n&#039;offrent pas de v\u00e9ritable soulagement.<\/span><\/p><p><span style=\"color: #000000;\"><strong>Avantage NG4L<\/strong><\/span><\/p><p><span style=\"color: #000000;\">Nous offrons la meilleure qualit\u00e9 pharmaceutique USP de glucosamine chondro\u00eftine et de MSM que le march\u00e9 a \u00e0 offrir, nous recherchons dans le monde entier pour trouver des fournisseurs qui peuvent fournir un produit de haute qualit\u00e9, afin que vous puissiez le prendre \u00e0 l&#039;aise et en confiance. Lorsque vous achetez un produit NG4L, vous achetez <strong>qualit\u00e9.<\/strong><\/span><\/p><table style=\"height: 519px;\" width=\"229\"><tbody><tr><td colspan=\"3\" width=\"638\"><p><span style=\"color: #000000;\"><strong>Faits sur les suppl\u00e9ments<\/strong><\/span><\/p><\/td><\/tr><tr><td colspan=\"3\" width=\"638\"><p><span style=\"color: #000000;\"><strong>Taille de la portion : une (1) table<\/strong><\/span><\/p><\/td><\/tr><tr><td width=\"310\"><p><span style=\"color: #000000;\"><strong>\u00a0<\/strong><\/span><\/p><\/td><td width=\"180\"><p><span style=\"color: #000000;\">Quantit\u00e9 par portion<\/span><\/p><\/td><td width=\"149\"><p><span style=\"color: #000000;\">%Daily Value<\/span><\/p><\/td><\/tr><tr><td width=\"310\"><p><span style=\"color: #000000;\"><strong>Sulfate de glucosamine 2 kcl<\/strong><\/span><\/p><\/td><td width=\"180\"><p><span style=\"color: #000000;\">500 mg<\/span><\/p><\/td><td width=\"149\"><p><span style=\"color: #000000;\">*<\/span><\/p><\/td><\/tr><tr><td width=\"310\"><p><span style=\"color: #000000;\"><strong>Poudre de sulfate de chondro\u00eftine<\/strong><\/span><\/p><\/td><td width=\"180\"><p><span style=\"color: #000000;\">400 mg<\/span><\/p><\/td><td width=\"149\"><p><span style=\"color: #000000;\">*<\/span><\/p><\/td><\/tr><tr><td width=\"310\"><p><span style=\"color: #000000;\"><strong>Poudre de MSM<\/strong><\/span><\/p><\/td><td width=\"180\"><p><span style=\"color: #000000;\">250 mg<\/span><\/p><\/td><td width=\"149\"><p><span style=\"color: #000000;\">*<\/span><\/p><\/td><\/tr><tr><td width=\"310\"><p><span style=\"color: #000000;\"><strong>*Valeur quotidienne non \u00e9tablie<\/strong><\/span><\/p><\/td><td width=\"180\">\u00a0<\/td><td width=\"149\">\u00a0<\/td><\/tr><\/tbody><\/table><p><span style=\"color: #000000;\"><strong>instructions<\/strong><\/span><\/p><p><span style=\"color: #000000;\">Prendre un (1) comprim\u00e9 trois fois par jour<\/span><\/p><p><span style=\"color: #000000;\"><strong><em>avertissement <\/em><\/strong>Consultez un m\u00e9decin avant d&#039;utiliser ce produit ou tout autre produit, si vous \u00eates enceinte ou si vous allaitez, ou si vous avez un probl\u00e8me de sant\u00e9. Ne prenez pas de sulfate de chondro\u00eftine si vous prenez des anticoagulants.<\/span><\/p><\/div>\n\t\t\t\t<\/div>\n\t\t\t\t\t\t\t<div class=\"elementor-toggle-item\">\n\t\t\t\t\t<div id=\"elementor-tab-title-1852\" class=\"elementor-tab-title\" data-tab=\"2\" role=\"button\" aria-controls=\"elementor-tab-content-1852\" aria-expanded=\"false\">\n\t\t\t\t\t\t\t\t\t\t\t\t<span class=\"elementor-toggle-icon elementor-toggle-icon-left\" aria-hidden=\"true\">\n\t\t\t\t\t\t\t\t\t\t\t\t\t\t\t<span class=\"elementor-toggle-icon-closed\"><i class=\"far fa-caret-square-right\"><\/i><\/span>\n\t\t\t\t\t\t\t\t<span class=\"elementor-toggle-icon-opened\"><i class=\"elementor-toggle-icon-opened fas fa-caret-square-up\"><\/i><\/span>\n\t\t\t\t\t\t\t\t\t\t\t\t\t<\/span>\n\t\t\t\t\t\t\t\t\t\t\t\t<a class=\"elementor-toggle-title\" tabindex=\"0\">..<\/a>\n\t\t\t\t\t<\/div>\n\n\t\t\t\t\t<div id=\"elementor-tab-content-1852\" class=\"elementor-tab-content elementor-clearfix\" data-tab=\"2\" role=\"region\" aria-labelledby=\"elementor-tab-title-1852\"><\/div>\n\t\t\t\t<\/div>\n\t\t\t\t\t\t\t\t<\/div>\n\t\t\t\t\t\t<\/div>\n\t\t\t\t<\/div>\n\t\t\t\t\t<\/div>\n\t\t<\/div>\n\t\t\t\t\t<\/div>\n\t\t<\/section>\n\t\t\t\t<\/div>","protected":false},"excerpt":{"rendered":"<p><a id=\"quot;buyquot;\" class=\"wpsal-anchor\" name=\"quot;buyquot;\"><\/a><\/p>\n<p><span style=\"text-decoration: underline; color: #3366ff;\"><strong>Avantages de ce produit pour l&#039;arthrite\u00a0<\/strong><\/span><\/p>\n<ul>\n<li>Formule Arthrite Articul\u00e9e<\/li>\n<li><strong><span style=\"font-family: go;\"><span style=\"font-size: medium;\">Am\u00e9liore et favorise <span class=\"fontstyle0\">en bonne sant\u00e9<\/span> mixte\u00a0<\/span><\/span><\/strong><\/li>\n<li><strong><span style=\"font-family: go;\"><span style=\"font-size: medium;\"><span class=\"fontstyle0\">R\u00e9duit la douleur et l&#039;inflammation<\/span><br \/>\n<\/span><\/span><\/strong><\/li>\n<li><strong><span style=\"font-family: go;\">Aide le corps \u00e0 r\u00e9parer le cartilage \u00e9rod\u00e9 et endommag\u00e9<\/span><\/strong><\/li>\n<li><strong><span style=\"font-family: go;\">Am\u00e9liore et favorise la sant\u00e9 des articulations et la fonction normale.<\/span><\/strong><\/li>\n<li><strong><span style=\"font-family: go;\">Fournit des tissus mous augmentant l&#039;absorption des chocs dans les articulations.<\/span><\/strong><\/li>\n<li><strong><span style=\"font-family: go;\">Aide \u00e0 r\u00e9duire la douleur des personnes souffrant d&#039;arthrose<\/span><\/strong><\/li>\n<\/ul>\n<p><strong>\u00a0\u00a0\u00a0\u00a0\u00a0 &gt;&gt;&gt;<span style=\"font-family: go; font-size: 14pt;\"><a href=\"#more\"><span style=\"color: #0000ff;\">Lire la suite<\/span><\/a><\/span><\/strong><\/p>","protected":false},"featured_media":1555,"comment_status":"open","ping_status":"closed","template":"","meta":{"nf_dc_page":"","_bbp_topic_count":0,"_bbp_reply_count":0,"_bbp_total_topic_count":0,"_bbp_total_reply_count":0,"_bbp_voice_count":0,"_bbp_anonymous_reply_count":0,"_bbp_topic_count_hidden":0,"_bbp_reply_count_hidden":0,"_bbp_forum_subforum_count":0},"product_brand":[],"product_cat":[113],"product_tag":[],"class_list":{"0":"post-1554","1":"product","2":"type-product","3":"status-publish","4":"has-post-thumbnail","6":"product_cat-arthritis","8":"first","9":"instock","10":"featured","11":"shipping-taxable","12":"purchasable","13":"product-type-bundle"},"bundled_by":[],"bundle_stock_status":"instock","bundle_stock_quantity":"","bundle_virtual":false,"bundle_layout":"default","bundle_add_to_cart_form_location":"default","bundle_editable_in_cart":false,"bundle_sold_individually_context":"product","bundle_item_grouping":"noindent","bundle_min_size":"","bundle_max_size":"","bundled_items":[{"bundled_item_id":21,"product_id":2584,"menu_order":0,"quantity_min":1,"quantity_max":"","quantity_default":1,"priced_individually":false,"shipped_individually":false,"override_title":false,"title":"","override_description":false,"description":"","optional":true,"hide_thumbnail":false,"discount":"","override_variations":false,"allowed_variations":[],"override_default_variation_attributes":false,"default_variation_attributes":[],"single_product_visibility":"hidden","cart_visibility":"hidden","order_visibility":"visible","single_product_price_visibility":"visible","cart_price_visibility":"visible","order_price_visibility":"visible","stock_status":"in_stock"}],"bundle_sell_ids":[],"_links":{"self":[{"href":"https:\/\/www.naturesgiftforlife.com\/fr\/wp-json\/wp\/v2\/product\/1554","targetHints":{"allow":["GET"]}}],"collection":[{"href":"https:\/\/www.naturesgiftforlife.com\/fr\/wp-json\/wp\/v2\/product"}],"about":[{"href":"https:\/\/www.naturesgiftforlife.com\/fr\/wp-json\/wp\/v2\/types\/product"}],"replies":[{"embeddable":true,"href":"https:\/\/www.naturesgiftforlife.com\/fr\/wp-json\/wp\/v2\/comments?post=1554"}],"version-history":[{"count":0,"href":"https:\/\/www.naturesgiftforlife.com\/fr\/wp-json\/wp\/v2\/product\/1554\/revisions"}],"wp:featuredmedia":[{"embeddable":true,"href":"https:\/\/www.naturesgiftforlife.com\/fr\/wp-json\/wp\/v2\/media\/1555"}],"wp:attachment":[{"href":"https:\/\/www.naturesgiftforlife.com\/fr\/wp-json\/wp\/v2\/media?parent=1554"}],"wp:term":[{"taxonomy":"product_brand","embeddable":true,"href":"https:\/\/www.naturesgiftforlife.com\/fr\/wp-json\/wp\/v2\/product_brand?post=1554"},{"taxonomy":"product_cat","embeddable":true,"href":"https:\/\/www.naturesgiftforlife.com\/fr\/wp-json\/wp\/v2\/product_cat?post=1554"},{"taxonomy":"product_tag","embeddable":true,"href":"https:\/\/www.naturesgiftforlife.com\/fr\/wp-json\/wp\/v2\/product_tag?post=1554"}],"curies":[{"name":"wp","href":"https:\/\/api.w.org\/{rel}","templated":true}]}}