{"id":14602,"date":"2021-08-31T10:14:46","date_gmt":"2021-08-31T10:14:46","guid":{"rendered":"https:\/\/www.naturesgiftforlife.com\/?post_type=product&#038;p=14602"},"modified":"2023-08-14T20:21:56","modified_gmt":"2023-08-14T20:21:56","slug":"ultimate-migraine-relief","status":"publish","type":"product","link":"https:\/\/www.naturesgiftforlife.com\/fr\/shop\/ultimate-migraine-relief\/","title":{"rendered":"Soulagement ultime de la migraine"},"content":{"rendered":"<div data-elementor-type=\"wp-post\" data-elementor-id=\"14602\" class=\"elementor elementor-14602\">\n\t\t\t\t\t\t<section class=\"elementor-section elementor-top-section elementor-element elementor-element-cc27698 elementor-section-boxed elementor-section-height-default elementor-section-height-default\" data-id=\"cc27698\" data-element_type=\"section\" data-e-type=\"section\">\n\t\t\t\t\t\t<div class=\"elementor-container elementor-column-gap-default\">\n\t\t\t\t\t<div class=\"elementor-column elementor-col-100 elementor-top-column elementor-element elementor-element-3f9a6dd\" data-id=\"3f9a6dd\" data-element_type=\"column\" data-e-type=\"column\">\n\t\t\t<div class=\"elementor-widget-wrap elementor-element-populated\">\n\t\t\t\t\t\t<div class=\"elementor-element elementor-element-2d595ae elementor-widget elementor-widget-html\" data-id=\"2d595ae\" data-element_type=\"widget\" data-e-type=\"widget\" data-widget_type=\"html.default\">\n\t\t\t\t<div class=\"elementor-widget-container\">\n\t\t\t\t\t<a name=\"more\"><\/a>\t\t\t\t<\/div>\n\t\t\t\t<\/div>\n\t\t\t\t<div class=\"elementor-element elementor-element-245bc20 elementor-invisible elementor-widget elementor-widget-toggle\" data-id=\"245bc20\" data-element_type=\"widget\" data-e-type=\"widget\" data-settings=\"{&quot;_animation&quot;:&quot;flash&quot;}\" data-widget_type=\"toggle.default\">\n\t\t\t\t<div class=\"elementor-widget-container\">\n\t\t\t\t\t\t\t<div class=\"elementor-toggle\">\n\t\t\t\t\t\t\t<div class=\"elementor-toggle-item\">\n\t\t\t\t\t<div id=\"elementor-tab-title-3811\" class=\"elementor-tab-title\" data-tab=\"1\" role=\"button\" aria-controls=\"elementor-tab-content-3811\" aria-expanded=\"false\">\n\t\t\t\t\t\t\t\t\t\t\t\t<span class=\"elementor-toggle-icon elementor-toggle-icon-left\" aria-hidden=\"true\">\n\t\t\t\t\t\t\t\t\t\t\t\t\t\t\t<span class=\"elementor-toggle-icon-closed\"><i class=\"far fa-caret-square-right\"><\/i><\/span>\n\t\t\t\t\t\t\t\t<span class=\"elementor-toggle-icon-opened\"><i class=\"elementor-toggle-icon-opened fas fa-caret-square-up\"><\/i><\/span>\n\t\t\t\t\t\t\t\t\t\t\t\t\t<\/span>\n\t\t\t\t\t\t\t\t\t\t\t\t<a class=\"elementor-toggle-title\" tabindex=\"0\">Description d\u00e9taill\u00e9e du produit \/ Faits suppl\u00e9mentaires<\/a>\n\t\t\t\t\t<\/div>\n\n\t\t\t\t\t<div id=\"elementor-tab-content-3811\" class=\"elementor-tab-content elementor-clearfix\" data-tab=\"1\" role=\"region\" aria-labelledby=\"elementor-tab-title-3811\"><p><span style=\"color: #000000;\"><b style=\"color: #000000;\">Ultime <\/b><span style=\"color: #000000;\"><b>migraine<\/b><\/span><b style=\"color: #000000;\"> Prestations de secours<\/b><\/span><\/p><ul><li>Le soulagement ultime de la migraine contient <a href=\"https:\/\/www.naturesgiftforlife.com\/fr\/cancer\/\">parth\u00e9nolide<\/a>, qui aide \u00e0 soulager les spasmes des muscles lisses et peut lutter contre l&#039;\u00e9largissement des vaisseaux sanguins qui se produit dans les migraines ;<\/li><li>Soulage le syndrome de stress;<\/li><li>Aide \u00e0 am\u00e9liorer la quantit\u00e9 et la qualit\u00e9 du sommeil;<\/li><li>Augmente les niveaux de concentration;<\/li><li>Aide \u00e0 r\u00e9parer les nerfs endommag\u00e9s;<\/li><li>Aide \u00e0 d\u00e9congestionner le cerveau;<\/li><li>A des propri\u00e9t\u00e9s anti-inflammatoires;<\/li><li>Augmenter les niveaux d&#039;\u00e9nergie et am\u00e9liorer la concentration\u00a0;<\/li><li>Calme les nerfs et l&#039;anxi\u00e9t\u00e9;<\/li><li>Normalise l&#039;hypersensibilit\u00e9;<\/li><li>Aide \u00e0 r\u00e9duire l&#039;ost\u00e9oporose et la survenue de fractures;<\/li><li>Am\u00e9liore la sant\u00e9 cardiaque.<\/li><\/ul><p style=\"text-align: center;\"><a class=\"buy\" href=\"#buy\"><strong>ALLER ACHETER MAINTENANT<\/strong><\/a><\/p><p><span style=\"color: #000000;\">La migraine est un mal de t\u00eate r\u00e9current et lancinant qui affecte g\u00e9n\u00e9ralement un c\u00f4t\u00e9 de la t\u00eate et s&#039;accompagne souvent de naus\u00e9es et d&#039;une vision floue. Ils sont soup\u00e7onn\u00e9s d&#039;\u00eatre le r\u00e9sultat d&#039;une activit\u00e9 anormale dans le cerveau. Cela peut affecter la fa\u00e7on dont les nerfs communiquent ainsi que les vaisseaux sanguins dans le cerveau. <a href=\"https:\/\/www.naturesgiftforlife.com\/fr\/andropause\/\">La g\u00e9n\u00e9tique<\/a> peut rendre quelqu&#039;un plus sensible aux d\u00e9clencheurs qui peuvent causer des migraines. Les d\u00e9clencheurs suivants peuvent d\u00e9clencher des migraines\u00a0; <strong><a href=\"http:\/\/livehealthylivehappy.com\" target=\"_blank\" rel=\"noopener\">Hormonal<\/a> changements: <\/strong>Les femmes peuvent ressentir des sympt\u00f4mes de migraine pendant la menstruation, en raison de changements dans les niveaux d&#039;hormones. <strong>D\u00e9clencheurs \u00e9motionnels<\/strong>: Stress, d\u00e9pression, anxi\u00e9t\u00e9, excitation et choc. <strong>Causes physiques<\/strong>: Fatigue et manque de sommeil, tension au niveau des \u00e9paules ou du cou, mauvaise posture, surmenage physique, etc. <strong>D\u00e9clencheurs alimentaires<\/strong>: l&#039;alcool et la caf\u00e9ine peuvent contribuer aux migraines. <strong>D\u00e9clencheurs dans l&#039;environnement<\/strong>: odeurs fortes, fum\u00e9e secondaire.<\/span><\/p><p><span style=\"color: #000000;\">Il existe deux principaux types de migraine. Cette classification d\u00e9pend du fait que l&#039;individu \u00e9prouve ou non des troubles des sens conduisant \u00e0 une migraine. Appel\u00e9 auras;\u00a0<strong>-MIGRAINE AVEC AURA\u00a0;\u00a0<\/strong>auras act as a warning that a headache is coming soon.\u00a0\u00a0&#8211;<strong>MIGRAINE SANS AURA\u00a0; migraine\u00a0<\/strong>sans aucune perturbation sensorielle menant \u00e0 l&#039;attaque. La majorit\u00e9 des gens en souffrent.<\/span><\/p><p><span style=\"color: #000000;\">Certains <a href=\"https:\/\/livehealthylivehappy.com\/category\/womenhealth\/\" target=\"_blank\" rel=\"noopener\">sympt\u00f4mes<\/a> de la migraine peut inclure une douleur mod\u00e9r\u00e9e \u00e0 s\u00e9v\u00e8re, qui peut survenir de chaque c\u00f4t\u00e9 de la t\u00eate, une douleur intense et lancinante, une douleur accrue pendant l&#039;activit\u00e9 physique ou la tension, une sensation de malaise, une sensibilit\u00e9 accrue \u00e0 la lumi\u00e8re et au son, soulag\u00e9e en se couchant tranquillement dans une pi\u00e8ce sombre .<\/span><\/p><p style=\"text-align: center;\"><a class=\"buy\" href=\"#buy\"><strong>ALLER ACHETER MAINTENANT<\/strong><\/a><\/p><p><span style=\"color: #000000;\"><strong>LA DESCRIPTION<\/strong><\/span><\/p><p><span style=\"color: #000000;\">Migraine Relief Ng4l est une formule de migraine 100% produite naturellement, qui soulage g\u00e9n\u00e9ralement les \u00e9pisodes de migraine sans causer d&#039;effets secondaires \u00e0 l&#039;individu. Il fournit un soutien nutritionnel pour une fonction capillaire normale et saine et une stase des muscles lisses. Cette formule de qualit\u00e9 professionnelle est con\u00e7ue pour soutenir une fonction c\u00e9r\u00e9brale saine et soulager les migraines avant que la douleur ne commence.<\/span><\/p><p><span style=\"color: #000000;\"><strong>PR\u00c9SENTATION:\u00a0<\/strong>Bo\u00eete de 90 g\u00e9lules<\/span><\/p><table width=\"604\"><tbody><tr><td colspan=\"3\" width=\"604\"><p><span style=\"color: #000000;\"><strong>Serving size\u00a02\u00a0\u00a0\u00a0\u00a0\u00a0\u00a0\u00a0\u00a0\u00a0\u00a0\u00a0\u00a0\u00a0\u00a0\u00a0\u00a0\u00a0\u00a0\u00a0\u00a0\u00a0\u00a0\u00a0\u00a0\u00a0\u00a0\u00a0\u00a0\u00a0\u00a0\u00a0\u00a0\u00a0\u00a0\u00a0\u00a0\u00a0\u00a0\u00a0\u00a0\u00a0\u00a0\u00a0\u00a0\u00a0\u00a0\u00a0\u00a0\u00a0\u00a0\u00a0\u00a0\u00a0\u00a0\u00a0\u00a0\u00a0\u00a0\u00a0\u00a0\u00a0\u00a0\u00a0\u00a0\u00a0\u00a0\u00a0\u00a0\u00a0\u00a0\u00a0\u00a0\u00a0\u00a0\u00a0\u00a0\u00a0\u00a0\u00a0\u00a0\u00a0\u00a0\u00a0\u00a0\u00a0\u00a0\u00a0\u00a0\u00a0\u00a0\u00a0Dose45<\/strong><\/span><\/p><\/td><\/tr><tr><td width=\"255\"><p><span style=\"color: #000000;\"><strong>Ingr\u00e9dients<\/strong><\/span><\/p><\/td><td width=\"148\"><p><span style=\"color: #000000;\"><strong>Dose par portion<\/strong><\/span><\/p><\/td><td width=\"201\"><p><span style=\"color: #000000;\"><strong>% valeurs quotidiennes<\/strong><\/span><\/p><\/td><\/tr><tr><td width=\"255\"><p><span style=\"color: #000000;\">calcium (calcium de corail)<\/span><\/p><\/td><td width=\"148\"><p><span style=\"color: #000000;\">500 mg<\/span><\/p><\/td><td width=\"201\"><p><span style=\"color: #000000;\">50%<\/span><\/p><\/td><\/tr><tr><td width=\"255\"><p><span style=\"color: #000000;\">\u00c9corce de ch\u00eane blanc (Quercus Alba)<\/span><\/p><\/td><td width=\"148\"><p><span style=\"color: #000000;\">200 mg<\/span><\/p><\/td><td width=\"201\"><p><span style=\"color: #000000;\">*<\/span><\/p><\/td><\/tr><tr><td width=\"255\"><p><span style=\"color: #000000;\">Guarana (paulina cupana) (graine)<\/span><\/p><\/td><td width=\"148\"><p><span style=\"color: #000000;\">200 mg<\/span><\/p><\/td><td width=\"201\"><p><span style=\"color: #000000;\">*<\/span><\/p><\/td><\/tr><tr><td width=\"255\"><p><span style=\"color: #000000;\">saule blanc (Alix Alba)(\u00e9corce)<\/span><\/p><\/td><td width=\"148\"><p><span style=\"color: #000000;\">150 mg<\/span><\/p><\/td><td width=\"201\"><p><span style=\"color: #000000;\">*<\/span><\/p><\/td><\/tr><tr><td width=\"255\"><p><span style=\"color: #000000;\">Grande camomille (Tanacetum parthenuim)(a\u00e9rien)<\/span><\/p><\/td><td width=\"148\"><p><span style=\"color: #000000;\">150 mg<\/span><\/p><\/td><td width=\"201\"><p><span style=\"color: #000000;\">*<\/span><\/p><\/td><\/tr><tr><td colspan=\"3\" width=\"604\"><p><span style=\"color: #000000;\"><strong>Autres ingr\u00e9dients:\u00a0<\/strong>g\u00e9latine et poudre de riz, contient : Sans ar\u00f4mes artificiels, conservateurs, levure, ma\u00efs, d\u00e9riv\u00e9s du lait, sucre, gluten, sel, sodium, lactose, amidon.<\/span><\/p><\/td><\/tr><\/tbody><\/table><p style=\"text-align: center;\"><span style=\"color: #000000;\"><a class=\"buy\" style=\"color: #000000;\" href=\"#buy\"><strong>ALLER ACHETER MAINTENANT<\/strong><\/a><\/span><\/p><p><span style=\"color: #000000;\"><strong>INDICATION<\/strong><\/span><\/p><p><span style=\"color: #000000;\">Migraines, troubles de l&#039;humeur, fatigue mentale, nervosit\u00e9, anxi\u00e9t\u00e9, stress psychologique et physique, frustration, insomnie, nervosit\u00e9, palpitations cardiaques, ost\u00e9oporose,<\/span><\/p><p><span style=\"color: #000000;\"><strong>LES PERSONNES QUI UTILISENT CE PRODUIT S&#039;ASSOCIENT\u00a0:<\/strong><\/span><\/p><p><span style=\"color: #000000;\"><strong>Ng4l Anti-stress au Zn :\u00a0<\/strong>des niveaux de stress plus faibles signifient moins d&#039;\u00e9pisodes de migraine, car la plupart des \u00e9pisodes de migraine sont caus\u00e9s par des niveaux de stress accrus. NG4L Anti-Stress au Zinc est un ensemble synergique de vitamines B en association avec du zinc et du cuivre, favorisant la r\u00e9sistance intellectuelle et physique et la r\u00e9sistance au stress quelle que soit son origine.<\/span><\/p><p><span style=\"color: #000000;\"><strong>Extrait de Ng4l Forskohlii\u00a0:\u00a0<\/strong>improves brain function and memory by stimulating the brain&#8217;s cAMP activities and also increases cerebral circulation because it has the ability to dilate blood vessels.<\/span><\/p><p><span style=\"color: #000000;\"><strong>Citrate de magn\u00e9sium NG4L\u00a0:\u00a0<\/strong>Le magn\u00e9sium est le min\u00e9ral anti-stress par excellence et toutes les formes de stress peuvent provoquer des fuites de magn\u00e9sium. Une carence en magn\u00e9sium augmente la sensibilit\u00e9 au stress.<\/span><\/p><p><span style=\"color: #000000;\"><strong>NG4L Val\u00e9riane Passion :\u00a0<\/strong>Contient des fleurs de la passion et de la racine de val\u00e9riane, plantes reconnues pour leur action apaisante, qui am\u00e9liore la qualit\u00e9 du sommeil, r\u00e9duit les effets du stress et de l&#039;anxi\u00e9t\u00e9, r\u00e9duisant ainsi les \u00e9pisodes de migraine. La fleur de passiflore (Passiflora incarnata) a un effet relaxant et s\u00e9datif pour aider les personnes anxieuses ou nerveuses. La passiflore est utilis\u00e9e pour soulager les sympt\u00f4mes du stress mental l\u00e9ger et faciliter le sommeil.<\/span><\/p><p><span style=\"color: #000000;\"><strong>M\u00e9latonine NG4L\u00a0:\u00a0<\/strong>fournit la substance naturelle responsable du sommeil; il favorise un sommeil r\u00e9parateur.<\/span><\/p><p><span style=\"color: #000000;\"><strong>Boisson \u00e9nergisante Steaz\u00a0:\u00a0<\/strong>Une boisson \u00e9nergisante naturelle 100% pour booster l&#039;\u00e9nergie tout en pr\u00e9servant l&#039;organisme des effets secondaires des produits de synth\u00e8se souvent utilis\u00e9s.<\/span><\/p><p><span style=\"color: #000000;\"><strong>DOSAGE<\/strong>:\u00a01cp x2 \/Day<\/span><\/p><\/div>\n\t\t\t\t<\/div>\n\t\t\t\t\t\t\t<div class=\"elementor-toggle-item\">\n\t\t\t\t\t<div id=\"elementor-tab-title-3812\" class=\"elementor-tab-title\" data-tab=\"2\" role=\"button\" aria-controls=\"elementor-tab-content-3812\" aria-expanded=\"false\">\n\t\t\t\t\t\t\t\t\t\t\t\t<span class=\"elementor-toggle-icon elementor-toggle-icon-left\" aria-hidden=\"true\">\n\t\t\t\t\t\t\t\t\t\t\t\t\t\t\t<span class=\"elementor-toggle-icon-closed\"><i class=\"far fa-caret-square-right\"><\/i><\/span>\n\t\t\t\t\t\t\t\t<span class=\"elementor-toggle-icon-opened\"><i class=\"elementor-toggle-icon-opened fas fa-caret-square-up\"><\/i><\/span>\n\t\t\t\t\t\t\t\t\t\t\t\t\t<\/span>\n\t\t\t\t\t\t\t\t\t\t\t\t<a class=\"elementor-toggle-title\" tabindex=\"0\">..<\/a>\n\t\t\t\t\t<\/div>\n\n\t\t\t\t\t<div id=\"elementor-tab-content-3812\" class=\"elementor-tab-content elementor-clearfix\" data-tab=\"2\" role=\"region\" aria-labelledby=\"elementor-tab-title-3812\"><\/div>\n\t\t\t\t<\/div>\n\t\t\t\t\t\t\t\t<\/div>\n\t\t\t\t\t\t<\/div>\n\t\t\t\t<\/div>\n\t\t\t\t\t<\/div>\n\t\t<\/div>\n\t\t\t\t\t<\/div>\n\t\t<\/section>\n\t\t\t\t<\/div>","protected":false},"excerpt":{"rendered":"<p><a name=\"buy\"><\/a><\/p>\n<ul>\n<li><strong><span style=\"font-family: go;\">Il contient du parth\u00e9nolide, qui aide \u00e0 soulager les spasmes des muscles lisses et peut lutter contre l&#039;\u00e9largissement des vaisseaux sanguins qui se produit lors des migraines ;<\/span><\/strong><\/li>\n<li><strong><span style=\"font-family: go;\">Soulage le syndrome de stress;<\/span><\/strong><\/li>\n<li><strong><span style=\"font-family: go;\">Aide \u00e0 am\u00e9liorer la quantit\u00e9 et la qualit\u00e9 du sommeil;<\/span><\/strong><\/li>\n<li><strong><span style=\"font-family: go;\">Augmente les niveaux de concentration;<\/span><\/strong><\/li>\n<li><strong><span style=\"font-family: go;\">Aide \u00e0 r\u00e9parer les nerfs endommag\u00e9s;<\/span><\/strong><\/li>\n<\/ul>\n<p><strong>\u00a0\u00a0\u00a0\u00a0\u00a0\u00a0 &gt;&gt;&gt;<span style=\"font-family: go; font-size: 14pt;\"><a href=\"#more\"><span style=\"color: #0000ff;\">Lire la suite<\/span><\/a><\/span><\/strong><\/p>","protected":false},"featured_media":19994,"comment_status":"open","ping_status":"closed","template":"","meta":{"nf_dc_page":"","_bbp_topic_count":0,"_bbp_reply_count":0,"_bbp_total_topic_count":0,"_bbp_total_reply_count":0,"_bbp_voice_count":0,"_bbp_anonymous_reply_count":0,"_bbp_topic_count_hidden":0,"_bbp_reply_count_hidden":0,"_bbp_forum_subforum_count":0},"product_brand":[],"product_cat":[33],"product_tag":[],"class_list":{"0":"post-14602","1":"product","2":"type-product","3":"status-publish","4":"has-post-thumbnail","6":"product_cat-all-products","8":"first","9":"instock","10":"shipping-taxable","11":"purchasable","12":"product-type-simple"},"bundled_by":[],"bundle_stock_status":"instock","bundle_stock_quantity":2,"bundle_virtual":false,"bundle_layout":"","bundle_add_to_cart_form_location":"","bundle_editable_in_cart":false,"bundle_sold_individually_context":"","bundle_item_grouping":"","bundle_min_size":"","bundle_max_size":"","bundled_items":[],"bundle_sell_ids":[],"_links":{"self":[{"href":"https:\/\/www.naturesgiftforlife.com\/fr\/wp-json\/wp\/v2\/product\/14602","targetHints":{"allow":["GET"]}}],"collection":[{"href":"https:\/\/www.naturesgiftforlife.com\/fr\/wp-json\/wp\/v2\/product"}],"about":[{"href":"https:\/\/www.naturesgiftforlife.com\/fr\/wp-json\/wp\/v2\/types\/product"}],"replies":[{"embeddable":true,"href":"https:\/\/www.naturesgiftforlife.com\/fr\/wp-json\/wp\/v2\/comments?post=14602"}],"version-history":[{"count":0,"href":"https:\/\/www.naturesgiftforlife.com\/fr\/wp-json\/wp\/v2\/product\/14602\/revisions"}],"wp:featuredmedia":[{"embeddable":true,"href":"https:\/\/www.naturesgiftforlife.com\/fr\/wp-json\/wp\/v2\/media\/19994"}],"wp:attachment":[{"href":"https:\/\/www.naturesgiftforlife.com\/fr\/wp-json\/wp\/v2\/media?parent=14602"}],"wp:term":[{"taxonomy":"product_brand","embeddable":true,"href":"https:\/\/www.naturesgiftforlife.com\/fr\/wp-json\/wp\/v2\/product_brand?post=14602"},{"taxonomy":"product_cat","embeddable":true,"href":"https:\/\/www.naturesgiftforlife.com\/fr\/wp-json\/wp\/v2\/product_cat?post=14602"},{"taxonomy":"product_tag","embeddable":true,"href":"https:\/\/www.naturesgiftforlife.com\/fr\/wp-json\/wp\/v2\/product_tag?post=14602"}],"curies":[{"name":"wp","href":"https:\/\/api.w.org\/{rel}","templated":true}]}}