{"id":14408,"date":"2021-08-30T13:03:50","date_gmt":"2021-08-30T13:03:50","guid":{"rendered":"https:\/\/www.naturesgiftforlife.com\/?post_type=product&#038;p=14408"},"modified":"2025-04-07T11:21:03","modified_gmt":"2025-04-07T11:21:03","slug":"vision-saver-formula-2","status":"publish","type":"product","link":"https:\/\/www.naturesgiftforlife.com\/fr\/shop\/vision-saver-formula-2\/","title":{"rendered":"Formule Vision Saver"},"content":{"rendered":"<div data-elementor-type=\"wp-post\" data-elementor-id=\"14408\" class=\"elementor elementor-14408\">\n\t\t\t\t\t\t<section class=\"elementor-section elementor-top-section elementor-element elementor-element-cc27698 elementor-section-boxed elementor-section-height-default elementor-section-height-default\" data-id=\"cc27698\" data-element_type=\"section\" data-e-type=\"section\">\n\t\t\t\t\t\t<div class=\"elementor-container elementor-column-gap-default\">\n\t\t\t\t\t<div class=\"elementor-column elementor-col-100 elementor-top-column elementor-element elementor-element-3f9a6dd\" data-id=\"3f9a6dd\" data-element_type=\"column\" data-e-type=\"column\">\n\t\t\t<div class=\"elementor-widget-wrap elementor-element-populated\">\n\t\t\t\t\t\t<div class=\"elementor-element elementor-element-2d595ae elementor-widget elementor-widget-html\" data-id=\"2d595ae\" data-element_type=\"widget\" data-e-type=\"widget\" data-widget_type=\"html.default\">\n\t\t\t\t<div class=\"elementor-widget-container\">\n\t\t\t\t\t<a name=\"more\"><\/a>\t\t\t\t<\/div>\n\t\t\t\t<\/div>\n\t\t\t\t<div class=\"elementor-element elementor-element-245bc20 elementor-invisible elementor-widget elementor-widget-toggle\" data-id=\"245bc20\" data-element_type=\"widget\" data-e-type=\"widget\" data-settings=\"{&quot;_animation&quot;:&quot;flash&quot;}\" data-widget_type=\"toggle.default\">\n\t\t\t\t<div class=\"elementor-widget-container\">\n\t\t\t\t\t\t\t<div class=\"elementor-toggle\">\n\t\t\t\t\t\t\t<div class=\"elementor-toggle-item\">\n\t\t\t\t\t<h2 id=\"elementor-tab-title-3811\" class=\"elementor-tab-title\" data-tab=\"1\" role=\"button\" aria-controls=\"elementor-tab-content-3811\" aria-expanded=\"false\">\n\t\t\t\t\t\t\t\t\t\t\t\t<span class=\"elementor-toggle-icon elementor-toggle-icon-left\" aria-hidden=\"true\">\n\t\t\t\t\t\t\t\t\t\t\t\t\t\t\t<span class=\"elementor-toggle-icon-closed\"><i class=\"far fa-caret-square-right\"><\/i><\/span>\n\t\t\t\t\t\t\t\t<span class=\"elementor-toggle-icon-opened\"><i class=\"elementor-toggle-icon-opened fas fa-caret-square-up\"><\/i><\/span>\n\t\t\t\t\t\t\t\t\t\t\t\t\t<\/span>\n\t\t\t\t\t\t\t\t\t\t\t\t<a class=\"elementor-toggle-title\" tabindex=\"0\">Description d\u00e9taill\u00e9e du produit \/ faits sur les suppl\u00e9ments<\/a>\n\t\t\t\t\t<\/h2>\n\n\t\t\t\t\t<div id=\"elementor-tab-content-3811\" class=\"elementor-tab-content elementor-clearfix\" data-tab=\"1\" role=\"region\" aria-labelledby=\"elementor-tab-title-3811\"><p><span style=\"color: #000000;\"><strong>Avantages de la formule Vision Saver<\/strong><\/span><\/p><ul><li>Vision saver\u00a0 formula effective in protecting the eyes<\/li><li>La formule d&#039;\u00e9conomiseur de vision diminue la probabilit\u00e9 de d\u00e9velopper des cataractes<\/li><li>La formule d&#039;\u00e9conomiseur de vision aide les yeux \u00e0 mieux s&#039;adapter \u00e0 la fois \u00e0 un \u00e9clairage intense et faible<\/li><li>La formule d&#039;\u00e9conomiseur de vision r\u00e9duit le risque de d\u00e9velopper une d\u00e9g\u00e9n\u00e9rescence maculaire de nombreux probl\u00e8mes oculaires<\/li><\/ul><p style=\"text-align: center;\"><a class=\"buy\" href=\"#buy\"><strong>ALLER ACHETER MAINTENANT<\/strong><\/a><\/p><p><span style=\"color: #000000;\">\u00a0 \u00a0 \u00a0 \u00a0 \u00a0 \u00a0 \u00a0 \u00a0 \u00a0 \u00a0 \u00a0 \u00a0 \u00a0 \u00a0 \u00a0 \u00a0 \u00a0 \u00a0 \u00a0 \u00a0 \u00a0 \u00a0 \u00a0 \u00a0 \u00a0 \u00a0 \u00a0 \u00a0 \u00a0<a href=\"http:\/\/www.dankvapeshop.net\" target=\"_blank\" rel=\"noopener\"><strong>\u00c9conomiseur de vision<\/strong><\/a><\/span><\/p><p><span style=\"color: #000000;\">En vieillissant, notre vision souffre de l&#039;exposition \u00e0 des \u00e9l\u00e9ments naturels et non naturels de notre environnement, tels que la lumi\u00e8re vive, les radicaux libres, la fum\u00e9e primaire et secondaire. Il est \u00e9galement affect\u00e9 par notre disposition g\u00e9n\u00e9tique pour la vue. Bon nombre des maladies associ\u00e9es \u00e0 la d\u00e9t\u00e9rioration de la vision sont li\u00e9es \u00e0 l&#039;\u00e2ge. Ils comprennent la d\u00e9g\u00e9n\u00e9rescence maculaire, la cataracte, la r\u00e9tinopathie et le glaucome, pour n&#039;en nommer que quelques-uns.<\/span><br \/><span style=\"color: #000000;\">La d\u00e9g\u00e9n\u00e9rescence maculaire li\u00e9e \u00e0 l&#039;\u00e2ge (DMLA) affecte environ 13 millions de personnes dans ce pays et est une cause principale de nouvelle c\u00e9cit\u00e9 chez les Am\u00e9ricains de plus de 65 ans. La d\u00e9g\u00e9n\u00e9rescence maculaire est une maladie qui affecte la r\u00e9tine, provoquant progressivement une perte de vision. Une rupture entre la r\u00e9tine et les choro\u00efdes entra\u00eene une d\u00e9g\u00e9n\u00e9rescence.<\/span><br \/><span style=\"color: #000000;\">Le premier sympt\u00f4me de la d\u00e9g\u00e9n\u00e9rescence maculaire est g\u00e9n\u00e9ralement une vision centrale floue ou un grand angle mort central. Il n&#039;y a pas de rem\u00e8de, mais la chirurgie au laser pendant les premiers stades de la maladie peut ralentir sa progression. Les facteurs de risque de d\u00e9g\u00e9n\u00e9rescence maculaire comprennent l&#039;\u00e2ge avanc\u00e9 ainsi que les pr\u00e9dispositions g\u00e9n\u00e9tiques, l&#039;art\u00e9rioscl\u00e9rose, l&#039;hypertension et le tabagisme.<\/span><\/p><p><span style=\"color: #000000;\">Au cours de la derni\u00e8re d\u00e9cennie environ, de plus en plus de recherches indiquent que les facteurs oxydatifs et les dommages caus\u00e9s par les radicaux libres peuvent jouer un r\u00f4le important dans le d\u00e9veloppement de la DMLA. Il a \u00e9t\u00e9 postul\u00e9 que le traitement avec des niveaux \u00e9lev\u00e9s d&#039;antioxydants et d&#039;autres nutriments peut ralentir et \u00e9ventuellement inverser certains des effets de la d\u00e9g\u00e9n\u00e9rescence maculaire.<\/span><\/p><p style=\"text-align: center;\"><a class=\"buy\" href=\"#buy\"><strong>ALLER ACHETER MAINTENANT<\/strong><\/a><\/p><p><span style=\"color: #000000;\">Dans une \u00e9tude publi\u00e9e dans les Archives of Ophthalmology de 1988, le zinc s&#039;est av\u00e9r\u00e9 avoir un effet b\u00e9n\u00e9fique dans le traitement de la d\u00e9g\u00e9n\u00e9rescence maculaire. Dans une \u00e9tude ult\u00e9rieure publi\u00e9e dans Archives of Ophthalmology \u00e0 partir de 1994, les donn\u00e9es ont sugg\u00e9r\u00e9 un effet protecteur pour la DMLA avec des niveaux \u00e9lev\u00e9s de vitamine E ainsi qu&#039;un indice antioxydant compos\u00e9 d&#039;acide ascorbique, de vitamine E et de b\u00eata-carot\u00e8ne.<\/span><br \/><span style=\"color: #000000;\">Une autre \u00e9tude publi\u00e9e par Seddon dans JAMA (1994) a indiqu\u00e9 que certains carot\u00e9no\u00efdes r\u00e9duisaient le risque de DMLA de 43%, ces carot\u00e9no\u00efdes sp\u00e9cifiques \u00e9tant la lut\u00e9ine et la z\u00e9axanthine. L&#039;effet le plus dramatique a \u00e9t\u00e9 not\u00e9 avec la lut\u00e9ine. Les personnes prenant environ 6 mg de lut\u00e9ine par jour pr\u00e9sentaient un risque de DMLA 57% incroyablement inf\u00e9rieur par rapport \u00e0 celles dont la consommation \u00e9tait inf\u00e9rieure (environ 0,5 mg par jour).<\/span><\/p><p><span style=\"color: #000000;\">L&#039;extrait de myrtille est utilis\u00e9 depuis de nombreuses ann\u00e9es en Europe pour la <a href=\"https:\/\/www.naturesgiftforlife.com\/fr\/allergies\/\">traitement<\/a> de diverses affections oculaires, certaines \u00e9tudes indiquant qu&#039;il peut avoir des effets b\u00e9n\u00e9fiques sur divers types de r\u00e9tinopathie, notamment la r\u00e9tinopathie diab\u00e9tique, la r\u00e9tinite pigmentaire et la d\u00e9g\u00e9n\u00e9rescence maculaire. Les nutriments suppl\u00e9mentaires qui ont \u00e9t\u00e9 \u00e9tudi\u00e9s et peuvent avoir des effets b\u00e9n\u00e9fiques sur la d\u00e9g\u00e9n\u00e9rescence maculaire comprennent la rutine, les flavono\u00efdes, la taurine et le magn\u00e9sium.<\/span><br \/><span style=\"color: #000000;\">La cataracte semble \u00e9galement \u00eatre affect\u00e9e par l&#039;oxydation. Les cataractes se d\u00e9veloppent lorsque des d\u00e9p\u00f4ts de prot\u00e9ines se forment sur le cristallin de l&#039;\u0153il, obscurcissant la vision. Commun <a href=\"https:\/\/www.naturesgiftforlife.com\/fr\/shop\/vitamin-c-rose-hips-allergies\/\">sympt\u00f4mes<\/a> des cataractes comprennent une vision floue, un \u00e9blouissement, une sensibilit\u00e9 \u00e0 la lumi\u00e8re, des changements fr\u00e9quents de prescription de lunettes, une vision double dans un \u0153il, le besoin d&#039;une lumi\u00e8re plus vive pour lire, une mauvaise vision nocturne et l&#039;apparition de couleurs fan\u00e9es ou jaunies. <a href=\"https:\/\/www.rmbibow.com\/products\/\" target=\"_blank\" rel=\"noopener\">Cataractes<\/a> sont extr\u00eamement fr\u00e9quents et surviennent chez la plupart des gens \u00e0 mesure qu&#039;ils vieillissent. Ils apparaissent plus fr\u00e9quemment chez les fumeurs et les diab\u00e9tiques.<\/span><\/p><p><span style=\"color: #000000;\">Plusieurs \u00e9tudes \u00e9pid\u00e9miologiques ont indiqu\u00e9 que les patients ayant les niveaux les plus bas de vitamines C, E et de carot\u00e9no\u00efdes dans leur sang \u00e9taient plus susceptibles de souffrir de cataracte. Dans une \u00e9tude publi\u00e9e en 1997, dans un grand groupe d&#039;infirmi\u00e8res \u00e2g\u00e9es de 56 \u00e0 71 ans, les infirmi\u00e8res ayant l&#039;apport le plus \u00e9lev\u00e9 de vitamine C avaient une pr\u00e9valence 77% inf\u00e9rieure d&#039;opacit\u00e9s pr\u00e9coces du cristallin et une pr\u00e9valence 83% inf\u00e9rieure de cataracte mod\u00e9r\u00e9e par rapport aux femmes qui n&#039;en avaient pas. utiliser une suppl\u00e9mentation en vitamine C.<\/span><br \/><span style=\"color: #000000;\">Une alimentation riche en antioxydants (Vitamine E et Vitamine C notamment) peut aider \u00e0 pr\u00e9venir ou retarder la formation de cataractes, car les dommages oxydatifs semblent \u00eatre une cause de leur d\u00e9veloppement.<\/span><\/p><p><span style=\"color: #000000;\">Le glaucome est le nom d&#039;un groupe de maladies pouvant entra\u00eener des l\u00e9sions du nerf optique, entra\u00eenant finalement la c\u00e9cit\u00e9 si elle n&#039;est pas trait\u00e9e. Plus de trois millions d&#039;Am\u00e9ricains souffrent de glaucome. Souvent, le glaucome a progress\u00e9 de fa\u00e7on spectaculaire avant d&#039;\u00eatre remarqu\u00e9. La meilleure fa\u00e7on de d\u00e9tecter les premiers sympt\u00f4mes du glaucome consiste \u00e0 effectuer des examens oculaires r\u00e9guliers et un test pour d\u00e9terminer la pression exerc\u00e9e sur l&#039;\u0153il.<\/span><br \/><span style=\"color: #000000;\">The first noticeable symptom of glaucoma is usually &#8220;tunnel vision&#8221; \u2013 a lack of vision of items that are not directly in front of the eyes. While not curable, glaucoma can be treated via daily medication, which helps lower pressure in the eye, laser surgery to drain built-up fluid, or conventional surgery creating a new opening from which fluid can drain. Several nutrients have been shown to be of value in glaucoma, including magnesium, alpha lipoic acid, vitamins C and B12.<\/span><\/p><p style=\"text-align: center;\"><a class=\"buy\" href=\"#buy\"><strong>ALLER ACHETER MAINTENANT<\/strong><\/a><\/p><p><span style=\"color: #000000;\"><strong><u>Faits et recommandations sur les \u00e9l\u00e9ments nutritifs de la formule Vision Saver\u00a0:<\/u><\/strong><\/span><br \/><span style=\"color: #000000;\">\u00c9tant donn\u00e9 que les dommages oxydatifs de l&#039;\u0153il peuvent provoquer une d\u00e9g\u00e9n\u00e9rescence maculaire et\/ou des cataractes, la prise d&#039;antioxydants peut r\u00e9duire la survenue de ces maladies. Les personnes ayant des niveaux \u00e9lev\u00e9s de vitamine C, de vitamine E et de s\u00e9l\u00e9nium semblent avoir un risque 70% plus faible de d\u00e9velopper une d\u00e9g\u00e9n\u00e9rescence maculaire.<\/span><br \/><span style=\"color: #000000;\"><strong><u>Vitamine C<\/u><\/strong> is the most commonly found antioxidant in the eyes. Since levels of Vitamin C appear to decrease with age, supplements are recommended, and appear to decrease the likelihood of developing cataracts. It also reduces elevated pressure in the eye. It must be taken in large doses \u2013 often up to 20 grams daily \u2013 and is not a cure for glaucoma.<\/span><\/p><p><span style=\"color: #000000;\"><strong><u>Lut\u00e9ine,<\/u> <\/strong>un antioxydant pr\u00e9sent dans les \u00e9pinards et le chou fris\u00e9, fonctionne extr\u00eamement bien pour prot\u00e9ger la r\u00e9tine contre les dommages caus\u00e9s par la lumi\u00e8re du soleil. La suppl\u00e9mentation avec 6 mg de lut\u00e9ine par jour peut diminuer l&#039;apparition de la d\u00e9g\u00e9n\u00e9rescence maculaire de plus de 50%<\/span><\/p><p><span style=\"color: #000000;\"><strong><u>Zinc<\/u><\/strong> est n\u00e9cessaire \u00e0 la r\u00e9tine pour cr\u00e9er les enzymes n\u00e9cessaires \u00e0 la vision. 80 mg de zinc par jour peuvent diminuer le taux de perte de vision chez les patients atteints de d\u00e9g\u00e9n\u00e9rescence maculaire.<\/span><\/p><p><span style=\"color: #000000;\"><strong><u>Myrtille<\/u>,<\/strong> which is similar to blueberries, is high in anthocyanosides, which protect they eye&#8217;s lens from oxidative damage. It also helps the eyes to better adapt to both bright and low lighting. Bilberry contains compounds which act as antioxidants in the retina, making it a possible preventive measure for macular degeneration. It also strengthens capillaries in the retina and reduces hemorrhaging.<\/span><\/p><p><span style=\"color: #000000;\"><strong><u>Vitamines du complexe B <\/u><\/strong>semblent \u00e9galement efficaces pour prot\u00e9ger les yeux. Une carence en vitamine B2 a \u00e9t\u00e9 li\u00e9e au d\u00e9veloppement de cataractes. Lorsque les vitamines B2 et B3 sont prises quotidiennement, l&#039;incidence des cataractes diminue.<\/span><\/p><p><span style=\"color: #000000;\"><strong><u>Querc\u00e9tine<\/u><\/strong> aide \u00e0 bloquer l&#039;accumulation de sorbitol dans l&#039;\u0153il et est particuli\u00e8rement utile dans la pr\u00e9vention de la cataracte chez les patients diab\u00e9tiques.<\/span><\/p><p><span style=\"color: #000000;\"><strong><u>Vitamine A,<\/u><\/strong> une source majeure de b\u00eata-carot\u00e8ne, a \u00e9galement \u00e9t\u00e9 montr\u00e9 pour r\u00e9duire le risque de cataracte. La lut\u00e9ine, un nutriment similaire, agit de la m\u00eame mani\u00e8re.<\/span><br \/><span style=\"color: #000000;\"><strong><u>Alpha-lipo\u00efque<\/u> <\/strong>Il a \u00e9t\u00e9 d\u00e9montr\u00e9 que l&#039;acide, pris \u00e0 une dose de 150 mg par jour pendant 30 jours, am\u00e9liore la vision chez les patients atteints de glaucome.<\/span><\/p><p style=\"text-align: center;\"><a class=\"buy\" href=\"#buy\"><strong>ALLER ACHETER MAINTENANT<\/strong><\/a><\/p><p><span style=\"color: #000000;\"><strong>PR\u00c9SENTATION:<\/strong> bo\u00eete de 60 g\u00e9lules<\/span><\/p><table><tbody><tr><td width=\"507\"><span style=\"color: #000000;\">Taille de la portion : 1 portion par paquet : 60<\/span><\/td><td colspan=\"2\" width=\"280\">\u00a0<\/td><\/tr><tr><td width=\"226\"><span style=\"color: #000000;\">Ingr\u00e9dients<\/span><\/td><td width=\"110\"><span style=\"color: #000000;\">Les dosages<\/span><\/td><td width=\"170\"><span style=\"color: #000000;\">% valeurs quotidiennes<\/span><\/td><\/tr><tr><td width=\"226\"><span style=\"color: #000000;\">Vitamine A (b\u00eata-carot\u00e8ne)<\/span><\/td><td width=\"110\"><span style=\"color: #000000;\">25000 UI<\/span><\/td><td width=\"170\"><span style=\"color: #000000;\">500<\/span><\/td><\/tr><tr><td width=\"226\"><span style=\"color: #000000;\">Vitamine C (acide ascorbique)<\/span><\/td><td width=\"110\"><span style=\"color: #000000;\">500 mg<\/span><\/td><td width=\"170\"><span style=\"color: #000000;\">833<\/span><\/td><\/tr><tr><td width=\"226\"><span style=\"color: #000000;\">Vitamine E (ac\u00e9tate de di-alpha<\/span><br \/><span style=\"color: #000000;\">tocoph\u00e9rol)<\/span><\/td><td width=\"110\"><span style=\"color: #000000;\">400 mg<\/span><\/td><td width=\"170\"><span style=\"color: #000000;\">1 333<\/span><\/td><\/tr><tr><td width=\"226\"><span style=\"color: #000000;\">Vitamine B2 (riboflavine)<\/span><\/td><td width=\"110\"><span style=\"color: #000000;\">50 mg<\/span><\/td><td width=\"170\"><span style=\"color: #000000;\">2941<\/span><\/td><\/tr><tr><td width=\"226\"><span style=\"color: #000000;\">Vitamine B3 (niacine)<\/span><\/td><td width=\"110\"><span style=\"color: #000000;\">250 mg<\/span><\/td><td width=\"170\"><span style=\"color: #000000;\">50<\/span><\/td><\/tr><tr><td width=\"226\"><span style=\"color: #000000;\">Zinc<\/span><\/td><td width=\"110\"><span style=\"color: #000000;\">80mg<\/span><\/td><td width=\"170\"><span style=\"color: #000000;\">533<\/span><\/td><\/tr><tr><td width=\"226\"><span style=\"color: #000000;\">S\u00e9l\u00e9nium<\/span><\/td><td width=\"110\"><span style=\"color: #000000;\">100 mcg<\/span><\/td><td width=\"170\"><span style=\"color: #000000;\">1 43<\/span><\/td><\/tr><tr><td width=\"226\"><span style=\"color: #000000;\">Cuivre<\/span><\/td><td width=\"110\"><span style=\"color: #000000;\">1 mg<\/span><\/td><td width=\"170\"><span style=\"color: #000000;\">50<\/span><\/td><\/tr><tr><td width=\"226\"><span style=\"color: #000000;\">acide alpha-lipo\u00efque<\/span><\/td><td width=\"110\"><span style=\"color: #000000;\">1 50mg<\/span><\/td><td>\u00a0<\/td><\/tr><tr><td width=\"226\"><span style=\"color: #000000;\">Querc\u00e9tine<\/span><\/td><td width=\"110\"><span style=\"color: #000000;\">100 mg<\/span><\/td><td>\u00a0<\/td><\/tr><tr><td width=\"226\"><span style=\"color: #000000;\">Lut\u00e9ine<\/span><\/td><td width=\"110\"><span style=\"color: #000000;\">1 0mg<\/span><\/td><td>\u00a0<\/td><\/tr><tr><td width=\"226\"><span style=\"color: #000000;\">Extrait de myrtille (std \u00e0 25% anthocyanosides) %<\/span><\/td><td width=\"110\"><span style=\"color: #000000;\">1 0 mg<\/span><\/td><td width=\"170\"><span style=\"color: #000000;\">25<\/span><\/td><\/tr><tr><td width=\"507\"><span style=\"color: #000000;\">Autres ingr\u00e9dients : g\u00e9latine, dioxyde de silicone, st\u00e9arate de magn\u00e9sium<\/span><\/td><td>\u00a0<\/td><td>\u00a0<\/td><\/tr><\/tbody><\/table><p><strong>\u00a0<\/strong><\/p><\/div>\n\t\t\t\t<\/div>\n\t\t\t\t\t\t\t<div class=\"elementor-toggle-item\">\n\t\t\t\t\t<h2 id=\"elementor-tab-title-3812\" class=\"elementor-tab-title\" data-tab=\"2\" role=\"button\" aria-controls=\"elementor-tab-content-3812\" aria-expanded=\"false\">\n\t\t\t\t\t\t\t\t\t\t\t\t<span class=\"elementor-toggle-icon elementor-toggle-icon-left\" aria-hidden=\"true\">\n\t\t\t\t\t\t\t\t\t\t\t\t\t\t\t<span class=\"elementor-toggle-icon-closed\"><i class=\"far fa-caret-square-right\"><\/i><\/span>\n\t\t\t\t\t\t\t\t<span class=\"elementor-toggle-icon-opened\"><i class=\"elementor-toggle-icon-opened fas fa-caret-square-up\"><\/i><\/span>\n\t\t\t\t\t\t\t\t\t\t\t\t\t<\/span>\n\t\t\t\t\t\t\t\t\t\t\t\t<a class=\"elementor-toggle-title\" tabindex=\"0\">..<\/a>\n\t\t\t\t\t<\/h2>\n\n\t\t\t\t\t<div id=\"elementor-tab-content-3812\" class=\"elementor-tab-content elementor-clearfix\" data-tab=\"2\" role=\"region\" aria-labelledby=\"elementor-tab-title-3812\"><\/div>\n\t\t\t\t<\/div>\n\t\t\t\t\t\t\t\t<\/div>\n\t\t\t\t\t\t<\/div>\n\t\t\t\t<\/div>\n\t\t\t\t\t<\/div>\n\t\t<\/div>\n\t\t\t\t\t<\/div>\n\t\t<\/section>\n\t\t\t\t<\/div>","protected":false},"excerpt":{"rendered":"<p><a name=\"buy\"><\/a><\/p>\n<ul>\n<li>Efficace pour prot\u00e9ger les yeux<\/li>\n<li>Diminuer la probabilit\u00e9 de d\u00e9velopper des cataractes<\/li>\n<li>Aide les yeux \u00e0 mieux s&#039;adapter \u00e0 un \u00e9clairage clair et faible<\/li>\n<li>R\u00e9duit le risque de d\u00e9velopper une d\u00e9g\u00e9n\u00e9rescence maculaire de nombreux probl\u00e8mes oculaires<\/li>\n<\/ul>\n<p><strong>\u00a0\u00a0\u00a0\u00a0\u00a0\u00a0 &gt;&gt;&gt;<span style=\"font-family: go; font-size: 14pt;\"><a href=\"#more\"><span style=\"color: #0000ff;\">Lire la suite<\/span><\/a><\/span><\/strong><\/p>","protected":false},"featured_media":14445,"comment_status":"open","ping_status":"closed","template":"","meta":{"nf_dc_page":"","_bbp_topic_count":0,"_bbp_reply_count":0,"_bbp_total_topic_count":0,"_bbp_total_reply_count":0,"_bbp_voice_count":0,"_bbp_anonymous_reply_count":0,"_bbp_topic_count_hidden":0,"_bbp_reply_count_hidden":0,"_bbp_forum_subforum_count":0},"product_brand":[],"product_cat":[33,32],"product_tag":[],"class_list":{"0":"post-14408","1":"product","2":"type-product","3":"status-publish","4":"has-post-thumbnail","6":"product_cat-all-products","7":"product_cat-special-products","9":"first","10":"instock","11":"shipping-taxable","12":"purchasable","13":"product-type-simple"},"bundled_by":[],"bundle_stock_status":"instock","bundle_stock_quantity":3,"bundle_virtual":false,"bundle_layout":"","bundle_add_to_cart_form_location":"","bundle_editable_in_cart":false,"bundle_sold_individually_context":"","bundle_item_grouping":"","bundle_min_size":"","bundle_max_size":"","bundled_items":[],"bundle_sell_ids":[],"_links":{"self":[{"href":"https:\/\/www.naturesgiftforlife.com\/fr\/wp-json\/wp\/v2\/product\/14408","targetHints":{"allow":["GET"]}}],"collection":[{"href":"https:\/\/www.naturesgiftforlife.com\/fr\/wp-json\/wp\/v2\/product"}],"about":[{"href":"https:\/\/www.naturesgiftforlife.com\/fr\/wp-json\/wp\/v2\/types\/product"}],"replies":[{"embeddable":true,"href":"https:\/\/www.naturesgiftforlife.com\/fr\/wp-json\/wp\/v2\/comments?post=14408"}],"version-history":[{"count":0,"href":"https:\/\/www.naturesgiftforlife.com\/fr\/wp-json\/wp\/v2\/product\/14408\/revisions"}],"wp:featuredmedia":[{"embeddable":true,"href":"https:\/\/www.naturesgiftforlife.com\/fr\/wp-json\/wp\/v2\/media\/14445"}],"wp:attachment":[{"href":"https:\/\/www.naturesgiftforlife.com\/fr\/wp-json\/wp\/v2\/media?parent=14408"}],"wp:term":[{"taxonomy":"product_brand","embeddable":true,"href":"https:\/\/www.naturesgiftforlife.com\/fr\/wp-json\/wp\/v2\/product_brand?post=14408"},{"taxonomy":"product_cat","embeddable":true,"href":"https:\/\/www.naturesgiftforlife.com\/fr\/wp-json\/wp\/v2\/product_cat?post=14408"},{"taxonomy":"product_tag","embeddable":true,"href":"https:\/\/www.naturesgiftforlife.com\/fr\/wp-json\/wp\/v2\/product_tag?post=14408"}],"curies":[{"name":"wp","href":"https:\/\/api.w.org\/{rel}","templated":true}]}}