{"id":14304,"date":"2021-08-27T11:46:37","date_gmt":"2021-08-27T11:46:37","guid":{"rendered":"https:\/\/www.naturesgiftforlife.com\/?post_type=product&#038;p=14304"},"modified":"2023-10-30T07:43:31","modified_gmt":"2023-10-30T07:43:31","slug":"ellagic-acid","status":"publish","type":"product","link":"https:\/\/www.naturesgiftforlife.com\/fr\/shop\/ellagic-acid\/","title":{"rendered":"Elargic Acid 40mg"},"content":{"rendered":"<div data-elementor-type=\"wp-post\" data-elementor-id=\"14304\" class=\"elementor elementor-14304\">\n\t\t\t\t\t\t<section class=\"elementor-section elementor-top-section elementor-element elementor-element-cc27698 elementor-section-boxed elementor-section-height-default elementor-section-height-default\" data-id=\"cc27698\" data-element_type=\"section\" data-e-type=\"section\">\n\t\t\t\t\t\t<div class=\"elementor-container elementor-column-gap-default\">\n\t\t\t\t\t<div class=\"elementor-column elementor-col-100 elementor-top-column elementor-element elementor-element-3f9a6dd\" data-id=\"3f9a6dd\" data-element_type=\"column\" data-e-type=\"column\">\n\t\t\t<div class=\"elementor-widget-wrap elementor-element-populated\">\n\t\t\t\t\t\t<div class=\"elementor-element elementor-element-2d595ae elementor-widget elementor-widget-html\" data-id=\"2d595ae\" data-element_type=\"widget\" data-e-type=\"widget\" data-widget_type=\"html.default\">\n\t\t\t\t<div class=\"elementor-widget-container\">\n\t\t\t\t\t<a name=\"more\"><\/a>\t\t\t\t<\/div>\n\t\t\t\t<\/div>\n\t\t\t\t<div class=\"elementor-element elementor-element-245bc20 elementor-invisible elementor-widget elementor-widget-toggle\" data-id=\"245bc20\" data-element_type=\"widget\" data-e-type=\"widget\" data-settings=\"{&quot;_animation&quot;:&quot;flash&quot;}\" data-widget_type=\"toggle.default\">\n\t\t\t\t<div class=\"elementor-widget-container\">\n\t\t\t\t\t\t\t<div class=\"elementor-toggle\">\n\t\t\t\t\t\t\t<div class=\"elementor-toggle-item\">\n\t\t\t\t\t<div id=\"elementor-tab-title-3811\" class=\"elementor-tab-title\" data-tab=\"1\" role=\"button\" aria-controls=\"elementor-tab-content-3811\" aria-expanded=\"false\">\n\t\t\t\t\t\t\t\t\t\t\t\t<span class=\"elementor-toggle-icon elementor-toggle-icon-left\" aria-hidden=\"true\">\n\t\t\t\t\t\t\t\t\t\t\t\t\t\t\t<span class=\"elementor-toggle-icon-closed\"><i class=\"far fa-caret-square-down\"><\/i><\/span>\n\t\t\t\t\t\t\t\t<span class=\"elementor-toggle-icon-opened\"><i class=\"elementor-toggle-icon-opened fas fa-caret-up\"><\/i><\/span>\n\t\t\t\t\t\t\t\t\t\t\t\t\t<\/span>\n\t\t\t\t\t\t\t\t\t\t\t\t<a class=\"elementor-toggle-title\" tabindex=\"0\">Description d\u00e9taill\u00e9e du produit \/ Faits suppl\u00e9mentaires<\/a>\n\t\t\t\t\t<\/div>\n\n\t\t\t\t\t<div id=\"elementor-tab-content-3811\" class=\"elementor-tab-content elementor-clearfix\" data-tab=\"1\" role=\"region\" aria-labelledby=\"elementor-tab-title-3811\"><p><span style=\"color: #000000;\"><strong>Avantages <\/strong><\/span><\/p><ul><li><span style=\"color: #000000;\">L&#039;acide ellagique contient un antioxydant tr\u00e8s puissant<\/span><\/li><li><span style=\"color: #000000;\">L&#039;acide ellagique est un puissant anti-canc\u00e9rig\u00e8ne.<\/span><\/li><li><span style=\"color: #000000;\">Ellagic acid has the ability to inhibit mutations within a cell&#8217;s DNA.<\/span><\/li><li><span style=\"color: #000000;\">L&#039;acide ellagique est \u00e9galement consid\u00e9r\u00e9 comme un inhibiteur du cancer, qui a la capacit\u00e9 de provoquer l&#039;apoptose ou la mort cellulaire normale dans les cellules canc\u00e9reuses.<\/span><\/li><li><span style=\"color: #000000;\">L&#039;acide ellagique a des propri\u00e9t\u00e9s antibact\u00e9riennes et antivirales.<\/span><\/li><li><span style=\"color: #000000;\">Ellagic acid acts as a scavenger to &#8220;bind&#8221; cancer-causing chemicals, making them inactive.<\/span><\/li><li><span style=\"color: #000000;\">L&#039;acide ellagique inhibe la capacit\u00e9 d&#039;autres produits chimiques \u00e0 provoquer des mutations chez les bact\u00e9ries.<\/span><\/li><\/ul><p style=\"text-align: center;\"><a class=\"buy\" href=\"#buy\"><strong>ALLER ACHETER MAINTENANT<\/strong><\/a><\/p><p><span style=\"color: #000000;\">UNE <a href=\"https:\/\/www.naturesgiftforlife.com\/fr\/top-seller\/\">nutraceutique<\/a> est une substance alimentaire ou une partie d&#039;un aliment qui procure des avantages m\u00e9dicaux ou pour la sant\u00e9, y compris la pr\u00e9vention et\/ou le traitement d&#039;une maladie. Ce sont des compos\u00e9s naturels pr\u00e9sents dans les plantes, les algues, les microbes et d&#039;autres sources biologiques, qui soutiennent des fonctions sp\u00e9cifiques de sant\u00e9 corporelle. L&#039;un des plus puissants agents pr\u00e9ventifs de la chimio nutraceutique contre le cancer est un extrait de graines de framboise rouge et de fruits concentr\u00e9s, appel\u00e9 acide ellagique. L&#039;acide ellagique se trouve dans 45 autres fruits et noix tels que les m\u00fbres, les fraises et les canneberges, les noix de p\u00e9can et les grenades.<\/span><\/p><p><span style=\"color: #000000;\">NG4L\u2019s Ellagic Acid is a super antioxidant and a potent anticarcinogen, which protects the cells against free radical damage. It is also a very powerful anti-viral and anti-bacterial agent. Ellagic Acid has the ability to inhibit mutations within a cell&#8217;s <a href=\"https:\/\/www.naturesgiftforlife.com\/fr\/consultation\/\">ADN<\/a>. Il est \u00e9galement consid\u00e9r\u00e9 comme un inhibiteur du cancer, qui a le <a href=\"https:\/\/www.naturesgiftforlife.com\/fr\/shop\/\">capacit\u00e9<\/a> provoquer l&#039;apoptose ou la mort normale dans de nombreux types diff\u00e9rents de cellules canc\u00e9reuses.<\/span><\/p><p><span style=\"color: #000000;\"><strong><em>\u00a0<\/em><\/strong><\/span><span style=\"color: #000000;\"><strong>Acide ellagique et cancer<\/strong><\/span><\/p><p><span style=\"color: #000000;\">Le cancer est probablement la plus redout\u00e9e de toutes les maladies. Les gens associent imm\u00e9diatement le cancer \u00e0 la mort. Contrairement \u00e0 d&#039;autres maladies mortelles, le cancer provoque g\u00e9n\u00e9ralement une mort lente impliquant une grande douleur et souffrance, avec beaucoup d&#039;angoisse mentale et un sentiment de d\u00e9sespoir. De plus, le stress mental et physique qu&#039;il exerce sur les proches et les gardiens est incalculable.<\/span><\/p><p style=\"text-align: center;\"><a class=\"buy\" href=\"#buy\"><strong>ALLER ACHETER MAINTENANT<\/strong><\/a><\/p><p><span style=\"color: #000000;\">The choices for conventional treatment involve some form of surgery, radiation, and\/or chemotherapy. These procedures are invasive, treat only the symptoms, and often cause side effects more severe than the disease. Dr. Alan Levine of the University of California Medical School observes, &#8220;Most cancer patients in this country die of chemotherapy.&#8221; He also states: &#8220;Chemotherapy does not eliminate breast, colon, or lung cancers. This fact has been documented for over a decade&#8230;.&#8221;<\/span><\/p><p><span style=\"color: #000000;\">Conventional methods treat cancer as a localized disease to be treated in a localized manner by cutting out the tumor, irradiating it, or flooding the body with toxic (often carcinogenic) drugs in order to destroy the tumor. On the other hand, natural healing methods consider cancer to be a systemic disease. Emphasis is placed on rebuilding the body&#8217;s natural immunity and strengthening its natural ability to destroy cancer cells. The key is to Alkalize, Cleanse, Nourish, and Balance the Body, allowing it to heal itself naturally.<\/span><\/p><p><span style=\"color: #000000;\">Ellagic acid is a naturally occurring phenolic compound, which has very strong anti-oxidant properties. It is also a potent anti-carcinogen. Ellagic Acid has the ability to inhibit mutations within a cell&#8217;s DNA. It is also considered to be a cancer inhibitor, which has the ability to cause apoptosis or normal cell death in cancer cells. In addition, research has found that it has antibacterial and anti-viral properties.<\/span><\/p><p style=\"text-align: center;\"><a class=\"buy\" href=\"#buy\"><strong>ALLER ACHETER MAINTENANT<\/strong><\/a><\/p><p><span style=\"color: #000000;\"><strong>Premi\u00e8rement, l&#039;acide ellagique tue les cellules canc\u00e9reuses<\/strong>: Les cellules saines ont un cycle de vie normal d&#039;environ 120 jours avant de mourir. Ce processus est appel\u00e9 apoptose (mort cellulaire naturelle). Le corps remplace ces cellules mourantes par des cellules saines. Inversement, les cellules canc\u00e9reuses ne meurent pas. Ils se multiplient par division, faisant 2 cellules canc\u00e9reuses, puis 4, 8, 16, 32 et ainsi de suite. Lors de tests en laboratoire, l&#039;acide ellagique a fait passer les cellules canc\u00e9reuses par le processus normal d&#039;apoptose sans endommager les cellules saines. La chimioth\u00e9rapie, la radioth\u00e9rapie et la plupart des traitements conventionnels provoquent la mort des cellules canc\u00e9reuses et des cellules saines sans discernement, d\u00e9truisant \u00e9ventuellement le syst\u00e8me immunitaire dans le processus. L&#039;acide ellagique est clairement le choix judicieux.<\/span><\/p><p><span style=\"color: #000000;\">Le Dr Daniel Nixon du Hollings Cancer Institute de l&#039;Universit\u00e9 m\u00e9dicale de Caroline du Sud a travaill\u00e9 avec l&#039;acide ellagique de la graine de framboise rouge dans ses \u00e9tudes sur le cancer. Le Dr Nixon a d\u00e9couvert que l&#039;ingestion de 40 mg d&#039;acide ellagique, qui est la quantit\u00e9 d&#039;acide ellagique contenue dans 1 tasse de framboises rouges, peut provoquer l&#039;apoptose (mort cellulaire naturelle) des cellules canc\u00e9reuses. Ceci est important car lorsque les cellules canc\u00e9reuses subissent une apoptose, cela arr\u00eate efficacement leur progression g\u00e9om\u00e9trique de la reproduction. Les cellules canc\u00e9reuses meurent d&#039;une mort normale et ne se reproduisent pas. En d&#039;autres termes, l&#039;acide ellagique r\u00e9tablit l&#039;apoptose (mort cellulaire naturelle) provoquant l&#039;action du g\u00e8ne P53.<\/span><\/p><p><span style=\"color: #000000;\"><strong>Deuxi\u00e8mement, l&#039;acide ellagique arr\u00eate la croissance des tumeurs<\/strong>: Cela a \u00e9t\u00e9 d\u00e9montr\u00e9 dans des \u00e9tudes cliniques et en laboratoire.<\/span><\/p><p><span style=\"color: #000000;\"><strong>Troisi\u00e8mement, l&#039;acide ellagique provoque l&#039;arr\u00eat G\u00a0: <\/strong>&#8220;The Hollings Cancer Institute at the University of South Carolina has conducted a double blind study on a group of 500 cervical cancer patients that had everyone excited. Nine years of study have shown that a natural product called Ellagic acid is causing G-arrest within 48 hours (inhibiting and stopping mitosis-cancer cell division), and apoptosis (normal cell death) within 72 hours, for breast, <a href=\"https:\/\/www.naturesgiftforlife.com\/fr\/\">pancr\u00e9as<\/a>, esophageal, skin, colon and prostate cancer cells.&#8221;<\/span><\/p><p style=\"text-align: center;\"><a class=\"buy\" href=\"#buy\"><strong>ALLER ACHETER MAINTENANT<\/strong><\/a><\/p><p><span style=\"color: #000000;\">L&#039;acide ellagique a montr\u00e9 son efficacit\u00e9 dans des tests en laboratoire ou sur des humains r\u00e9els sur le cancer du col de l&#039;ut\u00e9rus, du foie, de la peau, de la langue et du poumon et la leuc\u00e9mie<\/span><\/p><p><span style=\"color: #000000;\">Des \u00e9tudes ont montr\u00e9 que la consommation de 150 grammes de framboises rouges (\u00e9quivalent \u00e0 40 milligrammes d&#039;acide ellagique) entra\u00eene l&#039;apparition de taux circulants d&#039;acide ellagique dans le s\u00e9rum une heure apr\u00e8s l&#039;ingestion. Le Dr Nixon a \u00e9galement montr\u00e9 que les cellules cervicales humaines, qui sont infect\u00e9es par le <a style=\"color: #000000;\" href=\"https:\/\/www.rmbibow.com\/business-opportunity\/\" target=\"_blank\" rel=\"noopener\">papillome<\/a> virus (qui est consid\u00e9r\u00e9 comme la principale cause du cancer du col de l&#039;ut\u00e9rus) sont \u00e9galement tu\u00e9s.<\/span><\/p><p><span style=\"color: #000000;\"><strong>Quatri\u00e8mement, l&#039;acide ellagique pr\u00e9vient le cancer\u00a0:<\/strong> Il se lie aux canc\u00e9rog\u00e8nes (produits chimiques qui causent le cancer) les rendant inactifs; il emp\u00eache les agents canc\u00e9rig\u00e8nes de se lier \u00e0 l&#039;ADN. Le cancer peut affecter l&#039;ADN par liaison covalente du canc\u00e9rog\u00e8ne \u00e0 la mol\u00e9cule d&#039;ADN. L&#039;acide ellagique inhibe la mutagen\u00e8se et la canc\u00e9rogen\u00e8se en formant des adduits avec l&#039;ADN, masquant ainsi les sites de liaison devant \u00eatre occup\u00e9s par le mutag\u00e8ne ou le canc\u00e9rog\u00e8ne. <em>Teel RW. L&#039;acide ellagique se liant \u00e0 l&#039;ADN comme m\u00e9canisme possible de son action antimutag\u00e8ne et anticanc\u00e9rig\u00e8ne. Cancer Lett 30(3):329-36, 1986.<\/em><\/span><\/p><p><span style=\"color: #000000;\">Des \u00e9tudes suppl\u00e9mentaires sugg\u00e8rent que l&#039;un des m\u00e9canismes par lesquels l&#039;acide ellagique inhibe la mutagen\u00e8se et la canc\u00e9rogen\u00e8se est la formation d&#039;adduits avec l&#039;ADN, masquant ainsi les sites de liaison devant \u00eatre occup\u00e9s par le mutag\u00e8ne ou le canc\u00e9rog\u00e8ne. Le traitement \u00e0 l&#039;acide ellagique de souris avant le sevrage avant une injection de B(a)P diol-\u00e9poxyde a provoqu\u00e9 une inhibition de 44% \u00e0 75% du nombre de tumeurs pulmonaires induites par le diol-\u00e9poxyde<\/span><\/p><p><span style=\"color: #000000;\"><strong><em>\u00a0<\/em><\/strong><\/span><\/p><p><span style=\"color: #000000;\"><strong>Antibact\u00e9rien et antiviral <\/strong><\/span><\/p><p><span style=\"color: #000000;\">Les bact\u00e9ries ont besoin de l&#039;enzyme gyrase pour se reproduire. L&#039;acide ellagique inhibe l&#039;enzyme gyrase et les bact\u00e9ries ne peuvent pas facilement devenir r\u00e9sistantes \u00e0 ce type d&#039;action antibact\u00e9rienne. <\/span><br \/><span style=\"color: #000000;\">Les virus n&#039;ont pas la capacit\u00e9 de se reproduire par eux-m\u00eames. Ils doivent utiliser une cellule h\u00f4te de notre corps. Cela n\u00e9cessite une enzyme appel\u00e9e int\u00e9grase et l&#039;acide ellagique inhibe \u00e9galement cette enzyme.<\/span><\/p><p><span style=\"color: #000000;\">Il d\u00e9truit la bact\u00e9rie H. pylori responsable de <a href=\"https:\/\/www.naturesgiftforlife.com\/fr\/gift-card-2\/\">ulc\u00e8res d&#039;estomac<\/a>.<\/span><\/p><p><span style=\"color: #000000;\"><strong><em>\u00a0<\/em><\/strong><\/span><\/p><p><span style=\"color: #000000;\"><strong>Autres avantages de l&#039;acide ellagique<\/strong><\/span><\/p><p><span style=\"color: #000000;\">D&#039;autres enqu\u00eates et chercheurs, tant aux \u00c9tats-Unis qu&#039;en Europe, ont d\u00e9couvert que la consommation quotidienne d&#039;acide ellagique \u00e0 partir de framboises rouges avait des r\u00e9ponses positives dans\u00a0:<\/span><\/p><p style=\"text-align: center;\"><a class=\"buy\" href=\"#buy\"><strong>ALLER ACHETER MAINTENANT<\/strong><\/a><\/p><p><span style=\"color: #000000;\">&#8211; Periodontal disease <\/span><br \/><span style=\"color: #000000;\">&#8211; The protection of the liver from toxic injury and in reducing or reversing chemically induced liver fibroisis<\/span><br \/><span style=\"color: #000000;\">&#8211; Faster wound healing <\/span><br \/><span style=\"color: #000000;\">&#8211; Radiation-induced chromosomal damage <\/span><br \/><span style=\"color: #000000;\">&#8211; Slowing the spread of the HIV virus in the human body <\/span><br \/><span style=\"color: #000000;\">&#8211; Slowing the degenerative process of aging <\/span><br \/><span style=\"color: #000000;\">&#8211; Prevention of neural tube birth defects <\/span><br \/><span style=\"color: #000000;\">&#8211; Neurodegenerative diseases <\/span><br \/><span style=\"color: #000000;\">&#8211; Diabetic retinopathy<\/span><\/p><p><span style=\"color: #000000;\">&#8211; Reducing heart disease<\/span><\/p><p><span style=\"color: #000000;\">&#8211; Reducing glucose levels (aids in the management of diabetes).<\/span><\/p><p><span style=\"color: #000000;\"><strong><em>\u00a0<\/em><\/strong><\/span><\/p><p><span style=\"color: #000000;\"><strong>Avantage NG4L<\/strong>: Our standardized Pomegranate (PUNICA GRANATUM) extract contains 70% ellagic acid. Why Pomegranate? In addition to its high ellagic acid content, pomegranate also offers some additional advantages over other sources of fruits and nuts that contain ellagic acid. Pomegranate is one of nature&#8217;s oldest remedies to relieve bacterial and viral infections, intestinal parasites, chronic mucous discharges and hemorrhages. Note: Since most ellagic acid products are standardized extracts; you only have to look for the potency that you want. Pomegranate naturally has a higher content than raspberries and has been standardized to 70% in our product.<\/span><\/p><p style=\"text-align: center;\"><a class=\"buy\" href=\"#buy\"><strong>ALLER ACHETER MAINTENANT<\/strong><\/a><\/p><table style=\"height: 418px;\" width=\"519\"><tbody><tr><td colspan=\"2\" width=\"557\"><p><span style=\"color: #000000;\"><strong>Faits sur le suppl\u00e9ment\u00a0: <\/strong><\/span><\/p><p><span style=\"color: #000000;\">Serving size Three (3) Capsule\u00a0\u00a0\u00a0\u00a0\u00a0\u00a0\u00a0\u00a0\u00a0\u00a0\u00a0\u00a0\u00a0\u00a0\u00a0\u00a0\u00a0\u00a0\u00a0\u00a0 Servings per container 20<\/span><\/p><\/td><\/tr><tr><td width=\"321\"><p><span style=\"color: #000000;\"><strong>Quantit\u00e9 par portion<\/strong><\/span><\/p><\/td><td width=\"237\"><p><span style=\"color: #000000;\"><strong>Valeur quotidienne %<\/strong><\/span><\/p><\/td><\/tr><tr><td width=\"321\"><p><span style=\"color: #000000;\">Extrait de Grenade<\/span><\/p><p><span style=\"color: #000000;\">(Acide ellagique 70%)<\/span><\/p><\/td><td width=\"237\"><p><span style=\"color: #000000;\">120mg *<\/span><\/p><\/td><\/tr><tr><td colspan=\"2\" width=\"557\"><p><span style=\"color: #000000;\">* <strong>Valeur quotidienne non \u00e9tablie<\/strong><\/span><\/p><\/td><\/tr><tr><td colspan=\"2\" width=\"557\"><p><span style=\"color: #000000;\"><strong>Autres ingr\u00e9dients:<\/strong> Acide st\u00e9arique, maltodextrine<\/span><\/p><\/td><\/tr><\/tbody><\/table><p><span style=\"color: #000000;\"><strong>Les directions:<\/strong> Adultes, prendre 2-3 capsules deux fois par jour avec de la nourriture et\/ou 240 ml d&#039;eau.<\/span><\/p><\/div>\n\t\t\t\t<\/div>\n\t\t\t\t\t\t\t<div class=\"elementor-toggle-item\">\n\t\t\t\t\t<div id=\"elementor-tab-title-3812\" class=\"elementor-tab-title\" data-tab=\"2\" role=\"button\" aria-controls=\"elementor-tab-content-3812\" aria-expanded=\"false\">\n\t\t\t\t\t\t\t\t\t\t\t\t<span class=\"elementor-toggle-icon elementor-toggle-icon-left\" aria-hidden=\"true\">\n\t\t\t\t\t\t\t\t\t\t\t\t\t\t\t<span class=\"elementor-toggle-icon-closed\"><i class=\"far fa-caret-square-down\"><\/i><\/span>\n\t\t\t\t\t\t\t\t<span class=\"elementor-toggle-icon-opened\"><i class=\"elementor-toggle-icon-opened fas fa-caret-up\"><\/i><\/span>\n\t\t\t\t\t\t\t\t\t\t\t\t\t<\/span>\n\t\t\t\t\t\t\t\t\t\t\t\t<a class=\"elementor-toggle-title\" tabindex=\"0\">..<\/a>\n\t\t\t\t\t<\/div>\n\n\t\t\t\t\t<div id=\"elementor-tab-content-3812\" class=\"elementor-tab-content elementor-clearfix\" data-tab=\"2\" role=\"region\" aria-labelledby=\"elementor-tab-title-3812\"><\/div>\n\t\t\t\t<\/div>\n\t\t\t\t\t\t\t\t<\/div>\n\t\t\t\t\t\t<\/div>\n\t\t\t\t<\/div>\n\t\t\t\t\t<\/div>\n\t\t<\/div>\n\t\t\t\t\t<\/div>\n\t\t<\/section>\n\t\t\t\t<\/div>","protected":false},"excerpt":{"rendered":"<p><a name=\"buy\"><\/a><\/p>\n<ul>\n<li style=\"list-style-type: none;\">\u2022 Ellagic acid contains a very strong anti-oxidant<\/li>\n<li style=\"list-style-type: none;\">\u2022 Ellagic acid is also considered to be a cancer inhibitor, which has the ability to cause apoptosis or normal cell death in cancer cells.<\/li>\n<li style=\"list-style-type: none;\">\u2022 Ellagic acid has the ability to inhibit mutations within a cell&#8217;s DNA.<\/li>\n<\/ul>\n<p><strong>\u00a0\u00a0\u00a0\u00a0\u00a0\u00a0 &gt;&gt;&gt;<span style=\"font-family: go; font-size: 14pt;\"><a href=\"#more\"><span style=\"color: #0000ff;\">Lire la suite<\/span><\/a><\/span><\/strong><\/p>","protected":false},"featured_media":14317,"comment_status":"open","ping_status":"closed","template":"","meta":{"nf_dc_page":"","_bbp_topic_count":0,"_bbp_reply_count":0,"_bbp_total_topic_count":0,"_bbp_total_reply_count":0,"_bbp_voice_count":0,"_bbp_anonymous_reply_count":0,"_bbp_topic_count_hidden":0,"_bbp_reply_count_hidden":0,"_bbp_forum_subforum_count":0},"product_brand":[],"product_cat":[33],"product_tag":[],"class_list":{"0":"post-14304","1":"product","2":"type-product","3":"status-publish","4":"has-post-thumbnail","6":"product_cat-all-products","8":"first","9":"instock","10":"shipping-taxable","11":"purchasable","12":"product-type-simple"},"bundled_by":[],"bundle_stock_status":"instock","bundle_stock_quantity":null,"bundle_virtual":false,"bundle_layout":"","bundle_add_to_cart_form_location":"","bundle_editable_in_cart":false,"bundle_sold_individually_context":"","bundle_item_grouping":"","bundle_min_size":"","bundle_max_size":"","bundled_items":[],"bundle_sell_ids":[],"_links":{"self":[{"href":"https:\/\/www.naturesgiftforlife.com\/fr\/wp-json\/wp\/v2\/product\/14304","targetHints":{"allow":["GET"]}}],"collection":[{"href":"https:\/\/www.naturesgiftforlife.com\/fr\/wp-json\/wp\/v2\/product"}],"about":[{"href":"https:\/\/www.naturesgiftforlife.com\/fr\/wp-json\/wp\/v2\/types\/product"}],"replies":[{"embeddable":true,"href":"https:\/\/www.naturesgiftforlife.com\/fr\/wp-json\/wp\/v2\/comments?post=14304"}],"version-history":[{"count":0,"href":"https:\/\/www.naturesgiftforlife.com\/fr\/wp-json\/wp\/v2\/product\/14304\/revisions"}],"wp:featuredmedia":[{"embeddable":true,"href":"https:\/\/www.naturesgiftforlife.com\/fr\/wp-json\/wp\/v2\/media\/14317"}],"wp:attachment":[{"href":"https:\/\/www.naturesgiftforlife.com\/fr\/wp-json\/wp\/v2\/media?parent=14304"}],"wp:term":[{"taxonomy":"product_brand","embeddable":true,"href":"https:\/\/www.naturesgiftforlife.com\/fr\/wp-json\/wp\/v2\/product_brand?post=14304"},{"taxonomy":"product_cat","embeddable":true,"href":"https:\/\/www.naturesgiftforlife.com\/fr\/wp-json\/wp\/v2\/product_cat?post=14304"},{"taxonomy":"product_tag","embeddable":true,"href":"https:\/\/www.naturesgiftforlife.com\/fr\/wp-json\/wp\/v2\/product_tag?post=14304"}],"curies":[{"name":"wp","href":"https:\/\/api.w.org\/{rel}","templated":true}]}}