{"id":13682,"date":"2021-08-04T19:04:52","date_gmt":"2021-08-04T19:04:52","guid":{"rendered":"https:\/\/www.naturesgiftforlife.com\/?post_type=product&#038;p=13682"},"modified":"2023-08-24T09:40:35","modified_gmt":"2023-08-24T09:40:35","slug":"anti-constipation-tea","status":"publish","type":"product","link":"https:\/\/www.naturesgiftforlife.com\/fr\/shop\/anti-constipation-tea\/","title":{"rendered":"Th\u00e9 anti-constipation"},"content":{"rendered":"<div data-elementor-type=\"wp-post\" data-elementor-id=\"13682\" class=\"elementor elementor-13682\">\n\t\t\t\t\t\t<section class=\"elementor-section elementor-top-section elementor-element elementor-element-369dfbd elementor-section-boxed elementor-section-height-default elementor-section-height-default\" data-id=\"369dfbd\" data-element_type=\"section\" data-e-type=\"section\">\n\t\t\t\t\t\t<div class=\"elementor-container elementor-column-gap-default\">\n\t\t\t\t\t<div class=\"elementor-column elementor-col-100 elementor-top-column elementor-element elementor-element-0b6ad9d\" data-id=\"0b6ad9d\" data-element_type=\"column\" data-e-type=\"column\">\n\t\t\t<div class=\"elementor-widget-wrap elementor-element-populated\">\n\t\t\t\t\t\t<div class=\"elementor-element elementor-element-bcefa7e elementor-widget elementor-widget-html\" data-id=\"bcefa7e\" data-element_type=\"widget\" data-e-type=\"widget\" data-widget_type=\"html.default\">\n\t\t\t\t<div class=\"elementor-widget-container\">\n\t\t\t\t\t<a name=\"more\"><\/a>\t\t\t\t<\/div>\n\t\t\t\t<\/div>\n\t\t\t\t<div class=\"elementor-element elementor-element-452deee elementor-invisible elementor-widget elementor-widget-toggle\" data-id=\"452deee\" data-element_type=\"widget\" data-e-type=\"widget\" data-settings=\"{&quot;_animation&quot;:&quot;flash&quot;}\" data-widget_type=\"toggle.default\">\n\t\t\t\t<div class=\"elementor-widget-container\">\n\t\t\t\t\t\t\t<div class=\"elementor-toggle\">\n\t\t\t\t\t\t\t<div class=\"elementor-toggle-item\">\n\t\t\t\t\t<div id=\"elementor-tab-title-7251\" class=\"elementor-tab-title\" data-tab=\"1\" role=\"button\" aria-controls=\"elementor-tab-content-7251\" aria-expanded=\"false\">\n\t\t\t\t\t\t\t\t\t\t\t\t<span class=\"elementor-toggle-icon elementor-toggle-icon-left\" aria-hidden=\"true\">\n\t\t\t\t\t\t\t\t\t\t\t\t\t\t\t<span class=\"elementor-toggle-icon-closed\"><i class=\"far fa-caret-square-right\"><\/i><\/span>\n\t\t\t\t\t\t\t\t<span class=\"elementor-toggle-icon-opened\"><i class=\"elementor-toggle-icon-opened fas fa-caret-square-up\"><\/i><\/span>\n\t\t\t\t\t\t\t\t\t\t\t\t\t<\/span>\n\t\t\t\t\t\t\t\t\t\t\t\t<a class=\"elementor-toggle-title\" tabindex=\"0\">Description d\u00e9taill\u00e9e du produit \/ faits sur les suppl\u00e9ments<\/a>\n\t\t\t\t\t<\/div>\n\n\t\t\t\t\t<div id=\"elementor-tab-content-7251\" class=\"elementor-tab-content elementor-clearfix\" data-tab=\"1\" role=\"region\" aria-labelledby=\"elementor-tab-title-7251\"><h2 style=\"text-align: center;\"><span style=\"font-size: 12pt; color: #000000;\">Tisane aux propri\u00e9t\u00e9s laxatives naturelles, pour un meilleur <em>Transit intestinal<\/em><\/span><\/h2><p><span style=\"color: #000000;\"><strong>Avantages<\/strong><\/span><\/p><ul><li><span style=\"color: #000000;\">Am\u00e9liore le transit intestinal;<\/span><\/li><li><span style=\"color: #000000;\">Favorise la r\u00e9gularit\u00e9 intestinale;<\/span><\/li><li><span style=\"color: #000000;\">Aide au traitement des maladies h\u00e9morro\u00efdaires ;<\/span><\/li><li><span style=\"color: #000000;\">Preserves\u00a0electrolyte\u00a0levels by providing minerals and vitamins to\u00a0the\u00a0body;<\/span><\/li><li><span style=\"color: #000000;\">Soulagement des ballonnements abdominaux;<\/span><\/li><li><span style=\"color: #000000;\">Aide \u00e0 mieux contr\u00f4ler le taux de cholest\u00e9rol;<\/span><\/li><li><span style=\"color: #000000;\">Helps prevent\u00a0cancer\u00a0diseases, including those affecting the digestive tract such as colon cancer;<\/span><\/li><li><span style=\"color: #000000;\">Aide \u00e0 pr\u00e9venir les infections en g\u00e9n\u00e9ral et les infections digestives en particulier;<\/span><\/li><li><span style=\"color: #000000;\">Aide \u00e0 perdre du poids<\/span><\/li><\/ul><p style=\"text-align: center;\"><a class=\"buy\" href=\"#buy\"><strong>ALLER ACHETER MAINTENANT<\/strong><\/a><\/p><p><span style=\"color: #000000;\">Eliminating is one of the physiological needs of our body and this includes body\u00a0fluids, gases and\u00a0feces. In the context of\u00a0faecal\u00a0elimination, constipation occurs when\u00a0the\u00a0stool, the remnant of\u00a0digestive assimilation,\u00a0moves\u00a0too slowly along the large intestine. These faeces remain in the colon for too long and gradually become\u00a0hard and\u00a0dry, making their evacuation\u00a0difficult,\u00a0painful\u00a0and infrequent. Constipation in itself is generally not considered a disease, but rather a symptom, i.e. the clinical manifestation of a pathological disorder; moreover, although it is\u00a0annoying, it is generally not dangerous.<\/span><\/p><p><span style=\"color: #000000;\">Constipation is in most cases poorly perceived by many people, even\u00a0health\u00a0professionals. In fact, having a bowel movement as little as twice a week is not a problem if you go when you feel the need and it doesn&#8217;t impose any difficulties. Infants, on the other hand, can pass stool once every 3 to 4 days to 5 times a day, depending on their\u00a0diet. In the\u00a0end,\u00a0although\u00a0it is only a symptom, to better define it, it must be considered as a\u00a0pathology,\u00a0that is to\u00a0say, it must be considered as\u00a0having\u00a0symptoms itself and, above all, take into account the subject&#8217;s\u00a0history of fecal\u00a0emission.<\/span><\/p><p style=\"text-align: center;\"><a class=\"buy\" href=\"#buy\"><strong>ALLER ACHETER MAINTENANT<\/strong><\/a><\/p><p><span style=\"color: #000000;\">As a general rule, constipation in a subject is said to occur\u00a0when\u00a0there is\u00a0a\u00a0decrease in the frequency of bowel movements, with a change in the consistency of the stool to a more\u00a0solid\u00a0state. Other signs to look for are the sensation that the intestines have not been completely\u00a0emptied, a feeling of\u00a0abdominal bloating\u00a0sometimes accompanied by abdominal\u00a0buzzing, significant flatulence,\u00a0indigestion, pain,\u00a0bleeding\u00a0caused by\u00a0the\u00a0effort of\u00a0expulsion\u00a0and sometimes loss\u00a0of appetite.<\/span><\/p><p>\u00a0<\/p><p><span style=\"color: #000000;\">Healthy people will\u00a0occasionally\u00a0become constipated, and a period of constipation may also be triggered by conditions such as a\u00a0benign\u00a0tumour or\u00a0growth,\u00a0chronic kidney\u00a0failure,\u00a0lead poisoning, ingestion of non-digestible\u00a0objects and certain medications,\u00a0hypothyroidism, irritable\u00a0bowel\u00a0syndrome,\u00a0neurological\u00a0disorders such as Parkinson&#8217;s disease, multiple sclerosis or spinal cord injury, cancer of the rectum or colon, or simply through poor eating habits and a tendency to postpone defecation. Above all, it is important to keep in mind\u00a0that\u00a0severe\u00a0constipation\u00a0sometimes\u00a0appears suddenly\u00a0and lasts a few days, quickly putting the\u00a0prognosis at\u00a0risk.<\/span><\/p><p style=\"text-align: center;\"><a class=\"buy\" href=\"#buy\"><strong>ALLER ACHETER MAINTENANT<\/strong><\/a><\/p><p><span style=\"color: #000000;\">NB: Si les selles et les gaz sont arr\u00eat\u00e9s, il est important de consulter un professionnel de la sant\u00e9, car cela peut \u00eatre une urgence chirurgicale dans certains cas.<\/span><\/p><p><span style=\"color: #000000;\">Le traitement de la constipation d\u00e9pend principalement de sa cause. Hormis les cas o\u00f9 son origine est un r\u00e9el probl\u00e8me m\u00e9dical, la constipation est le plus souvent li\u00e9e \u00e0 de mauvaises habitudes. Des solutions naturelles existent pour l&#039;\u00e9liminer et r\u00e9duire ses manifestations. Ceux-ci ont l&#039;avantage de ne pas rendre le colon plus paresseux et, surtout, de ne pas risquer de provoquer une m\u00e9lanose du colon, l&#039;un des troubles intestinaux li\u00e9s \u00e0 l&#039;utilisation fr\u00e9quente de laxatifs. L&#039;une des meilleures solutions r\u00e9side donc dans l&#039;utilisation de plantes naturelles.<\/span><\/p><p>\u00a0<\/p><p><span style=\"color: #000000;\"><strong>LA DESCRIPTION:<\/strong>\u00a0NG4L Anti Constipation Tea is a therapeutic tea made entirely from natural plants selected with the utmost\u00a0care, with a view to provide a safe solution for all persons prone to transit disorders. The plants that make up this formula offer\u00a0digestive\u00a0ease, and above all, help\u00a0to\u00a0refine your lines by\u00a0regulating\u00a0your intestinal transit, keeping it active without disrupting its\u00a0natural\u00a0functioning of\u00a0pleasant savour,\u00a0NG4L\u00a0is ideal for all those who suffer from constipation and can with a\u00a0regular\u00a0catch, prove to be much more advantageous for general health.<\/span><\/p><p style=\"text-align: center;\"><a class=\"buy\" href=\"#buy\"><strong>ALLER ACHETER MAINTENANT<\/strong><\/a><\/p><p><span style=\"color: #000000;\"><strong>PR\u00c9SENTATION:\u00a0<\/strong>box of\u00a020\u00a0sachets\u00a0of 2\u00a0grams each, containing a complex of plants &lt;\u00a0100% natural, in\u00a0particular:<\/span><\/p><p><span style=\"color: #000000;\">Asian water plantain or psyllium:\u00a0Psyllium is an Asian plant used in traditional medicine, not to be confused with the psyllium found in our latitudes, which has no medicinal virtues. Only the\u00a0Asian\u00a0blond psyllium and only the integument of the psyllium\u00a0seed\u00a0is active, i.e.\u00a0its skin or husk. Psyllium is sometimes called Indian plantain or ispaghul.\u00a0It\u00a0is the\u00a0mucilage of\u00a0the integument that is used for its\u00a0laxative\u00a0virtues. Indeed, in the case of constipation, the\u00a0mucilage of\u00a0psyllium absorbs water from food. In contact with water, it forms a gel with the soluble fibers, which\u00a0hydrates\u00a0the stool and\u00a0thus improves elimination.<\/span><\/p><p>\u00a0<\/p><p><span style=\"color: #000000;\">The\u00a0mucilage in\u00a0question constitutes up to one third of the composition of the seed coat. The active part contains soluble fibers that have an\u00a0appetite suppressant\u00a0effect\u00a0because\u00a0they\u00a0fill the\u00a0stomach. The soluble fibres found in psyllium are\u00a0recommended to\u00a0facilitate transit, but they also have\u00a0the\u00a0effect of partially preventing the absorption of\u00a0cholesterol\u00a0and &#8220;bad fats&#8221;.<\/span><\/p><p>\u00a0<\/p><p style=\"text-align: center;\"><a class=\"buy\" href=\"#buy\"><strong>ALLER ACHETER MAINTENANT<\/strong><\/a><\/p><p><span style=\"color: #000000;\">Ils sont donc r\u00e9put\u00e9s pour leur sant\u00e9 cardiovasculaire m\u00eame si sur ce point, cela ne fait pas l&#039;unanimit\u00e9.<\/span><\/p><p><span style=\"color: #000000;\"><strong>Senna:<\/strong>\u00a0Senna is one of the laxative plants whose effects can be felt fairly quickly.\u00a0Native\u00a0to Asia and\u00a0sub-Saharan\u00a0Africa, senna contains\u00a0anthracene\u00a0derivatives (sennosides\u00a0A and B). In the\u00a0colon, the sennosides contained in senna are digested by the bacteria of the intestinal flora and release anthraquinones which accelerate transit in two ways: by\u00a0inhibiting\u00a0the absorption of water contained in digested food (the stools then remain soft) and by stimulating the movements of\u00a0the\u00a0intestine. However, it seems that\u00a0the laxative\u00a0effect of senna is also due to an irritating action on the walls of\u00a0the\u00a0intestine, which generally limits its use.<\/span><\/p><p>\u00a0<\/p><p><span style=\"color: #000000;\"><strong>Graines de pignon :<\/strong>\u00a0Pine nuts are the edible seeds of certain varieties of pine trees. This seed is at the same time a very tasty food and rich in properties beneficial to health. They are particularly rich in protein and fiber. They are a good source of\u00a0zinc, vitamin B2 and potassium.\u00a0They also contain calcium,\u00a0magnesium, vitamin E and iron. As you can see, pine nuts contain most of the essential nutrients required by our body.\u00a0Like other types of nuts, pine nuts contain many minerals and some essential amino acids. They contribute<\/span><\/p><p><span style=\"color: #000000;\">to\u00a0maintain\u00a0the\u00a0health of the\u00a0body, have antioxidant properties and help protect the\u00a0cardiovascular\u00a0system. Thanks to its richness in\u00a0soluble\u00a0fiber, pine nuts promotes intestinal regularity and helps the body get rid of accumulated toxins. They are thus considered useful in cases of constipation, as they improve intestinal movements. In addition, pine nuts contain\u00a0oleic\u00a0acid,\u00a0which can keep cholesterol levels under control.<\/span><\/p><p style=\"text-align: center;\"><a class=\"buy\" href=\"#buy\"><strong>ALLER ACHETER MAINTENANT<\/strong><\/a><\/p><p><span style=\"color: #000000;\"><strong>Graines de chanvre:<\/strong>\u00a0The husk of hemp seeds is rich in minerals, it is often\u00a0removed\u00a0from\u00a0commercially packed\u00a0and peeled seeds, however they are still a good source of calcium iron,\u00a0phosphorus,\u00a0manganese,\u00a0magnesium,\u00a0and\u00a0zinc. These seeds are also a source of vitamin\u00a0B, they also contain vitamins\u00a0A, D, and K. They are\u00a0gluten\u00a0free.\u00a0With\u00a0a high content of soluble and insoluble fiber, they improve\u00a0digestion;\u00a0in this regard, they are used in Asia to treat constipation and hemorrhoids.<\/span><\/p><p>\u00a0<\/p><p><span style=\"color: #000000;\"><strong>Amandes:<\/strong>\u00a0these highly appreciated berries are particularly rich in fibre and protein. They also contain good fats, more than half of the\u00a0lipids\u00a0contained in\u00a0the\u00a0almond are\u00a0monounsaturated\u00a0fatty acids, especially\u00a0oleic\u00a0acid, the same as olive oil. This leads to a decrease in the risk of\u00a0cardio-vascular\u00a0diseases:\u00a054%\u00a0all the\u00a0same.\u00a0It\u00a0is an\u00a0oleaginous\u00a0fruit,\u00a0therefore, normal\u00a0that\u00a0it has a lot of fatty acids since these fruits provide\u00a0oil, such as walnuts, pistachios, cashew nuts, hazelnuts, but also\u00a0olive,\u00a0soy,\u00a0sunflower,\u00a0etc\u00a0&#8230; So in winter\u00a0the\u00a0almond becomes an excellent food.<\/span><\/p><p>\u00a0<\/p><p><span style=\"color: #000000;\">C&#039;est un fruit alcalinisant, tr\u00e8s nutritif, \u00e9nerg\u00e9tique, remin\u00e9ralisant. Ce fruit est sans cholest\u00e9rol, riche en phytost\u00e9rols et en prot\u00e9ines v\u00e9g\u00e9tales pr\u00e9cieuses. Il a des propri\u00e9t\u00e9s antiseptiques intestinales. Il s&#039;oppose \u00e0 toutes les fermentations intempestives et putrides.<\/span><\/p><p><span style=\"color: #000000;\">White tea:\u00a0White tea is made from immature tea leaves that are plucked shortly before the buds have fully opened. Because its leaves\u00a0are as close as possible to their natural state, white tea contains more polyphenols than any other type of tea. It is these powerful antioxidants that are responsible for the destruction of carcinogenic cells and are reputed to prevent\u00a0cancerous\u00a0diseases, including those of the\u00a0digestive\u00a0tract. According to studies conducted at\u00a0the Linus Pauling\u00a0Institute\u00a0at\u00a0Oregon State\u00a0University, white tea appears to have more powerful anti-cancer qualities than green tea. In addition, white tea can help your body&#8217;s immune system fight dangerous viruses and bacteria that cause infection.<\/span><\/p><p style=\"text-align: center;\"><a class=\"buy\" href=\"#buy\"><strong>ALLER ACHETER MAINTENANT<\/strong><\/a><\/p><p><span style=\"color: #000000;\"><strong>AVANTAGES:<\/strong>\u00a0NG4L\u00a0Anti Constipation is made only from 100% natural plants, does not develop\u00a0addiction\u00a0and provides a range of minerals that\u00a0compensate for electrolyte\u00a0losses associated with the effects of certain principles such as senna\u00a0anthracenes.\u00a0Because\u00a0it contains\u00a0white\u00a0tea, it helps prevent colon cancer and\u00a0infectious\u00a0diseases of the digestive tract. Finally, the plants in this formula are essentially ballast laxatives; in fact, only senna is considered a purgative laxative. The synergy of the ingredients of NG4L Anti Constipation Tea therefore makes this formula a gentle and non-aggressive laxative, which can be used for occasional constipation and possibly for chronic constipation.<\/span><\/p><p><span style=\"color: #000000;\"><strong>LES INDICATIONS:<\/strong>\u00a0Occasional\u00a0constipation, adjuvant treatment of hemorrhoidal diseases, adjuvant\u00a0treatment of\u00a0overweight, adjuvant treatment of hypercholesterolemia.<\/span><br \/><br \/><\/p><p><span style=\"color: #000000;\"><strong>Mode d&#039;emploi:<\/strong>\u00a0The preparation of\u00a0NG4L\u00a0Anti &#8211; Constipation Tea is particularly\u00a0easy. It is enough to put a sachet in 200 ml of water at about 90\u00b0C and to wait 3 to 5 minutes. The preparation is then ready for\u00a0consumption. For best results, it is recommended to take it three (3) times a day.<\/span><\/p><p><span style=\"color: #000000;\">Dans le cadre pr\u00e9ventif et\/ou pour le maintien du transit intestinal, un sachet peut \u00eatre utilis\u00e9 quotidiennement, pour une pr\u00e9paration d&#039;un litre.<\/span><\/p><p><span style=\"color: #000000;\">People who use this product\u00a0combine:\u00a0NG4L Colon Cleanser,\u00a0NG4L Aloe\u00a0Vera\u00a0Juice,\u00a0NG4L Enzymes,\u00a0NG4L\u00a0Acidophilus.<\/span><\/p><p style=\"text-align: center;\"><a class=\"buy\" href=\"#buy\"><strong>ALLER ACHETER MAINTENANT<\/strong><\/a><\/p><p><span style=\"color: #000000;\"><strong>Mise en garde<\/strong><strong>:<\/strong>\u00a0NG4L\u00a0Anti &#8211; Constipation Tea contains\u00a0Senna, a powerful purgative\u00a0laxative\u00a0plant that can cause a mineral loss which in the case of this formula, is compensated by\u00a0the mineral\u00a0contribution of the other plants which constitute it. However, taking into account\u00a0the\u00a0risk of cardiac\u00a0arrhythmia\u00a0by\u00a0hypokalemia, it is recommended to seek the advice of your doctor in case of cardiac manifestations such as palpitation, tachycardia or dyspnea of effort.<\/span><\/p><p>\u00a0<\/p><p><span style=\"color: #000000;\">If you are pregnant or\u00a0breastfeeding, always seek\u00a0the\u00a0advice of a\u00a0health care\u00a0professional. If you have\u00a0functional colopathy, seek\u00a0the\u00a0advice of a health care professional.<\/span><\/p><p><br \/><br \/><\/p><p>\u00a0<\/p><p>\u00a0<\/p><p>\u00a0<\/p><\/div>\n\t\t\t\t<\/div>\n\t\t\t\t\t\t\t<div class=\"elementor-toggle-item\">\n\t\t\t\t\t<div id=\"elementor-tab-title-7252\" class=\"elementor-tab-title\" data-tab=\"2\" role=\"button\" aria-controls=\"elementor-tab-content-7252\" aria-expanded=\"false\">\n\t\t\t\t\t\t\t\t\t\t\t\t<span class=\"elementor-toggle-icon elementor-toggle-icon-left\" aria-hidden=\"true\">\n\t\t\t\t\t\t\t\t\t\t\t\t\t\t\t<span class=\"elementor-toggle-icon-closed\"><i class=\"far fa-caret-square-right\"><\/i><\/span>\n\t\t\t\t\t\t\t\t<span class=\"elementor-toggle-icon-opened\"><i class=\"elementor-toggle-icon-opened fas fa-caret-square-up\"><\/i><\/span>\n\t\t\t\t\t\t\t\t\t\t\t\t\t<\/span>\n\t\t\t\t\t\t\t\t\t\t\t\t<a class=\"elementor-toggle-title\" tabindex=\"0\">..<\/a>\n\t\t\t\t\t<\/div>\n\n\t\t\t\t\t<div id=\"elementor-tab-content-7252\" class=\"elementor-tab-content elementor-clearfix\" data-tab=\"2\" role=\"region\" aria-labelledby=\"elementor-tab-title-7252\"><\/div>\n\t\t\t\t<\/div>\n\t\t\t\t\t\t\t\t<\/div>\n\t\t\t\t\t\t<\/div>\n\t\t\t\t<\/div>\n\t\t\t\t\t<\/div>\n\t\t<\/div>\n\t\t\t\t\t<\/div>\n\t\t<\/section>\n\t\t\t\t<\/div>","protected":false},"excerpt":{"rendered":"<p><a name=\"buy\"><\/a><br \/>\n<strong>Avantages<\/strong><\/p>\n<p><span style=\"font-family: go;\"><strong>Anti-Constipation Improves intestinal transit<\/strong><\/span><br \/>\n<span style=\"font-family: go;\"><strong>Favorise la r\u00e9gularit\u00e9 intestinale<\/strong><\/span><br \/>\n<span style=\"font-family: go;\"><strong>Helps in the\u200b\u200b treatment of hemorrhoidal diseases<\/strong><\/span><br \/>\n<span style=\"font-family: go;\"><strong>Pr\u00e9serve les niveaux d&#039;\u00e9lectrolytes en fournissant des min\u00e9raux et des vitamines au corps<\/strong><\/span><br \/>\n<strong><span style=\"font-family: go;\">Soulagement des ballonnements abdominaux<\/span><\/strong><br \/>\n<span style=\"font-family: go;\"><strong>Aide \u00e0 mieux contr\u00f4ler le taux de cholest\u00e9rol<\/strong>s<\/span><br \/>\n<strong> &gt;&gt;&gt;<span style=\"font-family: go; font-size: 14pt;\"><a href=\"#more\"><span style=\"color: #0000ff;\">Lire la suite<\/span><\/a><\/span><\/strong><\/p>","protected":false},"featured_media":2943,"comment_status":"open","ping_status":"closed","template":"","meta":{"nf_dc_page":"","_bbp_topic_count":0,"_bbp_reply_count":0,"_bbp_total_topic_count":0,"_bbp_total_reply_count":0,"_bbp_voice_count":0,"_bbp_anonymous_reply_count":0,"_bbp_topic_count_hidden":0,"_bbp_reply_count_hidden":0,"_bbp_forum_subforum_count":0},"product_brand":[],"product_cat":[28],"product_tag":[],"class_list":{"0":"post-13682","1":"product","2":"type-product","3":"status-publish","4":"has-post-thumbnail","6":"product_cat-teas","8":"first","9":"instock","10":"shipping-taxable","11":"purchasable","12":"product-type-simple"},"bundled_by":[],"bundle_stock_status":"instock","bundle_stock_quantity":19,"bundle_virtual":false,"bundle_layout":"","bundle_add_to_cart_form_location":"","bundle_editable_in_cart":false,"bundle_sold_individually_context":"","bundle_item_grouping":"","bundle_min_size":"","bundle_max_size":"","bundled_items":[],"bundle_sell_ids":[],"_links":{"self":[{"href":"https:\/\/www.naturesgiftforlife.com\/fr\/wp-json\/wp\/v2\/product\/13682","targetHints":{"allow":["GET"]}}],"collection":[{"href":"https:\/\/www.naturesgiftforlife.com\/fr\/wp-json\/wp\/v2\/product"}],"about":[{"href":"https:\/\/www.naturesgiftforlife.com\/fr\/wp-json\/wp\/v2\/types\/product"}],"replies":[{"embeddable":true,"href":"https:\/\/www.naturesgiftforlife.com\/fr\/wp-json\/wp\/v2\/comments?post=13682"}],"version-history":[{"count":0,"href":"https:\/\/www.naturesgiftforlife.com\/fr\/wp-json\/wp\/v2\/product\/13682\/revisions"}],"wp:featuredmedia":[{"embeddable":true,"href":"https:\/\/www.naturesgiftforlife.com\/fr\/wp-json\/wp\/v2\/media\/2943"}],"wp:attachment":[{"href":"https:\/\/www.naturesgiftforlife.com\/fr\/wp-json\/wp\/v2\/media?parent=13682"}],"wp:term":[{"taxonomy":"product_brand","embeddable":true,"href":"https:\/\/www.naturesgiftforlife.com\/fr\/wp-json\/wp\/v2\/product_brand?post=13682"},{"taxonomy":"product_cat","embeddable":true,"href":"https:\/\/www.naturesgiftforlife.com\/fr\/wp-json\/wp\/v2\/product_cat?post=13682"},{"taxonomy":"product_tag","embeddable":true,"href":"https:\/\/www.naturesgiftforlife.com\/fr\/wp-json\/wp\/v2\/product_tag?post=13682"}],"curies":[{"name":"wp","href":"https:\/\/api.w.org\/{rel}","templated":true}]}}