{"id":12907,"date":"2021-06-17T12:47:59","date_gmt":"2021-06-17T12:47:59","guid":{"rendered":"https:\/\/www.naturesgiftforlife.com\/?post_type=product&#038;p=12907"},"modified":"2021-11-15T15:20:51","modified_gmt":"2021-11-15T15:20:51","slug":"phone-zoom-consultation","status":"publish","type":"product","link":"https:\/\/www.naturesgiftforlife.com\/fr\/shop\/phone-zoom-consultation\/","title":{"rendered":"CONSULTATION T\u00c9L\u00c9PHONIQUE \/ ZOOM"},"content":{"rendered":"","protected":false},"excerpt":{"rendered":"<p><a href=\"https:\/\/www.naturesgiftforlife.com\/wp-content\/uploads\/2021\/06\/Screenshot_19.jpg\"><img fetchpriority=\"high\" decoding=\"async\" class=\"alignnone size-medium wp-image-12912\" src=\"https:\/\/www.naturesgiftforlife.com\/wp-content\/uploads\/2021\/06\/Screenshot_19-300x251.jpg\" alt=\"\" width=\"300\" height=\"251\" srcset=\"https:\/\/www.naturesgiftforlife.com\/wp-content\/uploads\/2021\/06\/Screenshot_19-300x251.jpg 300w, https:\/\/www.naturesgiftforlife.com\/wp-content\/uploads\/2021\/06\/Screenshot_19-14x12.jpg 14w, https:\/\/www.naturesgiftforlife.com\/wp-content\/uploads\/2021\/06\/Screenshot_19-264x221.jpg 264w, https:\/\/www.naturesgiftforlife.com\/wp-content\/uploads\/2021\/06\/Screenshot_19.jpg 309w\" sizes=\"(max-width: 300px) 100vw, 300px\" \/><\/a><\/p>\n<p><strong><span style=\"font-family: go;\">Natures Gift for Life vous offre un acc\u00e8s unique \u00e0 nos services de sant\u00e9 via une consultation mobile\/zoom.\u00a0<\/span><\/strong><\/p>\n<p><strong><span style=\"font-family: go;\">Dans votre confort, vous pouvez non seulement r\u00e9server mais maintenant consulter notre \u00e9quipe d&#039;experts m\u00e9dicaux<\/span><\/strong><\/p>\n<p><span style=\"font-family: Arial Black, Avant Garde;\"><strong>Heure\u00a0: 8\u00a0h\u00a0-\u00a0-\u00a0\u00a0\u00a0\u00a0\u00a0\u00a0\u00a0\u00a0\u00a0\u00a0\u00a0\u00a0\u00a0\u00a0\u00a0\u00a0\u00a0\u00a0\u00a0\u00a0\u00a0\u00a0\u00a0\u00a0\u00a0\u00a0\u00a0\u00a0\u00a0\u00a0\u00a0\u00a0\u00a0\u00a0\u00a0\u00a0\u00a0\u00a0\u00a0\u00a0\u00a0\u00a0\u00a0 21 h 00<\/strong><\/span><\/p>\n<div class=\"elementor-widget-container\"><span style=\"font-family: Arial Black, Avant Garde; font-size: 14pt; color: #0000ff;\">R\u00e9servez votre consultation aujourd&#039;hui&gt;&gt;<\/span><\/div>\n<div><span style=\"font-family: Arial Black, Avant Garde; font-size: 14pt; color: #0000ff;\">Choisissez la date et l&#039;heure &gt;&gt;<\/span><\/div>","protected":false},"featured_media":12912,"comment_status":"closed","ping_status":"closed","template":"","meta":{"nf_dc_page":"","_bbp_topic_count":0,"_bbp_reply_count":0,"_bbp_total_topic_count":0,"_bbp_total_reply_count":0,"_bbp_voice_count":0,"_bbp_anonymous_reply_count":0,"_bbp_topic_count_hidden":0,"_bbp_reply_count_hidden":0,"_bbp_forum_subforum_count":0},"product_brand":[],"product_cat":[431,433],"product_tag":[],"class_list":{"0":"post-12907","1":"product","2":"type-product","3":"status-publish","4":"has-post-thumbnail","6":"product_cat-uvlrx-session","7":"product_cat-consultation","9":"first","10":"instock","11":"purchasable","12":"product-type-phive_booking"},"bundled_by":[],"bundle_stock_status":"instock","bundle_stock_quantity":null,"bundle_virtual":false,"bundle_layout":"","bundle_add_to_cart_form_location":"","bundle_editable_in_cart":false,"bundle_sold_individually_context":"","bundle_item_grouping":"","bundle_min_size":"","bundle_max_size":"","bundled_items":[],"bundle_sell_ids":[],"_links":{"self":[{"href":"https:\/\/www.naturesgiftforlife.com\/fr\/wp-json\/wp\/v2\/product\/12907","targetHints":{"allow":["GET"]}}],"collection":[{"href":"https:\/\/www.naturesgiftforlife.com\/fr\/wp-json\/wp\/v2\/product"}],"about":[{"href":"https:\/\/www.naturesgiftforlife.com\/fr\/wp-json\/wp\/v2\/types\/product"}],"replies":[{"embeddable":true,"href":"https:\/\/www.naturesgiftforlife.com\/fr\/wp-json\/wp\/v2\/comments?post=12907"}],"version-history":[{"count":0,"href":"https:\/\/www.naturesgiftforlife.com\/fr\/wp-json\/wp\/v2\/product\/12907\/revisions"}],"wp:featuredmedia":[{"embeddable":true,"href":"https:\/\/www.naturesgiftforlife.com\/fr\/wp-json\/wp\/v2\/media\/12912"}],"wp:attachment":[{"href":"https:\/\/www.naturesgiftforlife.com\/fr\/wp-json\/wp\/v2\/media?parent=12907"}],"wp:term":[{"taxonomy":"product_brand","embeddable":true,"href":"https:\/\/www.naturesgiftforlife.com\/fr\/wp-json\/wp\/v2\/product_brand?post=12907"},{"taxonomy":"product_cat","embeddable":true,"href":"https:\/\/www.naturesgiftforlife.com\/fr\/wp-json\/wp\/v2\/product_cat?post=12907"},{"taxonomy":"product_tag","embeddable":true,"href":"https:\/\/www.naturesgiftforlife.com\/fr\/wp-json\/wp\/v2\/product_tag?post=12907"}],"curies":[{"name":"wp","href":"https:\/\/api.w.org\/{rel}","templated":true}]}}