{"id":1272,"date":"2020-08-31T10:41:49","date_gmt":"2020-08-31T10:41:49","guid":{"rendered":"http:\/\/www.livehealthylivehappy.com\/new\/?post_type=product&#038;p=1272"},"modified":"2026-04-07T06:49:49","modified_gmt":"2026-04-07T06:49:49","slug":"colon-cleanser-60caps","status":"publish","type":"product","link":"https:\/\/www.naturesgiftforlife.com\/fr\/shop\/colon-cleanser-60caps\/","title":{"rendered":"Colon Cleanser &#8211; 60caps"},"content":{"rendered":"<div data-elementor-type=\"wp-post\" data-elementor-id=\"1272\" class=\"elementor elementor-1272\">\n\t\t\t\t\t\t<section class=\"elementor-section elementor-top-section elementor-element elementor-element-6923687 elementor-section-boxed elementor-section-height-default elementor-section-height-default\" data-id=\"6923687\" data-element_type=\"section\" data-e-type=\"section\">\n\t\t\t\t\t\t<div class=\"elementor-container elementor-column-gap-default\">\n\t\t\t\t\t<div class=\"elementor-column elementor-col-100 elementor-top-column elementor-element elementor-element-e3de7f2\" data-id=\"e3de7f2\" data-element_type=\"column\" data-e-type=\"column\">\n\t\t\t<div class=\"elementor-widget-wrap elementor-element-populated\">\n\t\t\t\t\t\t<div class=\"elementor-element elementor-element-208d575 elementor-widget elementor-widget-html\" data-id=\"208d575\" data-element_type=\"widget\" data-e-type=\"widget\" data-widget_type=\"html.default\">\n\t\t\t\t<div class=\"elementor-widget-container\">\n\t\t\t\t\t<a name=\"more\"><\/a>\t\t\t\t<\/div>\n\t\t\t\t<\/div>\n\t\t\t\t<div class=\"elementor-element elementor-element-6fe2695 elementor-invisible elementor-widget elementor-widget-toggle\" data-id=\"6fe2695\" data-element_type=\"widget\" data-e-type=\"widget\" data-settings=\"{&quot;_animation&quot;:&quot;flash&quot;}\" data-widget_type=\"toggle.default\">\n\t\t\t\t<div class=\"elementor-widget-container\">\n\t\t\t\t\t\t\t<div class=\"elementor-toggle\">\n\t\t\t\t\t\t\t<div class=\"elementor-toggle-item\">\n\t\t\t\t\t<div id=\"elementor-tab-title-1171\" class=\"elementor-tab-title\" data-tab=\"1\" role=\"button\" aria-controls=\"elementor-tab-content-1171\" aria-expanded=\"false\">\n\t\t\t\t\t\t\t\t\t\t\t\t<span class=\"elementor-toggle-icon elementor-toggle-icon-left\" aria-hidden=\"true\">\n\t\t\t\t\t\t\t\t\t\t\t\t\t\t\t<span class=\"elementor-toggle-icon-closed\"><i class=\"far fa-caret-square-right\"><\/i><\/span>\n\t\t\t\t\t\t\t\t<span class=\"elementor-toggle-icon-opened\"><i class=\"elementor-toggle-icon-opened fas fa-caret-square-up\"><\/i><\/span>\n\t\t\t\t\t\t\t\t\t\t\t\t\t<\/span>\n\t\t\t\t\t\t\t\t\t\t\t\t<a class=\"elementor-toggle-title\" tabindex=\"0\">Description d\u00e9taill\u00e9e du produit \/ faits sur les suppl\u00e9ments<\/a>\n\t\t\t\t\t<\/div>\n\n\t\t\t\t\t<div id=\"elementor-tab-content-1171\" class=\"elementor-tab-content elementor-clearfix\" data-tab=\"1\" role=\"region\" aria-labelledby=\"elementor-tab-title-1171\"><p><span style=\"color: #000000;\"><strong>La mort commence dans le c\u00f4lon !!<\/strong><\/span><\/p><p><span style=\"color: #000000;\"><strong><em>\u00a0<\/em><\/strong><strong>Avantages<\/strong><\/span><\/p><ul><li><span style=\"color: #000000;\">Le nettoyant du c\u00f4lon aide \u00e0 pr\u00e9venir la constipation et \u00e0 d\u00e9toxifier les intestins.<\/span><\/li><li><span style=\"color: #000000;\">Il soutient le processus de nettoyage et d&#039;\u00e9limination du corps.<\/span><\/li><li><span style=\"color: #000000;\">Pr\u00e9vient et aide \u00e0 traiter les MII.<\/span><\/li><li><span style=\"color: #000000;\">Peut aider \u00e0 pr\u00e9venir les pathologies intestinales.<\/span><\/li><li><span style=\"color: #000000;\">Aide \u00e0 r\u00e9duire le cholest\u00e9rol dans l&#039;alimentation.<\/span><\/li><li><span style=\"color: #000000;\">Peut aider \u00e0 \u00e9vacuer les toxines du corps.<\/span><\/li><li><span style=\"color: #000000;\">Peut aider \u00e0 contr\u00f4ler la perte de poids et l&#039;app\u00e9tit.<\/span><\/li><\/ul><p>\u00a0<\/p><p><span style=\"color: #000000;\"><em>Le nettoyant du c\u00f4lon capture tout le naturel a<\/em>avantages de la fibre de production en vrac, mais elle est si douce pour votre syst\u00e8me que vous pouvez l&#039;utiliser tous les jours. Le nettoyant pour le c\u00f4lon utilise les bienfaits r\u00e9colt\u00e9s \u00e0 partir de fruits, de plantes et de c\u00e9r\u00e9ales pour aider \u00e0 nettoyer votre c\u00f4lon et \u00e0 favoriser la r\u00e9gularit\u00e9.<\/span><\/p><p style=\"text-align: center;\"><a class=\"buy\" href=\"#buy\"><strong>ALLER ACHETER MAINTENANT<\/strong><\/a><\/p><p><span style=\"color: #000000;\"><strong>Pr\u00e9sentation du produit<\/strong><\/span><\/p><p><span style=\"color: #000000;\">Colon Cleanser is a special blend of 100% all natural ingredients that to help prevent constipation. Colon Cleanser supports the body&#8217;s natural cleansing and elimination process. The intestines function as the body\u2019s own absorption and waste disposal system. Food in a semi liquid form flows through the small intestine and into the colon for final processing. Here most of the water and minerals are reabsorbed, leaving the semi-solid waste, which is evacuated through the rectum.<\/span><\/p><p><span style=\"color: #000000;\">Any breakdown in the chain of events that occur during the elimination process will cause poor nutrient assimilation, slowed motility through the intestines and potentially a build-up of toxic waste. In reference to the body\u2019s internal cleansing process the British Royal Society of Medicine warns \u201clet it stagnate and . . . every organ of the body is poisoned . . .!\u201d<\/span><\/p><p>\u00a0<\/p><p><span style=\"color: #000000;\">YOU NEED FIBER. Highly refined foods, including sugar and white flour, make us susceptible to intestinal problems such as colitis, constipation, diverticulitis, haemorrhoids, irritable bowel, crohn`s disease and even cancer. It many countries around the world where the intake of fibre is high, you will find that these disorders are rare. This is primarily because in many of these places the modern (fast-food) diet is not prevalent. Colon Cleanser&#8217;s dietary fibre is meant to be a bulking agent, which assists the body in its ability to move foods waste products to its intended destination outside the body. Colon Cleanser helps to promote over all health by maintaining regular movement of the sustenance that gives us what we need to live, as well as helping the body to remove toxic materials that may also be present in the foods we consume.<\/span><\/p><p style=\"text-align: center;\"><a class=\"buy\" href=\"#buy\"><strong>ALLER ACHETER MAINTENANT<\/strong><\/a><\/p><p>\u00a0<\/p><table width=\"96%\"><tbody><tr><td width=\"610\"><p><span style=\"color: #000000;\"><strong>Applications<\/strong><\/span><\/p><p><span style=\"color: #000000;\">Colite, constipation, diverticulite, h\u00e9morro\u00efdes, c\u00f4lon irritable, maladie de Crohn et m\u00eame cancer, flatulences ou gaz, ob\u00e9sit\u00e9, congestion g\u00e9n\u00e9rale, troubles du c\u00f4lon, maladie de la v\u00e9sicule biliaire, calculs biliaires, ict\u00e8re, pr\u00e9vention des calculs r\u00e9naux, troubles du foie, parasites, vers, ecz\u00e9ma, inflammations oculaires, gastrite, imp\u00e9tigo, infections (virales et bact\u00e9riennes).<\/span><\/p><\/td><\/tr><tr><td width=\"610\"><p><span style=\"color: #000000;\"><strong>Avantage NG4L:<\/strong> Un m\u00e9lange sp\u00e9cial d&#039;ingr\u00e9dients 100% enti\u00e8rement naturels pour favoriser la sant\u00e9 en \u00e9liminant les nombreuses mati\u00e8res toxiques pr\u00e9sentes dans nos aliments.<\/span><\/p><p>\u00a0<\/p><\/td><\/tr><\/tbody><\/table><p><span style=\"color: #000000;\"><strong>PR\u00c9SENTATION:<\/strong><strong><br \/><\/strong>Bo\u00eete de 60 g\u00e9lules et bo\u00eete de 120 g\u00e9lules.<\/span><\/p><table><tbody><tr><td width=\"407\"><p><span style=\"color: #000000;\"><strong>Portion : 1 Dose par bo\u00eete : 60 <\/strong>et <strong>120<\/strong><\/span><\/p><\/td><td colspan=\"2\" width=\"224\"><p>\u00a0<\/p><\/td><\/tr><tr><td width=\"208\"><p><span style=\"color: #000000;\"><strong>Ingr\u00e9dients <\/strong><\/span><\/p><\/td><td width=\"118\"><p><span style=\"color: #000000;\"><strong>Quantit\u00e9 par dose <\/strong><\/span><\/p><\/td><td width=\"123\"><p><span style=\"color: #000000;\"><strong>Dose quotidienne %<\/strong><\/span><\/p><\/td><\/tr><tr><td width=\"208\"><p><span style=\"color: #000000;\">M\u00e9lange exclusif<\/span><\/p><\/td><td width=\"118\"><p><span style=\"color: #000000;\">725 mg<\/span><\/p><\/td><td width=\"123\"><p><span style=\"color: #000000;\">*<\/span><\/p><\/td><\/tr><tr><td width=\"451\"><p><span style=\"color: #000000;\">Racine de rhubarbe, \u00e9corce de bourdon, cosse de psyllium, racine de gingembre,<\/span><br \/><span style=\"color: #000000;\">r\u00e9glisse, graines de fenouil, \u00e9corce d&#039;hydraste et de cascara sagrada<\/span><\/p><\/td><td>\u00a0<\/td><td>\u00a0<\/td><\/tr><tr><td colspan=\"3\" width=\"631\"><p><span style=\"color: #000000;\">* Dose quotidienne % non \u00e9tablie<\/span><br \/><span style=\"color: #000000;\">Autres ingr\u00e9dients : g\u00e9latine, st\u00e9arate de magn\u00e9sium et dioxyde de silicium<\/span><\/p><\/td><\/tr><\/tbody><\/table><p>\u00a0<\/p><p>\u00a0<\/p><table><tbody><tr><td width=\"647\"><table width=\"100%\"><tbody><tr><td><p><span style=\"color: #000000;\"><strong>Les directions:<\/strong> Les adultes prennent une ou deux capsules entre les repas avec au moins 8 \u00e0 10 onces d&#039;eau. Assurez-vous de boire au moins 6 \u00e0 8 verres d&#039;eau tout au long de la journ\u00e9e pour tirer le meilleur parti de ce produit.<\/span><\/p><p><span style=\"color: #000000;\"><strong>Attention:<\/strong> En cas de grossesse, d&#039;allaitement ou de prise de m\u00e9dicaments sur ordonnance, consulter un professionnel de la sant\u00e9 avant l&#039;utilisation. Si vous h<\/span>Pour toute forme de trouble intestinal, consulter un m\u00e9decin avant utilisation.<\/p><p>\u00a0<\/p><\/td><\/tr><\/tbody><\/table>\u00a0<\/td><\/tr><\/tbody><\/table><p>\u00a0<\/p><\/div>\n\t\t\t\t<\/div>\n\t\t\t\t\t\t\t<div class=\"elementor-toggle-item\">\n\t\t\t\t\t<div id=\"elementor-tab-title-1172\" class=\"elementor-tab-title\" data-tab=\"2\" role=\"button\" aria-controls=\"elementor-tab-content-1172\" aria-expanded=\"false\">\n\t\t\t\t\t\t\t\t\t\t\t\t<span class=\"elementor-toggle-icon elementor-toggle-icon-left\" aria-hidden=\"true\">\n\t\t\t\t\t\t\t\t\t\t\t\t\t\t\t<span class=\"elementor-toggle-icon-closed\"><i class=\"far fa-caret-square-right\"><\/i><\/span>\n\t\t\t\t\t\t\t\t<span class=\"elementor-toggle-icon-opened\"><i class=\"elementor-toggle-icon-opened fas fa-caret-square-up\"><\/i><\/span>\n\t\t\t\t\t\t\t\t\t\t\t\t\t<\/span>\n\t\t\t\t\t\t\t\t\t\t\t\t<a class=\"elementor-toggle-title\" tabindex=\"0\">..<\/a>\n\t\t\t\t\t<\/div>\n\n\t\t\t\t\t<div id=\"elementor-tab-content-1172\" class=\"elementor-tab-content elementor-clearfix\" data-tab=\"2\" role=\"region\" aria-labelledby=\"elementor-tab-title-1172\"><\/div>\n\t\t\t\t<\/div>\n\t\t\t\t\t\t\t\t<\/div>\n\t\t\t\t\t\t<\/div>\n\t\t\t\t<\/div>\n\t\t\t\t\t<\/div>\n\t\t<\/div>\n\t\t\t\t\t<\/div>\n\t\t<\/section>\n\t\t\t\t<\/div>","protected":false},"excerpt":{"rendered":"<p><a name=\"buy\"><\/a><\/p>\n<ul>\n<li><strong><span style=\"font-family: go;\">Aide \u00e0 pr\u00e9venir la constipation et \u00e0 d\u00e9toxifier les intestins.<\/span><\/strong><\/li>\n<li><strong><span style=\"font-family: go;\">Il soutient le processus de nettoyage et d&#039;\u00e9limination du corps.<\/span><\/strong><\/li>\n<li><strong><span style=\"font-family: go;\">Peut aider \u00e0 contr\u00f4ler la perte de poids et l&#039;app\u00e9tit<\/span><\/strong><\/li>\n<\/ul>\n<p><strong>\u00a0\u00a0\u00a0\u00a0\u00a0 &gt;&gt;&gt;<span style=\"font-family: go; font-size: 14pt;\"><a href=\"#more\"><span style=\"color: #0000ff;\">Lire la suite<\/span><\/a><\/span><\/strong><\/p>","protected":false},"featured_media":1309,"comment_status":"open","ping_status":"closed","template":"","meta":{"nf_dc_page":"","_bbp_topic_count":0,"_bbp_reply_count":0,"_bbp_total_topic_count":0,"_bbp_total_reply_count":0,"_bbp_voice_count":0,"_bbp_anonymous_reply_count":0,"_bbp_topic_count_hidden":0,"_bbp_reply_count_hidden":0,"_bbp_forum_subforum_count":0},"product_brand":[],"product_cat":[33,23],"product_tag":[],"class_list":{"0":"post-1272","1":"product","2":"type-product","3":"status-publish","4":"has-post-thumbnail","6":"product_cat-all-products","7":"product_cat-diet","9":"first","10":"outofstock","11":"shipping-taxable","12":"purchasable","13":"product-type-simple"},"bundled_by":["3324","3084"],"bundle_stock_status":"outofstock","bundle_stock_quantity":0,"bundle_virtual":false,"bundle_layout":"","bundle_add_to_cart_form_location":"","bundle_editable_in_cart":false,"bundle_sold_individually_context":"","bundle_item_grouping":"","bundle_min_size":"","bundle_max_size":"","bundled_items":[],"bundle_sell_ids":[],"_links":{"self":[{"href":"https:\/\/www.naturesgiftforlife.com\/fr\/wp-json\/wp\/v2\/product\/1272","targetHints":{"allow":["GET"]}}],"collection":[{"href":"https:\/\/www.naturesgiftforlife.com\/fr\/wp-json\/wp\/v2\/product"}],"about":[{"href":"https:\/\/www.naturesgiftforlife.com\/fr\/wp-json\/wp\/v2\/types\/product"}],"replies":[{"embeddable":true,"href":"https:\/\/www.naturesgiftforlife.com\/fr\/wp-json\/wp\/v2\/comments?post=1272"}],"version-history":[{"count":0,"href":"https:\/\/www.naturesgiftforlife.com\/fr\/wp-json\/wp\/v2\/product\/1272\/revisions"}],"wp:featuredmedia":[{"embeddable":true,"href":"https:\/\/www.naturesgiftforlife.com\/fr\/wp-json\/wp\/v2\/media\/1309"}],"wp:attachment":[{"href":"https:\/\/www.naturesgiftforlife.com\/fr\/wp-json\/wp\/v2\/media?parent=1272"}],"wp:term":[{"taxonomy":"product_brand","embeddable":true,"href":"https:\/\/www.naturesgiftforlife.com\/fr\/wp-json\/wp\/v2\/product_brand?post=1272"},{"taxonomy":"product_cat","embeddable":true,"href":"https:\/\/www.naturesgiftforlife.com\/fr\/wp-json\/wp\/v2\/product_cat?post=1272"},{"taxonomy":"product_tag","embeddable":true,"href":"https:\/\/www.naturesgiftforlife.com\/fr\/wp-json\/wp\/v2\/product_tag?post=1272"}],"curies":[{"name":"wp","href":"https:\/\/api.w.org\/{rel}","templated":true}]}}