{"id":1167,"date":"2020-08-26T10:31:04","date_gmt":"2020-08-26T10:31:04","guid":{"rendered":"http:\/\/www.livehealthylivehappy.com\/new\/?post_type=product&#038;p=1167"},"modified":"2025-11-24T15:07:22","modified_gmt":"2025-11-24T15:07:22","slug":"ultra-man","status":"publish","type":"product","link":"https:\/\/www.naturesgiftforlife.com\/fr\/shop\/ultra-man\/","title":{"rendered":"Ultra homme"},"content":{"rendered":"<div data-elementor-type=\"wp-post\" data-elementor-id=\"1167\" class=\"elementor elementor-1167\">\n\t\t\t\t\t\t<section class=\"elementor-section elementor-top-section elementor-element elementor-element-f6f0269 elementor-section-boxed elementor-section-height-default elementor-section-height-default\" data-id=\"f6f0269\" data-element_type=\"section\" data-e-type=\"section\">\n\t\t\t\t\t\t<div class=\"elementor-container elementor-column-gap-default\">\n\t\t\t\t\t<div class=\"elementor-column elementor-col-100 elementor-top-column elementor-element elementor-element-6e14554\" data-id=\"6e14554\" data-element_type=\"column\" data-e-type=\"column\">\n\t\t\t<div class=\"elementor-widget-wrap elementor-element-populated\">\n\t\t\t\t\t\t<div class=\"elementor-element elementor-element-0eeb7e9 elementor-widget elementor-widget-html\" data-id=\"0eeb7e9\" data-element_type=\"widget\" data-e-type=\"widget\" data-widget_type=\"html.default\">\n\t\t\t\t<div class=\"elementor-widget-container\">\n\t\t\t\t\t<a name=\"more\"><\/a>\t\t\t\t<\/div>\n\t\t\t\t<\/div>\n\t\t\t\t<div class=\"elementor-element elementor-element-d813cb9 elementor-invisible elementor-widget elementor-widget-toggle\" data-id=\"d813cb9\" data-element_type=\"widget\" data-e-type=\"widget\" data-settings=\"{&quot;_animation&quot;:&quot;flash&quot;}\" data-widget_type=\"toggle.default\">\n\t\t\t\t<div class=\"elementor-widget-container\">\n\t\t\t\t\t\t\t<div class=\"elementor-toggle\">\n\t\t\t\t\t\t\t<div class=\"elementor-toggle-item\">\n\t\t\t\t\t<h2 id=\"elementor-tab-title-2261\" class=\"elementor-tab-title\" data-tab=\"1\" role=\"button\" aria-controls=\"elementor-tab-content-2261\" aria-expanded=\"false\">\n\t\t\t\t\t\t\t\t\t\t\t\t<span class=\"elementor-toggle-icon elementor-toggle-icon-left\" aria-hidden=\"true\">\n\t\t\t\t\t\t\t\t\t\t\t\t\t\t\t<span class=\"elementor-toggle-icon-closed\"><i class=\"far fa-caret-square-right\"><\/i><\/span>\n\t\t\t\t\t\t\t\t<span class=\"elementor-toggle-icon-opened\"><i class=\"elementor-toggle-icon-opened fas fa-caret-square-up\"><\/i><\/span>\n\t\t\t\t\t\t\t\t\t\t\t\t\t<\/span>\n\t\t\t\t\t\t\t\t\t\t\t\t<a class=\"elementor-toggle-title\" tabindex=\"0\">Description d\u00e9taill\u00e9e du produit \/ faits sur les suppl\u00e9ments<\/a>\n\t\t\t\t\t<\/h2>\n\n\t\t\t\t\t<div id=\"elementor-tab-content-2261\" class=\"elementor-tab-content elementor-clearfix\" data-tab=\"1\" role=\"region\" aria-labelledby=\"elementor-tab-title-2261\"><p style=\"text-align: center;\"><span style=\"color: #000000;\"><strong><em>Ultra Man Complexe multivitamin\u00e9 et min\u00e9ral pour hommes avec Saw Palmetto pour la sant\u00e9 de la prostate !<\/em><\/strong><\/span><\/p><p style=\"text-align: center;\"><span style=\"color: #000000;\"><strong><em>Sp\u00e9cialement formul\u00e9 pour les besoins nutritionnels des hommes<\/em><\/strong><\/span><\/p><p><span style=\"color: #000000;\"><strong><em>B\u00e9n\u00e9fices de\u00a0 <a href=\"https:\/\/livehealthylivehappy.com\/\" target=\"_blank\" rel=\"noopener\">Ultra homme<\/a><\/em><\/strong>:<\/span><\/p><ul><li><span style=\"color: #000000;\">La formule NG4L Ultra Man Essential contient des ingr\u00e9dients sp\u00e9cifiques \u00e0 la population masculine pour maintenir la sant\u00e9.<\/span><\/li><li><span style=\"color: #000000;\">Ultra Man contient \u00e9galement des min\u00e9raux comme le zinc et le cuivre qui aident \u00e0 r\u00e9guler la fonction cellulaire et servent de blocs de construction pour vos cellules et vos organes.<\/span><\/li><li><span style=\"color: #000000;\">Ultra Man contient toutes les vitamines hydrosolubles (B1, B2, B3, B5, B6, B12) qui ne sont pas stock\u00e9es en quantit\u00e9s appr\u00e9ciables dans le corps.<\/span><\/li><li><span style=\"color: #000000;\">La formule essentielle NG4L Ultra Man contient des ingr\u00e9dients sp\u00e9cialis\u00e9s tels que l&#039;octacosanol de palmier nain, le pollen d&#039;abeille et le ginseng pour aider \u00e0 augmenter et \u00e0 promouvoir l&#039;endurance masculine.<\/span><\/li><li><span style=\"color: #000000;\">En vieillissant, il est tr\u00e8s important de fournir au corps les bons nutriments dans les bonnes proportions.<\/span><\/li><li><span style=\"color: #000000;\">NG4L Ultra Man Essential Formula helps prolong good health into your\u00a0 retirement years.<\/span><\/li><li><span style=\"color: #000000;\">Une combinaison unique de Lycop\u00e8ne, S\u00e9l\u00e9nium, Vitamine E et Zinc pour <a href=\"https:\/\/www.naturesgiftforlife.com\/fr\/shop\/steaz-zero-calorie-energy-drink\/\">prostate<\/a> sant\u00e9.<\/span><\/li><li><span style=\"color: #000000;\">Calcium, magn\u00e9sium, potassium et vitamine C pour aider \u00e0 maintenir une tension art\u00e9rielle normale.<\/span><\/li><li><span style=\"color: #000000;\">Chrome et vitamines B pour la lib\u00e9ration d&#039;\u00e9nergie des aliments.<\/span><\/li><li><span style=\"color: #000000;\">No Iron &#8211; Research suggests excess iron may increase a man&#8217;s risk of heart disease.<\/span><\/li><\/ul><p style=\"text-align: center;\"><a class=\"buy\" href=\"#buy\"><strong>ALLER ACHETER MAINTENANT<\/strong><\/a><\/p><p><span style=\"color: #000000;\"><strong>Pr\u00e9sentation d&#039;Ultra Man\u00a0:<\/strong><\/span><\/p><p><span style=\"color: #000000;\"> Vitamin and mineral products are more important than ever in today\u2019s fast paced world. Not only are we moving at the speed of light, but also along the way we are exposed to a myriad of toxic waste that has become a part of our everyday modern lives! Good nutrition helps to protect us from the environment and aging, if all the nutrient co-factors are \u2018in play\u2019. Can we get all the nutrients that we need from food? Well, it is just a plain hard fact that food just isn\u2019t what is used to be 100 years, or even 50 years ago. The plants that many foods are derived from are grown in other countries where they are stored for months at a time, and loose nutrient content through oxidation. And here in the U.S. it has become commonplace to grow foods in nutrient depleted fields year after year. Unfortunately there aren\u2019t a lot of studies that show that the decrease in nutrient content in our over all diet is causing sub clinical disease states that doctors find hard to deal with and treat. However, major medical institutions like the Mayo Clinic and the main stream medical Journals are now finally seeing that there is scientific evidence that shows taking a good multi vitamin and mineral product helps to control some of the medical problems that they have found did not respond other types of treatment.<\/span><\/p><p><span style=\"color: #000000;\">C&#039;est un fait bien connu que les vitamines et les min\u00e9raux dans les bonnes quantit\u00e9s sont n\u00e9cessaires pour une vari\u00e9t\u00e9 de processus biologiques qui comprennent, mais sans s&#039;y limiter, la croissance, la digestion, la vigilance mentale et la r\u00e9sistance aux infections. Des nutriments sp\u00e9cifiques permettent \u00e0 votre corps d&#039;utiliser des glucides, des graisses et des prot\u00e9ines, car ils agissent comme des catalyseurs qui d\u00e9clenchent ou acc\u00e9l\u00e8rent les r\u00e9actions chimiques dans tout le corps. Donc, s&#039;il vous arrive d&#039;\u00eatre \u00e9puis\u00e9 en certains nutriments n\u00e9cessaires pour tout augmenter, des niveaux d&#039;\u00e9nergie aux fonctions c\u00e9r\u00e9brales, tout ce que vous avez \u00e0 faire est de les prendre, et vous sentirez une diff\u00e9rence!<\/span><\/p><p style=\"text-align: center;\"><a class=\"buy\" href=\"#buy\"><strong>ALLER ACHETER MAINTENANT<\/strong><\/a><\/p><p><span style=\"color: #000000;\">Et en ce qui concerne les types de produits \u00e0 prendre et qui devrait les prendre, il y a une grande diff\u00e9rence dans chaque groupe, des personnes \u00e2g\u00e9es aux adolescents, et il y a m\u00eame une diff\u00e9rence entre ce qui devrait \u00eatre pris par les hommes et les femmes.<\/span><\/p><p><span style=\"color: #000000;\">Les hommes ont des besoins nutritionnels diff\u00e9rents de ceux des femmes en ce qui concerne la biochimie, principalement en raison de leurs niveaux d&#039;activit\u00e9, de leur masse musculaire et de leurs types d&#039;hormones. <a href=\"https:\/\/www.naturesgiftforlife.com\/fr\/shop\/herbal-male-fertility\/\">NG4L<\/a> propose la Formule Essentielle ULTRA MAN qui contient les ingr\u00e9dients sp\u00e9cifiques \u00e0 la population masculine pour le maintien de la sant\u00e9. La formule masculine comprend des vitamines sp\u00e9cifiques hydrosolubles telles que la vitamine C, la biotine et les sept vitamines B, la thiamine (B-1), la riboflavine (B-2), la niacine (B-3), l&#039;acide pantoth\u00e9nique (B-5) , pyridoxine (B-6) et cyanocobalamine (B-12). Ces nutriments ne sont pas stock\u00e9s dans votre corps en quantit\u00e9s appr\u00e9ciables et doivent \u00eatre remplac\u00e9s tout au long de la journ\u00e9e. Ensuite, il y a les vitamines liposolubles A et E qui sont stock\u00e9es dans un certain nombre d&#039;endroits dans tout le corps, y compris votre tissu adipeux. Votre corps a \u00e9galement besoin de min\u00e9raux comme le zinc et le cuivre pour aider \u00e0 r\u00e9guler la fonction cellulaire et servir de blocs de construction pour vos cellules et vos organes. La formule essentielle NG4L ULTRA MAN contient \u00e9galement des ingr\u00e9dients de sp\u00e9cialit\u00e9 tels que le palmier nain, l&#039;octacosanol, le pollen d&#039;abeille et le ginseng pour aider \u00e0 augmenter et \u00e0 promouvoir l&#039;endurance masculine.<\/span><\/p><p><span style=\"color: #000000;\">En vieillissant, il est tr\u00e8s important de fournir au corps les bons nutriments dans les bonnes proportions! Et prendre un produit comme NG4L ULTRA MAN Essential Formula vous aide \u00e0 rester en bonne sant\u00e9 pendant vos ann\u00e9es de retraite.<\/span><\/p><p><span style=\"color: #000000;\"><strong>Avantage NG4L: <\/strong>NG4L assures you of a high quality Men&#8217;s <a href=\"https:\/\/www.rmbibow.com\/\" target=\"_blank\" rel=\"noopener\">Formule<\/a> pour un usage quotidien<\/span><\/p><p><strong><span class=\"fontstyle2\">PR\u00c9SENTATION\u00a0<\/span><\/strong><span class=\"fontstyle0\"><strong>:<\/strong>\u00a060 comprim\u00e9s dos\u00e9s \u00e0 500 mg<br \/><\/span><\/p><table class=\"NormalTable\"><tbody><tr><td width=\"530\"><span class=\"fontstyle2\">Portion:\u00a0<\/span><span class=\"fontstyle0\">2\u00a0<\/span><span class=\"fontstyle2\">Doses par bo\u00eete\u00a0:\u00a0<\/span><span class=\"fontstyle0\">30<\/span><\/td><\/tr><tr><td width=\"255\"><span class=\"fontstyle2\">Ingr\u00e9dients<\/span><\/td><td width=\"127\"><span class=\"fontstyle2\">Quantit\u00e9 par dose<\/span><\/td><td width=\"147\"><span class=\"fontstyle2\">Dose quotidienne %<\/span><\/td><\/tr><tr><td width=\"255\"><span class=\"fontstyle0\">Vitamine A (ac\u00e9tate de vitamine A)<br \/>Vitamine C (acide ascorbique)<br \/>Calcium (citrate de calcium)<br \/>Vitamine D3 (chol\u00e9calcif\u00e9rol)<br \/>Vitamine E (ac\u00e9tate de di-alpha tocoph\u00e9ryle<br \/>Vitamine B1 (mono-nitrate de thiamine)<br \/>Vitamine B2 (riboflavine)<br \/>Vitamine B6 (chlorure de pyridoxine)<br \/>Vitamine B9 (acide folique)<br \/>Vitamine B3 (niacinamide)<br \/>Vitamine B12 (Cyanocobalamine)<br \/>Vitamine B5 (acide pantoth\u00e9nique)<br \/>Vitamine B8 (biotine)<br \/>Iode (iodure de potassium)<br \/>Magn\u00e9sium (oxyde de magn\u00e9sium)<br \/>Zinc (oxyde de zinc)<br \/>S\u00e9l\u00e9nium ( s\u00e9l\u00e9nium<br \/>amino acid chelate\u00a0)\u00a0Copper (copper amino acid chelate)<br \/>Mangan\u00e8se (ch\u00e9late d&#039;acides amin\u00e9s de mangan\u00e8se)<\/span><\/td><td width=\"127\"><span class=\"fontstyle0\">10 000 UI<br \/>300 mg<br \/>200 mg<br \/>200 UI<br \/>400 UI<br \/>50 mg<br \/>50 mg<br \/>50 mg<br \/>400 mcg<br \/>50 mg<br \/>300 mcg<br \/>30 mg<br \/>250 mcg<br \/>150 mcg<br \/>100 mg<br \/>25 mg<br \/>100 mcg<br \/>2 mg<br \/>5 mg<\/span><\/td><td width=\"147\"><span class=\"fontstyle0\">200<br \/>500<br \/>20<br \/>50<br \/>1333<br \/>3333<br \/>2941<br \/>2500<br \/>100<br \/>250<br \/>5000<br \/>300<br \/>83<br \/>100<br \/>25<br \/>167<br \/>143<br \/>100<br \/>250<\/span><\/td><\/tr><\/tbody><\/table><p><strong><span class=\"fontstyle3\">Multivitamins and minerals NG4L\u2013 NG4L Ultra Man<\/span><\/strong><br \/><span class=\"fontstyle4\"><strong>30<\/strong><br \/><\/span><\/p><table class=\"NormalTable\"><tbody><tr><td width=\"255\"><span class=\"fontstyle0\">Chrome (ch\u00e9late de chrome d&#039;acide amin\u00e9)<br \/>Fruit du palmier nain<br \/>Feuilles de Damiana<br \/>Bitartrate de choline<br \/>Inositol<br \/>acide para-aminobenzo\u00efque<br \/>Acide alpha-lipo\u00efque<br \/>Lut\u00e9ine 5%<br \/>Lycop\u00e8ne 5%<\/span><\/td><td width=\"127\"><span class=\"fontstyle0\">100 mcg<br \/>100 mg<br \/>70 mg<br \/>10 mg<br \/>10 mg<br \/>10 mg<br \/>5 mg<br \/>25 mg<br \/>25 mcg<\/span><\/td><td width=\"147\"><span class=\"fontstyle0\">83<br \/>*<br \/>*<br \/>*<br \/>*<br \/>*<br \/>*<br \/>*<br \/>*<\/span><\/td><\/tr><tr><td width=\"530\"><span class=\"fontstyle0\">* Valeur quotidienne non \u00e9tablie<\/span><\/td><\/tr><tr><td width=\"530\"><span class=\"fontstyle0\">Autres ingr\u00e9dients : croscarmellose sodique, cellulose microcristalline,<br \/>hydroxypropylcellulose, acide st\u00e9arique, st\u00e9arate de magn\u00e9sium, dioxyde de silice,<br \/>Titanium\u00a0Dioxide\u00a0, FD&amp;C Blue # 1 Lake, Edible Triacetin.<\/span><\/td><\/tr><\/tbody><\/table><p><span style=\"color: #000000;\"><strong>Les directions: <\/strong>Les adultes prennent un comprim\u00e9 par jour de pr\u00e9f\u00e9rence avec un repas<\/span><\/p><\/div>\n\t\t\t\t<\/div>\n\t\t\t\t\t\t\t<div class=\"elementor-toggle-item\">\n\t\t\t\t\t<h2 id=\"elementor-tab-title-2262\" class=\"elementor-tab-title\" data-tab=\"2\" role=\"button\" aria-controls=\"elementor-tab-content-2262\" aria-expanded=\"false\">\n\t\t\t\t\t\t\t\t\t\t\t\t<span class=\"elementor-toggle-icon elementor-toggle-icon-left\" aria-hidden=\"true\">\n\t\t\t\t\t\t\t\t\t\t\t\t\t\t\t<span class=\"elementor-toggle-icon-closed\"><i class=\"far fa-caret-square-right\"><\/i><\/span>\n\t\t\t\t\t\t\t\t<span class=\"elementor-toggle-icon-opened\"><i class=\"elementor-toggle-icon-opened fas fa-caret-square-up\"><\/i><\/span>\n\t\t\t\t\t\t\t\t\t\t\t\t\t<\/span>\n\t\t\t\t\t\t\t\t\t\t\t\t<a class=\"elementor-toggle-title\" tabindex=\"0\">..<\/a>\n\t\t\t\t\t<\/h2>\n\n\t\t\t\t\t<div id=\"elementor-tab-content-2262\" class=\"elementor-tab-content elementor-clearfix\" data-tab=\"2\" role=\"region\" aria-labelledby=\"elementor-tab-title-2262\"><\/div>\n\t\t\t\t<\/div>\n\t\t\t\t\t\t\t\t<\/div>\n\t\t\t\t\t\t<\/div>\n\t\t\t\t<\/div>\n\t\t\t\t\t<\/div>\n\t\t<\/div>\n\t\t\t\t\t<\/div>\n\t\t<\/section>\n\t\t\t\t<\/div>","protected":false},"excerpt":{"rendered":"<p><a name=\"buy\"><\/a><\/p>\n<ul>\n<li><strong><span style=\"font-family: go;\">Aide \u00e0 prolonger une bonne sant\u00e9 pendant vos ann\u00e9es de retraite.<\/span><\/strong><\/li>\n<li><strong><span style=\"font-family: go;\">Une combinaison unique de lycop\u00e8ne, de s\u00e9l\u00e9nium, de vitamine E et de zinc pour la sant\u00e9 de la prostate<\/span><\/strong><\/li>\n<\/ul>\n<p><strong>\u00a0\u00a0\u00a0\u00a0\u00a0 &gt;&gt;&gt;<span style=\"font-family: go; font-size: 14pt;\"><a href=\"#more\"><span style=\"color: #0000ff;\">Lire la suite<\/span><\/a><\/span><\/strong><\/p>","protected":false},"featured_media":11108,"comment_status":"open","ping_status":"closed","template":"","meta":{"nf_dc_page":"","_bbp_topic_count":0,"_bbp_reply_count":0,"_bbp_total_topic_count":0,"_bbp_total_reply_count":0,"_bbp_voice_count":0,"_bbp_anonymous_reply_count":0,"_bbp_topic_count_hidden":0,"_bbp_reply_count_hidden":0,"_bbp_forum_subforum_count":0},"product_brand":[],"product_cat":[33,21],"product_tag":[],"class_list":{"0":"post-1167","1":"product","2":"type-product","3":"status-publish","4":"has-post-thumbnail","6":"product_cat-all-products","7":"product_cat-multi-vitamins-2","9":"first","10":"outofstock","11":"shipping-taxable","12":"purchasable","13":"product-type-simple"},"bundled_by":["2497"],"bundle_stock_status":"outofstock","bundle_stock_quantity":0,"bundle_virtual":false,"bundle_layout":"","bundle_add_to_cart_form_location":"","bundle_editable_in_cart":false,"bundle_sold_individually_context":"","bundle_item_grouping":"","bundle_min_size":"","bundle_max_size":"","bundled_items":[],"bundle_sell_ids":[],"_links":{"self":[{"href":"https:\/\/www.naturesgiftforlife.com\/fr\/wp-json\/wp\/v2\/product\/1167","targetHints":{"allow":["GET"]}}],"collection":[{"href":"https:\/\/www.naturesgiftforlife.com\/fr\/wp-json\/wp\/v2\/product"}],"about":[{"href":"https:\/\/www.naturesgiftforlife.com\/fr\/wp-json\/wp\/v2\/types\/product"}],"replies":[{"embeddable":true,"href":"https:\/\/www.naturesgiftforlife.com\/fr\/wp-json\/wp\/v2\/comments?post=1167"}],"version-history":[{"count":0,"href":"https:\/\/www.naturesgiftforlife.com\/fr\/wp-json\/wp\/v2\/product\/1167\/revisions"}],"wp:featuredmedia":[{"embeddable":true,"href":"https:\/\/www.naturesgiftforlife.com\/fr\/wp-json\/wp\/v2\/media\/11108"}],"wp:attachment":[{"href":"https:\/\/www.naturesgiftforlife.com\/fr\/wp-json\/wp\/v2\/media?parent=1167"}],"wp:term":[{"taxonomy":"product_brand","embeddable":true,"href":"https:\/\/www.naturesgiftforlife.com\/fr\/wp-json\/wp\/v2\/product_brand?post=1167"},{"taxonomy":"product_cat","embeddable":true,"href":"https:\/\/www.naturesgiftforlife.com\/fr\/wp-json\/wp\/v2\/product_cat?post=1167"},{"taxonomy":"product_tag","embeddable":true,"href":"https:\/\/www.naturesgiftforlife.com\/fr\/wp-json\/wp\/v2\/product_tag?post=1167"}],"curies":[{"name":"wp","href":"https:\/\/api.w.org\/{rel}","templated":true}]}}