{"id":1165,"date":"2020-08-26T10:28:06","date_gmt":"2020-08-26T10:28:06","guid":{"rendered":"http:\/\/www.livehealthylivehappy.com\/new\/?post_type=product&#038;p=1165"},"modified":"2026-04-19T09:12:21","modified_gmt":"2026-04-19T09:12:21","slug":"ultra-woman","status":"publish","type":"product","link":"https:\/\/www.naturesgiftforlife.com\/fr\/shop\/ultra-woman\/","title":{"rendered":"Ultra Woman (Multi-Vitamin)"},"content":{"rendered":"<div data-elementor-type=\"wp-post\" data-elementor-id=\"1165\" class=\"elementor elementor-1165\">\n\t\t\t\t\t\t<section class=\"elementor-section elementor-top-section elementor-element elementor-element-b3ff34f elementor-section-boxed elementor-section-height-default elementor-section-height-default\" data-id=\"b3ff34f\" data-element_type=\"section\" data-e-type=\"section\">\n\t\t\t\t\t\t<div class=\"elementor-container elementor-column-gap-default\">\n\t\t\t\t\t<div class=\"elementor-column elementor-col-100 elementor-top-column elementor-element elementor-element-07188c6\" data-id=\"07188c6\" data-element_type=\"column\" data-e-type=\"column\">\n\t\t\t<div class=\"elementor-widget-wrap elementor-element-populated\">\n\t\t\t\t\t\t<div class=\"elementor-element elementor-element-e460233 elementor-widget elementor-widget-html\" data-id=\"e460233\" data-element_type=\"widget\" data-e-type=\"widget\" data-widget_type=\"html.default\">\n\t\t\t\t<div class=\"elementor-widget-container\">\n\t\t\t\t\t<a name=\"more\"><\/a>\t\t\t\t<\/div>\n\t\t\t\t<\/div>\n\t\t\t\t<div class=\"elementor-element elementor-element-ed9ec1a elementor-invisible elementor-widget elementor-widget-toggle\" data-id=\"ed9ec1a\" data-element_type=\"widget\" data-e-type=\"widget\" data-settings=\"{&quot;_animation&quot;:&quot;flash&quot;}\" data-widget_type=\"toggle.default\">\n\t\t\t\t<div class=\"elementor-widget-container\">\n\t\t\t\t\t\t\t<div class=\"elementor-toggle\">\n\t\t\t\t\t\t\t<div class=\"elementor-toggle-item\">\n\t\t\t\t\t<div id=\"elementor-tab-title-2491\" class=\"elementor-tab-title\" data-tab=\"1\" role=\"button\" aria-controls=\"elementor-tab-content-2491\" aria-expanded=\"false\">\n\t\t\t\t\t\t\t\t\t\t\t\t<span class=\"elementor-toggle-icon elementor-toggle-icon-left\" aria-hidden=\"true\">\n\t\t\t\t\t\t\t\t\t\t\t\t\t\t\t<span class=\"elementor-toggle-icon-closed\"><i class=\"far fa-caret-square-right\"><\/i><\/span>\n\t\t\t\t\t\t\t\t<span class=\"elementor-toggle-icon-opened\"><i class=\"elementor-toggle-icon-opened fas fa-caret-square-up\"><\/i><\/span>\n\t\t\t\t\t\t\t\t\t\t\t\t\t<\/span>\n\t\t\t\t\t\t\t\t\t\t\t\t<a class=\"elementor-toggle-title\" tabindex=\"0\">Description d\u00e9taill\u00e9e du produit \/ faits sur les suppl\u00e9ments<\/a>\n\t\t\t\t\t<\/div>\n\n\t\t\t\t\t<div id=\"elementor-tab-content-2491\" class=\"elementor-tab-content elementor-clearfix\" data-tab=\"1\" role=\"region\" aria-labelledby=\"elementor-tab-title-2491\"><p style=\"text-align: center;\"><span style=\"color: #000000;\"><strong>Une formule compl\u00e8te de vitamines, de min\u00e9raux et d&#039;herbes pour les femmes<\/strong><\/span><\/p><p><span style=\"color: #000000;\"><strong>\u00a0<\/strong><strong>Avantages:<\/strong><\/span><\/p><ul><li><span style=\"color: #000000;\"><a href=\"https:\/\/www.rmbibow.com\/rmb-body-butter\/\" target=\"_blank\" rel=\"noopener\">NG4L<\/a> assures you of a high quality Women\u2019s formula for every woman\u2019s needs!<\/span><\/li><li><span style=\"color: #000000;\">Riche en nutriments tels que la vitamine E et l&#039;huile de bourrache qui aident le corps \u00e0 produire les hormones n\u00e9cessaires pour maintenir un cycle sain.<\/span><\/li><li><span style=\"color: #000000;\">Contient des vitamines B qui maintiennent les niveaux d&#039;\u00e9nergie en aidant le corps \u00e0 utiliser les nutriments contenus dans les aliments.<\/span><\/li><li><span style=\"color: #000000;\">Contient des nutriments connus pour aider les femmes \u00e0 faire face au stress de leur routine quotidienne et \u00e0 rester en bonne sant\u00e9 longtemps dans leurs ann\u00e9es de retraite.<\/span><\/li><li><span style=\"color: #000000;\">Prot\u00e8ge les cellules des radicaux libres avec Antioxydant <a href=\"https:\/\/www.naturesgiftforlife.com\/fr\/shop\/ng4l-roots\/\">Vitamines<\/a> A, C et E.<\/span><\/li><li><span style=\"color: #000000;\">100% Valeur quotidienne de l&#039;acide folique pour r\u00e9duire le risque de malformations cong\u00e9nitales du cerveau et de la colonne vert\u00e9brale.<\/span><\/li><li><span style=\"color: #000000;\">Has Iron and Calcium &#8211; Very important in maintaining bone health and the body\u2019s ability to carry oxygen.<\/span><\/li><li><span style=\"color: #000000;\">Aide \u00e9galement \u00e0 une vari\u00e9t\u00e9 de processus biologiques tels que la digestion, la vigilance mentale et la r\u00e9sistance aux infections.<\/span><\/li><li><span style=\"color: #000000;\">Supports Bone Strength with Bone Building Nutrients including Calcium, Magnesium, Vitamin D and an appropriate level of Vitamin A. You may not know that as early as your 30&#8217;s, women can start losing bone mass<\/span><\/li><li><span style=\"color: #000000;\">Promotes a Healthy Reproductive System as a woman&#8217;s body changes, with Folic Acid, Vitamins B6, B12, Magnesium, Zinc and Calcium. Provides nutritional support during PMS, Oral Contraceptive use, and Menopause.<\/span><\/li><\/ul><p style=\"text-align: center;\"><a class=\"buy\" href=\"#buy\"><strong>ALLER ACHETER MAINTENANT<\/strong><\/a><\/p><p><span style=\"color: #000000;\"><strong>Pr\u00e9sentation du produit: <\/strong>Vitamin and mineral products are more important than ever in today\u2019s fast-paced world. Not only are we moving at the speed of light, but also along the way we are exposed to a myriad of toxic waste that has become a part of our everyday modern lives!<\/span><\/p><p><span style=\"color: #000000;\">Good nutrition helps to protect us from the environment and aging, if all the nutrient co-factors are \u2018in play\u2019. Can we get all the nutrients that we need from food? Well, it is just a plain hard fact that food just isn\u2019t what is used to be 100 years, or even 50 years ago. The plants that many foods are derived from are grown in other countries where they are stored for months at a time, and loose nutrient content through oxidation. And here in the U.S. it has become commonplace to grow foods in nutrient depleted fields year after year. Unfortunately there aren\u2019t a lot of studies that show that the decrease in nutrient content in our overall diet is causing sub clinical disease states that doctors find hard to deal with and treat. However, major medical institutions like the Mayo Clinic and the main stream medical Journals are now finally seeing that there is scientific evidence that shows taking a good multi vitamin and mineral product helps to control some of the medical problems that they have found did not respond other types of treatment.<\/span><\/p><p style=\"text-align: center;\"><a class=\"buy\" href=\"#buy\"><strong>ALLER ACHETER MAINTENANT<\/strong><\/a><\/p><p><span style=\"color: #000000;\">C&#039;est un fait bien connu que les vitamines et les min\u00e9raux dans les bonnes quantit\u00e9s sont n\u00e9cessaires pour une vari\u00e9t\u00e9 de processus biologiques qui incluent, mais sans s&#039;y limiter, la croissance, la digestion, la vigilance mentale et la r\u00e9sistance aux infections. Des nutriments sp\u00e9cifiques permettent \u00e0 votre corps d&#039;utiliser les glucides, les graisses et les prot\u00e9ines car ils agissent comme des catalyseurs qui initient ou acc\u00e9l\u00e8rent les r\u00e9actions chimiques dans tout le corps. Donc, s&#039;il vous arrive d&#039;\u00eatre \u00e9puis\u00e9 en certains nutriments qui sont n\u00e9cessaires pour tout augmenter, des niveaux d&#039;\u00e9nergie aux fonctions c\u00e9r\u00e9brales, tout ce que vous avez \u00e0 faire est de les prendre, et vous sentirez une diff\u00e9rence ! <\/span><br \/><span style=\"color: #000000;\">Et en ce qui concerne les types de produits \u00e0 prendre et qui devrait les prendre, il y a une grande diff\u00e9rence dans chaque groupe, des personnes \u00e2g\u00e9es aux adolescents, et il y a m\u00eame une diff\u00e9rence entre ce qui devrait \u00eatre pris par les hommes et les femmes.<\/span><\/p><p><span style=\"color: #000000;\">On sait depuis longtemps que les femmes ont des besoins nutritionnels diff\u00e9rents de ceux des hommes. Il y a des \u00e9v\u00e9nements sp\u00e9cifiques dans la vie d&#039;une femme qui l&#039;obligeront \u00e0 avoir certains types de nutriments dans son alimentation qui l&#039;aideront \u00e0 maintenir sa sant\u00e9. Des nutriments tels que la vitamine E et l&#039;huile de bourrache aident le corps \u00e0 produire les hormones n\u00e9cessaires au maintien d&#039;un cycle sain et favorisent une communication saine entre les cellules. Les vitamines B aident \u00e0 maintenir les niveaux d&#039;\u00e9nergie en aidant le corps \u00e0 utiliser les nutriments pr\u00e9sents dans les aliments. Le fer et le calcium sont tr\u00e8s importants pour maintenir la sant\u00e9 des os et la capacit\u00e9 du corps \u00e0 transporter l&#039;oxyg\u00e8ne.<\/span><\/p><p style=\"text-align: center;\"><a class=\"buy\" href=\"#buy\"><strong>ALLER ACHETER MAINTENANT<\/strong><\/a><\/p><p><span style=\"color: #000000;\">Ces deux nutriments \u00e0 eux seuls comprennent certains des nutriments les plus discut\u00e9s qui sont une n\u00e9cessit\u00e9 absolue dans le r\u00e9gime alimentaire de toute femme! La formule NG4L Ultra Woman&#039;s Essentials contient les nutriments connus pour aider toute femme \u00e0 faire face au stress de sa routine quotidienne et \u00e0 rester en bonne sant\u00e9 longtemps apr\u00e8s ses ann\u00e9es de retraite.<\/span><\/p><p><span style=\"color: #000000;\"><strong>Avantage NG4L: <\/strong>NG4L assures you of a high quality Women&#8217;s Formula for every woman\u2019s need!<\/span><\/p><p><span style=\"color: #000000;\"><strong>Les directions: <\/strong>Les adultes prennent un comprim\u00e9 par jour de pr\u00e9f\u00e9rence avec un repas<\/span><\/p><p><span style=\"color: #000000;\"><strong>Attention: <\/strong>Le surdosage accidentel de produits contenant du fer est l&#039;une des principales causes d&#039;intoxication mortelle chez les enfants de moins de 6 ans. Gardez ce produit hors de port\u00e9e des enfants. En cas de surdosage accidentel, appelez imm\u00e9diatement un m\u00e9decin ou un centre antipoison.<\/span><\/p><p><span style=\"color: #000000;\"><strong>PR\u00c9SENTATION:<\/strong> 60 Comprim\u00e9s de 500 mg. <strong><span style=\"color: #000000;\">:<\/span> <\/strong><\/span><\/p><table width=\"612\"><tbody><tr><td width=\"406\"><p><span style=\"color: #000000;\"><strong>Portion : 2 doses par bo\u00eete : 30<\/strong><\/span><\/p><\/td><td colspan=\"2\" width=\"206\">\u00a0<\/td><\/tr><tr><td width=\"406\"><p><span style=\"color: #000000;\"><strong>Ingr\u00e9dients <\/strong><\/span><\/p><\/td><td width=\"111\"><p><span style=\"color: #000000;\"><strong>Quantit\u00e9 par dose <\/strong><\/span><\/p><\/td><td width=\"94\"><p><span style=\"color: #000000;\"><strong>%Daily Dose<\/strong><\/span><\/p><\/td><\/tr><tr><td width=\"406\"><p><span style=\"color: #000000;\">Vitamine A (b\u00eata-carot\u00e8ne)<\/span><br \/><span style=\"color: #000000;\">Vitamine C (acide ascorbique)<\/span><br \/><span style=\"color: #000000;\">Vitamine D3 (chol\u00e9calcif\u00e9rol)<\/span><br \/><span style=\"color: #000000;\">Vitamine E (di-alpha tocoph\u00e9ryl-ac\u00e9tate)<\/span><br \/><span style=\"color: #000000;\">Vitamine B1 (mono-nitrate de thiamine)<\/span><br \/><span style=\"color: #000000;\">Vitamine B2 (riboflavine)<\/span><br \/><span style=\"color: #000000;\">Vitamine B3 (niacinamide)<\/span><br \/><span style=\"color: #000000;\">Vitamine B6 (chlorhydrate de pyridoxine)<\/span><br \/><span style=\"color: #000000;\">Vitamine B9 (acide folique)<\/span><br \/><span style=\"color: #000000;\">Vitamine B12 (Cyanocobalamine)<\/span><br \/><span style=\"color: #000000;\">Vitamine B8 (biotine)<\/span><br \/><span style=\"color: #000000;\">Vitamine B5 (acide D-calcium pantoth\u00e9nique)<\/span><br \/><span style=\"color: #000000;\">Calcium (carbonate de calcium, citrate<\/span><br \/><span style=\"color: #000000;\">Calcium et mal\u00e9ate de calcium<\/span><br \/><span style=\"color: #000000;\">Fer (fumarate de fer)<\/span><br \/><span style=\"color: #000000;\">Potassium (iodure de potassium)<\/span><br \/><span style=\"color: #000000;\">Magn\u00e9sium (oxyde de magn\u00e9sium)<\/span><br \/><span style=\"color: #000000;\">Zinc (oxyde de zinc)<\/span><br \/><span style=\"color: #000000;\">S\u00e9l\u00e9nium (L-S\u00e9l\u00e9nom\u00e9thionine)<\/span><\/p><\/td><td width=\"111\"><p><span style=\"color: #000000;\">1000UI<\/span><br \/><span style=\"color: #000000;\">250 mg<\/span><br \/><span style=\"color: #000000;\">200 UI<\/span><br \/><span style=\"color: #000000;\">400 UI<\/span><br \/><span style=\"color: #000000;\">80 mg<\/span><br \/><span style=\"color: #000000;\">80 mg<\/span><br \/><span style=\"color: #000000;\">80 mg<\/span><br \/><span style=\"color: #000000;\">80 mg<\/span><br \/><span style=\"color: #000000;\">400 mcg<\/span><br \/><span style=\"color: #000000;\">500 mcg<\/span><br \/><span style=\"color: #000000;\">300 mcg<\/span><br \/><span style=\"color: #000000;\">80 mg<\/span><br \/><span style=\"color: #000000;\">500 mg<\/span><br \/><span style=\"color: #000000;\">18 mg<\/span><br \/><span style=\"color: #000000;\">150 mcg<\/span><br \/><span style=\"color: #000000;\">250 mg<\/span><br \/><span style=\"color: #000000;\">25 mg<\/span><br \/><span style=\"color: #000000;\">100mcg<\/span><\/p><\/td><td width=\"94\"><p><span style=\"color: #000000;\">200<\/span><br \/><span style=\"color: #000000;\">417<\/span><br \/><span style=\"color: #000000;\">50<\/span><br \/><span style=\"color: #000000;\">1333<\/span><br \/><span style=\"color: #000000;\">5333<\/span><br \/><span style=\"color: #000000;\">4705<\/span><br \/><span style=\"color: #000000;\">400<\/span><br \/><span style=\"color: #000000;\">4000<\/span><br \/><span style=\"color: #000000;\">100<\/span><br \/><span style=\"color: #000000;\">8333<\/span><br \/><span style=\"color: #000000;\">100<\/span><br \/><span style=\"color: #000000;\">800<\/span><br \/><span style=\"color: #000000;\">50<\/span><br \/><span style=\"color: #000000;\">100<\/span><br \/><span style=\"color: #000000;\">100<\/span><br \/><span style=\"color: #000000;\">67<\/span><br \/><span style=\"color: #000000;\">166<\/span><br \/><span style=\"color: #000000;\">100<\/span><\/p><\/td><\/tr><tr><td width=\"406\"><p><span style=\"color: #000000;\">Cuivre (Ch\u00e9late d&#039;acides amin\u00e9s de cuivre)<\/span><br \/><span style=\"color: #000000;\">Mangan\u00e8se (ch\u00e9late d&#039;acide amin\u00e9 de mangan\u00e8se)<\/span><br \/><span style=\"color: #000000;\">Chrome (picolinate de chrome)<\/span><br \/><span style=\"color: #000000;\">Molybd\u00e8ne (ch\u00e9late d&#039;acides amin\u00e9s de molybd\u00e8ne)<\/span><br \/><span style=\"color: #000000;\">Bioflavono\u00efdes d&#039;agrumes<\/span><br \/><span style=\"color: #000000;\">Inositol<\/span><br \/><span style=\"color: #000000;\">PABA (Acide para-amino-benzo\u00efque)<\/span><br \/><span style=\"color: #000000;\">Bore (ch\u00e9late d&#039;acides amin\u00e9s de bore)<\/span><br \/><span style=\"color: #000000;\">Lut\u00e9ine 5%<\/span><br \/><span style=\"color: #000000;\">Lycop\u00e8ne 5%<\/span><br \/><span style=\"color: #000000;\">Poudre de jus de canneberge<\/span><br \/><span style=\"color: #000000;\">Bitartrate de choline<\/span><\/p><\/td><td width=\"111\"><p><span style=\"color: #000000;\">2 mg<\/span><br \/><span style=\"color: #000000;\">5 mg<\/span><br \/><span style=\"color: #000000;\">100 mcg<\/span><br \/><span style=\"color: #000000;\">50 mcg<\/span><br \/><span style=\"color: #000000;\">25 mg<\/span><br \/><span style=\"color: #000000;\">10 mg<\/span><br \/><span style=\"color: #000000;\">10 mg<\/span><br \/><span style=\"color: #000000;\">2 mg<\/span><br \/><span style=\"color: #000000;\">500 mcg<\/span><br \/><span style=\"color: #000000;\">250 mcg<\/span><br \/><span style=\"color: #000000;\">10 mg<\/span><br \/><span style=\"color: #000000;\">10 mg<\/span><\/p><\/td><td width=\"94\"><p><span style=\"color: #000000;\">100<\/span><br \/><span style=\"color: #000000;\">250<\/span><br \/><span style=\"color: #000000;\">83<\/span><br \/><span style=\"color: #000000;\">67<\/span><br \/><span style=\"color: #000000;\">*<\/span><br \/><span style=\"color: #000000;\">*<\/span><br \/><span style=\"color: #000000;\">*<\/span><br \/><span style=\"color: #000000;\">*<\/span><br \/><span style=\"color: #000000;\">*<\/span><br \/><span style=\"color: #000000;\">*<\/span><br \/><span style=\"color: #000000;\">*<\/span><br \/><span style=\"color: #000000;\">*<\/span><\/p><\/td><\/tr><tr><td width=\"406\"><p><span style=\"color: #000000;\">*Valeur quotidienne non \u00e9tablie<\/span><\/p><\/td><td width=\"111\">\u00a0<\/td><td width=\"94\">\u00a0<\/td><\/tr><tr><td colspan=\"3\" width=\"612\"><p><span style=\"color: #000000;\">Autres ingr\u00e9dients : Croscarmellose sodique, cellulose microcristalline<em>, <\/em>perte de cellules hydroxypropyliques, acide st\u00e9arique, st\u00e9arate de magn\u00e9sium, dioxyde de silice, dioxyde de titane, laque rouge FD&amp;C#40, laque FD&amp;C jaune#6, triac\u00e9tine comestible.<\/span><\/p><\/td><\/tr><\/tbody><\/table><p><span style=\"color: #000000;\"><strong>\u00a0<\/strong><\/span><\/p><\/div>\n\t\t\t\t<\/div>\n\t\t\t\t\t\t\t<div class=\"elementor-toggle-item\">\n\t\t\t\t\t<div id=\"elementor-tab-title-2492\" class=\"elementor-tab-title\" data-tab=\"2\" role=\"button\" aria-controls=\"elementor-tab-content-2492\" aria-expanded=\"false\">\n\t\t\t\t\t\t\t\t\t\t\t\t<span class=\"elementor-toggle-icon elementor-toggle-icon-left\" aria-hidden=\"true\">\n\t\t\t\t\t\t\t\t\t\t\t\t\t\t\t<span class=\"elementor-toggle-icon-closed\"><i class=\"far fa-caret-square-right\"><\/i><\/span>\n\t\t\t\t\t\t\t\t<span class=\"elementor-toggle-icon-opened\"><i class=\"elementor-toggle-icon-opened fas fa-caret-square-up\"><\/i><\/span>\n\t\t\t\t\t\t\t\t\t\t\t\t\t<\/span>\n\t\t\t\t\t\t\t\t\t\t\t\t<a class=\"elementor-toggle-title\" tabindex=\"0\">..<\/a>\n\t\t\t\t\t<\/div>\n\n\t\t\t\t\t<div id=\"elementor-tab-content-2492\" class=\"elementor-tab-content elementor-clearfix\" data-tab=\"2\" role=\"region\" aria-labelledby=\"elementor-tab-title-2492\"><\/div>\n\t\t\t\t<\/div>\n\t\t\t\t\t\t\t\t<\/div>\n\t\t\t\t\t\t<\/div>\n\t\t\t\t<\/div>\n\t\t\t\t\t<\/div>\n\t\t<\/div>\n\t\t\t\t\t<\/div>\n\t\t<\/section>\n\t\t\t\t<\/div>","protected":false},"excerpt":{"rendered":"<p><a name=\"buy\"><\/a><\/p>\n<ul>\n<li>Ultra femme<\/li>\n<li><strong><span style=\"font-family: go;\">Contient des vitamines B qui maintiennent les niveaux d&#039;\u00e9nergie en aidant le corps \u00e0 utiliser les nutriments contenus dans les aliments.<\/span><\/strong><\/li>\n<li><strong><span style=\"font-family: go;\">Prot\u00e8ge les cellules des radicaux libres gr\u00e2ce aux vitamines antioxydantes A, C et E<\/span><\/strong><\/li>\n<\/ul>\n<p><strong>\u00a0\u00a0\u00a0\u00a0\u00a0 &gt;&gt;&gt;<span style=\"font-family: go; font-size: 14pt;\"><a href=\"#more\"><span style=\"color: #0000ff;\">Lire la suite<\/span><\/a><\/span><\/strong><\/p>","protected":false},"featured_media":11512,"comment_status":"open","ping_status":"closed","template":"","meta":{"nf_dc_page":"","_bbp_topic_count":0,"_bbp_reply_count":0,"_bbp_total_topic_count":0,"_bbp_total_reply_count":0,"_bbp_voice_count":0,"_bbp_anonymous_reply_count":0,"_bbp_topic_count_hidden":0,"_bbp_reply_count_hidden":0,"_bbp_forum_subforum_count":0},"product_brand":[],"product_cat":[33,21],"product_tag":[],"class_list":{"0":"post-1165","1":"product","2":"type-product","3":"status-publish","4":"has-post-thumbnail","6":"product_cat-all-products","7":"product_cat-multi-vitamins-2","9":"first","10":"outofstock","11":"shipping-taxable","12":"purchasable","13":"product-type-simple"},"bundled_by":["3312"],"bundle_stock_status":"outofstock","bundle_stock_quantity":0,"bundle_virtual":false,"bundle_layout":"","bundle_add_to_cart_form_location":"","bundle_editable_in_cart":false,"bundle_sold_individually_context":"","bundle_item_grouping":"","bundle_min_size":"","bundle_max_size":"","bundled_items":[],"bundle_sell_ids":[],"_links":{"self":[{"href":"https:\/\/www.naturesgiftforlife.com\/fr\/wp-json\/wp\/v2\/product\/1165","targetHints":{"allow":["GET"]}}],"collection":[{"href":"https:\/\/www.naturesgiftforlife.com\/fr\/wp-json\/wp\/v2\/product"}],"about":[{"href":"https:\/\/www.naturesgiftforlife.com\/fr\/wp-json\/wp\/v2\/types\/product"}],"replies":[{"embeddable":true,"href":"https:\/\/www.naturesgiftforlife.com\/fr\/wp-json\/wp\/v2\/comments?post=1165"}],"version-history":[{"count":0,"href":"https:\/\/www.naturesgiftforlife.com\/fr\/wp-json\/wp\/v2\/product\/1165\/revisions"}],"wp:featuredmedia":[{"embeddable":true,"href":"https:\/\/www.naturesgiftforlife.com\/fr\/wp-json\/wp\/v2\/media\/11512"}],"wp:attachment":[{"href":"https:\/\/www.naturesgiftforlife.com\/fr\/wp-json\/wp\/v2\/media?parent=1165"}],"wp:term":[{"taxonomy":"product_brand","embeddable":true,"href":"https:\/\/www.naturesgiftforlife.com\/fr\/wp-json\/wp\/v2\/product_brand?post=1165"},{"taxonomy":"product_cat","embeddable":true,"href":"https:\/\/www.naturesgiftforlife.com\/fr\/wp-json\/wp\/v2\/product_cat?post=1165"},{"taxonomy":"product_tag","embeddable":true,"href":"https:\/\/www.naturesgiftforlife.com\/fr\/wp-json\/wp\/v2\/product_tag?post=1165"}],"curies":[{"name":"wp","href":"https:\/\/api.w.org\/{rel}","templated":true}]}}