{"id":10662,"date":"2021-02-07T11:07:44","date_gmt":"2021-02-07T11:07:44","guid":{"rendered":"https:\/\/www.naturesgiftforlife.com\/?post_type=product&#038;p=10662"},"modified":"2023-08-23T16:34:43","modified_gmt":"2023-08-23T16:34:43","slug":"bilberry-leaf","status":"publish","type":"product","link":"https:\/\/www.naturesgiftforlife.com\/fr\/shop\/bilberry-leaf\/","title":{"rendered":"Feuille de myrtille"},"content":{"rendered":"<div data-elementor-type=\"wp-post\" data-elementor-id=\"10662\" class=\"elementor elementor-10662\">\n\t\t\t\t\t\t<section class=\"elementor-section elementor-top-section elementor-element elementor-element-4791ed0 elementor-section-boxed elementor-section-height-default elementor-section-height-default\" data-id=\"4791ed0\" data-element_type=\"section\" data-e-type=\"section\">\n\t\t\t\t\t\t<div class=\"elementor-container elementor-column-gap-default\">\n\t\t\t\t\t<div class=\"elementor-column elementor-col-100 elementor-top-column elementor-element elementor-element-c1a3f01\" data-id=\"c1a3f01\" data-element_type=\"column\" data-e-type=\"column\">\n\t\t\t<div class=\"elementor-widget-wrap elementor-element-populated\">\n\t\t\t\t\t\t<div class=\"elementor-element elementor-element-fbc3c01 elementor-widget elementor-widget-html\" data-id=\"fbc3c01\" data-element_type=\"widget\" data-e-type=\"widget\" data-widget_type=\"html.default\">\n\t\t\t\t<div class=\"elementor-widget-container\">\n\t\t\t\t\t<a name=\"more\"><\/a>\t\t\t\t<\/div>\n\t\t\t\t<\/div>\n\t\t\t\t<div class=\"elementor-element elementor-element-3fddbce elementor-invisible elementor-widget elementor-widget-toggle\" data-id=\"3fddbce\" data-element_type=\"widget\" data-e-type=\"widget\" data-settings=\"{&quot;_animation&quot;:&quot;flash&quot;}\" data-widget_type=\"toggle.default\">\n\t\t\t\t<div class=\"elementor-widget-container\">\n\t\t\t\t\t\t\t<div class=\"elementor-toggle\">\n\t\t\t\t\t\t\t<div class=\"elementor-toggle-item\">\n\t\t\t\t\t<h2 id=\"elementor-tab-title-6691\" class=\"elementor-tab-title\" data-tab=\"1\" role=\"button\" aria-controls=\"elementor-tab-content-6691\" aria-expanded=\"false\">\n\t\t\t\t\t\t\t\t\t\t\t\t<span class=\"elementor-toggle-icon elementor-toggle-icon-left\" aria-hidden=\"true\">\n\t\t\t\t\t\t\t\t\t\t\t\t\t\t\t<span class=\"elementor-toggle-icon-closed\"><i class=\"far fa-caret-square-right\"><\/i><\/span>\n\t\t\t\t\t\t\t\t<span class=\"elementor-toggle-icon-opened\"><i class=\"elementor-toggle-icon-opened fas fa-caret-square-up\"><\/i><\/span>\n\t\t\t\t\t\t\t\t\t\t\t\t\t<\/span>\n\t\t\t\t\t\t\t\t\t\t\t\t<a class=\"elementor-toggle-title\" tabindex=\"0\">Description d\u00e9taill\u00e9e du produit \/ faits sur les suppl\u00e9ments<\/a>\n\t\t\t\t\t<\/h2>\n\n\t\t\t\t\t<div id=\"elementor-tab-content-6691\" class=\"elementor-tab-content elementor-clearfix\" data-tab=\"1\" role=\"region\" aria-labelledby=\"elementor-tab-title-6691\"><p><span style=\"color: #000000;\"><strong>Avantages de la feuille de myrtille<\/strong><\/span><\/p><ul><li><span style=\"color: #000000;\">Il a \u00e9t\u00e9 d\u00e9montr\u00e9 que l&#039;extrait de feuille de myrtille aide \u00e0 une gamme de probl\u00e8mes oculaires comme la d\u00e9g\u00e9n\u00e9rescence maculaire, <a href=\"https:\/\/livehealthylivehappy.com\/\" target=\"_blank\" rel=\"noopener\">r\u00e9tinite<\/a> pigmentaire, <a href=\"https:\/\/www.naturesgiftforlife.com\/fr\/shop\/all-products\/vision-saver-formula-2\/\">maculite<\/a>, r\u00e9tinopathie, glaucome et cataracte.<\/span><\/li><li><span style=\"color: #000000;\">La feuille de myrtille am\u00e9liore l&#039;adaptation \u00e0 la lumi\u00e8re et \u00e0 la vision nocturne. Utilis\u00e9 dans le traitement de la c\u00e9cit\u00e9 nocturne.<\/span><\/li><li><span style=\"color: #000000;\">La feuille de myrtille augmente l&#039;activit\u00e9 enzymatique et la production d&#039;\u00e9nergie dans l&#039;\u0153il.<\/span><\/li><li><span style=\"color: #000000;\">La feuille de myrtille aide \u00e0 pr\u00e9venir et \u00e0 traiter les infections des voies urinaires.<\/span><\/li><li><span style=\"color: #000000;\">Myrtille <a href=\"http:\/\/www.stonershouse.us\" target=\"_blank\" rel=\"noopener\">feuille<\/a> contient d&#039;importants anti-oxydants pr\u00e9ventifs et curatifs<a href=\"http:\/\/www.dankvapeshop.net\" target=\"_blank\" rel=\"noopener\">ulc\u00e8re<\/a> activit\u00e9.<\/span><\/li><li><span style=\"color: #000000;\">Il a \u00e9t\u00e9 d\u00e9montr\u00e9 que la feuille de myrtille \u00e9tait b\u00e9n\u00e9fique pour les probl\u00e8mes d&#039;insuffisance circulatoire dans les extr\u00e9mit\u00e9s, y compris les pieds et les jambes, les mains et les bras, ainsi que la r\u00e9gion de la t\u00eate.<\/span><\/li><li><span style=\"color: #000000;\"><a href=\"https:\/\/www.naturesgiftforlife.com\/fr\/shop\/\">Feuille de myrtille<\/a> agit comme un anti-inflammatoire.<\/span><\/li><li><span style=\"color: #000000;\">Bilberry leaf\u00a0 strengthens the entire vascular system and prevents leakage of fluids or cells from capillaries. Promotes general capillary health and is very effective in the treatment of varicose veins, bruising and hemorrhoids.<\/span><\/li><li><span style=\"color: #000000;\">La myrtille inhibe \u00e9galement la d\u00e9gradation des plaquettes sanguines.<\/span><\/li><li><span style=\"color: #000000;\">La myrtille a la capacit\u00e9 de traiter et de pr\u00e9venir les h\u00e9morragies et la formation de caillots sanguins.<\/span><\/li><li><span style=\"color: #000000;\">Utilis\u00e9 comme rem\u00e8de contre l&#039;hypoglyc\u00e9mie du diab\u00e8te, les troubles urinaires les varices<\/span><\/li><li><span style=\"color: #000000;\">Utilis\u00e9 dans le traitement de l&#039;inflammation de la bouche, des infections et des br\u00fblures de la peau, des calculs r\u00e9naux, des calculs biliaires et de l&#039;insuffisance circulatoire, de la diarrh\u00e9e et des troubles intestinaux<\/span><\/li><li><span style=\"color: #000000;\">La myrtille a des effets antifongiques et antibact\u00e9riens<\/span><\/li><\/ul><p style=\"text-align: center;\"><strong><a class=\"buy\" href=\"#buy\">ALLER ACHETER MAINTENANT<\/a>\u00a0<\/strong><\/p><p><span style=\"color: #000000;\"><strong>Aper\u00e7u de la feuille de myrtille<\/strong><\/span><\/p><p><span style=\"color: #000000;\">There are few disabilities that are feared as much as failing vision. About 3.4% of Americans today aged 40 and over have some type of visual impairment. And as with most age-related health conditions rates are expected to double over the next 30 years. Pathologies such as glaucoma, diabetic retinopathy, and macular degeneration are the leading causes of irreversible blindness according to governmental sources. And according to the National Eye Institute, approximately 1.7 million Americans have a specific form of eye problem called age-related macular degeneration (AMD). AMD is characterized by the degradation of the eye&#8217;s macula, which causes blurred vision with progressive loss of vision. The incidence can vary by age, sex and race. Additional pathologies like cataracts also affect more than half of those over age 65. This condition manifests as opaque areas in the eye lens where proteins deform and distort light, clouding vision.<\/span><\/p><p style=\"text-align: center;\"><a class=\"buy\" href=\"#buy\"><strong>ALLER ACHETER MAINTENANT<\/strong><\/a><\/p><p><span style=\"color: #000000;\">So what do you do? The medical profession has not made any significant advances in the area of treating this disease since it became known. And as it is with most answers in life, they are most times right in front of us and we don&#8217;t even know they are there! Again when we look for answers to help us maintain our health, there she is again, Mother Nature. It has been known in certain circles for many years that certain herbs provide the relief that we hope and prey for. And unless you have dealt with eye problems in the past, you may never have heard of an herb called bilberry, it is a relative to the blueberry and the cranberry.<\/span><\/p><p><span style=\"color: #000000;\">La feuille de myrtille (V. myrtillus) pousse abondamment dans les r\u00e9gions montagneuses du Royaume-Uni, de la Sib\u00e9rie et d&#039;autres pays de la CE. C&#039;est un m\u00e9lange naturel des glycosides Cyanidine, Delphinidine et Malvidin. La feuille de myrtille est surtout connue comme sp\u00e9cifique pour les yeux en raison de ses qualit\u00e9s antioxydantes et de ses effets g\u00e9n\u00e9raux sur le syst\u00e8me circulatoire. La feuille de myrtille est utilis\u00e9e depuis le Moyen \u00c2ge lorsque le fruit \u00e9tait utilis\u00e9 pour ses propri\u00e9t\u00e9s astringentes, toniques, antiseptiques et dans le traitement de la diarrh\u00e9e, de la dysenterie, des h\u00e9morro\u00efdes, des infections des voies urinaires, des calculs r\u00e9naux, des inflammations gastro-intestinales et de diverses autres infections.<\/span><\/p><p style=\"text-align: center;\"><a class=\"buy\" href=\"#buy\"><strong>ALLER ACHETER MAINTENANT<\/strong><\/a><\/p><p><span style=\"color: #000000;\">Bilberry&#8217;s modern reputation as a healing plant was sparked during World War II, when British Royal Air Force (RAF) pilots noticed that their night vision was sharper than usual whenever they ate bilberry leaf preserves before starting out on their evening bombing raids. Subsequent research revealed that bilberries are powerful antioxidants, capable of protecting cells in the eye and other parts of the body against damage from unstable oxygen molecules called free radicals.<\/span><\/p><p><span style=\"text-decoration: underline;\"><span style=\"color: #000000;\"><strong>Utilisations m\u00e9dicinales<\/strong><\/span><\/span><\/p><p><span style=\"color: #000000;\"><strong>-Vision<\/strong><\/span><\/p><p><span style=\"color: #000000;\">Researchers intrigued by the improved night vision of the bilberry-eating RAF pilots eventually identified compounds in the berry called anthocyanosides. These substances appear to fortify blood vessel walls, improving blood flow to the tiny blood vessels that keep eyes healthy, as well as to larger blood vessels that help maintain good circulation throughout the body. Anthocyanosides also appear to strengthen collagen, the protein that provides support to healthy connective tissue. Even though the evidence showing that bilberry leaf works for various vision-related problems is still quite weak, the herb&#8217;s popularity persists. The plant appears to assist the retina, the light-sensitive part of the eye, in adjusting quickly to both dark and light.<\/span><\/p><p><span style=\"color: #000000;\">Cette recherche sugg\u00e8re que l&#039;extrait de myrtille peut am\u00e9liorer la fonctionnalit\u00e9 des yeux et d&#039;autres organes en augmentant la capacit\u00e9 des fluides et de la nourriture \u00e0 traverser les veines jusqu&#039;aux capillaires jusqu&#039;\u00e0 leur destination finale.<\/span><\/p><p style=\"text-align: center;\"><a class=\"buy\" href=\"#buy\"><strong>ALLER ACHETER MAINTENANT<\/strong><\/a><\/p><p><span style=\"color: #000000;\">Les herboristes ont \u00e9galement longtemps consid\u00e9r\u00e9 la myrtille utile pour traiter la c\u00e9cit\u00e9 nocturne et la vision diurne alt\u00e9r\u00e9e par l&#039;\u00e9blouissement. Mais alors que certaines \u00e9tudes indiquent au moins une efficacit\u00e9 \u00e0 court terme avec la feuille de myrtille, d&#039;autres ne trouvent aucun avantage par rapport \u00e0 l&#039;utilisation d&#039;un placebo (m\u00e9dicament factice ou pilule de sucre).<\/span><\/p><p><span style=\"color: #000000;\">L&#039;herbe est \u00e9galement tr\u00e8s populaire pour pr\u00e9venir la d\u00e9g\u00e9n\u00e9rescence maculaire, une condition dans laquelle la zone sensible \u00e0 la lumi\u00e8re au centre de la r\u00e9tine se d\u00e9compose. Les recherches relatives \u00e0 son utilisation dans le traitement de l&#039;int\u00e9grit\u00e9 des vaisseaux sanguins et de la vue sont nombreuses.<\/span><\/p><p><span style=\"color: #000000;\">It may also help slow the progression of cataracts, a clouding in the eye&#8217;s lens that is common in older people. In one study of 50 patients with age-related cataracts, it was found that taking bilberry extract along with vitamin E supplements stopped the progression of cataracts in nearly all of the participants. It remains unclear, however, whether the vitamin or the bilberry leaf, or even the combination of the two, was responsible for this beneficial effect.<\/span><\/p><p><span style=\"color: #000000;\">L&#039;herbe s&#039;est \u00e9galement r\u00e9v\u00e9l\u00e9e prometteuse pour att\u00e9nuer les effets de la r\u00e9tinopathie diab\u00e9tique, une maladie oculaire d\u00e9g\u00e9n\u00e9rative qui affecte les personnes atteintes de diab\u00e8te.<\/span><\/p><p><span style=\"color: #000000;\">Des \u00e9tudes men\u00e9es en Italie ont montr\u00e9 que la myrtille peut am\u00e9liorer la circulation dans les yeux, att\u00e9nuant ainsi des conditions telles que le glaucome caus\u00e9 par le diab\u00e8te, la c\u00e9cit\u00e9 diurne, la myopie et la formation de cataracte.<\/span><\/p><p style=\"text-align: center;\"><a class=\"buy\" href=\"#buy\"><strong>ALLER ACHETER MAINTENANT<\/strong><\/a><\/p><p><span style=\"color: #000000;\"><strong>-Les varices et autres probl\u00e8mes circulatoires<\/strong><\/span><\/p><p><span style=\"color: #000000;\">The active ingredients in bilberry leaf appear to enhance blood flow to vessels that circulate blood throughout the body. For this reason, the herb may benefit people suffering from poor circulation in their extremities, painful varicose veins, and hemorrhoids&#8211;all discomforts that can be expected to improve with enhanced circulation. The specific flavonoids in bilberry, which are called anthocyanosides (as described above), not only provide eye tissue support but help to limit calcium deposits and blood clots inside of the arteries. Because of the direct benefit upon the vascular system, bilberry leaf is also very useful in such conditions as leg swelling, varicose veins and even postpartum hemorrhoids.<\/span><\/p><p><span style=\"color: #000000;\">A 1988, single-blind, placebo-controlled study of this herb included 60 patients with poor circulation (or venous insufficiency). The results showed that bilberry leaf extract decreased the participants&#8217; discomfort when taken over a period of 30 days. The study had some design flaws, however, and more research on the subject is clearly needed.<\/span><\/p><p><span style=\"color: #000000;\"><strong>-Diab\u00e8te<\/strong><\/span><\/p><p><span style=\"color: #000000;\">Les feuilles de la plante sont \u00e9galement utilis\u00e9es comme rem\u00e8de contre le diab\u00e8te en raison de leurs propri\u00e9t\u00e9s hypoglyc\u00e9miantes.<\/span><\/p><p><span style=\"color: #000000;\"><strong>Inflammation<\/strong><\/span><\/p><p><span style=\"color: #000000;\">Bilberry leaf has strong anti-inflammatory effects. The other important healing substance in bilberry fruits&#8211;astringent compounds called tannins&#8211;help treat such ailments as diarrhea, sore throat, and inflammations in the mouth. Germany health authorities approve of bilberry fruit for mild cases of diarrhea and mouth and throat inflammation. A cooled tea made from the dried berries can be either drunk or gargled for these purposes. Their infusion or decoctions (teas, or liquid extracts) are used in the topical treatment of eyes and mouth inflammation, skin infections and burns. Today because of the volume of research that has been done, and the positive feedback received as a result of thousands of people using bilberry it has become very popular.<\/span><\/p><p style=\"text-align: center;\"><a class=\"buy\" href=\"#buy\"><strong>ALLER ACHETER MAINTENANT<\/strong><\/a><\/p><p><span style=\"color: #000000;\">Because of its natural abilities bilberry also has been shown to help prevent and treat bruising, general subcutaneous bleeding, and may relieve inflammations such as those that occur in osteoarthritis, rheumatoid arthritis and even gum disease. Since bilberry helps improve circulation, it would stand to make sense that it is very good for wound healing. Wounds heal faster and with less infection. So you can see that bilberry is effective in treating many different pathological states, they all have a common thread in how they present in the body, and the trail ultimately leads back to what the body needs and isn&#8217;t getting to stay healthy. Give the body a standing chance with bilberry, and it will do the rest.<\/span><\/p><p><span style=\"color: #000000;\"><strong>Posologie de la maladie<\/strong><\/span><\/p><table width=\"513\"><tbody><tr><td width=\"222\"><p><span style=\"color: #000000;\">Cataractes, d\u00e9g\u00e9n\u00e9rescence maculaire et autres probl\u00e8mes oculaires<\/span><\/p><\/td><td width=\"291\"><p><span style=\"color: #000000;\">1 \u2013 2 capsules per day<\/span><\/p><\/td><\/tr><tr><td width=\"222\"><p><span style=\"color: #000000;\">Pr\u00e9vention de la r\u00e9tinopathie diab\u00e9tique<\/span><\/p><\/td><td width=\"291\"><p><span style=\"color: #000000;\">1-2 g\u00e9lules par jour<\/span><\/p><\/td><\/tr><tr><td width=\"222\"><p><span style=\"color: #000000;\">Pour les varices<\/span><\/p><\/td><td width=\"291\"><p><span style=\"color: #000000;\">1-2 g\u00e9lules par jour<\/span><\/p><\/td><\/tr><tr><td width=\"222\"><p><span style=\"color: #000000;\">Maux de gorge et diarrh\u00e9e<\/span><\/p><\/td><td width=\"291\"><p><span style=\"color: #000000;\">Pr\u00e9parez le th\u00e9 aux myrtilles en versant 1 tasse d&#039;eau tr\u00e8s chaude sur 1 ou 2 comprim\u00e9s. Laissez infuser le th\u00e9, couvert, pendant 10 minutes, puis filtrez. Des sachets de th\u00e9 commerciaux sont \u00e9galement disponibles. Boire jusqu&#039;\u00e0 4 tasses par jour au besoin.<\/span><\/p><\/td><\/tr><tr><td width=\"222\"><p><span style=\"color: #000000;\">Diab\u00e8te<\/span><\/p><\/td><td width=\"291\"><p><span style=\"color: #000000;\">1-2 g\u00e9lules par jour<\/span><\/p><\/td><\/tr><\/tbody><\/table><p style=\"text-align: center;\"><a class=\"buy\" href=\"#buy\"><strong>ALLER ACHETER MAINTENANT<\/strong><\/a><\/p><table width=\"515\"><tbody><tr><td colspan=\"3\" width=\"515\"><p><span style=\"color: #000000;\"><strong>Faits sur les suppl\u00e9ments<\/strong><\/span><\/p><p><span style=\"color: #000000;\">Portion\u00a0: Une (1) capsule<\/span><\/p><\/td><\/tr><tr><td width=\"354\">\u00a0<\/td><td width=\"72\"><p><span style=\"color: #000000;\"><strong>Quantit\u00e9 par portion<\/strong><\/span><\/p><\/td><td width=\"90\"><p><span style=\"color: #000000;\"><strong>Valeur quotidienne %<\/strong><\/span><\/p><\/td><\/tr><tr><td width=\"354\"><p><span style=\"color: #000000;\">Myrtillier (Myrtilli vaccinium)<\/span><\/p><\/td><td width=\"72\"><p><span style=\"color: #000000;\">300mg<\/span><\/p><\/td><td width=\"90\"><p><span style=\"color: #000000;\"><strong>*<\/strong><\/span><\/p><\/td><\/tr><tr><td width=\"354\"><p><span style=\"color: #000000;\">*Valeur quotidienne non \u00e9tablie<\/span><\/p><\/td><td width=\"72\"><p><span style=\"color: #000000;\"><strong>\u00a0<\/strong><\/span><\/p><\/td><td width=\"90\"><p><span style=\"color: #000000;\"><strong>\u00a0<\/strong><\/span><\/p><\/td><\/tr><tr><td width=\"354\"><p><span style=\"color: #000000;\"><strong>Autres ingr\u00e9dients:<\/strong> Lactos\u00e9rum, g\u00e9latine, st\u00e9arate de magn\u00e9sium<\/span><\/p><\/td><td width=\"72\"><p><span style=\"color: #000000;\"><strong>\u00a0<\/strong><\/span><\/p><\/td><td width=\"90\"><p><span style=\"color: #000000;\"><strong>\u00a0<\/strong><\/span><\/p><\/td><\/tr><\/tbody><\/table><p><span style=\"color: #000000;\"><strong>instructions<\/strong><\/span><\/p><p><span style=\"color: #000000;\">Les adultes prennent une capsule par jour de pr\u00e9f\u00e9rence avec un repas.<\/span><\/p><p><span style=\"color: #000000;\"><strong>avertissement<\/strong><\/span><\/p><p><span style=\"color: #000000;\">La myrtille peut interf\u00e9rer avec l&#039;absorption du fer chez certaines personnes lorsqu&#039;elle est prise en interne. D\u00e9conseill\u00e9 aux femmes enceintes ou allaitantes. En cas de grossesse, d&#039;allaitement ou de prise d&#039;un m\u00e9dicament sur ordonnance, consulter un professionnel de la sant\u00e9 avant d&#039;en faire l&#039;usage. Il peut \u00e9galement y avoir une probabilit\u00e9 d&#039;interaction possible avec la warfarine et les m\u00e9dicaments antiplaquettaires \u00e0 des doses tr\u00e8s \u00e9lev\u00e9es<\/span><\/p><p><strong>\u00a0<\/strong><\/p><p>.<\/p><\/div>\n\t\t\t\t<\/div>\n\t\t\t\t\t\t\t<div class=\"elementor-toggle-item\">\n\t\t\t\t\t<h2 id=\"elementor-tab-title-6692\" class=\"elementor-tab-title\" data-tab=\"2\" role=\"button\" aria-controls=\"elementor-tab-content-6692\" aria-expanded=\"false\">\n\t\t\t\t\t\t\t\t\t\t\t\t<span class=\"elementor-toggle-icon elementor-toggle-icon-left\" aria-hidden=\"true\">\n\t\t\t\t\t\t\t\t\t\t\t\t\t\t\t<span class=\"elementor-toggle-icon-closed\"><i class=\"far fa-caret-square-right\"><\/i><\/span>\n\t\t\t\t\t\t\t\t<span class=\"elementor-toggle-icon-opened\"><i class=\"elementor-toggle-icon-opened fas fa-caret-square-up\"><\/i><\/span>\n\t\t\t\t\t\t\t\t\t\t\t\t\t<\/span>\n\t\t\t\t\t\t\t\t\t\t\t\t<a class=\"elementor-toggle-title\" tabindex=\"0\">..<\/a>\n\t\t\t\t\t<\/h2>\n\n\t\t\t\t\t<div id=\"elementor-tab-content-6692\" class=\"elementor-tab-content elementor-clearfix\" data-tab=\"2\" role=\"region\" aria-labelledby=\"elementor-tab-title-6692\"><\/div>\n\t\t\t\t<\/div>\n\t\t\t\t\t\t\t\t<\/div>\n\t\t\t\t\t\t<\/div>\n\t\t\t\t<\/div>\n\t\t\t\t\t<\/div>\n\t\t<\/div>\n\t\t\t\t\t<\/div>\n\t\t<\/section>\n\t\t\t\t<\/div>","protected":false},"excerpt":{"rendered":"<p><strong><span style=\"font-family: go;\"><a name=\"buy\"><\/a><\/span><\/strong><\/p>\n<ul>\n<li><strong><span style=\"font-family: go;\">Aide \u00e0 une gamme de probl\u00e8mes oculaires tels que la d\u00e9g\u00e9n\u00e9rescence maculaire, la r\u00e9tinite pigmentaire, la maculite, la r\u00e9tinopathie<\/span><\/strong><\/li>\n<li><strong><span style=\"font-family: go;\">La myrtille am\u00e9liore l&#039;adaptation \u00e0 la lumi\u00e8re et \u00e0 la vision nocturne<\/span><\/strong><\/li>\n<li><strong><span style=\"font-family: go;\">La myrtille agit comme un anti-inflammatoire.<\/span><\/strong><\/li>\n<li><strong><span style=\"font-family: go;\">La myrtille inhibe \u00e9galement la d\u00e9gradation des plaquettes sanguines.<\/span><\/strong><\/li>\n<\/ul>\n<p><strong>\u00a0\u00a0\u00a0\u00a0\u00a0 &gt;&gt;&gt;<span style=\"font-family: go; font-size: 14pt;\"><a href=\"#more\"><span style=\"color: #0000ff;\">Lire la suite<\/span><\/a><\/span><\/strong><\/p>","protected":false},"featured_media":1246,"comment_status":"open","ping_status":"closed","template":"","meta":{"nf_dc_page":"","_bbp_topic_count":0,"_bbp_reply_count":0,"_bbp_total_topic_count":0,"_bbp_total_reply_count":0,"_bbp_voice_count":0,"_bbp_anonymous_reply_count":0,"_bbp_topic_count_hidden":0,"_bbp_reply_count_hidden":0,"_bbp_forum_subforum_count":0},"product_brand":[],"product_cat":[33],"product_tag":[],"class_list":{"0":"post-10662","1":"product","2":"type-product","3":"status-publish","4":"has-post-thumbnail","6":"product_cat-all-products","8":"first","9":"instock","10":"featured","11":"shipping-taxable","12":"purchasable","13":"product-type-simple"},"bundled_by":["3266"],"bundle_stock_status":"instock","bundle_stock_quantity":1,"bundle_virtual":false,"bundle_layout":"","bundle_add_to_cart_form_location":"","bundle_editable_in_cart":false,"bundle_sold_individually_context":"","bundle_item_grouping":"","bundle_min_size":"","bundle_max_size":"","bundled_items":[],"bundle_sell_ids":[],"_links":{"self":[{"href":"https:\/\/www.naturesgiftforlife.com\/fr\/wp-json\/wp\/v2\/product\/10662","targetHints":{"allow":["GET"]}}],"collection":[{"href":"https:\/\/www.naturesgiftforlife.com\/fr\/wp-json\/wp\/v2\/product"}],"about":[{"href":"https:\/\/www.naturesgiftforlife.com\/fr\/wp-json\/wp\/v2\/types\/product"}],"replies":[{"embeddable":true,"href":"https:\/\/www.naturesgiftforlife.com\/fr\/wp-json\/wp\/v2\/comments?post=10662"}],"version-history":[{"count":0,"href":"https:\/\/www.naturesgiftforlife.com\/fr\/wp-json\/wp\/v2\/product\/10662\/revisions"}],"wp:featuredmedia":[{"embeddable":true,"href":"https:\/\/www.naturesgiftforlife.com\/fr\/wp-json\/wp\/v2\/media\/1246"}],"wp:attachment":[{"href":"https:\/\/www.naturesgiftforlife.com\/fr\/wp-json\/wp\/v2\/media?parent=10662"}],"wp:term":[{"taxonomy":"product_brand","embeddable":true,"href":"https:\/\/www.naturesgiftforlife.com\/fr\/wp-json\/wp\/v2\/product_brand?post=10662"},{"taxonomy":"product_cat","embeddable":true,"href":"https:\/\/www.naturesgiftforlife.com\/fr\/wp-json\/wp\/v2\/product_cat?post=10662"},{"taxonomy":"product_tag","embeddable":true,"href":"https:\/\/www.naturesgiftforlife.com\/fr\/wp-json\/wp\/v2\/product_tag?post=10662"}],"curies":[{"name":"wp","href":"https:\/\/api.w.org\/{rel}","templated":true}]}}