{"id":10649,"date":"2021-01-07T08:22:53","date_gmt":"2021-01-07T08:22:53","guid":{"rendered":"https:\/\/www.naturesgiftforlife.com\/?post_type=product&#038;p=10649"},"modified":"2025-10-05T10:58:08","modified_gmt":"2025-10-05T10:58:08","slug":"hypertension-tea","status":"publish","type":"product","link":"https:\/\/www.naturesgiftforlife.com\/fr\/shop\/hypertension-tea\/","title":{"rendered":"Th\u00e9 contre l&#039;hypertension"},"content":{"rendered":"<div data-elementor-type=\"wp-post\" data-elementor-id=\"10649\" class=\"elementor elementor-10649\">\n\t\t\t\t\t\t<section class=\"elementor-section elementor-top-section elementor-element elementor-element-2b2aac8 elementor-section-boxed elementor-section-height-default elementor-section-height-default\" data-id=\"2b2aac8\" data-element_type=\"section\" data-e-type=\"section\">\n\t\t\t\t\t\t<div class=\"elementor-container elementor-column-gap-default\">\n\t\t\t\t\t<div class=\"elementor-column elementor-col-100 elementor-top-column elementor-element elementor-element-163976e\" data-id=\"163976e\" data-element_type=\"column\" data-e-type=\"column\">\n\t\t\t<div class=\"elementor-widget-wrap elementor-element-populated\">\n\t\t\t\t\t\t<div class=\"elementor-element elementor-element-e7ff63b elementor-widget elementor-widget-html\" data-id=\"e7ff63b\" data-element_type=\"widget\" data-e-type=\"widget\" data-widget_type=\"html.default\">\n\t\t\t\t<div class=\"elementor-widget-container\">\n\t\t\t\t\t<a name=\"more\"><\/a>\t\t\t\t<\/div>\n\t\t\t\t<\/div>\n\t\t\t\t<div class=\"elementor-element elementor-element-209b57a elementor-invisible elementor-widget elementor-widget-toggle\" data-id=\"209b57a\" data-element_type=\"widget\" data-e-type=\"widget\" data-settings=\"{&quot;_animation&quot;:&quot;flash&quot;}\" data-widget_type=\"toggle.default\">\n\t\t\t\t<div class=\"elementor-widget-container\">\n\t\t\t\t\t\t\t<div class=\"elementor-toggle\">\n\t\t\t\t\t\t\t<div class=\"elementor-toggle-item\">\n\t\t\t\t\t<div id=\"elementor-tab-title-3411\" class=\"elementor-tab-title\" data-tab=\"1\" role=\"button\" aria-controls=\"elementor-tab-content-3411\" aria-expanded=\"false\">\n\t\t\t\t\t\t\t\t\t\t\t\t<span class=\"elementor-toggle-icon elementor-toggle-icon-left\" aria-hidden=\"true\">\n\t\t\t\t\t\t\t\t\t\t\t\t\t\t\t<span class=\"elementor-toggle-icon-closed\"><i class=\"far fa-caret-square-right\"><\/i><\/span>\n\t\t\t\t\t\t\t\t<span class=\"elementor-toggle-icon-opened\"><i class=\"elementor-toggle-icon-opened fas fa-caret-square-up\"><\/i><\/span>\n\t\t\t\t\t\t\t\t\t\t\t\t\t<\/span>\n\t\t\t\t\t\t\t\t\t\t\t\t<a class=\"elementor-toggle-title\" tabindex=\"0\">Description d\u00e9taill\u00e9e du produit \/ faits sur les suppl\u00e9ments<\/a>\n\t\t\t\t\t<\/div>\n\n\t\t\t\t\t<div id=\"elementor-tab-content-3411\" class=\"elementor-tab-content elementor-clearfix\" data-tab=\"1\" role=\"region\" aria-labelledby=\"elementor-tab-title-3411\"><p style=\"text-align: center;\"><span style=\"color: #000000;\"><strong><em>TH\u00c9 D&#039;HYPERTENSION<\/em><\/strong><\/span><\/p><p style=\"text-align: center;\"><span style=\"color: #000000;\"><strong><em> Tisane naturelle contre l&#039;hypertension art\u00e9rielle<\/em><\/strong><\/span><\/p><p><span style=\"color: #000000;\"><strong>AVANTAGES<\/strong><\/span><\/p><ul><li><span style=\"color: #000000;\">Le th\u00e9 contre l&#039;hypertension aide au traitement de l&#039;hypertension essentielle<\/span><\/li><li><span style=\"color: #000000;\">Le th\u00e9 contre l&#039;hypertension aide \u00e0 pr\u00e9venir les complications associ\u00e9es \u00e0 l&#039;hypertension art\u00e9rielle<\/span><\/li><li><span style=\"color: #000000;\">La tisane contre l&#039;hypertension favorise l&#039;\u00e9limination de l&#039;exc\u00e8s de cholest\u00e9rol par le foie<\/span><\/li><li><span style=\"color: #000000;\">Le th\u00e9 contre l&#039;hypertension nettoie le foie et am\u00e9liore sa fonction<\/span><\/li><li><span style=\"color: #000000;\">Le th\u00e9 contre l&#039;hypertension calme les tensions nerveuses et aide \u00e0 mieux faire face aux situations stressantes<\/span><\/li><li><span style=\"color: #000000;\">Le th\u00e9 contre l&#039;hypertension am\u00e9liore le sommeil<\/span><\/li><li><span style=\"color: #000000;\">Le th\u00e9 contre l&#039;hypertension \u00e9limine l&#039;exc\u00e8s d&#039;eau<\/span><\/li><li><span style=\"color: #000000;\">Le th\u00e9 contre l&#039;hypertension emp\u00eache la formation de plaques d&#039;ath\u00e9rome dans le lit vasculaire<\/span><\/li><li><span style=\"color: #000000;\">Le th\u00e9 contre l&#039;hypertension am\u00e9liore la circulation sanguine et donc le niveau d&#039;\u00e9nergie<\/span><\/li><li><span style=\"color: #000000;\">Le th\u00e9 contre l&#039;hypertension soulage les sympt\u00f4mes qui accompagnent l&#039;hypertension art\u00e9rielle tels que les maux de t\u00eate, les \u00e9tourdissements, les bourdonnements d&#039;oreilles<\/span><\/li><li><span style=\"color: #000000;\"><a href=\"https:\/\/www.rmbibow.com\/makeup-school\/\" target=\"_blank\" rel=\"noopener\">Hypertension<\/a> le th\u00e9 am\u00e9liore la circulation sanguine<\/span><\/li><li><span style=\"color: #000000;\">Le th\u00e9 contre l&#039;hypertension fournit <a href=\"https:\/\/livehealthylivehappy.com\/category\/weight-management\/\" target=\"_blank\" rel=\"noopener\">antioxydant<\/a> protection de tout le corps<\/span><\/li><\/ul><p style=\"text-align: center;\"><a class=\"buy\" href=\"#buy\"><strong>ALLER ACHETER MAINTENANT<\/strong><\/a><\/p><p><span style=\"color: #000000;\">Le c\u0153ur est \u00e0 juste titre consid\u00e9r\u00e9 comme le centre circulatoire. Cet organe essentiellement musculaire a pour fonction particuli\u00e8re d&#039;assurer une circulation sanguine ad\u00e9quate pour l&#039;organisme. Lorsque le c\u0153ur se contracte, il agit comme une pompe qui propulse le sang dans toutes les art\u00e8res pour apporter de l&#039;\u00e9nergie et de l&#039;oxyg\u00e8ne au corps. Le sang ainsi mis en circulation exerce une pression sur les parois des art\u00e8res. Cette pression ou tension art\u00e9rielle peut \u00eatre mesur\u00e9e et s&#039;exprime en millim\u00e8tres de mercure (mmHg) ou en centim\u00e8tres de mercure (cmHg).<\/span><\/p><p><span style=\"color: #000000;\">L&#039;hypertension est d\u00e9finie comme une augmentation persistante et significative de la pression art\u00e9rielle \u00e0 l&#039;int\u00e9rieur des art\u00e8res, chez un sujet au repos. Pour parler d&#039;hypertension, il faut que les valeurs de pression art\u00e9rielle soient sup\u00e9rieures aux valeurs physiologiques normales. Ainsi, on parle d&#039;hypertension pour une pression art\u00e9rielle systolique sup\u00e9rieure \u00e0 140 (mmHg) ou une pression art\u00e9rielle diastolique sup\u00e9rieure \u00e0 90 mmHg, observ\u00e9e \u00e0 plusieurs reprises chez un sujet au repos, lors de trois consultations successives sur un trimestre. La pression art\u00e9rielle n&#039;est pas constante; il varie tout au long de la journ\u00e9e. Elle est faible la nuit en position couch\u00e9e, elle augmente en position debout, et encore plus lors de l&#039;effort physique. Cependant, compte tenu du pronostic associ\u00e9 aux complications de l&#039;HTA, un traitement pr\u00e9coce doit \u00eatre instaur\u00e9 en cas d&#039;HTA importante.<\/span><\/p><p><span style=\"color: #000000;\">Dans la grande majorit\u00e9 des cas, il est difficile de trouver une cause pr\u00e9cise \u00e0 l&#039;hypertension art\u00e9rielle. Cependant, certains facteurs peuvent contribuer \u00e0 son d\u00e9veloppement, notamment : une alimentation riche en sel et pauvre en fruits et l\u00e9gumes ; consommation excessive d&#039;alcool; utilisation excessive de r\u00e9glisse; activit\u00e9 physique insuffisante; surpoids; fumeur; une vie stressante; \u00e2ge; origine ethnique (les Antillais et les personnes d&#039;Asie du Sud sont plus susceptibles de d\u00e9velopper une hypertension art\u00e9rielle); ant\u00e9c\u00e9dents familiaux (votre risque est plus \u00e9lev\u00e9 si les membres de votre famille ont eu ou ont une pression art\u00e9rielle \u00e9lev\u00e9e).<\/span><\/p><p style=\"text-align: center;\"><a class=\"buy\" href=\"#buy\"><strong>ALLER ACHETER MAINTENANT<\/strong><\/a><\/p><p><span style=\"color: #000000;\">D&#039;autre part, certaines affections r\u00e9nales, surr\u00e9nales ou thyro\u00efdiennes peuvent provoquer une hypertension art\u00e9rielle. Dans ces cas, le traitement de la maladie peut abaisser les chiffres de la pression art\u00e9rielle. Dans tous les cas, l&#039;hypertension art\u00e9rielle aura des effets encore plus n\u00e9fastes si elle est associ\u00e9e \u00e0 d&#039;autres facteurs de risque comme le tabagisme, l&#039;alcool, la consommation excessive de stimulants (ex : caf\u00e9), une alimentation d\u00e9s\u00e9quilibr\u00e9e, un stress constant, un exc\u00e8s de cholest\u00e9rol, le diab\u00e8te, etc.<\/span><\/p><p><span style=\"color: #000000;\">Il est toujours difficile de savoir quand commencer un traitement et si un traitement lourd et \u00e0 vie est n\u00e9cessaire, avec des effets secondaires importants sur le bien-\u00eatre. L&#039;hygi\u00e8ne de vie dans son ensemble doit donc \u00eatre prise en compte. C&#039;est pourquoi il est bon d&#039;essayer un traitement naturel global pendant quelques mois avant de musicaliser si besoin. Bon nombre de plantes naturelles ont des effets hypotenseurs remarquables sans pour autant offrir les effets secondaires d&#039;un traitement m\u00e9dicamenteux classique \u00e0 long terme. Leur efficacit\u00e9 est quasi certaine lorsqu&#039;il n&#039;y a pas de facteur important li\u00e9 au mode de vie comme le tabagisme, l&#039;exc\u00e8s d&#039;alcool, l&#039;hypercholest\u00e9rol\u00e9mie. Le th\u00e9 d&#039;hypertension NG4L est une combinaison id\u00e9ale de ces plantes hypotensives naturelles.<\/span><\/p><p style=\"text-align: center;\"><a class=\"buy\" href=\"#buy\"><strong>ALLER ACHETER MAINTENANT<\/strong><\/a><\/p><p><span style=\"color: #000000;\"><strong>LA DESCRIPTION:<\/strong> NG4L Hypertension is a therapeutic tea based on the rigorous selection of plants with scientifically proven hypotensive properties. Made entirely from natural herbs, regular intake of NG4L Hypertension can offer many health benefits due to the synergistic effects of its natural herbs. Indeed, the hypotensive effects of this formula also incorporate the control of risk factors and thus also include a better control of blood cholesterol levels, a drainage of the liver and a strengthening of the body&#8217;s general resistance capacities in the face of depressive and stressful states. If your blood pressure is slightly elevated and your doctor has recommended that you apply healthy lifestyle measures before considering medication (reduce salt and coffee, stop smoking, lose weight, etc.), you may be able to take a medication.<\/span><\/p><p><span style=\"color: #000000;\">Si votre tension art\u00e9rielle est l\u00e9g\u00e8rement \u00e9lev\u00e9e et que votre m\u00e9decin vous a recommand\u00e9 d&#039;appliquer des mesures de style de vie sain avant d&#039;envisager des m\u00e9dicaments (r\u00e9duire le sel et le caf\u00e9, arr\u00eater de fumer, perdre du poids, faire de l&#039;exercice et se d\u00e9tendre), NG4L Hypertension Tea est la formule naturelle id\u00e9ale \u00e0 combiner avec votre approcher.<\/span><\/p><p><span style=\"color: #000000;\"><strong>PR\u00c9SENTATION<\/strong>: bo\u00eete de 20 sachets de 5g contenant chacun un m\u00e9lange d&#039;herbes, comprenant :<\/span><\/p><p><span style=\"color: #000000;\">Brunella: from its Latin name Prunella vulgaris, the brunella is a small plant that is about 20 centimeters in height and is easily found in meadows, hedges and roadsides. It has been used in Eastern and Western herbal traditions for thousands of years. The English call it &#8220;self-heal&#8221; or &#8220;all-heal&#8221;, referring to its ability to soothe inflammation in a wound and provide a disinfectant and astringent effect, thus tightening open and injured tissue. This plant is used in various traditions against essential hypertension. It seems to act both indirectly and directly: as a lamiaceae, it is slightly calming for the nerves, <a href=\"http:\/\/www.naturesgiftforlife.com\/fr\/hypertension\/\">stress<\/a> \u00e9tant un facteur aggravant de l&#039;hypertension, et gr\u00e2ce \u00e0 sa capacit\u00e9 \u00e0 am\u00e9liorer la diur\u00e8se, il abaisse le volume sanguin (volume de liquide circulant dans les vaisseaux) et donc la pression art\u00e9rielle. L&#039;analyse chimique de cette plante r\u00e9v\u00e8le qu&#039;elle contient des tanins (acide rosmarinique et caf\u00e9ique), des triterp\u00e8nes (acide arjunolique, ursolique et ol\u00e9anolique), des flavono\u00efdes (flavonols, anthocyanes) des polysaccharides (prunellin), des vitamines (B1, C et K). Gr\u00e2ce \u00e0 sa teneur en acide rosmarinique et en flavono\u00efdes, la brunelle est l&#039;un des antioxydants les plus puissants du monde v\u00e9g\u00e9tal (Mills &amp; Bone 2000).<\/span><\/p><p style=\"text-align: center;\"><a class=\"buy\" href=\"#buy\"><strong>ALLER ACHETER MAINTENANT<\/strong><\/a><\/p><p><span style=\"color: #000000;\">Gou Teng (Ramulus cum uncis Uncariae) : En \u00e9nerg\u00e9tique chinoise, cette plante est utilis\u00e9e pour calmer les maux de t\u00eate, les vertiges, les acouph\u00e8nes, la vision floue, les troubles du sommeil, le pouls rapide et la tension nerveuse, sympt\u00f4mes courants de l&#039;hypertension art\u00e9rielle. En effet, il a \u00e9t\u00e9 d\u00e9montr\u00e9 que des d\u00e9coctions de ramulus cum Uncis Uncariae r\u00e9duisent la pression art\u00e9rielle chez les chiens et les lapins anesth\u00e9si\u00e9s et chez les rats souffrant d&#039;hypertension induite artificiellement. De plus, il a \u00e9t\u00e9 constat\u00e9 que l&#039;atropine n&#039;affectait pas les fonctions antihypertensives de la plante et ne provoquait pas de vasodilatation p\u00e9riph\u00e9rique. De plus, dans une \u00e9tude, une d\u00e9coction de gou teng, inject\u00e9e par voie intrap\u00e9riton\u00e9ale \u00e0 des souris \u00e0 la dose de 0,1 g\/kg, a eu un effet s\u00e9datif significatif. A des doses de 1g\/kg, il inhibe les r\u00e9flexes conditionn\u00e9s. L&#039;herbe avait \u00e9galement \u00e9t\u00e9 utilis\u00e9e exp\u00e9rimentalement pour l&#039;\u00e9pilepsie chez les cobayes avec un bon succ\u00e8s (il y avait cependant aussi des signes de s\u00e9dation \u00e0 des doses efficaces).<\/span><\/p><p><span style=\"color: #000000;\">Fructus leonuri : cette plante est principalement utilis\u00e9e pour le traitement de l&#039;hypertension art\u00e9rielle primaire. Couramment utilis\u00e9 en m\u00e9decine traditionnelle chinoise, le fructus leonuri fait partie des plantes qui ont fait l&#039;objet de nombreuses \u00e9tudes scientifiques au cours de la derni\u00e8re d\u00e9cennie ; les \u00e9tudes scientifiques men\u00e9es jusqu&#039;alors visaient essentiellement \u00e0 justifier l&#039;utilisation traditionnelle du fructus leonuri dans les maladies cardiaques et vasculaires. Il a \u00e9t\u00e9 \u00e9tabli que la plante, au-del\u00e0 de sa capacit\u00e9 r\u00e9gulatrice sur la fonction vasculaire, r\u00e9gule \u00e9galement le fonctionnement du c\u0153ur et semble b\u00e9n\u00e9fique dans la prise en charge pr\u00e9ventive et curative des maladies cardiovasculaires en g\u00e9n\u00e9ral.<\/span><\/p><p><span style=\"color: #000000;\">Th\u00e9 chinois Oolong : c&#039;est un th\u00e9 chinois \u00e0 fermentation incompl\u00e8te et assez pauvre en caf\u00e9ine. D\u00e9j\u00e0 connu pour sa capacit\u00e9 \u00e0 calmer les fi\u00e8vres l\u00e9g\u00e8res, le th\u00e9 wulong poss\u00e8de des propri\u00e9t\u00e9s antioxydantes int\u00e9ressantes qui sont b\u00e9n\u00e9fiques pour la pr\u00e9vention des maladies cardiovasculaires. En fait, le th\u00e9 wulong chinois est l&#039;un des moyens les plus efficaces contre l&#039;hypercholest\u00e9rol\u00e9mie, un facteur de risque majeur associ\u00e9 \u00e0 la maladie hypertensive.<\/span><\/p><p style=\"text-align: center;\"><a class=\"buy\" href=\"#buy\"><strong>ALLER ACHETER MAINTENANT<\/strong><\/a><\/p><p><span style=\"color: #000000;\"><strong>AVANTAGES:<\/strong> NG4L Hypertension Tea est une boisson au go\u00fbt agr\u00e9able avec un ar\u00f4me extraordinaire qui peut \u00eatre consomm\u00e9e par des adultes de tous \u00e2ges ayant des ant\u00e9c\u00e9dents familiaux ou personnels d&#039;hypertension. Ce th\u00e9 th\u00e9rapeutique, fabriqu\u00e9 \u00e0 partir d&#039;herbes naturelles 100%, en plus d&#039;aider \u00e0 la pr\u00e9vention et au traitement de l&#039;hypertension, s&#039;est av\u00e9r\u00e9 efficace pour maintenir la sant\u00e9 g\u00e9n\u00e9rale.<\/span><\/p><p><span style=\"color: #000000;\"><strong>LES INDICATIONS:<\/strong> prise en charge pr\u00e9ventive et curative de l&#039;hypertension art\u00e9rielle, des jambes lourdes, des \u0153d\u00e8mes, de l&#039;exc\u00e8s de lipides sanguins, de l&#039;insuffisance h\u00e9patique, des maux de t\u00eate et des acouph\u00e8nes.<\/span><\/p><p><span style=\"color: #000000;\">Mode d&#039;emploi : la pr\u00e9paration du Th\u00e9 Hypertension NG4L est assez simple ; il suffit de mettre un sachet de th\u00e9 th\u00e9rapeutique dans 200 ml d&#039;eau port\u00e9e \u00e0 90\u00b0c ; attendre 3 \u00e0 5 minutes. Le th\u00e9 est alors pr\u00eat \u00e0 \u00eatre consomm\u00e9. Il est recommand\u00e9 de prendre trois (3) doses par jour pour des r\u00e9sultats optimaux.<\/span><\/p><p><span style=\"color: #000000;\">A titre pr\u00e9ventif, il est recommand\u00e9 de faire une infusion d&#039;un (1) sachet pour un (1) litre d&#039;eau. Il est alors recommand\u00e9 de faire la pr\u00e9paration au coucher et de la laisser infuser toute la nuit. Le litre de th\u00e9 th\u00e9rapeutique ainsi obtenu peut alors \u00eatre divis\u00e9 en trois prises quotidiennes.<\/span><\/p><p><span style=\"color: #000000;\">Hypertension et autres maladies cardiovasculaires\u00a0: NG4L Natto Heart, NG4L Heart Relief, Ng4L Coenzyme Q10, NG4L Ail inodore, NG4L Omega 3, NG4L Huile de lin.<\/span><\/p><p><span style=\"color: #000000;\">Hyperlipid\u00e9mie : NG4L Levure Policosanol Rouge, NG4L Th\u00e9 Bien-\u00eatre &amp; Long\u00e9vit\u00e9, NG4L Omega 3 \/ Huile de Lin \/ Rose Prime du Soir.<\/span><\/p><\/div>\n\t\t\t\t<\/div>\n\t\t\t\t\t\t\t<div class=\"elementor-toggle-item\">\n\t\t\t\t\t<div id=\"elementor-tab-title-3412\" class=\"elementor-tab-title\" data-tab=\"2\" role=\"button\" aria-controls=\"elementor-tab-content-3412\" aria-expanded=\"false\">\n\t\t\t\t\t\t\t\t\t\t\t\t<span class=\"elementor-toggle-icon elementor-toggle-icon-left\" aria-hidden=\"true\">\n\t\t\t\t\t\t\t\t\t\t\t\t\t\t\t<span class=\"elementor-toggle-icon-closed\"><i class=\"far fa-caret-square-right\"><\/i><\/span>\n\t\t\t\t\t\t\t\t<span class=\"elementor-toggle-icon-opened\"><i class=\"elementor-toggle-icon-opened fas fa-caret-square-up\"><\/i><\/span>\n\t\t\t\t\t\t\t\t\t\t\t\t\t<\/span>\n\t\t\t\t\t\t\t\t\t\t\t\t<a class=\"elementor-toggle-title\" tabindex=\"0\">..<\/a>\n\t\t\t\t\t<\/div>\n\n\t\t\t\t\t<div id=\"elementor-tab-content-3412\" class=\"elementor-tab-content elementor-clearfix\" data-tab=\"2\" role=\"region\" aria-labelledby=\"elementor-tab-title-3412\"><\/div>\n\t\t\t\t<\/div>\n\t\t\t\t\t\t\t\t<\/div>\n\t\t\t\t\t\t<\/div>\n\t\t\t\t<\/div>\n\t\t\t\t\t<\/div>\n\t\t<\/div>\n\t\t\t\t\t<\/div>\n\t\t<\/section>\n\t\t\t\t<\/div>","protected":false},"excerpt":{"rendered":"<p><strong><span style=\"font-family: go;\"><a name=\"buy\"><\/a><\/span><\/strong><\/p>\n<ul>\n<li><strong><span style=\"font-family: go;\">Aide au traitement de l&#039;hypertension essentielle<\/span><\/strong><\/li>\n<li><strong><span style=\"font-family: go;\">Aide \u00e0 pr\u00e9venir les complications associ\u00e9es \u00e0 l&#039;hypertension art\u00e9rielle<\/span><\/strong><\/li>\n<li><strong><span style=\"font-family: go;\">Favorise l&#039;\u00e9limination de l&#039;exc\u00e8s de cholest\u00e9rol par le foie<\/span><\/strong><\/li>\n<li><strong><span style=\"font-family: go;\">Nettoie le foie et am\u00e9liore sa fonction<\/span><\/strong><\/li>\n<li><strong><span style=\"font-family: go;\">Calme les tensions nerveuses et aide \u00e0 mieux faire face aux situations stressantes<\/span><\/strong><\/li>\n<li><strong><span style=\"font-family: go;\">Am\u00e9liore le sommeil<\/span><\/strong><\/li>\n<\/ul>\n<p><strong>\u00a0\u00a0\u00a0\u00a0\u00a0 &gt;&gt;&gt;<span style=\"font-family: go; font-size: 14pt;\"><a href=\"#more\"><span style=\"color: #0000ff;\">Lire la suite<\/span><\/a><\/span><\/strong><\/p>","protected":false},"featured_media":11616,"comment_status":"open","ping_status":"closed","template":"","meta":{"nf_dc_page":"","_bbp_topic_count":0,"_bbp_reply_count":0,"_bbp_total_topic_count":0,"_bbp_total_reply_count":0,"_bbp_voice_count":0,"_bbp_anonymous_reply_count":0,"_bbp_topic_count_hidden":0,"_bbp_reply_count_hidden":0,"_bbp_forum_subforum_count":0},"product_brand":[],"product_cat":[33,28],"product_tag":[],"class_list":{"0":"post-10649","1":"product","2":"type-product","3":"status-publish","4":"has-post-thumbnail","6":"product_cat-all-products","7":"product_cat-teas","9":"first","10":"instock","11":"featured","12":"shipping-taxable","13":"purchasable","14":"product-type-simple"},"bundled_by":["3213"],"bundle_stock_status":"instock","bundle_stock_quantity":14,"bundle_virtual":false,"bundle_layout":"","bundle_add_to_cart_form_location":"","bundle_editable_in_cart":false,"bundle_sold_individually_context":"","bundle_item_grouping":"","bundle_min_size":"","bundle_max_size":"","bundled_items":[],"bundle_sell_ids":[],"_links":{"self":[{"href":"https:\/\/www.naturesgiftforlife.com\/fr\/wp-json\/wp\/v2\/product\/10649","targetHints":{"allow":["GET"]}}],"collection":[{"href":"https:\/\/www.naturesgiftforlife.com\/fr\/wp-json\/wp\/v2\/product"}],"about":[{"href":"https:\/\/www.naturesgiftforlife.com\/fr\/wp-json\/wp\/v2\/types\/product"}],"replies":[{"embeddable":true,"href":"https:\/\/www.naturesgiftforlife.com\/fr\/wp-json\/wp\/v2\/comments?post=10649"}],"version-history":[{"count":0,"href":"https:\/\/www.naturesgiftforlife.com\/fr\/wp-json\/wp\/v2\/product\/10649\/revisions"}],"wp:featuredmedia":[{"embeddable":true,"href":"https:\/\/www.naturesgiftforlife.com\/fr\/wp-json\/wp\/v2\/media\/11616"}],"wp:attachment":[{"href":"https:\/\/www.naturesgiftforlife.com\/fr\/wp-json\/wp\/v2\/media?parent=10649"}],"wp:term":[{"taxonomy":"product_brand","embeddable":true,"href":"https:\/\/www.naturesgiftforlife.com\/fr\/wp-json\/wp\/v2\/product_brand?post=10649"},{"taxonomy":"product_cat","embeddable":true,"href":"https:\/\/www.naturesgiftforlife.com\/fr\/wp-json\/wp\/v2\/product_cat?post=10649"},{"taxonomy":"product_tag","embeddable":true,"href":"https:\/\/www.naturesgiftforlife.com\/fr\/wp-json\/wp\/v2\/product_tag?post=10649"}],"curies":[{"name":"wp","href":"https:\/\/api.w.org\/{rel}","templated":true}]}}