{"id":10572,"date":"2021-05-05T12:02:00","date_gmt":"2021-05-05T12:02:00","guid":{"rendered":"https:\/\/www.naturesgiftforlife.com\/?post_type=product&#038;p=10572"},"modified":"2023-08-23T16:16:57","modified_gmt":"2023-08-23T16:16:57","slug":"serra-fibro","status":"publish","type":"product","link":"https:\/\/www.naturesgiftforlife.com\/fr\/shop\/serra-fibro\/","title":{"rendered":"Serra \u2013 Fibro"},"content":{"rendered":"<div data-elementor-type=\"wp-post\" data-elementor-id=\"10572\" class=\"elementor elementor-10572\">\n\t\t\t\t\t\t<section class=\"elementor-section elementor-top-section elementor-element elementor-element-df7d5e2 elementor-section-boxed elementor-section-height-default elementor-section-height-default\" data-id=\"df7d5e2\" data-element_type=\"section\" data-e-type=\"section\">\n\t\t\t\t\t\t<div class=\"elementor-container elementor-column-gap-default\">\n\t\t\t\t\t<div class=\"elementor-column elementor-col-100 elementor-top-column elementor-element elementor-element-ebf46e0\" data-id=\"ebf46e0\" data-element_type=\"column\" data-e-type=\"column\">\n\t\t\t<div class=\"elementor-widget-wrap elementor-element-populated\">\n\t\t\t\t\t\t<div class=\"elementor-element elementor-element-19b2f55 elementor-widget elementor-widget-html\" data-id=\"19b2f55\" data-element_type=\"widget\" data-e-type=\"widget\" data-widget_type=\"html.default\">\n\t\t\t\t<div class=\"elementor-widget-container\">\n\t\t\t\t\t<a name=\"more\"><\/a>\t\t\t\t<\/div>\n\t\t\t\t<\/div>\n\t\t\t\t<div class=\"elementor-element elementor-element-2de40fe elementor-invisible elementor-widget elementor-widget-toggle\" data-id=\"2de40fe\" data-element_type=\"widget\" data-e-type=\"widget\" data-settings=\"{&quot;_animation&quot;:&quot;flash&quot;}\" data-widget_type=\"toggle.default\">\n\t\t\t\t<div class=\"elementor-widget-container\">\n\t\t\t\t\t\t\t<div class=\"elementor-toggle\">\n\t\t\t\t\t\t\t<div class=\"elementor-toggle-item\">\n\t\t\t\t\t<div id=\"elementor-tab-title-4811\" class=\"elementor-tab-title\" data-tab=\"1\" role=\"button\" aria-controls=\"elementor-tab-content-4811\" aria-expanded=\"false\">\n\t\t\t\t\t\t\t\t\t\t\t\t<span class=\"elementor-toggle-icon elementor-toggle-icon-left\" aria-hidden=\"true\">\n\t\t\t\t\t\t\t\t\t\t\t\t\t\t\t<span class=\"elementor-toggle-icon-closed\"><i class=\"far fa-caret-square-right\"><\/i><\/span>\n\t\t\t\t\t\t\t\t<span class=\"elementor-toggle-icon-opened\"><i class=\"elementor-toggle-icon-opened fas fa-caret-square-up\"><\/i><\/span>\n\t\t\t\t\t\t\t\t\t\t\t\t\t<\/span>\n\t\t\t\t\t\t\t\t\t\t\t\t<a class=\"elementor-toggle-title\" tabindex=\"0\">Description d\u00e9taill\u00e9e du produit \/ faits sur les suppl\u00e9ments<\/a>\n\t\t\t\t\t<\/div>\n\n\t\t\t\t\t<div id=\"elementor-tab-content-4811\" class=\"elementor-tab-content elementor-clearfix\" data-tab=\"1\" role=\"region\" aria-labelledby=\"elementor-tab-title-4811\"><p style=\"text-align: center;\"><span style=\"color: #000000;\"><strong><em>Serrapeptase &#8211; a systemic proteolytic, fibrinolytic and anti-oxidative enzyme inflammatory<\/em><\/strong><\/span><\/p><p style=\"text-align: center;\"><span style=\"color: #000000;\">Tous les bienfaits de la serrapeptase, dans une formule naturelle 100%.<\/span><\/p><p><span style=\"color: #000000;\"><strong>\u00a0<\/strong><\/span><span style=\"color: #000000;\"><strong>Avantages <\/strong><\/span><\/p><ul><li><span style=\"color: #000000;\">R\u00e9duit l&#039;inflammation et la douleur chronique<\/span><\/li><li><span style=\"color: #000000;\">Amincit le sang et facilite la circulation sanguine<\/span><\/li><li><span style=\"color: #000000;\">R\u00e9duit la s\u00e9cr\u00e9tion excessive de mucus<\/span><\/li><\/ul><p style=\"text-align: center;\"><a class=\"buy\" href=\"#buy\"><strong>ALLER ACHETER MAINTENANT<\/strong><\/a><\/p><p><span style=\"color: #000000;\"><a href=\"https:\/\/www.naturesgiftforlife.com\/fr\/shop\/pre-and-postnatal-formula\/\">Serrapeptase<\/a> is a proteolytic enzyme derived from the Serratia bacterium that lives in the gut of the silkworm. This enzyme has the ability to dissolve lifeless tissue while exerting no detrimental action on the host&#8217;s living cells. Serrapeptase dissolves the protective cocoon of the silkworm and allows it to emerge and take flight. When this enzyme has been isolated, it has been shown to act as an anti-inflammatory and pain reliever in a manner quite similar to the action of <a href=\"https:\/\/www.rmbibow.com\/skincare\/body\/edible-massage-body-oil\/\" target=\"_blank\" rel=\"noopener\">aspirine<\/a>, ibuprofen or other non-steroidal anti-inflammatory drugs (NSAIDs). Clinical studies indicate that serrapeptase induces fibrinolytic, anti-inflammatory, and anti-dematous activity in many patients\u2019 tissues, and that its anti-inflammatory effects are superior to those of other proteolytic enzymes. In Germany and a number of other European countries, serrapeptase is recognized as a standard treatment for inflammation and traumatic swelling.<\/span><\/p><p><span style=\"color: #000000;\">Serrapeptase was discovered 30 years ago through a study leading to a discovery about the amazing activities of silkworms. It was discovered that silkworms come out of their cocoon, digesting it within seconds.\u00a0 Researchers set out to discover how such weak creatures could overcome their protective cocoon, so robust against wind, rain, and predatory birds, so quickly and easily. After some time, the researchers discovered that silkworms made an enzyme and that when they coated the cocoon with it, this enzyme dissolved it almost instantly.\u00a0 This intrigued them to no end! So they immediately began to grow the enzyme in the laboratory and then experiment with it orally. The results were spectacular and beyond all expectations.<\/span><\/p><p style=\"text-align: center;\"><a class=\"buy\" href=\"#buy\"><strong>ALLER ACHETER MAINTENANT<\/strong><\/a><\/p><p><span style=\"color: #000000;\">Ils ont rapidement d\u00e9couvert les effets anti-inflammatoires de cette enzyme et sa capacit\u00e9 ultra-puissante \u00e0 dissoudre l&#039;inflammation dans le tissu conjonctif. Des chercheurs du monde entier ont afflu\u00e9 \u00e0 ce jour, et \u00e0 ce jour ont compt\u00e9 plus de 23 enqu\u00eates sur une p\u00e9riode de 25 ans de tests, avec des r\u00e9sultats fantastiques, quelle que soit la zone trait\u00e9e, comme l&#039;arthrose et autres inflammations rhumatismales, les h\u00e9morro\u00efdes chroniques , infections \u00e0 r\u00e9p\u00e9tition, engorgement mammaire, cystite, inflammation ORL, etc.<\/span><\/p><p><span style=\"color: #000000;\">Serrapeptase, or Serratia peptidase, has been used for over 30 years in Europe and Asia to reduce pain, inflammation and excessive mucus secretion. It has been established that it is well absorbed by the intestinal system and therefore needs to be protected from degradation by stomach acids.\u00a0 Hans Nieper, a German physician, has been recommending the use of serrapeptase for decades to reduce the build-up of atheromatous plaque. It is a safe, effective and scientifically proven means against inflammation, pain and the prevention of cardiovascular disease.<\/span><\/p><p style=\"text-align: center;\"><span style=\"color: #000000;\"><strong><a class=\"buy\" href=\"#buy\">ALLER ACHETER MAINTENANT<\/a>\u00a0<\/strong><\/span><\/p><p><span style=\"color: #000000;\"><strong>LA DESCRIPTION:<\/strong> Our formula NG4L Serra &#8211; Fibro, is serrapeptase of 100% natural origin, developed from the serratia bacteria, to ensure the recognized beneficial principles of this enzyme in its natural form. Moreover, it is important to specify that about 50% of the enzyme can be destroyed in the stomach and therefore its effectiveness may seem almost nil. Our Formula NG4L Serra &#8211; Fibro benefits from a bio-enteric coating and therefore is not degraded by gastric juice. Many people lose their money or become demotivated by not buying the best.<\/span><\/p><p><span style=\"color: #000000;\">NG4L Serra &#8211; Fibro acts with great effectiveness by ensuring bioavailability of its active ingredient, serrapeptase, to reduce inflammation and chronic pain. Moreover, thanks to its remarkable ability to degrade fibrin, it thins the blood and facilitates blood circulation, which is of great importance.<\/span><\/p><p><span style=\"color: #000000;\"><strong>\u00a0<\/strong><\/span><\/p><p><span style=\"color: #000000;\">PR\u00c9SENTATION: bo\u00eete de 60 g\u00e9lules<\/span><\/p><table><tbody><tr><td width=\"384\"><p><span style=\"color: #000000;\">Portion Dose Par Bo\u00eete: 60<\/span><\/p><\/td><td colspan=\"2\" width=\"252\"><p>\u00a0<\/p><\/td><\/tr><tr><td width=\"130\"><p><span style=\"color: #000000;\">Ingr\u00e9dients<\/span><\/p><\/td><td width=\"75\"><p><span style=\"color: #000000;\">Dosage<\/span><\/p><\/td><td width=\"177\"><p><span style=\"color: #000000;\">% valeurs quotidiennes<\/span><\/p><\/td><\/tr><tr><td width=\"130\"><p><span style=\"color: #000000;\">Serratiopeptidase<\/span><\/p><\/td><td width=\"75\"><p><span style=\"color: #000000;\">500 mg<\/span><\/p><\/td><td width=\"177\"><p><span style=\"color: #000000;\">*<\/span><\/p><\/td><\/tr><tr><td width=\"384\"><p><span style=\"color: #000000;\">Autres ingr\u00e9dients:<\/span><br \/><span style=\"color: #000000;\">* Valeurs journali\u00e8res % non \u00e9tablies<\/span><\/p><\/td><td>\u00a0<\/td><td>\u00a0<\/td><\/tr><\/tbody><\/table><p>\u00a0<\/p><\/div>\n\t\t\t\t<\/div>\n\t\t\t\t\t\t\t<div class=\"elementor-toggle-item\">\n\t\t\t\t\t<div id=\"elementor-tab-title-4812\" class=\"elementor-tab-title\" data-tab=\"2\" role=\"button\" aria-controls=\"elementor-tab-content-4812\" aria-expanded=\"false\">\n\t\t\t\t\t\t\t\t\t\t\t\t<span class=\"elementor-toggle-icon elementor-toggle-icon-left\" aria-hidden=\"true\">\n\t\t\t\t\t\t\t\t\t\t\t\t\t\t\t<span class=\"elementor-toggle-icon-closed\"><i class=\"far fa-caret-square-right\"><\/i><\/span>\n\t\t\t\t\t\t\t\t<span class=\"elementor-toggle-icon-opened\"><i class=\"elementor-toggle-icon-opened fas fa-caret-square-up\"><\/i><\/span>\n\t\t\t\t\t\t\t\t\t\t\t\t\t<\/span>\n\t\t\t\t\t\t\t\t\t\t\t\t<a class=\"elementor-toggle-title\" tabindex=\"0\">..<\/a>\n\t\t\t\t\t<\/div>\n\n\t\t\t\t\t<div id=\"elementor-tab-content-4812\" class=\"elementor-tab-content elementor-clearfix\" data-tab=\"2\" role=\"region\" aria-labelledby=\"elementor-tab-title-4812\"><\/div>\n\t\t\t\t<\/div>\n\t\t\t\t\t\t\t\t<\/div>\n\t\t\t\t\t\t<\/div>\n\t\t\t\t<\/div>\n\t\t\t\t\t<\/div>\n\t\t<\/div>\n\t\t\t\t\t<\/div>\n\t\t<\/section>\n\t\t\t\t<\/div>","protected":false},"excerpt":{"rendered":"<p><span style=\"font-family: go;\"><a name=\"buy\"><\/a><\/span><\/p>\n<ul>\n<li><strong><span style=\"font-family: go;\">R\u00e9duit l&#039;inflammation et la douleur chronique<\/span><\/strong><\/li>\n<li><strong><span style=\"font-family: go;\">Amincit le sang et facilite la circulation sanguine<\/span><\/strong><\/li>\n<li><strong><span style=\"font-family: go;\">R\u00e9duit la s\u00e9cr\u00e9tion excessive de mucus<\/span><\/strong><\/li>\n<\/ul>\n<p><strong>\u00a0\u00a0\u00a0\u00a0\u00a0 &gt;&gt;&gt;<span style=\"font-family: go; font-size: 14pt;\"><a href=\"#more\"><span style=\"color: #0000ff;\">Lire la suite<\/span><\/a><\/span><\/strong><\/p>","protected":false},"featured_media":2900,"comment_status":"open","ping_status":"closed","template":"","meta":{"nf_dc_page":"","_bbp_topic_count":0,"_bbp_reply_count":0,"_bbp_total_topic_count":0,"_bbp_total_reply_count":0,"_bbp_voice_count":0,"_bbp_anonymous_reply_count":0,"_bbp_topic_count_hidden":0,"_bbp_reply_count_hidden":0,"_bbp_forum_subforum_count":0},"product_brand":[],"product_cat":[33],"product_tag":[],"class_list":{"0":"post-10572","1":"product","2":"type-product","3":"status-publish","4":"has-post-thumbnail","6":"product_cat-all-products","8":"first","9":"instock","10":"featured","11":"shipping-taxable","12":"purchasable","13":"product-type-simple"},"bundled_by":["2898","2880"],"bundle_stock_status":"instock","bundle_stock_quantity":4,"bundle_virtual":false,"bundle_layout":"","bundle_add_to_cart_form_location":"","bundle_editable_in_cart":false,"bundle_sold_individually_context":"","bundle_item_grouping":"","bundle_min_size":"","bundle_max_size":"","bundled_items":[],"bundle_sell_ids":[],"_links":{"self":[{"href":"https:\/\/www.naturesgiftforlife.com\/fr\/wp-json\/wp\/v2\/product\/10572","targetHints":{"allow":["GET"]}}],"collection":[{"href":"https:\/\/www.naturesgiftforlife.com\/fr\/wp-json\/wp\/v2\/product"}],"about":[{"href":"https:\/\/www.naturesgiftforlife.com\/fr\/wp-json\/wp\/v2\/types\/product"}],"replies":[{"embeddable":true,"href":"https:\/\/www.naturesgiftforlife.com\/fr\/wp-json\/wp\/v2\/comments?post=10572"}],"version-history":[{"count":0,"href":"https:\/\/www.naturesgiftforlife.com\/fr\/wp-json\/wp\/v2\/product\/10572\/revisions"}],"wp:featuredmedia":[{"embeddable":true,"href":"https:\/\/www.naturesgiftforlife.com\/fr\/wp-json\/wp\/v2\/media\/2900"}],"wp:attachment":[{"href":"https:\/\/www.naturesgiftforlife.com\/fr\/wp-json\/wp\/v2\/media?parent=10572"}],"wp:term":[{"taxonomy":"product_brand","embeddable":true,"href":"https:\/\/www.naturesgiftforlife.com\/fr\/wp-json\/wp\/v2\/product_brand?post=10572"},{"taxonomy":"product_cat","embeddable":true,"href":"https:\/\/www.naturesgiftforlife.com\/fr\/wp-json\/wp\/v2\/product_cat?post=10572"},{"taxonomy":"product_tag","embeddable":true,"href":"https:\/\/www.naturesgiftforlife.com\/fr\/wp-json\/wp\/v2\/product_tag?post=10572"}],"curies":[{"name":"wp","href":"https:\/\/api.w.org\/{rel}","templated":true}]}}