{"id":9911,"date":"2021-04-08T08:42:10","date_gmt":"2021-04-08T08:42:10","guid":{"rendered":"https:\/\/www.naturesgiftforlife.com\/?page_id=9911"},"modified":"2021-08-24T15:51:58","modified_gmt":"2021-08-24T15:51:58","slug":"gift-card-2","status":"publish","type":"page","link":"https:\/\/www.naturesgiftforlife.com\/fr\/gift-card-2\/","title":{"rendered":"Carte cadeau"},"content":{"rendered":"<div data-elementor-type=\"wp-page\" data-elementor-id=\"9911\" class=\"elementor elementor-9911\">\n\t\t\t\t\t\t<section class=\"elementor-section elementor-top-section elementor-element elementor-element-fd1f93e elementor-section-content-top elementor-section-boxed elementor-section-height-default elementor-section-height-default\" data-id=\"fd1f93e\" data-element_type=\"section\" data-e-type=\"section\">\n\t\t\t\t\t\t<div class=\"elementor-container elementor-column-gap-default\">\n\t\t\t\t\t<div class=\"elementor-column elementor-col-50 elementor-top-column elementor-element elementor-element-bc9d853\" data-id=\"bc9d853\" data-element_type=\"column\" data-e-type=\"column\">\n\t\t\t<div class=\"elementor-widget-wrap elementor-element-populated\">\n\t\t\t\t\t\t<div class=\"elementor-element elementor-element-081c993 elementor-widget elementor-widget-electro_elementor_products_list_block\" data-id=\"081c993\" data-element_type=\"widget\" data-e-type=\"widget\" data-widget_type=\"electro_elementor_products_list_block.default\">\n\t\t\t\t<div class=\"elementor-widget-container\">\n\t\t\t\t\t<section class=\"products-list v2\" >\n    <header class=\"show-nav\">\n        <h2 class=\"h1\"><\/h2>\n                    <ul class=\"nav nav-inline\">\n                                                    <li class=\"nav-item\">\n                        <a class=\"nav-link\" href=\"https:\/\/www.naturesgiftforlife.com\/fr\/categorie-produit\/mwb_wgm_giftcard\/\">Carte cadeau<\/a>\n                    <\/li>\n                            <\/ul>\n            <\/header>\n    <div class=\"products-list-inner\">\n        <div class=\"products-block\">\n            <div class=\"woocommerce columns-2\"><ul data-view=\"grid\" data-toggle=\"regular-products\" class=\"products products list-unstyled row g-0 row-cols-2 row-cols-md-3 row-cols-lg-2 row-cols-xl-2 row-cols-xxl-5\"><li class=\"product type-product post-3428 status-publish first instock product_cat-mwb_wgm_giftcard has-post-thumbnail purchasable product-type-wgm_gift_card\">\n\t<div class=\"product-outer product-item__outer\"><div class=\"product-inner product-item__inner\"><div class=\"product-loop-header product-item__header\"><span class=\"loop-product-categories\"><a href=\"https:\/\/www.naturesgiftforlife.com\/fr\/categorie-produit\/mwb_wgm_giftcard\/\" rel=\"tag\">Carte cadeau<\/a><\/span><a href=\"https:\/\/www.naturesgiftforlife.com\/fr\/shop\/gift-card\/\" class=\"woocommerce-LoopProduct-link woocommerce-loop-product__link\"><h2 class=\"woocommerce-loop-product__title\" data-no-translation=\"\">Gift Card<\/h2><div class=\"product-thumbnail product-item__thumbnail\"><img decoding=\"async\" width=\"264\" height=\"167\" src=\"https:\/\/www.naturesgiftforlife.com\/wp-content\/uploads\/2020\/10\/gift-card-ng4l-1-264x167.jpg\" class=\"attachment-woocommerce_thumbnail size-woocommerce_thumbnail\" alt=\"Gift Card\" data-xoowscfly=\"fly\" title=\"\"><\/div><\/a><\/div><!-- \/.product-loop-header --><div class=\"product-loop-body product-item__body\"><span class=\"loop-product-categories\"><a href=\"https:\/\/www.naturesgiftforlife.com\/fr\/categorie-produit\/mwb_wgm_giftcard\/\" rel=\"tag\">Carte cadeau<\/a><\/span><a href=\"https:\/\/www.naturesgiftforlife.com\/fr\/shop\/gift-card\/\" class=\"woocommerce-LoopProduct-link woocommerce-loop-product__link\"><h2 class=\"woocommerce-loop-product__title\" data-no-translation=\"\">Gift Card<\/h2>\t\t<div class=\"product-rating\">\n\t\t\t<div class=\"star-rating\" title=\"Not\u00e9 0 sur 5\"><span style=\"width:0%\"><strong class=\"rating\">0<\/strong> sur 5<\/span><\/div> (0)\n\t\t<\/div>\n\t\t\t\t<div class=\"product-short-description\">\n\t\t\t<p>Souhaitez \u00e0 votre bien-aim\u00e9 un <span style=\"color: #008000\"><em><strong>Joyeux anniversaire en bonne sant\u00e9<\/strong> <\/em><\/span>en leur envoyant cette carte qui leur permettra de faire des achats gratuitement pour le montant de la carte.<\/p>\n\t\t<\/div>\n\t\t\t\t<div class=\"product-sku\">UGS : n\/a<\/div><\/a><\/div><!-- \/.product-loop-body --><div class=\"product-loop-footer product-item__footer\"><div class=\"price-add-to-cart\">\n\t<span class=\"price\"><span class=\"electro-price\"><span class=\"woocommerce-Price-amount amount\"><bdi>10,000<span class=\"woocommerce-Price-currencySymbol\">CFA<\/span><\/bdi><\/span><\/span><div class=\"items-sold\" ><span class=\"items-sold-texts\" >1 article vendu<\/span><\/div><\/span>\n<div class=\"add-to-cart-wrap show-in-mobile\" data-toggle=\"tooltip\" data-title=\"Add To Cart\"><a href=\"https:\/\/www.naturesgiftforlife.com\/fr\/shop\/gift-card\/\" aria-describedby=\"woocommerce_loop_add_to_cart_link_describedby_3428\" data-quantity=\"1\" class=\"button product_type_wgm_gift_card add_to_cart_button\" data-product_id=\"3428\" data-product_sku=\"\" aria-label=\"En savoir plus sur \u201cGift Card\u201d\" rel=\"nofollow\" data-no-translation-aria-label=\"\">Ajouter au chariot<\/a><\/div>\t<span id=\"woocommerce_loop_add_to_cart_link_describedby_3428\" class=\"screen-reader-text\">\n\t\t\t<\/span>\n<\/div><!-- \/.price-add-to-cart --><div class=\"hover-area\"><div class=\"action-buttons\"><\/div><\/div><\/div><!-- \/.product-loop-footer --><\/div><!-- \/.product-inner --><\/div><!-- \/.product-outer --><\/li>\n<\/ul>\n<\/div>        <\/div>\n    <\/div>\n    <div class=\"action\">\n        <a class=\"action-link\" href=\"\"><\/a>\n    <\/div>\n<\/section>\n\t\t\t\t<\/div>\n\t\t\t\t<\/div>\n\t\t\t\t\t<\/div>\n\t\t<\/div>\n\t\t\t\t<div class=\"elementor-column elementor-col-50 elementor-top-column elementor-element elementor-element-2e6046a\" data-id=\"2e6046a\" data-element_type=\"column\" data-e-type=\"column\" data-settings=\"{&quot;background_background&quot;:&quot;classic&quot;}\">\n\t\t\t<div class=\"elementor-widget-wrap elementor-element-populated\">\n\t\t\t\t\t\t<div class=\"elementor-element elementor-element-c334a77 elementor-widget elementor-widget-heading\" data-id=\"c334a77\" data-element_type=\"widget\" data-e-type=\"widget\" data-widget_type=\"heading.default\">\n\t\t\t\t<div class=\"elementor-widget-container\">\n\t\t\t\t\t<h2 class=\"elementor-heading-title elementor-size-default\">\u00c0 propos des cartes-cadeaux <\/h2>\t\t\t\t<\/div>\n\t\t\t\t<\/div>\n\t\t\t\t<div class=\"elementor-element elementor-element-92e9e57 elementor-widget elementor-widget-text-editor\" data-id=\"92e9e57\" data-element_type=\"widget\" data-e-type=\"widget\" data-widget_type=\"text-editor.default\">\n\t\t\t\t<div class=\"elementor-widget-container\">\n\t\t\t\t\t\t\t\t\t<p>Une carte-cadeau est le moyen id\u00e9al pour offrir \u00e0 quelqu&#039;un la flexibilit\u00e9 et la libert\u00e9 d&#039;acheter ce qu&#039;il veut en utilisant les fonds de la carte.<\/p><p>Les cartes-cadeaux sont une forme de cartes de d\u00e9bit pr\u00e9pay\u00e9es charg\u00e9es de fonds pour une utilisation future.<\/p><p><span style=\"color: #008000;\"><strong>Comment \u00e7a fonctionne<\/strong><\/span><\/p><p>1.Choisissez une carte-cadeau<br \/>2.Choisissez le montant<br \/>3.Remplir le nom de l&#039;exp\u00e9diteur<br \/>4.Tapez un court message pour le destinataire<br \/>5.Saisissez l&#039;e-mail du destinataire et passez \u00e0 la caisse<\/p><p>Le destinataire recevra une carte-cadeau avec des instructions sur son utilisation<\/p>\t\t\t\t\t\t\t\t<\/div>\n\t\t\t\t<\/div>\n\t\t\t\t\t<\/div>\n\t\t<\/div>\n\t\t\t\t\t<\/div>\n\t\t<\/section>\n\t\t\t\t<\/div>","protected":false},"excerpt":{"rendered":"<p>Carte-cadeau Carte-cadeau Carte-cadeau (Joyeux anniversaire) Carte-cadeau Carte-cadeau (Joyeux anniversaire) 0 sur 5 (0) Souhaitez \u00e0 votre proche un joyeux anniversaire en bonne sant\u00e9 en lui envoyant<\/p>","protected":false},"author":1,"featured_media":0,"parent":0,"menu_order":0,"comment_status":"closed","ping_status":"closed","template":"template-page-sidebar-left.php","meta":{"nf_dc_page":"","_bbp_topic_count":0,"_bbp_reply_count":0,"_bbp_total_topic_count":0,"_bbp_total_reply_count":0,"_bbp_voice_count":0,"_bbp_anonymous_reply_count":0,"_bbp_topic_count_hidden":0,"_bbp_reply_count_hidden":0,"_bbp_forum_subforum_count":0,"footnotes":""},"class_list":["post-9911","page","type-page","status-publish","hentry"],"_links":{"self":[{"href":"https:\/\/www.naturesgiftforlife.com\/fr\/wp-json\/wp\/v2\/pages\/9911","targetHints":{"allow":["GET"]}}],"collection":[{"href":"https:\/\/www.naturesgiftforlife.com\/fr\/wp-json\/wp\/v2\/pages"}],"about":[{"href":"https:\/\/www.naturesgiftforlife.com\/fr\/wp-json\/wp\/v2\/types\/page"}],"author":[{"embeddable":true,"href":"https:\/\/www.naturesgiftforlife.com\/fr\/wp-json\/wp\/v2\/users\/1"}],"replies":[{"embeddable":true,"href":"https:\/\/www.naturesgiftforlife.com\/fr\/wp-json\/wp\/v2\/comments?post=9911"}],"version-history":[{"count":0,"href":"https:\/\/www.naturesgiftforlife.com\/fr\/wp-json\/wp\/v2\/pages\/9911\/revisions"}],"wp:attachment":[{"href":"https:\/\/www.naturesgiftforlife.com\/fr\/wp-json\/wp\/v2\/media?parent=9911"}],"curies":[{"name":"wp","href":"https:\/\/api.w.org\/{rel}","templated":true}]}}