{"id":97,"date":"2020-08-13T13:24:29","date_gmt":"2020-08-13T13:24:29","guid":{"rendered":"https:\/\/test.projectilecm.com\/?page_id=97"},"modified":"2021-08-24T13:56:26","modified_gmt":"2021-08-24T13:56:26","slug":"shipping-rates","status":"publish","type":"page","link":"https:\/\/www.naturesgiftforlife.com\/fr\/shipping-rates\/","title":{"rendered":"Frais d&#039;envoi"},"content":{"rendered":"<div data-elementor-type=\"wp-page\" data-elementor-id=\"97\" class=\"elementor elementor-97\">\n\t\t\t\t\t\t<section class=\"elementor-section elementor-top-section elementor-element elementor-element-32a8d34 elementor-section-boxed elementor-section-height-default elementor-section-height-default\" data-id=\"32a8d34\" data-element_type=\"section\" data-e-type=\"section\" data-settings=\"{&quot;background_background&quot;:&quot;classic&quot;}\">\n\t\t\t\t\t\t<div class=\"elementor-container elementor-column-gap-default\">\n\t\t\t\t\t<div class=\"elementor-column elementor-col-100 elementor-top-column elementor-element elementor-element-93cb85b\" data-id=\"93cb85b\" data-element_type=\"column\" data-e-type=\"column\">\n\t\t\t<div class=\"elementor-widget-wrap elementor-element-populated\">\n\t\t\t\t\t\t<div class=\"elementor-element elementor-element-402143c elementor-widget elementor-widget-heading\" data-id=\"402143c\" data-element_type=\"widget\" data-e-type=\"widget\" data-widget_type=\"heading.default\">\n\t\t\t\t<div class=\"elementor-widget-container\">\n\t\t\t\t\t<h2 class=\"elementor-heading-title elementor-size-default\">TARIFS ET POLITIQUES D&#039;EXP\u00c9DITION Exp\u00e9dition domestique<\/h2>\t\t\t\t<\/div>\n\t\t\t\t<\/div>\n\t\t\t\t\t<\/div>\n\t\t<\/div>\n\t\t\t\t\t<\/div>\n\t\t<\/section>\n\t\t\t\t<section class=\"elementor-section elementor-top-section elementor-element elementor-element-daa5716 elementor-section-boxed elementor-section-height-default elementor-section-height-default\" data-id=\"daa5716\" data-element_type=\"section\" data-e-type=\"section\">\n\t\t\t\t\t\t<div class=\"elementor-container elementor-column-gap-default\">\n\t\t\t\t\t<div class=\"elementor-column elementor-col-100 elementor-top-column elementor-element elementor-element-f9390e1\" data-id=\"f9390e1\" data-element_type=\"column\" data-e-type=\"column\">\n\t\t\t<div class=\"elementor-widget-wrap elementor-element-populated\">\n\t\t\t\t\t\t<section class=\"elementor-section elementor-inner-section elementor-element elementor-element-7ae92e3 elementor-section-boxed elementor-section-height-default elementor-section-height-default\" data-id=\"7ae92e3\" data-element_type=\"section\" data-e-type=\"section\">\n\t\t\t\t\t\t<div class=\"elementor-container elementor-column-gap-default\">\n\t\t\t\t\t<div class=\"elementor-column elementor-col-50 elementor-inner-column elementor-element elementor-element-024831c\" data-id=\"024831c\" data-element_type=\"column\" data-e-type=\"column\">\n\t\t\t<div class=\"elementor-widget-wrap elementor-element-populated\">\n\t\t\t\t\t\t<div class=\"elementor-element elementor-element-96f293f elementor-widget elementor-widget-text-editor\" data-id=\"96f293f\" data-element_type=\"widget\" data-e-type=\"widget\" data-widget_type=\"text-editor.default\">\n\t\t\t\t<div class=\"elementor-widget-container\">\n\t\t\t\t\t\t\t\t\t<p><strong><span data-preserver-spaces=\"true\">Notre proc\u00e9dure d&#039;exp\u00e9dition:<\/span><\/strong><\/p><p><span data-preserver-spaces=\"true\">S&#039;applique \u00e0 l&#039;exp\u00e9dition dans le m\u00eame pays o\u00f9 Nature&#039;s Gift for Life poss\u00e8de des centres d&#039;affaires. \u2022<\/span><\/p><p><span data-preserver-spaces=\"true\">Standard (2-7 jours ouvrables selon votre emplacement) FCFA.1000<\/span><\/p><p><span data-preserver-spaces=\"true\">\u2022 VEUILLEZ NOTER: Il est conseill\u00e9 aux clients de r\u00e9cup\u00e9rer leurs produits au centre NG4L le plus proche s&#039;ils ont besoin d&#039;une livraison le jour m\u00eame.<\/span><\/p><p><span data-preserver-spaces=\"true\">Tout article en rupture de stock dans votre achat vous sera exp\u00e9di\u00e9 s\u00e9par\u00e9ment sans frais suppl\u00e9mentaires via la livraison standard, lorsqu&#039;ils seront disponibles.<\/span><\/p><h4><strong><span data-preserver-spaces=\"true\">Articles en rupture de stock:<\/span><\/strong><\/h4><ul><li><span data-preserver-spaces=\"true\">Tous les produits en stock sont g\u00e9n\u00e9ralement exp\u00e9di\u00e9s dans les 24 heures suivant la commande.<\/span><\/li><li><span data-preserver-spaces=\"true\">Lorsqu&#039;ils sont disponibles, les articles en rupture de stock seront exp\u00e9di\u00e9s gratuitement au client.<\/span><\/li><li><span data-preserver-spaces=\"true\">Les articles en rupture de stock nationaux sont g\u00e9n\u00e9ralement exp\u00e9di\u00e9s sous 3 \u00e0 10 jours ouvrables.<\/span><\/li><li><span data-preserver-spaces=\"true\">Tout article en rupture de stock retardera votre livraison internationale \u00e0 moins que vous ne contactiez un cadeau de la nature pour la vie<\/span><\/li><li><span data-preserver-spaces=\"true\">repr\u00e9sentant au (num\u00e9ro de t\u00e9l\u00e9phone \u00e0 venir),<\/span><\/li><li><span data-preserver-spaces=\"true\">par fax au (num\u00e9ro de fax \u00e0 venir) ou<\/span><\/li><li><span data-preserver-spaces=\"true\">e-mail \u00e0 sales@NG4LHEALTH.com.<\/span><\/li><li><span data-preserver-spaces=\"true\">Votre commande sera automatiquement exp\u00e9di\u00e9e lorsque tous les produits seront disponibles.<\/span><\/li><\/ul><h4><strong><span data-preserver-spaces=\"true\">D\u00e9tails d&#039;exp\u00e9dition suppl\u00e9mentaires:<\/span><\/strong><\/h4><p><strong><span data-preserver-spaces=\"true\">\u2022 O<\/span><\/strong><span data-preserver-spaces=\"true\">rders \u00e0 PO. Les bo\u00eetes, APO \/ FPO \/ DPO sont envoy\u00e9es uniquement via la poste. Cela s&#039;applique uniquement aux envois nationaux. Les envois internationaux ne peuvent pas \u00eatre exp\u00e9di\u00e9s vers un bon de commande. Bo\u00eete, APO \/ FPO \/ DPO. Une adresse postale compl\u00e8te doit \u00eatre fournie. \u2022 Nature&#039;s Gift for Life suit strictement toutes les r\u00e9glementations nationales et internationales concernant la vente, l&#039;achat et l&#039;exp\u00e9dition de tout produit ou ingr\u00e9dient de produit consid\u00e9r\u00e9 comme restreint ou interdit par toute loi.<\/span><\/p>\t\t\t\t\t\t\t\t<\/div>\n\t\t\t\t<\/div>\n\t\t\t\t\t<\/div>\n\t\t<\/div>\n\t\t\t\t<div class=\"elementor-column elementor-col-50 elementor-inner-column elementor-element elementor-element-6fe7f22\" data-id=\"6fe7f22\" data-element_type=\"column\" data-e-type=\"column\">\n\t\t\t<div class=\"elementor-widget-wrap elementor-element-populated\">\n\t\t\t\t\t\t<div class=\"elementor-element elementor-element-315be59 elementor-widget elementor-widget-text-editor\" data-id=\"315be59\" data-element_type=\"widget\" data-e-type=\"widget\" data-widget_type=\"text-editor.default\">\n\t\t\t\t<div class=\"elementor-widget-container\">\n\t\t\t\t\t\t\t\t\t<h4><b>Transport maritime international:<\/b><\/h4><p>\u2022 Pour le moment, toutes les commandes internationales sont exp\u00e9di\u00e9es via DHL ou UPS et prennent environ 7 \u00e0 10 jours pour la livraison, \u00e0 moins que votre adresse ne soit admissible \u00e0 d&#039;autres options d&#039;exp\u00e9dition DHL ou UPS. \u2022 Les tarifs varient en fonction du poids total et de la destination finale. Le prix n&#039;inclut pas les droits, les frais d&#039;assurance ou les taxes sur la valeur ajout\u00e9e. S&#039;ils sont \u00e9valu\u00e9s, ces frais sont \u00e0 la charge du destinataire du colis, qui sera factur\u00e9 par le bureau de douane local. \u2022 Nous vous informerons de toute complication avec votre carte de cr\u00e9dit. \u2022 Nature&#039;s Gift for Life suit strictement toutes les r\u00e9glementations nationales et internationales concernant la vente, l&#039;achat et l&#039;exp\u00e9dition de tout produit ou ingr\u00e9dient de produit consid\u00e9r\u00e9 comme restreint ou interdit par toute loi.<\/p><h4><b>Dans quels pays \/ r\u00e9gions livrez-vous?<\/b><\/h4><p>Nous exp\u00e9dions actuellement dans les pays \/ r\u00e9gions suivants. Si vous ne voyez pas votre pays \/ r\u00e9gion sur la liste, veuillez contacter un repr\u00e9sentant du service client\u00e8le au (num\u00e9ro de t\u00e9l\u00e9phone \u00e0 venir) ou par e-mail \u00e0 sales@NG4LHEALTH.com pour passer votre commande. Nature&#039;s Gift for Life suit strictement toutes les r\u00e9glementations nationales et internationales concernant la vente, l&#039;achat et l&#039;exp\u00e9dition de tout produit ou ingr\u00e9dient de produit consid\u00e9r\u00e9 comme restreint ou interdit par toute loi.<\/p><h4><b>Dans quels pays avez-vous Business Center?<\/b><\/h4><p>Cameroun<br \/>Nigeria<\/p><h4><b>Dans quels pays \/ r\u00e9gions livrez-vous?<\/b><\/h4><p>Nous exp\u00e9dions actuellement dans les pays \/ r\u00e9gions suivants. Si vous ne voyez pas votre pays \/ r\u00e9gion sur la liste, veuillez contacter un repr\u00e9sentant du service client\u00e8le au 9999999999 (carol) ou par e-mail \u00e0 sales@NG4LHEALTH.com pour passer votre commande. Nature&#039;s Gift for Life suit strictement toutes les r\u00e9glementations nationales et internationales concernant la vente, l&#039;achat et l&#039;exp\u00e9dition de tout produit ou ingr\u00e9dient de produit consid\u00e9r\u00e9 comme restreint ou interdit par toute loi.<\/p>\t\t\t\t\t\t\t\t<\/div>\n\t\t\t\t<\/div>\n\t\t\t\t\t<\/div>\n\t\t<\/div>\n\t\t\t\t\t<\/div>\n\t\t<\/section>\n\t\t\t\t<div class=\"elementor-element elementor-element-324e717 elementor-widget-divider--view-line elementor-widget elementor-widget-divider\" data-id=\"324e717\" data-element_type=\"widget\" data-e-type=\"widget\" data-widget_type=\"divider.default\">\n\t\t\t\t<div class=\"elementor-widget-container\">\n\t\t\t\t\t\t\t<div class=\"elementor-divider\">\n\t\t\t<span class=\"elementor-divider-separator\">\n\t\t\t\t\t\t<\/span>\n\t\t<\/div>\n\t\t\t\t\t\t<\/div>\n\t\t\t\t<\/div>\n\t\t\t\t\t<\/div>\n\t\t<\/div>\n\t\t\t\t\t<\/div>\n\t\t<\/section>\n\t\t\t\t<section class=\"elementor-section elementor-top-section elementor-element elementor-element-229007c elementor-section-boxed elementor-section-height-default elementor-section-height-default\" data-id=\"229007c\" data-element_type=\"section\" data-e-type=\"section\">\n\t\t\t\t\t\t<div class=\"elementor-container elementor-column-gap-default\">\n\t\t\t\t\t<div class=\"elementor-column elementor-col-100 elementor-top-column elementor-element elementor-element-a0865b5\" data-id=\"a0865b5\" data-element_type=\"column\" data-e-type=\"column\">\n\t\t\t<div class=\"elementor-widget-wrap elementor-element-populated\">\n\t\t\t\t\t\t<div class=\"elementor-element elementor-element-8d1fa9a elementor-widget elementor-widget-heading\" data-id=\"8d1fa9a\" data-element_type=\"widget\" data-e-type=\"widget\" data-widget_type=\"heading.default\">\n\t\t\t\t<div class=\"elementor-widget-container\">\n\t\t\t\t\t<h2 class=\"elementor-heading-title elementor-size-default\">Pays vers lesquels nous livrons<\/h2>\t\t\t\t<\/div>\n\t\t\t\t<\/div>\n\t\t\t\t\t<\/div>\n\t\t<\/div>\n\t\t\t\t\t<\/div>\n\t\t<\/section>\n\t\t\t\t<section class=\"elementor-section elementor-top-section elementor-element elementor-element-8078852 elementor-section-boxed elementor-section-height-default elementor-section-height-default\" data-id=\"8078852\" data-element_type=\"section\" data-e-type=\"section\">\n\t\t\t\t\t\t<div class=\"elementor-container elementor-column-gap-default\">\n\t\t\t\t\t<div class=\"elementor-column elementor-col-16 elementor-top-column elementor-element elementor-element-e96a893\" data-id=\"e96a893\" data-element_type=\"column\" data-e-type=\"column\">\n\t\t\t<div class=\"elementor-widget-wrap elementor-element-populated\">\n\t\t\t\t\t\t<div class=\"elementor-element elementor-element-fb38fb2 elementor-widget elementor-widget-text-editor\" data-id=\"fb38fb2\" data-element_type=\"widget\" data-e-type=\"widget\" data-widget_type=\"text-editor.default\">\n\t\t\t\t<div class=\"elementor-widget-container\">\n\t\t\t\t\t\t\t\t\t<p><span style=\"color: #008000;\"><strong>UNE<\/strong><\/span><br \/>Albanie<br \/>Alg\u00e9rie<br \/>Andorre<br \/>Angola<br \/>Anguilla<br \/>Antigua-et-Barbuda<br \/>Argentine<br \/>Arm\u00e9nie<br \/>Aruba<br \/>Australie<br \/>L&#039;Autriche<br \/>Azerba\u00efdjan<\/p>\t\t\t\t\t\t\t\t<\/div>\n\t\t\t\t<\/div>\n\t\t\t\t\t<\/div>\n\t\t<\/div>\n\t\t\t\t<div class=\"elementor-column elementor-col-16 elementor-top-column elementor-element elementor-element-bb5c3d5\" data-id=\"bb5c3d5\" data-element_type=\"column\" data-e-type=\"column\">\n\t\t\t<div class=\"elementor-widget-wrap elementor-element-populated\">\n\t\t\t\t\t\t<div class=\"elementor-element elementor-element-17b33ea elementor-widget elementor-widget-text-editor\" data-id=\"17b33ea\" data-element_type=\"widget\" data-e-type=\"widget\" data-widget_type=\"text-editor.default\">\n\t\t\t\t<div class=\"elementor-widget-container\">\n\t\t\t\t\t\t\t\t\t<p><span style=\"color: #008000;\"><strong>B<\/strong><\/span><br \/>Bahamas<br \/>Bahre\u00efn<br \/>Bangladesh<br \/>Barbade<br \/>Bi\u00e9lorussie<br \/>la Belgique<br \/>Belize<br \/>B\u00e9nin<br \/>Bermudes<br \/>Bolivie<br \/>Bosnie Herz\u00e9govine<br \/>Botswana<br \/>Br\u00e9sil<br \/>Brunei Darussalam<br \/>Burkina Faso<br \/>Burundi<\/p>\t\t\t\t\t\t\t\t<\/div>\n\t\t\t\t<\/div>\n\t\t\t\t\t<\/div>\n\t\t<\/div>\n\t\t\t\t<div class=\"elementor-column elementor-col-16 elementor-top-column elementor-element elementor-element-3374cf3\" data-id=\"3374cf3\" data-element_type=\"column\" data-e-type=\"column\">\n\t\t\t<div class=\"elementor-widget-wrap elementor-element-populated\">\n\t\t\t\t\t\t<div class=\"elementor-element elementor-element-e4a7c78 elementor-widget elementor-widget-text-editor\" data-id=\"e4a7c78\" data-element_type=\"widget\" data-e-type=\"widget\" data-widget_type=\"text-editor.default\">\n\t\t\t\t<div class=\"elementor-widget-container\">\n\t\t\t\t\t\t\t\t\t<p><strong><span style=\"color: #008000;\">C<\/span><\/strong><br \/>Cambodge<br \/>Cameroun<br \/>Canada<br \/>Cap-Vert<br \/>\u00celes Ca\u00efmans<br \/>R\u00e9publique centrafricaine<br \/>Tchad<br \/>Chili<br \/>Chine<br \/>Colombie<br \/>Congo, R\u00e9publique d\u00e9mocratique du (anciennement Za\u00efre)<br \/>Congo, R\u00e9publique populaire du<br \/>les \u00celes Cook<br \/>Costa Rica<br \/>C\u00f4te d&#039;Ivoire<br \/>Croatie (nom local: Hrvatska)<br \/>Chypre<br \/>R\u00e9publique tch\u00e8que<\/p>\t\t\t\t\t\t\t\t<\/div>\n\t\t\t\t<\/div>\n\t\t\t\t\t<\/div>\n\t\t<\/div>\n\t\t\t\t<div class=\"elementor-column elementor-col-16 elementor-top-column elementor-element elementor-element-9254be8\" data-id=\"9254be8\" data-element_type=\"column\" data-e-type=\"column\">\n\t\t\t<div class=\"elementor-widget-wrap elementor-element-populated\">\n\t\t\t\t\t\t<div class=\"elementor-element elementor-element-a7caf9a elementor-widget elementor-widget-text-editor\" data-id=\"a7caf9a\" data-element_type=\"widget\" data-e-type=\"widget\" data-widget_type=\"text-editor.default\">\n\t\t\t\t<div class=\"elementor-widget-container\">\n\t\t\t\t\t\t\t\t\t<p><span style=\"color: #008000;\"><strong>r\u00e9<\/strong><\/span><br \/>Danemark<br \/>Djibouti<br \/>Dominique<br \/>R\u00e9publique Dominicaine<br \/><span style=\"color: #008000;\"><strong>E<\/strong><\/span><br \/>Equateur<br \/>Egypte<br \/>Le Salvador<br \/>Guin\u00e9e \u00c9quatoriale<br \/>\u00c9rythr\u00e9e<br \/>Estonie<br \/>Ethiopie<br \/><span style=\"color: #008000;\"><strong>F<\/strong><\/span><br \/>\u00celes F\u00e9ro\u00e9<br \/>Fidji<br \/>Finlande<br \/>France<br \/>Guyane Fran\u00e7aise<br \/>Polyn\u00e9sie fran\u00e7aise<\/p>\t\t\t\t\t\t\t\t<\/div>\n\t\t\t\t<\/div>\n\t\t\t\t\t<\/div>\n\t\t<\/div>\n\t\t\t\t<div class=\"elementor-column elementor-col-16 elementor-top-column elementor-element elementor-element-b40f970\" data-id=\"b40f970\" data-element_type=\"column\" data-e-type=\"column\">\n\t\t\t<div class=\"elementor-widget-wrap elementor-element-populated\">\n\t\t\t\t\t\t<div class=\"elementor-element elementor-element-9494ff0 elementor-widget elementor-widget-text-editor\" data-id=\"9494ff0\" data-element_type=\"widget\" data-e-type=\"widget\" data-widget_type=\"text-editor.default\">\n\t\t\t\t<div class=\"elementor-widget-container\">\n\t\t\t\t\t\t\t\t\t<p><span style=\"color: #008000;\"><strong>g<\/strong><\/span><br \/>Gabon<br \/>Gambie<br \/>G\u00e9orgie<br \/>Ghana<br \/>Gibraltar<br \/>Gr\u00e8ce<br \/>Groenland<br \/>Grenade<br \/>Guadeloupe<br \/>Guatemala<br \/>Guin\u00e9e<br \/>Guin\u00e9e-Bissau<br \/>Guyane<br \/><span style=\"color: #008000;\"><strong>H<\/strong><\/span><br \/>Ha\u00efti<br \/>Honduras<br \/>Hong Kong<br \/>Hongrie<br \/><br \/><\/p>\t\t\t\t\t\t\t\t<\/div>\n\t\t\t\t<\/div>\n\t\t\t\t\t<\/div>\n\t\t<\/div>\n\t\t\t\t<div class=\"elementor-column elementor-col-16 elementor-top-column elementor-element elementor-element-17a8ec6\" data-id=\"17a8ec6\" data-element_type=\"column\" data-e-type=\"column\">\n\t\t\t<div class=\"elementor-widget-wrap elementor-element-populated\">\n\t\t\t\t\t\t<div class=\"elementor-element elementor-element-6d2cfdd elementor-widget elementor-widget-text-editor\" data-id=\"6d2cfdd\" data-element_type=\"widget\" data-e-type=\"widget\" data-widget_type=\"text-editor.default\">\n\t\t\t\t<div class=\"elementor-widget-container\">\n\t\t\t\t\t\t\t\t\t<p><span style=\"color: #008000;\"><strong>je<\/strong><\/span><br \/>Islande<br \/>Inde<br \/>Indon\u00e9sie<br \/>Irlande<br \/>Isra\u00ebl<br \/>Italie<br \/><span style=\"color: #008000;\"><strong>J<\/strong><\/span><br \/>Jama\u00efque<br \/>Japon<br \/>Jordan<br \/><span style=\"color: #008000;\"><strong>K<\/strong><\/span><br \/>Kazakhstan<br \/>Kenya<br \/>Kiribati<br \/>Cor\u00e9e, R\u00e9publique du Kowe\u00eft<br \/>Kirghizistan<\/p><p><span style=\"color: #008000;\"><strong>L<\/strong><\/span><br \/>Lettonie<br \/>Liban<br \/>Lesotho<br \/>Lib\u00e9ria<br \/>Liechtenstein<br \/>Lituanie<br \/>Luxembourg<\/p>\t\t\t\t\t\t\t\t<\/div>\n\t\t\t\t<\/div>\n\t\t\t\t\t<\/div>\n\t\t<\/div>\n\t\t\t\t\t<\/div>\n\t\t<\/section>\n\t\t\t\t<section class=\"elementor-section elementor-top-section elementor-element elementor-element-bd3def7 elementor-section-boxed elementor-section-height-default elementor-section-height-default\" data-id=\"bd3def7\" data-element_type=\"section\" data-e-type=\"section\">\n\t\t\t\t\t\t<div class=\"elementor-container elementor-column-gap-default\">\n\t\t\t\t\t<div class=\"elementor-column elementor-col-20 elementor-top-column elementor-element elementor-element-aaa1d0f\" data-id=\"aaa1d0f\" data-element_type=\"column\" data-e-type=\"column\">\n\t\t\t<div class=\"elementor-widget-wrap elementor-element-populated\">\n\t\t\t\t\t\t<div class=\"elementor-element elementor-element-046707c elementor-widget elementor-widget-text-editor\" data-id=\"046707c\" data-element_type=\"widget\" data-e-type=\"widget\" data-widget_type=\"text-editor.default\">\n\t\t\t\t<div class=\"elementor-widget-container\">\n\t\t\t\t\t\t\t\t\t<p><br \/><strong><span style=\"color: #008000;\">M<\/span><\/strong><br \/>Macao<br \/>Mac\u00e9doine, ancienne R\u00e9publique yougoslave de<br \/>Madagascar<br \/>Malawi<br \/>Malaisie<br \/>Maldives<br \/>Mali<br \/>Malte<br \/>Iles Marshall<br \/>Martinique<br \/>Mauritanie<br \/>Ile Maurice<br \/>Mexique<br \/>Micron\u00e9sie, \u00c9tats f\u00e9d\u00e9r\u00e9s de<br \/>Moldova, R\u00e9publique de<br \/>Monaco<br \/>Montserrat<br \/>Maroc<br \/>Mozambique<\/p>\t\t\t\t\t\t\t\t<\/div>\n\t\t\t\t<\/div>\n\t\t\t\t\t<\/div>\n\t\t<\/div>\n\t\t\t\t<div class=\"elementor-column elementor-col-20 elementor-top-column elementor-element elementor-element-caf3bef\" data-id=\"caf3bef\" data-element_type=\"column\" data-e-type=\"column\">\n\t\t\t<div class=\"elementor-widget-wrap elementor-element-populated\">\n\t\t\t\t\t\t<div class=\"elementor-element elementor-element-18e522a elementor-widget elementor-widget-text-editor\" data-id=\"18e522a\" data-element_type=\"widget\" data-e-type=\"widget\" data-widget_type=\"text-editor.default\">\n\t\t\t\t<div class=\"elementor-widget-container\">\n\t\t\t\t\t\t\t\t\t<p><span style=\"color: #008000;\">N<\/span><br \/>Namibie<br \/>N\u00e9pal<br \/>Antilles n\u00e9erlandaises<br \/>Nouvelle Cal\u00e9donie<br \/>Nouvelle-Z\u00e9lande<br \/>Nicaragua<br \/>Niger<br \/>Nigeria<br \/>l&#039;ile de Norfolk<br \/>O Oman<br \/><strong><span style=\"color: #008000;\">P<\/span><\/strong><br \/>Pakistan<br \/>Panama<br \/>Papouasie Nouvelle Guin\u00e9e<br \/>Paraguay<br \/>P\u00e9rou<br \/>Philippines<br \/>Pologne<br \/>Portugual, Maderia et A\u00e7ores<\/p><p><span style=\"color: #444444; font-family: 'Helvetica Neue', Helvetica, Arial, sans-serif; font-size: 13px; background-color: #ffffff;\"><span style=\"color: #008000;\"><strong>Q<\/strong> <\/span><\/span><\/p><p><span style=\"color: #444444; font-family: 'Helvetica Neue', Helvetica, Arial, sans-serif; font-size: 13px; background-color: #ffffff;\">Qatar<\/span><br style=\"margin: 0px; padding: 0px; outline: none; color: #444444; font-family: 'Helvetica Neue', Helvetica, Arial, sans-serif; font-size: 13px; background-color: #ffffff;\" \/><span style=\"color: #008000;\"><strong><span style=\"font-family: 'Helvetica Neue', Helvetica, Arial, sans-serif; font-size: 13px; background-color: #ffffff;\">R<\/span><\/strong><\/span><br style=\"margin: 0px; padding: 0px; outline: none; color: #444444; font-family: 'Helvetica Neue', Helvetica, Arial, sans-serif; font-size: 13px; background-color: #ffffff;\" \/><span style=\"color: #444444; font-family: 'Helvetica Neue', Helvetica, Arial, sans-serif; font-size: 13px; background-color: #ffffff;\">R\u00e9union<\/span><br style=\"margin: 0px; padding: 0px; outline: none; color: #444444; font-family: 'Helvetica Neue', Helvetica, Arial, sans-serif; font-size: 13px; background-color: #ffffff;\" \/><span style=\"color: #444444; font-family: 'Helvetica Neue', Helvetica, Arial, sans-serif; font-size: 13px; background-color: #ffffff;\">Roumanie<\/span><br style=\"margin: 0px; padding: 0px; outline: none; color: #444444; font-family: 'Helvetica Neue', Helvetica, Arial, sans-serif; font-size: 13px; background-color: #ffffff;\" \/><span style=\"color: #444444; font-family: 'Helvetica Neue', Helvetica, Arial, sans-serif; font-size: 13px; background-color: #ffffff;\">F\u00e9d\u00e9ration Russe<\/span><br style=\"margin: 0px; padding: 0px; outline: none; color: #444444; font-family: 'Helvetica Neue', Helvetica, Arial, sans-serif; font-size: 13px; background-color: #ffffff;\" \/><span style=\"color: #444444; font-family: 'Helvetica Neue', Helvetica, Arial, sans-serif; font-size: 13px; background-color: #ffffff;\">Rwanda<\/span><\/p><p>\u00a0<\/p>\t\t\t\t\t\t\t\t<\/div>\n\t\t\t\t<\/div>\n\t\t\t\t\t<\/div>\n\t\t<\/div>\n\t\t\t\t<div class=\"elementor-column elementor-col-20 elementor-top-column elementor-element elementor-element-61fec1f\" data-id=\"61fec1f\" data-element_type=\"column\" data-e-type=\"column\">\n\t\t\t<div class=\"elementor-widget-wrap elementor-element-populated\">\n\t\t\t\t\t\t<div class=\"elementor-element elementor-element-1cfebc9 elementor-widget elementor-widget-text-editor\" data-id=\"1cfebc9\" data-element_type=\"widget\" data-e-type=\"widget\" data-widget_type=\"text-editor.default\">\n\t\t\t\t<div class=\"elementor-widget-container\">\n\t\t\t\t\t\t\t\t\t<p><strong><span style=\"color: #008000;\">S<\/span><\/strong><\/p><p>Saint-Christophe-et-Ni\u00e9v\u00e8s<br \/>Sainte-Lucie<br \/>Saint-Vincent-et-les-Grenadines<br \/>Samoa<br \/>Saint Marin<br \/>Arabie Saoudite<br \/>S\u00e9n\u00e9gal<br \/>les Seychelles<br \/>Sierra Leone<br \/>Singapour<br \/>Slovaquie (R\u00e9publique slovaque)<br \/>Slov\u00e9nie<br \/>Les \u00eeles Salomon<br \/>Afrique du Sud<br \/>Sri Lanka<br \/>Suriname<br \/>Swaziland<br \/>Su\u00e8de<br \/>la Suisse<br \/>R\u00e9publique arabe syrienne<\/p>\t\t\t\t\t\t\t\t<\/div>\n\t\t\t\t<\/div>\n\t\t\t\t\t<\/div>\n\t\t<\/div>\n\t\t\t\t<div class=\"elementor-column elementor-col-20 elementor-top-column elementor-element elementor-element-dc9aa74\" data-id=\"dc9aa74\" data-element_type=\"column\" data-e-type=\"column\">\n\t\t\t<div class=\"elementor-widget-wrap elementor-element-populated\">\n\t\t\t\t\t\t<div class=\"elementor-element elementor-element-69888d5 elementor-widget elementor-widget-text-editor\" data-id=\"69888d5\" data-element_type=\"widget\" data-e-type=\"widget\" data-widget_type=\"text-editor.default\">\n\t\t\t\t<div class=\"elementor-widget-container\">\n\t\t\t\t\t\t\t\t\t<p><span style=\"color: #008000;\"><strong>T<\/strong><\/span><\/p><p>Ta\u00efwan<br \/>Tadjikistan<br \/>Tanzanie, R\u00e9publique-Unie de<br \/>Tha\u00eflande<br \/>Aller<br \/>Trinit\u00e9-et-Tobago<br \/>Tunisie<br \/>dinde<br \/>Turkm\u00e9nistan<br \/>\u00celes Turks &amp; Caicos<br \/>Tuvalu<br \/><span style=\"color: #008000;\"><strong>U<\/strong><\/span><br \/>Ouganda<br \/>Ukraine<br \/>Emirats Arabes Unis<br \/>Royaume-Uni<br \/>\u00c9tats Unis<br \/>Uruguay<br \/>Ouzb\u00e9kistan<br \/><br \/><\/p>\t\t\t\t\t\t\t\t<\/div>\n\t\t\t\t<\/div>\n\t\t\t\t\t<\/div>\n\t\t<\/div>\n\t\t\t\t<div class=\"elementor-column elementor-col-20 elementor-top-column elementor-element elementor-element-fe69181\" data-id=\"fe69181\" data-element_type=\"column\" data-e-type=\"column\">\n\t\t\t<div class=\"elementor-widget-wrap elementor-element-populated\">\n\t\t\t\t\t\t<div class=\"elementor-element elementor-element-0034b49 elementor-widget elementor-widget-text-editor\" data-id=\"0034b49\" data-element_type=\"widget\" data-e-type=\"widget\" data-widget_type=\"text-editor.default\">\n\t\t\t\t<div class=\"elementor-widget-container\">\n\t\t\t\t\t\t\t\t\t<p><span style=\"color: #008000;\"><strong>V<\/strong><\/span><br \/>Vanuatu<br \/>Venezuela<br \/>Vietnam<br \/><span style=\"color: #008000;\"><strong>W<\/strong><\/span><br \/>Iles Wallis et Futuna<br \/><span style=\"color: #008000;\"><strong>Oui<\/strong><\/span><br \/>Y\u00e9men<br \/>Yougoslavie<br \/><span style=\"color: #008000;\"><strong>Z<\/strong><\/span><br \/>Zambie<br \/>Zimbabwe<\/p>\t\t\t\t\t\t\t\t<\/div>\n\t\t\t\t<\/div>\n\t\t\t\t\t<\/div>\n\t\t<\/div>\n\t\t\t\t\t<\/div>\n\t\t<\/section>\n\t\t\t\t<\/div>","protected":false},"excerpt":{"rendered":"<p>SHIPPING RATES AND POLICIES Domestic Shipping Our shipping procedure: Applies to shipping within the same country where Nature\u2019s Gift for Life has business centers.\u2022 Standard (2-7 Business days depending on<\/p>","protected":false},"author":1,"featured_media":0,"parent":0,"menu_order":0,"comment_status":"closed","ping_status":"closed","template":"elementor_header_footer","meta":{"nf_dc_page":"","_bbp_topic_count":0,"_bbp_reply_count":0,"_bbp_total_topic_count":0,"_bbp_total_reply_count":0,"_bbp_voice_count":0,"_bbp_anonymous_reply_count":0,"_bbp_topic_count_hidden":0,"_bbp_reply_count_hidden":0,"_bbp_forum_subforum_count":0,"footnotes":""},"class_list":["post-97","page","type-page","status-publish","hentry"],"_links":{"self":[{"href":"https:\/\/www.naturesgiftforlife.com\/fr\/wp-json\/wp\/v2\/pages\/97","targetHints":{"allow":["GET"]}}],"collection":[{"href":"https:\/\/www.naturesgiftforlife.com\/fr\/wp-json\/wp\/v2\/pages"}],"about":[{"href":"https:\/\/www.naturesgiftforlife.com\/fr\/wp-json\/wp\/v2\/types\/page"}],"author":[{"embeddable":true,"href":"https:\/\/www.naturesgiftforlife.com\/fr\/wp-json\/wp\/v2\/users\/1"}],"replies":[{"embeddable":true,"href":"https:\/\/www.naturesgiftforlife.com\/fr\/wp-json\/wp\/v2\/comments?post=97"}],"version-history":[{"count":0,"href":"https:\/\/www.naturesgiftforlife.com\/fr\/wp-json\/wp\/v2\/pages\/97\/revisions"}],"wp:attachment":[{"href":"https:\/\/www.naturesgiftforlife.com\/fr\/wp-json\/wp\/v2\/media?parent=97"}],"curies":[{"name":"wp","href":"https:\/\/api.w.org\/{rel}","templated":true}]}}